{"id":11997,"date":"2022-09-27T20:52:47","date_gmt":"2022-09-27T20:52:47","guid":{"rendered":"https:\/\/boutique-one-piece.com\/uncategorized\/drapeau-equipage-de-barbe-blanche\/"},"modified":"2024-09-16T12:44:54","modified_gmt":"2024-09-16T12:44:54","slug":"whitebeards-besattningsflagga","status":"publish","type":"product","link":"https:\/\/boutique-one-piece.com\/sv\/one-piece-dekorationer\/one-piece-flaggor\/whitebeards-besattningsflagga\/","title":{"rendered":"Whitebeards bes\u00e4ttningsflagga"},"content":{"rendered":"<h2>Unge pirat, g\u00f6r anspr\u00e5k p\u00e5 din trohet. F\u00f6r att g\u00f6ra det, visa stolt upp denna Vitsk\u00e4ggspiratflagga.<\/h2>\n<p><strong>L\u2019\u00c9quipage de Barbe Blanche<\/strong> \u00e9tait anciennement l\u2019\u00e9quipage pirate le plus puissant du monde. Il avait comme capitaine Edward Newgate alias Barbe Blanche, le seul pirate ayant pu rivaliser avec le Roi des Pirates, Gol D. Roger lors d\u2019un combat. L\u2019\u00e9quipage a au moins quarante-sept \u00e9quipages alli\u00e9s dans le Nouveau Monde. Suite \u00e0 <strong>Whitebeards d\u00f6d<\/strong> et d\u2019Ace \u00e0 Marine Ford, les membres restants de l\u2019\u00e9quipage affront\u00e8rent les pirates de l\u2019\u00e9quipage de Barbe Noire durant la Guerre de Repr\u00e9sailles, o\u00f9 ils furent vaincus brutalement. Par la suite, ce dernier conquit les territoires de Barbe Blanche et Marshall D. Teach usurpa la position d\u2019empereur du d\u00e9funt pirate.<\/p>\n<p>Par cons\u00e9quent, l\u2019\u00e9quipage de Barbe Blanche perdit la plupart de son influence et de sa force. Petite anecdote concernant <strong>denna bes\u00e4ttnings flagga<\/strong> ; Le drapeau original du pirate Barbe Blanche \u00e9tait un svastika avec un visage dot\u00e9 d\u2019une \u00e9norme moustache, mais comme celui-ci faisait trop penser \u00e0 une croix gamm\u00e9e, Oda a d\u00fb le modifier par une simple croix en os, plus classique et beaucoup moins symbolique\u2026 D\u2019ailleurs, le <a title=\"Svartsk\u00e4ggs bes\u00e4ttningsflagg\" href=\"https:\/\/boutique-one-piece.com\/sv\/svartskaggs-besattningsflagga\/\" target=\"_blank\" rel=\"noopener\">drapeau de l\u2019\u00c9quipage de Barbe de Noire<\/a> \u00e4r inom r\u00e4ckh\u00e5ll.<\/p>\n<h3>Alors, conquis par le drapeau de l\u2019\u00c9quipage de Barbe Blanche ? M\u00eame si l\u2019histoire finit mal pour cet \u00e9quipage, tu es en droit de revendiquer ton appartenance pour cet \u00e9quipage qui \u00e9tait la plus puissante au monde.<\/h3>\n<p>Oavsett om du \u00e4r ett inbitet fan eller en seri\u00f6s samlare, dessa <strong>mytiska f\u00f6rem\u00e5l<\/strong> sont forc\u00e9ment faits pour toi. Ils te permettront de te replonger encore et encore au sein de ton univers anim\u00e9 favori. Alors, n\u2019attends plus et saute sur l\u2019occasion de devenir un pirate de renom au sein de cet <strong>fantastiskt universum<\/strong>.<\/p>\n<h2>Informations sur le Drapeau de l\u2019\u00c9quipage de Edward Newgate :<\/h2>\n<ul>\n<li>\n<strong><u>One Piece-flaggan<\/u><\/strong>\u00a0En \u00e4kta One Piece piratflagga f\u00f6r riktiga fans<\/li>\n<\/ul>\n<ul>\n<li>\n<strong>H\u00f6gkvalitativ utskrift<\/strong>\u00a0exakta f\u00e4rger<\/li>\n<\/ul>\n<ul>\n<li>\n<strong>Materia<\/strong> Polyester<\/li>\n<\/ul>\n<ul>\n<li>\n<strong>Dimensionera<\/strong>\u00a065 cm x 90<\/li>\n<\/ul>\n<ul>\n<li><strong>FRI LEVERANS<\/strong><\/li>\n<\/ul>","protected":false},"excerpt":{"rendered":"<p>Jeune pirate, revendique ton appartenance. Pour ce faire, arbore fi\u00e8rement ce Drapeau \u00c9quipage de Barbe Blanche. L\u2019\u00c9quipage de Barbe Blanche \u00e9tait anciennement l\u2019\u00e9quipage pirate le plus puissant du monde. Il avait comme capitaine Edward Newgate alias Barbe Blanche, le seul pirate ayant pu rivaliser avec le Roi des Pirates, Gol D. Roger lors d\u2019un combat. [&hellip;]<\/p>","protected":false},"featured_media":11999,"comment_status":"open","ping_status":"open","template":"","meta":[],"product_brand":[],"product_cat":[212],"product_tag":[199],"class_list":{"0":"post-11997","1":"product","2":"type-product","3":"status-publish","4":"has-post-thumbnail","6":"product_cat-drapeaux-one-piece","7":"product_tag-barbe-blanche","9":"first","10":"instock","11":"purchasable","12":"product-type-simple"},"yoast_head":"<!-- This site is optimized with the Yoast SEO plugin v27.5 - https:\/\/yoast.com\/product\/yoast-seo-wordpress\/ -->\n<title>Drapeau \u00c9quipage de Barbe Blanche | Boutique One Piece<\/title>\n<meta name=\"description\" content=\"D\u00e9couvrez le Drapeau One Piece Barbe Blanche, d\u00e9corez votre pi\u00e8ce en portant les couleurs de Barbe Blanche ! Commencez votre aventure recherche du One Piece dans l&#039;\u00e9quipage de Barbe Blanche\" \/>\n<meta name=\"robots\" content=\"index, follow, max-snippet:-1, max-image-preview:large, max-video-preview:-1\" \/>\n<link rel=\"canonical\" href=\"https:\/\/boutique-one-piece.com\/sv\/one-piece-dekorationer\/one-piece-flaggor\/whitebeards-besattningsflagga\/\" \/>\n<meta property=\"og:locale\" content=\"sv_SE\" \/>\n<meta property=\"og:type\" content=\"article\" \/>\n<meta property=\"og:title\" content=\"Drapeau \u00c9quipage de Barbe Blanche | Boutique One Piece\" \/>\n<meta property=\"og:description\" content=\"D\u00e9couvrez le Drapeau One Piece Barbe Blanche, d\u00e9corez votre pi\u00e8ce en portant les couleurs de Barbe Blanche ! Commencez votre aventure recherche du One Piece dans l&#039;\u00e9quipage de Barbe Blanche\" \/>\n<meta property=\"og:url\" content=\"https:\/\/boutique-one-piece.com\/sv\/one-piece-dekorationer\/one-piece-flaggor\/whitebeards-besattningsflagga\/\" \/>\n<meta property=\"og:site_name\" content=\"Boutique One Piece\" \/>\n<meta property=\"article:modified_time\" content=\"2024-09-16T12:44:54+00:00\" \/>\n<meta property=\"og:image\" content=\"https:\/\/boutique-one-piece.com\/wp-content\/uploads\/2022\/09\/Drapeau-Equipage-de-Barbe-Blanche-1.jpg\" \/>\n\t<meta property=\"og:image:width\" content=\"800\" \/>\n\t<meta property=\"og:image:height\" content=\"800\" \/>\n\t<meta property=\"og:image:type\" content=\"image\/jpeg\" \/>\n<meta name=\"twitter:card\" content=\"summary_large_image\" \/>\n<meta name=\"twitter:label1\" content=\"Ber\u00e4knad l\u00e4stid\" \/>\n\t<meta name=\"twitter:data1\" content=\"2 minuter\" \/>\n<script type=\"application\/ld+json\" class=\"yoast-schema-graph\">{\"@context\":\"https:\\\/\\\/schema.org\",\"@graph\":[{\"@type\":\"WebPage\",\"@id\":\"https:\\\/\\\/boutique-one-piece.com\\\/decorations-one-piece\\\/drapeaux-one-piece\\\/drapeau-equipage-de-barbe-blanche\\\/\",\"url\":\"https:\\\/\\\/boutique-one-piece.com\\\/decorations-one-piece\\\/drapeaux-one-piece\\\/drapeau-equipage-de-barbe-blanche\\\/\",\"name\":\"Drapeau \u00c9quipage de Barbe Blanche | Boutique One Piece\",\"isPartOf\":{\"@id\":\"https:\\\/\\\/boutique-one-piece.com\\\/#website\"},\"primaryImageOfPage\":{\"@id\":\"https:\\\/\\\/boutique-one-piece.com\\\/decorations-one-piece\\\/drapeaux-one-piece\\\/drapeau-equipage-de-barbe-blanche\\\/#primaryimage\"},\"image\":{\"@id\":\"https:\\\/\\\/boutique-one-piece.com\\\/decorations-one-piece\\\/drapeaux-one-piece\\\/drapeau-equipage-de-barbe-blanche\\\/#primaryimage\"},\"thumbnailUrl\":\"https:\\\/\\\/boutique-one-piece.com\\\/wp-content\\\/uploads\\\/2022\\\/09\\\/Drapeau-Equipage-de-Barbe-Blanche-1.jpg\",\"datePublished\":\"2022-09-27T20:52:47+00:00\",\"dateModified\":\"2024-09-16T12:44:54+00:00\",\"description\":\"D\u00e9couvrez le Drapeau One Piece Barbe Blanche, d\u00e9corez votre pi\u00e8ce en portant les couleurs de Barbe Blanche ! Commencez votre aventure recherche du One Piece dans l'\u00e9quipage de Barbe Blanche\",\"breadcrumb\":{\"@id\":\"https:\\\/\\\/boutique-one-piece.com\\\/decorations-one-piece\\\/drapeaux-one-piece\\\/drapeau-equipage-de-barbe-blanche\\\/#breadcrumb\"},\"inLanguage\":\"sv-SE\",\"potentialAction\":[{\"@type\":\"ReadAction\",\"target\":[\"https:\\\/\\\/boutique-one-piece.com\\\/decorations-one-piece\\\/drapeaux-one-piece\\\/drapeau-equipage-de-barbe-blanche\\\/\"]}]},{\"@type\":\"ImageObject\",\"inLanguage\":\"sv-SE\",\"@id\":\"https:\\\/\\\/boutique-one-piece.com\\\/decorations-one-piece\\\/drapeaux-one-piece\\\/drapeau-equipage-de-barbe-blanche\\\/#primaryimage\",\"url\":\"https:\\\/\\\/boutique-one-piece.com\\\/wp-content\\\/uploads\\\/2022\\\/09\\\/Drapeau-Equipage-de-Barbe-Blanche-1.jpg\",\"contentUrl\":\"https:\\\/\\\/boutique-one-piece.com\\\/wp-content\\\/uploads\\\/2022\\\/09\\\/Drapeau-Equipage-de-Barbe-Blanche-1.jpg\",\"width\":800,\"height\":800},{\"@type\":\"BreadcrumbList\",\"@id\":\"https:\\\/\\\/boutique-one-piece.com\\\/decorations-one-piece\\\/drapeaux-one-piece\\\/drapeau-equipage-de-barbe-blanche\\\/#breadcrumb\",\"itemListElement\":[{\"@type\":\"ListItem\",\"position\":1,\"name\":\"Home\",\"item\":\"https:\\\/\\\/boutique-one-piece.com\\\/\"},{\"@type\":\"ListItem\",\"position\":2,\"name\":\"Shop\",\"item\":\"https:\\\/\\\/boutique-one-piece.com\\\/shop\\\/\"},{\"@type\":\"ListItem\",\"position\":3,\"name\":\"Drapeau \u00c9quipage de Barbe Blanche\"}]},{\"@type\":\"WebSite\",\"@id\":\"https:\\\/\\\/boutique-one-piece.com\\\/#website\",\"url\":\"https:\\\/\\\/boutique-one-piece.com\\\/\",\"name\":\"Boutique One Piece\",\"description\":\"Magasin Sp\u00e9cialis\u00e9 du Manga et l&#039;Anime One Piece\",\"publisher\":{\"@id\":\"https:\\\/\\\/boutique-one-piece.com\\\/#organization\"},\"potentialAction\":[{\"@type\":\"SearchAction\",\"target\":{\"@type\":\"EntryPoint\",\"urlTemplate\":\"https:\\\/\\\/boutique-one-piece.com\\\/?s={search_term_string}\"},\"query-input\":{\"@type\":\"PropertyValueSpecification\",\"valueRequired\":true,\"valueName\":\"search_term_string\"}}],\"inLanguage\":\"sv-SE\"},{\"@type\":\"Organization\",\"@id\":\"https:\\\/\\\/boutique-one-piece.com\\\/#organization\",\"name\":\"Boutique One Piece\",\"url\":\"https:\\\/\\\/boutique-one-piece.com\\\/\",\"logo\":{\"@type\":\"ImageObject\",\"inLanguage\":\"sv-SE\",\"@id\":\"https:\\\/\\\/boutique-one-piece.com\\\/#\\\/schema\\\/logo\\\/image\\\/\",\"url\":\"https:\\\/\\\/boutique-one-piece.com\\\/wp-content\\\/uploads\\\/2022\\\/09\\\/Logo-01.png\",\"contentUrl\":\"https:\\\/\\\/boutique-one-piece.com\\\/wp-content\\\/uploads\\\/2022\\\/09\\\/Logo-01.png\",\"width\":2318,\"height\":957,\"caption\":\"Boutique One Piece\"},\"image\":{\"@id\":\"https:\\\/\\\/boutique-one-piece.com\\\/#\\\/schema\\\/logo\\\/image\\\/\"}}]}<\/script>\n<!-- \/ Yoast SEO plugin. -->","yoast_head_json":{"title":"Whitebeard Pirates Flag | One Piece Shop","description":"Uppt\u00e4ck One Piece Whitebeard-flaggan, dekorera ditt rum med Whitebeards f\u00e4rger! B\u00f6rja ditt \u00e4ventyr med att leta efter One Piece med Whitebeards g\u00e4ng.","robots":{"index":"index","follow":"follow","max-snippet":"max-snippet:-1","max-image-preview":"max-image-preview:large","max-video-preview":"max-video-preview:-1"},"canonical":"https:\/\/boutique-one-piece.com\/sv\/one-piece-dekorationer\/one-piece-flaggor\/whitebeards-besattningsflagga\/","og_locale":"sv_SE","og_type":"article","og_title":"Drapeau \u00c9quipage de Barbe Blanche | Boutique One Piece","og_description":"D\u00e9couvrez le Drapeau One Piece Barbe Blanche, d\u00e9corez votre pi\u00e8ce en portant les couleurs de Barbe Blanche ! Commencez votre aventure recherche du One Piece dans l'\u00e9quipage de Barbe Blanche","og_url":"https:\/\/boutique-one-piece.com\/sv\/one-piece-dekorationer\/one-piece-flaggor\/whitebeards-besattningsflagga\/","og_site_name":"Boutique One Piece","article_modified_time":"2024-09-16T12:44:54+00:00","og_image":[{"width":800,"height":800,"url":"https:\/\/boutique-one-piece.com\/wp-content\/uploads\/2022\/09\/Drapeau-Equipage-de-Barbe-Blanche-1.jpg","type":"image\/jpeg"}],"twitter_card":"summary_large_image","twitter_misc":{"Ber\u00e4knad l\u00e4stid":"2 minuter"},"schema":{"@context":"https:\/\/schema.org","@graph":[{"@type":"WebPage","@id":"https:\/\/boutique-one-piece.com\/decorations-one-piece\/drapeaux-one-piece\/drapeau-equipage-de-barbe-blanche\/","url":"https:\/\/boutique-one-piece.com\/decorations-one-piece\/drapeaux-one-piece\/drapeau-equipage-de-barbe-blanche\/","name":"Whitebeard Pirates Flag | One Piece Shop","isPartOf":{"@id":"https:\/\/boutique-one-piece.com\/#website"},"primaryImageOfPage":{"@id":"https:\/\/boutique-one-piece.com\/decorations-one-piece\/drapeaux-one-piece\/drapeau-equipage-de-barbe-blanche\/#primaryimage"},"image":{"@id":"https:\/\/boutique-one-piece.com\/decorations-one-piece\/drapeaux-one-piece\/drapeau-equipage-de-barbe-blanche\/#primaryimage"},"thumbnailUrl":"https:\/\/boutique-one-piece.com\/wp-content\/uploads\/2022\/09\/Drapeau-Equipage-de-Barbe-Blanche-1.jpg","datePublished":"2022-09-27T20:52:47+00:00","dateModified":"2024-09-16T12:44:54+00:00","description":"Uppt\u00e4ck One Piece Whitebeard-flaggan, dekorera ditt rum med Whitebeards f\u00e4rger! B\u00f6rja ditt \u00e4ventyr med att leta efter One Piece med Whitebeards g\u00e4ng.","breadcrumb":{"@id":"https:\/\/boutique-one-piece.com\/decorations-one-piece\/drapeaux-one-piece\/drapeau-equipage-de-barbe-blanche\/#breadcrumb"},"inLanguage":"sv-SE","potentialAction":[{"@type":"ReadAction","target":["https:\/\/boutique-one-piece.com\/decorations-one-piece\/drapeaux-one-piece\/drapeau-equipage-de-barbe-blanche\/"]}]},{"@type":"ImageObject","inLanguage":"sv-SE","@id":"https:\/\/boutique-one-piece.com\/decorations-one-piece\/drapeaux-one-piece\/drapeau-equipage-de-barbe-blanche\/#primaryimage","url":"https:\/\/boutique-one-piece.com\/wp-content\/uploads\/2022\/09\/Drapeau-Equipage-de-Barbe-Blanche-1.jpg","contentUrl":"https:\/\/boutique-one-piece.com\/wp-content\/uploads\/2022\/09\/Drapeau-Equipage-de-Barbe-Blanche-1.jpg","width":800,"height":800},{"@type":"BreadcrumbList","@id":"https:\/\/boutique-one-piece.com\/decorations-one-piece\/drapeaux-one-piece\/drapeau-equipage-de-barbe-blanche\/#breadcrumb","itemListElement":[{"@type":"ListItem","position":1,"name":"Home","item":"https:\/\/boutique-one-piece.com\/"},{"@type":"ListItem","position":2,"name":"Shop","item":"https:\/\/boutique-one-piece.com\/shop\/"},{"@type":"ListItem","position":3,"name":"Drapeau \u00c9quipage de Barbe Blanche"}]},{"@type":"WebSite","@id":"https:\/\/boutique-one-piece.com\/#website","url":"https:\/\/boutique-one-piece.com\/","name":"One Piece-butik","description":"Specialbutik f\u00f6r One Piece Manga och Anime","publisher":{"@id":"https:\/\/boutique-one-piece.com\/#organization"},"potentialAction":[{"@type":"SearchAction","target":{"@type":"EntryPoint","urlTemplate":"https:\/\/boutique-one-piece.com\/?s={search_term_string}"},"query-input":{"@type":"PropertyValueSpecification","valueRequired":true,"valueName":"search_term_string"}}],"inLanguage":"sv-SE"},{"@type":"Organization","@id":"https:\/\/boutique-one-piece.com\/#organization","name":"One Piece-butik","url":"https:\/\/boutique-one-piece.com\/","logo":{"@type":"ImageObject","inLanguage":"sv-SE","@id":"https:\/\/boutique-one-piece.com\/#\/schema\/logo\/image\/","url":"https:\/\/boutique-one-piece.com\/wp-content\/uploads\/2022\/09\/Logo-01.png","contentUrl":"https:\/\/boutique-one-piece.com\/wp-content\/uploads\/2022\/09\/Logo-01.png","width":2318,"height":957,"caption":"Boutique One Piece"},"image":{"@id":"https:\/\/boutique-one-piece.com\/#\/schema\/logo\/image\/"}}]}},"_links":{"self":[{"href":"https:\/\/boutique-one-piece.com\/sv\/wp-json\/wp\/v2\/product\/11997","targetHints":{"allow":["GET"]}}],"collection":[{"href":"https:\/\/boutique-one-piece.com\/sv\/wp-json\/wp\/v2\/product"}],"about":[{"href":"https:\/\/boutique-one-piece.com\/sv\/wp-json\/wp\/v2\/types\/product"}],"replies":[{"embeddable":true,"href":"https:\/\/boutique-one-piece.com\/sv\/wp-json\/wp\/v2\/comments?post=11997"}],"wp:featuredmedia":[{"embeddable":true,"href":"https:\/\/boutique-one-piece.com\/sv\/wp-json\/wp\/v2\/media\/11999"}],"wp:attachment":[{"href":"https:\/\/boutique-one-piece.com\/sv\/wp-json\/wp\/v2\/media?parent=11997"}],"wp:term":[{"taxonomy":"product_brand","embeddable":true,"href":"https:\/\/boutique-one-piece.com\/sv\/wp-json\/wp\/v2\/product_brand?post=11997"},{"taxonomy":"product_cat","embeddable":true,"href":"https:\/\/boutique-one-piece.com\/sv\/wp-json\/wp\/v2\/product_cat?post=11997"},{"taxonomy":"product_tag","embeddable":true,"href":"https:\/\/boutique-one-piece.com\/sv\/wp-json\/wp\/v2\/product_tag?post=11997"}],"curies":[{"name":"wp","href":"https:\/\/api.w.org\/{rel}","templated":true}]}}