{"id":12088,"date":"2022-09-27T20:53:33","date_gmt":"2022-09-27T20:53:33","guid":{"rendered":"https:\/\/boutique-one-piece.com\/uncategorized\/one-piece-portgas-d-ace-ailes-de-flammes\/"},"modified":"2024-09-16T12:46:46","modified_gmt":"2024-09-16T12:46:46","slug":"one-piece-portgas-d-ace-flammens-vingar","status":"publish","type":"product","link":"https:\/\/boutique-one-piece.com\/sv\/one-piece-figurer\/portgas-dace-figurer\/one-piece-portgas-d-ace-flammens-vingar\/","title":{"rendered":"One Piece-figur Portgas D Ace Wings of Flames"},"content":{"rendered":"<h2>Unge pirat, f\u00e5 tag p\u00e5 den h\u00e4r One Piece Portgas D Ace Flame Wings-figuren nu.<\/h2>\n<p>H\u00e4r \u00e4r vad du beh\u00f6ver veta om Ace; Ace \u00e5t <strong>Mera Mera no Mi<\/strong>, en dj\u00e4vulsfrukt av typen <strong>Logia<\/strong>, lui donnant des pouvoirs pyrog\u00e8nes, d\u2019o\u00f9 son surnom d\u2019Ace aux Poings Ardents\u00a0\u00bb. Ace a \u00e9galement fait preuve de son immense puissance en d\u00e9truisant, avec facilit\u00e9 et en un seul coup, plusieurs navires de Baroque Works. Pour certaines raisons, Ace ne se pr\u00e9occupe pas trop de son incapacit\u00e9 \u00e0 nager comme le montre le risque qu\u2019il a pris de se retrouver \u00e0 l\u2019eau lorsqu\u2019il d\u00e9truisit les navires de Baroque Works.<\/p>\n<p>Il manie tr\u00e8s bien son Fruit du D\u00e9mon ; en t\u00e9moigne son embarcation nomm\u00e9e Striker. Il s\u2019agit d\u2019un m\u00e9lange entre une barque et une planche \u00e0 voile qui est propuls\u00e9 par un moteur \u00e0 l\u2019arri\u00e8re, qu\u2019Ace alimente avec ses<strong> l\u00e5gor<\/strong>. N\u00e9anmoins, \u00eatre compos\u00e9 de feu ne l\u2019a pas prot\u00e9g\u00e9 contre <strong>le pouvoir d\u2019Akainu<\/strong>. Apr\u00e8s sa mort, il a \u00e9t\u00e9 r\u00e9v\u00e9l\u00e9 que les \u00ab\u00a0Poings Ardents\u00a0\u00bb d\u2019Ace avaient la possibilit\u00e9 de r\u00e9duire en cendres des villes. D\u2019ailleurs, la <a title=\"ONE PIECE ACE-FIGUR - FLAMES IN FISTS\" href=\"https:\/\/boutique-one-piece.com\/sv\/one-piece-ace-figur-med-flammande-navar\/\" target=\"_blank\" rel=\"noopener\">figurine d\u2019Ace les poings en flamme<\/a> \u00e4r inom r\u00e4ckh\u00e5ll.<\/p>\n<h3>S\u00e5, \u00e4r du \u00f6vertygad av Ace-figuren? G\u00e5 i s\u00e5 fall med i br\u00f6draskapet Ace, Sabo och Luffy. Du kommer inte bli besviken!<\/h3>\n<p>Oavsett om du \u00e4r ett erfaret fan eller en seri\u00f6s samlare, <strong>dessa f\u00f6rem\u00e5l<\/strong> sont faits pour toi. Saute sur l\u2019occasion de pouvoir agrandir <strong>ditt One Piece-universum<\/strong>. Bien des aventures t\u2019attendent jeune pirate !<\/p>\n<h2>Information om Portgas D. Ace Flame Wings-figur\u00a0<\/h2>\n<ul>\n<li><span><b><u>One Piece-figur<\/u><\/b>\u00a0: Figurine\u00a0 premium de l\u2019univers One Piece pour les vrais pirates<\/span><\/li>\n<\/ul>\n<ul>\n<li>\n<b>Materia<\/b><span>\u00a0<\/span>PVC<\/li>\n<\/ul>\n<ul>\n<li><span><strong>Dimensionera<\/strong>\u00a0: 28 cm<\/span><\/li>\n<\/ul>\n<ul>\n<li><span><strong>FRI LEVERANS<\/strong><\/span><\/li>\n<\/ul>","protected":false},"excerpt":{"rendered":"<p>Jeune pirate, procure-toi d\u00e8s maintenant cette Figurine One Piece Portgas D Ace Ailes De Flammes. Voici ce que tu dois savoir au sujet de Ace ; Ace a mang\u00e9 le Mera Mera no Mi, un Fruit du D\u00e9mon de type Logia, lui donnant des pouvoirs pyrog\u00e8nes, d\u2019o\u00f9 son surnom d\u2019Ace aux Poings Ardents\u00a0\u00bb. Ace a [&hellip;]<\/p>","protected":false},"featured_media":12090,"comment_status":"open","ping_status":"open","template":"","meta":[],"product_brand":[],"product_cat":[76,179],"product_tag":[176],"class_list":{"0":"post-12088","1":"product","2":"type-product","3":"status-publish","4":"has-post-thumbnail","6":"product_cat-figurines-one-piece","7":"product_cat-figurines-portgas-d-ace","8":"product_tag-ace","10":"first","11":"instock","12":"purchasable","13":"product-type-simple"},"yoast_head":"<!-- This site is optimized with the Yoast SEO plugin v27.5 - https:\/\/yoast.com\/product\/yoast-seo-wordpress\/ -->\n<title>Figurine One Piece Portgas D Ace Ailes De Flammes | Figurine One Piece \u2013 Boutique One Piece<\/title>\n<meta name=\"description\" content=\"Jeune pirate, procure-toi d\u00e8s maintenant cette Figurine One Piece Portgas D Ace Ailes De Flammes. Voici ce que tu dois savoir au sujet de Ace ; Ace a mang\u00e9 le Mera Mera no Mi, un Fruit du D\u00e9mon de type Logia, lui donnant des pouvoirs pyrog\u00e8nes, d&#039;o\u00f9 son surnom d&#039;Ace aux Poings Ardents&quot;. Ace a \u00e9galement fait preuve de s\" \/>\n<meta name=\"robots\" content=\"index, follow, max-snippet:-1, max-image-preview:large, max-video-preview:-1\" \/>\n<link rel=\"canonical\" href=\"https:\/\/boutique-one-piece.com\/sv\/one-piece-figurer\/portgas-dace-figurer\/one-piece-portgas-d-ace-flammens-vingar\/\" \/>\n<meta property=\"og:locale\" content=\"sv_SE\" \/>\n<meta property=\"og:type\" content=\"article\" \/>\n<meta property=\"og:title\" content=\"Figurine One Piece Portgas D Ace Ailes De Flammes | Figurine One Piece \u2013 Boutique One Piece\" \/>\n<meta property=\"og:description\" content=\"Jeune pirate, procure-toi d\u00e8s maintenant cette Figurine One Piece Portgas D Ace Ailes De Flammes. Voici ce que tu dois savoir au sujet de Ace ; Ace a mang\u00e9 le Mera Mera no Mi, un Fruit du D\u00e9mon de type Logia, lui donnant des pouvoirs pyrog\u00e8nes, d&#039;o\u00f9 son surnom d&#039;Ace aux Poings Ardents&quot;. Ace a \u00e9galement fait preuve de s\" \/>\n<meta property=\"og:url\" content=\"https:\/\/boutique-one-piece.com\/sv\/one-piece-figurer\/portgas-dace-figurer\/one-piece-portgas-d-ace-flammens-vingar\/\" \/>\n<meta property=\"og:site_name\" content=\"Boutique One Piece\" \/>\n<meta property=\"article:modified_time\" content=\"2024-09-16T12:46:46+00:00\" \/>\n<meta property=\"og:image\" content=\"https:\/\/boutique-one-piece.com\/wp-content\/uploads\/2022\/09\/Figurine-One-Piece-Portgas-D-Ace-Ailes-De-Flammes-1.jpg\" \/>\n\t<meta property=\"og:image:width\" content=\"800\" \/>\n\t<meta property=\"og:image:height\" content=\"800\" \/>\n\t<meta property=\"og:image:type\" content=\"image\/jpeg\" \/>\n<meta name=\"twitter:card\" content=\"summary_large_image\" \/>\n<meta name=\"twitter:label1\" content=\"Ber\u00e4knad l\u00e4stid\" \/>\n\t<meta name=\"twitter:data1\" content=\"2 minuter\" \/>\n<script type=\"application\/ld+json\" class=\"yoast-schema-graph\">{\"@context\":\"https:\\\/\\\/schema.org\",\"@graph\":[{\"@type\":\"WebPage\",\"@id\":\"https:\\\/\\\/boutique-one-piece.com\\\/figurines-one-piece\\\/figurines-portgas-d-ace\\\/one-piece-portgas-d-ace-ailes-de-flammes\\\/\",\"url\":\"https:\\\/\\\/boutique-one-piece.com\\\/figurines-one-piece\\\/figurines-portgas-d-ace\\\/one-piece-portgas-d-ace-ailes-de-flammes\\\/\",\"name\":\"Figurine One Piece Portgas D Ace Ailes De Flammes | Figurine One Piece \u2013 Boutique One Piece\",\"isPartOf\":{\"@id\":\"https:\\\/\\\/boutique-one-piece.com\\\/#website\"},\"primaryImageOfPage\":{\"@id\":\"https:\\\/\\\/boutique-one-piece.com\\\/figurines-one-piece\\\/figurines-portgas-d-ace\\\/one-piece-portgas-d-ace-ailes-de-flammes\\\/#primaryimage\"},\"image\":{\"@id\":\"https:\\\/\\\/boutique-one-piece.com\\\/figurines-one-piece\\\/figurines-portgas-d-ace\\\/one-piece-portgas-d-ace-ailes-de-flammes\\\/#primaryimage\"},\"thumbnailUrl\":\"https:\\\/\\\/boutique-one-piece.com\\\/wp-content\\\/uploads\\\/2022\\\/09\\\/Figurine-One-Piece-Portgas-D-Ace-Ailes-De-Flammes-1.jpg\",\"datePublished\":\"2022-09-27T20:53:33+00:00\",\"dateModified\":\"2024-09-16T12:46:46+00:00\",\"description\":\"Jeune pirate, procure-toi d\u00e8s maintenant cette Figurine One Piece Portgas D Ace Ailes De Flammes. Voici ce que tu dois savoir au sujet de Ace ; Ace a mang\u00e9 le Mera Mera no Mi, un Fruit du D\u00e9mon de type Logia, lui donnant des pouvoirs pyrog\u00e8nes, d'o\u00f9 son surnom d'Ace aux Poings Ardents\\\". Ace a \u00e9galement fait preuve de s\",\"breadcrumb\":{\"@id\":\"https:\\\/\\\/boutique-one-piece.com\\\/figurines-one-piece\\\/figurines-portgas-d-ace\\\/one-piece-portgas-d-ace-ailes-de-flammes\\\/#breadcrumb\"},\"inLanguage\":\"sv-SE\",\"potentialAction\":[{\"@type\":\"ReadAction\",\"target\":[\"https:\\\/\\\/boutique-one-piece.com\\\/figurines-one-piece\\\/figurines-portgas-d-ace\\\/one-piece-portgas-d-ace-ailes-de-flammes\\\/\"]}]},{\"@type\":\"ImageObject\",\"inLanguage\":\"sv-SE\",\"@id\":\"https:\\\/\\\/boutique-one-piece.com\\\/figurines-one-piece\\\/figurines-portgas-d-ace\\\/one-piece-portgas-d-ace-ailes-de-flammes\\\/#primaryimage\",\"url\":\"https:\\\/\\\/boutique-one-piece.com\\\/wp-content\\\/uploads\\\/2022\\\/09\\\/Figurine-One-Piece-Portgas-D-Ace-Ailes-De-Flammes-1.jpg\",\"contentUrl\":\"https:\\\/\\\/boutique-one-piece.com\\\/wp-content\\\/uploads\\\/2022\\\/09\\\/Figurine-One-Piece-Portgas-D-Ace-Ailes-De-Flammes-1.jpg\",\"width\":800,\"height\":800},{\"@type\":\"BreadcrumbList\",\"@id\":\"https:\\\/\\\/boutique-one-piece.com\\\/figurines-one-piece\\\/figurines-portgas-d-ace\\\/one-piece-portgas-d-ace-ailes-de-flammes\\\/#breadcrumb\",\"itemListElement\":[{\"@type\":\"ListItem\",\"position\":1,\"name\":\"Home\",\"item\":\"https:\\\/\\\/boutique-one-piece.com\\\/\"},{\"@type\":\"ListItem\",\"position\":2,\"name\":\"Shop\",\"item\":\"https:\\\/\\\/boutique-one-piece.com\\\/shop\\\/\"},{\"@type\":\"ListItem\",\"position\":3,\"name\":\"Figurine One Piece Portgas D Ace Ailes De Flammes\"}]},{\"@type\":\"WebSite\",\"@id\":\"https:\\\/\\\/boutique-one-piece.com\\\/#website\",\"url\":\"https:\\\/\\\/boutique-one-piece.com\\\/\",\"name\":\"Boutique One Piece\",\"description\":\"Magasin Sp\u00e9cialis\u00e9 du Manga et l&#039;Anime One Piece\",\"publisher\":{\"@id\":\"https:\\\/\\\/boutique-one-piece.com\\\/#organization\"},\"potentialAction\":[{\"@type\":\"SearchAction\",\"target\":{\"@type\":\"EntryPoint\",\"urlTemplate\":\"https:\\\/\\\/boutique-one-piece.com\\\/?s={search_term_string}\"},\"query-input\":{\"@type\":\"PropertyValueSpecification\",\"valueRequired\":true,\"valueName\":\"search_term_string\"}}],\"inLanguage\":\"sv-SE\"},{\"@type\":\"Organization\",\"@id\":\"https:\\\/\\\/boutique-one-piece.com\\\/#organization\",\"name\":\"Boutique One Piece\",\"url\":\"https:\\\/\\\/boutique-one-piece.com\\\/\",\"logo\":{\"@type\":\"ImageObject\",\"inLanguage\":\"sv-SE\",\"@id\":\"https:\\\/\\\/boutique-one-piece.com\\\/#\\\/schema\\\/logo\\\/image\\\/\",\"url\":\"https:\\\/\\\/boutique-one-piece.com\\\/wp-content\\\/uploads\\\/2022\\\/09\\\/Logo-01.png\",\"contentUrl\":\"https:\\\/\\\/boutique-one-piece.com\\\/wp-content\\\/uploads\\\/2022\\\/09\\\/Logo-01.png\",\"width\":2318,\"height\":957,\"caption\":\"Boutique One Piece\"},\"image\":{\"@id\":\"https:\\\/\\\/boutique-one-piece.com\\\/#\\\/schema\\\/logo\\\/image\\\/\"}}]}<\/script>\n<!-- \/ Yoast SEO plugin. -->","yoast_head_json":{"title":"One Piece-figur Portgas D Ace Wings of Flames | One Piece-figur \u2013 One Piece-butiken","description":"Unge pirat, f\u00e5 tag p\u00e5 den h\u00e4r One Piece Portgas D. Ace Flame Wings-figuren nu! H\u00e4r \u00e4r vad du beh\u00f6ver veta om Ace: Ace \u00e5t Mera Mera no Mi, en dj\u00e4vulsfrukt av Logia-typ, vilket gav honom eldsprutande krafter, d\u00e4rav hans smeknamn &quot;Fire Fist Ace&quot;. Ace har ocks\u00e5 visat...","robots":{"index":"index","follow":"follow","max-snippet":"max-snippet:-1","max-image-preview":"max-image-preview:large","max-video-preview":"max-video-preview:-1"},"canonical":"https:\/\/boutique-one-piece.com\/sv\/one-piece-figurer\/portgas-dace-figurer\/one-piece-portgas-d-ace-flammens-vingar\/","og_locale":"sv_SE","og_type":"article","og_title":"Figurine One Piece Portgas D Ace Ailes De Flammes | Figurine One Piece \u2013 Boutique One Piece","og_description":"Jeune pirate, procure-toi d\u00e8s maintenant cette Figurine One Piece Portgas D Ace Ailes De Flammes. Voici ce que tu dois savoir au sujet de Ace ; Ace a mang\u00e9 le Mera Mera no Mi, un Fruit du D\u00e9mon de type Logia, lui donnant des pouvoirs pyrog\u00e8nes, d'o\u00f9 son surnom d'Ace aux Poings Ardents\". Ace a \u00e9galement fait preuve de s","og_url":"https:\/\/boutique-one-piece.com\/sv\/one-piece-figurer\/portgas-dace-figurer\/one-piece-portgas-d-ace-flammens-vingar\/","og_site_name":"Boutique One Piece","article_modified_time":"2024-09-16T12:46:46+00:00","og_image":[{"width":800,"height":800,"url":"https:\/\/boutique-one-piece.com\/wp-content\/uploads\/2022\/09\/Figurine-One-Piece-Portgas-D-Ace-Ailes-De-Flammes-1.jpg","type":"image\/jpeg"}],"twitter_card":"summary_large_image","twitter_misc":{"Ber\u00e4knad l\u00e4stid":"2 minuter"},"schema":{"@context":"https:\/\/schema.org","@graph":[{"@type":"WebPage","@id":"https:\/\/boutique-one-piece.com\/figurines-one-piece\/figurines-portgas-d-ace\/one-piece-portgas-d-ace-ailes-de-flammes\/","url":"https:\/\/boutique-one-piece.com\/figurines-one-piece\/figurines-portgas-d-ace\/one-piece-portgas-d-ace-ailes-de-flammes\/","name":"One Piece-figur Portgas D Ace Wings of Flames | One Piece-figur \u2013 One Piece-butiken","isPartOf":{"@id":"https:\/\/boutique-one-piece.com\/#website"},"primaryImageOfPage":{"@id":"https:\/\/boutique-one-piece.com\/figurines-one-piece\/figurines-portgas-d-ace\/one-piece-portgas-d-ace-ailes-de-flammes\/#primaryimage"},"image":{"@id":"https:\/\/boutique-one-piece.com\/figurines-one-piece\/figurines-portgas-d-ace\/one-piece-portgas-d-ace-ailes-de-flammes\/#primaryimage"},"thumbnailUrl":"https:\/\/boutique-one-piece.com\/wp-content\/uploads\/2022\/09\/Figurine-One-Piece-Portgas-D-Ace-Ailes-De-Flammes-1.jpg","datePublished":"2022-09-27T20:53:33+00:00","dateModified":"2024-09-16T12:46:46+00:00","description":"Unge pirat, f\u00e5 tag p\u00e5 den h\u00e4r One Piece Portgas D. Ace Flame Wings-figuren nu! H\u00e4r \u00e4r vad du beh\u00f6ver veta om Ace: Ace \u00e5t Mera Mera no Mi, en dj\u00e4vulsfrukt av Logia-typ, vilket gav honom eldsprutande krafter, d\u00e4rav hans smeknamn &quot;Fire Fist Ace&quot;. Ace har ocks\u00e5 visat...","breadcrumb":{"@id":"https:\/\/boutique-one-piece.com\/figurines-one-piece\/figurines-portgas-d-ace\/one-piece-portgas-d-ace-ailes-de-flammes\/#breadcrumb"},"inLanguage":"sv-SE","potentialAction":[{"@type":"ReadAction","target":["https:\/\/boutique-one-piece.com\/figurines-one-piece\/figurines-portgas-d-ace\/one-piece-portgas-d-ace-ailes-de-flammes\/"]}]},{"@type":"ImageObject","inLanguage":"sv-SE","@id":"https:\/\/boutique-one-piece.com\/figurines-one-piece\/figurines-portgas-d-ace\/one-piece-portgas-d-ace-ailes-de-flammes\/#primaryimage","url":"https:\/\/boutique-one-piece.com\/wp-content\/uploads\/2022\/09\/Figurine-One-Piece-Portgas-D-Ace-Ailes-De-Flammes-1.jpg","contentUrl":"https:\/\/boutique-one-piece.com\/wp-content\/uploads\/2022\/09\/Figurine-One-Piece-Portgas-D-Ace-Ailes-De-Flammes-1.jpg","width":800,"height":800},{"@type":"BreadcrumbList","@id":"https:\/\/boutique-one-piece.com\/figurines-one-piece\/figurines-portgas-d-ace\/one-piece-portgas-d-ace-ailes-de-flammes\/#breadcrumb","itemListElement":[{"@type":"ListItem","position":1,"name":"Home","item":"https:\/\/boutique-one-piece.com\/"},{"@type":"ListItem","position":2,"name":"Shop","item":"https:\/\/boutique-one-piece.com\/shop\/"},{"@type":"ListItem","position":3,"name":"Figurine One Piece Portgas D Ace Ailes De Flammes"}]},{"@type":"WebSite","@id":"https:\/\/boutique-one-piece.com\/#website","url":"https:\/\/boutique-one-piece.com\/","name":"One Piece-butik","description":"Specialbutik f\u00f6r One Piece Manga och Anime","publisher":{"@id":"https:\/\/boutique-one-piece.com\/#organization"},"potentialAction":[{"@type":"SearchAction","target":{"@type":"EntryPoint","urlTemplate":"https:\/\/boutique-one-piece.com\/?s={search_term_string}"},"query-input":{"@type":"PropertyValueSpecification","valueRequired":true,"valueName":"search_term_string"}}],"inLanguage":"sv-SE"},{"@type":"Organization","@id":"https:\/\/boutique-one-piece.com\/#organization","name":"One Piece-butik","url":"https:\/\/boutique-one-piece.com\/","logo":{"@type":"ImageObject","inLanguage":"sv-SE","@id":"https:\/\/boutique-one-piece.com\/#\/schema\/logo\/image\/","url":"https:\/\/boutique-one-piece.com\/wp-content\/uploads\/2022\/09\/Logo-01.png","contentUrl":"https:\/\/boutique-one-piece.com\/wp-content\/uploads\/2022\/09\/Logo-01.png","width":2318,"height":957,"caption":"Boutique One Piece"},"image":{"@id":"https:\/\/boutique-one-piece.com\/#\/schema\/logo\/image\/"}}]}},"_links":{"self":[{"href":"https:\/\/boutique-one-piece.com\/sv\/wp-json\/wp\/v2\/product\/12088","targetHints":{"allow":["GET"]}}],"collection":[{"href":"https:\/\/boutique-one-piece.com\/sv\/wp-json\/wp\/v2\/product"}],"about":[{"href":"https:\/\/boutique-one-piece.com\/sv\/wp-json\/wp\/v2\/types\/product"}],"replies":[{"embeddable":true,"href":"https:\/\/boutique-one-piece.com\/sv\/wp-json\/wp\/v2\/comments?post=12088"}],"wp:featuredmedia":[{"embeddable":true,"href":"https:\/\/boutique-one-piece.com\/sv\/wp-json\/wp\/v2\/media\/12090"}],"wp:attachment":[{"href":"https:\/\/boutique-one-piece.com\/sv\/wp-json\/wp\/v2\/media?parent=12088"}],"wp:term":[{"taxonomy":"product_brand","embeddable":true,"href":"https:\/\/boutique-one-piece.com\/sv\/wp-json\/wp\/v2\/product_brand?post=12088"},{"taxonomy":"product_cat","embeddable":true,"href":"https:\/\/boutique-one-piece.com\/sv\/wp-json\/wp\/v2\/product_cat?post=12088"},{"taxonomy":"product_tag","embeddable":true,"href":"https:\/\/boutique-one-piece.com\/sv\/wp-json\/wp\/v2\/product_tag?post=12088"}],"curies":[{"name":"wp","href":"https:\/\/api.w.org\/{rel}","templated":true}]}}