{"id":12112,"date":"2022-09-27T20:53:33","date_gmt":"2022-09-27T20:53:33","guid":{"rendered":"https:\/\/boutique-one-piece.com\/uncategorized\/embleme-equipage-barbe-blanche\/"},"modified":"2024-09-16T12:47:28","modified_gmt":"2024-09-16T12:47:28","slug":"whitebeards-besattningsemblem","status":"publish","type":"product","link":"https:\/\/boutique-one-piece.com\/sv\/one-piece-dekorationer\/one-piece-flaggor\/whitebeards-besattningsemblem\/","title":{"rendered":"Whitebeard-bes\u00e4ttningsemblem"},"content":{"rendered":"<h2>Unge pirat, tiden \u00e4r inne f\u00f6r dig att skaffa dig detta Vitsk\u00e4ggs bes\u00e4ttningsemblem.<\/h2>\n<p>Du borde veta det<strong>Edward Newgate<\/strong>, aussi appel\u00e9 Barbe Blanche, ou \u00ab\u00a0L\u2019Homme le Plus Fort au Monde\u00a0\u00bb, a \u00e9t\u00e9 consid\u00e9r\u00e9 comme \u00e9tant l\u2019homme \u00ab\u00a0le plus proche du One Piece. C\u2019\u00e9tait le capitaine de L\u2019\u00c9quipage de Barbe Blanche. Il faisait partie des Quatre Empereurs de son vivant, mais il a \u00e9t\u00e9 tu\u00e9 dans la Bataille de Marine Ford par son ancien subordonn\u00e9 Marshall D. Teach (et son \u00e9quipage).<\/p>\n<p>D\u2019ailleurs, l\u0092<a title=\"Svartsk\u00e4ggs bes\u00e4ttningsflagg\" href=\"https:\/\/boutique-one-piece.com\/sv\/drapeau-equipage-de-barbe-noirer\/\" target=\"_blank\" rel=\"noopener\">embl\u00e8me de l\u2019\u00e9quipage de Barbe Noire<\/a> \u00e4r inom r\u00e4ckh\u00e5ll. F\u00f6r att komma tillbaka till <strong>Vitsk\u00e4gg<\/strong>, voici une anecdote le concernant ; Il consid\u00e8re chaque membre qui se joint \u00e0 son \u00e9quipage ainsi que ses alli\u00e9s comme ses fils. Il d\u00e9clara que, la chose qu\u2019il d\u00e9sirait le plus n\u2019\u00e9tait pas l\u2019argent ou les tr\u00e9sors, mais, une<strong> familj<\/strong>.<\/p>\n<h3>Alors, jeune moussaillon, conquis par l\u2019embl\u00e8me de l\u2019\u00c9quipage de Barbe Blanche ? Si tel est le cas, n\u2019h\u00e9site plus et arbore avec fiert\u00e9 ce drapeau digne d\u2019un v\u00e9ritable pirate.<\/h3>\n<p>Que tu sois un fan de la premi\u00e8re heure ou un fin collectionneur, n\u2019h\u00e9site plus et saute sur l\u2019occasion de pouvoir \u00e9voluer au sein de<strong> l\u2019univers One Piece<\/strong>. Dessa ikoniska f\u00f6rem\u00e5l \u00e4r perfekta f\u00f6r att f\u00f6rdjupa sig i den h\u00e4r mangan, eller f\u00f6r att \u00e5teruppleva den. Perfekta att ge bort, dekorera eller samla p\u00e5. <strong>f\u00f6rem\u00e5l<\/strong> kommer att ut\u00f6ka din One Piece-samling.<\/p>\n<h2><\/h2>\n<h2>Informations sur le Drapeau de l\u2019\u00c9quipage de Barbe Blanche :<\/h2>\n<ul>\n<li>\n<strong><u>One Piece-flaggan<\/u><\/strong>\u00a0En \u00e4kta One Piece piratflagga f\u00f6r riktiga fans<\/li>\n<\/ul>\n<ul>\n<li>\n<strong>H\u00f6gkvalitativ utskrift<\/strong>\u00a0exakta f\u00e4rger<\/li>\n<\/ul>\n<ul>\n<li>\n<strong>Materia<\/strong> Polyester<\/li>\n<\/ul>\n<ul>\n<li>\n<strong>Dimensionera<\/strong>\u00a0: 70 cm x 125 cm<\/li>\n<\/ul>\n<ul>\n<li>\n<strong>Vikt<\/strong> 100 gram<\/li>\n<\/ul>\n<ul>\n<li><strong>FRI LEVERANS<\/strong><\/li>\n<\/ul>","protected":false},"excerpt":{"rendered":"<p>Jeune pirate, le moment est venu pour toi de pouvoir te procurer cet Embl\u00e8me \u00c9quipage Barbe Blanche. Tu dois savoir qu\u0092Edward Newgate, aussi appel\u00e9 Barbe Blanche, ou \u00ab\u00a0L\u2019Homme le Plus Fort au Monde\u00a0\u00bb, a \u00e9t\u00e9 consid\u00e9r\u00e9 comme \u00e9tant l\u2019homme \u00ab\u00a0le plus proche du One Piece. C\u2019\u00e9tait le capitaine de L\u2019\u00c9quipage de Barbe Blanche. Il faisait [&hellip;]<\/p>","protected":false},"featured_media":12114,"comment_status":"open","ping_status":"open","template":"","meta":[],"product_brand":[],"product_cat":[212],"product_tag":[199],"class_list":{"0":"post-12112","1":"product","2":"type-product","3":"status-publish","4":"has-post-thumbnail","6":"product_cat-drapeaux-one-piece","7":"product_tag-barbe-blanche","9":"first","10":"instock","11":"purchasable","12":"product-type-simple"},"yoast_head":"<!-- This site is optimized with the Yoast SEO plugin v27.5 - https:\/\/yoast.com\/product\/yoast-seo-wordpress\/ -->\n<title>Embl\u00e8me \u00c9quipage Barbe Blanche | Boutique One Piece<\/title>\n<meta name=\"description\" content=\"D\u00e9couvrez le Drapeau One Piece Edward Newgate, d\u00e9corez votre pi\u00e8ce en portant les couleurs de Barbe Blanche ! Commencez votre aventure recherche du One Piece dans l&#039;\u00e9quipage de Barbe Blanche\" \/>\n<meta name=\"robots\" content=\"index, follow, max-snippet:-1, max-image-preview:large, max-video-preview:-1\" \/>\n<link rel=\"canonical\" href=\"https:\/\/boutique-one-piece.com\/sv\/one-piece-dekorationer\/one-piece-flaggor\/whitebeards-besattningsemblem\/\" \/>\n<meta property=\"og:locale\" content=\"sv_SE\" \/>\n<meta property=\"og:type\" content=\"article\" \/>\n<meta property=\"og:title\" content=\"Embl\u00e8me \u00c9quipage Barbe Blanche | Boutique One Piece\" \/>\n<meta property=\"og:description\" content=\"D\u00e9couvrez le Drapeau One Piece Edward Newgate, d\u00e9corez votre pi\u00e8ce en portant les couleurs de Barbe Blanche ! Commencez votre aventure recherche du One Piece dans l&#039;\u00e9quipage de Barbe Blanche\" \/>\n<meta property=\"og:url\" content=\"https:\/\/boutique-one-piece.com\/sv\/one-piece-dekorationer\/one-piece-flaggor\/whitebeards-besattningsemblem\/\" \/>\n<meta property=\"og:site_name\" content=\"Boutique One Piece\" \/>\n<meta property=\"article:modified_time\" content=\"2024-09-16T12:47:28+00:00\" \/>\n<meta property=\"og:image\" content=\"https:\/\/boutique-one-piece.com\/wp-content\/uploads\/2022\/09\/Embleme-Equipage-Barbe-Blanche-1.jpg\" \/>\n\t<meta property=\"og:image:width\" content=\"800\" \/>\n\t<meta property=\"og:image:height\" content=\"800\" \/>\n\t<meta property=\"og:image:type\" content=\"image\/jpeg\" \/>\n<meta name=\"twitter:card\" content=\"summary_large_image\" \/>\n<meta name=\"twitter:label1\" content=\"Ber\u00e4knad l\u00e4stid\" \/>\n\t<meta name=\"twitter:data1\" content=\"1 minut\" \/>\n<script type=\"application\/ld+json\" class=\"yoast-schema-graph\">{\"@context\":\"https:\\\/\\\/schema.org\",\"@graph\":[{\"@type\":\"WebPage\",\"@id\":\"https:\\\/\\\/boutique-one-piece.com\\\/decorations-one-piece\\\/drapeaux-one-piece\\\/embleme-equipage-barbe-blanche\\\/\",\"url\":\"https:\\\/\\\/boutique-one-piece.com\\\/decorations-one-piece\\\/drapeaux-one-piece\\\/embleme-equipage-barbe-blanche\\\/\",\"name\":\"Embl\u00e8me \u00c9quipage Barbe Blanche | Boutique One Piece\",\"isPartOf\":{\"@id\":\"https:\\\/\\\/boutique-one-piece.com\\\/#website\"},\"primaryImageOfPage\":{\"@id\":\"https:\\\/\\\/boutique-one-piece.com\\\/decorations-one-piece\\\/drapeaux-one-piece\\\/embleme-equipage-barbe-blanche\\\/#primaryimage\"},\"image\":{\"@id\":\"https:\\\/\\\/boutique-one-piece.com\\\/decorations-one-piece\\\/drapeaux-one-piece\\\/embleme-equipage-barbe-blanche\\\/#primaryimage\"},\"thumbnailUrl\":\"https:\\\/\\\/boutique-one-piece.com\\\/wp-content\\\/uploads\\\/2022\\\/09\\\/Embleme-Equipage-Barbe-Blanche-1.jpg\",\"datePublished\":\"2022-09-27T20:53:33+00:00\",\"dateModified\":\"2024-09-16T12:47:28+00:00\",\"description\":\"D\u00e9couvrez le Drapeau One Piece Edward Newgate, d\u00e9corez votre pi\u00e8ce en portant les couleurs de Barbe Blanche ! Commencez votre aventure recherche du One Piece dans l'\u00e9quipage de Barbe Blanche\",\"breadcrumb\":{\"@id\":\"https:\\\/\\\/boutique-one-piece.com\\\/decorations-one-piece\\\/drapeaux-one-piece\\\/embleme-equipage-barbe-blanche\\\/#breadcrumb\"},\"inLanguage\":\"sv-SE\",\"potentialAction\":[{\"@type\":\"ReadAction\",\"target\":[\"https:\\\/\\\/boutique-one-piece.com\\\/decorations-one-piece\\\/drapeaux-one-piece\\\/embleme-equipage-barbe-blanche\\\/\"]}]},{\"@type\":\"ImageObject\",\"inLanguage\":\"sv-SE\",\"@id\":\"https:\\\/\\\/boutique-one-piece.com\\\/decorations-one-piece\\\/drapeaux-one-piece\\\/embleme-equipage-barbe-blanche\\\/#primaryimage\",\"url\":\"https:\\\/\\\/boutique-one-piece.com\\\/wp-content\\\/uploads\\\/2022\\\/09\\\/Embleme-Equipage-Barbe-Blanche-1.jpg\",\"contentUrl\":\"https:\\\/\\\/boutique-one-piece.com\\\/wp-content\\\/uploads\\\/2022\\\/09\\\/Embleme-Equipage-Barbe-Blanche-1.jpg\",\"width\":800,\"height\":800},{\"@type\":\"BreadcrumbList\",\"@id\":\"https:\\\/\\\/boutique-one-piece.com\\\/decorations-one-piece\\\/drapeaux-one-piece\\\/embleme-equipage-barbe-blanche\\\/#breadcrumb\",\"itemListElement\":[{\"@type\":\"ListItem\",\"position\":1,\"name\":\"Home\",\"item\":\"https:\\\/\\\/boutique-one-piece.com\\\/\"},{\"@type\":\"ListItem\",\"position\":2,\"name\":\"Shop\",\"item\":\"https:\\\/\\\/boutique-one-piece.com\\\/shop\\\/\"},{\"@type\":\"ListItem\",\"position\":3,\"name\":\"Embl\u00e8me \u00c9quipage Barbe Blanche\"}]},{\"@type\":\"WebSite\",\"@id\":\"https:\\\/\\\/boutique-one-piece.com\\\/#website\",\"url\":\"https:\\\/\\\/boutique-one-piece.com\\\/\",\"name\":\"Boutique One Piece\",\"description\":\"Magasin Sp\u00e9cialis\u00e9 du Manga et l&#039;Anime One Piece\",\"publisher\":{\"@id\":\"https:\\\/\\\/boutique-one-piece.com\\\/#organization\"},\"potentialAction\":[{\"@type\":\"SearchAction\",\"target\":{\"@type\":\"EntryPoint\",\"urlTemplate\":\"https:\\\/\\\/boutique-one-piece.com\\\/?s={search_term_string}\"},\"query-input\":{\"@type\":\"PropertyValueSpecification\",\"valueRequired\":true,\"valueName\":\"search_term_string\"}}],\"inLanguage\":\"sv-SE\"},{\"@type\":\"Organization\",\"@id\":\"https:\\\/\\\/boutique-one-piece.com\\\/#organization\",\"name\":\"Boutique One Piece\",\"url\":\"https:\\\/\\\/boutique-one-piece.com\\\/\",\"logo\":{\"@type\":\"ImageObject\",\"inLanguage\":\"sv-SE\",\"@id\":\"https:\\\/\\\/boutique-one-piece.com\\\/#\\\/schema\\\/logo\\\/image\\\/\",\"url\":\"https:\\\/\\\/boutique-one-piece.com\\\/wp-content\\\/uploads\\\/2022\\\/09\\\/Logo-01.png\",\"contentUrl\":\"https:\\\/\\\/boutique-one-piece.com\\\/wp-content\\\/uploads\\\/2022\\\/09\\\/Logo-01.png\",\"width\":2318,\"height\":957,\"caption\":\"Boutique One Piece\"},\"image\":{\"@id\":\"https:\\\/\\\/boutique-one-piece.com\\\/#\\\/schema\\\/logo\\\/image\\\/\"}}]}<\/script>\n<!-- \/ Yoast SEO plugin. -->","yoast_head_json":{"title":"Whitebeard Crew Emblem | One Piece Shop","description":"Uppt\u00e4ck One Piece Edward Newgate-flaggan, dekorera ditt rum med Whitebeards f\u00e4rger! B\u00f6rja ditt \u00e4ventyr i jakten p\u00e5 One Piece med Whitebeards bes\u00e4ttning.","robots":{"index":"index","follow":"follow","max-snippet":"max-snippet:-1","max-image-preview":"max-image-preview:large","max-video-preview":"max-video-preview:-1"},"canonical":"https:\/\/boutique-one-piece.com\/sv\/one-piece-dekorationer\/one-piece-flaggor\/whitebeards-besattningsemblem\/","og_locale":"sv_SE","og_type":"article","og_title":"Embl\u00e8me \u00c9quipage Barbe Blanche | Boutique One Piece","og_description":"D\u00e9couvrez le Drapeau One Piece Edward Newgate, d\u00e9corez votre pi\u00e8ce en portant les couleurs de Barbe Blanche ! Commencez votre aventure recherche du One Piece dans l'\u00e9quipage de Barbe Blanche","og_url":"https:\/\/boutique-one-piece.com\/sv\/one-piece-dekorationer\/one-piece-flaggor\/whitebeards-besattningsemblem\/","og_site_name":"Boutique One Piece","article_modified_time":"2024-09-16T12:47:28+00:00","og_image":[{"width":800,"height":800,"url":"https:\/\/boutique-one-piece.com\/wp-content\/uploads\/2022\/09\/Embleme-Equipage-Barbe-Blanche-1.jpg","type":"image\/jpeg"}],"twitter_card":"summary_large_image","twitter_misc":{"Ber\u00e4knad l\u00e4stid":"1 minut"},"schema":{"@context":"https:\/\/schema.org","@graph":[{"@type":"WebPage","@id":"https:\/\/boutique-one-piece.com\/decorations-one-piece\/drapeaux-one-piece\/embleme-equipage-barbe-blanche\/","url":"https:\/\/boutique-one-piece.com\/decorations-one-piece\/drapeaux-one-piece\/embleme-equipage-barbe-blanche\/","name":"Whitebeard Crew Emblem | One Piece Shop","isPartOf":{"@id":"https:\/\/boutique-one-piece.com\/#website"},"primaryImageOfPage":{"@id":"https:\/\/boutique-one-piece.com\/decorations-one-piece\/drapeaux-one-piece\/embleme-equipage-barbe-blanche\/#primaryimage"},"image":{"@id":"https:\/\/boutique-one-piece.com\/decorations-one-piece\/drapeaux-one-piece\/embleme-equipage-barbe-blanche\/#primaryimage"},"thumbnailUrl":"https:\/\/boutique-one-piece.com\/wp-content\/uploads\/2022\/09\/Embleme-Equipage-Barbe-Blanche-1.jpg","datePublished":"2022-09-27T20:53:33+00:00","dateModified":"2024-09-16T12:47:28+00:00","description":"Uppt\u00e4ck One Piece Edward Newgate-flaggan, dekorera ditt rum med Whitebeards f\u00e4rger! B\u00f6rja ditt \u00e4ventyr i jakten p\u00e5 One Piece med Whitebeards bes\u00e4ttning.","breadcrumb":{"@id":"https:\/\/boutique-one-piece.com\/decorations-one-piece\/drapeaux-one-piece\/embleme-equipage-barbe-blanche\/#breadcrumb"},"inLanguage":"sv-SE","potentialAction":[{"@type":"ReadAction","target":["https:\/\/boutique-one-piece.com\/decorations-one-piece\/drapeaux-one-piece\/embleme-equipage-barbe-blanche\/"]}]},{"@type":"ImageObject","inLanguage":"sv-SE","@id":"https:\/\/boutique-one-piece.com\/decorations-one-piece\/drapeaux-one-piece\/embleme-equipage-barbe-blanche\/#primaryimage","url":"https:\/\/boutique-one-piece.com\/wp-content\/uploads\/2022\/09\/Embleme-Equipage-Barbe-Blanche-1.jpg","contentUrl":"https:\/\/boutique-one-piece.com\/wp-content\/uploads\/2022\/09\/Embleme-Equipage-Barbe-Blanche-1.jpg","width":800,"height":800},{"@type":"BreadcrumbList","@id":"https:\/\/boutique-one-piece.com\/decorations-one-piece\/drapeaux-one-piece\/embleme-equipage-barbe-blanche\/#breadcrumb","itemListElement":[{"@type":"ListItem","position":1,"name":"Home","item":"https:\/\/boutique-one-piece.com\/"},{"@type":"ListItem","position":2,"name":"Shop","item":"https:\/\/boutique-one-piece.com\/shop\/"},{"@type":"ListItem","position":3,"name":"Embl\u00e8me \u00c9quipage Barbe Blanche"}]},{"@type":"WebSite","@id":"https:\/\/boutique-one-piece.com\/#website","url":"https:\/\/boutique-one-piece.com\/","name":"One Piece-butik","description":"Specialbutik f\u00f6r One Piece Manga och Anime","publisher":{"@id":"https:\/\/boutique-one-piece.com\/#organization"},"potentialAction":[{"@type":"SearchAction","target":{"@type":"EntryPoint","urlTemplate":"https:\/\/boutique-one-piece.com\/?s={search_term_string}"},"query-input":{"@type":"PropertyValueSpecification","valueRequired":true,"valueName":"search_term_string"}}],"inLanguage":"sv-SE"},{"@type":"Organization","@id":"https:\/\/boutique-one-piece.com\/#organization","name":"One Piece-butik","url":"https:\/\/boutique-one-piece.com\/","logo":{"@type":"ImageObject","inLanguage":"sv-SE","@id":"https:\/\/boutique-one-piece.com\/#\/schema\/logo\/image\/","url":"https:\/\/boutique-one-piece.com\/wp-content\/uploads\/2022\/09\/Logo-01.png","contentUrl":"https:\/\/boutique-one-piece.com\/wp-content\/uploads\/2022\/09\/Logo-01.png","width":2318,"height":957,"caption":"Boutique One Piece"},"image":{"@id":"https:\/\/boutique-one-piece.com\/#\/schema\/logo\/image\/"}}]}},"_links":{"self":[{"href":"https:\/\/boutique-one-piece.com\/sv\/wp-json\/wp\/v2\/product\/12112","targetHints":{"allow":["GET"]}}],"collection":[{"href":"https:\/\/boutique-one-piece.com\/sv\/wp-json\/wp\/v2\/product"}],"about":[{"href":"https:\/\/boutique-one-piece.com\/sv\/wp-json\/wp\/v2\/types\/product"}],"replies":[{"embeddable":true,"href":"https:\/\/boutique-one-piece.com\/sv\/wp-json\/wp\/v2\/comments?post=12112"}],"wp:featuredmedia":[{"embeddable":true,"href":"https:\/\/boutique-one-piece.com\/sv\/wp-json\/wp\/v2\/media\/12114"}],"wp:attachment":[{"href":"https:\/\/boutique-one-piece.com\/sv\/wp-json\/wp\/v2\/media?parent=12112"}],"wp:term":[{"taxonomy":"product_brand","embeddable":true,"href":"https:\/\/boutique-one-piece.com\/sv\/wp-json\/wp\/v2\/product_brand?post=12112"},{"taxonomy":"product_cat","embeddable":true,"href":"https:\/\/boutique-one-piece.com\/sv\/wp-json\/wp\/v2\/product_cat?post=12112"},{"taxonomy":"product_tag","embeddable":true,"href":"https:\/\/boutique-one-piece.com\/sv\/wp-json\/wp\/v2\/product_tag?post=12112"}],"curies":[{"name":"wp","href":"https:\/\/api.w.org\/{rel}","templated":true}]}}