{"id":12332,"date":"2022-09-27T20:55:08","date_gmt":"2022-09-27T20:55:08","guid":{"rendered":"https:\/\/boutique-one-piece.com\/uncategorized\/figurine-pop-zoro-bras-droit-de-luffy\/"},"modified":"2026-01-29T07:18:19","modified_gmt":"2026-01-29T07:18:19","slug":"zoro-pop-figur-luffys-hogra-arm","status":"publish","type":"product","link":"https:\/\/boutique-one-piece.com\/sv\/one-piece-figurer\/zoro-pop-figur-luffys-hogra-arm\/","title":{"rendered":"Pop! Figur Zoro, Luffys h\u00f6gra arm"},"content":{"rendered":"<h2>Unge medlem av Straw Hat-g\u00e4nget, det \u00e4r dags f\u00f6r dig att f\u00e5 tag p\u00e5 Pop-figuren Zoro Luffys h\u00f6gra arm.<\/h2>\n<p>H\u00e4r \u00e4r vad du beh\u00f6ver veta om honom; ; <strong> Zoro<\/strong> var den f\u00f6rsta medlemmen som gick med i Straw Hat Crew, han \u00e4r <strong>f\u00f6rste och fr\u00e4mste sv\u00e4rdsman<\/strong>. Hans ambition \u00e4r att bli v\u00e4rldens b\u00e4sta sv\u00e4rdsman, och han har visat en j\u00e4rnvilja f\u00f6r att uppn\u00e5 detta.<\/p>\n<p>Han \u00e4r en m\u00e4sterlig sv\u00e4rdsman som kan anv\u00e4nda flera stridsstilar, vars utm\u00e4rkande drag ligger i antalet sv\u00e4rd han anv\u00e4nder. Hans stridsf\u00f6rm\u00e5ga \u00e4r s\u00e5dan att han ibland ger de utanf\u00f6r bes\u00e4ttningen intrycket att han \u00e4r den sanne kaptenen.<\/p>\n<p>Dessutom, om du \u00e4r s\u00e4rskilt f\u00f6rtjust i karakt\u00e4ren Zoro, <a title=\"ONE PIECE-FIGURIN ZORO OCH HANS SABRAR\" href=\"https:\/\/boutique-one-piece.com\/sv\/figurine-one-piece-%20zoro-et-ses-sabres\/\" target=\"_blank\" rel=\"noopener\" class=\"broken_link\">figurin d\u00e4r han \u00e4r med sina 3 sv\u00e4rd<\/a> \u00e4r inom r\u00e4ckh\u00e5ll. F\u00f6r att \u00e5terg\u00e5 till Zoro och hans relation med Luffy, b\u00f6r du veta att Zoro implicit litar p\u00e5 Luffy och alltid f\u00f6ljer hans beslut oavsett konsekvenserna, i vetskap om att det \u00e4r kaptenens beslut, vilket en bes\u00e4ttning m\u00e5ste verkst\u00e4lla utan att ifr\u00e5gas\u00e4tta.<\/p>\n<h3>S\u00e5, \u00e4r du \u00f6vertygad av Zoro-popfiguren? V\u00e4nta inte l\u00e4ngre och ta chansen att g\u00e5 med i g\u00e4nget p\u00e5 Thousand Sunny.<\/h3>\n<p>Oavsett om du \u00e4r ett erfaret fan eller en erfaren samlare, leta inte l\u00e4ngre \u2013 dessa f\u00f6rem\u00e5l \u00e4r definitivt n\u00e5got f\u00f6r dig. Perfekta att ge bort, dekorera eller l\u00e4gga till i din samling, dessa f\u00f6rem\u00e5l kommer att f\u00f6rh\u00f6ja din stil. <strong>ditt One Piece-universum<\/strong>. Ta ditt \u00f6de i dina egna h\u00e4nder. <strong>ung pirat<\/strong> och upplevde m\u00e5nga \u00e4ventyr, det ena mer sp\u00e4nnande \u00e4n det andra.<\/p>\n<h2>Information om Pop! Zoro-figuren, Luffys h\u00f6gra arm\u00a0<\/h2>\n<ul>\n<li><span><b><u>One Piece-figur<\/u><\/b>\u00a0Premium One Piece-figur f\u00f6r riktiga pirater<\/span><\/li>\n<\/ul>\n<ul>\n<li>\n<b>Materia<\/b><span>\u00a0<\/span>PVC<\/li>\n<\/ul>\n<ul>\n<li><span><strong>Dimensionera<\/strong>\u00a0: 10 cm<\/span><\/li>\n<\/ul>\n<ul>\n<li><span><strong>FRI LEVERANS<\/strong><\/span><\/li>\n<\/ul>","protected":false},"excerpt":{"rendered":"<p>Unge medlem av Straw Hat-g\u00e4nget, det \u00e4r dags f\u00f6r dig att skaffa den h\u00e4r Zoro Pop!-figuren, Luffys h\u00f6gra arm. H\u00e4r \u00e4r vad du beh\u00f6ver veta om honom: Zoro var den f\u00f6rsta medlemmen som gick med i Straw Hat-g\u00e4nget, och han \u00e4r dess fr\u00e4msta sv\u00e4rdsman. [\u2026]<\/p>","protected":false},"featured_media":12334,"comment_status":"open","ping_status":"open","template":"","meta":[],"product_brand":[],"product_cat":[76,334,162,151],"product_tag":[335,113],"class_list":{"0":"post-12332","1":"product","2":"type-product","3":"status-publish","4":"has-post-thumbnail","6":"product_cat-figurines-one-piece","7":"product_cat-figurines-pop-one-piece","8":"product_cat-figurines-roronoa-zoro","9":"product_cat-goodies-roronoa-zoro-one-piece","10":"product_tag-figurine-pop","11":"product_tag-zoro","13":"first","14":"instock","15":"purchasable","16":"product-type-simple"},"yoast_head":"<!-- This site is optimized with the Yoast SEO plugin v27.5 - https:\/\/yoast.com\/product\/yoast-seo-wordpress\/ -->\n<title>Figurine Pop Zoro Bras Droit De Luffy | Figurine One Piece \u2013 Boutique One Piece<\/title>\n<meta name=\"description\" content=\"Jeune membre de l&#039;\u00e9quipage de Chapeau de paille, le moment est venu pour toi de te procurer cette Figurine Pop Zoro Bras Droit De Luffy. Voici ce que tu dois savoir \u00e0 son sujet ; Zoro fut le premier membre \u00e0 rejoindre l&#039;\u00c9quipage du Chapeau de Paille, il en est le premier et principal \u00e9p\u00e9iste. Son ambition est de deveni\" \/>\n<meta name=\"robots\" content=\"index, follow, max-snippet:-1, max-image-preview:large, max-video-preview:-1\" \/>\n<link rel=\"canonical\" href=\"https:\/\/boutique-one-piece.com\/sv\/one-piece-figurer\/zoro-pop-figur-luffys-hogra-arm\/\" \/>\n<meta property=\"og:locale\" content=\"sv_SE\" \/>\n<meta property=\"og:type\" content=\"article\" \/>\n<meta property=\"og:title\" content=\"Figurine Pop Zoro Bras Droit De Luffy | Figurine One Piece \u2013 Boutique One Piece\" \/>\n<meta property=\"og:description\" content=\"Jeune membre de l&#039;\u00e9quipage de Chapeau de paille, le moment est venu pour toi de te procurer cette Figurine Pop Zoro Bras Droit De Luffy. Voici ce que tu dois savoir \u00e0 son sujet ; Zoro fut le premier membre \u00e0 rejoindre l&#039;\u00c9quipage du Chapeau de Paille, il en est le premier et principal \u00e9p\u00e9iste. Son ambition est de deveni\" \/>\n<meta property=\"og:url\" content=\"https:\/\/boutique-one-piece.com\/sv\/one-piece-figurer\/zoro-pop-figur-luffys-hogra-arm\/\" \/>\n<meta property=\"og:site_name\" content=\"Boutique One Piece\" \/>\n<meta property=\"article:modified_time\" content=\"2026-01-29T07:18:19+00:00\" \/>\n<meta property=\"og:image\" content=\"https:\/\/boutique-one-piece.com\/wp-content\/uploads\/2022\/09\/Figurine-Pop-Zoro-Bras-Droit-De-Luffy.jpg\" \/>\n\t<meta property=\"og:image:width\" content=\"640\" \/>\n\t<meta property=\"og:image:height\" content=\"640\" \/>\n\t<meta property=\"og:image:type\" content=\"image\/jpeg\" \/>\n<meta name=\"twitter:card\" content=\"summary_large_image\" \/>\n<meta name=\"twitter:label1\" content=\"Ber\u00e4knad l\u00e4stid\" \/>\n\t<meta name=\"twitter:data1\" content=\"2 minuter\" \/>\n<script type=\"application\/ld+json\" class=\"yoast-schema-graph\">{\"@context\":\"https:\\\/\\\/schema.org\",\"@graph\":[{\"@type\":\"WebPage\",\"@id\":\"https:\\\/\\\/boutique-one-piece.com\\\/figurines-one-piece\\\/figurine-pop-zoro-bras-droit-de-luffy\\\/\",\"url\":\"https:\\\/\\\/boutique-one-piece.com\\\/figurines-one-piece\\\/figurine-pop-zoro-bras-droit-de-luffy\\\/\",\"name\":\"Figurine Pop Zoro Bras Droit De Luffy | Figurine One Piece \u2013 Boutique One Piece\",\"isPartOf\":{\"@id\":\"https:\\\/\\\/boutique-one-piece.com\\\/#website\"},\"primaryImageOfPage\":{\"@id\":\"https:\\\/\\\/boutique-one-piece.com\\\/figurines-one-piece\\\/figurine-pop-zoro-bras-droit-de-luffy\\\/#primaryimage\"},\"image\":{\"@id\":\"https:\\\/\\\/boutique-one-piece.com\\\/figurines-one-piece\\\/figurine-pop-zoro-bras-droit-de-luffy\\\/#primaryimage\"},\"thumbnailUrl\":\"https:\\\/\\\/boutique-one-piece.com\\\/wp-content\\\/uploads\\\/2022\\\/09\\\/Figurine-Pop-Zoro-Bras-Droit-De-Luffy.jpg\",\"datePublished\":\"2022-09-27T20:55:08+00:00\",\"dateModified\":\"2026-01-29T07:18:19+00:00\",\"description\":\"Jeune membre de l'\u00e9quipage de Chapeau de paille, le moment est venu pour toi de te procurer cette Figurine Pop Zoro Bras Droit De Luffy. Voici ce que tu dois savoir \u00e0 son sujet ; Zoro fut le premier membre \u00e0 rejoindre l'\u00c9quipage du Chapeau de Paille, il en est le premier et principal \u00e9p\u00e9iste. Son ambition est de deveni\",\"breadcrumb\":{\"@id\":\"https:\\\/\\\/boutique-one-piece.com\\\/figurines-one-piece\\\/figurine-pop-zoro-bras-droit-de-luffy\\\/#breadcrumb\"},\"inLanguage\":\"sv-SE\",\"potentialAction\":[{\"@type\":\"ReadAction\",\"target\":[\"https:\\\/\\\/boutique-one-piece.com\\\/figurines-one-piece\\\/figurine-pop-zoro-bras-droit-de-luffy\\\/\"]}]},{\"@type\":\"ImageObject\",\"inLanguage\":\"sv-SE\",\"@id\":\"https:\\\/\\\/boutique-one-piece.com\\\/figurines-one-piece\\\/figurine-pop-zoro-bras-droit-de-luffy\\\/#primaryimage\",\"url\":\"https:\\\/\\\/boutique-one-piece.com\\\/wp-content\\\/uploads\\\/2022\\\/09\\\/Figurine-Pop-Zoro-Bras-Droit-De-Luffy.jpg\",\"contentUrl\":\"https:\\\/\\\/boutique-one-piece.com\\\/wp-content\\\/uploads\\\/2022\\\/09\\\/Figurine-Pop-Zoro-Bras-Droit-De-Luffy.jpg\",\"width\":640,\"height\":640,\"caption\":\"Figurine Pop Zoro Bras Droit De Luffy Default Title\"},{\"@type\":\"BreadcrumbList\",\"@id\":\"https:\\\/\\\/boutique-one-piece.com\\\/figurines-one-piece\\\/figurine-pop-zoro-bras-droit-de-luffy\\\/#breadcrumb\",\"itemListElement\":[{\"@type\":\"ListItem\",\"position\":1,\"name\":\"Home\",\"item\":\"https:\\\/\\\/boutique-one-piece.com\\\/\"},{\"@type\":\"ListItem\",\"position\":2,\"name\":\"Shop\",\"item\":\"https:\\\/\\\/boutique-one-piece.com\\\/shop\\\/\"},{\"@type\":\"ListItem\",\"position\":3,\"name\":\"Figurine Pop Zoro Bras Droit De Luffy\"}]},{\"@type\":\"WebSite\",\"@id\":\"https:\\\/\\\/boutique-one-piece.com\\\/#website\",\"url\":\"https:\\\/\\\/boutique-one-piece.com\\\/\",\"name\":\"Boutique One Piece\",\"description\":\"Magasin Sp\u00e9cialis\u00e9 du Manga et l&#039;Anime One Piece\",\"publisher\":{\"@id\":\"https:\\\/\\\/boutique-one-piece.com\\\/#organization\"},\"potentialAction\":[{\"@type\":\"SearchAction\",\"target\":{\"@type\":\"EntryPoint\",\"urlTemplate\":\"https:\\\/\\\/boutique-one-piece.com\\\/?s={search_term_string}\"},\"query-input\":{\"@type\":\"PropertyValueSpecification\",\"valueRequired\":true,\"valueName\":\"search_term_string\"}}],\"inLanguage\":\"sv-SE\"},{\"@type\":\"Organization\",\"@id\":\"https:\\\/\\\/boutique-one-piece.com\\\/#organization\",\"name\":\"Boutique One Piece\",\"url\":\"https:\\\/\\\/boutique-one-piece.com\\\/\",\"logo\":{\"@type\":\"ImageObject\",\"inLanguage\":\"sv-SE\",\"@id\":\"https:\\\/\\\/boutique-one-piece.com\\\/#\\\/schema\\\/logo\\\/image\\\/\",\"url\":\"https:\\\/\\\/boutique-one-piece.com\\\/wp-content\\\/uploads\\\/2022\\\/09\\\/Logo-01.png\",\"contentUrl\":\"https:\\\/\\\/boutique-one-piece.com\\\/wp-content\\\/uploads\\\/2022\\\/09\\\/Logo-01.png\",\"width\":2318,\"height\":957,\"caption\":\"Boutique One Piece\"},\"image\":{\"@id\":\"https:\\\/\\\/boutique-one-piece.com\\\/#\\\/schema\\\/logo\\\/image\\\/\"}}]}<\/script>\n<!-- \/ Yoast SEO plugin. -->","yoast_head_json":{"title":"Popfigur Zoro Luffys h\u00f6gra arm | One Piece-figur \u2013 One Piece Shop","description":"Unge medlem av Straw Hat-g\u00e4nget, det \u00e4r dags f\u00f6r dig att skaffa den h\u00e4r Zoro Pop!-figuren, Luffys h\u00f6gra arm. H\u00e4r \u00e4r vad du beh\u00f6ver veta om honom: Zoro var den f\u00f6rsta medlemmen som gick med i Straw Hat-g\u00e4nget, och han \u00e4r dess f\u00f6rsta och fr\u00e4msta sv\u00e4rdsman. Hans ambition \u00e4r att bli...","robots":{"index":"index","follow":"follow","max-snippet":"max-snippet:-1","max-image-preview":"max-image-preview:large","max-video-preview":"max-video-preview:-1"},"canonical":"https:\/\/boutique-one-piece.com\/sv\/one-piece-figurer\/zoro-pop-figur-luffys-hogra-arm\/","og_locale":"sv_SE","og_type":"article","og_title":"Figurine Pop Zoro Bras Droit De Luffy | Figurine One Piece \u2013 Boutique One Piece","og_description":"Jeune membre de l'\u00e9quipage de Chapeau de paille, le moment est venu pour toi de te procurer cette Figurine Pop Zoro Bras Droit De Luffy. Voici ce que tu dois savoir \u00e0 son sujet ; Zoro fut le premier membre \u00e0 rejoindre l'\u00c9quipage du Chapeau de Paille, il en est le premier et principal \u00e9p\u00e9iste. Son ambition est de deveni","og_url":"https:\/\/boutique-one-piece.com\/sv\/one-piece-figurer\/zoro-pop-figur-luffys-hogra-arm\/","og_site_name":"Boutique One Piece","article_modified_time":"2026-01-29T07:18:19+00:00","og_image":[{"width":640,"height":640,"url":"https:\/\/boutique-one-piece.com\/wp-content\/uploads\/2022\/09\/Figurine-Pop-Zoro-Bras-Droit-De-Luffy.jpg","type":"image\/jpeg"}],"twitter_card":"summary_large_image","twitter_misc":{"Ber\u00e4knad l\u00e4stid":"2 minuter"},"schema":{"@context":"https:\/\/schema.org","@graph":[{"@type":"WebPage","@id":"https:\/\/boutique-one-piece.com\/figurines-one-piece\/figurine-pop-zoro-bras-droit-de-luffy\/","url":"https:\/\/boutique-one-piece.com\/figurines-one-piece\/figurine-pop-zoro-bras-droit-de-luffy\/","name":"Popfigur Zoro Luffys h\u00f6gra arm | One Piece-figur \u2013 One Piece Shop","isPartOf":{"@id":"https:\/\/boutique-one-piece.com\/#website"},"primaryImageOfPage":{"@id":"https:\/\/boutique-one-piece.com\/figurines-one-piece\/figurine-pop-zoro-bras-droit-de-luffy\/#primaryimage"},"image":{"@id":"https:\/\/boutique-one-piece.com\/figurines-one-piece\/figurine-pop-zoro-bras-droit-de-luffy\/#primaryimage"},"thumbnailUrl":"https:\/\/boutique-one-piece.com\/wp-content\/uploads\/2022\/09\/Figurine-Pop-Zoro-Bras-Droit-De-Luffy.jpg","datePublished":"2022-09-27T20:55:08+00:00","dateModified":"2026-01-29T07:18:19+00:00","description":"Unge medlem av Straw Hat-g\u00e4nget, det \u00e4r dags f\u00f6r dig att skaffa den h\u00e4r Zoro Pop!-figuren, Luffys h\u00f6gra arm. H\u00e4r \u00e4r vad du beh\u00f6ver veta om honom: Zoro var den f\u00f6rsta medlemmen som gick med i Straw Hat-g\u00e4nget, och han \u00e4r dess f\u00f6rsta och fr\u00e4msta sv\u00e4rdsman. Hans ambition \u00e4r att bli...","breadcrumb":{"@id":"https:\/\/boutique-one-piece.com\/figurines-one-piece\/figurine-pop-zoro-bras-droit-de-luffy\/#breadcrumb"},"inLanguage":"sv-SE","potentialAction":[{"@type":"ReadAction","target":["https:\/\/boutique-one-piece.com\/figurines-one-piece\/figurine-pop-zoro-bras-droit-de-luffy\/"]}]},{"@type":"ImageObject","inLanguage":"sv-SE","@id":"https:\/\/boutique-one-piece.com\/figurines-one-piece\/figurine-pop-zoro-bras-droit-de-luffy\/#primaryimage","url":"https:\/\/boutique-one-piece.com\/wp-content\/uploads\/2022\/09\/Figurine-Pop-Zoro-Bras-Droit-De-Luffy.jpg","contentUrl":"https:\/\/boutique-one-piece.com\/wp-content\/uploads\/2022\/09\/Figurine-Pop-Zoro-Bras-Droit-De-Luffy.jpg","width":640,"height":640,"caption":"Figurine Pop Zoro Bras Droit De Luffy Default Title"},{"@type":"BreadcrumbList","@id":"https:\/\/boutique-one-piece.com\/figurines-one-piece\/figurine-pop-zoro-bras-droit-de-luffy\/#breadcrumb","itemListElement":[{"@type":"ListItem","position":1,"name":"Home","item":"https:\/\/boutique-one-piece.com\/"},{"@type":"ListItem","position":2,"name":"Shop","item":"https:\/\/boutique-one-piece.com\/shop\/"},{"@type":"ListItem","position":3,"name":"Figurine Pop Zoro Bras Droit De Luffy"}]},{"@type":"WebSite","@id":"https:\/\/boutique-one-piece.com\/#website","url":"https:\/\/boutique-one-piece.com\/","name":"One Piece-butik","description":"Specialbutik f\u00f6r One Piece Manga och Anime","publisher":{"@id":"https:\/\/boutique-one-piece.com\/#organization"},"potentialAction":[{"@type":"SearchAction","target":{"@type":"EntryPoint","urlTemplate":"https:\/\/boutique-one-piece.com\/?s={search_term_string}"},"query-input":{"@type":"PropertyValueSpecification","valueRequired":true,"valueName":"search_term_string"}}],"inLanguage":"sv-SE"},{"@type":"Organization","@id":"https:\/\/boutique-one-piece.com\/#organization","name":"One Piece-butik","url":"https:\/\/boutique-one-piece.com\/","logo":{"@type":"ImageObject","inLanguage":"sv-SE","@id":"https:\/\/boutique-one-piece.com\/#\/schema\/logo\/image\/","url":"https:\/\/boutique-one-piece.com\/wp-content\/uploads\/2022\/09\/Logo-01.png","contentUrl":"https:\/\/boutique-one-piece.com\/wp-content\/uploads\/2022\/09\/Logo-01.png","width":2318,"height":957,"caption":"Boutique One Piece"},"image":{"@id":"https:\/\/boutique-one-piece.com\/#\/schema\/logo\/image\/"}}]}},"_links":{"self":[{"href":"https:\/\/boutique-one-piece.com\/sv\/wp-json\/wp\/v2\/product\/12332","targetHints":{"allow":["GET"]}}],"collection":[{"href":"https:\/\/boutique-one-piece.com\/sv\/wp-json\/wp\/v2\/product"}],"about":[{"href":"https:\/\/boutique-one-piece.com\/sv\/wp-json\/wp\/v2\/types\/product"}],"replies":[{"embeddable":true,"href":"https:\/\/boutique-one-piece.com\/sv\/wp-json\/wp\/v2\/comments?post=12332"}],"wp:featuredmedia":[{"embeddable":true,"href":"https:\/\/boutique-one-piece.com\/sv\/wp-json\/wp\/v2\/media\/12334"}],"wp:attachment":[{"href":"https:\/\/boutique-one-piece.com\/sv\/wp-json\/wp\/v2\/media?parent=12332"}],"wp:term":[{"taxonomy":"product_brand","embeddable":true,"href":"https:\/\/boutique-one-piece.com\/sv\/wp-json\/wp\/v2\/product_brand?post=12332"},{"taxonomy":"product_cat","embeddable":true,"href":"https:\/\/boutique-one-piece.com\/sv\/wp-json\/wp\/v2\/product_cat?post=12332"},{"taxonomy":"product_tag","embeddable":true,"href":"https:\/\/boutique-one-piece.com\/sv\/wp-json\/wp\/v2\/product_tag?post=12332"}],"curies":[{"name":"wp","href":"https:\/\/api.w.org\/{rel}","templated":true}]}}