{"id":12365,"date":"2022-09-27T20:55:17","date_gmt":"2022-09-27T20:55:17","guid":{"rendered":"https:\/\/boutique-one-piece.com\/uncategorized\/tee-shirt-one-piece-luffy-nakama-equipage-pirate\/"},"modified":"2024-09-16T12:53:29","modified_gmt":"2024-09-16T12:53:29","slug":"one-piece-t-shirt-luffy-nakama-piratbesattning","status":"publish","type":"product","link":"https:\/\/boutique-one-piece.com\/sv\/one-piece-godsaker\/godsaker-apa-d-luffy-ett-stycke\/one-piece-t-shirt-luffy-nakama-piratbesattning\/","title":{"rendered":"One Piece T-shirt Luffy och hans Nakamas"},"content":{"rendered":"<p><meta charset=\"utf-8\"><\/p>\n<h2>\n<b>One Piece-t-shirt med f\u00f6rest\u00e4llningen av Luffy och hans bes\u00e4ttning, som v\u00e4cker piraten inom var och en av oss genom att f\u00f6lja Gol D. Rogers v\u00e4g.<\/b>\u00a0!<\/h2>\n<p>Om du \u00e4r en\u00a0<strong>riktig pirat<\/strong>, Du kommer att uppskatta\u00a0<strong>kvalitet<\/strong>\u00a0tyg och\u00a0<strong>3D-canvasutskrift<\/strong>\u00a0av detta\u00a0<strong>One Piece t-shirt<\/strong>\u00a0Men viktigast av allt, med detta\u00a0<strong>tryckt jersey<\/strong>\u00a0det \u00e4r f\u00f6r att du kommer att vara en del av\u00a0<strong>fanteamet<\/strong>\u00a0av\u00a0<strong>piratmanga<\/strong>\u00a0och du kommer att f\u00e5:<\/p>\n<ul>\n<li>\u00a0<strong>Beundran<\/strong>\u00a0av alla fans av\u00a0<strong>mugiwara<\/strong>\u00a0som du kommer att st\u00f6ta p\u00e5<\/li>\n<\/ul>\n<ul>\n<li>En riktig\u00a0<strong>tryckt t-shirt<\/strong>\u00a0med vilket du kan <strong>ansluta sig till<\/strong> bes\u00e4ttningen p\u00e5 <strong>Str\u00e5hatt<\/strong>\n<\/li>\n<\/ul>\n<p>S\u00e5, redo att b\u00e4ra\u00a0<strong>f\u00e4rger\u00a0<\/strong>av framtidens bes\u00e4ttning <strong>Piraternas kung<\/strong>\u00a0?<\/p>\n<h2>\u00c4r du ett fan av One Piece manga eller anime? Visa upp det med den h\u00e4r One Piece-tr\u00f6jan med tryck!<\/h2>\n<p>Om du\u00a0<strong>l\u00e4sa<\/strong>\u00a0eller vart du \u00e4n tittar\u00a0<span>\u00a0<\/span><strong>Japansk anime<\/strong>, Det finns en god chans att du har blivit\u00a0<strong>galen i One Piece<\/strong>\u00a0Med detta!<span>\u00a0<\/span><strong>One Piece T-shirt<span>\u00a0Luffy och hans Nakamas<\/span><\/strong>, g\u00e5 med i\u2019<strong>en grupp fans av franchisen<\/strong><\/p>\n<p>Detta\u00a0<strong>vit t-shirt<\/strong>\u00a0finns i storlekar\u00a0<strong>XS<\/strong>,<strong>\u00a0S<\/strong>,<strong>\u00a0M<\/strong>,<strong>\u00a0L<\/strong>,\u00a0<strong>XL<\/strong>,\u00a0<strong>XXL<\/strong>, Det passar alla kategorier av pirater.,<span>\u00a0<\/span><strong>man<\/strong>\u00a0Eller<span>\u00a0<\/span><strong>kvinnor<\/strong>, \u00e4ven om du inte har\u00a0<strong>sv\u00e4rd<\/strong>\u00a0eller\u00a0<strong>dj\u00e4vulens frukt<\/strong>\u00a0Du kan fortfarande b\u00e4ra den med stolthet.<\/p>\n<h2>Information om t-shirten:\u00a0<\/h2>\n<ul>\n<li>\u00a0<strong>Premiumjersey av h\u00f6gsta kvalitet\u00a0<\/strong>har en\u00a0<strong>h\u00f6g ytvikt<\/strong>, med kvalitetsmaterial<\/li>\n<\/ul>\n<ul>\n<li>\n<strong>L\u00f6s passform<\/strong>\u00a0:\u00a0\u00a0<strong>t-shirt<\/strong>\u00a0med en\u00a0<strong>brett snitt<\/strong>, f\u00f6r extra komfort<\/li>\n<\/ul>\n<ul>\n<li>\n<strong>Mycket bekv\u00e4m\u00a0<\/strong>med dessa\u00a0<strong>fibrer<\/strong>\u00a0av\u00a0<strong>bomull<\/strong>\u00a0stor\u00a0<strong>mjuk<\/strong>, det finns ingen\u00a0<strong>friktion<\/strong>\n<\/li>\n<\/ul>\n<ul>\n<li>\n<strong>3D digitalutskrift<\/strong>\u00a0:\u00a0<strong>tryckt t-shirt<\/strong>\u00a0med en originell design,\u00a0<strong>Canvastavla<\/strong>\n<\/li>\n<\/ul>\n<ul>\n<li>\n<strong>Organisk bomull\u00a0<\/strong>: kvalitetsbomull med\u00a0<strong>extra l\u00e5nga fibrer<\/strong>\n<\/li>\n<\/ul>\n<ul>\n<li>\n<strong>Fri leverans\u00a0<\/strong>f\u00f6r alla k\u00f6p<\/li>\n<\/ul>\n<h2><strong>Gl\u00f6m inte att ta en titt p\u00e5 storleksguiden nedan.<\/strong><\/h2>\n<p><span><img decoding=\"async\" alt=\"Storleksguide f\u00f6r One Piece T-shirts\" src=\"https:\/\/cdn.shopify.com\/s\/files\/1\/0087\/7556\/5348\/files\/boutque__one__piece__tableau__taille__t-shirt_large.jpg?v=1559655065\"><\/span><\/p>\n<p><meta charset=\"utf-8\"><\/p>\n<h3>Tv\u00e4ttinstruktioner:<\/h3>\n<ul>\n<li>Maskintv\u00e4tt 30\u00b0C, skonsam tv\u00e4tt<\/li>\n<\/ul>\n<ul>\n<li>G\u00e5 tillbaka till<span>\u00a0<\/span>det omv\u00e4nda<\/li>\n<\/ul>\n<p>F\u00f6r<span>\u00a0<\/span><strong>bevara kvaliteten<\/strong><span>\u00a0<\/span>av detta<span>\u00a0<\/span><strong>One Piece t-shirt<\/strong>, rekommenderar vi att du<span>\u00a0<\/span><strong>respektera<\/strong><span>\u00a0<\/span>DE<span>\u00a0<\/span><strong>tv\u00e4ttinstruktioner<\/strong>.<\/p>","protected":false},"excerpt":{"rendered":"<p>One Piece T-shirt med Luffy och hans bes\u00e4ttning. V\u00e4ck piraten inom var och en av oss genom att f\u00f6lja Gol D. Rogers v\u00e4g! Om du \u00e4r en sann pirat kommer du att uppskatta tygets kvalitet och 3D-canvastrycket p\u00e5 denna One Piece-t-shirt! Men viktigast av allt, med denna tryckta t-shirt kommer du att vara en del av fanskaran av piratmangan och du kommer att f\u00e5: Beundran fr\u00e5n alla [\u2026]<\/p>","protected":false},"featured_media":12367,"comment_status":"open","ping_status":"open","template":"","meta":[],"product_brand":[],"product_cat":[157,80,153,198,151,163,155,164,53,54],"product_tag":[158,165,129,274,92,154,205,112,144,113],"class_list":{"0":"post-12365","1":"product","2":"type-product","3":"status-publish","4":"has-post-thumbnail","6":"product_cat-goodies-brook-one-piece","7":"product_cat-goodies-monkey-d-luffy-one-piece","8":"product_cat-goodies-nami-one-piece","9":"product_cat-goodies-nico-robin-one-piece","10":"product_cat-goodies-roronoa-zoro-one-piece","11":"product_cat-goodies-tony-tony-chopper-one-piece","12":"product_cat-goodies-usopp-one-piece","13":"product_cat-goodies-vinsmoke-sanji-one-piece","14":"product_cat-t-shirts-one-piece","15":"product_cat-vetements-one-piece","16":"product_tag-brook","17":"product_tag-chopper","18":"product_tag-franky","19":"product_tag-jinbe","20":"product_tag-luffy","21":"product_tag-nami","22":"product_tag-robin","23":"product_tag-sanji","24":"product_tag-usopp","25":"product_tag-zoro","27":"first","28":"instock","29":"purchasable","30":"product-type-variable","31":"has-default-attributes"},"yoast_head":"<!-- This site is optimized with the Yoast SEO plugin v27.5 - https:\/\/yoast.com\/product\/yoast-seo-wordpress\/ -->\n<title>T-Shirt Luffy et ses Nakamas | Boutique One Piece<\/title>\n<meta name=\"description\" content=\"T-Shirt One Piece Luffy et son \u00c9quiage de pirate au Grand Complet Tr\u00e8s Haute Qualit\u00e9 R\u00e9veil le Pirate en Chacun de Nous, Rejoins l&#039;Equipage du Chapeau de Paille\" \/>\n<meta name=\"robots\" content=\"index, follow, max-snippet:-1, max-image-preview:large, max-video-preview:-1\" \/>\n<link rel=\"canonical\" href=\"https:\/\/boutique-one-piece.com\/sv\/one-piece-godsaker\/nico-robin-one-piece-merchandise\/one-piece-t-shirt-luffy-nakama-piratbesattning\/\" \/>\n<meta property=\"og:locale\" content=\"sv_SE\" \/>\n<meta property=\"og:type\" content=\"article\" \/>\n<meta property=\"og:title\" content=\"T-Shirt Luffy et ses Nakamas | Boutique One Piece\" \/>\n<meta property=\"og:description\" content=\"T-Shirt One Piece Luffy et son \u00c9quiage de pirate au Grand Complet Tr\u00e8s Haute Qualit\u00e9 R\u00e9veil le Pirate en Chacun de Nous, Rejoins l&#039;Equipage du Chapeau de Paille\" \/>\n<meta property=\"og:url\" content=\"https:\/\/boutique-one-piece.com\/sv\/one-piece-godsaker\/nico-robin-one-piece-merchandise\/one-piece-t-shirt-luffy-nakama-piratbesattning\/\" \/>\n<meta property=\"og:site_name\" content=\"Boutique One Piece\" \/>\n<meta property=\"article:modified_time\" content=\"2024-09-16T12:53:29+00:00\" \/>\n<meta property=\"og:image\" content=\"https:\/\/boutique-one-piece.com\/wp-content\/uploads\/2022\/09\/T-Shirt-One-Piece-Luffy-et-ses-Nakamas.jpg\" \/>\n\t<meta property=\"og:image:width\" content=\"600\" \/>\n\t<meta property=\"og:image:height\" content=\"600\" \/>\n\t<meta property=\"og:image:type\" content=\"image\/jpeg\" \/>\n<meta name=\"twitter:card\" content=\"summary_large_image\" \/>\n<meta name=\"twitter:label1\" content=\"Ber\u00e4knad l\u00e4stid\" \/>\n\t<meta name=\"twitter:data1\" content=\"2 minuter\" \/>\n<script type=\"application\/ld+json\" class=\"yoast-schema-graph\">{\"@context\":\"https:\\\/\\\/schema.org\",\"@graph\":[{\"@type\":\"WebPage\",\"@id\":\"https:\\\/\\\/boutique-one-piece.com\\\/goodies-one-piece\\\/goodies-nico-robin-one-piece\\\/tee-shirt-one-piece-luffy-nakama-equipage-pirate\\\/\",\"url\":\"https:\\\/\\\/boutique-one-piece.com\\\/goodies-one-piece\\\/goodies-nico-robin-one-piece\\\/tee-shirt-one-piece-luffy-nakama-equipage-pirate\\\/\",\"name\":\"T-Shirt Luffy et ses Nakamas | Boutique One Piece\",\"isPartOf\":{\"@id\":\"https:\\\/\\\/boutique-one-piece.com\\\/#website\"},\"primaryImageOfPage\":{\"@id\":\"https:\\\/\\\/boutique-one-piece.com\\\/goodies-one-piece\\\/goodies-nico-robin-one-piece\\\/tee-shirt-one-piece-luffy-nakama-equipage-pirate\\\/#primaryimage\"},\"image\":{\"@id\":\"https:\\\/\\\/boutique-one-piece.com\\\/goodies-one-piece\\\/goodies-nico-robin-one-piece\\\/tee-shirt-one-piece-luffy-nakama-equipage-pirate\\\/#primaryimage\"},\"thumbnailUrl\":\"https:\\\/\\\/boutique-one-piece.com\\\/wp-content\\\/uploads\\\/2022\\\/09\\\/T-Shirt-One-Piece-Luffy-et-ses-Nakamas.jpg\",\"datePublished\":\"2022-09-27T20:55:17+00:00\",\"dateModified\":\"2024-09-16T12:53:29+00:00\",\"description\":\"T-Shirt One Piece Luffy et son \u00c9quiage de pirate au Grand Complet Tr\u00e8s Haute Qualit\u00e9 R\u00e9veil le Pirate en Chacun de Nous, Rejoins l'Equipage du Chapeau de Paille\",\"breadcrumb\":{\"@id\":\"https:\\\/\\\/boutique-one-piece.com\\\/goodies-one-piece\\\/goodies-nico-robin-one-piece\\\/tee-shirt-one-piece-luffy-nakama-equipage-pirate\\\/#breadcrumb\"},\"inLanguage\":\"sv-SE\",\"potentialAction\":[{\"@type\":\"ReadAction\",\"target\":[\"https:\\\/\\\/boutique-one-piece.com\\\/goodies-one-piece\\\/goodies-nico-robin-one-piece\\\/tee-shirt-one-piece-luffy-nakama-equipage-pirate\\\/\"]}]},{\"@type\":\"ImageObject\",\"inLanguage\":\"sv-SE\",\"@id\":\"https:\\\/\\\/boutique-one-piece.com\\\/goodies-one-piece\\\/goodies-nico-robin-one-piece\\\/tee-shirt-one-piece-luffy-nakama-equipage-pirate\\\/#primaryimage\",\"url\":\"https:\\\/\\\/boutique-one-piece.com\\\/wp-content\\\/uploads\\\/2022\\\/09\\\/T-Shirt-One-Piece-Luffy-et-ses-Nakamas.jpg\",\"contentUrl\":\"https:\\\/\\\/boutique-one-piece.com\\\/wp-content\\\/uploads\\\/2022\\\/09\\\/T-Shirt-One-Piece-Luffy-et-ses-Nakamas.jpg\",\"width\":600,\"height\":600,\"caption\":\"T-Shirt One Piece Luffy et ses Nakamas xxl\"},{\"@type\":\"BreadcrumbList\",\"@id\":\"https:\\\/\\\/boutique-one-piece.com\\\/goodies-one-piece\\\/goodies-nico-robin-one-piece\\\/tee-shirt-one-piece-luffy-nakama-equipage-pirate\\\/#breadcrumb\",\"itemListElement\":[{\"@type\":\"ListItem\",\"position\":1,\"name\":\"Home\",\"item\":\"https:\\\/\\\/boutique-one-piece.com\\\/\"},{\"@type\":\"ListItem\",\"position\":2,\"name\":\"Shop\",\"item\":\"https:\\\/\\\/boutique-one-piece.com\\\/shop\\\/\"},{\"@type\":\"ListItem\",\"position\":3,\"name\":\"T-Shirt One Piece Luffy et ses Nakamas\"}]},{\"@type\":\"WebSite\",\"@id\":\"https:\\\/\\\/boutique-one-piece.com\\\/#website\",\"url\":\"https:\\\/\\\/boutique-one-piece.com\\\/\",\"name\":\"Boutique One Piece\",\"description\":\"Magasin Sp\u00e9cialis\u00e9 du Manga et l&#039;Anime One Piece\",\"publisher\":{\"@id\":\"https:\\\/\\\/boutique-one-piece.com\\\/#organization\"},\"potentialAction\":[{\"@type\":\"SearchAction\",\"target\":{\"@type\":\"EntryPoint\",\"urlTemplate\":\"https:\\\/\\\/boutique-one-piece.com\\\/?s={search_term_string}\"},\"query-input\":{\"@type\":\"PropertyValueSpecification\",\"valueRequired\":true,\"valueName\":\"search_term_string\"}}],\"inLanguage\":\"sv-SE\"},{\"@type\":\"Organization\",\"@id\":\"https:\\\/\\\/boutique-one-piece.com\\\/#organization\",\"name\":\"Boutique One Piece\",\"url\":\"https:\\\/\\\/boutique-one-piece.com\\\/\",\"logo\":{\"@type\":\"ImageObject\",\"inLanguage\":\"sv-SE\",\"@id\":\"https:\\\/\\\/boutique-one-piece.com\\\/#\\\/schema\\\/logo\\\/image\\\/\",\"url\":\"https:\\\/\\\/boutique-one-piece.com\\\/wp-content\\\/uploads\\\/2022\\\/09\\\/Logo-01.png\",\"contentUrl\":\"https:\\\/\\\/boutique-one-piece.com\\\/wp-content\\\/uploads\\\/2022\\\/09\\\/Logo-01.png\",\"width\":2318,\"height\":957,\"caption\":\"Boutique One Piece\"},\"image\":{\"@id\":\"https:\\\/\\\/boutique-one-piece.com\\\/#\\\/schema\\\/logo\\\/image\\\/\"}}]}<\/script>\n<!-- \/ Yoast SEO plugin. -->","yoast_head_json":{"title":"Luffy och hans Nakamas T-shirt | One Piece Shop","description":"One Piece T-shirt med Luffy och hela hans piratbes\u00e4ttning. Mycket h\u00f6g kvalitet. V\u00e4ck piraten i alla! G\u00e5 med i Straw Hat-g\u00e4nget!","robots":{"index":"index","follow":"follow","max-snippet":"max-snippet:-1","max-image-preview":"max-image-preview:large","max-video-preview":"max-video-preview:-1"},"canonical":"https:\/\/boutique-one-piece.com\/sv\/one-piece-godsaker\/nico-robin-one-piece-merchandise\/one-piece-t-shirt-luffy-nakama-piratbesattning\/","og_locale":"sv_SE","og_type":"article","og_title":"T-Shirt Luffy et ses Nakamas | Boutique One Piece","og_description":"T-Shirt One Piece Luffy et son \u00c9quiage de pirate au Grand Complet Tr\u00e8s Haute Qualit\u00e9 R\u00e9veil le Pirate en Chacun de Nous, Rejoins l'Equipage du Chapeau de Paille","og_url":"https:\/\/boutique-one-piece.com\/sv\/one-piece-godsaker\/nico-robin-one-piece-merchandise\/one-piece-t-shirt-luffy-nakama-piratbesattning\/","og_site_name":"Boutique One Piece","article_modified_time":"2024-09-16T12:53:29+00:00","og_image":[{"width":600,"height":600,"url":"https:\/\/boutique-one-piece.com\/wp-content\/uploads\/2022\/09\/T-Shirt-One-Piece-Luffy-et-ses-Nakamas.jpg","type":"image\/jpeg"}],"twitter_card":"summary_large_image","twitter_misc":{"Ber\u00e4knad l\u00e4stid":"2 minuter"},"schema":{"@context":"https:\/\/schema.org","@graph":[{"@type":"WebPage","@id":"https:\/\/boutique-one-piece.com\/goodies-one-piece\/goodies-nico-robin-one-piece\/tee-shirt-one-piece-luffy-nakama-equipage-pirate\/","url":"https:\/\/boutique-one-piece.com\/goodies-one-piece\/goodies-nico-robin-one-piece\/tee-shirt-one-piece-luffy-nakama-equipage-pirate\/","name":"Luffy och hans Nakamas T-shirt | One Piece Shop","isPartOf":{"@id":"https:\/\/boutique-one-piece.com\/#website"},"primaryImageOfPage":{"@id":"https:\/\/boutique-one-piece.com\/goodies-one-piece\/goodies-nico-robin-one-piece\/tee-shirt-one-piece-luffy-nakama-equipage-pirate\/#primaryimage"},"image":{"@id":"https:\/\/boutique-one-piece.com\/goodies-one-piece\/goodies-nico-robin-one-piece\/tee-shirt-one-piece-luffy-nakama-equipage-pirate\/#primaryimage"},"thumbnailUrl":"https:\/\/boutique-one-piece.com\/wp-content\/uploads\/2022\/09\/T-Shirt-One-Piece-Luffy-et-ses-Nakamas.jpg","datePublished":"2022-09-27T20:55:17+00:00","dateModified":"2024-09-16T12:53:29+00:00","description":"One Piece T-shirt med Luffy och hela hans piratbes\u00e4ttning. Mycket h\u00f6g kvalitet. V\u00e4ck piraten i alla! G\u00e5 med i Straw Hat-g\u00e4nget!","breadcrumb":{"@id":"https:\/\/boutique-one-piece.com\/goodies-one-piece\/goodies-nico-robin-one-piece\/tee-shirt-one-piece-luffy-nakama-equipage-pirate\/#breadcrumb"},"inLanguage":"sv-SE","potentialAction":[{"@type":"ReadAction","target":["https:\/\/boutique-one-piece.com\/goodies-one-piece\/goodies-nico-robin-one-piece\/tee-shirt-one-piece-luffy-nakama-equipage-pirate\/"]}]},{"@type":"ImageObject","inLanguage":"sv-SE","@id":"https:\/\/boutique-one-piece.com\/goodies-one-piece\/goodies-nico-robin-one-piece\/tee-shirt-one-piece-luffy-nakama-equipage-pirate\/#primaryimage","url":"https:\/\/boutique-one-piece.com\/wp-content\/uploads\/2022\/09\/T-Shirt-One-Piece-Luffy-et-ses-Nakamas.jpg","contentUrl":"https:\/\/boutique-one-piece.com\/wp-content\/uploads\/2022\/09\/T-Shirt-One-Piece-Luffy-et-ses-Nakamas.jpg","width":600,"height":600,"caption":"T-Shirt One Piece Luffy et ses Nakamas xxl"},{"@type":"BreadcrumbList","@id":"https:\/\/boutique-one-piece.com\/goodies-one-piece\/goodies-nico-robin-one-piece\/tee-shirt-one-piece-luffy-nakama-equipage-pirate\/#breadcrumb","itemListElement":[{"@type":"ListItem","position":1,"name":"Home","item":"https:\/\/boutique-one-piece.com\/"},{"@type":"ListItem","position":2,"name":"Shop","item":"https:\/\/boutique-one-piece.com\/shop\/"},{"@type":"ListItem","position":3,"name":"T-Shirt One Piece Luffy et ses Nakamas"}]},{"@type":"WebSite","@id":"https:\/\/boutique-one-piece.com\/#website","url":"https:\/\/boutique-one-piece.com\/","name":"One Piece-butik","description":"Specialbutik f\u00f6r One Piece Manga och Anime","publisher":{"@id":"https:\/\/boutique-one-piece.com\/#organization"},"potentialAction":[{"@type":"SearchAction","target":{"@type":"EntryPoint","urlTemplate":"https:\/\/boutique-one-piece.com\/?s={search_term_string}"},"query-input":{"@type":"PropertyValueSpecification","valueRequired":true,"valueName":"search_term_string"}}],"inLanguage":"sv-SE"},{"@type":"Organization","@id":"https:\/\/boutique-one-piece.com\/#organization","name":"One Piece-butik","url":"https:\/\/boutique-one-piece.com\/","logo":{"@type":"ImageObject","inLanguage":"sv-SE","@id":"https:\/\/boutique-one-piece.com\/#\/schema\/logo\/image\/","url":"https:\/\/boutique-one-piece.com\/wp-content\/uploads\/2022\/09\/Logo-01.png","contentUrl":"https:\/\/boutique-one-piece.com\/wp-content\/uploads\/2022\/09\/Logo-01.png","width":2318,"height":957,"caption":"Boutique One Piece"},"image":{"@id":"https:\/\/boutique-one-piece.com\/#\/schema\/logo\/image\/"}}]}},"_links":{"self":[{"href":"https:\/\/boutique-one-piece.com\/sv\/wp-json\/wp\/v2\/product\/12365","targetHints":{"allow":["GET"]}}],"collection":[{"href":"https:\/\/boutique-one-piece.com\/sv\/wp-json\/wp\/v2\/product"}],"about":[{"href":"https:\/\/boutique-one-piece.com\/sv\/wp-json\/wp\/v2\/types\/product"}],"replies":[{"embeddable":true,"href":"https:\/\/boutique-one-piece.com\/sv\/wp-json\/wp\/v2\/comments?post=12365"}],"wp:featuredmedia":[{"embeddable":true,"href":"https:\/\/boutique-one-piece.com\/sv\/wp-json\/wp\/v2\/media\/12367"}],"wp:attachment":[{"href":"https:\/\/boutique-one-piece.com\/sv\/wp-json\/wp\/v2\/media?parent=12365"}],"wp:term":[{"taxonomy":"product_brand","embeddable":true,"href":"https:\/\/boutique-one-piece.com\/sv\/wp-json\/wp\/v2\/product_brand?post=12365"},{"taxonomy":"product_cat","embeddable":true,"href":"https:\/\/boutique-one-piece.com\/sv\/wp-json\/wp\/v2\/product_cat?post=12365"},{"taxonomy":"product_tag","embeddable":true,"href":"https:\/\/boutique-one-piece.com\/sv\/wp-json\/wp\/v2\/product_tag?post=12365"}],"curies":[{"name":"wp","href":"https:\/\/api.w.org\/{rel}","templated":true}]}}