{"id":12391,"date":"2022-09-27T20:55:32","date_gmt":"2022-09-27T20:55:32","guid":{"rendered":"https:\/\/boutique-one-piece.com\/uncategorized\/avis-de-recherche-one-piece-bartolomeo-wanted\/"},"modified":"2024-09-16T12:53:53","modified_gmt":"2024-09-16T12:53:53","slug":"one-piece-sokes-affisch-bartolomeo-sokes","status":"publish","type":"product","link":"https:\/\/boutique-one-piece.com\/sv\/one-piece-efterlysningsaffisch\/one-piece-sokes-affisch-bartolomeo-sokes\/","title":{"rendered":"Bartolomeo \u00f6nskas meddelande"},"content":{"rendered":"<h2>Tu cherches \u00e0 red\u00e9corer ta chambre ? Dans ce cas, laisse-toi tenter par l\u2019Avis de Recherche Bartolomeo Wanted.<\/h2>\n<p>Om du gillar vad som h\u00e4nder i One Piece in the New World, och s\u00e4rskilt i Dressrosa, borde du uppskatta Bartolomeo, som \u00e4r en <strong>kapten<\/strong> et un rookie d\u2019une g\u00e9n\u00e9ration post\u00e9rieure \u00e0 celle de Luffy. C\u2019est un grand <strong>Luffy-fan<\/strong> som bevittnade det misslyckade avr\u00e4ttningsf\u00f6rs\u00f6ket av clownen Kapten Buggy i Loguetown. N\u00e4r Luffy r\u00e4ddades av blixten trodde Bartolemeo att han hade bevittnat ett mirakel och blev omedelbart Luffys st\u00f6rsta fan.<\/p>\n<p>Bartolemo \u00e5t frukten av <strong>Bari Bari no mi<\/strong>, qui lui permet de cr\u00e9er des barri\u00e8res pour se prot\u00e9ger, mais il s\u2019en sert aussi en en entourant ses mains pour attaquer ses adversaires. Il est le commandant de la seconde flotte de la Grande Flotte de Mugiwara.<\/p>\n<h3>Med denna poster trogen de efterl\u00e4ngtade affischerna fr\u00e5n One Piece kommer Bartolomeo stolt att pryda din v\u00e4gg.<\/h3>\n<p>Dekorera ditt sovrum eller kontor med detta<strong> Bartolomeos Efterlysningsaffisch<\/strong> som visar summan av 200 miljoner Berry f\u00f6r dess tillf\u00e5ngatagande d\u00f6d eller levande, detta kommer att ge en touch av klass fr\u00e5n din favoritmanga.<\/p>\n<p>Om du gillar v\u00e5ra &quot;Efterlysningsaffischer&quot;, borde du gilla den h\u00e4r. <a href=\"https:\/\/boutique-one-piece.com\/sv\/one-piece-efterlysningsaffisch\/produkter\/ville-ha-meddelande-one-piece-monkey-d-luffy-ville-ha\/\" target=\"_blank\" title=\"Luffy ville ha en affisch\" rel=\"noopener noreferrer\">Luffy ville ha en affisch<\/a>.<\/p>\n<h2>Informations sur l\u2019Affiche One Piece Wanted Bartolomeo<\/h2>\n<ul>\n<li><span><b><u>One Piece Wanted-affisch<\/u><\/b>\u00a0: v\u00e9ritable Avis De Recherche de l\u2019univers One Piece pour les vrais pirates<\/span><\/li>\n<\/ul>\n<ul>\n<li>\n<b><u>Bartolomeos bonus<\/u><\/b>\u00a0200 000 000 b\u00e4r<\/li>\n<\/ul>\n<ul>\n<li><span><strong>H\u00f6gkvalitativ utskrift<\/strong>\u00a0exakta f\u00e4rger<\/span><\/li>\n<\/ul>\n<ul>\n<li>\n<strong>Dimensionera<\/strong>\u00a0: 51 cm x 36 cm<\/li>\n<\/ul>\n<ul>\n<li><span><strong>FRI LEVERANS<\/strong><\/span><\/li>\n<\/ul>","protected":false},"excerpt":{"rendered":"<p>Tu cherches \u00e0 red\u00e9corer ta chambre ? Dans ce cas, laisse-toi tenter par l\u2019Avis de Recherche Bartolomeo Wanted. Si tu aimes ce qui se passe dans One Piece au niveau du Nouveau Monde et plus particuli\u00e8rement \u00e0 Dressrosa, tu dois appr\u00e9cier Bartolomeo qui est un capitaine et un rookie d\u2019une g\u00e9n\u00e9ration post\u00e9rieure \u00e0 celle de [&hellip;]<\/p>","protected":false},"featured_media":12393,"comment_status":"open","ping_status":"open","template":"","meta":[],"product_brand":[],"product_cat":[171],"product_tag":[],"class_list":{"0":"post-12391","1":"product","2":"type-product","3":"status-publish","4":"has-post-thumbnail","6":"product_cat-avis-de-recherche-one-piece","8":"first","9":"instock","10":"purchasable","11":"product-type-simple"},"yoast_head":"<!-- This site is optimized with the Yoast SEO plugin v27.5 - https:\/\/yoast.com\/product\/yoast-seo-wordpress\/ -->\n<title>Avis de Recherche One Piece Bartolomeo Wanted | D\u00e9coration One Piece \u2013 Boutique One Piece<\/title>\n<meta name=\"description\" content=\"Tu cherches \u00e0 red\u00e9corer ta chambre ? Dans ce cas, laisse-toi tenter par l&#039;Avis de Recherche Bartolomeo Wanted. Si tu aimes ce qui se passe dans One Piece au niveau du Nouveau Monde et plus particuli\u00e8rement \u00e0 Dressrosa, tu dois appr\u00e9cier Bartolomeo qui est un capitaine et un rookie d&#039;une g\u00e9n\u00e9ration post\u00e9rieure \u00e0 celle d\" \/>\n<meta name=\"robots\" content=\"index, follow, max-snippet:-1, max-image-preview:large, max-video-preview:-1\" \/>\n<link rel=\"canonical\" href=\"https:\/\/boutique-one-piece.com\/sv\/one-piece-efterlysningsaffisch\/one-piece-sokes-affisch-bartolomeo-sokes\/\" \/>\n<meta property=\"og:locale\" content=\"sv_SE\" \/>\n<meta property=\"og:type\" content=\"article\" \/>\n<meta property=\"og:title\" content=\"Avis de Recherche One Piece Bartolomeo Wanted | D\u00e9coration One Piece \u2013 Boutique One Piece\" \/>\n<meta property=\"og:description\" content=\"Tu cherches \u00e0 red\u00e9corer ta chambre ? Dans ce cas, laisse-toi tenter par l&#039;Avis de Recherche Bartolomeo Wanted. Si tu aimes ce qui se passe dans One Piece au niveau du Nouveau Monde et plus particuli\u00e8rement \u00e0 Dressrosa, tu dois appr\u00e9cier Bartolomeo qui est un capitaine et un rookie d&#039;une g\u00e9n\u00e9ration post\u00e9rieure \u00e0 celle d\" \/>\n<meta property=\"og:url\" content=\"https:\/\/boutique-one-piece.com\/sv\/one-piece-efterlysningsaffisch\/one-piece-sokes-affisch-bartolomeo-sokes\/\" \/>\n<meta property=\"og:site_name\" content=\"Boutique One Piece\" \/>\n<meta property=\"article:modified_time\" content=\"2024-09-16T12:53:53+00:00\" \/>\n<meta property=\"og:image\" content=\"https:\/\/boutique-one-piece.com\/wp-content\/uploads\/2022\/09\/Avis-de-Recherche-Bartolomeo-Wanted-1.jpg\" \/>\n\t<meta property=\"og:image:width\" content=\"800\" \/>\n\t<meta property=\"og:image:height\" content=\"800\" \/>\n\t<meta property=\"og:image:type\" content=\"image\/jpeg\" \/>\n<meta name=\"twitter:card\" content=\"summary_large_image\" \/>\n<meta name=\"twitter:label1\" content=\"Ber\u00e4knad l\u00e4stid\" \/>\n\t<meta name=\"twitter:data1\" content=\"1 minut\" \/>\n<script type=\"application\/ld+json\" class=\"yoast-schema-graph\">{\"@context\":\"https:\\\/\\\/schema.org\",\"@graph\":[{\"@type\":\"WebPage\",\"@id\":\"https:\\\/\\\/boutique-one-piece.com\\\/avis-de-recherche-one-piece\\\/avis-de-recherche-one-piece-bartolomeo-wanted\\\/\",\"url\":\"https:\\\/\\\/boutique-one-piece.com\\\/avis-de-recherche-one-piece\\\/avis-de-recherche-one-piece-bartolomeo-wanted\\\/\",\"name\":\"Avis de Recherche One Piece Bartolomeo Wanted | D\u00e9coration One Piece \u2013 Boutique One Piece\",\"isPartOf\":{\"@id\":\"https:\\\/\\\/boutique-one-piece.com\\\/#website\"},\"primaryImageOfPage\":{\"@id\":\"https:\\\/\\\/boutique-one-piece.com\\\/avis-de-recherche-one-piece\\\/avis-de-recherche-one-piece-bartolomeo-wanted\\\/#primaryimage\"},\"image\":{\"@id\":\"https:\\\/\\\/boutique-one-piece.com\\\/avis-de-recherche-one-piece\\\/avis-de-recherche-one-piece-bartolomeo-wanted\\\/#primaryimage\"},\"thumbnailUrl\":\"https:\\\/\\\/boutique-one-piece.com\\\/wp-content\\\/uploads\\\/2022\\\/09\\\/Avis-de-Recherche-Bartolomeo-Wanted-1.jpg\",\"datePublished\":\"2022-09-27T20:55:32+00:00\",\"dateModified\":\"2024-09-16T12:53:53+00:00\",\"description\":\"Tu cherches \u00e0 red\u00e9corer ta chambre ? Dans ce cas, laisse-toi tenter par l'Avis de Recherche Bartolomeo Wanted. Si tu aimes ce qui se passe dans One Piece au niveau du Nouveau Monde et plus particuli\u00e8rement \u00e0 Dressrosa, tu dois appr\u00e9cier Bartolomeo qui est un capitaine et un rookie d'une g\u00e9n\u00e9ration post\u00e9rieure \u00e0 celle d\",\"breadcrumb\":{\"@id\":\"https:\\\/\\\/boutique-one-piece.com\\\/avis-de-recherche-one-piece\\\/avis-de-recherche-one-piece-bartolomeo-wanted\\\/#breadcrumb\"},\"inLanguage\":\"sv-SE\",\"potentialAction\":[{\"@type\":\"ReadAction\",\"target\":[\"https:\\\/\\\/boutique-one-piece.com\\\/avis-de-recherche-one-piece\\\/avis-de-recherche-one-piece-bartolomeo-wanted\\\/\"]}]},{\"@type\":\"ImageObject\",\"inLanguage\":\"sv-SE\",\"@id\":\"https:\\\/\\\/boutique-one-piece.com\\\/avis-de-recherche-one-piece\\\/avis-de-recherche-one-piece-bartolomeo-wanted\\\/#primaryimage\",\"url\":\"https:\\\/\\\/boutique-one-piece.com\\\/wp-content\\\/uploads\\\/2022\\\/09\\\/Avis-de-Recherche-Bartolomeo-Wanted-1.jpg\",\"contentUrl\":\"https:\\\/\\\/boutique-one-piece.com\\\/wp-content\\\/uploads\\\/2022\\\/09\\\/Avis-de-Recherche-Bartolomeo-Wanted-1.jpg\",\"width\":800,\"height\":800},{\"@type\":\"BreadcrumbList\",\"@id\":\"https:\\\/\\\/boutique-one-piece.com\\\/avis-de-recherche-one-piece\\\/avis-de-recherche-one-piece-bartolomeo-wanted\\\/#breadcrumb\",\"itemListElement\":[{\"@type\":\"ListItem\",\"position\":1,\"name\":\"Home\",\"item\":\"https:\\\/\\\/boutique-one-piece.com\\\/\"},{\"@type\":\"ListItem\",\"position\":2,\"name\":\"Shop\",\"item\":\"https:\\\/\\\/boutique-one-piece.com\\\/shop\\\/\"},{\"@type\":\"ListItem\",\"position\":3,\"name\":\"Avis de Recherche Bartolomeo Wanted\"}]},{\"@type\":\"WebSite\",\"@id\":\"https:\\\/\\\/boutique-one-piece.com\\\/#website\",\"url\":\"https:\\\/\\\/boutique-one-piece.com\\\/\",\"name\":\"Boutique One Piece\",\"description\":\"Magasin Sp\u00e9cialis\u00e9 du Manga et l&#039;Anime One Piece\",\"publisher\":{\"@id\":\"https:\\\/\\\/boutique-one-piece.com\\\/#organization\"},\"potentialAction\":[{\"@type\":\"SearchAction\",\"target\":{\"@type\":\"EntryPoint\",\"urlTemplate\":\"https:\\\/\\\/boutique-one-piece.com\\\/?s={search_term_string}\"},\"query-input\":{\"@type\":\"PropertyValueSpecification\",\"valueRequired\":true,\"valueName\":\"search_term_string\"}}],\"inLanguage\":\"sv-SE\"},{\"@type\":\"Organization\",\"@id\":\"https:\\\/\\\/boutique-one-piece.com\\\/#organization\",\"name\":\"Boutique One Piece\",\"url\":\"https:\\\/\\\/boutique-one-piece.com\\\/\",\"logo\":{\"@type\":\"ImageObject\",\"inLanguage\":\"sv-SE\",\"@id\":\"https:\\\/\\\/boutique-one-piece.com\\\/#\\\/schema\\\/logo\\\/image\\\/\",\"url\":\"https:\\\/\\\/boutique-one-piece.com\\\/wp-content\\\/uploads\\\/2022\\\/09\\\/Logo-01.png\",\"contentUrl\":\"https:\\\/\\\/boutique-one-piece.com\\\/wp-content\\\/uploads\\\/2022\\\/09\\\/Logo-01.png\",\"width\":2318,\"height\":957,\"caption\":\"Boutique One Piece\"},\"image\":{\"@id\":\"https:\\\/\\\/boutique-one-piece.com\\\/#\\\/schema\\\/logo\\\/image\\\/\"}}]}<\/script>\n<!-- \/ Yoast SEO plugin. -->","yoast_head_json":{"title":"One Piece-s\u00e4ljes: Bartolomeo s\u00f6kes | One Piece-dekorationer \u2013 One Piece-butiken","description":"Vill du g\u00f6ra om ditt rum? Kolla d\u00e5 in Bartolomeo Wanted-affischen. Om du \u00e4r ett fan av One Pieces New World-serie, s\u00e4rskilt Dressrosa, kommer du att \u00e4lska Bartolomeo, en kapten och rookie fr\u00e5n en senare generation.","robots":{"index":"index","follow":"follow","max-snippet":"max-snippet:-1","max-image-preview":"max-image-preview:large","max-video-preview":"max-video-preview:-1"},"canonical":"https:\/\/boutique-one-piece.com\/sv\/one-piece-efterlysningsaffisch\/one-piece-sokes-affisch-bartolomeo-sokes\/","og_locale":"sv_SE","og_type":"article","og_title":"Avis de Recherche One Piece Bartolomeo Wanted | D\u00e9coration One Piece \u2013 Boutique One Piece","og_description":"Tu cherches \u00e0 red\u00e9corer ta chambre ? Dans ce cas, laisse-toi tenter par l'Avis de Recherche Bartolomeo Wanted. Si tu aimes ce qui se passe dans One Piece au niveau du Nouveau Monde et plus particuli\u00e8rement \u00e0 Dressrosa, tu dois appr\u00e9cier Bartolomeo qui est un capitaine et un rookie d'une g\u00e9n\u00e9ration post\u00e9rieure \u00e0 celle d","og_url":"https:\/\/boutique-one-piece.com\/sv\/one-piece-efterlysningsaffisch\/one-piece-sokes-affisch-bartolomeo-sokes\/","og_site_name":"Boutique One Piece","article_modified_time":"2024-09-16T12:53:53+00:00","og_image":[{"width":800,"height":800,"url":"https:\/\/boutique-one-piece.com\/wp-content\/uploads\/2022\/09\/Avis-de-Recherche-Bartolomeo-Wanted-1.jpg","type":"image\/jpeg"}],"twitter_card":"summary_large_image","twitter_misc":{"Ber\u00e4knad l\u00e4stid":"1 minut"},"schema":{"@context":"https:\/\/schema.org","@graph":[{"@type":"WebPage","@id":"https:\/\/boutique-one-piece.com\/avis-de-recherche-one-piece\/avis-de-recherche-one-piece-bartolomeo-wanted\/","url":"https:\/\/boutique-one-piece.com\/avis-de-recherche-one-piece\/avis-de-recherche-one-piece-bartolomeo-wanted\/","name":"One Piece-s\u00e4ljes: Bartolomeo s\u00f6kes | One Piece-dekorationer \u2013 One Piece-butiken","isPartOf":{"@id":"https:\/\/boutique-one-piece.com\/#website"},"primaryImageOfPage":{"@id":"https:\/\/boutique-one-piece.com\/avis-de-recherche-one-piece\/avis-de-recherche-one-piece-bartolomeo-wanted\/#primaryimage"},"image":{"@id":"https:\/\/boutique-one-piece.com\/avis-de-recherche-one-piece\/avis-de-recherche-one-piece-bartolomeo-wanted\/#primaryimage"},"thumbnailUrl":"https:\/\/boutique-one-piece.com\/wp-content\/uploads\/2022\/09\/Avis-de-Recherche-Bartolomeo-Wanted-1.jpg","datePublished":"2022-09-27T20:55:32+00:00","dateModified":"2024-09-16T12:53:53+00:00","description":"Vill du g\u00f6ra om ditt rum? Kolla d\u00e5 in Bartolomeo Wanted-affischen. Om du \u00e4r ett fan av One Pieces New World-serie, s\u00e4rskilt Dressrosa, kommer du att \u00e4lska Bartolomeo, en kapten och rookie fr\u00e5n en senare generation.","breadcrumb":{"@id":"https:\/\/boutique-one-piece.com\/avis-de-recherche-one-piece\/avis-de-recherche-one-piece-bartolomeo-wanted\/#breadcrumb"},"inLanguage":"sv-SE","potentialAction":[{"@type":"ReadAction","target":["https:\/\/boutique-one-piece.com\/avis-de-recherche-one-piece\/avis-de-recherche-one-piece-bartolomeo-wanted\/"]}]},{"@type":"ImageObject","inLanguage":"sv-SE","@id":"https:\/\/boutique-one-piece.com\/avis-de-recherche-one-piece\/avis-de-recherche-one-piece-bartolomeo-wanted\/#primaryimage","url":"https:\/\/boutique-one-piece.com\/wp-content\/uploads\/2022\/09\/Avis-de-Recherche-Bartolomeo-Wanted-1.jpg","contentUrl":"https:\/\/boutique-one-piece.com\/wp-content\/uploads\/2022\/09\/Avis-de-Recherche-Bartolomeo-Wanted-1.jpg","width":800,"height":800},{"@type":"BreadcrumbList","@id":"https:\/\/boutique-one-piece.com\/avis-de-recherche-one-piece\/avis-de-recherche-one-piece-bartolomeo-wanted\/#breadcrumb","itemListElement":[{"@type":"ListItem","position":1,"name":"Home","item":"https:\/\/boutique-one-piece.com\/"},{"@type":"ListItem","position":2,"name":"Shop","item":"https:\/\/boutique-one-piece.com\/shop\/"},{"@type":"ListItem","position":3,"name":"Avis de Recherche Bartolomeo Wanted"}]},{"@type":"WebSite","@id":"https:\/\/boutique-one-piece.com\/#website","url":"https:\/\/boutique-one-piece.com\/","name":"One Piece-butik","description":"Specialbutik f\u00f6r One Piece Manga och Anime","publisher":{"@id":"https:\/\/boutique-one-piece.com\/#organization"},"potentialAction":[{"@type":"SearchAction","target":{"@type":"EntryPoint","urlTemplate":"https:\/\/boutique-one-piece.com\/?s={search_term_string}"},"query-input":{"@type":"PropertyValueSpecification","valueRequired":true,"valueName":"search_term_string"}}],"inLanguage":"sv-SE"},{"@type":"Organization","@id":"https:\/\/boutique-one-piece.com\/#organization","name":"One Piece-butik","url":"https:\/\/boutique-one-piece.com\/","logo":{"@type":"ImageObject","inLanguage":"sv-SE","@id":"https:\/\/boutique-one-piece.com\/#\/schema\/logo\/image\/","url":"https:\/\/boutique-one-piece.com\/wp-content\/uploads\/2022\/09\/Logo-01.png","contentUrl":"https:\/\/boutique-one-piece.com\/wp-content\/uploads\/2022\/09\/Logo-01.png","width":2318,"height":957,"caption":"Boutique One Piece"},"image":{"@id":"https:\/\/boutique-one-piece.com\/#\/schema\/logo\/image\/"}}]}},"_links":{"self":[{"href":"https:\/\/boutique-one-piece.com\/sv\/wp-json\/wp\/v2\/product\/12391","targetHints":{"allow":["GET"]}}],"collection":[{"href":"https:\/\/boutique-one-piece.com\/sv\/wp-json\/wp\/v2\/product"}],"about":[{"href":"https:\/\/boutique-one-piece.com\/sv\/wp-json\/wp\/v2\/types\/product"}],"replies":[{"embeddable":true,"href":"https:\/\/boutique-one-piece.com\/sv\/wp-json\/wp\/v2\/comments?post=12391"}],"wp:featuredmedia":[{"embeddable":true,"href":"https:\/\/boutique-one-piece.com\/sv\/wp-json\/wp\/v2\/media\/12393"}],"wp:attachment":[{"href":"https:\/\/boutique-one-piece.com\/sv\/wp-json\/wp\/v2\/media?parent=12391"}],"wp:term":[{"taxonomy":"product_brand","embeddable":true,"href":"https:\/\/boutique-one-piece.com\/sv\/wp-json\/wp\/v2\/product_brand?post=12391"},{"taxonomy":"product_cat","embeddable":true,"href":"https:\/\/boutique-one-piece.com\/sv\/wp-json\/wp\/v2\/product_cat?post=12391"},{"taxonomy":"product_tag","embeddable":true,"href":"https:\/\/boutique-one-piece.com\/sv\/wp-json\/wp\/v2\/product_tag?post=12391"}],"curies":[{"name":"wp","href":"https:\/\/api.w.org\/{rel}","templated":true}]}}