{"id":12473,"date":"2022-09-27T20:55:55","date_gmt":"2022-09-27T20:55:55","guid":{"rendered":"https:\/\/boutique-one-piece.com\/uncategorized\/tableau-one-piece-lequipage-du-chapeau-de-paille\/"},"modified":"2024-09-16T12:56:12","modified_gmt":"2024-09-16T12:56:12","slug":"one-piece-malning-straw-hat-ganget","status":"publish","type":"product","link":"https:\/\/boutique-one-piece.com\/sv\/one-piece-godsaker\/roronoa-zoro-godsaker-i-ett-stycke\/one-piece-malning-straw-hat-ganget\/","title":{"rendered":"One Piece str\u00e5hatt-bes\u00e4ttningsm\u00e5lning"},"content":{"rendered":"<p><meta charset=\"utf-8\"><meta charset=\"utf-8\"><\/p>\n<h2>One Piece Canvastavla med 3 paneler, f\u00f6rest\u00e4llande halmhattpiraterna i tre olika situationer \u2013 En canvastavla av h\u00f6g kvalitet f\u00f6r en pirat som du!<\/h2>\n<p>Om du \u00e4r en\u00a0<strong>riktig pirat<\/strong>, Du kommer att uppskatta\u00a0<strong>kvalitet<\/strong>\u00a0duk, f\u00e4rg och en ram f\u00f6r deras\u00a0<strong>designer\u00a0<\/strong>Och\u00a0<strong>l\u2019impression 3D Canvas<\/strong>\u00a0d\u00f6d <strong>3<\/strong>\u00a0<strong>One Piece fyrkantiga m\u00e5lningar<\/strong>\u00a0Men viktigast av allt, med dessa diagram kommer du att vara en del av\u00a0<strong>l\u2019\u00e9quipage\u00a0des fans<\/strong>\u00a0av\u00a0<strong>piratmanga<\/strong>\u00a0och du kommer att f\u00e5:<\/p>\n<ul>\n<li>\u00a0<strong>L\u2019admiration<\/strong>\u00a0av alla fans av\u00a0<strong>Mugiwaras<\/strong>\u00a0som du kommer att bjuda hem till dig<\/li>\n<\/ul>\n<ul>\n<li>\n<strong>3 utskrivna kvadratdiagram<\/strong>\u00a0med vilket du kommer att kunna<strong>\u00a0t\u2019imaginer\u00a0<\/strong>med<b>\u00a0Apa D. Luffy <\/b>och hans Mugawaras<\/li>\n<\/ul>\n<p>S\u00e5, redo att visa upp\u00a0<strong>f\u00e4rger <\/strong>av <strong>l\u2019\u00e9quipage du Chapeau de Paille<\/strong>\u00a0?<\/p>\n<h2>Es-tu un fan du manga ou de l\u2019anim\u00e9 One Piece ? Montre le avec ces 3 Tableaux Carr\u00e9s One Piece !<\/h2>\n<p>Om du\u00a0<strong>l\u00e4sa<\/strong>\u00a0eller vart du \u00e4n tittar\u00a0<strong>l\u2019anim\u00e9\u00a0<\/strong><strong>japanska<\/strong>, Det finns en god chans att du har blivit\u00a0<strong>galen i One Piece<\/strong>\u00a0Med dessa <strong>3<\/strong>\u00a0<strong>tableaux Carr\u00e9s l\u2019\u00c9quipage du Chapeau de Paille<\/strong>, rejoins\u00a0l\u2019<strong>en grupp fans av franchisen<\/strong><\/p>\n<p>Dessa\u00a0<strong>v\u00e4ggkonst<\/strong>\u00a0finns tillg\u00e4ngliga med en\u00a0<strong>tr\u00e4ram<\/strong>\u00a0varianten &quot;\u00ab\u00a0<strong>Med ram<\/strong>\u00ab\u00a0, il est \u00e9galement possible d\u2019avoir uniquement la\u00a0<strong>trasa<\/strong>\u00a0med varianten &quot;\u00ab\u00a0<strong>Raml\u00f6s<\/strong>\u00ab&quot;Du hittar diagrammen i storlek T&quot;<strong>mycket<\/strong>\u00a0<strong>Liten<\/strong>, <strong>Liten<\/strong>,<strong>\u00a0GENOMSNITT<\/strong>,<strong>\u00a0Stor<\/strong>,<strong>\u00a0V\u00e4ldigt stor.<\/strong>\u00a0Ces 3 tableaux peuvent \u00eatre d\u2019achet\u00e9 \u00e0 l\u2019unit\u00e9 ou en pack. Ils conviendrons \u00e0 toutes les\u00a0cat\u00e9gories\u00a0de pirates, m\u00eame si tu n\u2019as pas\u00a0<strong>d\u2019\u00e9p\u00e9e<\/strong>\u00a0eller\u00a0<strong>dj\u00e4vulens frukt<\/strong>\u00a0tu peux quand m\u00eame l\u2019accrocher fi\u00e8rement chez toi<\/p>\n<p>Dessa m\u00e5lningar har <strong>tre olika bilder<\/strong>, den f\u00f6rsta <strong>fyrkantigt bord<\/strong>\u00a0representerar\u00a0<strong>Mugiara No Luffy <\/strong>och dess <strong>bes\u00e4ttning<\/strong>\u00a0som springer, det andra fyrkantiga bordet med <strong>l\u2019\u00e9quipage<\/strong> av\u00a0<strong>Str\u00e5hatt <\/strong>med <strong>Tusen solsken<\/strong>\u00a0och den tredje kvadratiska m\u00e5lningen\u00a0<strong><\/strong>med <strong>Mugiwaras<\/strong> i <strong>Mini<\/strong><\/p>\n<h2>Information om m\u00e5lningen:<\/h2>\n<ul>\n<li>\n<strong>H\u00f6gkvalitativ tryckt canvas\u00a0<\/strong>v\u00e4ggduk gjord av <strong>bomull<\/strong> och <strong>linne<\/strong>, f\u00f6r att erh\u00e5lla en <strong>trasa<\/strong> v\u00e4rdig namnet<\/li>\n<\/ul>\n<ul>\n<li>\n<strong>Ultra Design-m\u00e5lning<\/strong>\u00a0Det tredelade bordet ger mycket <strong>stil<\/strong> till en <strong>bit<\/strong>, les fans ne peuvent qu\u2019adorer<\/li>\n<\/ul>\n<ul style=\"font-weight: 400;\">\n<li>\n<strong>F\u00e4rg och utskrift\u00a0<\/strong>One Piece-m\u00e5lning med ett tryck <strong>Canva<\/strong> la r\u00e9f\u00e9rence dans l\u2019impression de toiles<\/li>\n<\/ul>\n<ul style=\"font-weight: 400;\">\n<li>\n<strong>L\u00e4tt v\u00e4ggkonst<\/strong>\u00a0: fantastisk milj\u00f6 <strong>ljus,<\/strong> il ne suffit que d\u2019un <strong>spika<\/strong> eller av <strong>fast ben<\/strong> f\u00f6r <strong>uppr\u00e4tth\u00e5lla<\/strong> P\u00e5 <strong>v\u00e4gg<\/strong>\n<\/li>\n<\/ul>\n<ul style=\"font-weight: 400;\">\n<li>\n<strong>Tr\u00e4ram<\/strong>\u00a0: varianten &quot;\u00ab\u00a0<strong>Med ram<\/strong>\u00a0\u00bb est accompagn\u00e9e d\u2019un <strong>tr\u00e4ram<\/strong> och versionen &quot;\u00ab\u00a0<strong>Raml\u00f6s<\/strong>\u00a0\u00bb levereras <strong>utan tr\u00e4ramen<\/strong>\n<\/li>\n<\/ul>\n<ul style=\"font-weight: 400;\">\n<li>\n<strong>Fri leverans\u00a0<\/strong>f\u00f6r alla k\u00f6p<strong>\u00a0<\/strong>\n<\/li>\n<\/ul>\n<h3>N\u2019oubliez pas de jeter\u00a0un oeil au guide des tailles ci-dessous.<\/h3>\n<h2><strong style=\"font-size: 15px;\"><\/strong><\/h2>\n<p>\u00a0<strong>Ett stycke bord 3<span>\u00a0<\/span>Bitar av storlek<span>\u00a0<\/span><\/strong>Mycket liten<\/p>\n<p style=\"text-align: left;\"><img decoding=\"async\" alt=\"Storleksguide f\u00f6r One Piece Shop - Storlekstabell f\u00f6r 3 delar - Mycket liten\" src=\"\/\/cdn.shopify.com\/s\/files\/1\/0087\/7556\/5348\/files\/guide_taille_tableau_3_pieces_boutique_one_piece_tres_petit_large.jpg?v=1560419504\" style=\"float: none;\"><\/p>\n<p>\u00a0<strong>En bit 3-delad m\u00e5lning, storlek<span>\u00a0<\/span><\/strong>Liten<\/p>\n<p><img decoding=\"async\" src=\"\/\/cdn.shopify.com\/s\/files\/1\/0087\/7556\/5348\/files\/guide_taille_tableau_3_pieces_boutique_one_piece_petit_large.jpg?v=1560419608\" alt=\"Storleksguide f\u00f6r One Piece-kl\u00e4der, liten storlekstabell f\u00f6r 3 delar\">\u00a0<\/p>\n<p><strong>Ett stycke bord 3<span>\u00a0<\/span>Bitar av storlek<span>\u00a0<\/span><\/strong>:<strong><span>\u00a0<\/span><\/strong>GENOMSNITT<\/p>\n<p>\u00a0<img decoding=\"async\" src=\"\/\/cdn.shopify.com\/s\/files\/1\/0087\/7556\/5348\/files\/guide_taille_tableau_3_pieces_boutique_one_piece_moyen_large.jpg?v=1560419636\" alt=\"Storleksguide f\u00f6r One Piece Shop - Storlekstabell f\u00f6r 3-delade plagg, mellanstorlekar\"><\/p>\n<p><strong>Ett stycke bord 3<span>\u00a0<\/span>Bitar av storlek<span>\u00a0<\/span><\/strong>Stor<\/p>\n<p>\u00a0<img decoding=\"async\" src=\"\/\/cdn.shopify.com\/s\/files\/1\/0087\/7556\/5348\/files\/guide_taille_tableau_3_pieces_boutique_one_piece_grand_large.jpg?v=1560419663\" alt=\"Storlekstabell f\u00f6r One Piece Shop, Stor 3-delad\"><\/p>\n<p><strong>Ett stycke bord 3<span>\u00a0<\/span>Bitar av storlek<span>\u00a0<\/span><\/strong>:<strong><span>\u00a0<\/span><\/strong>Mycket stor<\/p>\n<p><img decoding=\"async\" src=\"\/\/cdn.shopify.com\/s\/files\/1\/0087\/7556\/5348\/files\/guide_taille_tableau_3_pieces_boutique_one_piece_tres_grand_large.jpg?v=1560419691\" alt=\"Storlekstabell f\u00f6r One Piece Shop - 3-delad Extra Large\"><\/p>","protected":false},"excerpt":{"rendered":"<p>Tableau One Piece\u00a03 Panneaux avec les\u00a0Mugiwaras dans Trois Situations Diff\u00e9rentes,Un Tableau de qualit\u00e9 pour un pirate comme\u00a0toi\u00a0! Si tu es un\u00a0v\u00e9ritable pirate, tu sauras appr\u00e9cier la\u00a0qualit\u00e9\u00a0de la toile, de la peinture et du cadre\u00a0pour leurs\u00a0conceptions\u00a0et\u00a0l\u2019impression 3D Canvas\u00a0de ces 3\u00a0tableaux carr\u00e9s One Piece\u00a0!\u00a0Mais le plus important, avec ces tableaux, c\u0092est que tu\u00a0feras partie de\u00a0l\u2019\u00e9quipage\u00a0des fans\u00a0du\u00a0manga de [&hellip;]<\/p>","protected":false},"featured_media":12475,"comment_status":"open","ping_status":"open","template":"","meta":[],"product_brand":[],"product_cat":[150,157,153,198,151,163,155,164,141],"product_tag":[158,165,129,92,154,205,112,364,143,144,113],"class_list":{"0":"post-12473","1":"product","2":"type-product","3":"status-publish","4":"has-post-thumbnail","6":"product_cat-decorations-one-piece","7":"product_cat-goodies-brook-one-piece","8":"product_cat-goodies-nami-one-piece","9":"product_cat-goodies-nico-robin-one-piece","10":"product_cat-goodies-roronoa-zoro-one-piece","11":"product_cat-goodies-tony-tony-chopper-one-piece","12":"product_cat-goodies-usopp-one-piece","13":"product_cat-goodies-vinsmoke-sanji-one-piece","14":"product_cat-tableaux-one-piece","15":"product_tag-brook","16":"product_tag-chopper","17":"product_tag-franky","18":"product_tag-luffy","19":"product_tag-nami","20":"product_tag-robin","21":"product_tag-sanji","22":"product_tag-tableau-3-pieces","23":"product_tag-toile","24":"product_tag-usopp","25":"product_tag-zoro","27":"first","28":"instock","29":"purchasable","30":"product-type-variable","31":"has-default-attributes"},"yoast_head":"<!-- This site is optimized with the Yoast SEO plugin v27.5 - https:\/\/yoast.com\/product\/yoast-seo-wordpress\/ -->\n<title>3 Tableaux Carr\u00e9s One Piece l&#039;\u00c9quipage au Chapeau de Paille \u2013 Boutique One Piece<\/title>\n<meta name=\"description\" content=\"3 Tableaux One Piece avec L&#039;\u00c9quipage du Chapeau de Paille dans Plusieurs Situations Fan du Manga de Pirates ces Troix Tableaux sont les D\u00e9corations Parfaites\" \/>\n<meta name=\"robots\" content=\"index, follow, max-snippet:-1, max-image-preview:large, max-video-preview:-1\" \/>\n<link rel=\"canonical\" href=\"https:\/\/boutique-one-piece.com\/sv\/one-piece-godsaker\/nico-robin-one-piece-merchandise\/one-piece-malning-straw-hat-ganget\/\" \/>\n<meta property=\"og:locale\" content=\"sv_SE\" \/>\n<meta property=\"og:type\" content=\"article\" \/>\n<meta property=\"og:title\" content=\"3 Tableaux Carr\u00e9s One Piece l&#039;\u00c9quipage au Chapeau de Paille \u2013 Boutique One Piece\" \/>\n<meta property=\"og:description\" content=\"3 Tableaux One Piece avec L&#039;\u00c9quipage du Chapeau de Paille dans Plusieurs Situations Fan du Manga de Pirates ces Troix Tableaux sont les D\u00e9corations Parfaites\" \/>\n<meta property=\"og:url\" content=\"https:\/\/boutique-one-piece.com\/sv\/one-piece-godsaker\/nico-robin-one-piece-merchandise\/one-piece-malning-straw-hat-ganget\/\" \/>\n<meta property=\"og:site_name\" content=\"Boutique One Piece\" \/>\n<meta property=\"article:modified_time\" content=\"2024-09-16T12:56:12+00:00\" \/>\n<meta property=\"og:image\" content=\"https:\/\/boutique-one-piece.com\/wp-content\/uploads\/2022\/09\/Tableau-One-Piece-lEquipage-du-Chapeau-de-Paille.jpg\" \/>\n\t<meta property=\"og:image:width\" content=\"600\" \/>\n\t<meta property=\"og:image:height\" content=\"594\" \/>\n\t<meta property=\"og:image:type\" content=\"image\/jpeg\" \/>\n<meta name=\"twitter:card\" content=\"summary_large_image\" \/>\n<meta name=\"twitter:label1\" content=\"Ber\u00e4knad l\u00e4stid\" \/>\n\t<meta name=\"twitter:data1\" content=\"2 minuter\" \/>\n<script type=\"application\/ld+json\" class=\"yoast-schema-graph\">{\"@context\":\"https:\\\/\\\/schema.org\",\"@graph\":[{\"@type\":\"WebPage\",\"@id\":\"https:\\\/\\\/boutique-one-piece.com\\\/goodies-one-piece\\\/goodies-nico-robin-one-piece\\\/tableau-one-piece-lequipage-du-chapeau-de-paille\\\/\",\"url\":\"https:\\\/\\\/boutique-one-piece.com\\\/goodies-one-piece\\\/goodies-nico-robin-one-piece\\\/tableau-one-piece-lequipage-du-chapeau-de-paille\\\/\",\"name\":\"3 Tableaux Carr\u00e9s One Piece l'\u00c9quipage au Chapeau de Paille \u2013 Boutique One Piece\",\"isPartOf\":{\"@id\":\"https:\\\/\\\/boutique-one-piece.com\\\/#website\"},\"primaryImageOfPage\":{\"@id\":\"https:\\\/\\\/boutique-one-piece.com\\\/goodies-one-piece\\\/goodies-nico-robin-one-piece\\\/tableau-one-piece-lequipage-du-chapeau-de-paille\\\/#primaryimage\"},\"image\":{\"@id\":\"https:\\\/\\\/boutique-one-piece.com\\\/goodies-one-piece\\\/goodies-nico-robin-one-piece\\\/tableau-one-piece-lequipage-du-chapeau-de-paille\\\/#primaryimage\"},\"thumbnailUrl\":\"https:\\\/\\\/boutique-one-piece.com\\\/wp-content\\\/uploads\\\/2022\\\/09\\\/Tableau-One-Piece-lEquipage-du-Chapeau-de-Paille.jpg\",\"datePublished\":\"2022-09-27T20:55:55+00:00\",\"dateModified\":\"2024-09-16T12:56:12+00:00\",\"description\":\"3 Tableaux One Piece avec L'\u00c9quipage du Chapeau de Paille dans Plusieurs Situations Fan du Manga de Pirates ces Troix Tableaux sont les D\u00e9corations Parfaites\",\"breadcrumb\":{\"@id\":\"https:\\\/\\\/boutique-one-piece.com\\\/goodies-one-piece\\\/goodies-nico-robin-one-piece\\\/tableau-one-piece-lequipage-du-chapeau-de-paille\\\/#breadcrumb\"},\"inLanguage\":\"sv-SE\",\"potentialAction\":[{\"@type\":\"ReadAction\",\"target\":[\"https:\\\/\\\/boutique-one-piece.com\\\/goodies-one-piece\\\/goodies-nico-robin-one-piece\\\/tableau-one-piece-lequipage-du-chapeau-de-paille\\\/\"]}]},{\"@type\":\"ImageObject\",\"inLanguage\":\"sv-SE\",\"@id\":\"https:\\\/\\\/boutique-one-piece.com\\\/goodies-one-piece\\\/goodies-nico-robin-one-piece\\\/tableau-one-piece-lequipage-du-chapeau-de-paille\\\/#primaryimage\",\"url\":\"https:\\\/\\\/boutique-one-piece.com\\\/wp-content\\\/uploads\\\/2022\\\/09\\\/Tableau-One-Piece-lEquipage-du-Chapeau-de-Paille.jpg\",\"contentUrl\":\"https:\\\/\\\/boutique-one-piece.com\\\/wp-content\\\/uploads\\\/2022\\\/09\\\/Tableau-One-Piece-lEquipage-du-Chapeau-de-Paille.jpg\",\"width\":600,\"height\":594,\"caption\":\"Tableau One Piece l'\u00c9quipage du Chapeau de Paille Moyen 1 Avec Cadre\"},{\"@type\":\"BreadcrumbList\",\"@id\":\"https:\\\/\\\/boutique-one-piece.com\\\/goodies-one-piece\\\/goodies-nico-robin-one-piece\\\/tableau-one-piece-lequipage-du-chapeau-de-paille\\\/#breadcrumb\",\"itemListElement\":[{\"@type\":\"ListItem\",\"position\":1,\"name\":\"Home\",\"item\":\"https:\\\/\\\/boutique-one-piece.com\\\/\"},{\"@type\":\"ListItem\",\"position\":2,\"name\":\"Shop\",\"item\":\"https:\\\/\\\/boutique-one-piece.com\\\/shop\\\/\"},{\"@type\":\"ListItem\",\"position\":3,\"name\":\"Tableau One Piece l&#8217;\u00c9quipage du Chapeau de Paille\"}]},{\"@type\":\"WebSite\",\"@id\":\"https:\\\/\\\/boutique-one-piece.com\\\/#website\",\"url\":\"https:\\\/\\\/boutique-one-piece.com\\\/\",\"name\":\"Boutique One Piece\",\"description\":\"Magasin Sp\u00e9cialis\u00e9 du Manga et l&#039;Anime One Piece\",\"publisher\":{\"@id\":\"https:\\\/\\\/boutique-one-piece.com\\\/#organization\"},\"potentialAction\":[{\"@type\":\"SearchAction\",\"target\":{\"@type\":\"EntryPoint\",\"urlTemplate\":\"https:\\\/\\\/boutique-one-piece.com\\\/?s={search_term_string}\"},\"query-input\":{\"@type\":\"PropertyValueSpecification\",\"valueRequired\":true,\"valueName\":\"search_term_string\"}}],\"inLanguage\":\"sv-SE\"},{\"@type\":\"Organization\",\"@id\":\"https:\\\/\\\/boutique-one-piece.com\\\/#organization\",\"name\":\"Boutique One Piece\",\"url\":\"https:\\\/\\\/boutique-one-piece.com\\\/\",\"logo\":{\"@type\":\"ImageObject\",\"inLanguage\":\"sv-SE\",\"@id\":\"https:\\\/\\\/boutique-one-piece.com\\\/#\\\/schema\\\/logo\\\/image\\\/\",\"url\":\"https:\\\/\\\/boutique-one-piece.com\\\/wp-content\\\/uploads\\\/2022\\\/09\\\/Logo-01.png\",\"contentUrl\":\"https:\\\/\\\/boutique-one-piece.com\\\/wp-content\\\/uploads\\\/2022\\\/09\\\/Logo-01.png\",\"width\":2318,\"height\":957,\"caption\":\"Boutique One Piece\"},\"image\":{\"@id\":\"https:\\\/\\\/boutique-one-piece.com\\\/#\\\/schema\\\/logo\\\/image\\\/\"}}]}<\/script>\n<!-- \/ Yoast SEO plugin. -->","yoast_head_json":{"title":"3 kvadratiska One Piece str\u00e5hattar med rund hals \u2013 One Piece Shop","description":"3 One Piece-tavlor med Straw Hat-g\u00e4nget i olika situationer. F\u00f6r fans av piratmangan \u00e4r dessa tre tavlor perfekta dekorationer.","robots":{"index":"index","follow":"follow","max-snippet":"max-snippet:-1","max-image-preview":"max-image-preview:large","max-video-preview":"max-video-preview:-1"},"canonical":"https:\/\/boutique-one-piece.com\/sv\/one-piece-godsaker\/nico-robin-one-piece-merchandise\/one-piece-malning-straw-hat-ganget\/","og_locale":"sv_SE","og_type":"article","og_title":"3 Tableaux Carr\u00e9s One Piece l'\u00c9quipage au Chapeau de Paille \u2013 Boutique One Piece","og_description":"3 Tableaux One Piece avec L'\u00c9quipage du Chapeau de Paille dans Plusieurs Situations Fan du Manga de Pirates ces Troix Tableaux sont les D\u00e9corations Parfaites","og_url":"https:\/\/boutique-one-piece.com\/sv\/one-piece-godsaker\/nico-robin-one-piece-merchandise\/one-piece-malning-straw-hat-ganget\/","og_site_name":"Boutique One Piece","article_modified_time":"2024-09-16T12:56:12+00:00","og_image":[{"width":600,"height":594,"url":"https:\/\/boutique-one-piece.com\/wp-content\/uploads\/2022\/09\/Tableau-One-Piece-lEquipage-du-Chapeau-de-Paille.jpg","type":"image\/jpeg"}],"twitter_card":"summary_large_image","twitter_misc":{"Ber\u00e4knad l\u00e4stid":"2 minuter"},"schema":{"@context":"https:\/\/schema.org","@graph":[{"@type":"WebPage","@id":"https:\/\/boutique-one-piece.com\/goodies-one-piece\/goodies-nico-robin-one-piece\/tableau-one-piece-lequipage-du-chapeau-de-paille\/","url":"https:\/\/boutique-one-piece.com\/goodies-one-piece\/goodies-nico-robin-one-piece\/tableau-one-piece-lequipage-du-chapeau-de-paille\/","name":"3 kvadratiska One Piece str\u00e5hattar med rund hals \u2013 One Piece Shop","isPartOf":{"@id":"https:\/\/boutique-one-piece.com\/#website"},"primaryImageOfPage":{"@id":"https:\/\/boutique-one-piece.com\/goodies-one-piece\/goodies-nico-robin-one-piece\/tableau-one-piece-lequipage-du-chapeau-de-paille\/#primaryimage"},"image":{"@id":"https:\/\/boutique-one-piece.com\/goodies-one-piece\/goodies-nico-robin-one-piece\/tableau-one-piece-lequipage-du-chapeau-de-paille\/#primaryimage"},"thumbnailUrl":"https:\/\/boutique-one-piece.com\/wp-content\/uploads\/2022\/09\/Tableau-One-Piece-lEquipage-du-Chapeau-de-Paille.jpg","datePublished":"2022-09-27T20:55:55+00:00","dateModified":"2024-09-16T12:56:12+00:00","description":"3 One Piece-tavlor med Straw Hat-g\u00e4nget i olika situationer. F\u00f6r fans av piratmangan \u00e4r dessa tre tavlor perfekta dekorationer.","breadcrumb":{"@id":"https:\/\/boutique-one-piece.com\/goodies-one-piece\/goodies-nico-robin-one-piece\/tableau-one-piece-lequipage-du-chapeau-de-paille\/#breadcrumb"},"inLanguage":"sv-SE","potentialAction":[{"@type":"ReadAction","target":["https:\/\/boutique-one-piece.com\/goodies-one-piece\/goodies-nico-robin-one-piece\/tableau-one-piece-lequipage-du-chapeau-de-paille\/"]}]},{"@type":"ImageObject","inLanguage":"sv-SE","@id":"https:\/\/boutique-one-piece.com\/goodies-one-piece\/goodies-nico-robin-one-piece\/tableau-one-piece-lequipage-du-chapeau-de-paille\/#primaryimage","url":"https:\/\/boutique-one-piece.com\/wp-content\/uploads\/2022\/09\/Tableau-One-Piece-lEquipage-du-Chapeau-de-Paille.jpg","contentUrl":"https:\/\/boutique-one-piece.com\/wp-content\/uploads\/2022\/09\/Tableau-One-Piece-lEquipage-du-Chapeau-de-Paille.jpg","width":600,"height":594,"caption":"Tableau One Piece l'\u00c9quipage du Chapeau de Paille Moyen 1 Avec Cadre"},{"@type":"BreadcrumbList","@id":"https:\/\/boutique-one-piece.com\/goodies-one-piece\/goodies-nico-robin-one-piece\/tableau-one-piece-lequipage-du-chapeau-de-paille\/#breadcrumb","itemListElement":[{"@type":"ListItem","position":1,"name":"Home","item":"https:\/\/boutique-one-piece.com\/"},{"@type":"ListItem","position":2,"name":"Shop","item":"https:\/\/boutique-one-piece.com\/shop\/"},{"@type":"ListItem","position":3,"name":"Tableau One Piece l&#8217;\u00c9quipage du Chapeau de Paille"}]},{"@type":"WebSite","@id":"https:\/\/boutique-one-piece.com\/#website","url":"https:\/\/boutique-one-piece.com\/","name":"One Piece-butik","description":"Specialbutik f\u00f6r One Piece Manga och Anime","publisher":{"@id":"https:\/\/boutique-one-piece.com\/#organization"},"potentialAction":[{"@type":"SearchAction","target":{"@type":"EntryPoint","urlTemplate":"https:\/\/boutique-one-piece.com\/?s={search_term_string}"},"query-input":{"@type":"PropertyValueSpecification","valueRequired":true,"valueName":"search_term_string"}}],"inLanguage":"sv-SE"},{"@type":"Organization","@id":"https:\/\/boutique-one-piece.com\/#organization","name":"One Piece-butik","url":"https:\/\/boutique-one-piece.com\/","logo":{"@type":"ImageObject","inLanguage":"sv-SE","@id":"https:\/\/boutique-one-piece.com\/#\/schema\/logo\/image\/","url":"https:\/\/boutique-one-piece.com\/wp-content\/uploads\/2022\/09\/Logo-01.png","contentUrl":"https:\/\/boutique-one-piece.com\/wp-content\/uploads\/2022\/09\/Logo-01.png","width":2318,"height":957,"caption":"Boutique One Piece"},"image":{"@id":"https:\/\/boutique-one-piece.com\/#\/schema\/logo\/image\/"}}]}},"_links":{"self":[{"href":"https:\/\/boutique-one-piece.com\/sv\/wp-json\/wp\/v2\/product\/12473","targetHints":{"allow":["GET"]}}],"collection":[{"href":"https:\/\/boutique-one-piece.com\/sv\/wp-json\/wp\/v2\/product"}],"about":[{"href":"https:\/\/boutique-one-piece.com\/sv\/wp-json\/wp\/v2\/types\/product"}],"replies":[{"embeddable":true,"href":"https:\/\/boutique-one-piece.com\/sv\/wp-json\/wp\/v2\/comments?post=12473"}],"wp:featuredmedia":[{"embeddable":true,"href":"https:\/\/boutique-one-piece.com\/sv\/wp-json\/wp\/v2\/media\/12475"}],"wp:attachment":[{"href":"https:\/\/boutique-one-piece.com\/sv\/wp-json\/wp\/v2\/media?parent=12473"}],"wp:term":[{"taxonomy":"product_brand","embeddable":true,"href":"https:\/\/boutique-one-piece.com\/sv\/wp-json\/wp\/v2\/product_brand?post=12473"},{"taxonomy":"product_cat","embeddable":true,"href":"https:\/\/boutique-one-piece.com\/sv\/wp-json\/wp\/v2\/product_cat?post=12473"},{"taxonomy":"product_tag","embeddable":true,"href":"https:\/\/boutique-one-piece.com\/sv\/wp-json\/wp\/v2\/product_tag?post=12473"}],"curies":[{"name":"wp","href":"https:\/\/api.w.org\/{rel}","templated":true}]}}