{"id":12538,"date":"2022-09-27T20:56:29","date_gmt":"2022-09-27T20:56:29","guid":{"rendered":"https:\/\/boutique-one-piece.com\/uncategorized\/figurine-one-piece-dead-or-alive-mugiwara-no-luffy-et-sa-cicatrice\/"},"modified":"2024-12-19T09:16:50","modified_gmt":"2024-12-19T09:16:50","slug":"one-piece-dead-or-alive-figuren-mugiwara-utan-luffy-och-hans-arr","status":"publish","type":"product","link":"https:\/\/boutique-one-piece.com\/sv\/one-piece-figurer\/one-piece-dead-or-alive-figuren-mugiwara-utan-luffy-och-hans-arr\/","title":{"rendered":"One Piece Dead or Alive-figur Mugiwara utan Luffy och hans \u00e4rr"},"content":{"rendered":"<h2>Unge pirat, det \u00e4r dags f\u00f6r dig att skaffa den h\u00e4r One Piece Dead or Alive Mugiwara No Luffy-figuren och hans \u00e4rr.<\/h2>\n<p>Pour rappel, lors de l\u2019\u00e9pisode 320, le Gouvernement mondial a mis sur la t\u00eate de l\u2019\u00e9quipage du Chapeau de Paille des primes. Le total de cette prime s\u2019\u00e9l\u00e8ve \u00e0 600 000 050 Berrys. Celle de <strong>Apa D. Luffy<\/strong> s\u2019\u00e9l\u00e8ve \u00e0 300 000 000 Berrys. Concernant les cicatrices de Monkey D Luffy, voici ce que tu dois savoir ;<strong> Luffy har tv\u00e5 \u00e4rr<\/strong> : une sous l\u2019\u009cil gauche, qu\u2019il s\u2019est donn\u00e9 \u00e0 lui-m\u00eame avec un couteau en essayant de prouver son courage \u00e0 Shanks et \u00e0 son \u00e9quipe lorsqu\u2019il \u00e9tait enfant et une sur le torse, qui r\u00e9sulte d\u2019un combat avec l\u2019amiral Akainu.<\/p>\n<p>En effet, cet Amiral a transperc\u00e9 Jinbe et Luffy d\u2019un poing de magma, dont une grande partie a heureusement \u00e9t\u00e9 prise par Jinbe. Apr\u00e8s cette attaque, Luffy a \u00e9t\u00e9 gravement bless\u00e9 par Akainu, lui laissant une \u00e9norme cicatrice en forme de X sur la poitrine. D\u2019ailleurs, tu peux agrandir ta collection de figurine avec <a title=\"ONE PIECE DEAD OR ALIVE ZORO NEW WORLD-FIGUR\" href=\"https:\/\/boutique-one-piece.com\/sv\/figurine-one-piece-dead-or-alive-%20zoro-nouveau-monde\/\" target=\"_blank\" rel=\"noopener\" class=\"broken_link\">den d\u00e4r Zoro-figuren och dess prislapp<\/a>.<\/p>\n<h3>Alors, conquis par la figurine \u00ab\u00a0Dead or Alive\u00a0\u00bb de Monkey D Luffy ? Si tel est le cas, n\u2019h\u00e9site plus et rejoins l\u2019\u00e9quipage de Mugiwara No Luffy.<\/h3>\n<p>Oavsett om du \u00e4r ett inbitet fan eller en erfaren samlare, \u00e4r dessa f\u00f6rem\u00e5l definitivt n\u00e5got f\u00f6r dig. Perfekta att ge bort, dekorera eller samla, dessa f\u00f6rem\u00e5l kommer att f\u00f6rb\u00e4ttra din samling. <strong>ditt One Piece-universum<\/strong>. Ta ditt \u00f6de i dina egna h\u00e4nder. <strong>ung pirat<\/strong>, le moment est venu pour toi d\u2019embarquer au sein du Thousand Sunny. Bien des aventures t\u2019y attendent.<\/p>\n<h2>Information om figuren Alive Mugiwara No Luffy och hans \u00e4rr\u00a0<\/h2>\n<ul>\n<li><span><b><u>One Piece-figur<\/u><\/b>\u00a0: Figurine\u00a0 premium de l\u2019univers One Piece pour les vrais pirates<\/span><\/li>\n<\/ul>\n<ul>\n<li>\n<b>Materia<\/b><span>\u00a0<\/span>PVC<\/li>\n<\/ul>\n<ul>\n<li><span><strong>Dimensionera<\/strong>\u00a0: 12 cm<\/span><\/li>\n<\/ul>\n<ul>\n<li><span><strong>FRI LEVERANS<\/strong><\/span><\/li>\n<\/ul>","protected":false},"excerpt":{"rendered":"<p>Jeune pirate, le moment est venu pour toi de te procurer cette Figurine One Piece Dead or Alive Mugiwara No Luffy Et Sa Cicatrice. Pour rappel, lors de l\u2019\u00e9pisode 320, le Gouvernement mondial a mis sur la t\u00eate de l\u2019\u00e9quipage du Chapeau de Paille des primes. Le total de cette prime s\u2019\u00e9l\u00e8ve \u00e0 600 000 [&hellip;]<\/p>","protected":false},"featured_media":12540,"comment_status":"open","ping_status":"open","template":"","meta":[],"product_brand":[],"product_cat":[76],"product_tag":[],"class_list":{"0":"post-12538","1":"product","2":"type-product","3":"status-publish","4":"has-post-thumbnail","6":"product_cat-figurines-one-piece","8":"first","9":"outofstock","10":"purchasable","11":"product-type-simple"},"yoast_head":"<!-- This site is optimized with the Yoast SEO plugin v27.5 - https:\/\/yoast.com\/product\/yoast-seo-wordpress\/ -->\n<title>Figurine One Piece Dead or Alive Mugiwara No Luffy Et Sa Cicatrice | Figurine One Piece<\/title>\n<meta name=\"description\" content=\"Figurine One Piece\u00a0: Figurine\u00a0 premium de l&#039;univers One Piece pour les vrais pirates Mati\u00e8re\u00a0: P.V.C Dimension\u00a0: 12 cm LIVRAISON OFFERTE\" \/>\n<meta name=\"robots\" content=\"index, follow, max-snippet:-1, max-image-preview:large, max-video-preview:-1\" \/>\n<link rel=\"canonical\" href=\"https:\/\/boutique-one-piece.com\/sv\/one-piece-figurer\/one-piece-dead-or-alive-figuren-mugiwara-utan-luffy-och-hans-arr\/\" \/>\n<meta property=\"og:locale\" content=\"sv_SE\" \/>\n<meta property=\"og:type\" content=\"article\" \/>\n<meta property=\"og:title\" content=\"Figurine One Piece Dead or Alive Mugiwara No Luffy Et Sa Cicatrice | Figurine One Piece\" \/>\n<meta property=\"og:description\" content=\"Figurine One Piece\u00a0: Figurine\u00a0 premium de l&#039;univers One Piece pour les vrais pirates Mati\u00e8re\u00a0: P.V.C Dimension\u00a0: 12 cm LIVRAISON OFFERTE\" \/>\n<meta property=\"og:url\" content=\"https:\/\/boutique-one-piece.com\/sv\/one-piece-figurer\/one-piece-dead-or-alive-figuren-mugiwara-utan-luffy-och-hans-arr\/\" \/>\n<meta property=\"og:site_name\" content=\"Boutique One Piece\" \/>\n<meta property=\"article:modified_time\" content=\"2024-12-19T09:16:50+00:00\" \/>\n<meta property=\"og:image\" content=\"https:\/\/boutique-one-piece.com\/wp-content\/uploads\/2022\/09\/Figurine-One-Piece-Dead-or-Alive-Mugiwara-No-Luffy-Et-Sa-Cicatrice.jpg\" \/>\n\t<meta property=\"og:image:width\" content=\"640\" \/>\n\t<meta property=\"og:image:height\" content=\"640\" \/>\n\t<meta property=\"og:image:type\" content=\"image\/jpeg\" \/>\n<meta name=\"twitter:card\" content=\"summary_large_image\" \/>\n<meta name=\"twitter:label1\" content=\"Ber\u00e4knad l\u00e4stid\" \/>\n\t<meta name=\"twitter:data1\" content=\"2 minuter\" \/>\n<script type=\"application\/ld+json\" class=\"yoast-schema-graph\">{\"@context\":\"https:\\\/\\\/schema.org\",\"@graph\":[{\"@type\":\"WebPage\",\"@id\":\"https:\\\/\\\/boutique-one-piece.com\\\/figurines-one-piece\\\/figurine-one-piece-dead-or-alive-mugiwara-no-luffy-et-sa-cicatrice\\\/\",\"url\":\"https:\\\/\\\/boutique-one-piece.com\\\/figurines-one-piece\\\/figurine-one-piece-dead-or-alive-mugiwara-no-luffy-et-sa-cicatrice\\\/\",\"name\":\"Figurine One Piece Dead or Alive Mugiwara No Luffy Et Sa Cicatrice | Figurine One Piece\",\"isPartOf\":{\"@id\":\"https:\\\/\\\/boutique-one-piece.com\\\/#website\"},\"primaryImageOfPage\":{\"@id\":\"https:\\\/\\\/boutique-one-piece.com\\\/figurines-one-piece\\\/figurine-one-piece-dead-or-alive-mugiwara-no-luffy-et-sa-cicatrice\\\/#primaryimage\"},\"image\":{\"@id\":\"https:\\\/\\\/boutique-one-piece.com\\\/figurines-one-piece\\\/figurine-one-piece-dead-or-alive-mugiwara-no-luffy-et-sa-cicatrice\\\/#primaryimage\"},\"thumbnailUrl\":\"https:\\\/\\\/boutique-one-piece.com\\\/wp-content\\\/uploads\\\/2022\\\/09\\\/Figurine-One-Piece-Dead-or-Alive-Mugiwara-No-Luffy-Et-Sa-Cicatrice.jpg\",\"datePublished\":\"2022-09-27T20:56:29+00:00\",\"dateModified\":\"2024-12-19T09:16:50+00:00\",\"description\":\"Figurine One Piece\u00a0: Figurine\u00a0 premium de l'univers One Piece pour les vrais pirates Mati\u00e8re\u00a0: P.V.C Dimension\u00a0: 12 cm LIVRAISON OFFERTE\",\"breadcrumb\":{\"@id\":\"https:\\\/\\\/boutique-one-piece.com\\\/figurines-one-piece\\\/figurine-one-piece-dead-or-alive-mugiwara-no-luffy-et-sa-cicatrice\\\/#breadcrumb\"},\"inLanguage\":\"sv-SE\",\"potentialAction\":[{\"@type\":\"ReadAction\",\"target\":[\"https:\\\/\\\/boutique-one-piece.com\\\/figurines-one-piece\\\/figurine-one-piece-dead-or-alive-mugiwara-no-luffy-et-sa-cicatrice\\\/\"]}]},{\"@type\":\"ImageObject\",\"inLanguage\":\"sv-SE\",\"@id\":\"https:\\\/\\\/boutique-one-piece.com\\\/figurines-one-piece\\\/figurine-one-piece-dead-or-alive-mugiwara-no-luffy-et-sa-cicatrice\\\/#primaryimage\",\"url\":\"https:\\\/\\\/boutique-one-piece.com\\\/wp-content\\\/uploads\\\/2022\\\/09\\\/Figurine-One-Piece-Dead-or-Alive-Mugiwara-No-Luffy-Et-Sa-Cicatrice.jpg\",\"contentUrl\":\"https:\\\/\\\/boutique-one-piece.com\\\/wp-content\\\/uploads\\\/2022\\\/09\\\/Figurine-One-Piece-Dead-or-Alive-Mugiwara-No-Luffy-Et-Sa-Cicatrice.jpg\",\"width\":640,\"height\":640,\"caption\":\"Figurine One Piece Dead or Alive Mugiwara No Luffy Et Sa Cicatrice Default Title\"},{\"@type\":\"BreadcrumbList\",\"@id\":\"https:\\\/\\\/boutique-one-piece.com\\\/figurines-one-piece\\\/figurine-one-piece-dead-or-alive-mugiwara-no-luffy-et-sa-cicatrice\\\/#breadcrumb\",\"itemListElement\":[{\"@type\":\"ListItem\",\"position\":1,\"name\":\"Home\",\"item\":\"https:\\\/\\\/boutique-one-piece.com\\\/\"},{\"@type\":\"ListItem\",\"position\":2,\"name\":\"Shop\",\"item\":\"https:\\\/\\\/boutique-one-piece.com\\\/shop\\\/\"},{\"@type\":\"ListItem\",\"position\":3,\"name\":\"Figurine One Piece Dead or Alive Mugiwara No Luffy Et Sa Cicatrice\"}]},{\"@type\":\"WebSite\",\"@id\":\"https:\\\/\\\/boutique-one-piece.com\\\/#website\",\"url\":\"https:\\\/\\\/boutique-one-piece.com\\\/\",\"name\":\"Boutique One Piece\",\"description\":\"Magasin Sp\u00e9cialis\u00e9 du Manga et l&#039;Anime One Piece\",\"publisher\":{\"@id\":\"https:\\\/\\\/boutique-one-piece.com\\\/#organization\"},\"potentialAction\":[{\"@type\":\"SearchAction\",\"target\":{\"@type\":\"EntryPoint\",\"urlTemplate\":\"https:\\\/\\\/boutique-one-piece.com\\\/?s={search_term_string}\"},\"query-input\":{\"@type\":\"PropertyValueSpecification\",\"valueRequired\":true,\"valueName\":\"search_term_string\"}}],\"inLanguage\":\"sv-SE\"},{\"@type\":\"Organization\",\"@id\":\"https:\\\/\\\/boutique-one-piece.com\\\/#organization\",\"name\":\"Boutique One Piece\",\"url\":\"https:\\\/\\\/boutique-one-piece.com\\\/\",\"logo\":{\"@type\":\"ImageObject\",\"inLanguage\":\"sv-SE\",\"@id\":\"https:\\\/\\\/boutique-one-piece.com\\\/#\\\/schema\\\/logo\\\/image\\\/\",\"url\":\"https:\\\/\\\/boutique-one-piece.com\\\/wp-content\\\/uploads\\\/2022\\\/09\\\/Logo-01.png\",\"contentUrl\":\"https:\\\/\\\/boutique-one-piece.com\\\/wp-content\\\/uploads\\\/2022\\\/09\\\/Logo-01.png\",\"width\":2318,\"height\":957,\"caption\":\"Boutique One Piece\"},\"image\":{\"@id\":\"https:\\\/\\\/boutique-one-piece.com\\\/#\\\/schema\\\/logo\\\/image\\\/\"}}]}<\/script>\n<!-- \/ Yoast SEO plugin. -->","yoast_head_json":{"title":"One Piece Dead or Alive-figur Mugiwara No Luffy och hans \u00e4rr | One Piece-figur","description":"One Piece-figur: Premiumfigur fr\u00e5n One Piece-universumet f\u00f6r riktiga pirater. Material: PVC. Storlek: 12 cm. FRI FRAKT","robots":{"index":"index","follow":"follow","max-snippet":"max-snippet:-1","max-image-preview":"max-image-preview:large","max-video-preview":"max-video-preview:-1"},"canonical":"https:\/\/boutique-one-piece.com\/sv\/one-piece-figurer\/one-piece-dead-or-alive-figuren-mugiwara-utan-luffy-och-hans-arr\/","og_locale":"sv_SE","og_type":"article","og_title":"Figurine One Piece Dead or Alive Mugiwara No Luffy Et Sa Cicatrice | Figurine One Piece","og_description":"Figurine One Piece\u00a0: Figurine\u00a0 premium de l'univers One Piece pour les vrais pirates Mati\u00e8re\u00a0: P.V.C Dimension\u00a0: 12 cm LIVRAISON OFFERTE","og_url":"https:\/\/boutique-one-piece.com\/sv\/one-piece-figurer\/one-piece-dead-or-alive-figuren-mugiwara-utan-luffy-och-hans-arr\/","og_site_name":"Boutique One Piece","article_modified_time":"2024-12-19T09:16:50+00:00","og_image":[{"width":640,"height":640,"url":"https:\/\/boutique-one-piece.com\/wp-content\/uploads\/2022\/09\/Figurine-One-Piece-Dead-or-Alive-Mugiwara-No-Luffy-Et-Sa-Cicatrice.jpg","type":"image\/jpeg"}],"twitter_card":"summary_large_image","twitter_misc":{"Ber\u00e4knad l\u00e4stid":"2 minuter"},"schema":{"@context":"https:\/\/schema.org","@graph":[{"@type":"WebPage","@id":"https:\/\/boutique-one-piece.com\/figurines-one-piece\/figurine-one-piece-dead-or-alive-mugiwara-no-luffy-et-sa-cicatrice\/","url":"https:\/\/boutique-one-piece.com\/figurines-one-piece\/figurine-one-piece-dead-or-alive-mugiwara-no-luffy-et-sa-cicatrice\/","name":"One Piece Dead or Alive-figur Mugiwara No Luffy och hans \u00e4rr | One Piece-figur","isPartOf":{"@id":"https:\/\/boutique-one-piece.com\/#website"},"primaryImageOfPage":{"@id":"https:\/\/boutique-one-piece.com\/figurines-one-piece\/figurine-one-piece-dead-or-alive-mugiwara-no-luffy-et-sa-cicatrice\/#primaryimage"},"image":{"@id":"https:\/\/boutique-one-piece.com\/figurines-one-piece\/figurine-one-piece-dead-or-alive-mugiwara-no-luffy-et-sa-cicatrice\/#primaryimage"},"thumbnailUrl":"https:\/\/boutique-one-piece.com\/wp-content\/uploads\/2022\/09\/Figurine-One-Piece-Dead-or-Alive-Mugiwara-No-Luffy-Et-Sa-Cicatrice.jpg","datePublished":"2022-09-27T20:56:29+00:00","dateModified":"2024-12-19T09:16:50+00:00","description":"One Piece-figur: Premiumfigur fr\u00e5n One Piece-universumet f\u00f6r riktiga pirater. Material: PVC. Storlek: 12 cm. FRI FRAKT","breadcrumb":{"@id":"https:\/\/boutique-one-piece.com\/figurines-one-piece\/figurine-one-piece-dead-or-alive-mugiwara-no-luffy-et-sa-cicatrice\/#breadcrumb"},"inLanguage":"sv-SE","potentialAction":[{"@type":"ReadAction","target":["https:\/\/boutique-one-piece.com\/figurines-one-piece\/figurine-one-piece-dead-or-alive-mugiwara-no-luffy-et-sa-cicatrice\/"]}]},{"@type":"ImageObject","inLanguage":"sv-SE","@id":"https:\/\/boutique-one-piece.com\/figurines-one-piece\/figurine-one-piece-dead-or-alive-mugiwara-no-luffy-et-sa-cicatrice\/#primaryimage","url":"https:\/\/boutique-one-piece.com\/wp-content\/uploads\/2022\/09\/Figurine-One-Piece-Dead-or-Alive-Mugiwara-No-Luffy-Et-Sa-Cicatrice.jpg","contentUrl":"https:\/\/boutique-one-piece.com\/wp-content\/uploads\/2022\/09\/Figurine-One-Piece-Dead-or-Alive-Mugiwara-No-Luffy-Et-Sa-Cicatrice.jpg","width":640,"height":640,"caption":"Figurine One Piece Dead or Alive Mugiwara No Luffy Et Sa Cicatrice Default Title"},{"@type":"BreadcrumbList","@id":"https:\/\/boutique-one-piece.com\/figurines-one-piece\/figurine-one-piece-dead-or-alive-mugiwara-no-luffy-et-sa-cicatrice\/#breadcrumb","itemListElement":[{"@type":"ListItem","position":1,"name":"Home","item":"https:\/\/boutique-one-piece.com\/"},{"@type":"ListItem","position":2,"name":"Shop","item":"https:\/\/boutique-one-piece.com\/shop\/"},{"@type":"ListItem","position":3,"name":"Figurine One Piece Dead or Alive Mugiwara No Luffy Et Sa Cicatrice"}]},{"@type":"WebSite","@id":"https:\/\/boutique-one-piece.com\/#website","url":"https:\/\/boutique-one-piece.com\/","name":"One Piece-butik","description":"Specialbutik f\u00f6r One Piece Manga och Anime","publisher":{"@id":"https:\/\/boutique-one-piece.com\/#organization"},"potentialAction":[{"@type":"SearchAction","target":{"@type":"EntryPoint","urlTemplate":"https:\/\/boutique-one-piece.com\/?s={search_term_string}"},"query-input":{"@type":"PropertyValueSpecification","valueRequired":true,"valueName":"search_term_string"}}],"inLanguage":"sv-SE"},{"@type":"Organization","@id":"https:\/\/boutique-one-piece.com\/#organization","name":"One Piece-butik","url":"https:\/\/boutique-one-piece.com\/","logo":{"@type":"ImageObject","inLanguage":"sv-SE","@id":"https:\/\/boutique-one-piece.com\/#\/schema\/logo\/image\/","url":"https:\/\/boutique-one-piece.com\/wp-content\/uploads\/2022\/09\/Logo-01.png","contentUrl":"https:\/\/boutique-one-piece.com\/wp-content\/uploads\/2022\/09\/Logo-01.png","width":2318,"height":957,"caption":"Boutique One Piece"},"image":{"@id":"https:\/\/boutique-one-piece.com\/#\/schema\/logo\/image\/"}}]}},"_links":{"self":[{"href":"https:\/\/boutique-one-piece.com\/sv\/wp-json\/wp\/v2\/product\/12538","targetHints":{"allow":["GET"]}}],"collection":[{"href":"https:\/\/boutique-one-piece.com\/sv\/wp-json\/wp\/v2\/product"}],"about":[{"href":"https:\/\/boutique-one-piece.com\/sv\/wp-json\/wp\/v2\/types\/product"}],"replies":[{"embeddable":true,"href":"https:\/\/boutique-one-piece.com\/sv\/wp-json\/wp\/v2\/comments?post=12538"}],"wp:featuredmedia":[{"embeddable":true,"href":"https:\/\/boutique-one-piece.com\/sv\/wp-json\/wp\/v2\/media\/12540"}],"wp:attachment":[{"href":"https:\/\/boutique-one-piece.com\/sv\/wp-json\/wp\/v2\/media?parent=12538"}],"wp:term":[{"taxonomy":"product_brand","embeddable":true,"href":"https:\/\/boutique-one-piece.com\/sv\/wp-json\/wp\/v2\/product_brand?post=12538"},{"taxonomy":"product_cat","embeddable":true,"href":"https:\/\/boutique-one-piece.com\/sv\/wp-json\/wp\/v2\/product_cat?post=12538"},{"taxonomy":"product_tag","embeddable":true,"href":"https:\/\/boutique-one-piece.com\/sv\/wp-json\/wp\/v2\/product_tag?post=12538"}],"curies":[{"name":"wp","href":"https:\/\/api.w.org\/{rel}","templated":true}]}}