{"id":12737,"date":"2022-09-27T20:57:50","date_gmt":"2022-09-27T20:57:50","guid":{"rendered":"https:\/\/boutique-one-piece.com\/uncategorized\/avis-de-recherche-one-piece-marshall-d-teach-wanted\/"},"modified":"2024-09-16T13:02:03","modified_gmt":"2024-09-16T13:02:03","slug":"ville-ha-meddelande-ett-stycke-marshall-d-teach-ville-ha","status":"publish","type":"product","link":"https:\/\/boutique-one-piece.com\/sv\/one-piece-dekorationer\/ville-ha-meddelande-ett-stycke-marshall-d-teach-ville-ha\/","title":{"rendered":"Marshall D. Teach s\u00f6kes"},"content":{"rendered":"<h2>Tu as envie de d\u00e9corer tes murs avec une affiche d\u2019un pirate m\u00e9chant et badass ? Cet Avis de Recherche Marshall D Teach Wanted devrait te convenir.<\/h2>\n<p>Marshall D. Teach, \u00e4ven k\u00e4nd som Svartsk\u00e4gg, blev den fj\u00e4rde <strong>Kejsare<\/strong> apr\u00e8s que celui-ci a tu\u00e9 Barbe Blanche \u00e0 la fin de la grande bataille de Marineford. C\u2019est un pirate sans piti\u00e9, mais qui semble ouvert d\u2019esprit lorsqu\u2019il rencontre Luffy alors qu\u2019on se moque de ses r\u00eaves en lui disant que les r\u00eaves ne disparaissent jamais, en sous-entendant qu\u2019il faut toujours y croire.<\/p>\n<p>Men han kommer senare att bli en fiende eftersom han kommer att <strong>F\u00e5nga ess<\/strong> et le livrer au Gouvernement Mondial puisqu\u2019\u00e0 cette \u00e9poque, Marshall D. Teach est un <strong>shichibukai<\/strong>, s\u00e5 att Ace kan k\u00f6ras.<\/p>\n<h3>Accroche \u00e0 ton mur le poster sous forme d\u2019avis de recherche d\u2019un des antagonistes qui fait le plus parler de lui dans One Piece, Marshall D. Teach.<\/h3>\n<p>En plus d\u2019\u00eatre sans piti\u00e9, Marshall D. Teach est tr\u00e8s intelligent puisqu\u2019il semble calculer la moindre de ses actions. Il profite de la pagaille \u00e0 Impel Down pour recruter des prisonniers parmi les plus dangereux du plus bas niveau de la prison, mais aussi, il tue Barbe Blanche quand celui-ci est tr\u00e8s affaibli pour lui voler son fruit du d\u00e9mon et renforcer sa propre puissance ou celle de son \u00e9quipage. La <strong>Marshall D. Teach-chef<\/strong> v\u00e4rd 2 miljarder 247 miljoner och 600 tusen b\u00e4r.<\/p>\n<p>Om du gillar bonusar, detta <a href=\"https:\/\/boutique-one-piece.com\/sv\/marco-ville-ha-en-affisch\/\" target=\"_blank\" title=\"Marco ville ha\" rel=\"noopener noreferrer\">Marco ville ha en affisch<\/a> borde gl\u00e4dja dig.<\/p>\n<h2>Information om Marshall D. Teach-annonsen<\/h2>\n<ul>\n<li><span><b><u>One Piece Wanted-affisch<\/u><\/b>\u00a0: v\u00e9ritable Avis De Recherche de l\u2019univers One Piece pour les vrais pirates<\/span><\/li>\n<\/ul>\n<ul>\n<li><span><strong>H\u00f6gkvalitativ utskrift<\/strong>\u00a0exakta f\u00e4rger<\/span><\/li>\n<\/ul>\n<ul>\n<li><span><strong>Dimensionera<\/strong>\u00a0: 30X21cm 42X30cm 35X50cm<\/span><\/li>\n<\/ul>\n<ul>\n<li><span><strong>FRI LEVERANS<\/strong><\/span><\/li>\n<\/ul>","protected":false},"excerpt":{"rendered":"<p>Tu as envie de d\u00e9corer tes murs avec une affiche d\u2019un pirate m\u00e9chant et badass ? Cet Avis de Recherche Marshall D Teach Wanted devrait te convenir. Marshall D. Teach, \u00e9galement surnomm\u00e9 Barbe Noire est devenu le quatri\u00e8me Empereur apr\u00e8s que celui-ci a tu\u00e9 Barbe Blanche \u00e0 la fin de la grande bataille de Marineford. [&hellip;]<\/p>","protected":false},"featured_media":12739,"comment_status":"open","ping_status":"open","template":"","meta":[],"product_brand":[],"product_cat":[171,150],"product_tag":[],"class_list":{"0":"post-12737","1":"product","2":"type-product","3":"status-publish","4":"has-post-thumbnail","6":"product_cat-avis-de-recherche-one-piece","7":"product_cat-decorations-one-piece","9":"first","10":"instock","11":"purchasable","12":"product-type-variable"},"yoast_head":"<!-- This site is optimized with the Yoast SEO plugin v27.5 - https:\/\/yoast.com\/product\/yoast-seo-wordpress\/ -->\n<title>Avis de Recherche One Piece Marshall D. Teach Wanted | D\u00e9coration One Piece \u2013 Boutique One Piece<\/title>\n<meta name=\"description\" content=\"Tu as envie de d\u00e9corer tes murs avec une affiche d&#039;un pirate m\u00e9chant et badass ? Cet Avis de Recherche Marshall D Teach Wanted devrait te convenir. Marshall D. Teach, \u00e9galement surnomm\u00e9 Barbe Noire est devenu le quatri\u00e8me Empereur apr\u00e8s que celui-ci a tu\u00e9 Barbe Blanche \u00e0 la fin de la grande bataille de Marineford. C&#039;es\" \/>\n<meta name=\"robots\" content=\"index, follow, max-snippet:-1, max-image-preview:large, max-video-preview:-1\" \/>\n<link rel=\"canonical\" href=\"https:\/\/boutique-one-piece.com\/sv\/one-piece-efterlysningsaffisch\/ville-ha-meddelande-ett-stycke-marshall-d-teach-ville-ha\/\" \/>\n<meta property=\"og:locale\" content=\"sv_SE\" \/>\n<meta property=\"og:type\" content=\"article\" \/>\n<meta property=\"og:title\" content=\"Avis de Recherche One Piece Marshall D. Teach Wanted | D\u00e9coration One Piece \u2013 Boutique One Piece\" \/>\n<meta property=\"og:description\" content=\"Tu as envie de d\u00e9corer tes murs avec une affiche d&#039;un pirate m\u00e9chant et badass ? Cet Avis de Recherche Marshall D Teach Wanted devrait te convenir. Marshall D. Teach, \u00e9galement surnomm\u00e9 Barbe Noire est devenu le quatri\u00e8me Empereur apr\u00e8s que celui-ci a tu\u00e9 Barbe Blanche \u00e0 la fin de la grande bataille de Marineford. C&#039;es\" \/>\n<meta property=\"og:url\" content=\"https:\/\/boutique-one-piece.com\/sv\/one-piece-efterlysningsaffisch\/ville-ha-meddelande-ett-stycke-marshall-d-teach-ville-ha\/\" \/>\n<meta property=\"og:site_name\" content=\"Boutique One Piece\" \/>\n<meta property=\"article:modified_time\" content=\"2024-09-16T13:02:03+00:00\" \/>\n<meta property=\"og:image\" content=\"https:\/\/boutique-one-piece.com\/wp-content\/uploads\/2022\/09\/Avis-de-Recherche-Marshall-D.-Teach-Wanted.jpg\" \/>\n\t<meta property=\"og:image:width\" content=\"800\" \/>\n\t<meta property=\"og:image:height\" content=\"800\" \/>\n\t<meta property=\"og:image:type\" content=\"image\/jpeg\" \/>\n<meta name=\"twitter:card\" content=\"summary_large_image\" \/>\n<meta name=\"twitter:label1\" content=\"Ber\u00e4knad l\u00e4stid\" \/>\n\t<meta name=\"twitter:data1\" content=\"2 minuter\" \/>\n<script type=\"application\/ld+json\" class=\"yoast-schema-graph\">{\"@context\":\"https:\\\/\\\/schema.org\",\"@graph\":[{\"@type\":\"WebPage\",\"@id\":\"https:\\\/\\\/boutique-one-piece.com\\\/avis-de-recherche-one-piece\\\/avis-de-recherche-one-piece-marshall-d-teach-wanted\\\/\",\"url\":\"https:\\\/\\\/boutique-one-piece.com\\\/avis-de-recherche-one-piece\\\/avis-de-recherche-one-piece-marshall-d-teach-wanted\\\/\",\"name\":\"Avis de Recherche One Piece Marshall D. Teach Wanted | D\u00e9coration One Piece \u2013 Boutique One Piece\",\"isPartOf\":{\"@id\":\"https:\\\/\\\/boutique-one-piece.com\\\/#website\"},\"primaryImageOfPage\":{\"@id\":\"https:\\\/\\\/boutique-one-piece.com\\\/avis-de-recherche-one-piece\\\/avis-de-recherche-one-piece-marshall-d-teach-wanted\\\/#primaryimage\"},\"image\":{\"@id\":\"https:\\\/\\\/boutique-one-piece.com\\\/avis-de-recherche-one-piece\\\/avis-de-recherche-one-piece-marshall-d-teach-wanted\\\/#primaryimage\"},\"thumbnailUrl\":\"https:\\\/\\\/boutique-one-piece.com\\\/wp-content\\\/uploads\\\/2022\\\/09\\\/Avis-de-Recherche-Marshall-D.-Teach-Wanted.jpg\",\"datePublished\":\"2022-09-27T20:57:50+00:00\",\"dateModified\":\"2024-09-16T13:02:03+00:00\",\"description\":\"Tu as envie de d\u00e9corer tes murs avec une affiche d'un pirate m\u00e9chant et badass ? Cet Avis de Recherche Marshall D Teach Wanted devrait te convenir. Marshall D. Teach, \u00e9galement surnomm\u00e9 Barbe Noire est devenu le quatri\u00e8me Empereur apr\u00e8s que celui-ci a tu\u00e9 Barbe Blanche \u00e0 la fin de la grande bataille de Marineford. C'es\",\"breadcrumb\":{\"@id\":\"https:\\\/\\\/boutique-one-piece.com\\\/avis-de-recherche-one-piece\\\/avis-de-recherche-one-piece-marshall-d-teach-wanted\\\/#breadcrumb\"},\"inLanguage\":\"sv-SE\",\"potentialAction\":[{\"@type\":\"ReadAction\",\"target\":[\"https:\\\/\\\/boutique-one-piece.com\\\/avis-de-recherche-one-piece\\\/avis-de-recherche-one-piece-marshall-d-teach-wanted\\\/\"]}]},{\"@type\":\"ImageObject\",\"inLanguage\":\"sv-SE\",\"@id\":\"https:\\\/\\\/boutique-one-piece.com\\\/avis-de-recherche-one-piece\\\/avis-de-recherche-one-piece-marshall-d-teach-wanted\\\/#primaryimage\",\"url\":\"https:\\\/\\\/boutique-one-piece.com\\\/wp-content\\\/uploads\\\/2022\\\/09\\\/Avis-de-Recherche-Marshall-D.-Teach-Wanted.jpg\",\"contentUrl\":\"https:\\\/\\\/boutique-one-piece.com\\\/wp-content\\\/uploads\\\/2022\\\/09\\\/Avis-de-Recherche-Marshall-D.-Teach-Wanted.jpg\",\"width\":800,\"height\":800,\"caption\":\"Avis de Recherche Marshall D. Teach Wanted 35X50cm\"},{\"@type\":\"BreadcrumbList\",\"@id\":\"https:\\\/\\\/boutique-one-piece.com\\\/avis-de-recherche-one-piece\\\/avis-de-recherche-one-piece-marshall-d-teach-wanted\\\/#breadcrumb\",\"itemListElement\":[{\"@type\":\"ListItem\",\"position\":1,\"name\":\"Home\",\"item\":\"https:\\\/\\\/boutique-one-piece.com\\\/\"},{\"@type\":\"ListItem\",\"position\":2,\"name\":\"Shop\",\"item\":\"https:\\\/\\\/boutique-one-piece.com\\\/shop\\\/\"},{\"@type\":\"ListItem\",\"position\":3,\"name\":\"Avis de Recherche Marshall D. Teach Wanted\"}]},{\"@type\":\"WebSite\",\"@id\":\"https:\\\/\\\/boutique-one-piece.com\\\/#website\",\"url\":\"https:\\\/\\\/boutique-one-piece.com\\\/\",\"name\":\"Boutique One Piece\",\"description\":\"Magasin Sp\u00e9cialis\u00e9 du Manga et l&#039;Anime One Piece\",\"publisher\":{\"@id\":\"https:\\\/\\\/boutique-one-piece.com\\\/#organization\"},\"potentialAction\":[{\"@type\":\"SearchAction\",\"target\":{\"@type\":\"EntryPoint\",\"urlTemplate\":\"https:\\\/\\\/boutique-one-piece.com\\\/?s={search_term_string}\"},\"query-input\":{\"@type\":\"PropertyValueSpecification\",\"valueRequired\":true,\"valueName\":\"search_term_string\"}}],\"inLanguage\":\"sv-SE\"},{\"@type\":\"Organization\",\"@id\":\"https:\\\/\\\/boutique-one-piece.com\\\/#organization\",\"name\":\"Boutique One Piece\",\"url\":\"https:\\\/\\\/boutique-one-piece.com\\\/\",\"logo\":{\"@type\":\"ImageObject\",\"inLanguage\":\"sv-SE\",\"@id\":\"https:\\\/\\\/boutique-one-piece.com\\\/#\\\/schema\\\/logo\\\/image\\\/\",\"url\":\"https:\\\/\\\/boutique-one-piece.com\\\/wp-content\\\/uploads\\\/2022\\\/09\\\/Logo-01.png\",\"contentUrl\":\"https:\\\/\\\/boutique-one-piece.com\\\/wp-content\\\/uploads\\\/2022\\\/09\\\/Logo-01.png\",\"width\":2318,\"height\":957,\"caption\":\"Boutique One Piece\"},\"image\":{\"@id\":\"https:\\\/\\\/boutique-one-piece.com\\\/#\\\/schema\\\/logo\\\/image\\\/\"}}]}<\/script>\n<!-- \/ Yoast SEO plugin. -->","yoast_head_json":{"title":"One Piece Wanted-affisch: Marshall D. Teach | One Piece-dekorationer \u2013 One Piece Shop","description":"Vill du dekorera dina v\u00e4ggar med en poster med en tuff, skurkaktig pirat? Den h\u00e4r postern med Marshall D. Teach Wanted borde vara precis vad du letar efter. Marshall D. Teach, \u00e4ven k\u00e4nd som Svartsk\u00e4gg, blev den fj\u00e4rde kejsaren efter att ha d\u00f6dat Vitsk\u00e4gg i slutet av det stora slaget vid Marineford.","robots":{"index":"index","follow":"follow","max-snippet":"max-snippet:-1","max-image-preview":"max-image-preview:large","max-video-preview":"max-video-preview:-1"},"canonical":"https:\/\/boutique-one-piece.com\/sv\/one-piece-efterlysningsaffisch\/ville-ha-meddelande-ett-stycke-marshall-d-teach-ville-ha\/","og_locale":"sv_SE","og_type":"article","og_title":"Avis de Recherche One Piece Marshall D. Teach Wanted | D\u00e9coration One Piece \u2013 Boutique One Piece","og_description":"Tu as envie de d\u00e9corer tes murs avec une affiche d'un pirate m\u00e9chant et badass ? Cet Avis de Recherche Marshall D Teach Wanted devrait te convenir. Marshall D. Teach, \u00e9galement surnomm\u00e9 Barbe Noire est devenu le quatri\u00e8me Empereur apr\u00e8s que celui-ci a tu\u00e9 Barbe Blanche \u00e0 la fin de la grande bataille de Marineford. C'es","og_url":"https:\/\/boutique-one-piece.com\/sv\/one-piece-efterlysningsaffisch\/ville-ha-meddelande-ett-stycke-marshall-d-teach-ville-ha\/","og_site_name":"Boutique One Piece","article_modified_time":"2024-09-16T13:02:03+00:00","og_image":[{"width":800,"height":800,"url":"https:\/\/boutique-one-piece.com\/wp-content\/uploads\/2022\/09\/Avis-de-Recherche-Marshall-D.-Teach-Wanted.jpg","type":"image\/jpeg"}],"twitter_card":"summary_large_image","twitter_misc":{"Ber\u00e4knad l\u00e4stid":"2 minuter"},"schema":{"@context":"https:\/\/schema.org","@graph":[{"@type":"WebPage","@id":"https:\/\/boutique-one-piece.com\/avis-de-recherche-one-piece\/avis-de-recherche-one-piece-marshall-d-teach-wanted\/","url":"https:\/\/boutique-one-piece.com\/avis-de-recherche-one-piece\/avis-de-recherche-one-piece-marshall-d-teach-wanted\/","name":"One Piece Wanted-affisch: Marshall D. Teach | One Piece-dekorationer \u2013 One Piece Shop","isPartOf":{"@id":"https:\/\/boutique-one-piece.com\/#website"},"primaryImageOfPage":{"@id":"https:\/\/boutique-one-piece.com\/avis-de-recherche-one-piece\/avis-de-recherche-one-piece-marshall-d-teach-wanted\/#primaryimage"},"image":{"@id":"https:\/\/boutique-one-piece.com\/avis-de-recherche-one-piece\/avis-de-recherche-one-piece-marshall-d-teach-wanted\/#primaryimage"},"thumbnailUrl":"https:\/\/boutique-one-piece.com\/wp-content\/uploads\/2022\/09\/Avis-de-Recherche-Marshall-D.-Teach-Wanted.jpg","datePublished":"2022-09-27T20:57:50+00:00","dateModified":"2024-09-16T13:02:03+00:00","description":"Vill du dekorera dina v\u00e4ggar med en poster med en tuff, skurkaktig pirat? Den h\u00e4r postern med Marshall D. Teach Wanted borde vara precis vad du letar efter. Marshall D. Teach, \u00e4ven k\u00e4nd som Svartsk\u00e4gg, blev den fj\u00e4rde kejsaren efter att ha d\u00f6dat Vitsk\u00e4gg i slutet av det stora slaget vid Marineford.","breadcrumb":{"@id":"https:\/\/boutique-one-piece.com\/avis-de-recherche-one-piece\/avis-de-recherche-one-piece-marshall-d-teach-wanted\/#breadcrumb"},"inLanguage":"sv-SE","potentialAction":[{"@type":"ReadAction","target":["https:\/\/boutique-one-piece.com\/avis-de-recherche-one-piece\/avis-de-recherche-one-piece-marshall-d-teach-wanted\/"]}]},{"@type":"ImageObject","inLanguage":"sv-SE","@id":"https:\/\/boutique-one-piece.com\/avis-de-recherche-one-piece\/avis-de-recherche-one-piece-marshall-d-teach-wanted\/#primaryimage","url":"https:\/\/boutique-one-piece.com\/wp-content\/uploads\/2022\/09\/Avis-de-Recherche-Marshall-D.-Teach-Wanted.jpg","contentUrl":"https:\/\/boutique-one-piece.com\/wp-content\/uploads\/2022\/09\/Avis-de-Recherche-Marshall-D.-Teach-Wanted.jpg","width":800,"height":800,"caption":"Avis de Recherche Marshall D. Teach Wanted 35X50cm"},{"@type":"BreadcrumbList","@id":"https:\/\/boutique-one-piece.com\/avis-de-recherche-one-piece\/avis-de-recherche-one-piece-marshall-d-teach-wanted\/#breadcrumb","itemListElement":[{"@type":"ListItem","position":1,"name":"Home","item":"https:\/\/boutique-one-piece.com\/"},{"@type":"ListItem","position":2,"name":"Shop","item":"https:\/\/boutique-one-piece.com\/shop\/"},{"@type":"ListItem","position":3,"name":"Avis de Recherche Marshall D. Teach Wanted"}]},{"@type":"WebSite","@id":"https:\/\/boutique-one-piece.com\/#website","url":"https:\/\/boutique-one-piece.com\/","name":"One Piece-butik","description":"Specialbutik f\u00f6r One Piece Manga och Anime","publisher":{"@id":"https:\/\/boutique-one-piece.com\/#organization"},"potentialAction":[{"@type":"SearchAction","target":{"@type":"EntryPoint","urlTemplate":"https:\/\/boutique-one-piece.com\/?s={search_term_string}"},"query-input":{"@type":"PropertyValueSpecification","valueRequired":true,"valueName":"search_term_string"}}],"inLanguage":"sv-SE"},{"@type":"Organization","@id":"https:\/\/boutique-one-piece.com\/#organization","name":"One Piece-butik","url":"https:\/\/boutique-one-piece.com\/","logo":{"@type":"ImageObject","inLanguage":"sv-SE","@id":"https:\/\/boutique-one-piece.com\/#\/schema\/logo\/image\/","url":"https:\/\/boutique-one-piece.com\/wp-content\/uploads\/2022\/09\/Logo-01.png","contentUrl":"https:\/\/boutique-one-piece.com\/wp-content\/uploads\/2022\/09\/Logo-01.png","width":2318,"height":957,"caption":"Boutique One Piece"},"image":{"@id":"https:\/\/boutique-one-piece.com\/#\/schema\/logo\/image\/"}}]}},"_links":{"self":[{"href":"https:\/\/boutique-one-piece.com\/sv\/wp-json\/wp\/v2\/product\/12737","targetHints":{"allow":["GET"]}}],"collection":[{"href":"https:\/\/boutique-one-piece.com\/sv\/wp-json\/wp\/v2\/product"}],"about":[{"href":"https:\/\/boutique-one-piece.com\/sv\/wp-json\/wp\/v2\/types\/product"}],"replies":[{"embeddable":true,"href":"https:\/\/boutique-one-piece.com\/sv\/wp-json\/wp\/v2\/comments?post=12737"}],"wp:featuredmedia":[{"embeddable":true,"href":"https:\/\/boutique-one-piece.com\/sv\/wp-json\/wp\/v2\/media\/12739"}],"wp:attachment":[{"href":"https:\/\/boutique-one-piece.com\/sv\/wp-json\/wp\/v2\/media?parent=12737"}],"wp:term":[{"taxonomy":"product_brand","embeddable":true,"href":"https:\/\/boutique-one-piece.com\/sv\/wp-json\/wp\/v2\/product_brand?post=12737"},{"taxonomy":"product_cat","embeddable":true,"href":"https:\/\/boutique-one-piece.com\/sv\/wp-json\/wp\/v2\/product_cat?post=12737"},{"taxonomy":"product_tag","embeddable":true,"href":"https:\/\/boutique-one-piece.com\/sv\/wp-json\/wp\/v2\/product_tag?post=12737"}],"curies":[{"name":"wp","href":"https:\/\/api.w.org\/{rel}","templated":true}]}}