{"id":12870,"date":"2022-09-27T20:58:56","date_gmt":"2022-09-27T20:58:56","guid":{"rendered":"https:\/\/boutique-one-piece.com\/uncategorized\/tableau-lumineux-one-piece-edward-newgate-marinford\/"},"modified":"2024-09-16T13:04:41","modified_gmt":"2024-09-16T13:04:41","slug":"ljusbrada-ett-stycke-edward-newgate-marinford","status":"publish","type":"product","link":"https:\/\/boutique-one-piece.com\/sv\/one-piece-dekorationer\/one-piece-malningar\/ljusbrada-ett-stycke-edward-newgate-marinford\/","title":{"rendered":"One Piece Ljusbr\u00e4da Edward Newgate Marinford"},"content":{"rendered":"<p><span><strong>Varum\u00e4rke<\/strong> Liupurhome<\/span><br \/><span><strong>Slag:<\/strong> Atmosf\u00e4r<\/span><br \/><span><strong>Form:<\/strong> boka<\/span><br \/><span><strong>Ing\u00e5r gl\u00f6dlampor?<\/strong> Ja<\/span><br \/><span><strong>Modellnummer:<\/strong> Juldekoration<\/span><br \/><span><strong>Kroppsmaterial:<\/strong> PVC<\/span><br \/><span><strong>Batterityp<\/strong> INGEN<\/span><br \/><span><strong>Ljusk\u00e4lla:<\/strong> LED-lampor<\/span><br \/><span><strong>Kraftproduktion:<\/strong> Alltid p\u00e5<\/span><br \/><span><strong>Sp\u00e4nning:<\/strong> 4,5V<\/span><br \/><span><strong>Str\u00f6mk\u00e4lla:<\/strong> likstr\u00f6m<\/span><br \/><span><strong>Batterier som kr\u00e4vs:<\/strong> Inga<\/span><br \/><span><strong>Anv\u00e4nda:<\/strong> Semester<\/span><br \/><span><strong>Wattal:<\/strong> 0\u20135 W<\/span><br \/><span><strong>Certifiering:<\/strong> CCC<\/span><br \/><span><strong>Certifiering:<\/strong> Detta<\/span><br \/><span><strong>Certifiering:<\/strong> CQC<\/span><br \/><span><strong>Storlek:<\/strong> 159*209*45mm<\/span><br \/><span><strong>Dropship:<\/strong> St\u00f6d<\/span><br \/><span><strong>Grossist:<\/strong> Ja<\/span><br \/><span><strong>Funktion 1:<\/strong> Milj\u00f6v\u00e4nlig i lager<\/span><br \/><span><strong>Ram:<\/strong> ABS<\/span><br \/><span><strong>Str\u00f6mf\u00f6rs\u00f6rjning:<\/strong> USB<\/span><br \/><span><strong>Typ 1:<\/strong> Julpapperssk\u00e4rningslampa<\/span><\/p>","protected":false},"excerpt":{"rendered":"<p>Varum\u00e4rke: LiupurhomeTyp: AtmosphereForm: bookIng\u00e5r gl\u00f6dlampor: JaModellnummer: JuldekorationKroppsmaterial: PVCBatterityp: INGALjusk\u00e4lla: LED-gl\u00f6dlamporStr\u00f6mgenerering: Alltid p\u00e5Sp\u00e4nning: 4.5VStr\u00f6mk\u00e4lla: DCiN\u00f6dv\u00e4ndiga batterier: NejAnv\u00e4ndning: SemesterEffekt: 0-5WCertifiering: CCCCertifiering: ceCertifiering: CQCStorlek:: 159*209*45mmDrop Ship: SupportGrossist: JaFunktion 1: Lagerf\u00f6rs\u00e4ljareMilj\u00f6v\u00e4nligRam:: ABSStr\u00f6mf\u00f6rs\u00f6rjning:: USBTyp 1: Julpappsk\u00e4rningslampa<\/p>","protected":false},"featured_media":12872,"comment_status":"open","ping_status":"open","template":"","meta":[],"product_brand":[],"product_cat":[141],"product_tag":[],"class_list":{"0":"post-12870","1":"product","2":"type-product","3":"status-publish","4":"has-post-thumbnail","6":"product_cat-tableaux-one-piece","8":"first","9":"instock","10":"purchasable","11":"product-type-simple"},"yoast_head":"<!-- This site is optimized with the Yoast SEO plugin v27.5 - https:\/\/yoast.com\/product\/yoast-seo-wordpress\/ -->\n<title>Tableau Lumineux One Piece Edward Newgate Marinford \u2013 Boutique One Piece<\/title>\n<meta name=\"description\" content=\"Brand Name: LiupurhomeType: AtmosphereShape: bookIs Bulbs Included: YesModel Number: Christmas decorationBody Material: PVCBattery Type: NONELight Source: LED BulbsPower Generation: Always OnVoltage: 4.5VPower Source: DCIs Batteries Required: NoUsage: HolidayWattage: 0-5WCertification: CCCCertification: ceCertification\" \/>\n<meta name=\"robots\" content=\"index, follow, max-snippet:-1, max-image-preview:large, max-video-preview:-1\" \/>\n<link rel=\"canonical\" href=\"https:\/\/boutique-one-piece.com\/sv\/one-piece-dekorationer\/one-piece-malningar\/ljusbrada-ett-stycke-edward-newgate-marinford\/\" \/>\n<meta property=\"og:locale\" content=\"sv_SE\" \/>\n<meta property=\"og:type\" content=\"article\" \/>\n<meta property=\"og:title\" content=\"Tableau Lumineux One Piece Edward Newgate Marinford \u2013 Boutique One Piece\" \/>\n<meta property=\"og:description\" content=\"Brand Name: LiupurhomeType: AtmosphereShape: bookIs Bulbs Included: YesModel Number: Christmas decorationBody Material: PVCBattery Type: NONELight Source: LED BulbsPower Generation: Always OnVoltage: 4.5VPower Source: DCIs Batteries Required: NoUsage: HolidayWattage: 0-5WCertification: CCCCertification: ceCertification\" \/>\n<meta property=\"og:url\" content=\"https:\/\/boutique-one-piece.com\/sv\/one-piece-dekorationer\/one-piece-malningar\/ljusbrada-ett-stycke-edward-newgate-marinford\/\" \/>\n<meta property=\"og:site_name\" content=\"Boutique One Piece\" \/>\n<meta property=\"article:modified_time\" content=\"2024-09-16T13:04:41+00:00\" \/>\n<meta property=\"og:image\" content=\"https:\/\/boutique-one-piece.com\/wp-content\/uploads\/2022\/09\/Tableau-Lumineux-One-Piece-Edward-Newgate-Marinford.jpg\" \/>\n\t<meta property=\"og:image:width\" content=\"640\" \/>\n\t<meta property=\"og:image:height\" content=\"640\" \/>\n\t<meta property=\"og:image:type\" content=\"image\/jpeg\" \/>\n<meta name=\"twitter:card\" content=\"summary_large_image\" \/>\n<script type=\"application\/ld+json\" class=\"yoast-schema-graph\">{\"@context\":\"https:\\\/\\\/schema.org\",\"@graph\":[{\"@type\":\"WebPage\",\"@id\":\"https:\\\/\\\/boutique-one-piece.com\\\/decorations-one-piece\\\/tableaux-one-piece\\\/tableau-lumineux-one-piece-edward-newgate-marinford\\\/\",\"url\":\"https:\\\/\\\/boutique-one-piece.com\\\/decorations-one-piece\\\/tableaux-one-piece\\\/tableau-lumineux-one-piece-edward-newgate-marinford\\\/\",\"name\":\"Tableau Lumineux One Piece Edward Newgate Marinford \u2013 Boutique One Piece\",\"isPartOf\":{\"@id\":\"https:\\\/\\\/boutique-one-piece.com\\\/#website\"},\"primaryImageOfPage\":{\"@id\":\"https:\\\/\\\/boutique-one-piece.com\\\/decorations-one-piece\\\/tableaux-one-piece\\\/tableau-lumineux-one-piece-edward-newgate-marinford\\\/#primaryimage\"},\"image\":{\"@id\":\"https:\\\/\\\/boutique-one-piece.com\\\/decorations-one-piece\\\/tableaux-one-piece\\\/tableau-lumineux-one-piece-edward-newgate-marinford\\\/#primaryimage\"},\"thumbnailUrl\":\"https:\\\/\\\/boutique-one-piece.com\\\/wp-content\\\/uploads\\\/2022\\\/09\\\/Tableau-Lumineux-One-Piece-Edward-Newgate-Marinford.jpg\",\"datePublished\":\"2022-09-27T20:58:56+00:00\",\"dateModified\":\"2024-09-16T13:04:41+00:00\",\"description\":\"Brand Name: LiupurhomeType: AtmosphereShape: bookIs Bulbs Included: YesModel Number: Christmas decorationBody Material: PVCBattery Type: NONELight Source: LED BulbsPower Generation: Always OnVoltage: 4.5VPower Source: DCIs Batteries Required: NoUsage: HolidayWattage: 0-5WCertification: CCCCertification: ceCertification\",\"breadcrumb\":{\"@id\":\"https:\\\/\\\/boutique-one-piece.com\\\/decorations-one-piece\\\/tableaux-one-piece\\\/tableau-lumineux-one-piece-edward-newgate-marinford\\\/#breadcrumb\"},\"inLanguage\":\"sv-SE\",\"potentialAction\":[{\"@type\":\"ReadAction\",\"target\":[\"https:\\\/\\\/boutique-one-piece.com\\\/decorations-one-piece\\\/tableaux-one-piece\\\/tableau-lumineux-one-piece-edward-newgate-marinford\\\/\"]}]},{\"@type\":\"ImageObject\",\"inLanguage\":\"sv-SE\",\"@id\":\"https:\\\/\\\/boutique-one-piece.com\\\/decorations-one-piece\\\/tableaux-one-piece\\\/tableau-lumineux-one-piece-edward-newgate-marinford\\\/#primaryimage\",\"url\":\"https:\\\/\\\/boutique-one-piece.com\\\/wp-content\\\/uploads\\\/2022\\\/09\\\/Tableau-Lumineux-One-Piece-Edward-Newgate-Marinford.jpg\",\"contentUrl\":\"https:\\\/\\\/boutique-one-piece.com\\\/wp-content\\\/uploads\\\/2022\\\/09\\\/Tableau-Lumineux-One-Piece-Edward-Newgate-Marinford.jpg\",\"width\":640,\"height\":640,\"caption\":\"Tableau Lumineux One Piece Edward Newgate Marinford Default Title\"},{\"@type\":\"BreadcrumbList\",\"@id\":\"https:\\\/\\\/boutique-one-piece.com\\\/decorations-one-piece\\\/tableaux-one-piece\\\/tableau-lumineux-one-piece-edward-newgate-marinford\\\/#breadcrumb\",\"itemListElement\":[{\"@type\":\"ListItem\",\"position\":1,\"name\":\"Home\",\"item\":\"https:\\\/\\\/boutique-one-piece.com\\\/\"},{\"@type\":\"ListItem\",\"position\":2,\"name\":\"Shop\",\"item\":\"https:\\\/\\\/boutique-one-piece.com\\\/shop\\\/\"},{\"@type\":\"ListItem\",\"position\":3,\"name\":\"Tableau Lumineux One Piece Edward Newgate Marinford\"}]},{\"@type\":\"WebSite\",\"@id\":\"https:\\\/\\\/boutique-one-piece.com\\\/#website\",\"url\":\"https:\\\/\\\/boutique-one-piece.com\\\/\",\"name\":\"Boutique One Piece\",\"description\":\"Magasin Sp\u00e9cialis\u00e9 du Manga et l&#039;Anime One Piece\",\"publisher\":{\"@id\":\"https:\\\/\\\/boutique-one-piece.com\\\/#organization\"},\"potentialAction\":[{\"@type\":\"SearchAction\",\"target\":{\"@type\":\"EntryPoint\",\"urlTemplate\":\"https:\\\/\\\/boutique-one-piece.com\\\/?s={search_term_string}\"},\"query-input\":{\"@type\":\"PropertyValueSpecification\",\"valueRequired\":true,\"valueName\":\"search_term_string\"}}],\"inLanguage\":\"sv-SE\"},{\"@type\":\"Organization\",\"@id\":\"https:\\\/\\\/boutique-one-piece.com\\\/#organization\",\"name\":\"Boutique One Piece\",\"url\":\"https:\\\/\\\/boutique-one-piece.com\\\/\",\"logo\":{\"@type\":\"ImageObject\",\"inLanguage\":\"sv-SE\",\"@id\":\"https:\\\/\\\/boutique-one-piece.com\\\/#\\\/schema\\\/logo\\\/image\\\/\",\"url\":\"https:\\\/\\\/boutique-one-piece.com\\\/wp-content\\\/uploads\\\/2022\\\/09\\\/Logo-01.png\",\"contentUrl\":\"https:\\\/\\\/boutique-one-piece.com\\\/wp-content\\\/uploads\\\/2022\\\/09\\\/Logo-01.png\",\"width\":2318,\"height\":957,\"caption\":\"Boutique One Piece\"},\"image\":{\"@id\":\"https:\\\/\\\/boutique-one-piece.com\\\/#\\\/schema\\\/logo\\\/image\\\/\"}}]}<\/script>\n<!-- \/ Yoast SEO plugin. -->","yoast_head_json":{"title":"One Piece Edward Newgate Marinford Ljusbr\u00e4da \u2013 One Piece Shop","description":"Varum\u00e4rke: LiupurhomeTyp: AtmosphereForm: bookIng\u00e5r gl\u00f6dlampor: JaModellnummer: JuldekorationKroppsmaterial: PVCBatterityp: INGALjusk\u00e4lla: LED-gl\u00f6dlamporStr\u00f6mgenerering: Alltid p\u00e5Sp\u00e4nning: 4,5 VStr\u00f6mk\u00e4lla: DCiErforderliga batterier: NejAnv\u00e4ndning: SemesterEffekt: 0-5 WCertifiering: CCCCertifiering: ceCertifiering","robots":{"index":"index","follow":"follow","max-snippet":"max-snippet:-1","max-image-preview":"max-image-preview:large","max-video-preview":"max-video-preview:-1"},"canonical":"https:\/\/boutique-one-piece.com\/sv\/one-piece-dekorationer\/one-piece-malningar\/ljusbrada-ett-stycke-edward-newgate-marinford\/","og_locale":"sv_SE","og_type":"article","og_title":"Tableau Lumineux One Piece Edward Newgate Marinford \u2013 Boutique One Piece","og_description":"Brand Name: LiupurhomeType: AtmosphereShape: bookIs Bulbs Included: YesModel Number: Christmas decorationBody Material: PVCBattery Type: NONELight Source: LED BulbsPower Generation: Always OnVoltage: 4.5VPower Source: DCIs Batteries Required: NoUsage: HolidayWattage: 0-5WCertification: CCCCertification: ceCertification","og_url":"https:\/\/boutique-one-piece.com\/sv\/one-piece-dekorationer\/one-piece-malningar\/ljusbrada-ett-stycke-edward-newgate-marinford\/","og_site_name":"Boutique One Piece","article_modified_time":"2024-09-16T13:04:41+00:00","og_image":[{"width":640,"height":640,"url":"https:\/\/boutique-one-piece.com\/wp-content\/uploads\/2022\/09\/Tableau-Lumineux-One-Piece-Edward-Newgate-Marinford.jpg","type":"image\/jpeg"}],"twitter_card":"summary_large_image","schema":{"@context":"https:\/\/schema.org","@graph":[{"@type":"WebPage","@id":"https:\/\/boutique-one-piece.com\/decorations-one-piece\/tableaux-one-piece\/tableau-lumineux-one-piece-edward-newgate-marinford\/","url":"https:\/\/boutique-one-piece.com\/decorations-one-piece\/tableaux-one-piece\/tableau-lumineux-one-piece-edward-newgate-marinford\/","name":"One Piece Edward Newgate Marinford Ljusbr\u00e4da \u2013 One Piece Shop","isPartOf":{"@id":"https:\/\/boutique-one-piece.com\/#website"},"primaryImageOfPage":{"@id":"https:\/\/boutique-one-piece.com\/decorations-one-piece\/tableaux-one-piece\/tableau-lumineux-one-piece-edward-newgate-marinford\/#primaryimage"},"image":{"@id":"https:\/\/boutique-one-piece.com\/decorations-one-piece\/tableaux-one-piece\/tableau-lumineux-one-piece-edward-newgate-marinford\/#primaryimage"},"thumbnailUrl":"https:\/\/boutique-one-piece.com\/wp-content\/uploads\/2022\/09\/Tableau-Lumineux-One-Piece-Edward-Newgate-Marinford.jpg","datePublished":"2022-09-27T20:58:56+00:00","dateModified":"2024-09-16T13:04:41+00:00","description":"Varum\u00e4rke: LiupurhomeTyp: AtmosphereForm: bookIng\u00e5r gl\u00f6dlampor: JaModellnummer: JuldekorationKroppsmaterial: PVCBatterityp: INGALjusk\u00e4lla: LED-gl\u00f6dlamporStr\u00f6mgenerering: Alltid p\u00e5Sp\u00e4nning: 4,5 VStr\u00f6mk\u00e4lla: DCiErforderliga batterier: NejAnv\u00e4ndning: SemesterEffekt: 0-5 WCertifiering: CCCCertifiering: ceCertifiering","breadcrumb":{"@id":"https:\/\/boutique-one-piece.com\/decorations-one-piece\/tableaux-one-piece\/tableau-lumineux-one-piece-edward-newgate-marinford\/#breadcrumb"},"inLanguage":"sv-SE","potentialAction":[{"@type":"ReadAction","target":["https:\/\/boutique-one-piece.com\/decorations-one-piece\/tableaux-one-piece\/tableau-lumineux-one-piece-edward-newgate-marinford\/"]}]},{"@type":"ImageObject","inLanguage":"sv-SE","@id":"https:\/\/boutique-one-piece.com\/decorations-one-piece\/tableaux-one-piece\/tableau-lumineux-one-piece-edward-newgate-marinford\/#primaryimage","url":"https:\/\/boutique-one-piece.com\/wp-content\/uploads\/2022\/09\/Tableau-Lumineux-One-Piece-Edward-Newgate-Marinford.jpg","contentUrl":"https:\/\/boutique-one-piece.com\/wp-content\/uploads\/2022\/09\/Tableau-Lumineux-One-Piece-Edward-Newgate-Marinford.jpg","width":640,"height":640,"caption":"Tableau Lumineux One Piece Edward Newgate Marinford Default Title"},{"@type":"BreadcrumbList","@id":"https:\/\/boutique-one-piece.com\/decorations-one-piece\/tableaux-one-piece\/tableau-lumineux-one-piece-edward-newgate-marinford\/#breadcrumb","itemListElement":[{"@type":"ListItem","position":1,"name":"Home","item":"https:\/\/boutique-one-piece.com\/"},{"@type":"ListItem","position":2,"name":"Shop","item":"https:\/\/boutique-one-piece.com\/shop\/"},{"@type":"ListItem","position":3,"name":"Tableau Lumineux One Piece Edward Newgate Marinford"}]},{"@type":"WebSite","@id":"https:\/\/boutique-one-piece.com\/#website","url":"https:\/\/boutique-one-piece.com\/","name":"One Piece-butik","description":"Specialbutik f\u00f6r One Piece Manga och Anime","publisher":{"@id":"https:\/\/boutique-one-piece.com\/#organization"},"potentialAction":[{"@type":"SearchAction","target":{"@type":"EntryPoint","urlTemplate":"https:\/\/boutique-one-piece.com\/?s={search_term_string}"},"query-input":{"@type":"PropertyValueSpecification","valueRequired":true,"valueName":"search_term_string"}}],"inLanguage":"sv-SE"},{"@type":"Organization","@id":"https:\/\/boutique-one-piece.com\/#organization","name":"One Piece-butik","url":"https:\/\/boutique-one-piece.com\/","logo":{"@type":"ImageObject","inLanguage":"sv-SE","@id":"https:\/\/boutique-one-piece.com\/#\/schema\/logo\/image\/","url":"https:\/\/boutique-one-piece.com\/wp-content\/uploads\/2022\/09\/Logo-01.png","contentUrl":"https:\/\/boutique-one-piece.com\/wp-content\/uploads\/2022\/09\/Logo-01.png","width":2318,"height":957,"caption":"Boutique One Piece"},"image":{"@id":"https:\/\/boutique-one-piece.com\/#\/schema\/logo\/image\/"}}]}},"_links":{"self":[{"href":"https:\/\/boutique-one-piece.com\/sv\/wp-json\/wp\/v2\/product\/12870","targetHints":{"allow":["GET"]}}],"collection":[{"href":"https:\/\/boutique-one-piece.com\/sv\/wp-json\/wp\/v2\/product"}],"about":[{"href":"https:\/\/boutique-one-piece.com\/sv\/wp-json\/wp\/v2\/types\/product"}],"replies":[{"embeddable":true,"href":"https:\/\/boutique-one-piece.com\/sv\/wp-json\/wp\/v2\/comments?post=12870"}],"wp:featuredmedia":[{"embeddable":true,"href":"https:\/\/boutique-one-piece.com\/sv\/wp-json\/wp\/v2\/media\/12872"}],"wp:attachment":[{"href":"https:\/\/boutique-one-piece.com\/sv\/wp-json\/wp\/v2\/media?parent=12870"}],"wp:term":[{"taxonomy":"product_brand","embeddable":true,"href":"https:\/\/boutique-one-piece.com\/sv\/wp-json\/wp\/v2\/product_brand?post=12870"},{"taxonomy":"product_cat","embeddable":true,"href":"https:\/\/boutique-one-piece.com\/sv\/wp-json\/wp\/v2\/product_cat?post=12870"},{"taxonomy":"product_tag","embeddable":true,"href":"https:\/\/boutique-one-piece.com\/sv\/wp-json\/wp\/v2\/product_tag?post=12870"}],"curies":[{"name":"wp","href":"https:\/\/api.w.org\/{rel}","templated":true}]}}