{"id":13346,"date":"2022-09-27T21:02:29","date_gmt":"2022-09-27T21:02:29","guid":{"rendered":"https:\/\/boutique-one-piece.com\/uncategorized\/tableau-one-piece-barbe-blanche\/"},"modified":"2024-09-18T00:59:39","modified_gmt":"2024-09-18T00:59:39","slug":"vitt-skagg-i-ett-stycke-malning","status":"publish","type":"product","link":"https:\/\/boutique-one-piece.com\/sv\/one-piece-dekorationer\/one-piece-malningar\/vitt-skagg-i-ett-stycke-malning\/","title":{"rendered":"One Piece Whitebeard-m\u00e5lning"},"content":{"rendered":"<h2>One Piece Canvastavla med fem paneler f\u00f6rest\u00e4llande Edward Newgate, den f\u00f6rre kejsaren - En canvastavla av h\u00f6g kvalitet f\u00f6r en pirat som du!<\/h2>\n<p>Om du \u00e4r en\u00a0<strong>riktig pirat<\/strong>, Du kommer att veta<span>\u00a0<\/span>uppskatta<span>\u00a0<\/span>det\u00a0<strong>kvalitet<\/strong>\u00a0duk, f\u00e4rg och en ram f\u00f6r deras\u00a0<strong>designer\u00a0<\/strong>Och\u00a0<strong>3D-canvasutskrift<\/strong>\u00a0av detta\u00a0<strong>One Piece 5-panelsm\u00e5lning<\/strong>\u00a0Men det viktigaste med den h\u00e4r m\u00e5lningen \u00e4r att<span>\u00a0<\/span>du kommer att vara en del av\u00a0<strong>fanteamet<\/strong>\u00a0av\u00a0<strong>piratmanga<\/strong>\u00a0och du kommer att f\u00e5:<\/p>\n<ul>\n<li>\u00a0<strong>Beundran<\/strong>\u00a0av alla fans av\u00a0<strong>mugiwara<\/strong>\u00a0som du kommer att bjuda hem till dig<\/li>\n<\/ul>\n<ul>\n<li>En riktig\u00a0<strong>5-delat tryckt diagram<\/strong>\u00a0med vilket du kan<strong>\u00a0att f\u00f6rest\u00e4lla sig\u00a0<\/strong>med\u00a0<strong><\/strong><strong><\/strong>den store <strong>Vitsk\u00e4gg<\/strong><span>\u00a0<\/span>redo att <strong>bek\u00e4mpa<\/strong>\n<\/li>\n<\/ul>\n<p>S\u00e5, redo att visa upp\u00a0<strong>f\u00e4rger<span>\u00a0<\/span><\/strong>av<b>\u00a0Edward Newgate\u00a0<\/b>?<\/p>\n<h2>\u00c4r du ett fan av One Piece manga eller anime? Visa upp det med denna 5-delade One Piece canvastavla!<\/h2>\n<p>Om du\u00a0<strong>l\u00e4sa<\/strong>\u00a0eller vart du \u00e4n tittar\u00a0<strong>animen\u00a0<\/strong><strong>japanska<\/strong>, Det finns en god chans att du har blivit\u00a0<strong>galen i One Piece<\/strong>\u00a0Med detta!\u00a0<strong>5-panelsm\u00e5lning Vitsk\u00e4gg<\/strong>, g\u00e5 med i\u2019<strong>en grupp fans av franchisen<\/strong><\/p>\n<p>Detta\u00a0<strong>m\u00e5lning<\/strong>\u00a0\u00e4r tillg\u00e4nglig med en\u00a0<strong>tr\u00e4ram<\/strong>\u00a0varianten &quot;\u00ab\u00a0<strong>Med ram<\/strong>\u00ab&quot;Det \u00e4r ocks\u00e5 m\u00f6jligt att bara ha\u00a0<strong>trasa<\/strong>\u00a0med varianten &quot;\u00ab\u00a0<strong>Raml\u00f6s<\/strong>\u00ab&quot;Du hittar bordet i storlekarna&quot;\u00a0<strong>Liten<\/strong>,<strong>\u00a0GENOMSNITT<\/strong>,<strong>\u00a0Stor<\/strong>,<strong>\u00a0XL<\/strong>, Den passar alla typer av pirater, \u00e4ven om du inte har\u00a0<strong>sv\u00e4rd<\/strong>\u00a0eller\u00a0<strong>dj\u00e4vulens frukt<\/strong>\u00a0du kan fortfarande stolt h\u00e4nga upp den hemma<\/p>\n<p><strong>Brook Le<\/strong><span>\u00a0<\/span><strong>Nynna<\/strong><span>\u00a0<\/span>eller den<span>\u00a0<\/span><strong>Kung<\/strong><span>\u00a0<\/span>av<span>\u00a0<\/span><strong>Berusad<\/strong>\u00a0(\u00a0<strong>Sj\u00e4lskungen)<\/strong>\u00a0Han har<span>\u00a0<\/span><strong>Uppst\u00e5ndelsens frukt<\/strong>, vilket g\u00f6r det n\u00e4stan<span>\u00a0<\/span><strong>od\u00f6dlig<\/strong>. Trots hans tillst\u00e5nd<span>\u00a0<\/span><strong>skelett<\/strong>\u00a0<span>\u00a0<\/span><strong>od\u00f6da<\/strong>,<span>\u00a0<\/span><strong>Brook<\/strong><span>\u00a0<\/span>\u00e4r den<span>\u00a0<\/span><strong>andre sv\u00e4rdsman<\/strong><span>\u00a0<\/span>av<span>\u00a0<\/span><strong>Luffys bes\u00e4ttning<\/strong><span>\u00a0<\/span>bakom Zoro<\/p>\n<h2>Information om m\u00e5lningen:<\/h2>\n<ul>\n<li>\n<strong>H\u00f6gkvalitativ tryckt canvas\u00a0<\/strong>v\u00e4ggduk gjord av<span>\u00a0<\/span><strong>bomull<\/strong><span>\u00a0<\/span>och<span>\u00a0<\/span><strong>linne<\/strong>, f\u00f6r att erh\u00e5lla en<span>\u00a0<\/span><strong>trasa<\/strong><span>\u00a0<\/span>v\u00e4rdig namnet<\/li>\n<\/ul>\n<ul>\n<li>\n<strong>Ultra Design-m\u00e5lning<\/strong>\u00a0Den femdelade tabellen ger mycket<span>\u00a0<\/span><strong>stil<\/strong><span>\u00a0<\/span>till en<span>\u00a0<\/span><strong>bit<\/strong>, Fansen kan inte l\u00e5ta bli att \u00e4lska det<\/li>\n<\/ul>\n<ul>\n<li>\n<strong>F\u00e4rg och utskrift\u00a0<\/strong>One Piece-m\u00e5lning med ett tryck<span>\u00a0<\/span><strong>Canva<\/strong><span>\u00a0<\/span>riktm\u00e4rket inom canvastryck<\/li>\n<\/ul>\n<ul>\n<li>\n<strong>L\u00e4tt v\u00e4ggkonst<\/strong>\u00a0: fantastisk milj\u00f6<span>\u00a0<\/span><strong>ljus,<\/strong><span>\u00a0<\/span>allt som kr\u00e4vs \u00e4r en<span>\u00a0<\/span><strong>spika<\/strong><span>\u00a0<\/span>eller av<span>\u00a0<\/span><strong>fast ben<\/strong><span>\u00a0<\/span>f\u00f6r<span>\u00a0<\/span><strong>uppr\u00e4tth\u00e5lla<\/strong><span>\u00a0<\/span>P\u00e5<span>\u00a0<\/span><strong>v\u00e4gg<\/strong>\n<\/li>\n<\/ul>\n<ul>\n<li>\n<strong>Tr\u00e4ram<\/strong>\u00a0: varianten &quot;\u00ab\u00a0<strong>Med ram<\/strong>\u00a0\u00bb \u00e5tf\u00f6ljs av en<span>\u00a0<\/span><strong>tr\u00e4ram<\/strong><span>\u00a0<\/span>och versionen &quot;\u00ab\u00a0<strong>Raml\u00f6s<\/strong>\u00a0\u00bb levereras<span>\u00a0<\/span><strong>utan tr\u00e4ramen<\/strong>\n<\/li>\n<\/ul>\n<ul>\n<li>\n<strong>Fri leverans\u00a0<\/strong>f\u00f6r alla k\u00f6p<strong>\u00a0<\/strong>\n<\/li>\n<\/ul>\n<h3>Gl\u00f6m inte att ta en titt p\u00e5 storleksguiden nedan.<\/h3>\n<h2>\n<strong>One Piece 5-delad m\u00e5lning<\/strong><span>,<\/span><strong><span>\u00a0<\/span><\/strong><span>Storlek<\/span><strong><span>\u00a0<\/span><\/strong><span>:\u00a0<\/span><strong>Liten<\/strong><br \/>\n<\/h2>\n<p>\u00a0<img decoding=\"async\" src=\"https:\/\/cdn.shopify.com\/s\/files\/1\/0087\/7556\/5348\/files\/guide_taille_tableau_one_piece_petit_boutique_one_piece_large.jpg?v=1560247451\" alt=\"Storleksguide f\u00f6r 5-delad One Piece (Liten)\"><\/p>\n<p><strong>One Piece 5-delad m\u00e5lning<\/strong>, Storlek<strong><span>\u00a0<\/span><\/strong>:<strong><span>\u00a0<\/span>GENOMSNITT<\/strong><\/p>\n<p>\u00a0<img decoding=\"async\" src=\"https:\/\/cdn.shopify.com\/s\/files\/1\/0087\/7556\/5348\/files\/guide_taille_tableau_one_piece_moyen_boutique_one_piece_large.jpg?v=1560247519\" alt=\"Storlekstabell ett stycke 5 stycken Medium\"><\/p>\n<p><strong>One Piece 5-delad m\u00e5lning<\/strong>, Storlek<strong><span>\u00a0<\/span><\/strong>:<span>\u00a0<\/span><strong>Stor<\/strong><\/p>\n<p>\u00a0<img decoding=\"async\" src=\"https:\/\/cdn.shopify.com\/s\/files\/1\/0087\/7556\/5348\/files\/guide_taille_tableau_one_piece_grand_boutique_one_piece_large.jpg?v=1560247582\" alt=\"Storlekstabell f\u00f6r One Piece 5-delade plagg (stor)\"><\/p>\n<p><strong>One Piece 5-delad m\u00e5lning<\/strong>, Storlek:<span>\u00a0<\/span><strong>XL<\/strong><\/p>\n<p><img decoding=\"async\" src=\"https:\/\/cdn.shopify.com\/s\/files\/1\/0087\/7556\/5348\/files\/guide_taille_tableau_one_piece_xl_boutique_one_piece_large.jpg?v=1560247610\" alt=\"Storlekstabell f\u00f6r One Piece 5-delad XL\"><\/p>","protected":false},"excerpt":{"rendered":"<p>One Piece-canvastavla med 5 paneler f\u00f6rest\u00e4llande Edward Newgate, den f\u00f6rre kejsaren: Ett h\u00f6gkvalitativt verk f\u00f6r en pirat som du! Om du \u00e4r en sann pirat kommer du att uppskatta kvaliteten p\u00e5 duken, f\u00e4rgen och ramen, s\u00e5v\u00e4l som 3D-canvastrycket p\u00e5 detta One Piece-canvastavla med 5 paneler! Men viktigast av allt, med detta canvastavla blir du en del av g\u00e4nget av piratmanga-fans och du kommer att f\u00e5: Beundran fr\u00e5n alla fans [\u2026]<\/p>","protected":false},"featured_media":13348,"comment_status":"open","ping_status":"open","template":"","meta":[],"product_brand":[],"product_cat":[141],"product_tag":[199,142,143],"class_list":{"0":"post-13346","1":"product","2":"type-product","3":"status-publish","4":"has-post-thumbnail","6":"product_cat-tableaux-one-piece","7":"product_tag-barbe-blanche","8":"product_tag-tableau-5-pieces","9":"product_tag-toile","11":"first","12":"instock","13":"purchasable","14":"product-type-variable"},"yoast_head":"<!-- This site is optimized with the Yoast SEO plugin v27.5 - https:\/\/yoast.com\/product\/yoast-seo-wordpress\/ -->\n<title>Tableau One Piece Barbe Blanche | Boutique One Piece<\/title>\n<meta name=\"description\" content=\"Tableau 5 Pi\u00e8ces One Piece Edward Newgate l&#039;Ancien Empereur de Qualit\u00e9 Si Vous \u00cates un Fan de l&#039;Univers des Pirates ce Tableau 5 Panneaux est Fait Pour Vous\" \/>\n<meta name=\"robots\" content=\"index, follow, max-snippet:-1, max-image-preview:large, max-video-preview:-1\" \/>\n<link rel=\"canonical\" href=\"https:\/\/boutique-one-piece.com\/sv\/one-piece-dekorationer\/one-piece-malningar\/vitt-skagg-i-ett-stycke-malning\/\" \/>\n<meta property=\"og:locale\" content=\"sv_SE\" \/>\n<meta property=\"og:type\" content=\"article\" \/>\n<meta property=\"og:title\" content=\"Tableau One Piece Barbe Blanche | Boutique One Piece\" \/>\n<meta property=\"og:description\" content=\"Tableau 5 Pi\u00e8ces One Piece Edward Newgate l&#039;Ancien Empereur de Qualit\u00e9 Si Vous \u00cates un Fan de l&#039;Univers des Pirates ce Tableau 5 Panneaux est Fait Pour Vous\" \/>\n<meta property=\"og:url\" content=\"https:\/\/boutique-one-piece.com\/sv\/one-piece-dekorationer\/one-piece-malningar\/vitt-skagg-i-ett-stycke-malning\/\" \/>\n<meta property=\"og:site_name\" content=\"Boutique One Piece\" \/>\n<meta property=\"article:modified_time\" content=\"2024-09-18T00:59:39+00:00\" \/>\n<meta property=\"og:image\" content=\"https:\/\/boutique-one-piece.com\/wp-content\/uploads\/2022\/09\/Tableau-One-Piece-Barbe-Blanche.jpg\" \/>\n\t<meta property=\"og:image:width\" content=\"1000\" \/>\n\t<meta property=\"og:image:height\" content=\"988\" \/>\n\t<meta property=\"og:image:type\" content=\"image\/jpeg\" \/>\n<meta name=\"twitter:card\" content=\"summary_large_image\" \/>\n<meta name=\"twitter:label1\" content=\"Ber\u00e4knad l\u00e4stid\" \/>\n\t<meta name=\"twitter:data1\" content=\"4 minuter\" \/>\n<script type=\"application\/ld+json\" class=\"yoast-schema-graph\">{\"@context\":\"https:\\\/\\\/schema.org\",\"@graph\":[{\"@type\":\"WebPage\",\"@id\":\"https:\\\/\\\/boutique-one-piece.com\\\/decorations-one-piece\\\/tableaux-one-piece\\\/tableau-one-piece-barbe-blanche\\\/\",\"url\":\"https:\\\/\\\/boutique-one-piece.com\\\/decorations-one-piece\\\/tableaux-one-piece\\\/tableau-one-piece-barbe-blanche\\\/\",\"name\":\"Tableau One Piece Barbe Blanche | Boutique One Piece\",\"isPartOf\":{\"@id\":\"https:\\\/\\\/boutique-one-piece.com\\\/#website\"},\"primaryImageOfPage\":{\"@id\":\"https:\\\/\\\/boutique-one-piece.com\\\/decorations-one-piece\\\/tableaux-one-piece\\\/tableau-one-piece-barbe-blanche\\\/#primaryimage\"},\"image\":{\"@id\":\"https:\\\/\\\/boutique-one-piece.com\\\/decorations-one-piece\\\/tableaux-one-piece\\\/tableau-one-piece-barbe-blanche\\\/#primaryimage\"},\"thumbnailUrl\":\"https:\\\/\\\/boutique-one-piece.com\\\/wp-content\\\/uploads\\\/2022\\\/09\\\/Tableau-One-Piece-Barbe-Blanche.jpg\",\"datePublished\":\"2022-09-27T21:02:29+00:00\",\"dateModified\":\"2024-09-18T00:59:39+00:00\",\"description\":\"Tableau 5 Pi\u00e8ces One Piece Edward Newgate l'Ancien Empereur de Qualit\u00e9 Si Vous \u00cates un Fan de l'Univers des Pirates ce Tableau 5 Panneaux est Fait Pour Vous\",\"breadcrumb\":{\"@id\":\"https:\\\/\\\/boutique-one-piece.com\\\/decorations-one-piece\\\/tableaux-one-piece\\\/tableau-one-piece-barbe-blanche\\\/#breadcrumb\"},\"inLanguage\":\"sv-SE\",\"potentialAction\":[{\"@type\":\"ReadAction\",\"target\":[\"https:\\\/\\\/boutique-one-piece.com\\\/decorations-one-piece\\\/tableaux-one-piece\\\/tableau-one-piece-barbe-blanche\\\/\"]}]},{\"@type\":\"ImageObject\",\"inLanguage\":\"sv-SE\",\"@id\":\"https:\\\/\\\/boutique-one-piece.com\\\/decorations-one-piece\\\/tableaux-one-piece\\\/tableau-one-piece-barbe-blanche\\\/#primaryimage\",\"url\":\"https:\\\/\\\/boutique-one-piece.com\\\/wp-content\\\/uploads\\\/2022\\\/09\\\/Tableau-One-Piece-Barbe-Blanche.jpg\",\"contentUrl\":\"https:\\\/\\\/boutique-one-piece.com\\\/wp-content\\\/uploads\\\/2022\\\/09\\\/Tableau-One-Piece-Barbe-Blanche.jpg\",\"width\":1000,\"height\":988,\"caption\":\"Tableau One Piece Barbe Blanche XL Avec Cadre\"},{\"@type\":\"BreadcrumbList\",\"@id\":\"https:\\\/\\\/boutique-one-piece.com\\\/decorations-one-piece\\\/tableaux-one-piece\\\/tableau-one-piece-barbe-blanche\\\/#breadcrumb\",\"itemListElement\":[{\"@type\":\"ListItem\",\"position\":1,\"name\":\"Home\",\"item\":\"https:\\\/\\\/boutique-one-piece.com\\\/\"},{\"@type\":\"ListItem\",\"position\":2,\"name\":\"Shop\",\"item\":\"https:\\\/\\\/boutique-one-piece.com\\\/shop\\\/\"},{\"@type\":\"ListItem\",\"position\":3,\"name\":\"Tableau One Piece Barbe Blanche\"}]},{\"@type\":\"WebSite\",\"@id\":\"https:\\\/\\\/boutique-one-piece.com\\\/#website\",\"url\":\"https:\\\/\\\/boutique-one-piece.com\\\/\",\"name\":\"Boutique One Piece\",\"description\":\"Magasin Sp\u00e9cialis\u00e9 du Manga et l&#039;Anime One Piece\",\"publisher\":{\"@id\":\"https:\\\/\\\/boutique-one-piece.com\\\/#organization\"},\"potentialAction\":[{\"@type\":\"SearchAction\",\"target\":{\"@type\":\"EntryPoint\",\"urlTemplate\":\"https:\\\/\\\/boutique-one-piece.com\\\/?s={search_term_string}\"},\"query-input\":{\"@type\":\"PropertyValueSpecification\",\"valueRequired\":true,\"valueName\":\"search_term_string\"}}],\"inLanguage\":\"sv-SE\"},{\"@type\":\"Organization\",\"@id\":\"https:\\\/\\\/boutique-one-piece.com\\\/#organization\",\"name\":\"Boutique One Piece\",\"url\":\"https:\\\/\\\/boutique-one-piece.com\\\/\",\"logo\":{\"@type\":\"ImageObject\",\"inLanguage\":\"sv-SE\",\"@id\":\"https:\\\/\\\/boutique-one-piece.com\\\/#\\\/schema\\\/logo\\\/image\\\/\",\"url\":\"https:\\\/\\\/boutique-one-piece.com\\\/wp-content\\\/uploads\\\/2022\\\/09\\\/Logo-01.png\",\"contentUrl\":\"https:\\\/\\\/boutique-one-piece.com\\\/wp-content\\\/uploads\\\/2022\\\/09\\\/Logo-01.png\",\"width\":2318,\"height\":957,\"caption\":\"Boutique One Piece\"},\"image\":{\"@id\":\"https:\\\/\\\/boutique-one-piece.com\\\/#\\\/schema\\\/logo\\\/image\\\/\"}}]}<\/script>\n<!-- \/ Yoast SEO plugin. -->","yoast_head_json":{"title":"One Piece Whitebeard-m\u00e5lning | One Piece-butik","description":"One Piece 5-delad canvastavla av Edward Newgate, den f\u00f6rre kejsaren - h\u00f6g kvalitet. Om du \u00e4r ett fan av piratuniversumet \u00e4r denna 5-delade canvastavla n\u00e5got f\u00f6r dig!","robots":{"index":"index","follow":"follow","max-snippet":"max-snippet:-1","max-image-preview":"max-image-preview:large","max-video-preview":"max-video-preview:-1"},"canonical":"https:\/\/boutique-one-piece.com\/sv\/one-piece-dekorationer\/one-piece-malningar\/vitt-skagg-i-ett-stycke-malning\/","og_locale":"sv_SE","og_type":"article","og_title":"Tableau One Piece Barbe Blanche | Boutique One Piece","og_description":"Tableau 5 Pi\u00e8ces One Piece Edward Newgate l'Ancien Empereur de Qualit\u00e9 Si Vous \u00cates un Fan de l'Univers des Pirates ce Tableau 5 Panneaux est Fait Pour Vous","og_url":"https:\/\/boutique-one-piece.com\/sv\/one-piece-dekorationer\/one-piece-malningar\/vitt-skagg-i-ett-stycke-malning\/","og_site_name":"Boutique One Piece","article_modified_time":"2024-09-18T00:59:39+00:00","og_image":[{"width":1000,"height":988,"url":"https:\/\/boutique-one-piece.com\/wp-content\/uploads\/2022\/09\/Tableau-One-Piece-Barbe-Blanche.jpg","type":"image\/jpeg"}],"twitter_card":"summary_large_image","twitter_misc":{"Ber\u00e4knad l\u00e4stid":"4 minuter"},"schema":{"@context":"https:\/\/schema.org","@graph":[{"@type":"WebPage","@id":"https:\/\/boutique-one-piece.com\/decorations-one-piece\/tableaux-one-piece\/tableau-one-piece-barbe-blanche\/","url":"https:\/\/boutique-one-piece.com\/decorations-one-piece\/tableaux-one-piece\/tableau-one-piece-barbe-blanche\/","name":"One Piece Whitebeard-m\u00e5lning | One Piece-butik","isPartOf":{"@id":"https:\/\/boutique-one-piece.com\/#website"},"primaryImageOfPage":{"@id":"https:\/\/boutique-one-piece.com\/decorations-one-piece\/tableaux-one-piece\/tableau-one-piece-barbe-blanche\/#primaryimage"},"image":{"@id":"https:\/\/boutique-one-piece.com\/decorations-one-piece\/tableaux-one-piece\/tableau-one-piece-barbe-blanche\/#primaryimage"},"thumbnailUrl":"https:\/\/boutique-one-piece.com\/wp-content\/uploads\/2022\/09\/Tableau-One-Piece-Barbe-Blanche.jpg","datePublished":"2022-09-27T21:02:29+00:00","dateModified":"2024-09-18T00:59:39+00:00","description":"One Piece 5-delad canvastavla av Edward Newgate, den f\u00f6rre kejsaren - h\u00f6g kvalitet. Om du \u00e4r ett fan av piratuniversumet \u00e4r denna 5-delade canvastavla n\u00e5got f\u00f6r dig!","breadcrumb":{"@id":"https:\/\/boutique-one-piece.com\/decorations-one-piece\/tableaux-one-piece\/tableau-one-piece-barbe-blanche\/#breadcrumb"},"inLanguage":"sv-SE","potentialAction":[{"@type":"ReadAction","target":["https:\/\/boutique-one-piece.com\/decorations-one-piece\/tableaux-one-piece\/tableau-one-piece-barbe-blanche\/"]}]},{"@type":"ImageObject","inLanguage":"sv-SE","@id":"https:\/\/boutique-one-piece.com\/decorations-one-piece\/tableaux-one-piece\/tableau-one-piece-barbe-blanche\/#primaryimage","url":"https:\/\/boutique-one-piece.com\/wp-content\/uploads\/2022\/09\/Tableau-One-Piece-Barbe-Blanche.jpg","contentUrl":"https:\/\/boutique-one-piece.com\/wp-content\/uploads\/2022\/09\/Tableau-One-Piece-Barbe-Blanche.jpg","width":1000,"height":988,"caption":"Tableau One Piece Barbe Blanche XL Avec Cadre"},{"@type":"BreadcrumbList","@id":"https:\/\/boutique-one-piece.com\/decorations-one-piece\/tableaux-one-piece\/tableau-one-piece-barbe-blanche\/#breadcrumb","itemListElement":[{"@type":"ListItem","position":1,"name":"Home","item":"https:\/\/boutique-one-piece.com\/"},{"@type":"ListItem","position":2,"name":"Shop","item":"https:\/\/boutique-one-piece.com\/shop\/"},{"@type":"ListItem","position":3,"name":"Tableau One Piece Barbe Blanche"}]},{"@type":"WebSite","@id":"https:\/\/boutique-one-piece.com\/#website","url":"https:\/\/boutique-one-piece.com\/","name":"One Piece-butik","description":"Specialbutik f\u00f6r One Piece Manga och Anime","publisher":{"@id":"https:\/\/boutique-one-piece.com\/#organization"},"potentialAction":[{"@type":"SearchAction","target":{"@type":"EntryPoint","urlTemplate":"https:\/\/boutique-one-piece.com\/?s={search_term_string}"},"query-input":{"@type":"PropertyValueSpecification","valueRequired":true,"valueName":"search_term_string"}}],"inLanguage":"sv-SE"},{"@type":"Organization","@id":"https:\/\/boutique-one-piece.com\/#organization","name":"One Piece-butik","url":"https:\/\/boutique-one-piece.com\/","logo":{"@type":"ImageObject","inLanguage":"sv-SE","@id":"https:\/\/boutique-one-piece.com\/#\/schema\/logo\/image\/","url":"https:\/\/boutique-one-piece.com\/wp-content\/uploads\/2022\/09\/Logo-01.png","contentUrl":"https:\/\/boutique-one-piece.com\/wp-content\/uploads\/2022\/09\/Logo-01.png","width":2318,"height":957,"caption":"Boutique One Piece"},"image":{"@id":"https:\/\/boutique-one-piece.com\/#\/schema\/logo\/image\/"}}]}},"_links":{"self":[{"href":"https:\/\/boutique-one-piece.com\/sv\/wp-json\/wp\/v2\/product\/13346","targetHints":{"allow":["GET"]}}],"collection":[{"href":"https:\/\/boutique-one-piece.com\/sv\/wp-json\/wp\/v2\/product"}],"about":[{"href":"https:\/\/boutique-one-piece.com\/sv\/wp-json\/wp\/v2\/types\/product"}],"replies":[{"embeddable":true,"href":"https:\/\/boutique-one-piece.com\/sv\/wp-json\/wp\/v2\/comments?post=13346"}],"wp:featuredmedia":[{"embeddable":true,"href":"https:\/\/boutique-one-piece.com\/sv\/wp-json\/wp\/v2\/media\/13348"}],"wp:attachment":[{"href":"https:\/\/boutique-one-piece.com\/sv\/wp-json\/wp\/v2\/media?parent=13346"}],"wp:term":[{"taxonomy":"product_brand","embeddable":true,"href":"https:\/\/boutique-one-piece.com\/sv\/wp-json\/wp\/v2\/product_brand?post=13346"},{"taxonomy":"product_cat","embeddable":true,"href":"https:\/\/boutique-one-piece.com\/sv\/wp-json\/wp\/v2\/product_cat?post=13346"},{"taxonomy":"product_tag","embeddable":true,"href":"https:\/\/boutique-one-piece.com\/sv\/wp-json\/wp\/v2\/product_tag?post=13346"}],"curies":[{"name":"wp","href":"https:\/\/api.w.org\/{rel}","templated":true}]}}