{"id":13452,"date":"2022-09-27T21:20:34","date_gmt":"2022-09-27T21:20:34","guid":{"rendered":"https:\/\/boutique-one-piece.com\/uncategorized\/figurine-one-piece-lhomme-poisson-karateka-jinbe\/"},"modified":"2025-10-03T14:07:55","modified_gmt":"2025-10-03T14:07:55","slug":"one-piece-figur-fiskman-karateka-jinbe","status":"publish","type":"product","link":"https:\/\/boutique-one-piece.com\/sv\/one-piece-figurer\/jinbe-figurer\/one-piece-figur-fiskman-karateka-jinbe\/","title":{"rendered":"One Piece Fishman Karateka Jinbe-figur"},"content":{"rendered":"<h2>Jeune pirate, procure-toi d\u00e8s \u00e0 pr\u00e9sent cette Figurine One Piece L\u2019Homme Poisson Karat\u00e9ka Jinbe.<\/h2>\n<p>Jinbe alias &quot;\u00ab\u00a0<strong>Havens paladin<\/strong>\u00a0\u00bb est le timonier de l\u2019\u00c9quipage du Chapeau de Paille. Il est officiellement le dixi\u00e8me membre de l\u2019\u00e9quipage du Chapeau de Paille et le neuvi\u00e8me \u00e0 rejoindre l\u2019\u00e9quipage de Luffy. D\u2019ailleurs, si tu souhaites agrandir ta collection de figurines, procure-toi d\u00e8s maintenant la <a title=\"ONE PIECE S\u00d6T CHOPPERFIGUR\" href=\"https:\/\/boutique-one-piece.com\/sv\/sot-chopperfigur-i-ett-stycke\/\" target=\"_blank\" rel=\"noopener\">Chopper-figuren \u00e4r f\u00f6r &quot;s\u00f6t&quot;\u00ab<\/a>, qui est un autre membre de l\u2019\u00e9quipage du Chapeau de Paille.<\/p>\n<p>Pour en revenir \u00e0 Jinbe, tu dois savoir qu\u2019il s\u2019agit d\u2019un ma\u00eetre du<strong> Amfibiekarate. <\/strong>Il peut utiliser cet art martial pour terrasser plusieurs hommes \u00e0 la fois. Ses coups sont si forts qu\u2019il n\u2019a pas besoin d\u2019avoir un contact physique avec l\u2019ennemi puisque l\u2019air m\u00eame les fait repousser.<\/p>\n<h3>Alors, conquis par la figurine de ce ma\u00eetre du Karat\u00e9 Amphibien ? Si tel est le cas, n\u2019h\u00e9site plus et rejoins-le \u00e0 bord du Thousand Sunny. Il se pourrait bien que Jinbe puisse t\u2019enseigner quelques techniques de combat.<\/h3>\n<p>Oavsett om du \u00e4r ett inbitet fan eller en erfaren samlare, \u00e4r dessa legendariska f\u00f6rem\u00e5l definitivt n\u00e5got f\u00f6r dig. F\u00f6rdjupa dig i <strong>l\u2019univers du One Piece<\/strong> gr\u00e2ce \u00e0 ses objets d\u2019exception. Prends ton destin entre tes mains et rejoins <strong>l\u2019\u00e9quipage du Chapeau de Paille<\/strong>, l\u2019\u00e8re de la piraterie n\u2019est pas finie !<\/p>\n<h2>Information sur Figurine L\u2019Homme Poisson Karat\u00e9ka Jinbe\u00a0<\/h2>\n<ul data-mce-fragment=\"1\">\n<li data-mce-fragment=\"1\"><span data-mce-fragment=\"1\"><b data-mce-fragment=\"1\"><u data-mce-fragment=\"1\">One Piece-figur<\/u><\/b>\u00a0: Figurine\u00a0 premium de l\u2019univers One Piece pour les vrais pirates<\/span><\/li>\n<\/ul>\n<ul data-mce-fragment=\"1\">\n<li data-mce-fragment=\"1\">\n<b data-mce-fragment=\"1\">Materia<\/b><span data-mce-fragment=\"1\">\u00a0<\/span>PVC<\/li>\n<\/ul>\n<ul data-mce-fragment=\"1\">\n<li data-mce-fragment=\"1\"><span data-mce-fragment=\"1\"><strong data-mce-fragment=\"1\">Dimensionera<\/strong>\u00a0: 15 cm<\/span><\/li>\n<\/ul>\n<ul data-mce-fragment=\"1\">\n<li data-mce-fragment=\"1\"><span data-mce-fragment=\"1\"><strong data-mce-fragment=\"1\">FRI LEVERANS<\/strong><\/span><\/li>\n<\/ul>","protected":false},"excerpt":{"rendered":"<p>Jeune pirate, procure-toi d\u00e8s \u00e0 pr\u00e9sent cette Figurine One Piece L\u2019Homme Poisson Karat\u00e9ka Jinbe. Jinbe aka \u00ab\u00a0Le Paladin des Mers\u00a0\u00bb est le timonier de l\u2019\u00c9quipage du Chapeau de Paille. Il est officiellement le dixi\u00e8me membre de l\u2019\u00e9quipage du Chapeau de Paille et le neuvi\u00e8me \u00e0 rejoindre l\u2019\u00e9quipage de Luffy. D\u2019ailleurs, si tu souhaites agrandir ta [&hellip;]<\/p>","protected":false},"featured_media":13454,"comment_status":"open","ping_status":"open","template":"","meta":[],"product_brand":[],"product_cat":[301,76],"product_tag":[274],"class_list":{"0":"post-13452","1":"product","2":"type-product","3":"status-publish","4":"has-post-thumbnail","6":"product_cat-figurines-jinbe","7":"product_cat-figurines-one-piece","8":"product_tag-jinbe","10":"first","11":"instock","12":"purchasable","13":"product-type-simple"},"yoast_head":"<!-- This site is optimized with the Yoast SEO plugin v27.5 - https:\/\/yoast.com\/product\/yoast-seo-wordpress\/ -->\n<title>Figurine One Piece L&#039;Homme Poisson Karat\u00e9ka Jinbe | Figurine One Piece \u2013 Boutique One Piece<\/title>\n<meta name=\"description\" content=\"Jeune pirate, procure-toi d\u00e8s \u00e0 pr\u00e9sent cette Figurine One Piece L&#039;Homme Poisson Karat\u00e9ka Jinbe. Jinbe aka &quot;Le Paladin des Mers&quot; est le timonier de l&#039;\u00c9quipage du Chapeau de Paille. Il est officiellement le dixi\u00e8me membre de l&#039;\u00e9quipage du Chapeau de Paille et le neuvi\u00e8me \u00e0 rejoindre l&#039;\u00e9quipage de Luffy. D&#039;ailleurs, si t\" \/>\n<meta name=\"robots\" content=\"index, follow, max-snippet:-1, max-image-preview:large, max-video-preview:-1\" \/>\n<link rel=\"canonical\" href=\"https:\/\/boutique-one-piece.com\/sv\/one-piece-figurer\/jinbe-figurer\/one-piece-figur-fiskman-karateka-jinbe\/\" \/>\n<meta property=\"og:locale\" content=\"sv_SE\" \/>\n<meta property=\"og:type\" content=\"article\" \/>\n<meta property=\"og:title\" content=\"Figurine One Piece L&#039;Homme Poisson Karat\u00e9ka Jinbe | Figurine One Piece \u2013 Boutique One Piece\" \/>\n<meta property=\"og:description\" content=\"Jeune pirate, procure-toi d\u00e8s \u00e0 pr\u00e9sent cette Figurine One Piece L&#039;Homme Poisson Karat\u00e9ka Jinbe. Jinbe aka &quot;Le Paladin des Mers&quot; est le timonier de l&#039;\u00c9quipage du Chapeau de Paille. Il est officiellement le dixi\u00e8me membre de l&#039;\u00e9quipage du Chapeau de Paille et le neuvi\u00e8me \u00e0 rejoindre l&#039;\u00e9quipage de Luffy. D&#039;ailleurs, si t\" \/>\n<meta property=\"og:url\" content=\"https:\/\/boutique-one-piece.com\/sv\/one-piece-figurer\/jinbe-figurer\/one-piece-figur-fiskman-karateka-jinbe\/\" \/>\n<meta property=\"og:site_name\" content=\"Boutique One Piece\" \/>\n<meta property=\"article:modified_time\" content=\"2025-10-03T14:07:55+00:00\" \/>\n<meta property=\"og:image\" content=\"https:\/\/boutique-one-piece.com\/wp-content\/uploads\/2022\/09\/Figurine-One-Piece-LHomme-Poisson-Karateka-Jinbe-1.jpg\" \/>\n\t<meta property=\"og:image:width\" content=\"640\" \/>\n\t<meta property=\"og:image:height\" content=\"640\" \/>\n\t<meta property=\"og:image:type\" content=\"image\/jpeg\" \/>\n<meta name=\"twitter:card\" content=\"summary_large_image\" \/>\n<meta name=\"twitter:label1\" content=\"Ber\u00e4knad l\u00e4stid\" \/>\n\t<meta name=\"twitter:data1\" content=\"2 minuter\" \/>\n<script type=\"application\/ld+json\" class=\"yoast-schema-graph\">{\"@context\":\"https:\\\/\\\/schema.org\",\"@graph\":[{\"@type\":\"WebPage\",\"@id\":\"https:\\\/\\\/boutique-one-piece.com\\\/figurines-one-piece\\\/figurines-jinbe\\\/figurine-one-piece-lhomme-poisson-karateka-jinbe\\\/\",\"url\":\"https:\\\/\\\/boutique-one-piece.com\\\/figurines-one-piece\\\/figurines-jinbe\\\/figurine-one-piece-lhomme-poisson-karateka-jinbe\\\/\",\"name\":\"Figurine One Piece L'Homme Poisson Karat\u00e9ka Jinbe | Figurine One Piece \u2013 Boutique One Piece\",\"isPartOf\":{\"@id\":\"https:\\\/\\\/boutique-one-piece.com\\\/#website\"},\"primaryImageOfPage\":{\"@id\":\"https:\\\/\\\/boutique-one-piece.com\\\/figurines-one-piece\\\/figurines-jinbe\\\/figurine-one-piece-lhomme-poisson-karateka-jinbe\\\/#primaryimage\"},\"image\":{\"@id\":\"https:\\\/\\\/boutique-one-piece.com\\\/figurines-one-piece\\\/figurines-jinbe\\\/figurine-one-piece-lhomme-poisson-karateka-jinbe\\\/#primaryimage\"},\"thumbnailUrl\":\"https:\\\/\\\/boutique-one-piece.com\\\/wp-content\\\/uploads\\\/2022\\\/09\\\/Figurine-One-Piece-LHomme-Poisson-Karateka-Jinbe-1.jpg\",\"datePublished\":\"2022-09-27T21:20:34+00:00\",\"dateModified\":\"2025-10-03T14:07:55+00:00\",\"description\":\"Jeune pirate, procure-toi d\u00e8s \u00e0 pr\u00e9sent cette Figurine One Piece L'Homme Poisson Karat\u00e9ka Jinbe. Jinbe aka \\\"Le Paladin des Mers\\\" est le timonier de l'\u00c9quipage du Chapeau de Paille. Il est officiellement le dixi\u00e8me membre de l'\u00e9quipage du Chapeau de Paille et le neuvi\u00e8me \u00e0 rejoindre l'\u00e9quipage de Luffy. D'ailleurs, si t\",\"breadcrumb\":{\"@id\":\"https:\\\/\\\/boutique-one-piece.com\\\/figurines-one-piece\\\/figurines-jinbe\\\/figurine-one-piece-lhomme-poisson-karateka-jinbe\\\/#breadcrumb\"},\"inLanguage\":\"sv-SE\",\"potentialAction\":[{\"@type\":\"ReadAction\",\"target\":[\"https:\\\/\\\/boutique-one-piece.com\\\/figurines-one-piece\\\/figurines-jinbe\\\/figurine-one-piece-lhomme-poisson-karateka-jinbe\\\/\"]}]},{\"@type\":\"ImageObject\",\"inLanguage\":\"sv-SE\",\"@id\":\"https:\\\/\\\/boutique-one-piece.com\\\/figurines-one-piece\\\/figurines-jinbe\\\/figurine-one-piece-lhomme-poisson-karateka-jinbe\\\/#primaryimage\",\"url\":\"https:\\\/\\\/boutique-one-piece.com\\\/wp-content\\\/uploads\\\/2022\\\/09\\\/Figurine-One-Piece-LHomme-Poisson-Karateka-Jinbe-1.jpg\",\"contentUrl\":\"https:\\\/\\\/boutique-one-piece.com\\\/wp-content\\\/uploads\\\/2022\\\/09\\\/Figurine-One-Piece-LHomme-Poisson-Karateka-Jinbe-1.jpg\",\"width\":640,\"height\":640},{\"@type\":\"BreadcrumbList\",\"@id\":\"https:\\\/\\\/boutique-one-piece.com\\\/figurines-one-piece\\\/figurines-jinbe\\\/figurine-one-piece-lhomme-poisson-karateka-jinbe\\\/#breadcrumb\",\"itemListElement\":[{\"@type\":\"ListItem\",\"position\":1,\"name\":\"Home\",\"item\":\"https:\\\/\\\/boutique-one-piece.com\\\/\"},{\"@type\":\"ListItem\",\"position\":2,\"name\":\"Shop\",\"item\":\"https:\\\/\\\/boutique-one-piece.com\\\/shop\\\/\"},{\"@type\":\"ListItem\",\"position\":3,\"name\":\"Figurine One Piece L&#8217;Homme Poisson Karat\u00e9ka Jinbe\"}]},{\"@type\":\"WebSite\",\"@id\":\"https:\\\/\\\/boutique-one-piece.com\\\/#website\",\"url\":\"https:\\\/\\\/boutique-one-piece.com\\\/\",\"name\":\"Boutique One Piece\",\"description\":\"Magasin Sp\u00e9cialis\u00e9 du Manga et l&#039;Anime One Piece\",\"publisher\":{\"@id\":\"https:\\\/\\\/boutique-one-piece.com\\\/#organization\"},\"potentialAction\":[{\"@type\":\"SearchAction\",\"target\":{\"@type\":\"EntryPoint\",\"urlTemplate\":\"https:\\\/\\\/boutique-one-piece.com\\\/?s={search_term_string}\"},\"query-input\":{\"@type\":\"PropertyValueSpecification\",\"valueRequired\":true,\"valueName\":\"search_term_string\"}}],\"inLanguage\":\"sv-SE\"},{\"@type\":\"Organization\",\"@id\":\"https:\\\/\\\/boutique-one-piece.com\\\/#organization\",\"name\":\"Boutique One Piece\",\"url\":\"https:\\\/\\\/boutique-one-piece.com\\\/\",\"logo\":{\"@type\":\"ImageObject\",\"inLanguage\":\"sv-SE\",\"@id\":\"https:\\\/\\\/boutique-one-piece.com\\\/#\\\/schema\\\/logo\\\/image\\\/\",\"url\":\"https:\\\/\\\/boutique-one-piece.com\\\/wp-content\\\/uploads\\\/2022\\\/09\\\/Logo-01.png\",\"contentUrl\":\"https:\\\/\\\/boutique-one-piece.com\\\/wp-content\\\/uploads\\\/2022\\\/09\\\/Logo-01.png\",\"width\":2318,\"height\":957,\"caption\":\"Boutique One Piece\"},\"image\":{\"@id\":\"https:\\\/\\\/boutique-one-piece.com\\\/#\\\/schema\\\/logo\\\/image\\\/\"}}]}<\/script>\n<!-- \/ Yoast SEO plugin. -->","yoast_head_json":{"title":"One Piece Fishman Karate Jinbe-figur | One Piece-figur \u2013 One Piece-butiken","description":"Unge pirat, f\u00e5 tag p\u00e5 den h\u00e4r One Piece Fish-Man Karate-King Jinbe-figuren nu! Jinbe, \u00e4ven k\u00e4nd som &quot;Havens Paladin&quot;, \u00e4r rorsman f\u00f6r Straw Hat-bes\u00e4ttningen. Han \u00e4r officiellt den tionde medlemmen i Straw Hat-bes\u00e4ttningen och den nionde som g\u00e5r med i Luffys bes\u00e4ttning. Dessutom, om du","robots":{"index":"index","follow":"follow","max-snippet":"max-snippet:-1","max-image-preview":"max-image-preview:large","max-video-preview":"max-video-preview:-1"},"canonical":"https:\/\/boutique-one-piece.com\/sv\/one-piece-figurer\/jinbe-figurer\/one-piece-figur-fiskman-karateka-jinbe\/","og_locale":"sv_SE","og_type":"article","og_title":"Figurine One Piece L'Homme Poisson Karat\u00e9ka Jinbe | Figurine One Piece \u2013 Boutique One Piece","og_description":"Jeune pirate, procure-toi d\u00e8s \u00e0 pr\u00e9sent cette Figurine One Piece L'Homme Poisson Karat\u00e9ka Jinbe. Jinbe aka \"Le Paladin des Mers\" est le timonier de l'\u00c9quipage du Chapeau de Paille. Il est officiellement le dixi\u00e8me membre de l'\u00e9quipage du Chapeau de Paille et le neuvi\u00e8me \u00e0 rejoindre l'\u00e9quipage de Luffy. D'ailleurs, si t","og_url":"https:\/\/boutique-one-piece.com\/sv\/one-piece-figurer\/jinbe-figurer\/one-piece-figur-fiskman-karateka-jinbe\/","og_site_name":"Boutique One Piece","article_modified_time":"2025-10-03T14:07:55+00:00","og_image":[{"width":640,"height":640,"url":"https:\/\/boutique-one-piece.com\/wp-content\/uploads\/2022\/09\/Figurine-One-Piece-LHomme-Poisson-Karateka-Jinbe-1.jpg","type":"image\/jpeg"}],"twitter_card":"summary_large_image","twitter_misc":{"Ber\u00e4knad l\u00e4stid":"2 minuter"},"schema":{"@context":"https:\/\/schema.org","@graph":[{"@type":"WebPage","@id":"https:\/\/boutique-one-piece.com\/figurines-one-piece\/figurines-jinbe\/figurine-one-piece-lhomme-poisson-karateka-jinbe\/","url":"https:\/\/boutique-one-piece.com\/figurines-one-piece\/figurines-jinbe\/figurine-one-piece-lhomme-poisson-karateka-jinbe\/","name":"One Piece Fishman Karate Jinbe-figur | One Piece-figur \u2013 One Piece-butiken","isPartOf":{"@id":"https:\/\/boutique-one-piece.com\/#website"},"primaryImageOfPage":{"@id":"https:\/\/boutique-one-piece.com\/figurines-one-piece\/figurines-jinbe\/figurine-one-piece-lhomme-poisson-karateka-jinbe\/#primaryimage"},"image":{"@id":"https:\/\/boutique-one-piece.com\/figurines-one-piece\/figurines-jinbe\/figurine-one-piece-lhomme-poisson-karateka-jinbe\/#primaryimage"},"thumbnailUrl":"https:\/\/boutique-one-piece.com\/wp-content\/uploads\/2022\/09\/Figurine-One-Piece-LHomme-Poisson-Karateka-Jinbe-1.jpg","datePublished":"2022-09-27T21:20:34+00:00","dateModified":"2025-10-03T14:07:55+00:00","description":"Unge pirat, f\u00e5 tag p\u00e5 den h\u00e4r One Piece Fish-Man Karate-King Jinbe-figuren nu! Jinbe, \u00e4ven k\u00e4nd som &quot;Havens Paladin&quot;, \u00e4r rorsman f\u00f6r Straw Hat-bes\u00e4ttningen. Han \u00e4r officiellt den tionde medlemmen i Straw Hat-bes\u00e4ttningen och den nionde som g\u00e5r med i Luffys bes\u00e4ttning. Dessutom, om du","breadcrumb":{"@id":"https:\/\/boutique-one-piece.com\/figurines-one-piece\/figurines-jinbe\/figurine-one-piece-lhomme-poisson-karateka-jinbe\/#breadcrumb"},"inLanguage":"sv-SE","potentialAction":[{"@type":"ReadAction","target":["https:\/\/boutique-one-piece.com\/figurines-one-piece\/figurines-jinbe\/figurine-one-piece-lhomme-poisson-karateka-jinbe\/"]}]},{"@type":"ImageObject","inLanguage":"sv-SE","@id":"https:\/\/boutique-one-piece.com\/figurines-one-piece\/figurines-jinbe\/figurine-one-piece-lhomme-poisson-karateka-jinbe\/#primaryimage","url":"https:\/\/boutique-one-piece.com\/wp-content\/uploads\/2022\/09\/Figurine-One-Piece-LHomme-Poisson-Karateka-Jinbe-1.jpg","contentUrl":"https:\/\/boutique-one-piece.com\/wp-content\/uploads\/2022\/09\/Figurine-One-Piece-LHomme-Poisson-Karateka-Jinbe-1.jpg","width":640,"height":640},{"@type":"BreadcrumbList","@id":"https:\/\/boutique-one-piece.com\/figurines-one-piece\/figurines-jinbe\/figurine-one-piece-lhomme-poisson-karateka-jinbe\/#breadcrumb","itemListElement":[{"@type":"ListItem","position":1,"name":"Home","item":"https:\/\/boutique-one-piece.com\/"},{"@type":"ListItem","position":2,"name":"Shop","item":"https:\/\/boutique-one-piece.com\/shop\/"},{"@type":"ListItem","position":3,"name":"Figurine One Piece L&#8217;Homme Poisson Karat\u00e9ka Jinbe"}]},{"@type":"WebSite","@id":"https:\/\/boutique-one-piece.com\/#website","url":"https:\/\/boutique-one-piece.com\/","name":"One Piece-butik","description":"Specialbutik f\u00f6r One Piece Manga och Anime","publisher":{"@id":"https:\/\/boutique-one-piece.com\/#organization"},"potentialAction":[{"@type":"SearchAction","target":{"@type":"EntryPoint","urlTemplate":"https:\/\/boutique-one-piece.com\/?s={search_term_string}"},"query-input":{"@type":"PropertyValueSpecification","valueRequired":true,"valueName":"search_term_string"}}],"inLanguage":"sv-SE"},{"@type":"Organization","@id":"https:\/\/boutique-one-piece.com\/#organization","name":"One Piece-butik","url":"https:\/\/boutique-one-piece.com\/","logo":{"@type":"ImageObject","inLanguage":"sv-SE","@id":"https:\/\/boutique-one-piece.com\/#\/schema\/logo\/image\/","url":"https:\/\/boutique-one-piece.com\/wp-content\/uploads\/2022\/09\/Logo-01.png","contentUrl":"https:\/\/boutique-one-piece.com\/wp-content\/uploads\/2022\/09\/Logo-01.png","width":2318,"height":957,"caption":"Boutique One Piece"},"image":{"@id":"https:\/\/boutique-one-piece.com\/#\/schema\/logo\/image\/"}}]}},"_links":{"self":[{"href":"https:\/\/boutique-one-piece.com\/sv\/wp-json\/wp\/v2\/product\/13452","targetHints":{"allow":["GET"]}}],"collection":[{"href":"https:\/\/boutique-one-piece.com\/sv\/wp-json\/wp\/v2\/product"}],"about":[{"href":"https:\/\/boutique-one-piece.com\/sv\/wp-json\/wp\/v2\/types\/product"}],"replies":[{"embeddable":true,"href":"https:\/\/boutique-one-piece.com\/sv\/wp-json\/wp\/v2\/comments?post=13452"}],"wp:featuredmedia":[{"embeddable":true,"href":"https:\/\/boutique-one-piece.com\/sv\/wp-json\/wp\/v2\/media\/13454"}],"wp:attachment":[{"href":"https:\/\/boutique-one-piece.com\/sv\/wp-json\/wp\/v2\/media?parent=13452"}],"wp:term":[{"taxonomy":"product_brand","embeddable":true,"href":"https:\/\/boutique-one-piece.com\/sv\/wp-json\/wp\/v2\/product_brand?post=13452"},{"taxonomy":"product_cat","embeddable":true,"href":"https:\/\/boutique-one-piece.com\/sv\/wp-json\/wp\/v2\/product_cat?post=13452"},{"taxonomy":"product_tag","embeddable":true,"href":"https:\/\/boutique-one-piece.com\/sv\/wp-json\/wp\/v2\/product_tag?post=13452"}],"curies":[{"name":"wp","href":"https:\/\/api.w.org\/{rel}","templated":true}]}}