{"id":13477,"date":"2022-09-27T21:20:34","date_gmt":"2022-09-27T21:20:34","guid":{"rendered":"https:\/\/boutique-one-piece.com\/uncategorized\/figurine-one-piece-sanji-la-jambe-noire\/"},"modified":"2024-09-16T13:17:10","modified_gmt":"2024-09-16T13:17:10","slug":"one-piece-sanji-svarta-benfigur","status":"publish","type":"product","link":"https:\/\/boutique-one-piece.com\/sv\/one-piece-godsaker\/godsaker-vinsmoke-sanji-ett-stycke\/one-piece-sanji-svarta-benfigur\/","title":{"rendered":"One Piece Sanji Svarta Benfigur"},"content":{"rendered":"<h2>Unge pirat, det \u00e4r dags f\u00f6r dig att f\u00e5 tag p\u00e5 den h\u00e4r One Piece Sanji Black Leg-figuren.<\/h2>\n<p>Sanji, f\u00f6dd Vinsmoke Sanji innan han avstod fr\u00e5n sitt efternamn, har f\u00e5tt smeknamnet <strong>Sanji det svarta benet<\/strong>. Det \u00e4r ocks\u00e5<strong> kocken<\/strong> av Straw Hat Crew. Han \u00e4r arvtagaren till en kampsport med den s\u00e4regenheten att endast anv\u00e4nda benen, vars skapare Zeff f\u00f6rmodas vara.<\/p>\n<p>P\u00e5 tal om Zeff, ni borde veta att han \u00e4r en f\u00f6re detta pirat k\u00e4nd som R\u00f6dbens-Zeff. Han \u00e4r ocks\u00e5 kock p\u00e5 Baratie-restaurangskeppet. Han \u00e4r ocks\u00e5 Sanjis mentor och verkar ha l\u00e4rt honom hans tekniker. F\u00f6rresten, om du \u00e4r ett fan av den h\u00e4r duon, <a title=\"ONE PIECE ZEFF OCH SANJI FIGUR\" href=\"https:\/\/boutique-one-piece.com\/sv\/one-piece-zeff-och-sanji-figur\/\" target=\"_blank\" rel=\"noopener\">Sanji och Zelf-figur<\/a> \u00e4r inom r\u00e4ckh\u00e5ll.<\/p>\n<h3>S\u00e5, \u00e4r du fascinerad av Sanji-figuren? Tveka inte l\u00e4ngre och ta tillf\u00e4llet i akt att l\u00e4ra dig just denna kampsport tillsammans med honom.<\/h3>\n<p>Unge pirat, tiden \u00e4r inne f\u00f6r dig att ge dig ut p\u00e5 Thousand Sunny och ge dig av p\u00e5 jakt efter <strong>One Piece-skatten<\/strong> F\u00f6r att g\u00f6ra det, skaffa dig dessa legendariska f\u00f6rem\u00e5l nu. Perfekta att ge bort, dekorera eller samla p\u00e5 dig, dessa f\u00f6rem\u00e5l kommer att ut\u00f6ka ditt One Piece-universum. Ta ditt \u00f6de i egna h\u00e4nder. <strong>ung pirat,<\/strong> M\u00e5nga \u00e4ventyr v\u00e4ntar dig!<\/p>\n<h2>Information om Sanji Black Leg-figuren\u00a0<\/h2>\n<ul>\n<li><span><b><u>One Piece-figur<\/u><\/b>\u00a0Premium One Piece-figur f\u00f6r riktiga pirater<\/span><\/li>\n<\/ul>\n<ul>\n<li>\n<b>Materia<\/b><span>\u00a0<\/span>PVC<\/li>\n<\/ul>\n<ul>\n<li><span><strong>Dimensionera<\/strong>\u00a0: 16 cm<\/span><\/li>\n<\/ul>\n<ul>\n<li><span><strong>FRI LEVERANS<\/strong><\/span><\/li>\n<\/ul>","protected":false},"excerpt":{"rendered":"<p>Unge pirat, det \u00e4r dags f\u00f6r dig att f\u00e5 tag p\u00e5 denna One Piece Black Leg Sanji-figur. Sanji, f\u00f6dd Vinsmoke Sanji innan han avs\u00e4gde sig sitt efternamn, har smeknamnet Black Leg Sanji. Han \u00e4r ocks\u00e5 kock i Straw Hat Crew. Han \u00e4r arvtagaren till en kampsport som k\u00e4nnetecknas av [\u2026]<\/p>","protected":false},"featured_media":13479,"comment_status":"open","ping_status":"open","template":"","meta":[],"product_brand":[],"product_cat":[76,275,164],"product_tag":[112],"class_list":{"0":"post-13477","1":"product","2":"type-product","3":"status-publish","4":"has-post-thumbnail","6":"product_cat-figurines-one-piece","7":"product_cat-figurines-vinsmoke-sanji","8":"product_cat-goodies-vinsmoke-sanji-one-piece","9":"product_tag-sanji","11":"first","12":"instock","13":"purchasable","14":"product-type-simple"},"yoast_head":"<!-- This site is optimized with the Yoast SEO plugin v27.5 - https:\/\/yoast.com\/product\/yoast-seo-wordpress\/ -->\n<title>Figurine One Piece Sanji la Jambe Noire | Figurine One Piece \u2013 Boutique One Piece<\/title>\n<meta name=\"description\" content=\"Jeune pirate, le moment est venu pour toi de te procurer cette Figurine One Piece Sanji la Jambe Noire. Sanji, n\u00e9 Vinsmoke Sanji avant de renoncer \u00e0 son nom de famille, est surnomm\u00e9 Sanji la Jambe Noire. C&#039;est aussi le cuisinier de l&#039;\u00c9quipage de Chapeau de Paille. Il est l&#039;h\u00e9ritier d&#039;un art martial pr\u00e9sentant la partic\" \/>\n<meta name=\"robots\" content=\"index, follow, max-snippet:-1, max-image-preview:large, max-video-preview:-1\" \/>\n<link rel=\"canonical\" href=\"https:\/\/boutique-one-piece.com\/sv\/one-piece-figurer\/vinsmoke-sanji-figurer\/one-piece-sanji-svarta-benfigur\/\" \/>\n<meta property=\"og:locale\" content=\"sv_SE\" \/>\n<meta property=\"og:type\" content=\"article\" \/>\n<meta property=\"og:title\" content=\"Figurine One Piece Sanji la Jambe Noire | Figurine One Piece \u2013 Boutique One Piece\" \/>\n<meta property=\"og:description\" content=\"Jeune pirate, le moment est venu pour toi de te procurer cette Figurine One Piece Sanji la Jambe Noire. Sanji, n\u00e9 Vinsmoke Sanji avant de renoncer \u00e0 son nom de famille, est surnomm\u00e9 Sanji la Jambe Noire. C&#039;est aussi le cuisinier de l&#039;\u00c9quipage de Chapeau de Paille. Il est l&#039;h\u00e9ritier d&#039;un art martial pr\u00e9sentant la partic\" \/>\n<meta property=\"og:url\" content=\"https:\/\/boutique-one-piece.com\/sv\/one-piece-figurer\/vinsmoke-sanji-figurer\/one-piece-sanji-svarta-benfigur\/\" \/>\n<meta property=\"og:site_name\" content=\"Boutique One Piece\" \/>\n<meta property=\"article:modified_time\" content=\"2024-09-16T13:17:10+00:00\" \/>\n<meta property=\"og:image\" content=\"https:\/\/boutique-one-piece.com\/wp-content\/uploads\/2022\/09\/Figurine-One-Piece-Sanji-la-Jambe-Noire-1.jpg\" \/>\n\t<meta property=\"og:image:width\" content=\"800\" \/>\n\t<meta property=\"og:image:height\" content=\"800\" \/>\n\t<meta property=\"og:image:type\" content=\"image\/jpeg\" \/>\n<meta name=\"twitter:card\" content=\"summary_large_image\" \/>\n<meta name=\"twitter:label1\" content=\"Ber\u00e4knad l\u00e4stid\" \/>\n\t<meta name=\"twitter:data1\" content=\"1 minut\" \/>\n<script type=\"application\/ld+json\" class=\"yoast-schema-graph\">{\"@context\":\"https:\\\/\\\/schema.org\",\"@graph\":[{\"@type\":\"WebPage\",\"@id\":\"https:\\\/\\\/boutique-one-piece.com\\\/figurines-one-piece\\\/figurines-vinsmoke-sanji\\\/figurine-one-piece-sanji-la-jambe-noire\\\/\",\"url\":\"https:\\\/\\\/boutique-one-piece.com\\\/figurines-one-piece\\\/figurines-vinsmoke-sanji\\\/figurine-one-piece-sanji-la-jambe-noire\\\/\",\"name\":\"Figurine One Piece Sanji la Jambe Noire | Figurine One Piece \u2013 Boutique One Piece\",\"isPartOf\":{\"@id\":\"https:\\\/\\\/boutique-one-piece.com\\\/#website\"},\"primaryImageOfPage\":{\"@id\":\"https:\\\/\\\/boutique-one-piece.com\\\/figurines-one-piece\\\/figurines-vinsmoke-sanji\\\/figurine-one-piece-sanji-la-jambe-noire\\\/#primaryimage\"},\"image\":{\"@id\":\"https:\\\/\\\/boutique-one-piece.com\\\/figurines-one-piece\\\/figurines-vinsmoke-sanji\\\/figurine-one-piece-sanji-la-jambe-noire\\\/#primaryimage\"},\"thumbnailUrl\":\"https:\\\/\\\/boutique-one-piece.com\\\/wp-content\\\/uploads\\\/2022\\\/09\\\/Figurine-One-Piece-Sanji-la-Jambe-Noire-1.jpg\",\"datePublished\":\"2022-09-27T21:20:34+00:00\",\"dateModified\":\"2024-09-16T13:17:10+00:00\",\"description\":\"Jeune pirate, le moment est venu pour toi de te procurer cette Figurine One Piece Sanji la Jambe Noire. Sanji, n\u00e9 Vinsmoke Sanji avant de renoncer \u00e0 son nom de famille, est surnomm\u00e9 Sanji la Jambe Noire. C'est aussi le cuisinier de l'\u00c9quipage de Chapeau de Paille. Il est l'h\u00e9ritier d'un art martial pr\u00e9sentant la partic\",\"breadcrumb\":{\"@id\":\"https:\\\/\\\/boutique-one-piece.com\\\/figurines-one-piece\\\/figurines-vinsmoke-sanji\\\/figurine-one-piece-sanji-la-jambe-noire\\\/#breadcrumb\"},\"inLanguage\":\"sv-SE\",\"potentialAction\":[{\"@type\":\"ReadAction\",\"target\":[\"https:\\\/\\\/boutique-one-piece.com\\\/figurines-one-piece\\\/figurines-vinsmoke-sanji\\\/figurine-one-piece-sanji-la-jambe-noire\\\/\"]}]},{\"@type\":\"ImageObject\",\"inLanguage\":\"sv-SE\",\"@id\":\"https:\\\/\\\/boutique-one-piece.com\\\/figurines-one-piece\\\/figurines-vinsmoke-sanji\\\/figurine-one-piece-sanji-la-jambe-noire\\\/#primaryimage\",\"url\":\"https:\\\/\\\/boutique-one-piece.com\\\/wp-content\\\/uploads\\\/2022\\\/09\\\/Figurine-One-Piece-Sanji-la-Jambe-Noire-1.jpg\",\"contentUrl\":\"https:\\\/\\\/boutique-one-piece.com\\\/wp-content\\\/uploads\\\/2022\\\/09\\\/Figurine-One-Piece-Sanji-la-Jambe-Noire-1.jpg\",\"width\":800,\"height\":800},{\"@type\":\"BreadcrumbList\",\"@id\":\"https:\\\/\\\/boutique-one-piece.com\\\/figurines-one-piece\\\/figurines-vinsmoke-sanji\\\/figurine-one-piece-sanji-la-jambe-noire\\\/#breadcrumb\",\"itemListElement\":[{\"@type\":\"ListItem\",\"position\":1,\"name\":\"Home\",\"item\":\"https:\\\/\\\/boutique-one-piece.com\\\/\"},{\"@type\":\"ListItem\",\"position\":2,\"name\":\"Shop\",\"item\":\"https:\\\/\\\/boutique-one-piece.com\\\/shop\\\/\"},{\"@type\":\"ListItem\",\"position\":3,\"name\":\"Figurine One Piece Sanji la Jambe Noire\"}]},{\"@type\":\"WebSite\",\"@id\":\"https:\\\/\\\/boutique-one-piece.com\\\/#website\",\"url\":\"https:\\\/\\\/boutique-one-piece.com\\\/\",\"name\":\"Boutique One Piece\",\"description\":\"Magasin Sp\u00e9cialis\u00e9 du Manga et l&#039;Anime One Piece\",\"publisher\":{\"@id\":\"https:\\\/\\\/boutique-one-piece.com\\\/#organization\"},\"potentialAction\":[{\"@type\":\"SearchAction\",\"target\":{\"@type\":\"EntryPoint\",\"urlTemplate\":\"https:\\\/\\\/boutique-one-piece.com\\\/?s={search_term_string}\"},\"query-input\":{\"@type\":\"PropertyValueSpecification\",\"valueRequired\":true,\"valueName\":\"search_term_string\"}}],\"inLanguage\":\"sv-SE\"},{\"@type\":\"Organization\",\"@id\":\"https:\\\/\\\/boutique-one-piece.com\\\/#organization\",\"name\":\"Boutique One Piece\",\"url\":\"https:\\\/\\\/boutique-one-piece.com\\\/\",\"logo\":{\"@type\":\"ImageObject\",\"inLanguage\":\"sv-SE\",\"@id\":\"https:\\\/\\\/boutique-one-piece.com\\\/#\\\/schema\\\/logo\\\/image\\\/\",\"url\":\"https:\\\/\\\/boutique-one-piece.com\\\/wp-content\\\/uploads\\\/2022\\\/09\\\/Logo-01.png\",\"contentUrl\":\"https:\\\/\\\/boutique-one-piece.com\\\/wp-content\\\/uploads\\\/2022\\\/09\\\/Logo-01.png\",\"width\":2318,\"height\":957,\"caption\":\"Boutique One Piece\"},\"image\":{\"@id\":\"https:\\\/\\\/boutique-one-piece.com\\\/#\\\/schema\\\/logo\\\/image\\\/\"}}]}<\/script>\n<!-- \/ Yoast SEO plugin. -->","yoast_head_json":{"title":"One Piece Sanji Black Leg-figuren | One Piece-figur \u2013 One Piece-butiken","description":"Unge pirat, det \u00e4r dags f\u00f6r dig att f\u00e5 tag p\u00e5 denna One Piece Black Leg Sanji-figur. Sanji, f\u00f6dd Vinsmoke Sanji innan han avs\u00e4gde sig sitt efternamn, har smeknamnet Black Leg Sanji. Han \u00e4r ocks\u00e5 kock i Straw Hat Crew. Han \u00e4r arvtagaren till en kampsport som involverar ut\u00f6vandet av...","robots":{"index":"index","follow":"follow","max-snippet":"max-snippet:-1","max-image-preview":"max-image-preview:large","max-video-preview":"max-video-preview:-1"},"canonical":"https:\/\/boutique-one-piece.com\/sv\/one-piece-figurer\/vinsmoke-sanji-figurer\/one-piece-sanji-svarta-benfigur\/","og_locale":"sv_SE","og_type":"article","og_title":"Figurine One Piece Sanji la Jambe Noire | Figurine One Piece \u2013 Boutique One Piece","og_description":"Jeune pirate, le moment est venu pour toi de te procurer cette Figurine One Piece Sanji la Jambe Noire. Sanji, n\u00e9 Vinsmoke Sanji avant de renoncer \u00e0 son nom de famille, est surnomm\u00e9 Sanji la Jambe Noire. C'est aussi le cuisinier de l'\u00c9quipage de Chapeau de Paille. Il est l'h\u00e9ritier d'un art martial pr\u00e9sentant la partic","og_url":"https:\/\/boutique-one-piece.com\/sv\/one-piece-figurer\/vinsmoke-sanji-figurer\/one-piece-sanji-svarta-benfigur\/","og_site_name":"Boutique One Piece","article_modified_time":"2024-09-16T13:17:10+00:00","og_image":[{"width":800,"height":800,"url":"https:\/\/boutique-one-piece.com\/wp-content\/uploads\/2022\/09\/Figurine-One-Piece-Sanji-la-Jambe-Noire-1.jpg","type":"image\/jpeg"}],"twitter_card":"summary_large_image","twitter_misc":{"Ber\u00e4knad l\u00e4stid":"1 minut"},"schema":{"@context":"https:\/\/schema.org","@graph":[{"@type":"WebPage","@id":"https:\/\/boutique-one-piece.com\/figurines-one-piece\/figurines-vinsmoke-sanji\/figurine-one-piece-sanji-la-jambe-noire\/","url":"https:\/\/boutique-one-piece.com\/figurines-one-piece\/figurines-vinsmoke-sanji\/figurine-one-piece-sanji-la-jambe-noire\/","name":"One Piece Sanji Black Leg-figuren | One Piece-figur \u2013 One Piece-butiken","isPartOf":{"@id":"https:\/\/boutique-one-piece.com\/#website"},"primaryImageOfPage":{"@id":"https:\/\/boutique-one-piece.com\/figurines-one-piece\/figurines-vinsmoke-sanji\/figurine-one-piece-sanji-la-jambe-noire\/#primaryimage"},"image":{"@id":"https:\/\/boutique-one-piece.com\/figurines-one-piece\/figurines-vinsmoke-sanji\/figurine-one-piece-sanji-la-jambe-noire\/#primaryimage"},"thumbnailUrl":"https:\/\/boutique-one-piece.com\/wp-content\/uploads\/2022\/09\/Figurine-One-Piece-Sanji-la-Jambe-Noire-1.jpg","datePublished":"2022-09-27T21:20:34+00:00","dateModified":"2024-09-16T13:17:10+00:00","description":"Unge pirat, det \u00e4r dags f\u00f6r dig att f\u00e5 tag p\u00e5 denna One Piece Black Leg Sanji-figur. Sanji, f\u00f6dd Vinsmoke Sanji innan han avs\u00e4gde sig sitt efternamn, har smeknamnet Black Leg Sanji. Han \u00e4r ocks\u00e5 kock i Straw Hat Crew. Han \u00e4r arvtagaren till en kampsport som involverar ut\u00f6vandet av...","breadcrumb":{"@id":"https:\/\/boutique-one-piece.com\/figurines-one-piece\/figurines-vinsmoke-sanji\/figurine-one-piece-sanji-la-jambe-noire\/#breadcrumb"},"inLanguage":"sv-SE","potentialAction":[{"@type":"ReadAction","target":["https:\/\/boutique-one-piece.com\/figurines-one-piece\/figurines-vinsmoke-sanji\/figurine-one-piece-sanji-la-jambe-noire\/"]}]},{"@type":"ImageObject","inLanguage":"sv-SE","@id":"https:\/\/boutique-one-piece.com\/figurines-one-piece\/figurines-vinsmoke-sanji\/figurine-one-piece-sanji-la-jambe-noire\/#primaryimage","url":"https:\/\/boutique-one-piece.com\/wp-content\/uploads\/2022\/09\/Figurine-One-Piece-Sanji-la-Jambe-Noire-1.jpg","contentUrl":"https:\/\/boutique-one-piece.com\/wp-content\/uploads\/2022\/09\/Figurine-One-Piece-Sanji-la-Jambe-Noire-1.jpg","width":800,"height":800},{"@type":"BreadcrumbList","@id":"https:\/\/boutique-one-piece.com\/figurines-one-piece\/figurines-vinsmoke-sanji\/figurine-one-piece-sanji-la-jambe-noire\/#breadcrumb","itemListElement":[{"@type":"ListItem","position":1,"name":"Home","item":"https:\/\/boutique-one-piece.com\/"},{"@type":"ListItem","position":2,"name":"Shop","item":"https:\/\/boutique-one-piece.com\/shop\/"},{"@type":"ListItem","position":3,"name":"Figurine One Piece Sanji la Jambe Noire"}]},{"@type":"WebSite","@id":"https:\/\/boutique-one-piece.com\/#website","url":"https:\/\/boutique-one-piece.com\/","name":"One Piece-butik","description":"Specialbutik f\u00f6r One Piece Manga och Anime","publisher":{"@id":"https:\/\/boutique-one-piece.com\/#organization"},"potentialAction":[{"@type":"SearchAction","target":{"@type":"EntryPoint","urlTemplate":"https:\/\/boutique-one-piece.com\/?s={search_term_string}"},"query-input":{"@type":"PropertyValueSpecification","valueRequired":true,"valueName":"search_term_string"}}],"inLanguage":"sv-SE"},{"@type":"Organization","@id":"https:\/\/boutique-one-piece.com\/#organization","name":"One Piece-butik","url":"https:\/\/boutique-one-piece.com\/","logo":{"@type":"ImageObject","inLanguage":"sv-SE","@id":"https:\/\/boutique-one-piece.com\/#\/schema\/logo\/image\/","url":"https:\/\/boutique-one-piece.com\/wp-content\/uploads\/2022\/09\/Logo-01.png","contentUrl":"https:\/\/boutique-one-piece.com\/wp-content\/uploads\/2022\/09\/Logo-01.png","width":2318,"height":957,"caption":"Boutique One Piece"},"image":{"@id":"https:\/\/boutique-one-piece.com\/#\/schema\/logo\/image\/"}}]}},"_links":{"self":[{"href":"https:\/\/boutique-one-piece.com\/sv\/wp-json\/wp\/v2\/product\/13477","targetHints":{"allow":["GET"]}}],"collection":[{"href":"https:\/\/boutique-one-piece.com\/sv\/wp-json\/wp\/v2\/product"}],"about":[{"href":"https:\/\/boutique-one-piece.com\/sv\/wp-json\/wp\/v2\/types\/product"}],"replies":[{"embeddable":true,"href":"https:\/\/boutique-one-piece.com\/sv\/wp-json\/wp\/v2\/comments?post=13477"}],"wp:featuredmedia":[{"embeddable":true,"href":"https:\/\/boutique-one-piece.com\/sv\/wp-json\/wp\/v2\/media\/13479"}],"wp:attachment":[{"href":"https:\/\/boutique-one-piece.com\/sv\/wp-json\/wp\/v2\/media?parent=13477"}],"wp:term":[{"taxonomy":"product_brand","embeddable":true,"href":"https:\/\/boutique-one-piece.com\/sv\/wp-json\/wp\/v2\/product_brand?post=13477"},{"taxonomy":"product_cat","embeddable":true,"href":"https:\/\/boutique-one-piece.com\/sv\/wp-json\/wp\/v2\/product_cat?post=13477"},{"taxonomy":"product_tag","embeddable":true,"href":"https:\/\/boutique-one-piece.com\/sv\/wp-json\/wp\/v2\/product_tag?post=13477"}],"curies":[{"name":"wp","href":"https:\/\/api.w.org\/{rel}","templated":true}]}}