{"id":13759,"date":"2022-09-27T21:22:33","date_gmt":"2022-09-27T21:22:33","guid":{"rendered":"https:\/\/boutique-one-piece.com\/uncategorized\/figurine-pop-one-piece-franky\/"},"modified":"2024-09-16T13:23:14","modified_gmt":"2024-09-16T13:23:14","slug":"one-piece-franky-pop-figur","status":"publish","type":"product","link":"https:\/\/boutique-one-piece.com\/sv\/one-piece-figurer\/franky-figurer\/one-piece-franky-pop-figur\/","title":{"rendered":"One Piece Franky Pop! Figur"},"content":{"rendered":"<h2>Unge pirat, det \u00e4r dags f\u00f6r dig att skaffa den h\u00e4r One Piece Franky Pop-figuren.<\/h2>\n<p>Som en p\u00e5minnelse, Franky, vars riktiga namn \u00e4r <strong>Cutty Flam<\/strong>, est le charpentier de L\u2019\u00c9quipage du Chapeau de Paille. <strong>Franky<\/strong> est un cyborg recrut\u00e9 \u00e0 Water Seven et fut introduit dans l\u2019histoire comme \u00e9tant le chef de la Franky Family, un groupe de d\u00e9sosseurs de bateaux. Il est aussi le premier cyborg pr\u00e9sent\u00e9 dans la s\u00e9rie.<\/p>\n<p>P\u00e5 beg\u00e4ran av familjen Franky kommer Franky att ansluta sig <strong>L\u2019\u00c9quipage du Chapeau de Paille<\/strong> pour accomplir son r\u00eave. Il est le huiti\u00e8me membre de L\u2019\u00c9quipage du Chapeau de Paille et le septi\u00e8me \u00e0 se joindre \u00e0 l\u2019\u00e9quipage de Luffy. D\u2019ailleurs, si tu souhaites agrandir ta collection de figurines Pop, la <a title=\"ONE PIECE NAMI POP! FIGUR\" href=\"https:\/\/boutique-one-piece.com\/sv\/one-piece-nami-pop-figur\/\" target=\"_blank\" rel=\"noopener\">Nami-figur<\/a> \u00e4r inom r\u00e4ckh\u00e5ll.<\/p>\n<h3>S\u00e5, \u00e4r du \u00f6vertygad av Franky Pop-figuren? I s\u00e5 fall, f\u00f6lj med honom ombord p\u00e5 Thousand Sunny, m\u00e5nga \u00e4ventyr v\u00e4ntar dig d\u00e4r.<\/h3>\n<p><strong>Ett stycke<\/strong> \u00e4r v\u00e4rldens b\u00e4sts\u00e4ljande manga. Var stolt \u00f6ver att vara en del av denna r\u00f6relse och forts\u00e4tt visa din passion f\u00f6r Luffy och hans o\u00e4ndliga \u00e4ventyr. F\u00f6rdjupa dig i eller \u00e5teruppt\u00e4ck denna anime med dessa legendariska f\u00f6rem\u00e5l. Perfekta att dekorera, samla p\u00e5 eller ge bort som presenter, dessa f\u00f6rem\u00e5l kommer att f\u00f6rb\u00e4ttra din samling. <strong>ditt One Piece-universum<\/strong>.<\/p>\n<h2>Information om Pop Franky-figur\u00a0<\/h2>\n<ul>\n<li><span><b><u>One Piece-figur<\/u><\/b>\u00a0: Figurine\u00a0 premium de l\u2019univers One Piece pour les vrais pirates<\/span><\/li>\n<\/ul>\n<ul>\n<li>\n<b>Materia<\/b><span>\u00a0<\/span>PVC<\/li>\n<\/ul>\n<ul>\n<li><span><strong>Dimensionera<\/strong>\u00a0: 10 cm<\/span><\/li>\n<\/ul>\n<ul>\n<li><span><strong>FRI LEVERANS<\/strong><\/span><\/li>\n<\/ul>","protected":false},"excerpt":{"rendered":"<p>Jeune pirate, le moment est venu pour toi de te procurer cette Figurine Pop One Piece Franky. Pour rappel, Franky, de son vrai nom Cutty Flam, est le charpentier de L\u2019\u00c9quipage du Chapeau de Paille. Franky est un cyborg recrut\u00e9 \u00e0 Water Seven et fut introduit dans l\u2019histoire comme \u00e9tant le chef de la Franky [&hellip;]<\/p>","protected":false},"featured_media":13761,"comment_status":"open","ping_status":"open","template":"","meta":[],"product_brand":[],"product_cat":[281,76,334],"product_tag":[335,129],"class_list":{"0":"post-13759","1":"product","2":"type-product","3":"status-publish","4":"has-post-thumbnail","6":"product_cat-figurines-franky","7":"product_cat-figurines-one-piece","8":"product_cat-figurines-pop-one-piece","9":"product_tag-figurine-pop","10":"product_tag-franky","12":"first","13":"instock","14":"purchasable","15":"product-type-simple"},"yoast_head":"<!-- This site is optimized with the Yoast SEO plugin v27.5 - https:\/\/yoast.com\/product\/yoast-seo-wordpress\/ -->\n<title>Figurine Pop One Piece Franky | Figurine One Piece \u2013 Boutique One Piece<\/title>\n<meta name=\"description\" content=\"Jeune pirate, le moment est venu pour toi de te procurer cette Figurine Pop One Piece Franky. Pour rappel, Franky, de son vrai nom Cutty Flam, est le charpentier de L&#039;\u00c9quipage du Chapeau de Paille. Franky est un cyborg recrut\u00e9 \u00e0 Water Seven et fut introduit dans l&#039;histoire comme \u00e9tant le chef de la Franky Family, un gr\" \/>\n<meta name=\"robots\" content=\"index, follow, max-snippet:-1, max-image-preview:large, max-video-preview:-1\" \/>\n<link rel=\"canonical\" href=\"https:\/\/boutique-one-piece.com\/sv\/one-piece-figurer\/one-piece-pop-figurer\/one-piece-franky-pop-figur\/\" \/>\n<meta property=\"og:locale\" content=\"sv_SE\" \/>\n<meta property=\"og:type\" content=\"article\" \/>\n<meta property=\"og:title\" content=\"Figurine Pop One Piece Franky | Figurine One Piece \u2013 Boutique One Piece\" \/>\n<meta property=\"og:description\" content=\"Jeune pirate, le moment est venu pour toi de te procurer cette Figurine Pop One Piece Franky. Pour rappel, Franky, de son vrai nom Cutty Flam, est le charpentier de L&#039;\u00c9quipage du Chapeau de Paille. Franky est un cyborg recrut\u00e9 \u00e0 Water Seven et fut introduit dans l&#039;histoire comme \u00e9tant le chef de la Franky Family, un gr\" \/>\n<meta property=\"og:url\" content=\"https:\/\/boutique-one-piece.com\/sv\/one-piece-figurer\/one-piece-pop-figurer\/one-piece-franky-pop-figur\/\" \/>\n<meta property=\"og:site_name\" content=\"Boutique One Piece\" \/>\n<meta property=\"article:modified_time\" content=\"2024-09-16T13:23:14+00:00\" \/>\n<meta property=\"og:image\" content=\"https:\/\/boutique-one-piece.com\/wp-content\/uploads\/2022\/09\/Figurine-Pop-One-Piece-Franky.jpg\" \/>\n\t<meta property=\"og:image:width\" content=\"640\" \/>\n\t<meta property=\"og:image:height\" content=\"640\" \/>\n\t<meta property=\"og:image:type\" content=\"image\/jpeg\" \/>\n<meta name=\"twitter:card\" content=\"summary_large_image\" \/>\n<meta name=\"twitter:label1\" content=\"Ber\u00e4knad l\u00e4stid\" \/>\n\t<meta name=\"twitter:data1\" content=\"1 minut\" \/>\n<script type=\"application\/ld+json\" class=\"yoast-schema-graph\">{\"@context\":\"https:\\\/\\\/schema.org\",\"@graph\":[{\"@type\":\"WebPage\",\"@id\":\"https:\\\/\\\/boutique-one-piece.com\\\/figurines-one-piece\\\/figurines-pop-one-piece\\\/figurine-pop-one-piece-franky\\\/\",\"url\":\"https:\\\/\\\/boutique-one-piece.com\\\/figurines-one-piece\\\/figurines-pop-one-piece\\\/figurine-pop-one-piece-franky\\\/\",\"name\":\"Figurine Pop One Piece Franky | Figurine One Piece \u2013 Boutique One Piece\",\"isPartOf\":{\"@id\":\"https:\\\/\\\/boutique-one-piece.com\\\/#website\"},\"primaryImageOfPage\":{\"@id\":\"https:\\\/\\\/boutique-one-piece.com\\\/figurines-one-piece\\\/figurines-pop-one-piece\\\/figurine-pop-one-piece-franky\\\/#primaryimage\"},\"image\":{\"@id\":\"https:\\\/\\\/boutique-one-piece.com\\\/figurines-one-piece\\\/figurines-pop-one-piece\\\/figurine-pop-one-piece-franky\\\/#primaryimage\"},\"thumbnailUrl\":\"https:\\\/\\\/boutique-one-piece.com\\\/wp-content\\\/uploads\\\/2022\\\/09\\\/Figurine-Pop-One-Piece-Franky.jpg\",\"datePublished\":\"2022-09-27T21:22:33+00:00\",\"dateModified\":\"2024-09-16T13:23:14+00:00\",\"description\":\"Jeune pirate, le moment est venu pour toi de te procurer cette Figurine Pop One Piece Franky. Pour rappel, Franky, de son vrai nom Cutty Flam, est le charpentier de L'\u00c9quipage du Chapeau de Paille. Franky est un cyborg recrut\u00e9 \u00e0 Water Seven et fut introduit dans l'histoire comme \u00e9tant le chef de la Franky Family, un gr\",\"breadcrumb\":{\"@id\":\"https:\\\/\\\/boutique-one-piece.com\\\/figurines-one-piece\\\/figurines-pop-one-piece\\\/figurine-pop-one-piece-franky\\\/#breadcrumb\"},\"inLanguage\":\"sv-SE\",\"potentialAction\":[{\"@type\":\"ReadAction\",\"target\":[\"https:\\\/\\\/boutique-one-piece.com\\\/figurines-one-piece\\\/figurines-pop-one-piece\\\/figurine-pop-one-piece-franky\\\/\"]}]},{\"@type\":\"ImageObject\",\"inLanguage\":\"sv-SE\",\"@id\":\"https:\\\/\\\/boutique-one-piece.com\\\/figurines-one-piece\\\/figurines-pop-one-piece\\\/figurine-pop-one-piece-franky\\\/#primaryimage\",\"url\":\"https:\\\/\\\/boutique-one-piece.com\\\/wp-content\\\/uploads\\\/2022\\\/09\\\/Figurine-Pop-One-Piece-Franky.jpg\",\"contentUrl\":\"https:\\\/\\\/boutique-one-piece.com\\\/wp-content\\\/uploads\\\/2022\\\/09\\\/Figurine-Pop-One-Piece-Franky.jpg\",\"width\":640,\"height\":640,\"caption\":\"Figurine Pop One Piece Franky Default Title\"},{\"@type\":\"BreadcrumbList\",\"@id\":\"https:\\\/\\\/boutique-one-piece.com\\\/figurines-one-piece\\\/figurines-pop-one-piece\\\/figurine-pop-one-piece-franky\\\/#breadcrumb\",\"itemListElement\":[{\"@type\":\"ListItem\",\"position\":1,\"name\":\"Home\",\"item\":\"https:\\\/\\\/boutique-one-piece.com\\\/\"},{\"@type\":\"ListItem\",\"position\":2,\"name\":\"Shop\",\"item\":\"https:\\\/\\\/boutique-one-piece.com\\\/shop\\\/\"},{\"@type\":\"ListItem\",\"position\":3,\"name\":\"Figurine Pop One Piece Franky\"}]},{\"@type\":\"WebSite\",\"@id\":\"https:\\\/\\\/boutique-one-piece.com\\\/#website\",\"url\":\"https:\\\/\\\/boutique-one-piece.com\\\/\",\"name\":\"Boutique One Piece\",\"description\":\"Magasin Sp\u00e9cialis\u00e9 du Manga et l&#039;Anime One Piece\",\"publisher\":{\"@id\":\"https:\\\/\\\/boutique-one-piece.com\\\/#organization\"},\"potentialAction\":[{\"@type\":\"SearchAction\",\"target\":{\"@type\":\"EntryPoint\",\"urlTemplate\":\"https:\\\/\\\/boutique-one-piece.com\\\/?s={search_term_string}\"},\"query-input\":{\"@type\":\"PropertyValueSpecification\",\"valueRequired\":true,\"valueName\":\"search_term_string\"}}],\"inLanguage\":\"sv-SE\"},{\"@type\":\"Organization\",\"@id\":\"https:\\\/\\\/boutique-one-piece.com\\\/#organization\",\"name\":\"Boutique One Piece\",\"url\":\"https:\\\/\\\/boutique-one-piece.com\\\/\",\"logo\":{\"@type\":\"ImageObject\",\"inLanguage\":\"sv-SE\",\"@id\":\"https:\\\/\\\/boutique-one-piece.com\\\/#\\\/schema\\\/logo\\\/image\\\/\",\"url\":\"https:\\\/\\\/boutique-one-piece.com\\\/wp-content\\\/uploads\\\/2022\\\/09\\\/Logo-01.png\",\"contentUrl\":\"https:\\\/\\\/boutique-one-piece.com\\\/wp-content\\\/uploads\\\/2022\\\/09\\\/Logo-01.png\",\"width\":2318,\"height\":957,\"caption\":\"Boutique One Piece\"},\"image\":{\"@id\":\"https:\\\/\\\/boutique-one-piece.com\\\/#\\\/schema\\\/logo\\\/image\\\/\"}}]}<\/script>\n<!-- \/ Yoast SEO plugin. -->","yoast_head_json":{"title":"One Piece Franky Pop-figur | One Piece-figur \u2013 One Piece Shop","description":"Unge pirat, det \u00e4r dags f\u00f6r dig att f\u00e5 tag p\u00e5 den h\u00e4r One Piece Franky Pop!-figuren. Som en p\u00e5minnelse \u00e4r Franky, vars riktiga namn \u00e4r Cutty Flam, skeppsbyggaren f\u00f6r Straw Hat Crew. Franky \u00e4r en cyborg som rekryterats i Water Seven och introducerades i ber\u00e4ttelsen som ledare f\u00f6r Franky-familjen, en grupp","robots":{"index":"index","follow":"follow","max-snippet":"max-snippet:-1","max-image-preview":"max-image-preview:large","max-video-preview":"max-video-preview:-1"},"canonical":"https:\/\/boutique-one-piece.com\/sv\/one-piece-figurer\/one-piece-pop-figurer\/one-piece-franky-pop-figur\/","og_locale":"sv_SE","og_type":"article","og_title":"Figurine Pop One Piece Franky | Figurine One Piece \u2013 Boutique One Piece","og_description":"Jeune pirate, le moment est venu pour toi de te procurer cette Figurine Pop One Piece Franky. Pour rappel, Franky, de son vrai nom Cutty Flam, est le charpentier de L'\u00c9quipage du Chapeau de Paille. Franky est un cyborg recrut\u00e9 \u00e0 Water Seven et fut introduit dans l'histoire comme \u00e9tant le chef de la Franky Family, un gr","og_url":"https:\/\/boutique-one-piece.com\/sv\/one-piece-figurer\/one-piece-pop-figurer\/one-piece-franky-pop-figur\/","og_site_name":"Boutique One Piece","article_modified_time":"2024-09-16T13:23:14+00:00","og_image":[{"width":640,"height":640,"url":"https:\/\/boutique-one-piece.com\/wp-content\/uploads\/2022\/09\/Figurine-Pop-One-Piece-Franky.jpg","type":"image\/jpeg"}],"twitter_card":"summary_large_image","twitter_misc":{"Ber\u00e4knad l\u00e4stid":"1 minut"},"schema":{"@context":"https:\/\/schema.org","@graph":[{"@type":"WebPage","@id":"https:\/\/boutique-one-piece.com\/figurines-one-piece\/figurines-pop-one-piece\/figurine-pop-one-piece-franky\/","url":"https:\/\/boutique-one-piece.com\/figurines-one-piece\/figurines-pop-one-piece\/figurine-pop-one-piece-franky\/","name":"One Piece Franky Pop-figur | One Piece-figur \u2013 One Piece Shop","isPartOf":{"@id":"https:\/\/boutique-one-piece.com\/#website"},"primaryImageOfPage":{"@id":"https:\/\/boutique-one-piece.com\/figurines-one-piece\/figurines-pop-one-piece\/figurine-pop-one-piece-franky\/#primaryimage"},"image":{"@id":"https:\/\/boutique-one-piece.com\/figurines-one-piece\/figurines-pop-one-piece\/figurine-pop-one-piece-franky\/#primaryimage"},"thumbnailUrl":"https:\/\/boutique-one-piece.com\/wp-content\/uploads\/2022\/09\/Figurine-Pop-One-Piece-Franky.jpg","datePublished":"2022-09-27T21:22:33+00:00","dateModified":"2024-09-16T13:23:14+00:00","description":"Unge pirat, det \u00e4r dags f\u00f6r dig att f\u00e5 tag p\u00e5 den h\u00e4r One Piece Franky Pop!-figuren. Som en p\u00e5minnelse \u00e4r Franky, vars riktiga namn \u00e4r Cutty Flam, skeppsbyggaren f\u00f6r Straw Hat Crew. Franky \u00e4r en cyborg som rekryterats i Water Seven och introducerades i ber\u00e4ttelsen som ledare f\u00f6r Franky-familjen, en grupp","breadcrumb":{"@id":"https:\/\/boutique-one-piece.com\/figurines-one-piece\/figurines-pop-one-piece\/figurine-pop-one-piece-franky\/#breadcrumb"},"inLanguage":"sv-SE","potentialAction":[{"@type":"ReadAction","target":["https:\/\/boutique-one-piece.com\/figurines-one-piece\/figurines-pop-one-piece\/figurine-pop-one-piece-franky\/"]}]},{"@type":"ImageObject","inLanguage":"sv-SE","@id":"https:\/\/boutique-one-piece.com\/figurines-one-piece\/figurines-pop-one-piece\/figurine-pop-one-piece-franky\/#primaryimage","url":"https:\/\/boutique-one-piece.com\/wp-content\/uploads\/2022\/09\/Figurine-Pop-One-Piece-Franky.jpg","contentUrl":"https:\/\/boutique-one-piece.com\/wp-content\/uploads\/2022\/09\/Figurine-Pop-One-Piece-Franky.jpg","width":640,"height":640,"caption":"Figurine Pop One Piece Franky Default Title"},{"@type":"BreadcrumbList","@id":"https:\/\/boutique-one-piece.com\/figurines-one-piece\/figurines-pop-one-piece\/figurine-pop-one-piece-franky\/#breadcrumb","itemListElement":[{"@type":"ListItem","position":1,"name":"Home","item":"https:\/\/boutique-one-piece.com\/"},{"@type":"ListItem","position":2,"name":"Shop","item":"https:\/\/boutique-one-piece.com\/shop\/"},{"@type":"ListItem","position":3,"name":"Figurine Pop One Piece Franky"}]},{"@type":"WebSite","@id":"https:\/\/boutique-one-piece.com\/#website","url":"https:\/\/boutique-one-piece.com\/","name":"One Piece-butik","description":"Specialbutik f\u00f6r One Piece Manga och Anime","publisher":{"@id":"https:\/\/boutique-one-piece.com\/#organization"},"potentialAction":[{"@type":"SearchAction","target":{"@type":"EntryPoint","urlTemplate":"https:\/\/boutique-one-piece.com\/?s={search_term_string}"},"query-input":{"@type":"PropertyValueSpecification","valueRequired":true,"valueName":"search_term_string"}}],"inLanguage":"sv-SE"},{"@type":"Organization","@id":"https:\/\/boutique-one-piece.com\/#organization","name":"One Piece-butik","url":"https:\/\/boutique-one-piece.com\/","logo":{"@type":"ImageObject","inLanguage":"sv-SE","@id":"https:\/\/boutique-one-piece.com\/#\/schema\/logo\/image\/","url":"https:\/\/boutique-one-piece.com\/wp-content\/uploads\/2022\/09\/Logo-01.png","contentUrl":"https:\/\/boutique-one-piece.com\/wp-content\/uploads\/2022\/09\/Logo-01.png","width":2318,"height":957,"caption":"Boutique One Piece"},"image":{"@id":"https:\/\/boutique-one-piece.com\/#\/schema\/logo\/image\/"}}]}},"_links":{"self":[{"href":"https:\/\/boutique-one-piece.com\/sv\/wp-json\/wp\/v2\/product\/13759","targetHints":{"allow":["GET"]}}],"collection":[{"href":"https:\/\/boutique-one-piece.com\/sv\/wp-json\/wp\/v2\/product"}],"about":[{"href":"https:\/\/boutique-one-piece.com\/sv\/wp-json\/wp\/v2\/types\/product"}],"replies":[{"embeddable":true,"href":"https:\/\/boutique-one-piece.com\/sv\/wp-json\/wp\/v2\/comments?post=13759"}],"wp:featuredmedia":[{"embeddable":true,"href":"https:\/\/boutique-one-piece.com\/sv\/wp-json\/wp\/v2\/media\/13761"}],"wp:attachment":[{"href":"https:\/\/boutique-one-piece.com\/sv\/wp-json\/wp\/v2\/media?parent=13759"}],"wp:term":[{"taxonomy":"product_brand","embeddable":true,"href":"https:\/\/boutique-one-piece.com\/sv\/wp-json\/wp\/v2\/product_brand?post=13759"},{"taxonomy":"product_cat","embeddable":true,"href":"https:\/\/boutique-one-piece.com\/sv\/wp-json\/wp\/v2\/product_cat?post=13759"},{"taxonomy":"product_tag","embeddable":true,"href":"https:\/\/boutique-one-piece.com\/sv\/wp-json\/wp\/v2\/product_tag?post=13759"}],"curies":[{"name":"wp","href":"https:\/\/api.w.org\/{rel}","templated":true}]}}