{"id":13867,"date":"2022-09-27T21:23:31","date_gmt":"2022-09-27T21:23:31","guid":{"rendered":"https:\/\/boutique-one-piece.com\/uncategorized\/figurine-pokemon-le-capitaine-au-chapeau-de-paille-luffy\/"},"modified":"2024-09-16T13:25:22","modified_gmt":"2024-09-16T13:25:22","slug":"pokemon-figur-av-kapten-luffy-med-strahatten","status":"publish","type":"product","link":"https:\/\/boutique-one-piece.com\/sv\/one-piece-figurer\/monkey-d-luffy-figurer\/pokemon-figur-av-kapten-luffy-med-strahatten\/","title":{"rendered":"Pok\u00e9mon-figur: Kapten Luffy med str\u00e5hatt"},"content":{"rendered":"<h2>Unge pirat, det \u00e4r dags f\u00f6r dig att skaffa den h\u00e4r One Piece-statyetten Kapten Luffy i str\u00e5hatt.<\/h2>\n<p>M\u00eame si Luffy n\u2019est plus \u00e0 pr\u00e9senter, voici ce que tu dois savoir \u00e0 son sujet ; <strong>Apa D. Luffy<\/strong> (\u00e4r en pirat och huvudpersonen i mangan och animen One Piece. Hans k\u00e4raste dr\u00f6m \u00e4r att bli piratkungen genom att hitta den legendariska skatten One Piece, g\u00f6md n\u00e5gonstans i v\u00e4rlden av Gol D. Roger.<\/p>\n<p>Enligt honom, att vara <strong>Piratlorden<\/strong> signifie \u00eatre celui qui jouit d\u2019une libert\u00e9 sans pareille dans le monde. Tu dois \u00e9galement savoir que <strong>Luffy<\/strong> est r\u00e9put\u00e9 pour porter son Chapeau de Paille (d\u2019o\u00f9 son \u00e9pith\u00e8te \u00ab\u00a0Luffy au Chapeau de Paille\u00a0\u00bb) que le l\u00e9gendaire capitaine pirate <strong>Shanks<\/strong> \u00ab\u00a0le Roux\u00a0\u00bb lui a confi\u00e9 lorsqu\u2019il \u00e9tait jeune, ce dernier le tenant lui-m\u00eame de Roger. D\u2019ailleurs, la <a title=\"ONE PIECE-FIGUR: KEJSAR SITTER P\u00c5 SIN TRON\" href=\"https:\/\/boutique-one-piece.com\/sv\/one-piece-figur-av-kejsar-shanks-pa-sin-tron\/\" target=\"_blank\" rel=\"noopener\">Shanks-figur p\u00e5 sin tron<\/a> \u00e4r inom r\u00e4ckh\u00e5ll.<\/p>\n<h3>Alors, conquis par la figurine du Capitaine au Chapeau de Paille ? Si tel est le cas, n\u2019attends plus, deviens un membre \u00e0 part enti\u00e8re de son \u00e9quipage de pirates.<\/h3>\n<p><strong>Ett stycke<\/strong> \u00e4r v\u00e4rldens b\u00e4st s\u00e4ljande manga. Oavsett om du \u00e4r ett inbitet fan eller en erfaren samlare, leta inte l\u00e4ngre, dessa legendariska f\u00f6rem\u00e5l \u00e4r definitivt n\u00e5got f\u00f6r dig. Perfekta att ge bort, dekorera eller helt enkelt l\u00e4gga till i din samling, dessa f\u00f6rem\u00e5l kommer att f\u00f6rb\u00e4ttra din samling. <strong>ditt One Piece-universum<\/strong>. Comme le dit Luffy \u00ab\u00a0le roi des pirates, \u00e7a sera moi !\u00a0\u00bb, alors, n\u2019attends plus et rejoins-le dans son aventure !<\/p>\n<h2>Information om Kapten Luffy-figuren med str\u00e5hatten\u00a0<\/h2>\n<ul data-mce-fragment=\"1\">\n<li data-mce-fragment=\"1\"><span data-mce-fragment=\"1\"><b data-mce-fragment=\"1\"><u data-mce-fragment=\"1\">One Piece-figur<\/u><\/b>\u00a0: Figurine\u00a0 premium de l\u2019univers One Piece pour les vrais pirates<\/span><\/li>\n<\/ul>\n<ul data-mce-fragment=\"1\">\n<li data-mce-fragment=\"1\">\n<b data-mce-fragment=\"1\">Materia<\/b><span data-mce-fragment=\"1\">\u00a0<\/span>PVC<\/li>\n<\/ul>\n<ul data-mce-fragment=\"1\">\n<li data-mce-fragment=\"1\"><span data-mce-fragment=\"1\"><strong data-mce-fragment=\"1\">Dimensionera<\/strong>\u00a0: 22 cm<\/span><\/li>\n<\/ul>\n<ul data-mce-fragment=\"1\">\n<li data-mce-fragment=\"1\"><span data-mce-fragment=\"1\"><strong data-mce-fragment=\"1\">FRI LEVERANS<\/strong><\/span><\/li>\n<\/ul>","protected":false},"excerpt":{"rendered":"<p>Jeune pirate, le moment est venu pour toi de te procurer cette Figurine One Piece Le Capitaine au Chapeau de Paille Luffy. M\u00eame si Luffy n\u2019est plus \u00e0 pr\u00e9senter, voici ce que tu dois savoir \u00e0 son sujet ; Monkey D. Luffy (est un pirate et le principal protagoniste du manga et anim\u00e9 One Piece. [&hellip;]<\/p>","protected":false},"featured_media":13869,"comment_status":"open","ping_status":"open","template":"","meta":[],"product_brand":[],"product_cat":[181,76],"product_tag":[92],"class_list":{"0":"post-13867","1":"product","2":"type-product","3":"status-publish","4":"has-post-thumbnail","6":"product_cat-figurines-monkey-d-luffy","7":"product_cat-figurines-one-piece","8":"product_tag-luffy","10":"first","11":"instock","12":"purchasable","13":"product-type-simple"},"yoast_head":"<!-- This site is optimized with the Yoast SEO plugin v27.5 - https:\/\/yoast.com\/product\/yoast-seo-wordpress\/ -->\n<title>Figurine Pok\u00e9mon Le Capitaine au Chapeau de Paille Luffy | Figurine One Piece \u2013 Boutique One Piece<\/title>\n<meta name=\"description\" content=\"Jeune pirate, le moment est venu pour toi de te procurer cette Figurine One Piece Le Capitaine au Chapeau de Paille Luffy. M\u00eame si Luffy n&#039;est plus \u00e0 pr\u00e9senter, voici ce que tu dois savoir \u00e0 son sujet ; Monkey D. Luffy (est un pirate et le principal protagoniste du manga et anim\u00e9 One Piece. Son r\u00eave le plus cher est de\" \/>\n<meta name=\"robots\" content=\"index, follow, max-snippet:-1, max-image-preview:large, max-video-preview:-1\" \/>\n<link rel=\"canonical\" href=\"https:\/\/boutique-one-piece.com\/sv\/one-piece-figurer\/monkey-d-luffy-figurer\/pokemon-figur-av-kapten-luffy-med-strahatten\/\" \/>\n<meta property=\"og:locale\" content=\"sv_SE\" \/>\n<meta property=\"og:type\" content=\"article\" \/>\n<meta property=\"og:title\" content=\"Figurine Pok\u00e9mon Le Capitaine au Chapeau de Paille Luffy | Figurine One Piece \u2013 Boutique One Piece\" \/>\n<meta property=\"og:description\" content=\"Jeune pirate, le moment est venu pour toi de te procurer cette Figurine One Piece Le Capitaine au Chapeau de Paille Luffy. M\u00eame si Luffy n&#039;est plus \u00e0 pr\u00e9senter, voici ce que tu dois savoir \u00e0 son sujet ; Monkey D. Luffy (est un pirate et le principal protagoniste du manga et anim\u00e9 One Piece. Son r\u00eave le plus cher est de\" \/>\n<meta property=\"og:url\" content=\"https:\/\/boutique-one-piece.com\/sv\/one-piece-figurer\/monkey-d-luffy-figurer\/pokemon-figur-av-kapten-luffy-med-strahatten\/\" \/>\n<meta property=\"og:site_name\" content=\"Boutique One Piece\" \/>\n<meta property=\"article:modified_time\" content=\"2024-09-16T13:25:22+00:00\" \/>\n<meta property=\"og:image\" content=\"https:\/\/boutique-one-piece.com\/wp-content\/uploads\/2022\/09\/Figurine-Pokemon-Le-Capitaine-au-Chapeau-de-Paille-Luffy-1.jpg\" \/>\n\t<meta property=\"og:image:width\" content=\"800\" \/>\n\t<meta property=\"og:image:height\" content=\"800\" \/>\n\t<meta property=\"og:image:type\" content=\"image\/jpeg\" \/>\n<meta name=\"twitter:card\" content=\"summary_large_image\" \/>\n<meta name=\"twitter:label1\" content=\"Ber\u00e4knad l\u00e4stid\" \/>\n\t<meta name=\"twitter:data1\" content=\"1 minut\" \/>\n<script type=\"application\/ld+json\" class=\"yoast-schema-graph\">{\"@context\":\"https:\\\/\\\/schema.org\",\"@graph\":[{\"@type\":\"WebPage\",\"@id\":\"https:\\\/\\\/boutique-one-piece.com\\\/figurines-one-piece\\\/figurines-monkey-d-luffy\\\/figurine-pokemon-le-capitaine-au-chapeau-de-paille-luffy\\\/\",\"url\":\"https:\\\/\\\/boutique-one-piece.com\\\/figurines-one-piece\\\/figurines-monkey-d-luffy\\\/figurine-pokemon-le-capitaine-au-chapeau-de-paille-luffy\\\/\",\"name\":\"Figurine Pok\u00e9mon Le Capitaine au Chapeau de Paille Luffy | Figurine One Piece \u2013 Boutique One Piece\",\"isPartOf\":{\"@id\":\"https:\\\/\\\/boutique-one-piece.com\\\/#website\"},\"primaryImageOfPage\":{\"@id\":\"https:\\\/\\\/boutique-one-piece.com\\\/figurines-one-piece\\\/figurines-monkey-d-luffy\\\/figurine-pokemon-le-capitaine-au-chapeau-de-paille-luffy\\\/#primaryimage\"},\"image\":{\"@id\":\"https:\\\/\\\/boutique-one-piece.com\\\/figurines-one-piece\\\/figurines-monkey-d-luffy\\\/figurine-pokemon-le-capitaine-au-chapeau-de-paille-luffy\\\/#primaryimage\"},\"thumbnailUrl\":\"https:\\\/\\\/boutique-one-piece.com\\\/wp-content\\\/uploads\\\/2022\\\/09\\\/Figurine-Pokemon-Le-Capitaine-au-Chapeau-de-Paille-Luffy-1.jpg\",\"datePublished\":\"2022-09-27T21:23:31+00:00\",\"dateModified\":\"2024-09-16T13:25:22+00:00\",\"description\":\"Jeune pirate, le moment est venu pour toi de te procurer cette Figurine One Piece Le Capitaine au Chapeau de Paille Luffy. M\u00eame si Luffy n'est plus \u00e0 pr\u00e9senter, voici ce que tu dois savoir \u00e0 son sujet ; Monkey D. Luffy (est un pirate et le principal protagoniste du manga et anim\u00e9 One Piece. Son r\u00eave le plus cher est de\",\"breadcrumb\":{\"@id\":\"https:\\\/\\\/boutique-one-piece.com\\\/figurines-one-piece\\\/figurines-monkey-d-luffy\\\/figurine-pokemon-le-capitaine-au-chapeau-de-paille-luffy\\\/#breadcrumb\"},\"inLanguage\":\"sv-SE\",\"potentialAction\":[{\"@type\":\"ReadAction\",\"target\":[\"https:\\\/\\\/boutique-one-piece.com\\\/figurines-one-piece\\\/figurines-monkey-d-luffy\\\/figurine-pokemon-le-capitaine-au-chapeau-de-paille-luffy\\\/\"]}]},{\"@type\":\"ImageObject\",\"inLanguage\":\"sv-SE\",\"@id\":\"https:\\\/\\\/boutique-one-piece.com\\\/figurines-one-piece\\\/figurines-monkey-d-luffy\\\/figurine-pokemon-le-capitaine-au-chapeau-de-paille-luffy\\\/#primaryimage\",\"url\":\"https:\\\/\\\/boutique-one-piece.com\\\/wp-content\\\/uploads\\\/2022\\\/09\\\/Figurine-Pokemon-Le-Capitaine-au-Chapeau-de-Paille-Luffy-1.jpg\",\"contentUrl\":\"https:\\\/\\\/boutique-one-piece.com\\\/wp-content\\\/uploads\\\/2022\\\/09\\\/Figurine-Pokemon-Le-Capitaine-au-Chapeau-de-Paille-Luffy-1.jpg\",\"width\":800,\"height\":800},{\"@type\":\"BreadcrumbList\",\"@id\":\"https:\\\/\\\/boutique-one-piece.com\\\/figurines-one-piece\\\/figurines-monkey-d-luffy\\\/figurine-pokemon-le-capitaine-au-chapeau-de-paille-luffy\\\/#breadcrumb\",\"itemListElement\":[{\"@type\":\"ListItem\",\"position\":1,\"name\":\"Home\",\"item\":\"https:\\\/\\\/boutique-one-piece.com\\\/\"},{\"@type\":\"ListItem\",\"position\":2,\"name\":\"Shop\",\"item\":\"https:\\\/\\\/boutique-one-piece.com\\\/shop\\\/\"},{\"@type\":\"ListItem\",\"position\":3,\"name\":\"Figurine Pok\u00e9mon Le Capitaine au Chapeau de Paille Luffy\"}]},{\"@type\":\"WebSite\",\"@id\":\"https:\\\/\\\/boutique-one-piece.com\\\/#website\",\"url\":\"https:\\\/\\\/boutique-one-piece.com\\\/\",\"name\":\"Boutique One Piece\",\"description\":\"Magasin Sp\u00e9cialis\u00e9 du Manga et l&#039;Anime One Piece\",\"publisher\":{\"@id\":\"https:\\\/\\\/boutique-one-piece.com\\\/#organization\"},\"potentialAction\":[{\"@type\":\"SearchAction\",\"target\":{\"@type\":\"EntryPoint\",\"urlTemplate\":\"https:\\\/\\\/boutique-one-piece.com\\\/?s={search_term_string}\"},\"query-input\":{\"@type\":\"PropertyValueSpecification\",\"valueRequired\":true,\"valueName\":\"search_term_string\"}}],\"inLanguage\":\"sv-SE\"},{\"@type\":\"Organization\",\"@id\":\"https:\\\/\\\/boutique-one-piece.com\\\/#organization\",\"name\":\"Boutique One Piece\",\"url\":\"https:\\\/\\\/boutique-one-piece.com\\\/\",\"logo\":{\"@type\":\"ImageObject\",\"inLanguage\":\"sv-SE\",\"@id\":\"https:\\\/\\\/boutique-one-piece.com\\\/#\\\/schema\\\/logo\\\/image\\\/\",\"url\":\"https:\\\/\\\/boutique-one-piece.com\\\/wp-content\\\/uploads\\\/2022\\\/09\\\/Logo-01.png\",\"contentUrl\":\"https:\\\/\\\/boutique-one-piece.com\\\/wp-content\\\/uploads\\\/2022\\\/09\\\/Logo-01.png\",\"width\":2318,\"height\":957,\"caption\":\"Boutique One Piece\"},\"image\":{\"@id\":\"https:\\\/\\\/boutique-one-piece.com\\\/#\\\/schema\\\/logo\\\/image\\\/\"}}]}<\/script>\n<!-- \/ Yoast SEO plugin. -->","yoast_head_json":{"title":"Pok\u00e9mon-figur: Str\u00e5hatt Kapten Luffy | One Piece-figur \u2013 One Piece Shop","description":"Unge pirat, det \u00e4r dags f\u00f6r dig att f\u00e5 tag p\u00e5 denna One Piece-figur av Kapten Luffy i str\u00e5hatten. \u00c4ven om Luffy inte beh\u00f6ver n\u00e5gon presentation, h\u00e4r \u00e4r vad du b\u00f6r veta om honom: Monkey D. Luffy \u00e4r en pirat och huvudpersonen i One Piece-mangan och animen. Hans k\u00e4raste dr\u00f6m \u00e4r att ...","robots":{"index":"index","follow":"follow","max-snippet":"max-snippet:-1","max-image-preview":"max-image-preview:large","max-video-preview":"max-video-preview:-1"},"canonical":"https:\/\/boutique-one-piece.com\/sv\/one-piece-figurer\/monkey-d-luffy-figurer\/pokemon-figur-av-kapten-luffy-med-strahatten\/","og_locale":"sv_SE","og_type":"article","og_title":"Figurine Pok\u00e9mon Le Capitaine au Chapeau de Paille Luffy | Figurine One Piece \u2013 Boutique One Piece","og_description":"Jeune pirate, le moment est venu pour toi de te procurer cette Figurine One Piece Le Capitaine au Chapeau de Paille Luffy. M\u00eame si Luffy n'est plus \u00e0 pr\u00e9senter, voici ce que tu dois savoir \u00e0 son sujet ; Monkey D. Luffy (est un pirate et le principal protagoniste du manga et anim\u00e9 One Piece. Son r\u00eave le plus cher est de","og_url":"https:\/\/boutique-one-piece.com\/sv\/one-piece-figurer\/monkey-d-luffy-figurer\/pokemon-figur-av-kapten-luffy-med-strahatten\/","og_site_name":"Boutique One Piece","article_modified_time":"2024-09-16T13:25:22+00:00","og_image":[{"width":800,"height":800,"url":"https:\/\/boutique-one-piece.com\/wp-content\/uploads\/2022\/09\/Figurine-Pokemon-Le-Capitaine-au-Chapeau-de-Paille-Luffy-1.jpg","type":"image\/jpeg"}],"twitter_card":"summary_large_image","twitter_misc":{"Ber\u00e4knad l\u00e4stid":"1 minut"},"schema":{"@context":"https:\/\/schema.org","@graph":[{"@type":"WebPage","@id":"https:\/\/boutique-one-piece.com\/figurines-one-piece\/figurines-monkey-d-luffy\/figurine-pokemon-le-capitaine-au-chapeau-de-paille-luffy\/","url":"https:\/\/boutique-one-piece.com\/figurines-one-piece\/figurines-monkey-d-luffy\/figurine-pokemon-le-capitaine-au-chapeau-de-paille-luffy\/","name":"Pok\u00e9mon-figur: Str\u00e5hatt Kapten Luffy | One Piece-figur \u2013 One Piece Shop","isPartOf":{"@id":"https:\/\/boutique-one-piece.com\/#website"},"primaryImageOfPage":{"@id":"https:\/\/boutique-one-piece.com\/figurines-one-piece\/figurines-monkey-d-luffy\/figurine-pokemon-le-capitaine-au-chapeau-de-paille-luffy\/#primaryimage"},"image":{"@id":"https:\/\/boutique-one-piece.com\/figurines-one-piece\/figurines-monkey-d-luffy\/figurine-pokemon-le-capitaine-au-chapeau-de-paille-luffy\/#primaryimage"},"thumbnailUrl":"https:\/\/boutique-one-piece.com\/wp-content\/uploads\/2022\/09\/Figurine-Pokemon-Le-Capitaine-au-Chapeau-de-Paille-Luffy-1.jpg","datePublished":"2022-09-27T21:23:31+00:00","dateModified":"2024-09-16T13:25:22+00:00","description":"Unge pirat, det \u00e4r dags f\u00f6r dig att f\u00e5 tag p\u00e5 denna One Piece-figur av Kapten Luffy i str\u00e5hatten. \u00c4ven om Luffy inte beh\u00f6ver n\u00e5gon presentation, h\u00e4r \u00e4r vad du b\u00f6r veta om honom: Monkey D. Luffy \u00e4r en pirat och huvudpersonen i One Piece-mangan och animen. Hans k\u00e4raste dr\u00f6m \u00e4r att ...","breadcrumb":{"@id":"https:\/\/boutique-one-piece.com\/figurines-one-piece\/figurines-monkey-d-luffy\/figurine-pokemon-le-capitaine-au-chapeau-de-paille-luffy\/#breadcrumb"},"inLanguage":"sv-SE","potentialAction":[{"@type":"ReadAction","target":["https:\/\/boutique-one-piece.com\/figurines-one-piece\/figurines-monkey-d-luffy\/figurine-pokemon-le-capitaine-au-chapeau-de-paille-luffy\/"]}]},{"@type":"ImageObject","inLanguage":"sv-SE","@id":"https:\/\/boutique-one-piece.com\/figurines-one-piece\/figurines-monkey-d-luffy\/figurine-pokemon-le-capitaine-au-chapeau-de-paille-luffy\/#primaryimage","url":"https:\/\/boutique-one-piece.com\/wp-content\/uploads\/2022\/09\/Figurine-Pokemon-Le-Capitaine-au-Chapeau-de-Paille-Luffy-1.jpg","contentUrl":"https:\/\/boutique-one-piece.com\/wp-content\/uploads\/2022\/09\/Figurine-Pokemon-Le-Capitaine-au-Chapeau-de-Paille-Luffy-1.jpg","width":800,"height":800},{"@type":"BreadcrumbList","@id":"https:\/\/boutique-one-piece.com\/figurines-one-piece\/figurines-monkey-d-luffy\/figurine-pokemon-le-capitaine-au-chapeau-de-paille-luffy\/#breadcrumb","itemListElement":[{"@type":"ListItem","position":1,"name":"Home","item":"https:\/\/boutique-one-piece.com\/"},{"@type":"ListItem","position":2,"name":"Shop","item":"https:\/\/boutique-one-piece.com\/shop\/"},{"@type":"ListItem","position":3,"name":"Figurine Pok\u00e9mon Le Capitaine au Chapeau de Paille Luffy"}]},{"@type":"WebSite","@id":"https:\/\/boutique-one-piece.com\/#website","url":"https:\/\/boutique-one-piece.com\/","name":"One Piece-butik","description":"Specialbutik f\u00f6r One Piece Manga och Anime","publisher":{"@id":"https:\/\/boutique-one-piece.com\/#organization"},"potentialAction":[{"@type":"SearchAction","target":{"@type":"EntryPoint","urlTemplate":"https:\/\/boutique-one-piece.com\/?s={search_term_string}"},"query-input":{"@type":"PropertyValueSpecification","valueRequired":true,"valueName":"search_term_string"}}],"inLanguage":"sv-SE"},{"@type":"Organization","@id":"https:\/\/boutique-one-piece.com\/#organization","name":"One Piece-butik","url":"https:\/\/boutique-one-piece.com\/","logo":{"@type":"ImageObject","inLanguage":"sv-SE","@id":"https:\/\/boutique-one-piece.com\/#\/schema\/logo\/image\/","url":"https:\/\/boutique-one-piece.com\/wp-content\/uploads\/2022\/09\/Logo-01.png","contentUrl":"https:\/\/boutique-one-piece.com\/wp-content\/uploads\/2022\/09\/Logo-01.png","width":2318,"height":957,"caption":"Boutique One Piece"},"image":{"@id":"https:\/\/boutique-one-piece.com\/#\/schema\/logo\/image\/"}}]}},"_links":{"self":[{"href":"https:\/\/boutique-one-piece.com\/sv\/wp-json\/wp\/v2\/product\/13867","targetHints":{"allow":["GET"]}}],"collection":[{"href":"https:\/\/boutique-one-piece.com\/sv\/wp-json\/wp\/v2\/product"}],"about":[{"href":"https:\/\/boutique-one-piece.com\/sv\/wp-json\/wp\/v2\/types\/product"}],"replies":[{"embeddable":true,"href":"https:\/\/boutique-one-piece.com\/sv\/wp-json\/wp\/v2\/comments?post=13867"}],"wp:featuredmedia":[{"embeddable":true,"href":"https:\/\/boutique-one-piece.com\/sv\/wp-json\/wp\/v2\/media\/13869"}],"wp:attachment":[{"href":"https:\/\/boutique-one-piece.com\/sv\/wp-json\/wp\/v2\/media?parent=13867"}],"wp:term":[{"taxonomy":"product_brand","embeddable":true,"href":"https:\/\/boutique-one-piece.com\/sv\/wp-json\/wp\/v2\/product_brand?post=13867"},{"taxonomy":"product_cat","embeddable":true,"href":"https:\/\/boutique-one-piece.com\/sv\/wp-json\/wp\/v2\/product_cat?post=13867"},{"taxonomy":"product_tag","embeddable":true,"href":"https:\/\/boutique-one-piece.com\/sv\/wp-json\/wp\/v2\/product_tag?post=13867"}],"curies":[{"name":"wp","href":"https:\/\/api.w.org\/{rel}","templated":true}]}}