{"id":14352,"date":"2022-09-27T21:26:27","date_gmt":"2022-09-27T21:26:27","guid":{"rendered":"https:\/\/boutique-one-piece.com\/uncategorized\/coque-one-piece-avis-de-recherche-sabo\/"},"modified":"2024-09-16T13:38:36","modified_gmt":"2024-09-16T13:38:36","slug":"one-piece-mobilskal-efterlysningsaffisch-sabo","status":"publish","type":"product","link":"https:\/\/boutique-one-piece.com\/sv\/one-piece-tillbehor\/one-piece-fodral\/one-piece-mobilskal-efterlysningsaffisch-sabo\/","title":{"rendered":"One Piece Wanted-posterfodral fr\u00e5n Sabo"},"content":{"rendered":"<p><span><strong>Varum\u00e4rke<\/strong> RETFGTU<\/span><br \/><span><strong>Slag:<\/strong> Halvf\u00f6rpackat fodral<\/span><br \/><span><strong>Drag<\/strong> Moderiktigt, elegant silikontelefonskal Coque<\/span><br \/><span><strong>Kompatibelt m\u00e4rke:<\/strong> Apple iPhones<\/span><br \/><span><strong>Kompatibel iPhone-modell:<\/strong> iPhone 5<\/span><br \/><span><strong>Kompatibel iPhone-modell:<\/strong> iPhone 6<\/span><br \/><span><strong>Kompatibel iPhone-modell:<\/strong> iPhone 6 Plus<\/span><br \/><span><strong>Kompatibel iPhone-modell:<\/strong> iPhone 6S<\/span><br \/><span><strong>Kompatibel iPhone-modell:<\/strong> iPhone 6s Plus<\/span><br \/><span><strong>Kompatibel iPhone-modell:<\/strong> iPhone 5s<\/span><br \/><span><strong>Kompatibel iPhone-modell:<\/strong> iPhone SE<\/span><br \/><span><strong>Kompatibel iPhone-modell:<\/strong> iPhone 7<\/span><br \/><span><strong>Kompatibel iPhone-modell:<\/strong> iPhone 7 Plus<\/span><br \/><span><strong>Kompatibel iPhone-modell:<\/strong> iPhone 8 Plus<\/span><br \/><span><strong>Kompatibel iPhone-modell:<\/strong> iPhone 8<\/span><br \/><span><strong>Kompatibel iPhone-modell:<\/strong> iPhone X<\/span><br \/><span><strong>Kompatibel iPhone-modell:<\/strong> iPhone XS Max<\/span><br \/><span><strong>Kompatibel iPhone-modell:<\/strong> iPhone XR<\/span><br \/><span><strong>Kompatibel iPhone-modell:<\/strong> iPhone XS<\/span><br \/><span><strong>Kompatibel iPhone-modell:<\/strong> iPhone 11<\/span><br \/><span><strong>Kompatibel iPhone-modell:<\/strong> iPhone 11 Pro Max<\/span><br \/><span><strong>Kompatibel iPhone-modell:<\/strong> iPhone 11 Pro<\/span><br \/><span><strong>Storlek:<\/strong> 5.8<\/span><br \/><span><strong>Storlek:<\/strong> 4.8<\/span><br \/><span><strong>Storlek:<\/strong> 6.5<\/span><br \/><span><strong>Storlek:<\/strong> 5.5<\/span><br \/><span><strong>Storlek:<\/strong> 6.1<\/span><br \/><span><strong>Storlek:<\/strong> 5<\/span><br \/><span><strong>Design:<\/strong> Geometrisk<\/span><br \/><span><strong>Design:<\/strong> Citat och meddelanden<\/span><br \/><span><strong>Design:<\/strong> Matt<\/span><br \/><span><strong>Design:<\/strong> Vanlig<\/span><br \/><span><strong>Design:<\/strong> Djur<\/span><br \/><span><strong>Design:<\/strong> Transparent<\/span><br \/><span><strong>Design:<\/strong> Blommig<\/span><br \/><span><strong>Fungera:<\/strong> Vattent\u00e4t<\/span><br \/><span><strong>Fungera:<\/strong> Smutsbest\u00e4ndig<\/span><br \/><span><strong>Fungera:<\/strong> Knackningsskydd<\/span><br \/><span><strong>Material:<\/strong> Mjuk silikon TPU<\/span><br \/><span><strong>Dropshipping:<\/strong> St\u00f6d<\/span><br \/><span><strong>Slag:<\/strong> Skal Coque Bakstycke iPhone Tillbeh\u00f6r<\/span><br \/><span><strong>Drag<\/strong> Lyxigt helt nytt p\u00e5 marknaden S\u00e4ljes hett<\/span><br \/><span><strong>Anv\u00e4nd folkmassan:<\/strong> iPhone-fodral f\u00f6r tjejer och killar<\/span><br \/><span><strong>F\u00f6rs\u00e4ljningss\u00e4tt:<\/strong> Partihandel och detaljhandel<\/span><br \/><span><strong>F\u00e4rg:<\/strong> Som bilden p\u00e5 bilden LOGOTYP<\/span><br \/><span><strong>ge plats:<\/strong> Smart utskrift<\/span><\/p>","protected":false},"excerpt":{"rendered":"<p>Varum\u00e4rke: RETFGTUTyp: Halvf\u00f6rpackat fodralFunktioner: Moderiktigt silikonfodral till telefonKompatibelt m\u00e4rke: Apple iPhonesKompatibel iPhone-modell: iPhone 5Kompatibel iPhone-modell: iPhone 6Kompatibel iPhone-modell: iPhone 6 PlusKompatibel iPhone-modell: IPHONE 6SKompatibel iPhone-modell: iPhone 6s plusKompatibel iPhone-modell: iPhone 5sKompatibel iPhone-modell: iPhone SEKompatibel iPhone-modell: iPhone 7Kompatibel iPhone-modell: iPhone 7 PlusKompatibel iPhone [\u2026]<\/p>","protected":false},"featured_media":14354,"comment_status":"open","ping_status":"open","template":"","meta":[],"product_brand":[],"product_cat":[700,15],"product_tag":[],"class_list":{"0":"post-14352","1":"product","2":"type-product","3":"status-publish","4":"has-post-thumbnail","6":"product_cat-coque-one-piece","7":"product_cat-manga-one-piece","9":"first","10":"instock","11":"purchasable","12":"product-type-variable","13":"has-default-attributes"},"yoast_head":"<!-- This site is optimized with the Yoast SEO plugin v27.5 - https:\/\/yoast.com\/product\/yoast-seo-wordpress\/ -->\n<title>Coque One Piece Avis De Recherche Sabo<\/title>\n<meta name=\"description\" content=\"Brand Name: RETFGTUType: Half-wrapped CaseFeatures: Fashion Suave silicone phone Case Cover CoqueCompatible Brand: Apple iPhonesCompatible iPhone Model: iPhone 5Compatible iPhone Model: iPhone 6Compatible iPhone Model: iPhone 6 PlusCompatible iPhone Model: IPHONE 6SCompatible iPhone Model: iPhone 6s plusCompatible iPho\" \/>\n<meta name=\"robots\" content=\"index, follow, max-snippet:-1, max-image-preview:large, max-video-preview:-1\" \/>\n<link rel=\"canonical\" href=\"https:\/\/boutique-one-piece.com\/sv\/one-piece-tillbehor\/one-piece-fodral\/one-piece-mobilskal-efterlysningsaffisch-sabo\/\" \/>\n<meta property=\"og:locale\" content=\"sv_SE\" \/>\n<meta property=\"og:type\" content=\"article\" \/>\n<meta property=\"og:title\" content=\"Coque One Piece Avis De Recherche Sabo\" \/>\n<meta property=\"og:description\" content=\"Brand Name: RETFGTUType: Half-wrapped CaseFeatures: Fashion Suave silicone phone Case Cover CoqueCompatible Brand: Apple iPhonesCompatible iPhone Model: iPhone 5Compatible iPhone Model: iPhone 6Compatible iPhone Model: iPhone 6 PlusCompatible iPhone Model: IPHONE 6SCompatible iPhone Model: iPhone 6s plusCompatible iPho\" \/>\n<meta property=\"og:url\" content=\"https:\/\/boutique-one-piece.com\/sv\/one-piece-tillbehor\/one-piece-fodral\/one-piece-mobilskal-efterlysningsaffisch-sabo\/\" \/>\n<meta property=\"og:site_name\" content=\"Boutique One Piece\" \/>\n<meta property=\"article:modified_time\" content=\"2024-09-16T13:38:36+00:00\" \/>\n<meta property=\"og:image\" content=\"https:\/\/boutique-one-piece.com\/wp-content\/uploads\/2022\/09\/Coque-One-Piece-Avis-De-Recherche-Sabo.jpg\" \/>\n\t<meta property=\"og:image:width\" content=\"640\" \/>\n\t<meta property=\"og:image:height\" content=\"640\" \/>\n\t<meta property=\"og:image:type\" content=\"image\/jpeg\" \/>\n<meta name=\"twitter:card\" content=\"summary_large_image\" \/>\n<meta name=\"twitter:label1\" content=\"Ber\u00e4knad l\u00e4stid\" \/>\n\t<meta name=\"twitter:data1\" content=\"1 minut\" \/>\n<script type=\"application\/ld+json\" class=\"yoast-schema-graph\">{\"@context\":\"https:\\\/\\\/schema.org\",\"@graph\":[{\"@type\":\"WebPage\",\"@id\":\"https:\\\/\\\/boutique-one-piece.com\\\/accessoires-one-piece\\\/coque-one-piece\\\/coque-one-piece-avis-de-recherche-sabo\\\/\",\"url\":\"https:\\\/\\\/boutique-one-piece.com\\\/accessoires-one-piece\\\/coque-one-piece\\\/coque-one-piece-avis-de-recherche-sabo\\\/\",\"name\":\"Coque One Piece Avis De Recherche Sabo\",\"isPartOf\":{\"@id\":\"https:\\\/\\\/boutique-one-piece.com\\\/#website\"},\"primaryImageOfPage\":{\"@id\":\"https:\\\/\\\/boutique-one-piece.com\\\/accessoires-one-piece\\\/coque-one-piece\\\/coque-one-piece-avis-de-recherche-sabo\\\/#primaryimage\"},\"image\":{\"@id\":\"https:\\\/\\\/boutique-one-piece.com\\\/accessoires-one-piece\\\/coque-one-piece\\\/coque-one-piece-avis-de-recherche-sabo\\\/#primaryimage\"},\"thumbnailUrl\":\"https:\\\/\\\/boutique-one-piece.com\\\/wp-content\\\/uploads\\\/2022\\\/09\\\/Coque-One-Piece-Avis-De-Recherche-Sabo.jpg\",\"datePublished\":\"2022-09-27T21:26:27+00:00\",\"dateModified\":\"2024-09-16T13:38:36+00:00\",\"description\":\"Brand Name: RETFGTUType: Half-wrapped CaseFeatures: Fashion Suave silicone phone Case Cover CoqueCompatible Brand: Apple iPhonesCompatible iPhone Model: iPhone 5Compatible iPhone Model: iPhone 6Compatible iPhone Model: iPhone 6 PlusCompatible iPhone Model: IPHONE 6SCompatible iPhone Model: iPhone 6s plusCompatible iPho\",\"breadcrumb\":{\"@id\":\"https:\\\/\\\/boutique-one-piece.com\\\/accessoires-one-piece\\\/coque-one-piece\\\/coque-one-piece-avis-de-recherche-sabo\\\/#breadcrumb\"},\"inLanguage\":\"sv-SE\",\"potentialAction\":[{\"@type\":\"ReadAction\",\"target\":[\"https:\\\/\\\/boutique-one-piece.com\\\/accessoires-one-piece\\\/coque-one-piece\\\/coque-one-piece-avis-de-recherche-sabo\\\/\"]}]},{\"@type\":\"ImageObject\",\"inLanguage\":\"sv-SE\",\"@id\":\"https:\\\/\\\/boutique-one-piece.com\\\/accessoires-one-piece\\\/coque-one-piece\\\/coque-one-piece-avis-de-recherche-sabo\\\/#primaryimage\",\"url\":\"https:\\\/\\\/boutique-one-piece.com\\\/wp-content\\\/uploads\\\/2022\\\/09\\\/Coque-One-Piece-Avis-De-Recherche-Sabo.jpg\",\"contentUrl\":\"https:\\\/\\\/boutique-one-piece.com\\\/wp-content\\\/uploads\\\/2022\\\/09\\\/Coque-One-Piece-Avis-De-Recherche-Sabo.jpg\",\"width\":640,\"height\":640,\"caption\":\"Coque One Piece Avis De Recherche Sabo For iphone 11 12 TPU\"},{\"@type\":\"BreadcrumbList\",\"@id\":\"https:\\\/\\\/boutique-one-piece.com\\\/accessoires-one-piece\\\/coque-one-piece\\\/coque-one-piece-avis-de-recherche-sabo\\\/#breadcrumb\",\"itemListElement\":[{\"@type\":\"ListItem\",\"position\":1,\"name\":\"Home\",\"item\":\"https:\\\/\\\/boutique-one-piece.com\\\/\"},{\"@type\":\"ListItem\",\"position\":2,\"name\":\"Shop\",\"item\":\"https:\\\/\\\/boutique-one-piece.com\\\/shop\\\/\"},{\"@type\":\"ListItem\",\"position\":3,\"name\":\"Coque One Piece Avis De Recherche Sabo\"}]},{\"@type\":\"WebSite\",\"@id\":\"https:\\\/\\\/boutique-one-piece.com\\\/#website\",\"url\":\"https:\\\/\\\/boutique-one-piece.com\\\/\",\"name\":\"Boutique One Piece\",\"description\":\"Magasin Sp\u00e9cialis\u00e9 du Manga et l&#039;Anime One Piece\",\"publisher\":{\"@id\":\"https:\\\/\\\/boutique-one-piece.com\\\/#organization\"},\"potentialAction\":[{\"@type\":\"SearchAction\",\"target\":{\"@type\":\"EntryPoint\",\"urlTemplate\":\"https:\\\/\\\/boutique-one-piece.com\\\/?s={search_term_string}\"},\"query-input\":{\"@type\":\"PropertyValueSpecification\",\"valueRequired\":true,\"valueName\":\"search_term_string\"}}],\"inLanguage\":\"sv-SE\"},{\"@type\":\"Organization\",\"@id\":\"https:\\\/\\\/boutique-one-piece.com\\\/#organization\",\"name\":\"Boutique One Piece\",\"url\":\"https:\\\/\\\/boutique-one-piece.com\\\/\",\"logo\":{\"@type\":\"ImageObject\",\"inLanguage\":\"sv-SE\",\"@id\":\"https:\\\/\\\/boutique-one-piece.com\\\/#\\\/schema\\\/logo\\\/image\\\/\",\"url\":\"https:\\\/\\\/boutique-one-piece.com\\\/wp-content\\\/uploads\\\/2022\\\/09\\\/Logo-01.png\",\"contentUrl\":\"https:\\\/\\\/boutique-one-piece.com\\\/wp-content\\\/uploads\\\/2022\\\/09\\\/Logo-01.png\",\"width\":2318,\"height\":957,\"caption\":\"Boutique One Piece\"},\"image\":{\"@id\":\"https:\\\/\\\/boutique-one-piece.com\\\/#\\\/schema\\\/logo\\\/image\\\/\"}}]}<\/script>\n<!-- \/ Yoast SEO plugin. -->","yoast_head_json":{"title":"One Piece Wanted-posterfodral fr\u00e5n Sabo","description":"Varum\u00e4rke: RETFGTUTyp: Halvf\u00f6rpackat fodralFunktioner: Moderiktigt silikonfodral till telefonKompatibelt m\u00e4rke: Apple iPhonesKompatibel iPhone-modell: iPhone 5Kompatibel iPhone-modell: iPhone 6Kompatibel iPhone-modell: iPhone 6 PlusKompatibel iPhone-modell: IPHONE 6SKompatibel iPhone-modell: iPhone 6s plusKompatibel iPhone","robots":{"index":"index","follow":"follow","max-snippet":"max-snippet:-1","max-image-preview":"max-image-preview:large","max-video-preview":"max-video-preview:-1"},"canonical":"https:\/\/boutique-one-piece.com\/sv\/one-piece-tillbehor\/one-piece-fodral\/one-piece-mobilskal-efterlysningsaffisch-sabo\/","og_locale":"sv_SE","og_type":"article","og_title":"Coque One Piece Avis De Recherche Sabo","og_description":"Brand Name: RETFGTUType: Half-wrapped CaseFeatures: Fashion Suave silicone phone Case Cover CoqueCompatible Brand: Apple iPhonesCompatible iPhone Model: iPhone 5Compatible iPhone Model: iPhone 6Compatible iPhone Model: iPhone 6 PlusCompatible iPhone Model: IPHONE 6SCompatible iPhone Model: iPhone 6s plusCompatible iPho","og_url":"https:\/\/boutique-one-piece.com\/sv\/one-piece-tillbehor\/one-piece-fodral\/one-piece-mobilskal-efterlysningsaffisch-sabo\/","og_site_name":"Boutique One Piece","article_modified_time":"2024-09-16T13:38:36+00:00","og_image":[{"width":640,"height":640,"url":"https:\/\/boutique-one-piece.com\/wp-content\/uploads\/2022\/09\/Coque-One-Piece-Avis-De-Recherche-Sabo.jpg","type":"image\/jpeg"}],"twitter_card":"summary_large_image","twitter_misc":{"Ber\u00e4knad l\u00e4stid":"1 minut"},"schema":{"@context":"https:\/\/schema.org","@graph":[{"@type":"WebPage","@id":"https:\/\/boutique-one-piece.com\/accessoires-one-piece\/coque-one-piece\/coque-one-piece-avis-de-recherche-sabo\/","url":"https:\/\/boutique-one-piece.com\/accessoires-one-piece\/coque-one-piece\/coque-one-piece-avis-de-recherche-sabo\/","name":"One Piece Wanted-posterfodral fr\u00e5n Sabo","isPartOf":{"@id":"https:\/\/boutique-one-piece.com\/#website"},"primaryImageOfPage":{"@id":"https:\/\/boutique-one-piece.com\/accessoires-one-piece\/coque-one-piece\/coque-one-piece-avis-de-recherche-sabo\/#primaryimage"},"image":{"@id":"https:\/\/boutique-one-piece.com\/accessoires-one-piece\/coque-one-piece\/coque-one-piece-avis-de-recherche-sabo\/#primaryimage"},"thumbnailUrl":"https:\/\/boutique-one-piece.com\/wp-content\/uploads\/2022\/09\/Coque-One-Piece-Avis-De-Recherche-Sabo.jpg","datePublished":"2022-09-27T21:26:27+00:00","dateModified":"2024-09-16T13:38:36+00:00","description":"Varum\u00e4rke: RETFGTUTyp: Halvf\u00f6rpackat fodralFunktioner: Moderiktigt silikonfodral till telefonKompatibelt m\u00e4rke: Apple iPhonesKompatibel iPhone-modell: iPhone 5Kompatibel iPhone-modell: iPhone 6Kompatibel iPhone-modell: iPhone 6 PlusKompatibel iPhone-modell: IPHONE 6SKompatibel iPhone-modell: iPhone 6s plusKompatibel iPhone","breadcrumb":{"@id":"https:\/\/boutique-one-piece.com\/accessoires-one-piece\/coque-one-piece\/coque-one-piece-avis-de-recherche-sabo\/#breadcrumb"},"inLanguage":"sv-SE","potentialAction":[{"@type":"ReadAction","target":["https:\/\/boutique-one-piece.com\/accessoires-one-piece\/coque-one-piece\/coque-one-piece-avis-de-recherche-sabo\/"]}]},{"@type":"ImageObject","inLanguage":"sv-SE","@id":"https:\/\/boutique-one-piece.com\/accessoires-one-piece\/coque-one-piece\/coque-one-piece-avis-de-recherche-sabo\/#primaryimage","url":"https:\/\/boutique-one-piece.com\/wp-content\/uploads\/2022\/09\/Coque-One-Piece-Avis-De-Recherche-Sabo.jpg","contentUrl":"https:\/\/boutique-one-piece.com\/wp-content\/uploads\/2022\/09\/Coque-One-Piece-Avis-De-Recherche-Sabo.jpg","width":640,"height":640,"caption":"Coque One Piece Avis De Recherche Sabo For iphone 11 12 TPU"},{"@type":"BreadcrumbList","@id":"https:\/\/boutique-one-piece.com\/accessoires-one-piece\/coque-one-piece\/coque-one-piece-avis-de-recherche-sabo\/#breadcrumb","itemListElement":[{"@type":"ListItem","position":1,"name":"Home","item":"https:\/\/boutique-one-piece.com\/"},{"@type":"ListItem","position":2,"name":"Shop","item":"https:\/\/boutique-one-piece.com\/shop\/"},{"@type":"ListItem","position":3,"name":"Coque One Piece Avis De Recherche Sabo"}]},{"@type":"WebSite","@id":"https:\/\/boutique-one-piece.com\/#website","url":"https:\/\/boutique-one-piece.com\/","name":"One Piece-butik","description":"Specialbutik f\u00f6r One Piece Manga och Anime","publisher":{"@id":"https:\/\/boutique-one-piece.com\/#organization"},"potentialAction":[{"@type":"SearchAction","target":{"@type":"EntryPoint","urlTemplate":"https:\/\/boutique-one-piece.com\/?s={search_term_string}"},"query-input":{"@type":"PropertyValueSpecification","valueRequired":true,"valueName":"search_term_string"}}],"inLanguage":"sv-SE"},{"@type":"Organization","@id":"https:\/\/boutique-one-piece.com\/#organization","name":"One Piece-butik","url":"https:\/\/boutique-one-piece.com\/","logo":{"@type":"ImageObject","inLanguage":"sv-SE","@id":"https:\/\/boutique-one-piece.com\/#\/schema\/logo\/image\/","url":"https:\/\/boutique-one-piece.com\/wp-content\/uploads\/2022\/09\/Logo-01.png","contentUrl":"https:\/\/boutique-one-piece.com\/wp-content\/uploads\/2022\/09\/Logo-01.png","width":2318,"height":957,"caption":"Boutique One Piece"},"image":{"@id":"https:\/\/boutique-one-piece.com\/#\/schema\/logo\/image\/"}}]}},"_links":{"self":[{"href":"https:\/\/boutique-one-piece.com\/sv\/wp-json\/wp\/v2\/product\/14352","targetHints":{"allow":["GET"]}}],"collection":[{"href":"https:\/\/boutique-one-piece.com\/sv\/wp-json\/wp\/v2\/product"}],"about":[{"href":"https:\/\/boutique-one-piece.com\/sv\/wp-json\/wp\/v2\/types\/product"}],"replies":[{"embeddable":true,"href":"https:\/\/boutique-one-piece.com\/sv\/wp-json\/wp\/v2\/comments?post=14352"}],"wp:featuredmedia":[{"embeddable":true,"href":"https:\/\/boutique-one-piece.com\/sv\/wp-json\/wp\/v2\/media\/14354"}],"wp:attachment":[{"href":"https:\/\/boutique-one-piece.com\/sv\/wp-json\/wp\/v2\/media?parent=14352"}],"wp:term":[{"taxonomy":"product_brand","embeddable":true,"href":"https:\/\/boutique-one-piece.com\/sv\/wp-json\/wp\/v2\/product_brand?post=14352"},{"taxonomy":"product_cat","embeddable":true,"href":"https:\/\/boutique-one-piece.com\/sv\/wp-json\/wp\/v2\/product_cat?post=14352"},{"taxonomy":"product_tag","embeddable":true,"href":"https:\/\/boutique-one-piece.com\/sv\/wp-json\/wp\/v2\/product_tag?post=14352"}],"curies":[{"name":"wp","href":"https:\/\/api.w.org\/{rel}","templated":true}]}}