{"id":14603,"date":"2022-09-27T21:33:15","date_gmt":"2022-09-27T21:33:15","guid":{"rendered":"https:\/\/boutique-one-piece.com\/uncategorized\/mitaine-cute-one-piece-monkey-d-luffy\/"},"modified":"2024-09-16T13:45:08","modified_gmt":"2024-09-16T13:45:08","slug":"sota-vantar-i-ett-stycke-apa-d-luffy","status":"publish","type":"product","link":"https:\/\/boutique-one-piece.com\/sv\/one-piece-tillbehor\/sota-vantar-i-ett-stycke-apa-d-luffy\/","title":{"rendered":"S\u00f6t One Piece Monkey D Luffy-vante"},"content":{"rendered":"<p><span><strong>S\u00e4rskild anv\u00e4ndning:<\/strong> Kostymer<\/span><br \/><span><strong>Artikeltyp:<\/strong> Handskar och vantar<\/span><br \/><span><strong>Avdelningsnamn<\/strong> Vuxen<\/span><br \/><span><strong>K\u00f6n:<\/strong> Unisex<\/span><br \/><span><strong>Karakt\u00e4rer:<\/strong> Luffy<\/span><\/p>","protected":false},"excerpt":{"rendered":"<p>Specialanv\u00e4ndning: KostymerArtikeltyp: Handskar och vantarAvdelningsnamn: VuxenK\u00f6n: UnisexKarakt\u00e4rer: Luffy<\/p>","protected":false},"featured_media":14605,"comment_status":"open","ping_status":"open","template":"","meta":[],"product_brand":[],"product_cat":[409],"product_tag":[],"class_list":{"0":"post-14603","1":"product","2":"type-product","3":"status-publish","4":"has-post-thumbnail","6":"product_cat-accessoires-one-piece","8":"first","9":"instock","10":"purchasable","11":"product-type-simple"},"yoast_head":"<!-- This site is optimized with the Yoast SEO plugin v27.5 - https:\/\/yoast.com\/product\/yoast-seo-wordpress\/ -->\n<title>Mitaine Cute One Piece Monkey D Luffy \u2013 Boutique One Piece<\/title>\n<meta name=\"description\" content=\"Special Use: CostumesItem Type: Gloves &amp; MittensDepartment Name: AdultGender: UnisexCharacters: Luffy\" \/>\n<meta name=\"robots\" content=\"index, follow, max-snippet:-1, max-image-preview:large, max-video-preview:-1\" \/>\n<link rel=\"canonical\" href=\"https:\/\/boutique-one-piece.com\/sv\/one-piece-tillbehor\/sota-vantar-i-ett-stycke-apa-d-luffy\/\" \/>\n<meta property=\"og:locale\" content=\"sv_SE\" \/>\n<meta property=\"og:type\" content=\"article\" \/>\n<meta property=\"og:title\" content=\"Mitaine Cute One Piece Monkey D Luffy \u2013 Boutique One Piece\" \/>\n<meta property=\"og:description\" content=\"Special Use: CostumesItem Type: Gloves &amp; MittensDepartment Name: AdultGender: UnisexCharacters: Luffy\" \/>\n<meta property=\"og:url\" content=\"https:\/\/boutique-one-piece.com\/sv\/one-piece-tillbehor\/sota-vantar-i-ett-stycke-apa-d-luffy\/\" \/>\n<meta property=\"og:site_name\" content=\"Boutique One Piece\" \/>\n<meta property=\"article:modified_time\" content=\"2024-09-16T13:45:08+00:00\" \/>\n<meta property=\"og:image\" content=\"https:\/\/boutique-one-piece.com\/wp-content\/uploads\/2022\/09\/Mitaine-Cute-One-Piece-Monkey-D-Luffy.jpg\" \/>\n\t<meta property=\"og:image:width\" content=\"400\" \/>\n\t<meta property=\"og:image:height\" content=\"400\" \/>\n\t<meta property=\"og:image:type\" content=\"image\/jpeg\" \/>\n<meta name=\"twitter:card\" content=\"summary_large_image\" \/>\n<script type=\"application\/ld+json\" class=\"yoast-schema-graph\">{\"@context\":\"https:\\\/\\\/schema.org\",\"@graph\":[{\"@type\":\"WebPage\",\"@id\":\"https:\\\/\\\/boutique-one-piece.com\\\/accessoires-one-piece\\\/mitaine-cute-one-piece-monkey-d-luffy\\\/\",\"url\":\"https:\\\/\\\/boutique-one-piece.com\\\/accessoires-one-piece\\\/mitaine-cute-one-piece-monkey-d-luffy\\\/\",\"name\":\"Mitaine Cute One Piece Monkey D Luffy \u2013 Boutique One Piece\",\"isPartOf\":{\"@id\":\"https:\\\/\\\/boutique-one-piece.com\\\/#website\"},\"primaryImageOfPage\":{\"@id\":\"https:\\\/\\\/boutique-one-piece.com\\\/accessoires-one-piece\\\/mitaine-cute-one-piece-monkey-d-luffy\\\/#primaryimage\"},\"image\":{\"@id\":\"https:\\\/\\\/boutique-one-piece.com\\\/accessoires-one-piece\\\/mitaine-cute-one-piece-monkey-d-luffy\\\/#primaryimage\"},\"thumbnailUrl\":\"https:\\\/\\\/boutique-one-piece.com\\\/wp-content\\\/uploads\\\/2022\\\/09\\\/Mitaine-Cute-One-Piece-Monkey-D-Luffy.jpg\",\"datePublished\":\"2022-09-27T21:33:15+00:00\",\"dateModified\":\"2024-09-16T13:45:08+00:00\",\"description\":\"Special Use: CostumesItem Type: Gloves & MittensDepartment Name: AdultGender: UnisexCharacters: Luffy\",\"breadcrumb\":{\"@id\":\"https:\\\/\\\/boutique-one-piece.com\\\/accessoires-one-piece\\\/mitaine-cute-one-piece-monkey-d-luffy\\\/#breadcrumb\"},\"inLanguage\":\"sv-SE\",\"potentialAction\":[{\"@type\":\"ReadAction\",\"target\":[\"https:\\\/\\\/boutique-one-piece.com\\\/accessoires-one-piece\\\/mitaine-cute-one-piece-monkey-d-luffy\\\/\"]}]},{\"@type\":\"ImageObject\",\"inLanguage\":\"sv-SE\",\"@id\":\"https:\\\/\\\/boutique-one-piece.com\\\/accessoires-one-piece\\\/mitaine-cute-one-piece-monkey-d-luffy\\\/#primaryimage\",\"url\":\"https:\\\/\\\/boutique-one-piece.com\\\/wp-content\\\/uploads\\\/2022\\\/09\\\/Mitaine-Cute-One-Piece-Monkey-D-Luffy.jpg\",\"contentUrl\":\"https:\\\/\\\/boutique-one-piece.com\\\/wp-content\\\/uploads\\\/2022\\\/09\\\/Mitaine-Cute-One-Piece-Monkey-D-Luffy.jpg\",\"width\":400,\"height\":400,\"caption\":\"Mitaine Cute One Piece Monkey D Luffy Default Title\"},{\"@type\":\"BreadcrumbList\",\"@id\":\"https:\\\/\\\/boutique-one-piece.com\\\/accessoires-one-piece\\\/mitaine-cute-one-piece-monkey-d-luffy\\\/#breadcrumb\",\"itemListElement\":[{\"@type\":\"ListItem\",\"position\":1,\"name\":\"Home\",\"item\":\"https:\\\/\\\/boutique-one-piece.com\\\/\"},{\"@type\":\"ListItem\",\"position\":2,\"name\":\"Shop\",\"item\":\"https:\\\/\\\/boutique-one-piece.com\\\/shop\\\/\"},{\"@type\":\"ListItem\",\"position\":3,\"name\":\"Mitaine Cute One Piece Monkey D Luffy\"}]},{\"@type\":\"WebSite\",\"@id\":\"https:\\\/\\\/boutique-one-piece.com\\\/#website\",\"url\":\"https:\\\/\\\/boutique-one-piece.com\\\/\",\"name\":\"Boutique One Piece\",\"description\":\"Magasin Sp\u00e9cialis\u00e9 du Manga et l&#039;Anime One Piece\",\"publisher\":{\"@id\":\"https:\\\/\\\/boutique-one-piece.com\\\/#organization\"},\"potentialAction\":[{\"@type\":\"SearchAction\",\"target\":{\"@type\":\"EntryPoint\",\"urlTemplate\":\"https:\\\/\\\/boutique-one-piece.com\\\/?s={search_term_string}\"},\"query-input\":{\"@type\":\"PropertyValueSpecification\",\"valueRequired\":true,\"valueName\":\"search_term_string\"}}],\"inLanguage\":\"sv-SE\"},{\"@type\":\"Organization\",\"@id\":\"https:\\\/\\\/boutique-one-piece.com\\\/#organization\",\"name\":\"Boutique One Piece\",\"url\":\"https:\\\/\\\/boutique-one-piece.com\\\/\",\"logo\":{\"@type\":\"ImageObject\",\"inLanguage\":\"sv-SE\",\"@id\":\"https:\\\/\\\/boutique-one-piece.com\\\/#\\\/schema\\\/logo\\\/image\\\/\",\"url\":\"https:\\\/\\\/boutique-one-piece.com\\\/wp-content\\\/uploads\\\/2022\\\/09\\\/Logo-01.png\",\"contentUrl\":\"https:\\\/\\\/boutique-one-piece.com\\\/wp-content\\\/uploads\\\/2022\\\/09\\\/Logo-01.png\",\"width\":2318,\"height\":957,\"caption\":\"Boutique One Piece\"},\"image\":{\"@id\":\"https:\\\/\\\/boutique-one-piece.com\\\/#\\\/schema\\\/logo\\\/image\\\/\"}}]}<\/script>\n<!-- \/ Yoast SEO plugin. -->","yoast_head_json":{"title":"S\u00f6t One Piece-vante Monkey D. Luffy \u2013 One Piece Shop","description":"Specialanv\u00e4ndning: KostymerArtikeltyp: Handskar och vantarAvdelningsnamn: VuxenK\u00f6n: UnisexKarakt\u00e4rer: Luffy","robots":{"index":"index","follow":"follow","max-snippet":"max-snippet:-1","max-image-preview":"max-image-preview:large","max-video-preview":"max-video-preview:-1"},"canonical":"https:\/\/boutique-one-piece.com\/sv\/one-piece-tillbehor\/sota-vantar-i-ett-stycke-apa-d-luffy\/","og_locale":"sv_SE","og_type":"article","og_title":"Mitaine Cute One Piece Monkey D Luffy \u2013 Boutique One Piece","og_description":"Special Use: CostumesItem Type: Gloves & MittensDepartment Name: AdultGender: UnisexCharacters: Luffy","og_url":"https:\/\/boutique-one-piece.com\/sv\/one-piece-tillbehor\/sota-vantar-i-ett-stycke-apa-d-luffy\/","og_site_name":"Boutique One Piece","article_modified_time":"2024-09-16T13:45:08+00:00","og_image":[{"width":400,"height":400,"url":"https:\/\/boutique-one-piece.com\/wp-content\/uploads\/2022\/09\/Mitaine-Cute-One-Piece-Monkey-D-Luffy.jpg","type":"image\/jpeg"}],"twitter_card":"summary_large_image","schema":{"@context":"https:\/\/schema.org","@graph":[{"@type":"WebPage","@id":"https:\/\/boutique-one-piece.com\/accessoires-one-piece\/mitaine-cute-one-piece-monkey-d-luffy\/","url":"https:\/\/boutique-one-piece.com\/accessoires-one-piece\/mitaine-cute-one-piece-monkey-d-luffy\/","name":"S\u00f6t One Piece-vante Monkey D. Luffy \u2013 One Piece Shop","isPartOf":{"@id":"https:\/\/boutique-one-piece.com\/#website"},"primaryImageOfPage":{"@id":"https:\/\/boutique-one-piece.com\/accessoires-one-piece\/mitaine-cute-one-piece-monkey-d-luffy\/#primaryimage"},"image":{"@id":"https:\/\/boutique-one-piece.com\/accessoires-one-piece\/mitaine-cute-one-piece-monkey-d-luffy\/#primaryimage"},"thumbnailUrl":"https:\/\/boutique-one-piece.com\/wp-content\/uploads\/2022\/09\/Mitaine-Cute-One-Piece-Monkey-D-Luffy.jpg","datePublished":"2022-09-27T21:33:15+00:00","dateModified":"2024-09-16T13:45:08+00:00","description":"Specialanv\u00e4ndning: KostymerArtikeltyp: Handskar och vantarAvdelningsnamn: VuxenK\u00f6n: UnisexKarakt\u00e4rer: Luffy","breadcrumb":{"@id":"https:\/\/boutique-one-piece.com\/accessoires-one-piece\/mitaine-cute-one-piece-monkey-d-luffy\/#breadcrumb"},"inLanguage":"sv-SE","potentialAction":[{"@type":"ReadAction","target":["https:\/\/boutique-one-piece.com\/accessoires-one-piece\/mitaine-cute-one-piece-monkey-d-luffy\/"]}]},{"@type":"ImageObject","inLanguage":"sv-SE","@id":"https:\/\/boutique-one-piece.com\/accessoires-one-piece\/mitaine-cute-one-piece-monkey-d-luffy\/#primaryimage","url":"https:\/\/boutique-one-piece.com\/wp-content\/uploads\/2022\/09\/Mitaine-Cute-One-Piece-Monkey-D-Luffy.jpg","contentUrl":"https:\/\/boutique-one-piece.com\/wp-content\/uploads\/2022\/09\/Mitaine-Cute-One-Piece-Monkey-D-Luffy.jpg","width":400,"height":400,"caption":"Mitaine Cute One Piece Monkey D Luffy Default Title"},{"@type":"BreadcrumbList","@id":"https:\/\/boutique-one-piece.com\/accessoires-one-piece\/mitaine-cute-one-piece-monkey-d-luffy\/#breadcrumb","itemListElement":[{"@type":"ListItem","position":1,"name":"Home","item":"https:\/\/boutique-one-piece.com\/"},{"@type":"ListItem","position":2,"name":"Shop","item":"https:\/\/boutique-one-piece.com\/shop\/"},{"@type":"ListItem","position":3,"name":"Mitaine Cute One Piece Monkey D Luffy"}]},{"@type":"WebSite","@id":"https:\/\/boutique-one-piece.com\/#website","url":"https:\/\/boutique-one-piece.com\/","name":"One Piece-butik","description":"Specialbutik f\u00f6r One Piece Manga och Anime","publisher":{"@id":"https:\/\/boutique-one-piece.com\/#organization"},"potentialAction":[{"@type":"SearchAction","target":{"@type":"EntryPoint","urlTemplate":"https:\/\/boutique-one-piece.com\/?s={search_term_string}"},"query-input":{"@type":"PropertyValueSpecification","valueRequired":true,"valueName":"search_term_string"}}],"inLanguage":"sv-SE"},{"@type":"Organization","@id":"https:\/\/boutique-one-piece.com\/#organization","name":"One Piece-butik","url":"https:\/\/boutique-one-piece.com\/","logo":{"@type":"ImageObject","inLanguage":"sv-SE","@id":"https:\/\/boutique-one-piece.com\/#\/schema\/logo\/image\/","url":"https:\/\/boutique-one-piece.com\/wp-content\/uploads\/2022\/09\/Logo-01.png","contentUrl":"https:\/\/boutique-one-piece.com\/wp-content\/uploads\/2022\/09\/Logo-01.png","width":2318,"height":957,"caption":"Boutique One Piece"},"image":{"@id":"https:\/\/boutique-one-piece.com\/#\/schema\/logo\/image\/"}}]}},"_links":{"self":[{"href":"https:\/\/boutique-one-piece.com\/sv\/wp-json\/wp\/v2\/product\/14603","targetHints":{"allow":["GET"]}}],"collection":[{"href":"https:\/\/boutique-one-piece.com\/sv\/wp-json\/wp\/v2\/product"}],"about":[{"href":"https:\/\/boutique-one-piece.com\/sv\/wp-json\/wp\/v2\/types\/product"}],"replies":[{"embeddable":true,"href":"https:\/\/boutique-one-piece.com\/sv\/wp-json\/wp\/v2\/comments?post=14603"}],"wp:featuredmedia":[{"embeddable":true,"href":"https:\/\/boutique-one-piece.com\/sv\/wp-json\/wp\/v2\/media\/14605"}],"wp:attachment":[{"href":"https:\/\/boutique-one-piece.com\/sv\/wp-json\/wp\/v2\/media?parent=14603"}],"wp:term":[{"taxonomy":"product_brand","embeddable":true,"href":"https:\/\/boutique-one-piece.com\/sv\/wp-json\/wp\/v2\/product_brand?post=14603"},{"taxonomy":"product_cat","embeddable":true,"href":"https:\/\/boutique-one-piece.com\/sv\/wp-json\/wp\/v2\/product_cat?post=14603"},{"taxonomy":"product_tag","embeddable":true,"href":"https:\/\/boutique-one-piece.com\/sv\/wp-json\/wp\/v2\/product_tag?post=14603"}],"curies":[{"name":"wp","href":"https:\/\/api.w.org\/{rel}","templated":true}]}}