{"id":14668,"date":"2022-09-27T21:33:37","date_gmt":"2022-09-27T21:33:37","guid":{"rendered":"https:\/\/boutique-one-piece.com\/uncategorized\/bomber-one-piece-logo-law\/"},"modified":"2024-12-13T07:49:18","modified_gmt":"2024-12-13T07:49:18","slug":"one-piece-bomberjacka-med-logotyp","status":"publish","type":"product","link":"https:\/\/boutique-one-piece.com\/sv\/one-piece-klader\/bomber-i-ett-stycke\/one-piece-bomberjacka-med-logotyp\/","title":{"rendered":"One Piece-logotyp Law Bomber"},"content":{"rendered":"<h2><b>Gr\u00f6n bomberjacka<span>\u00a0<\/span>One Piece med Trafalgar D. Water Law av mycket h\u00f6g kvalitet: G\u00e5 med i Hj\u00e4rtpiraterna och bli en pirat av lagen!<\/b><\/h2>\n<p>Om du \u00e4r en\u00a0<strong>riktig pirat<\/strong>, Du kommer att uppskatta\u00a0<strong>kvalitet<\/strong>\u00a0tyg och\u00a0<strong>3D-canvasutskrift<\/strong>\u00a0av detta<span>\u00a0<\/span><strong>One Piece-jacka<\/strong>\u00a0Men viktigast av allt, med detta<span>\u00a0<\/span><strong>tryckt bomberjacka<\/strong>\u00a0det \u00e4r f\u00f6r att du kommer att vara en del av\u00a0<strong>fanteamet<\/strong>\u00a0av\u00a0<strong>piratmanga<\/strong>\u00a0och du kommer att f\u00e5:<\/p>\n<ul>\n<li>\u00a0<strong>Beundran<\/strong>\u00a0av alla fans av<span>\u00a0<\/span><strong>v\u00e4rldsalltet<\/strong><span>\u00a0<\/span>av<span>\u00a0<\/span><strong>licens<\/strong><span>\u00a0<\/span>av<span>\u00a0<\/span><strong>manga<\/strong>\u00a0som du kommer att st\u00f6ta p\u00e5<\/li>\n<\/ul>\n<ul>\n<li>En riktig<span>\u00a0<\/span><b>jacka<\/b>\u00a0med vilket du kan\u00a0<strong>dela<\/strong><span>\u00a0<\/span>din<span>\u00a0<\/span><strong>passion<\/strong><span>\u00a0<\/span>F\u00f6r<span>\u00a0<\/span><strong>Ett stycke<\/strong>\n<\/li>\n<\/ul>\n<p>S\u00e5, redo att b\u00e4ra\u00a0<strong>f\u00e4rger\u00a0<\/strong>av<b>\u00a0<\/b>din<b><span>\u00a0<\/span>favoritmanga<\/b>\u00a0?<\/p>\n<h2>\u00c4r du ett fan av One Piece manga eller anime? Visa upp det med denna One Piece bomberjacka!<\/h2>\n<p>Om du\u00a0<strong>l\u00e4sa<\/strong>\u00a0eller vart du \u00e4n tittar\u00a0<span>\u00a0<\/span><strong>Japansk anime<\/strong>, Det finns en god chans att du har blivit\u00a0<strong>galen i One Piece<\/strong>\u00a0Med detta\u00a0<strong>One Piece Logo Law Jacka<\/strong>, g\u00e5 med i\u2019<strong>en grupp fans av franchisen<\/strong><\/p>\n<p>Detta<strong><\/strong>alla<span>\u00a0<\/span><strong>gr\u00f6n bomberjacka<\/strong>\u00a0finns i storlekar\u00a0<strong>XS<\/strong>,\u00a0<strong>S<\/strong>,<strong>\u00a0M<\/strong>,<strong>\u00a0L<\/strong>,\u00a0<strong>XL<\/strong>,\u00a0<strong>XXL<\/strong>,<span>\u00a0<\/span><strong>3XL<\/strong>,<span>\u00a0<\/span><strong>4XL<\/strong>, Det passar alla kategorier av pirater.,<span>\u00a0<\/span><strong>man<\/strong>\u00a0Eller<span>\u00a0<\/span><strong>kvinnor<\/strong>, \u00e4ven om du inte har\u00a0<strong>sv\u00e4rd<\/strong>\u00a0eller\u00a0<strong>dj\u00e4vulens frukt<\/strong>\u00a0Du kan fortfarande b\u00e4ra den med stolthet.<\/p>\n<h2>Information om bombplanet:\u00a0<\/h2>\n<ul><\/ul>\n<ul><\/ul>\n<ul>\n<li>\n<strong>H\u00f6gkvalitativ bomberjacka i One Piece\u00a0<\/strong><span>:\u00a0<\/span>Den har en h\u00f6g pappersvikt och \u00e4r tillverkad av kvalitetsmaterial.<\/li>\n<\/ul>\n<ul>\n<li><span><strong>Bomullsfoder<\/strong>\u00a0Bomberjacka med bomullsfoder, bra skydd mot kyla<\/span><\/li>\n<\/ul>\n<ul>\n<li><span><strong>Streetwear-stil\u00a0<\/strong>Tack vare sin &quot;aviator&quot;-sk\u00e4rning ger bomberjackan en avslappnad look<\/span><\/li>\n<\/ul>\n<ul>\n<li>\n<strong>Mycket bekv\u00e4m<span>\u00a0<\/span><\/strong>Med dessa supermjuka bomulls- och polyesterfibrer finns det inget skav.<\/li>\n<\/ul>\n<ul>\n<li><span>3D digitalutskrift, originell design<\/span><\/li>\n<\/ul>\n<ul>\n<li><span><b>Bomull<\/b><strong>\u00a0organisk\u00a0<\/strong>H\u00f6gkvalitativ bomull med extra l\u00e5nga fibrer<\/span><\/li>\n<\/ul>\n<ul>\n<li><span><strong>Fri leverans\u00a0<\/strong>f\u00f6r alla k\u00f6p<strong>\u00a0<\/strong><\/span><\/li>\n<\/ul>\n<p><strong>Gl\u00f6m inte att ta en titt p\u00e5 storleksguiden nedan.<\/strong><\/p>\n<h2><img decoding=\"async\" src=\"https:\/\/cdn.shopify.com\/s\/files\/1\/0087\/7556\/5348\/files\/boutque_one__piece_tableau_taille_veste_bombers_large.jpg?v=1559998400\" alt=\"Storleksguide f\u00f6r One Piece bomberjacka\"><\/h2>\n<h3>Tv\u00e4ttinstruktioner f\u00f6r bomberjacka i ett stycke:<\/h3>\n<ul>\n<li>Maskintv\u00e4tt 30\u00b0C, skonsam tv\u00e4tt<\/li>\n<\/ul>\n<ul>\n<li>Stryk p\u00e5 baksidan<\/li>\n<\/ul>\n<p>F\u00f6r<span>\u00a0<\/span><strong>bevara kvaliteten<\/strong><span>\u00a0<\/span>av detta<span>\u00a0<\/span><strong>Bomberjacka i ett stycke<\/strong>, rekommenderar vi att du<span>\u00a0<\/span><strong>respektera<\/strong><span>\u00a0<\/span>DE<span>\u00a0<\/span><strong>tv\u00e4ttinstruktioner<\/strong>.<\/p>","protected":false},"excerpt":{"rendered":"<p>H\u00f6gkvalitativ gr\u00f6n bomberjacka i ett stycke med Trafalgar D. Water Law: G\u00e5 med i Heart Pirates och bli en pirat av Law! Om du \u00e4r en sann pirat kommer du att uppskatta tygets kvalitet och 3D-canvastrycket p\u00e5 denna One Piece-jacka! Men viktigast av allt, med denna tryckta bomberjacka blir du en del av fanskaran av piratmangan och du kommer att f\u00e5: Beundran av [\u2026]<\/p>","protected":false},"featured_media":14670,"comment_status":"open","ping_status":"open","template":"","meta":[],"product_brand":[],"product_cat":[697,15],"product_tag":[348,202,182],"class_list":{"0":"post-14668","1":"product","2":"type-product","3":"status-publish","4":"has-post-thumbnail","6":"product_cat-bomber-one-piece","7":"product_cat-manga-one-piece","8":"product_tag-bomber","9":"product_tag-law","10":"product_tag-logo","12":"first","13":"outofstock","14":"purchasable","15":"product-type-variable","16":"has-default-attributes"},"yoast_head":"<!-- This site is optimized with the Yoast SEO plugin v27.5 - https:\/\/yoast.com\/product\/yoast-seo-wordpress\/ -->\n<title>Bomber One Piece Logo Law | Boutique One Piece<\/title>\n<meta name=\"description\" content=\"Veste Bomber Vert One Piece avec Trafalgar D. Water Law de Tr\u00e8s Haute Qualit\u00e9 Rejoins l&#039;\u00c9quipage du Heart de Deviens un Pirate de Law, de la g\u00e9n\u00e9ration t\u00e9rrible\" \/>\n<meta name=\"robots\" content=\"index, follow, max-snippet:-1, max-image-preview:large, max-video-preview:-1\" \/>\n<link rel=\"canonical\" href=\"https:\/\/boutique-one-piece.com\/sv\/one-piece-klader\/bomber-i-ett-stycke\/one-piece-bomberjacka-med-logotyp\/\" \/>\n<meta property=\"og:locale\" content=\"sv_SE\" \/>\n<meta property=\"og:type\" content=\"article\" \/>\n<meta property=\"og:title\" content=\"Bomber One Piece Logo Law | Boutique One Piece\" \/>\n<meta property=\"og:description\" content=\"Veste Bomber Vert One Piece avec Trafalgar D. Water Law de Tr\u00e8s Haute Qualit\u00e9 Rejoins l&#039;\u00c9quipage du Heart de Deviens un Pirate de Law, de la g\u00e9n\u00e9ration t\u00e9rrible\" \/>\n<meta property=\"og:url\" content=\"https:\/\/boutique-one-piece.com\/sv\/one-piece-klader\/bomber-i-ett-stycke\/one-piece-bomberjacka-med-logotyp\/\" \/>\n<meta property=\"og:site_name\" content=\"Boutique One Piece\" \/>\n<meta property=\"article:modified_time\" content=\"2024-12-13T07:49:18+00:00\" \/>\n<meta property=\"og:image\" content=\"https:\/\/boutique-one-piece.com\/wp-content\/uploads\/2022\/09\/Bomber-One-Piece-Logo-Law.jpg\" \/>\n\t<meta property=\"og:image:width\" content=\"600\" \/>\n\t<meta property=\"og:image:height\" content=\"600\" \/>\n\t<meta property=\"og:image:type\" content=\"image\/jpeg\" \/>\n<meta name=\"twitter:card\" content=\"summary_large_image\" \/>\n<meta name=\"twitter:label1\" content=\"Ber\u00e4knad l\u00e4stid\" \/>\n\t<meta name=\"twitter:data1\" content=\"2 minuter\" \/>\n<script type=\"application\/ld+json\" class=\"yoast-schema-graph\">{\"@context\":\"https:\\\/\\\/schema.org\",\"@graph\":[{\"@type\":\"WebPage\",\"@id\":\"https:\\\/\\\/boutique-one-piece.com\\\/vetements-one-piece\\\/bomber-one-piece\\\/bomber-one-piece-logo-law\\\/\",\"url\":\"https:\\\/\\\/boutique-one-piece.com\\\/vetements-one-piece\\\/bomber-one-piece\\\/bomber-one-piece-logo-law\\\/\",\"name\":\"Bomber One Piece Logo Law | Boutique One Piece\",\"isPartOf\":{\"@id\":\"https:\\\/\\\/boutique-one-piece.com\\\/#website\"},\"primaryImageOfPage\":{\"@id\":\"https:\\\/\\\/boutique-one-piece.com\\\/vetements-one-piece\\\/bomber-one-piece\\\/bomber-one-piece-logo-law\\\/#primaryimage\"},\"image\":{\"@id\":\"https:\\\/\\\/boutique-one-piece.com\\\/vetements-one-piece\\\/bomber-one-piece\\\/bomber-one-piece-logo-law\\\/#primaryimage\"},\"thumbnailUrl\":\"https:\\\/\\\/boutique-one-piece.com\\\/wp-content\\\/uploads\\\/2022\\\/09\\\/Bomber-One-Piece-Logo-Law.jpg\",\"datePublished\":\"2022-09-27T21:33:37+00:00\",\"dateModified\":\"2024-12-13T07:49:18+00:00\",\"description\":\"Veste Bomber Vert One Piece avec Trafalgar D. Water Law de Tr\u00e8s Haute Qualit\u00e9 Rejoins l'\u00c9quipage du Heart de Deviens un Pirate de Law, de la g\u00e9n\u00e9ration t\u00e9rrible\",\"breadcrumb\":{\"@id\":\"https:\\\/\\\/boutique-one-piece.com\\\/vetements-one-piece\\\/bomber-one-piece\\\/bomber-one-piece-logo-law\\\/#breadcrumb\"},\"inLanguage\":\"sv-SE\",\"potentialAction\":[{\"@type\":\"ReadAction\",\"target\":[\"https:\\\/\\\/boutique-one-piece.com\\\/vetements-one-piece\\\/bomber-one-piece\\\/bomber-one-piece-logo-law\\\/\"]}]},{\"@type\":\"ImageObject\",\"inLanguage\":\"sv-SE\",\"@id\":\"https:\\\/\\\/boutique-one-piece.com\\\/vetements-one-piece\\\/bomber-one-piece\\\/bomber-one-piece-logo-law\\\/#primaryimage\",\"url\":\"https:\\\/\\\/boutique-one-piece.com\\\/wp-content\\\/uploads\\\/2022\\\/09\\\/Bomber-One-Piece-Logo-Law.jpg\",\"contentUrl\":\"https:\\\/\\\/boutique-one-piece.com\\\/wp-content\\\/uploads\\\/2022\\\/09\\\/Bomber-One-Piece-Logo-Law.jpg\",\"width\":600,\"height\":600,\"caption\":\"Bomber One Piece Logo Law 4xl\"},{\"@type\":\"BreadcrumbList\",\"@id\":\"https:\\\/\\\/boutique-one-piece.com\\\/vetements-one-piece\\\/bomber-one-piece\\\/bomber-one-piece-logo-law\\\/#breadcrumb\",\"itemListElement\":[{\"@type\":\"ListItem\",\"position\":1,\"name\":\"Home\",\"item\":\"https:\\\/\\\/boutique-one-piece.com\\\/\"},{\"@type\":\"ListItem\",\"position\":2,\"name\":\"Shop\",\"item\":\"https:\\\/\\\/boutique-one-piece.com\\\/shop\\\/\"},{\"@type\":\"ListItem\",\"position\":3,\"name\":\"Bomber One Piece Logo Law\"}]},{\"@type\":\"WebSite\",\"@id\":\"https:\\\/\\\/boutique-one-piece.com\\\/#website\",\"url\":\"https:\\\/\\\/boutique-one-piece.com\\\/\",\"name\":\"Boutique One Piece\",\"description\":\"Magasin Sp\u00e9cialis\u00e9 du Manga et l&#039;Anime One Piece\",\"publisher\":{\"@id\":\"https:\\\/\\\/boutique-one-piece.com\\\/#organization\"},\"potentialAction\":[{\"@type\":\"SearchAction\",\"target\":{\"@type\":\"EntryPoint\",\"urlTemplate\":\"https:\\\/\\\/boutique-one-piece.com\\\/?s={search_term_string}\"},\"query-input\":{\"@type\":\"PropertyValueSpecification\",\"valueRequired\":true,\"valueName\":\"search_term_string\"}}],\"inLanguage\":\"sv-SE\"},{\"@type\":\"Organization\",\"@id\":\"https:\\\/\\\/boutique-one-piece.com\\\/#organization\",\"name\":\"Boutique One Piece\",\"url\":\"https:\\\/\\\/boutique-one-piece.com\\\/\",\"logo\":{\"@type\":\"ImageObject\",\"inLanguage\":\"sv-SE\",\"@id\":\"https:\\\/\\\/boutique-one-piece.com\\\/#\\\/schema\\\/logo\\\/image\\\/\",\"url\":\"https:\\\/\\\/boutique-one-piece.com\\\/wp-content\\\/uploads\\\/2022\\\/09\\\/Logo-01.png\",\"contentUrl\":\"https:\\\/\\\/boutique-one-piece.com\\\/wp-content\\\/uploads\\\/2022\\\/09\\\/Logo-01.png\",\"width\":2318,\"height\":957,\"caption\":\"Boutique One Piece\"},\"image\":{\"@id\":\"https:\\\/\\\/boutique-one-piece.com\\\/#\\\/schema\\\/logo\\\/image\\\/\"}}]}<\/script>\n<!-- \/ Yoast SEO plugin. -->","yoast_head_json":{"title":"One Piece Logo Law Bomberjacka | One Piece Shop","description":"One Piece Gr\u00f6n Bomberjacka med Trafalgar D. Water Law - Mycket H\u00f6g Kvalitet - G\u00e5 med i Hj\u00e4rtpiraterna och Bli en Pirat i Laws V\u00e4rsta Generation","robots":{"index":"index","follow":"follow","max-snippet":"max-snippet:-1","max-image-preview":"max-image-preview:large","max-video-preview":"max-video-preview:-1"},"canonical":"https:\/\/boutique-one-piece.com\/sv\/one-piece-klader\/bomber-i-ett-stycke\/one-piece-bomberjacka-med-logotyp\/","og_locale":"sv_SE","og_type":"article","og_title":"Bomber One Piece Logo Law | Boutique One Piece","og_description":"Veste Bomber Vert One Piece avec Trafalgar D. Water Law de Tr\u00e8s Haute Qualit\u00e9 Rejoins l'\u00c9quipage du Heart de Deviens un Pirate de Law, de la g\u00e9n\u00e9ration t\u00e9rrible","og_url":"https:\/\/boutique-one-piece.com\/sv\/one-piece-klader\/bomber-i-ett-stycke\/one-piece-bomberjacka-med-logotyp\/","og_site_name":"Boutique One Piece","article_modified_time":"2024-12-13T07:49:18+00:00","og_image":[{"width":600,"height":600,"url":"https:\/\/boutique-one-piece.com\/wp-content\/uploads\/2022\/09\/Bomber-One-Piece-Logo-Law.jpg","type":"image\/jpeg"}],"twitter_card":"summary_large_image","twitter_misc":{"Ber\u00e4knad l\u00e4stid":"2 minuter"},"schema":{"@context":"https:\/\/schema.org","@graph":[{"@type":"WebPage","@id":"https:\/\/boutique-one-piece.com\/vetements-one-piece\/bomber-one-piece\/bomber-one-piece-logo-law\/","url":"https:\/\/boutique-one-piece.com\/vetements-one-piece\/bomber-one-piece\/bomber-one-piece-logo-law\/","name":"One Piece Logo Law Bomberjacka | One Piece Shop","isPartOf":{"@id":"https:\/\/boutique-one-piece.com\/#website"},"primaryImageOfPage":{"@id":"https:\/\/boutique-one-piece.com\/vetements-one-piece\/bomber-one-piece\/bomber-one-piece-logo-law\/#primaryimage"},"image":{"@id":"https:\/\/boutique-one-piece.com\/vetements-one-piece\/bomber-one-piece\/bomber-one-piece-logo-law\/#primaryimage"},"thumbnailUrl":"https:\/\/boutique-one-piece.com\/wp-content\/uploads\/2022\/09\/Bomber-One-Piece-Logo-Law.jpg","datePublished":"2022-09-27T21:33:37+00:00","dateModified":"2024-12-13T07:49:18+00:00","description":"One Piece Gr\u00f6n Bomberjacka med Trafalgar D. Water Law - Mycket H\u00f6g Kvalitet - G\u00e5 med i Hj\u00e4rtpiraterna och Bli en Pirat i Laws V\u00e4rsta Generation","breadcrumb":{"@id":"https:\/\/boutique-one-piece.com\/vetements-one-piece\/bomber-one-piece\/bomber-one-piece-logo-law\/#breadcrumb"},"inLanguage":"sv-SE","potentialAction":[{"@type":"ReadAction","target":["https:\/\/boutique-one-piece.com\/vetements-one-piece\/bomber-one-piece\/bomber-one-piece-logo-law\/"]}]},{"@type":"ImageObject","inLanguage":"sv-SE","@id":"https:\/\/boutique-one-piece.com\/vetements-one-piece\/bomber-one-piece\/bomber-one-piece-logo-law\/#primaryimage","url":"https:\/\/boutique-one-piece.com\/wp-content\/uploads\/2022\/09\/Bomber-One-Piece-Logo-Law.jpg","contentUrl":"https:\/\/boutique-one-piece.com\/wp-content\/uploads\/2022\/09\/Bomber-One-Piece-Logo-Law.jpg","width":600,"height":600,"caption":"Bomber One Piece Logo Law 4xl"},{"@type":"BreadcrumbList","@id":"https:\/\/boutique-one-piece.com\/vetements-one-piece\/bomber-one-piece\/bomber-one-piece-logo-law\/#breadcrumb","itemListElement":[{"@type":"ListItem","position":1,"name":"Home","item":"https:\/\/boutique-one-piece.com\/"},{"@type":"ListItem","position":2,"name":"Shop","item":"https:\/\/boutique-one-piece.com\/shop\/"},{"@type":"ListItem","position":3,"name":"Bomber One Piece Logo Law"}]},{"@type":"WebSite","@id":"https:\/\/boutique-one-piece.com\/#website","url":"https:\/\/boutique-one-piece.com\/","name":"One Piece-butik","description":"Specialbutik f\u00f6r One Piece Manga och Anime","publisher":{"@id":"https:\/\/boutique-one-piece.com\/#organization"},"potentialAction":[{"@type":"SearchAction","target":{"@type":"EntryPoint","urlTemplate":"https:\/\/boutique-one-piece.com\/?s={search_term_string}"},"query-input":{"@type":"PropertyValueSpecification","valueRequired":true,"valueName":"search_term_string"}}],"inLanguage":"sv-SE"},{"@type":"Organization","@id":"https:\/\/boutique-one-piece.com\/#organization","name":"One Piece-butik","url":"https:\/\/boutique-one-piece.com\/","logo":{"@type":"ImageObject","inLanguage":"sv-SE","@id":"https:\/\/boutique-one-piece.com\/#\/schema\/logo\/image\/","url":"https:\/\/boutique-one-piece.com\/wp-content\/uploads\/2022\/09\/Logo-01.png","contentUrl":"https:\/\/boutique-one-piece.com\/wp-content\/uploads\/2022\/09\/Logo-01.png","width":2318,"height":957,"caption":"Boutique One Piece"},"image":{"@id":"https:\/\/boutique-one-piece.com\/#\/schema\/logo\/image\/"}}]}},"_links":{"self":[{"href":"https:\/\/boutique-one-piece.com\/sv\/wp-json\/wp\/v2\/product\/14668","targetHints":{"allow":["GET"]}}],"collection":[{"href":"https:\/\/boutique-one-piece.com\/sv\/wp-json\/wp\/v2\/product"}],"about":[{"href":"https:\/\/boutique-one-piece.com\/sv\/wp-json\/wp\/v2\/types\/product"}],"replies":[{"embeddable":true,"href":"https:\/\/boutique-one-piece.com\/sv\/wp-json\/wp\/v2\/comments?post=14668"}],"wp:featuredmedia":[{"embeddable":true,"href":"https:\/\/boutique-one-piece.com\/sv\/wp-json\/wp\/v2\/media\/14670"}],"wp:attachment":[{"href":"https:\/\/boutique-one-piece.com\/sv\/wp-json\/wp\/v2\/media?parent=14668"}],"wp:term":[{"taxonomy":"product_brand","embeddable":true,"href":"https:\/\/boutique-one-piece.com\/sv\/wp-json\/wp\/v2\/product_brand?post=14668"},{"taxonomy":"product_cat","embeddable":true,"href":"https:\/\/boutique-one-piece.com\/sv\/wp-json\/wp\/v2\/product_cat?post=14668"},{"taxonomy":"product_tag","embeddable":true,"href":"https:\/\/boutique-one-piece.com\/sv\/wp-json\/wp\/v2\/product_tag?post=14668"}],"curies":[{"name":"wp","href":"https:\/\/api.w.org\/{rel}","templated":true}]}}