{"id":15215,"date":"2022-09-27T21:37:02","date_gmt":"2022-09-27T21:37:02","guid":{"rendered":"https:\/\/boutique-one-piece.com\/uncategorized\/figurine-one-piece-dead-or-alive-mugiwara-no-luffy-et-sa-cicatrice-2\/"},"modified":"2024-09-16T14:03:17","modified_gmt":"2024-09-16T14:03:17","slug":"one-piece-dead-or-alive-figuren-mugiwara-fran-luffy-och-hans-arr-2","status":"publish","type":"product","link":"https:\/\/boutique-one-piece.com\/sv\/one-piece-figurer\/monkey-d-luffy-figurer\/one-piece-dead-or-alive-figuren-mugiwara-fran-luffy-och-hans-arr-2\/","title":{"rendered":"One Piece Dead or Alive-figur Mugiwara utan Luffy och hans \u00e4rr"},"content":{"rendered":"<h2>Unge pirat, det \u00e4r dags f\u00f6r dig att skaffa den h\u00e4r One Piece Dead or Alive Mugiwara No Luffy-figuren och hans \u00e4rr.<\/h2>\n<p>Som en p\u00e5minnelse, i avsnitt 320 placerade V\u00e4rldsregeringen bel\u00f6ningar p\u00e5 Straw Hat-bes\u00e4ttningen. Den totala bel\u00f6ningen uppg\u00e5r till 600 000 050 b\u00e4r. <strong>Apa D. Luffy<\/strong> uppg\u00e5r till 300 000 000 b\u00e4r. Ang\u00e5ende Monkey D. Luffys \u00e4rr, h\u00e4r \u00e4r vad du beh\u00f6ver veta; ;<strong> Luffy har tv\u00e5 \u00e4rr<\/strong> en under hans v\u00e4nstra \u00f6ga, som han gav sig sj\u00e4lv med en kniv n\u00e4r han f\u00f6rs\u00f6kte bevisa sitt mod f\u00f6r Shanks och hans bes\u00e4ttning n\u00e4r han var barn, och en p\u00e5 hans torso, som var resultatet av en strid med amiral Akainu.<\/p>\n<p>Denna amiral genomborrade faktiskt Jinbe och Luffy med en magmakn\u00e4ve, varav mycket lyckligtvis absorberades av Jinbe. Efter denna attack skadades Luffy allvarligt av Akainu, vilket l\u00e4mnade honom med ett enormt X-format \u00e4rr p\u00e5 br\u00f6stet. F\u00f6rresten, du kan ut\u00f6ka din figursamling med... <a title=\"ONE PIECE DEAD OR ALIVE ZORO NEW WORLD-FIGUR\" href=\"https:\/\/boutique-one-piece.fr\/products\/figurine-one-piece-dead-or-alive-%20zoro-nouveau-monde\" target=\"_blank\" rel=\"noopener\">den d\u00e4r Zoro-figuren och dess prislapp<\/a>.<\/p>\n<h3>S\u00e5, \u00e4r du fascinerad av &quot;D\u00f6d eller Levande&quot; Monkey D. Luffy-figuren? Tveka inte l\u00e4ngre och g\u00e5 med i Luffys Straw Hat-g\u00e4ng.<\/h3>\n<p>Oavsett om du \u00e4r ett inbitet fan eller en erfaren samlare, \u00e4r dessa f\u00f6rem\u00e5l definitivt n\u00e5got f\u00f6r dig. Perfekta att ge bort, dekorera eller samla, dessa f\u00f6rem\u00e5l kommer att f\u00f6rb\u00e4ttra din samling. <strong>ditt One Piece-universum<\/strong>. Ta ditt \u00f6de i dina egna h\u00e4nder. <strong>ung pirat<\/strong>, Tiden \u00e4r inne f\u00f6r dig att ge dig ut p\u00e5 Thousand Sunny. M\u00e5nga \u00e4ventyr v\u00e4ntar dig d\u00e4r.<\/p>\n<h2>Information om figuren Alive Mugiwara No Luffy och hans \u00e4rr\u00a0<\/h2>\n<ul>\n<li><span><b><u>One Piece-figur<\/u><\/b>\u00a0Premium One Piece-figur f\u00f6r riktiga pirater<\/span><\/li>\n<\/ul>\n<ul>\n<li>\n<b>Materia<\/b><span>\u00a0<\/span>PVC<\/li>\n<\/ul>\n<ul>\n<li><span><strong>Dimensionera<\/strong>\u00a0: 12 cm<\/span><\/li>\n<\/ul>\n<ul>\n<li><span><strong>FRI LEVERANS<\/strong><\/span><\/li>\n<\/ul>","protected":false},"excerpt":{"rendered":"<p>Unge pirat, det \u00e4r dags f\u00f6r dig att f\u00e5 tag p\u00e5 denna One Piece Dead or Alive Mugiwara No Luffy and His Scar-figur. Som en p\u00e5minnelse, i avsnitt 320 placerade v\u00e4rldsregeringen bel\u00f6ningar p\u00e5 Straw Hat-bes\u00e4ttningen. Den totala bel\u00f6ningen uppg\u00e5r till 600 000 [\u2026]<\/p>","protected":false},"featured_media":12540,"comment_status":"open","ping_status":"open","template":"","meta":[],"product_brand":[],"product_cat":[181],"product_tag":[92],"class_list":{"0":"post-15215","1":"product","2":"type-product","3":"status-publish","4":"has-post-thumbnail","6":"product_cat-figurines-monkey-d-luffy","7":"product_tag-luffy","9":"first","10":"instock","11":"purchasable","12":"product-type-simple"},"yoast_head":"<!-- This site is optimized with the Yoast SEO plugin v27.5 - https:\/\/yoast.com\/product\/yoast-seo-wordpress\/ -->\n<title>Figurine One Piece Dead or Alive Mugiwara No Luffy Et Sa Cicatrice | Figurine One Piece \u2013 Boutique One Piece<\/title>\n<meta name=\"description\" content=\"Jeune pirate, le moment est venu pour toi de te procurer cette Figurine One Piece Dead or Alive Mugiwara No Luffy Et Sa Cicatrice. Pour rappel, lors de l&#039;\u00e9pisode 320, le Gouvernement mondial a mis sur la t\u00eate de l&#039;\u00e9quipage du Chapeau de Paille des primes. Le total de cette prime s&#039;\u00e9l\u00e8ve \u00e0 600 000 050 Berrys. Celle de M\" \/>\n<meta name=\"robots\" content=\"index, follow, max-snippet:-1, max-image-preview:large, max-video-preview:-1\" \/>\n<link rel=\"canonical\" href=\"https:\/\/boutique-one-piece.com\/sv\/one-piece-figurer\/monkey-d-luffy-figurer\/one-piece-dead-or-alive-figuren-mugiwara-fran-luffy-och-hans-arr-2\/\" \/>\n<meta property=\"og:locale\" content=\"sv_SE\" \/>\n<meta property=\"og:type\" content=\"article\" \/>\n<meta property=\"og:title\" content=\"Figurine One Piece Dead or Alive Mugiwara No Luffy Et Sa Cicatrice | Figurine One Piece \u2013 Boutique One Piece\" \/>\n<meta property=\"og:description\" content=\"Jeune pirate, le moment est venu pour toi de te procurer cette Figurine One Piece Dead or Alive Mugiwara No Luffy Et Sa Cicatrice. Pour rappel, lors de l&#039;\u00e9pisode 320, le Gouvernement mondial a mis sur la t\u00eate de l&#039;\u00e9quipage du Chapeau de Paille des primes. Le total de cette prime s&#039;\u00e9l\u00e8ve \u00e0 600 000 050 Berrys. Celle de M\" \/>\n<meta property=\"og:url\" content=\"https:\/\/boutique-one-piece.com\/sv\/one-piece-figurer\/monkey-d-luffy-figurer\/one-piece-dead-or-alive-figuren-mugiwara-fran-luffy-och-hans-arr-2\/\" \/>\n<meta property=\"og:site_name\" content=\"Boutique One Piece\" \/>\n<meta property=\"article:modified_time\" content=\"2024-09-16T14:03:17+00:00\" \/>\n<meta property=\"og:image\" content=\"https:\/\/boutique-one-piece.com\/wp-content\/uploads\/2022\/09\/Figurine-One-Piece-Dead-or-Alive-Mugiwara-No-Luffy-Et-Sa-Cicatrice.jpg\" \/>\n\t<meta property=\"og:image:width\" content=\"640\" \/>\n\t<meta property=\"og:image:height\" content=\"640\" \/>\n\t<meta property=\"og:image:type\" content=\"image\/jpeg\" \/>\n<meta name=\"twitter:card\" content=\"summary_large_image\" \/>\n<meta name=\"twitter:label1\" content=\"Ber\u00e4knad l\u00e4stid\" \/>\n\t<meta name=\"twitter:data1\" content=\"2 minuter\" \/>\n<script type=\"application\/ld+json\" class=\"yoast-schema-graph\">{\"@context\":\"https:\\\/\\\/schema.org\",\"@graph\":[{\"@type\":\"WebPage\",\"@id\":\"https:\\\/\\\/boutique-one-piece.com\\\/figurines-one-piece\\\/figurines-monkey-d-luffy\\\/figurine-one-piece-dead-or-alive-mugiwara-no-luffy-et-sa-cicatrice-2\\\/\",\"url\":\"https:\\\/\\\/boutique-one-piece.com\\\/figurines-one-piece\\\/figurines-monkey-d-luffy\\\/figurine-one-piece-dead-or-alive-mugiwara-no-luffy-et-sa-cicatrice-2\\\/\",\"name\":\"Figurine One Piece Dead or Alive Mugiwara No Luffy Et Sa Cicatrice | Figurine One Piece \u2013 Boutique One Piece\",\"isPartOf\":{\"@id\":\"https:\\\/\\\/boutique-one-piece.com\\\/#website\"},\"primaryImageOfPage\":{\"@id\":\"https:\\\/\\\/boutique-one-piece.com\\\/figurines-one-piece\\\/figurines-monkey-d-luffy\\\/figurine-one-piece-dead-or-alive-mugiwara-no-luffy-et-sa-cicatrice-2\\\/#primaryimage\"},\"image\":{\"@id\":\"https:\\\/\\\/boutique-one-piece.com\\\/figurines-one-piece\\\/figurines-monkey-d-luffy\\\/figurine-one-piece-dead-or-alive-mugiwara-no-luffy-et-sa-cicatrice-2\\\/#primaryimage\"},\"thumbnailUrl\":\"https:\\\/\\\/boutique-one-piece.com\\\/wp-content\\\/uploads\\\/2022\\\/09\\\/Figurine-One-Piece-Dead-or-Alive-Mugiwara-No-Luffy-Et-Sa-Cicatrice.jpg\",\"datePublished\":\"2022-09-27T21:37:02+00:00\",\"dateModified\":\"2024-09-16T14:03:17+00:00\",\"description\":\"Jeune pirate, le moment est venu pour toi de te procurer cette Figurine One Piece Dead or Alive Mugiwara No Luffy Et Sa Cicatrice. Pour rappel, lors de l'\u00e9pisode 320, le Gouvernement mondial a mis sur la t\u00eate de l'\u00e9quipage du Chapeau de Paille des primes. Le total de cette prime s'\u00e9l\u00e8ve \u00e0 600 000 050 Berrys. Celle de M\",\"breadcrumb\":{\"@id\":\"https:\\\/\\\/boutique-one-piece.com\\\/figurines-one-piece\\\/figurines-monkey-d-luffy\\\/figurine-one-piece-dead-or-alive-mugiwara-no-luffy-et-sa-cicatrice-2\\\/#breadcrumb\"},\"inLanguage\":\"sv-SE\",\"potentialAction\":[{\"@type\":\"ReadAction\",\"target\":[\"https:\\\/\\\/boutique-one-piece.com\\\/figurines-one-piece\\\/figurines-monkey-d-luffy\\\/figurine-one-piece-dead-or-alive-mugiwara-no-luffy-et-sa-cicatrice-2\\\/\"]}]},{\"@type\":\"ImageObject\",\"inLanguage\":\"sv-SE\",\"@id\":\"https:\\\/\\\/boutique-one-piece.com\\\/figurines-one-piece\\\/figurines-monkey-d-luffy\\\/figurine-one-piece-dead-or-alive-mugiwara-no-luffy-et-sa-cicatrice-2\\\/#primaryimage\",\"url\":\"https:\\\/\\\/boutique-one-piece.com\\\/wp-content\\\/uploads\\\/2022\\\/09\\\/Figurine-One-Piece-Dead-or-Alive-Mugiwara-No-Luffy-Et-Sa-Cicatrice.jpg\",\"contentUrl\":\"https:\\\/\\\/boutique-one-piece.com\\\/wp-content\\\/uploads\\\/2022\\\/09\\\/Figurine-One-Piece-Dead-or-Alive-Mugiwara-No-Luffy-Et-Sa-Cicatrice.jpg\",\"width\":640,\"height\":640,\"caption\":\"Figurine One Piece Dead or Alive Mugiwara No Luffy Et Sa Cicatrice Default Title\"},{\"@type\":\"BreadcrumbList\",\"@id\":\"https:\\\/\\\/boutique-one-piece.com\\\/figurines-one-piece\\\/figurines-monkey-d-luffy\\\/figurine-one-piece-dead-or-alive-mugiwara-no-luffy-et-sa-cicatrice-2\\\/#breadcrumb\",\"itemListElement\":[{\"@type\":\"ListItem\",\"position\":1,\"name\":\"Home\",\"item\":\"https:\\\/\\\/boutique-one-piece.com\\\/\"},{\"@type\":\"ListItem\",\"position\":2,\"name\":\"Shop\",\"item\":\"https:\\\/\\\/boutique-one-piece.com\\\/shop\\\/\"},{\"@type\":\"ListItem\",\"position\":3,\"name\":\"Figurine One Piece Dead or Alive Mugiwara No Luffy Et Sa Cicatrice\"}]},{\"@type\":\"WebSite\",\"@id\":\"https:\\\/\\\/boutique-one-piece.com\\\/#website\",\"url\":\"https:\\\/\\\/boutique-one-piece.com\\\/\",\"name\":\"Boutique One Piece\",\"description\":\"Magasin Sp\u00e9cialis\u00e9 du Manga et l&#039;Anime One Piece\",\"publisher\":{\"@id\":\"https:\\\/\\\/boutique-one-piece.com\\\/#organization\"},\"potentialAction\":[{\"@type\":\"SearchAction\",\"target\":{\"@type\":\"EntryPoint\",\"urlTemplate\":\"https:\\\/\\\/boutique-one-piece.com\\\/?s={search_term_string}\"},\"query-input\":{\"@type\":\"PropertyValueSpecification\",\"valueRequired\":true,\"valueName\":\"search_term_string\"}}],\"inLanguage\":\"sv-SE\"},{\"@type\":\"Organization\",\"@id\":\"https:\\\/\\\/boutique-one-piece.com\\\/#organization\",\"name\":\"Boutique One Piece\",\"url\":\"https:\\\/\\\/boutique-one-piece.com\\\/\",\"logo\":{\"@type\":\"ImageObject\",\"inLanguage\":\"sv-SE\",\"@id\":\"https:\\\/\\\/boutique-one-piece.com\\\/#\\\/schema\\\/logo\\\/image\\\/\",\"url\":\"https:\\\/\\\/boutique-one-piece.com\\\/wp-content\\\/uploads\\\/2022\\\/09\\\/Logo-01.png\",\"contentUrl\":\"https:\\\/\\\/boutique-one-piece.com\\\/wp-content\\\/uploads\\\/2022\\\/09\\\/Logo-01.png\",\"width\":2318,\"height\":957,\"caption\":\"Boutique One Piece\"},\"image\":{\"@id\":\"https:\\\/\\\/boutique-one-piece.com\\\/#\\\/schema\\\/logo\\\/image\\\/\"}}]}<\/script>\n<!-- \/ Yoast SEO plugin. -->","yoast_head_json":{"title":"One Piece Dead or Alive-figur Mugiwara No Luffy och hans \u00e4rr | One Piece-figur \u2013 One Piece Shop","description":"Unge pirat, det \u00e4r dags f\u00f6r dig att f\u00e5 tag p\u00e5 denna One Piece Dead or Alive Mugiwara No Luffy and His Scar-figur. Som en p\u00e5minnelse, i avsnitt 320 placerade v\u00e4rldsregeringen bel\u00f6ningar p\u00e5 Straw Hat-bes\u00e4ttningen. Den totala bel\u00f6ningen uppg\u00e5r till 600 000 050 b\u00e4r. Den av M","robots":{"index":"index","follow":"follow","max-snippet":"max-snippet:-1","max-image-preview":"max-image-preview:large","max-video-preview":"max-video-preview:-1"},"canonical":"https:\/\/boutique-one-piece.com\/sv\/one-piece-figurer\/monkey-d-luffy-figurer\/one-piece-dead-or-alive-figuren-mugiwara-fran-luffy-och-hans-arr-2\/","og_locale":"sv_SE","og_type":"article","og_title":"Figurine One Piece Dead or Alive Mugiwara No Luffy Et Sa Cicatrice | Figurine One Piece \u2013 Boutique One Piece","og_description":"Jeune pirate, le moment est venu pour toi de te procurer cette Figurine One Piece Dead or Alive Mugiwara No Luffy Et Sa Cicatrice. Pour rappel, lors de l'\u00e9pisode 320, le Gouvernement mondial a mis sur la t\u00eate de l'\u00e9quipage du Chapeau de Paille des primes. Le total de cette prime s'\u00e9l\u00e8ve \u00e0 600 000 050 Berrys. Celle de M","og_url":"https:\/\/boutique-one-piece.com\/sv\/one-piece-figurer\/monkey-d-luffy-figurer\/one-piece-dead-or-alive-figuren-mugiwara-fran-luffy-och-hans-arr-2\/","og_site_name":"Boutique One Piece","article_modified_time":"2024-09-16T14:03:17+00:00","og_image":[{"width":640,"height":640,"url":"https:\/\/boutique-one-piece.com\/wp-content\/uploads\/2022\/09\/Figurine-One-Piece-Dead-or-Alive-Mugiwara-No-Luffy-Et-Sa-Cicatrice.jpg","type":"image\/jpeg"}],"twitter_card":"summary_large_image","twitter_misc":{"Ber\u00e4knad l\u00e4stid":"2 minuter"},"schema":{"@context":"https:\/\/schema.org","@graph":[{"@type":"WebPage","@id":"https:\/\/boutique-one-piece.com\/figurines-one-piece\/figurines-monkey-d-luffy\/figurine-one-piece-dead-or-alive-mugiwara-no-luffy-et-sa-cicatrice-2\/","url":"https:\/\/boutique-one-piece.com\/figurines-one-piece\/figurines-monkey-d-luffy\/figurine-one-piece-dead-or-alive-mugiwara-no-luffy-et-sa-cicatrice-2\/","name":"One Piece Dead or Alive-figur Mugiwara No Luffy och hans \u00e4rr | One Piece-figur \u2013 One Piece Shop","isPartOf":{"@id":"https:\/\/boutique-one-piece.com\/#website"},"primaryImageOfPage":{"@id":"https:\/\/boutique-one-piece.com\/figurines-one-piece\/figurines-monkey-d-luffy\/figurine-one-piece-dead-or-alive-mugiwara-no-luffy-et-sa-cicatrice-2\/#primaryimage"},"image":{"@id":"https:\/\/boutique-one-piece.com\/figurines-one-piece\/figurines-monkey-d-luffy\/figurine-one-piece-dead-or-alive-mugiwara-no-luffy-et-sa-cicatrice-2\/#primaryimage"},"thumbnailUrl":"https:\/\/boutique-one-piece.com\/wp-content\/uploads\/2022\/09\/Figurine-One-Piece-Dead-or-Alive-Mugiwara-No-Luffy-Et-Sa-Cicatrice.jpg","datePublished":"2022-09-27T21:37:02+00:00","dateModified":"2024-09-16T14:03:17+00:00","description":"Unge pirat, det \u00e4r dags f\u00f6r dig att f\u00e5 tag p\u00e5 denna One Piece Dead or Alive Mugiwara No Luffy and His Scar-figur. Som en p\u00e5minnelse, i avsnitt 320 placerade v\u00e4rldsregeringen bel\u00f6ningar p\u00e5 Straw Hat-bes\u00e4ttningen. Den totala bel\u00f6ningen uppg\u00e5r till 600 000 050 b\u00e4r. Den av M","breadcrumb":{"@id":"https:\/\/boutique-one-piece.com\/figurines-one-piece\/figurines-monkey-d-luffy\/figurine-one-piece-dead-or-alive-mugiwara-no-luffy-et-sa-cicatrice-2\/#breadcrumb"},"inLanguage":"sv-SE","potentialAction":[{"@type":"ReadAction","target":["https:\/\/boutique-one-piece.com\/figurines-one-piece\/figurines-monkey-d-luffy\/figurine-one-piece-dead-or-alive-mugiwara-no-luffy-et-sa-cicatrice-2\/"]}]},{"@type":"ImageObject","inLanguage":"sv-SE","@id":"https:\/\/boutique-one-piece.com\/figurines-one-piece\/figurines-monkey-d-luffy\/figurine-one-piece-dead-or-alive-mugiwara-no-luffy-et-sa-cicatrice-2\/#primaryimage","url":"https:\/\/boutique-one-piece.com\/wp-content\/uploads\/2022\/09\/Figurine-One-Piece-Dead-or-Alive-Mugiwara-No-Luffy-Et-Sa-Cicatrice.jpg","contentUrl":"https:\/\/boutique-one-piece.com\/wp-content\/uploads\/2022\/09\/Figurine-One-Piece-Dead-or-Alive-Mugiwara-No-Luffy-Et-Sa-Cicatrice.jpg","width":640,"height":640,"caption":"Figurine One Piece Dead or Alive Mugiwara No Luffy Et Sa Cicatrice Default Title"},{"@type":"BreadcrumbList","@id":"https:\/\/boutique-one-piece.com\/figurines-one-piece\/figurines-monkey-d-luffy\/figurine-one-piece-dead-or-alive-mugiwara-no-luffy-et-sa-cicatrice-2\/#breadcrumb","itemListElement":[{"@type":"ListItem","position":1,"name":"Home","item":"https:\/\/boutique-one-piece.com\/"},{"@type":"ListItem","position":2,"name":"Shop","item":"https:\/\/boutique-one-piece.com\/shop\/"},{"@type":"ListItem","position":3,"name":"Figurine One Piece Dead or Alive Mugiwara No Luffy Et Sa Cicatrice"}]},{"@type":"WebSite","@id":"https:\/\/boutique-one-piece.com\/#website","url":"https:\/\/boutique-one-piece.com\/","name":"One Piece-butik","description":"Specialbutik f\u00f6r One Piece Manga och Anime","publisher":{"@id":"https:\/\/boutique-one-piece.com\/#organization"},"potentialAction":[{"@type":"SearchAction","target":{"@type":"EntryPoint","urlTemplate":"https:\/\/boutique-one-piece.com\/?s={search_term_string}"},"query-input":{"@type":"PropertyValueSpecification","valueRequired":true,"valueName":"search_term_string"}}],"inLanguage":"sv-SE"},{"@type":"Organization","@id":"https:\/\/boutique-one-piece.com\/#organization","name":"One Piece-butik","url":"https:\/\/boutique-one-piece.com\/","logo":{"@type":"ImageObject","inLanguage":"sv-SE","@id":"https:\/\/boutique-one-piece.com\/#\/schema\/logo\/image\/","url":"https:\/\/boutique-one-piece.com\/wp-content\/uploads\/2022\/09\/Logo-01.png","contentUrl":"https:\/\/boutique-one-piece.com\/wp-content\/uploads\/2022\/09\/Logo-01.png","width":2318,"height":957,"caption":"Boutique One Piece"},"image":{"@id":"https:\/\/boutique-one-piece.com\/#\/schema\/logo\/image\/"}}]}},"_links":{"self":[{"href":"https:\/\/boutique-one-piece.com\/sv\/wp-json\/wp\/v2\/product\/15215","targetHints":{"allow":["GET"]}}],"collection":[{"href":"https:\/\/boutique-one-piece.com\/sv\/wp-json\/wp\/v2\/product"}],"about":[{"href":"https:\/\/boutique-one-piece.com\/sv\/wp-json\/wp\/v2\/types\/product"}],"replies":[{"embeddable":true,"href":"https:\/\/boutique-one-piece.com\/sv\/wp-json\/wp\/v2\/comments?post=15215"}],"wp:featuredmedia":[{"embeddable":true,"href":"https:\/\/boutique-one-piece.com\/sv\/wp-json\/wp\/v2\/media\/12540"}],"wp:attachment":[{"href":"https:\/\/boutique-one-piece.com\/sv\/wp-json\/wp\/v2\/media?parent=15215"}],"wp:term":[{"taxonomy":"product_brand","embeddable":true,"href":"https:\/\/boutique-one-piece.com\/sv\/wp-json\/wp\/v2\/product_brand?post=15215"},{"taxonomy":"product_cat","embeddable":true,"href":"https:\/\/boutique-one-piece.com\/sv\/wp-json\/wp\/v2\/product_cat?post=15215"},{"taxonomy":"product_tag","embeddable":true,"href":"https:\/\/boutique-one-piece.com\/sv\/wp-json\/wp\/v2\/product_tag?post=15215"}],"curies":[{"name":"wp","href":"https:\/\/api.w.org\/{rel}","templated":true}]}}