{"id":16437,"date":"2022-09-27T21:53:22","date_gmt":"2022-09-27T21:53:22","guid":{"rendered":"https:\/\/boutique-one-piece.com\/uncategorized\/sweat-one-piece-bartholomew-kuma-2\/"},"modified":"2024-12-17T11:33:53","modified_gmt":"2024-12-17T11:33:53","slug":"bartholomew-kuma-2-troja-i-ett-stycke","status":"publish","type":"product","link":"https:\/\/boutique-one-piece.com\/sv\/one-piece-klader\/ett-stycke-trojor\/bartholomew-kuma-2-troja-i-ett-stycke\/","title":{"rendered":"Bartholomew Kuma One Piece-tr\u00f6ja"},"content":{"rendered":"<h2>One Piece l\u00e5ng\u00e4rmad svart hoodie med Kuma-logotypen, krigsherren och revolution\u00e4ren med Paw-Paw-frukten! En kvalitetshoodie f\u00f6r en pirat som du!<\/h2>\n<p>Om du \u00e4r en\u00a0<strong>riktig pirat<\/strong>, Du kommer att uppskatta\u00a0<strong>kvalitet<\/strong>\u00a0tyg och\u00a0<strong>l\u2019impression 3D Canvas<\/strong>\u00a0av detta <strong>One Piece-tr\u00f6ja<\/strong>\u00a0Men viktigast av allt, med detta\u00a0<strong>m\u00f6nstrad tr\u00f6ja<\/strong>\u00a0det \u00e4r f\u00f6r att du kommer att vara en del av\u00a0<strong>l\u2019\u00e9quipage\u00a0des fans<\/strong>\u00a0av\u00a0<strong>piratmanga<\/strong>\u00a0och du kommer att f\u00e5:<\/p>\n<ul>\n<li>\u00a0<strong>L\u2019admiration<\/strong>\u00a0av alla fans av\u00a0<strong>l\u2019univers<\/strong>\u00a0av\u00a0<strong>licens<\/strong>\u00a0av\u00a0<strong>manga<\/strong>\u00a0som du kommer att st\u00f6ta p\u00e5<\/li>\n<\/ul>\n<ul>\n<li>En riktig\u00a0<strong>luvtr\u00f6ja<\/strong>\u00a0med vilket du kan\u00a0<strong>dela<\/strong>\u00a0din\u00a0<strong>passion<\/strong>\u00a0F\u00f6r\u00a0<strong>Ett stycke<\/strong><\/li>\n<\/ul>\n<p>S\u00e5, redo att b\u00e4ra\u00a0<strong>f\u00e4rger\u00a0<\/strong>av<strong>\u00a0<\/strong>din<strong>\u00a0favoritmanga<\/strong>\u00a0?<\/p>\n<h2>Es-tu un fan du manga ou de l\u2019anim\u00e9 One Piece ? Montre le avec ce Sweat One Piece !<\/h2>\n<p>Om du\u00a0<strong>l\u00e4sa<\/strong>\u00a0eller vart du \u00e4n tittar\u00a0\u00a0<strong>l\u2019anim\u00e9\u00a0japonais<\/strong>, Det finns en god chans att du har blivit\u00a0<strong>galen i One Piece<\/strong>\u00a0Med detta!\u00a0<strong>Bartholomew Kuma One Piece-tr\u00f6ja<\/strong>, rejoins\u00a0l\u2019<strong>en grupp fans av franchisen<\/strong><\/p>\n<p>Detta\u00a0<strong>Cosplay-stil tr\u00f6ja\u00a0<\/strong>\u00a0finns i storlekar\u00a0<strong>XXS<\/strong>,\u00a0<strong>XS<\/strong>,\u00a0<strong>S<\/strong>,<strong>\u00a0M<\/strong>,<strong>\u00a0L<\/strong>,\u00a0<strong>XL<\/strong>,\u00a0<strong>XXL<\/strong>,\u00a0<strong>3XL<\/strong>,\u00a0<strong>4XL<\/strong>\u00a0Det passar alla kategorier av pirater.,\u00a0<strong>man<\/strong>\u00a0Eller\u00a0<strong>kvinnor<\/strong>, m\u00eame si tu n\u2019as pas\u00a0<strong>d\u2019\u00e9p\u00e9e<\/strong>\u00a0eller\u00a0<strong>dj\u00e4vulens frukt<\/strong>\u00a0Du kan fortfarande b\u00e4ra den med stolthet.<\/p>\n<h2>Information om tr\u00f6jan:\u00a0<\/h2>\n<ul>\n<li>\n<strong>Premiumkvalitets tr\u00f6ja i ett stycke\u00a0<\/strong>har en <strong>h\u00f6g ytvikt<\/strong> med kvalitetsmaterial<\/li>\n<\/ul>\n<ul>\n<li>\n<strong>Stor flexibilitet\u00a0<\/strong>: tack vare sin sammans\u00e4ttning g\u00f6r den inte <strong>skrynkliga<\/strong> inte<\/li>\n<\/ul>\n<ul>\n<li>\n<strong>Mycket bekv\u00e4m\u00a0<\/strong>med<span>\u00a0<\/span>hans <strong>fibrer<\/strong> av <strong>bomull<\/strong> stor <strong>mjuk<\/strong>, il n\u2019y a pas\u00a0de <strong>friktion<\/strong><\/li>\n<\/ul>\n<ul style=\"font-weight: 400\">\n<li>3D digitalutskrift, originell design<\/li>\n<\/ul>\n<ul style=\"font-weight: 400\">\n<li>\n<strong>Organisk bomull\u00a0<\/strong>bomull <strong>h\u00f6g kvalitet<\/strong>\u00a0med <strong>fibrer<\/strong> extra <strong>l\u00e5ng<\/strong><\/li>\n<\/ul>\n<ul style=\"font-weight: 400\">\n<li>\n<strong>Fri leverans\u00a0<\/strong>f\u00f6r alla k\u00f6p<strong>\u00a0<\/strong><\/li>\n<\/ul>\n<p style=\"font-weight: 400\"><strong>N\u2019oubliez pas de jeter\u00a0un oeil au guide des tailles ci-dessous.<\/strong><\/p>\n<h2><img decoding=\"async\" src=\"https:\/\/cdn.shopify.com\/s\/files\/1\/0087\/7556\/5348\/files\/boutque_one_piece_tableau__taille_sweat_large.jpg?v=1559846386\" alt=\"Storlekstabell f\u00f6r One Piece-tr\u00f6jor\" style=\"font-size: 15px\"><\/h2>\n<h3>Tv\u00e4ttinstruktioner:<\/h3>\n<ul>\n<li>Maskintv\u00e4tt 30\u00b0C, skonsam tv\u00e4tt<\/li>\n<\/ul>\n<ul>\n<li>Stryk p\u00e5 baksidan<\/li>\n<\/ul>\n<p>F\u00f6r<span>\u00a0<\/span><strong>bevara kvaliteten<\/strong><span>\u00a0<\/span>av detta<span>\u00a0<strong>tr\u00f6ja<\/strong><\/span><strong>\u00a0Ett stycke<\/strong>, rekommenderar vi att du<span>\u00a0<\/span><strong>respektera<\/strong><span>\u00a0<\/span>DE<span>\u00a0<\/span><strong>tv\u00e4ttinstruktioner<\/strong>.<\/p>","protected":false},"excerpt":{"rendered":"<p>Sweat\u00a0\u00e0 Capuche Noir \u00e0 Manches Longues One Piece avec le Logo de Kuma,\u00a0Grand Corsaire et R\u00e9volutionnaire avec le Fruit\u00a0des\u00a0Coussinets\u00a0!\u00a0Un\u00a0Sweat\u00a0de Qualit\u00e9 pour un Pirate Comme Toi\u00a0! Si tu es un\u00a0v\u00e9ritable pirate, tu sauras appr\u00e9cier la\u00a0qualit\u00e9\u00a0du tissu et de\u00a0l\u2019impression 3D Canvas\u00a0de ce sweat\u00a0One Piece\u00a0!\u00a0Mais le plus important, avec ce\u00a0sweat\u00a0imprim\u00e9\u00a0c\u2019est que tu\u00a0feras partie de\u00a0l\u2019\u00e9quipage\u00a0des fans\u00a0du\u00a0manga de pirates\u00a0et tu [&hellip;]<\/p>","protected":false},"featured_media":18183,"comment_status":"open","ping_status":"open","template":"","meta":[],"product_brand":[],"product_cat":[149],"product_tag":[353],"class_list":{"0":"post-16437","1":"product","2":"type-product","3":"status-publish","4":"has-post-thumbnail","6":"product_cat-sweats-one-piece","7":"product_tag-kuma","9":"first","10":"instock","11":"purchasable","12":"product-type-variable","13":"has-default-attributes"},"yoast_head":"<!-- This site is optimized with the Yoast SEO plugin v27.5 - https:\/\/yoast.com\/product\/yoast-seo-wordpress\/ -->\n<title>Sweat One Piece Bartholomew Kuma | Boutique One Piece<\/title>\n<meta name=\"description\" content=\"Sweat \u00e0 Capuche Noir \u00e0 Manches Longues One Piece avec le Logo de Kuma de Tr\u00e8s Haute Qualit\u00e9 : Grand Corsaire et R\u00e9volutionnaire avec le Fruit des Coussinets !\" \/>\n<meta name=\"robots\" content=\"index, follow, max-snippet:-1, max-image-preview:large, max-video-preview:-1\" \/>\n<link rel=\"canonical\" href=\"https:\/\/boutique-one-piece.com\/sv\/one-piece-klader\/ett-stycke-trojor\/bartholomew-kuma-2-troja-i-ett-stycke\/\" \/>\n<meta property=\"og:locale\" content=\"sv_SE\" \/>\n<meta property=\"og:type\" content=\"article\" \/>\n<meta property=\"og:title\" content=\"Sweat One Piece Bartholomew Kuma | Boutique One Piece\" \/>\n<meta property=\"og:description\" content=\"Sweat \u00e0 Capuche Noir \u00e0 Manches Longues One Piece avec le Logo de Kuma de Tr\u00e8s Haute Qualit\u00e9 : Grand Corsaire et R\u00e9volutionnaire avec le Fruit des Coussinets !\" \/>\n<meta property=\"og:url\" content=\"https:\/\/boutique-one-piece.com\/sv\/one-piece-klader\/ett-stycke-trojor\/bartholomew-kuma-2-troja-i-ett-stycke\/\" \/>\n<meta property=\"og:site_name\" content=\"Boutique One Piece\" \/>\n<meta property=\"article:modified_time\" content=\"2024-12-17T11:33:53+00:00\" \/>\n<meta property=\"og:image\" content=\"https:\/\/boutique-one-piece.com\/wp-content\/uploads\/2022\/09\/sweat-one-piece-bartholomew-kuma-4961943519268.jpg\" \/>\n\t<meta property=\"og:image:width\" content=\"600\" \/>\n\t<meta property=\"og:image:height\" content=\"600\" \/>\n\t<meta property=\"og:image:type\" content=\"image\/jpeg\" \/>\n<meta name=\"twitter:card\" content=\"summary_large_image\" \/>\n<meta name=\"twitter:label1\" content=\"Ber\u00e4knad l\u00e4stid\" \/>\n\t<meta name=\"twitter:data1\" content=\"2 minuter\" \/>\n<script type=\"application\/ld+json\" class=\"yoast-schema-graph\">{\"@context\":\"https:\\\/\\\/schema.org\",\"@graph\":[{\"@type\":\"WebPage\",\"@id\":\"https:\\\/\\\/boutique-one-piece.com\\\/vetements-one-piece\\\/sweats-one-piece\\\/sweat-one-piece-bartholomew-kuma-2\\\/\",\"url\":\"https:\\\/\\\/boutique-one-piece.com\\\/vetements-one-piece\\\/sweats-one-piece\\\/sweat-one-piece-bartholomew-kuma-2\\\/\",\"name\":\"Sweat One Piece Bartholomew Kuma | Boutique One Piece\",\"isPartOf\":{\"@id\":\"https:\\\/\\\/boutique-one-piece.com\\\/#website\"},\"primaryImageOfPage\":{\"@id\":\"https:\\\/\\\/boutique-one-piece.com\\\/vetements-one-piece\\\/sweats-one-piece\\\/sweat-one-piece-bartholomew-kuma-2\\\/#primaryimage\"},\"image\":{\"@id\":\"https:\\\/\\\/boutique-one-piece.com\\\/vetements-one-piece\\\/sweats-one-piece\\\/sweat-one-piece-bartholomew-kuma-2\\\/#primaryimage\"},\"thumbnailUrl\":\"https:\\\/\\\/boutique-one-piece.com\\\/wp-content\\\/uploads\\\/2022\\\/09\\\/sweat-one-piece-bartholomew-kuma-4961943519268.jpg\",\"datePublished\":\"2022-09-27T21:53:22+00:00\",\"dateModified\":\"2024-12-17T11:33:53+00:00\",\"description\":\"Sweat \u00e0 Capuche Noir \u00e0 Manches Longues One Piece avec le Logo de Kuma de Tr\u00e8s Haute Qualit\u00e9 : Grand Corsaire et R\u00e9volutionnaire avec le Fruit des Coussinets !\",\"breadcrumb\":{\"@id\":\"https:\\\/\\\/boutique-one-piece.com\\\/vetements-one-piece\\\/sweats-one-piece\\\/sweat-one-piece-bartholomew-kuma-2\\\/#breadcrumb\"},\"inLanguage\":\"sv-SE\",\"potentialAction\":[{\"@type\":\"ReadAction\",\"target\":[\"https:\\\/\\\/boutique-one-piece.com\\\/vetements-one-piece\\\/sweats-one-piece\\\/sweat-one-piece-bartholomew-kuma-2\\\/\"]}]},{\"@type\":\"ImageObject\",\"inLanguage\":\"sv-SE\",\"@id\":\"https:\\\/\\\/boutique-one-piece.com\\\/vetements-one-piece\\\/sweats-one-piece\\\/sweat-one-piece-bartholomew-kuma-2\\\/#primaryimage\",\"url\":\"https:\\\/\\\/boutique-one-piece.com\\\/wp-content\\\/uploads\\\/2022\\\/09\\\/sweat-one-piece-bartholomew-kuma-4961943519268.jpg\",\"contentUrl\":\"https:\\\/\\\/boutique-one-piece.com\\\/wp-content\\\/uploads\\\/2022\\\/09\\\/sweat-one-piece-bartholomew-kuma-4961943519268.jpg\",\"width\":600,\"height\":600},{\"@type\":\"BreadcrumbList\",\"@id\":\"https:\\\/\\\/boutique-one-piece.com\\\/vetements-one-piece\\\/sweats-one-piece\\\/sweat-one-piece-bartholomew-kuma-2\\\/#breadcrumb\",\"itemListElement\":[{\"@type\":\"ListItem\",\"position\":1,\"name\":\"Home\",\"item\":\"https:\\\/\\\/boutique-one-piece.com\\\/\"},{\"@type\":\"ListItem\",\"position\":2,\"name\":\"Shop\",\"item\":\"https:\\\/\\\/boutique-one-piece.com\\\/shop\\\/\"},{\"@type\":\"ListItem\",\"position\":3,\"name\":\"Sweat One Piece Bartholomew Kuma\"}]},{\"@type\":\"WebSite\",\"@id\":\"https:\\\/\\\/boutique-one-piece.com\\\/#website\",\"url\":\"https:\\\/\\\/boutique-one-piece.com\\\/\",\"name\":\"Boutique One Piece\",\"description\":\"Magasin Sp\u00e9cialis\u00e9 du Manga et l&#039;Anime One Piece\",\"publisher\":{\"@id\":\"https:\\\/\\\/boutique-one-piece.com\\\/#organization\"},\"potentialAction\":[{\"@type\":\"SearchAction\",\"target\":{\"@type\":\"EntryPoint\",\"urlTemplate\":\"https:\\\/\\\/boutique-one-piece.com\\\/?s={search_term_string}\"},\"query-input\":{\"@type\":\"PropertyValueSpecification\",\"valueRequired\":true,\"valueName\":\"search_term_string\"}}],\"inLanguage\":\"sv-SE\"},{\"@type\":\"Organization\",\"@id\":\"https:\\\/\\\/boutique-one-piece.com\\\/#organization\",\"name\":\"Boutique One Piece\",\"url\":\"https:\\\/\\\/boutique-one-piece.com\\\/\",\"logo\":{\"@type\":\"ImageObject\",\"inLanguage\":\"sv-SE\",\"@id\":\"https:\\\/\\\/boutique-one-piece.com\\\/#\\\/schema\\\/logo\\\/image\\\/\",\"url\":\"https:\\\/\\\/boutique-one-piece.com\\\/wp-content\\\/uploads\\\/2022\\\/09\\\/Logo-01.png\",\"contentUrl\":\"https:\\\/\\\/boutique-one-piece.com\\\/wp-content\\\/uploads\\\/2022\\\/09\\\/Logo-01.png\",\"width\":2318,\"height\":957,\"caption\":\"Boutique One Piece\"},\"image\":{\"@id\":\"https:\\\/\\\/boutique-one-piece.com\\\/#\\\/schema\\\/logo\\\/image\\\/\"}}]}<\/script>\n<!-- \/ Yoast SEO plugin. -->","yoast_head_json":{"title":"One Piece Tr\u00f6ja Bartholomew Kuma | One Piece Shop","description":"One Piece svart l\u00e5ng\u00e4rmad huvtr\u00f6ja med Kuma-logotyp - Mycket h\u00f6g kvalitet: Fantastisk Corsair och revolutionerande med Paw-Paw-frukten!","robots":{"index":"index","follow":"follow","max-snippet":"max-snippet:-1","max-image-preview":"max-image-preview:large","max-video-preview":"max-video-preview:-1"},"canonical":"https:\/\/boutique-one-piece.com\/sv\/one-piece-klader\/ett-stycke-trojor\/bartholomew-kuma-2-troja-i-ett-stycke\/","og_locale":"sv_SE","og_type":"article","og_title":"Sweat One Piece Bartholomew Kuma | Boutique One Piece","og_description":"Sweat \u00e0 Capuche Noir \u00e0 Manches Longues One Piece avec le Logo de Kuma de Tr\u00e8s Haute Qualit\u00e9 : Grand Corsaire et R\u00e9volutionnaire avec le Fruit des Coussinets !","og_url":"https:\/\/boutique-one-piece.com\/sv\/one-piece-klader\/ett-stycke-trojor\/bartholomew-kuma-2-troja-i-ett-stycke\/","og_site_name":"Boutique One Piece","article_modified_time":"2024-12-17T11:33:53+00:00","og_image":[{"width":600,"height":600,"url":"https:\/\/boutique-one-piece.com\/wp-content\/uploads\/2022\/09\/sweat-one-piece-bartholomew-kuma-4961943519268.jpg","type":"image\/jpeg"}],"twitter_card":"summary_large_image","twitter_misc":{"Ber\u00e4knad l\u00e4stid":"2 minuter"},"schema":{"@context":"https:\/\/schema.org","@graph":[{"@type":"WebPage","@id":"https:\/\/boutique-one-piece.com\/vetements-one-piece\/sweats-one-piece\/sweat-one-piece-bartholomew-kuma-2\/","url":"https:\/\/boutique-one-piece.com\/vetements-one-piece\/sweats-one-piece\/sweat-one-piece-bartholomew-kuma-2\/","name":"One Piece Tr\u00f6ja Bartholomew Kuma | One Piece Shop","isPartOf":{"@id":"https:\/\/boutique-one-piece.com\/#website"},"primaryImageOfPage":{"@id":"https:\/\/boutique-one-piece.com\/vetements-one-piece\/sweats-one-piece\/sweat-one-piece-bartholomew-kuma-2\/#primaryimage"},"image":{"@id":"https:\/\/boutique-one-piece.com\/vetements-one-piece\/sweats-one-piece\/sweat-one-piece-bartholomew-kuma-2\/#primaryimage"},"thumbnailUrl":"https:\/\/boutique-one-piece.com\/wp-content\/uploads\/2022\/09\/sweat-one-piece-bartholomew-kuma-4961943519268.jpg","datePublished":"2022-09-27T21:53:22+00:00","dateModified":"2024-12-17T11:33:53+00:00","description":"One Piece svart l\u00e5ng\u00e4rmad huvtr\u00f6ja med Kuma-logotyp - Mycket h\u00f6g kvalitet: Fantastisk Corsair och revolutionerande med Paw-Paw-frukten!","breadcrumb":{"@id":"https:\/\/boutique-one-piece.com\/vetements-one-piece\/sweats-one-piece\/sweat-one-piece-bartholomew-kuma-2\/#breadcrumb"},"inLanguage":"sv-SE","potentialAction":[{"@type":"ReadAction","target":["https:\/\/boutique-one-piece.com\/vetements-one-piece\/sweats-one-piece\/sweat-one-piece-bartholomew-kuma-2\/"]}]},{"@type":"ImageObject","inLanguage":"sv-SE","@id":"https:\/\/boutique-one-piece.com\/vetements-one-piece\/sweats-one-piece\/sweat-one-piece-bartholomew-kuma-2\/#primaryimage","url":"https:\/\/boutique-one-piece.com\/wp-content\/uploads\/2022\/09\/sweat-one-piece-bartholomew-kuma-4961943519268.jpg","contentUrl":"https:\/\/boutique-one-piece.com\/wp-content\/uploads\/2022\/09\/sweat-one-piece-bartholomew-kuma-4961943519268.jpg","width":600,"height":600},{"@type":"BreadcrumbList","@id":"https:\/\/boutique-one-piece.com\/vetements-one-piece\/sweats-one-piece\/sweat-one-piece-bartholomew-kuma-2\/#breadcrumb","itemListElement":[{"@type":"ListItem","position":1,"name":"Home","item":"https:\/\/boutique-one-piece.com\/"},{"@type":"ListItem","position":2,"name":"Shop","item":"https:\/\/boutique-one-piece.com\/shop\/"},{"@type":"ListItem","position":3,"name":"Sweat One Piece Bartholomew Kuma"}]},{"@type":"WebSite","@id":"https:\/\/boutique-one-piece.com\/#website","url":"https:\/\/boutique-one-piece.com\/","name":"One Piece-butik","description":"Specialbutik f\u00f6r One Piece Manga och Anime","publisher":{"@id":"https:\/\/boutique-one-piece.com\/#organization"},"potentialAction":[{"@type":"SearchAction","target":{"@type":"EntryPoint","urlTemplate":"https:\/\/boutique-one-piece.com\/?s={search_term_string}"},"query-input":{"@type":"PropertyValueSpecification","valueRequired":true,"valueName":"search_term_string"}}],"inLanguage":"sv-SE"},{"@type":"Organization","@id":"https:\/\/boutique-one-piece.com\/#organization","name":"One Piece-butik","url":"https:\/\/boutique-one-piece.com\/","logo":{"@type":"ImageObject","inLanguage":"sv-SE","@id":"https:\/\/boutique-one-piece.com\/#\/schema\/logo\/image\/","url":"https:\/\/boutique-one-piece.com\/wp-content\/uploads\/2022\/09\/Logo-01.png","contentUrl":"https:\/\/boutique-one-piece.com\/wp-content\/uploads\/2022\/09\/Logo-01.png","width":2318,"height":957,"caption":"Boutique One Piece"},"image":{"@id":"https:\/\/boutique-one-piece.com\/#\/schema\/logo\/image\/"}}]}},"_links":{"self":[{"href":"https:\/\/boutique-one-piece.com\/sv\/wp-json\/wp\/v2\/product\/16437","targetHints":{"allow":["GET"]}}],"collection":[{"href":"https:\/\/boutique-one-piece.com\/sv\/wp-json\/wp\/v2\/product"}],"about":[{"href":"https:\/\/boutique-one-piece.com\/sv\/wp-json\/wp\/v2\/types\/product"}],"replies":[{"embeddable":true,"href":"https:\/\/boutique-one-piece.com\/sv\/wp-json\/wp\/v2\/comments?post=16437"}],"wp:featuredmedia":[{"embeddable":true,"href":"https:\/\/boutique-one-piece.com\/sv\/wp-json\/wp\/v2\/media\/18183"}],"wp:attachment":[{"href":"https:\/\/boutique-one-piece.com\/sv\/wp-json\/wp\/v2\/media?parent=16437"}],"wp:term":[{"taxonomy":"product_brand","embeddable":true,"href":"https:\/\/boutique-one-piece.com\/sv\/wp-json\/wp\/v2\/product_brand?post=16437"},{"taxonomy":"product_cat","embeddable":true,"href":"https:\/\/boutique-one-piece.com\/sv\/wp-json\/wp\/v2\/product_cat?post=16437"},{"taxonomy":"product_tag","embeddable":true,"href":"https:\/\/boutique-one-piece.com\/sv\/wp-json\/wp\/v2\/product_tag?post=16437"}],"curies":[{"name":"wp","href":"https:\/\/api.w.org\/{rel}","templated":true}]}}