{"id":17152,"date":"2022-09-27T21:57:58","date_gmt":"2022-09-27T21:57:58","guid":{"rendered":"https:\/\/boutique-one-piece.com\/uncategorized\/figurine-one-piece-kid-de-la-pire-generation\/"},"modified":"2024-09-16T14:59:49","modified_gmt":"2024-09-16T14:59:49","slug":"one-piece-barnfigur-fran-den-varsta-generationen","status":"publish","type":"product","link":"https:\/\/boutique-one-piece.com\/sv\/one-piece-figurer\/one-piece-barnfigur-fran-den-varsta-generationen\/","title":{"rendered":"One Piece Kid-figur fr\u00e5n den v\u00e4rsta generationen"},"content":{"rendered":"<h2>Unge pirat, det \u00e4r dags f\u00f6r dig att skaffa den h\u00e4r One Piece-figuren Kid of the Worst Generation.<\/h2>\n<p>H\u00e4r \u00e4r vad du beh\u00f6ver veta om den h\u00e4r karakt\u00e4ren; ; <strong>Eustass eller &quot;Kapten&quot; Kid<\/strong> est un pirate notoire, originaire de South Blue ainsi que le capitaine de L\u2019\u00c9quipage de Kid. Il fait partie des Onze <strong>Supernovor<\/strong> ainsi que de la \u00ab\u00a0Pire g\u00e9n\u00e9ration\u00a0\u00bb. Sa premi\u00e8re prime \u00e9tait de 315 000 000 Berry, au moment o\u00f9 L\u2019\u00c9quipage du Chapeau de Paille arrive sur l\u2019Archipel Sabaody, soit la plus \u00e9lev\u00e9e parmi les Supernovae.<\/p>\n<p>La raison pour laquelle sa prime \u00e9tait plus \u00e9lev\u00e9e que celle de Luffy lorsqu\u2019ils arriv\u00e8rent sur l\u2019Archipel de Sabaody, est due aux nombreuses pertes civiles caus\u00e9es par son \u00e9quipage au cours de leurs activit\u00e9s. Apr\u00e8s l\u2019ellipse des deux ans, sa prime s\u2019\u00e9l\u00e8ve \u00e0 470 000 000 Berry. Enfin, sache que Eustass consid\u00e8re Luffy comme un rival de premier plan pour <strong>titeln p\u00e5 den framtida piraternas kung<\/strong>. D\u2019ailleurs, la <a title=\"ONE PIECE MONKEY D. LUFFY PIRATEKUNGEN FIGURIN\" href=\"https:\/\/boutique-one-piece.com\/sv\/one-piece-figurer\/produkter\/one-piece-figur-monkey-d-luffy-kung-av-piraterna\/\" target=\"_blank\" rel=\"noopener\">Luffy-figur &quot;Piraternas kung&quot;\u00ab<\/a> \u00e4r inom r\u00e4ckh\u00e5ll.<\/p>\n<h3>Alors, conquis par la figurine de Kid ? Si tel est le cas, embarque avec l\u2019\u00e9quipage de Kid. Bien des aventures t\u2019attendent.<\/h3>\n<p>Oavsett om du \u00e4r ett inbitet fan eller en erfaren samlare, \u00e4r dessa f\u00f6rem\u00e5l definitivt n\u00e5got f\u00f6r dig. Perfekta att ge bort, dekorera eller samla, dessa f\u00f6rem\u00e5l kommer att f\u00f6rb\u00e4ttra din samling.<strong> ditt One Piece-universum<\/strong>. Ta ditt \u00f6de i dina egna h\u00e4nder, unge pirat., <strong>One Piece-skatten<\/strong> n\u2019attend que toi !<\/p>\n<h2>Information om Kid-figuren fr\u00e5n The Worst Generation\u00a0<\/h2>\n<ul>\n<li><span><b><u>One Piece-figur<\/u><\/b>\u00a0: Figurine\u00a0 premium de l\u2019univers One Piece pour les vrais pirates<\/span><\/li>\n<\/ul>\n<ul>\n<li>\n<b>Materia<\/b><span>\u00a0<\/span>PVC<\/li>\n<\/ul>\n<ul>\n<li><span><strong>Dimensionera<\/strong>\u00a0: 17 cm<\/span><\/li>\n<\/ul>\n<ul>\n<li><span><strong>FRI LEVERANS<\/strong><\/span><\/li>\n<\/ul>","protected":false},"excerpt":{"rendered":"<p>Jeune pirate, le moment est venu pour toi de te procurer cette Figurine One Piece Kid De La Pire G\u00e9n\u00e9ration. Voici ce que tu dois savoir au sujet de ce personnage ; Eustass ou \u00ab\u00a0Capitaine\u00a0\u00bb Kid est un pirate notoire, originaire de South Blue ainsi que le capitaine de L\u2019\u00c9quipage de Kid. Il fait partie [&hellip;]<\/p>","protected":false},"featured_media":17154,"comment_status":"open","ping_status":"open","template":"","meta":[],"product_brand":[],"product_cat":[76],"product_tag":[201],"class_list":{"0":"post-17152","1":"product","2":"type-product","3":"status-publish","4":"has-post-thumbnail","6":"product_cat-figurines-one-piece","7":"product_tag-kid","9":"first","10":"instock","11":"purchasable","12":"product-type-simple"},"yoast_head":"<!-- This site is optimized with the Yoast SEO plugin v27.5 - https:\/\/yoast.com\/product\/yoast-seo-wordpress\/ -->\n<title>Figurine One Piece Kid De La Pire G\u00e9n\u00e9ration \u2013 Boutique One Piece<\/title>\n<meta name=\"description\" content=\"Jeune pirate, le moment est venu pour toi de te procurer cette Figurine One Piece Kid De La Pire G\u00e9n\u00e9ration. Voici ce que tu dois savoir au sujet de ce personnage ; Eustass ou &quot;Capitaine&quot; Kid est un pirate notoire, originaire de South Blue ainsi que le capitaine de L&#039;\u00c9quipage de Kid. Il fait partie des Onze Supernovae\" \/>\n<meta name=\"robots\" content=\"index, follow, max-snippet:-1, max-image-preview:large, max-video-preview:-1\" \/>\n<link rel=\"canonical\" href=\"https:\/\/boutique-one-piece.com\/sv\/one-piece-figurer\/one-piece-barnfigur-fran-den-varsta-generationen\/\" \/>\n<meta property=\"og:locale\" content=\"sv_SE\" \/>\n<meta property=\"og:type\" content=\"article\" \/>\n<meta property=\"og:title\" content=\"Figurine One Piece Kid De La Pire G\u00e9n\u00e9ration \u2013 Boutique One Piece\" \/>\n<meta property=\"og:description\" content=\"Jeune pirate, le moment est venu pour toi de te procurer cette Figurine One Piece Kid De La Pire G\u00e9n\u00e9ration. Voici ce que tu dois savoir au sujet de ce personnage ; Eustass ou &quot;Capitaine&quot; Kid est un pirate notoire, originaire de South Blue ainsi que le capitaine de L&#039;\u00c9quipage de Kid. Il fait partie des Onze Supernovae\" \/>\n<meta property=\"og:url\" content=\"https:\/\/boutique-one-piece.com\/sv\/one-piece-figurer\/one-piece-barnfigur-fran-den-varsta-generationen\/\" \/>\n<meta property=\"og:site_name\" content=\"Boutique One Piece\" \/>\n<meta property=\"article:modified_time\" content=\"2024-09-16T14:59:49+00:00\" \/>\n<meta property=\"og:image\" content=\"https:\/\/boutique-one-piece.com\/wp-content\/uploads\/2022\/09\/Figurine-One-Piece-Kid-De-La-Pire-Generation-1.jpg\" \/>\n\t<meta property=\"og:image:width\" content=\"786\" \/>\n\t<meta property=\"og:image:height\" content=\"786\" \/>\n\t<meta property=\"og:image:type\" content=\"image\/jpeg\" \/>\n<meta name=\"twitter:card\" content=\"summary_large_image\" \/>\n<meta name=\"twitter:label1\" content=\"Ber\u00e4knad l\u00e4stid\" \/>\n\t<meta name=\"twitter:data1\" content=\"1 minut\" \/>\n<script type=\"application\/ld+json\" class=\"yoast-schema-graph\">{\"@context\":\"https:\\\/\\\/schema.org\",\"@graph\":[{\"@type\":\"WebPage\",\"@id\":\"https:\\\/\\\/boutique-one-piece.com\\\/figurines-one-piece\\\/figurine-one-piece-kid-de-la-pire-generation\\\/\",\"url\":\"https:\\\/\\\/boutique-one-piece.com\\\/figurines-one-piece\\\/figurine-one-piece-kid-de-la-pire-generation\\\/\",\"name\":\"Figurine One Piece Kid De La Pire G\u00e9n\u00e9ration \u2013 Boutique One Piece\",\"isPartOf\":{\"@id\":\"https:\\\/\\\/boutique-one-piece.com\\\/#website\"},\"primaryImageOfPage\":{\"@id\":\"https:\\\/\\\/boutique-one-piece.com\\\/figurines-one-piece\\\/figurine-one-piece-kid-de-la-pire-generation\\\/#primaryimage\"},\"image\":{\"@id\":\"https:\\\/\\\/boutique-one-piece.com\\\/figurines-one-piece\\\/figurine-one-piece-kid-de-la-pire-generation\\\/#primaryimage\"},\"thumbnailUrl\":\"https:\\\/\\\/boutique-one-piece.com\\\/wp-content\\\/uploads\\\/2022\\\/09\\\/Figurine-One-Piece-Kid-De-La-Pire-Generation-1.jpg\",\"datePublished\":\"2022-09-27T21:57:58+00:00\",\"dateModified\":\"2024-09-16T14:59:49+00:00\",\"description\":\"Jeune pirate, le moment est venu pour toi de te procurer cette Figurine One Piece Kid De La Pire G\u00e9n\u00e9ration. Voici ce que tu dois savoir au sujet de ce personnage ; Eustass ou \\\"Capitaine\\\" Kid est un pirate notoire, originaire de South Blue ainsi que le capitaine de L'\u00c9quipage de Kid. Il fait partie des Onze Supernovae\",\"breadcrumb\":{\"@id\":\"https:\\\/\\\/boutique-one-piece.com\\\/figurines-one-piece\\\/figurine-one-piece-kid-de-la-pire-generation\\\/#breadcrumb\"},\"inLanguage\":\"sv-SE\",\"potentialAction\":[{\"@type\":\"ReadAction\",\"target\":[\"https:\\\/\\\/boutique-one-piece.com\\\/figurines-one-piece\\\/figurine-one-piece-kid-de-la-pire-generation\\\/\"]}]},{\"@type\":\"ImageObject\",\"inLanguage\":\"sv-SE\",\"@id\":\"https:\\\/\\\/boutique-one-piece.com\\\/figurines-one-piece\\\/figurine-one-piece-kid-de-la-pire-generation\\\/#primaryimage\",\"url\":\"https:\\\/\\\/boutique-one-piece.com\\\/wp-content\\\/uploads\\\/2022\\\/09\\\/Figurine-One-Piece-Kid-De-La-Pire-Generation-1.jpg\",\"contentUrl\":\"https:\\\/\\\/boutique-one-piece.com\\\/wp-content\\\/uploads\\\/2022\\\/09\\\/Figurine-One-Piece-Kid-De-La-Pire-Generation-1.jpg\",\"width\":786,\"height\":786},{\"@type\":\"BreadcrumbList\",\"@id\":\"https:\\\/\\\/boutique-one-piece.com\\\/figurines-one-piece\\\/figurine-one-piece-kid-de-la-pire-generation\\\/#breadcrumb\",\"itemListElement\":[{\"@type\":\"ListItem\",\"position\":1,\"name\":\"Home\",\"item\":\"https:\\\/\\\/boutique-one-piece.com\\\/\"},{\"@type\":\"ListItem\",\"position\":2,\"name\":\"Shop\",\"item\":\"https:\\\/\\\/boutique-one-piece.com\\\/shop\\\/\"},{\"@type\":\"ListItem\",\"position\":3,\"name\":\"Figurine One Piece Kid De La Pire G\u00e9n\u00e9ration\"}]},{\"@type\":\"WebSite\",\"@id\":\"https:\\\/\\\/boutique-one-piece.com\\\/#website\",\"url\":\"https:\\\/\\\/boutique-one-piece.com\\\/\",\"name\":\"Boutique One Piece\",\"description\":\"Magasin Sp\u00e9cialis\u00e9 du Manga et l&#039;Anime One Piece\",\"publisher\":{\"@id\":\"https:\\\/\\\/boutique-one-piece.com\\\/#organization\"},\"potentialAction\":[{\"@type\":\"SearchAction\",\"target\":{\"@type\":\"EntryPoint\",\"urlTemplate\":\"https:\\\/\\\/boutique-one-piece.com\\\/?s={search_term_string}\"},\"query-input\":{\"@type\":\"PropertyValueSpecification\",\"valueRequired\":true,\"valueName\":\"search_term_string\"}}],\"inLanguage\":\"sv-SE\"},{\"@type\":\"Organization\",\"@id\":\"https:\\\/\\\/boutique-one-piece.com\\\/#organization\",\"name\":\"Boutique One Piece\",\"url\":\"https:\\\/\\\/boutique-one-piece.com\\\/\",\"logo\":{\"@type\":\"ImageObject\",\"inLanguage\":\"sv-SE\",\"@id\":\"https:\\\/\\\/boutique-one-piece.com\\\/#\\\/schema\\\/logo\\\/image\\\/\",\"url\":\"https:\\\/\\\/boutique-one-piece.com\\\/wp-content\\\/uploads\\\/2022\\\/09\\\/Logo-01.png\",\"contentUrl\":\"https:\\\/\\\/boutique-one-piece.com\\\/wp-content\\\/uploads\\\/2022\\\/09\\\/Logo-01.png\",\"width\":2318,\"height\":957,\"caption\":\"Boutique One Piece\"},\"image\":{\"@id\":\"https:\\\/\\\/boutique-one-piece.com\\\/#\\\/schema\\\/logo\\\/image\\\/\"}}]}<\/script>\n<!-- \/ Yoast SEO plugin. -->","yoast_head_json":{"title":"One Piece Kid of the Worst Generation-figur \u2013 One Piece Shop","description":"Unge pirat, det \u00e4r dags f\u00f6r dig att f\u00e5 tag p\u00e5 den h\u00e4r One Piece Kid Worst Generation-figuren. H\u00e4r \u00e4r vad du beh\u00f6ver veta om den h\u00e4r karakt\u00e4ren: Eustass, eller &quot;Kapten&quot; Kid, \u00e4r en \u00f6k\u00e4nd pirat fr\u00e5n South Blue och kapten f\u00f6r Kid Pirates. Han \u00e4r en av de elva supernovorna.","robots":{"index":"index","follow":"follow","max-snippet":"max-snippet:-1","max-image-preview":"max-image-preview:large","max-video-preview":"max-video-preview:-1"},"canonical":"https:\/\/boutique-one-piece.com\/sv\/one-piece-figurer\/one-piece-barnfigur-fran-den-varsta-generationen\/","og_locale":"sv_SE","og_type":"article","og_title":"Figurine One Piece Kid De La Pire G\u00e9n\u00e9ration \u2013 Boutique One Piece","og_description":"Jeune pirate, le moment est venu pour toi de te procurer cette Figurine One Piece Kid De La Pire G\u00e9n\u00e9ration. Voici ce que tu dois savoir au sujet de ce personnage ; Eustass ou \"Capitaine\" Kid est un pirate notoire, originaire de South Blue ainsi que le capitaine de L'\u00c9quipage de Kid. Il fait partie des Onze Supernovae","og_url":"https:\/\/boutique-one-piece.com\/sv\/one-piece-figurer\/one-piece-barnfigur-fran-den-varsta-generationen\/","og_site_name":"Boutique One Piece","article_modified_time":"2024-09-16T14:59:49+00:00","og_image":[{"width":786,"height":786,"url":"https:\/\/boutique-one-piece.com\/wp-content\/uploads\/2022\/09\/Figurine-One-Piece-Kid-De-La-Pire-Generation-1.jpg","type":"image\/jpeg"}],"twitter_card":"summary_large_image","twitter_misc":{"Ber\u00e4knad l\u00e4stid":"1 minut"},"schema":{"@context":"https:\/\/schema.org","@graph":[{"@type":"WebPage","@id":"https:\/\/boutique-one-piece.com\/figurines-one-piece\/figurine-one-piece-kid-de-la-pire-generation\/","url":"https:\/\/boutique-one-piece.com\/figurines-one-piece\/figurine-one-piece-kid-de-la-pire-generation\/","name":"One Piece Kid of the Worst Generation-figur \u2013 One Piece Shop","isPartOf":{"@id":"https:\/\/boutique-one-piece.com\/#website"},"primaryImageOfPage":{"@id":"https:\/\/boutique-one-piece.com\/figurines-one-piece\/figurine-one-piece-kid-de-la-pire-generation\/#primaryimage"},"image":{"@id":"https:\/\/boutique-one-piece.com\/figurines-one-piece\/figurine-one-piece-kid-de-la-pire-generation\/#primaryimage"},"thumbnailUrl":"https:\/\/boutique-one-piece.com\/wp-content\/uploads\/2022\/09\/Figurine-One-Piece-Kid-De-La-Pire-Generation-1.jpg","datePublished":"2022-09-27T21:57:58+00:00","dateModified":"2024-09-16T14:59:49+00:00","description":"Unge pirat, det \u00e4r dags f\u00f6r dig att f\u00e5 tag p\u00e5 den h\u00e4r One Piece Kid Worst Generation-figuren. H\u00e4r \u00e4r vad du beh\u00f6ver veta om den h\u00e4r karakt\u00e4ren: Eustass, eller &quot;Kapten&quot; Kid, \u00e4r en \u00f6k\u00e4nd pirat fr\u00e5n South Blue och kapten f\u00f6r Kid Pirates. Han \u00e4r en av de elva supernovorna.","breadcrumb":{"@id":"https:\/\/boutique-one-piece.com\/figurines-one-piece\/figurine-one-piece-kid-de-la-pire-generation\/#breadcrumb"},"inLanguage":"sv-SE","potentialAction":[{"@type":"ReadAction","target":["https:\/\/boutique-one-piece.com\/figurines-one-piece\/figurine-one-piece-kid-de-la-pire-generation\/"]}]},{"@type":"ImageObject","inLanguage":"sv-SE","@id":"https:\/\/boutique-one-piece.com\/figurines-one-piece\/figurine-one-piece-kid-de-la-pire-generation\/#primaryimage","url":"https:\/\/boutique-one-piece.com\/wp-content\/uploads\/2022\/09\/Figurine-One-Piece-Kid-De-La-Pire-Generation-1.jpg","contentUrl":"https:\/\/boutique-one-piece.com\/wp-content\/uploads\/2022\/09\/Figurine-One-Piece-Kid-De-La-Pire-Generation-1.jpg","width":786,"height":786},{"@type":"BreadcrumbList","@id":"https:\/\/boutique-one-piece.com\/figurines-one-piece\/figurine-one-piece-kid-de-la-pire-generation\/#breadcrumb","itemListElement":[{"@type":"ListItem","position":1,"name":"Home","item":"https:\/\/boutique-one-piece.com\/"},{"@type":"ListItem","position":2,"name":"Shop","item":"https:\/\/boutique-one-piece.com\/shop\/"},{"@type":"ListItem","position":3,"name":"Figurine One Piece Kid De La Pire G\u00e9n\u00e9ration"}]},{"@type":"WebSite","@id":"https:\/\/boutique-one-piece.com\/#website","url":"https:\/\/boutique-one-piece.com\/","name":"One Piece-butik","description":"Specialbutik f\u00f6r One Piece Manga och Anime","publisher":{"@id":"https:\/\/boutique-one-piece.com\/#organization"},"potentialAction":[{"@type":"SearchAction","target":{"@type":"EntryPoint","urlTemplate":"https:\/\/boutique-one-piece.com\/?s={search_term_string}"},"query-input":{"@type":"PropertyValueSpecification","valueRequired":true,"valueName":"search_term_string"}}],"inLanguage":"sv-SE"},{"@type":"Organization","@id":"https:\/\/boutique-one-piece.com\/#organization","name":"One Piece-butik","url":"https:\/\/boutique-one-piece.com\/","logo":{"@type":"ImageObject","inLanguage":"sv-SE","@id":"https:\/\/boutique-one-piece.com\/#\/schema\/logo\/image\/","url":"https:\/\/boutique-one-piece.com\/wp-content\/uploads\/2022\/09\/Logo-01.png","contentUrl":"https:\/\/boutique-one-piece.com\/wp-content\/uploads\/2022\/09\/Logo-01.png","width":2318,"height":957,"caption":"Boutique One Piece"},"image":{"@id":"https:\/\/boutique-one-piece.com\/#\/schema\/logo\/image\/"}}]}},"_links":{"self":[{"href":"https:\/\/boutique-one-piece.com\/sv\/wp-json\/wp\/v2\/product\/17152","targetHints":{"allow":["GET"]}}],"collection":[{"href":"https:\/\/boutique-one-piece.com\/sv\/wp-json\/wp\/v2\/product"}],"about":[{"href":"https:\/\/boutique-one-piece.com\/sv\/wp-json\/wp\/v2\/types\/product"}],"replies":[{"embeddable":true,"href":"https:\/\/boutique-one-piece.com\/sv\/wp-json\/wp\/v2\/comments?post=17152"}],"wp:featuredmedia":[{"embeddable":true,"href":"https:\/\/boutique-one-piece.com\/sv\/wp-json\/wp\/v2\/media\/17154"}],"wp:attachment":[{"href":"https:\/\/boutique-one-piece.com\/sv\/wp-json\/wp\/v2\/media?parent=17152"}],"wp:term":[{"taxonomy":"product_brand","embeddable":true,"href":"https:\/\/boutique-one-piece.com\/sv\/wp-json\/wp\/v2\/product_brand?post=17152"},{"taxonomy":"product_cat","embeddable":true,"href":"https:\/\/boutique-one-piece.com\/sv\/wp-json\/wp\/v2\/product_cat?post=17152"},{"taxonomy":"product_tag","embeddable":true,"href":"https:\/\/boutique-one-piece.com\/sv\/wp-json\/wp\/v2\/product_tag?post=17152"}],"curies":[{"name":"wp","href":"https:\/\/api.w.org\/{rel}","templated":true}]}}