{"id":17273,"date":"2022-09-27T22:00:14","date_gmt":"2022-09-27T22:00:14","guid":{"rendered":"https:\/\/boutique-one-piece.com\/uncategorized\/tableau-one-piece-fan-art-ace-aux-poing-ardent\/"},"modified":"2024-09-16T15:03:32","modified_gmt":"2024-09-16T15:03:32","slug":"one-piece-fan-art-malning-av-ace-med-den-brinnande-naven","status":"publish","type":"product","link":"https:\/\/boutique-one-piece.com\/sv\/one-piece-dekorationer\/one-piece-fan-art-malning-av-ace-med-den-brinnande-naven\/","title":{"rendered":"One Piece fanart-m\u00e5lning av Ace med eldn\u00e4var"},"content":{"rendered":"<p><span><strong>Slag:<\/strong> Canvastavlor<\/span><br \/><span><strong>\u00c4mnen:<\/strong> Animation<\/span><br \/><span><strong>Bildl\u00e4ge:<\/strong> Oinramad<\/span><br \/><span><strong>Material:<\/strong> Duk<\/span><br \/><span><strong>Stil:<\/strong> Klassisk<\/span><br \/><span><strong>Ram:<\/strong> Ja<\/span><br \/><span><strong>Medium:<\/strong> Olja<\/span><br \/><span><strong>Basst\u00f6d:<\/strong> Duk<\/span><br \/><span><strong>Form:<\/strong> Kombinerad<\/span><br \/><span><strong>Teknik:<\/strong> Spraym\u00e5lning<\/span><br \/><span><strong>Modellnummer:<\/strong> M\u00e5lning<\/span><br \/><span><strong>Form:<\/strong> Oregelbunden<\/span><br \/><span><strong>Original:<\/strong> Ja<\/span><br \/><span><strong>Material:<\/strong> H\u00f6gkvalitativ duk<\/span><br \/><span><strong>Oljem\u00e5lningsstil:<\/strong> Moderna v\u00e4ggkonst Gicl\u00e9e-tryck<\/span><br \/><span><strong>Bildmaterial:<\/strong> Gr\u00f6nt bl\u00e4cktryck p\u00e5 duk<\/span><br \/><span><strong>Med eller utan ram:<\/strong> Endast canvas (kontakta oss f\u00f6r inramade exemplar)<\/span><br \/><span><strong>M\u00e5lningsstil och teknik:<\/strong> Moderna dekorativa canvastavlor<\/span><br \/><span><strong>Bel\u00e4ggning:<\/strong> UV, Vattent\u00e4t, Fuktt\u00e4t<\/span><br \/><span><strong>Dekoration:<\/strong> Vardagsrum, sovrum, barnrum, kontor, kaf\u00e9er, hotell, restaurang<\/span><br \/><span><strong>Modern m\u00e5lning:<\/strong> Tryckt oljem\u00e5lning<\/span><br \/><span><strong>Form:<\/strong> Rektangel<\/span><br \/><span><strong>Konstverk:<\/strong> Canvastavlor<\/span><\/p>","protected":false},"excerpt":{"rendered":"<p>Typ: Canvastavlor\u00c4mnen: AnimeringBildl\u00e4ge: OinramadMaterial: CanvasStil: KlassiskRam: JaMedium: OljaSt\u00f6dbas: CanvasForm: KombineradTeknik: Spraym\u00e5lningModellnummer: M\u00e5lningForm: OregelbundenOriginal: JaMaterial: H\u00f6gkvalitativ canvasOljem\u00e5lningsstil: Modern v\u00e4ggkonst Gicl\u00e9e-tryckBildmaterial: Gr\u00f6nt bl\u00e4cktryck p\u00e5 canvasMed ram eller inte: Endast canvas (kontakta oss f\u00f6r inramade)M\u00e5lningsstil och teknik: Moderna dekorativa canvastryckYtbehandling: UV, vattent\u00e4t, fuktt\u00e4tDekoration: Vardagsrum, [\u2026]<\/p>","protected":false},"featured_media":17275,"comment_status":"open","ping_status":"open","template":"","meta":[],"product_brand":[],"product_cat":[150],"product_tag":[],"class_list":{"0":"post-17273","1":"product","2":"type-product","3":"status-publish","4":"has-post-thumbnail","6":"product_cat-decorations-one-piece","8":"first","9":"instock","10":"purchasable","11":"product-type-variable","12":"has-default-attributes"},"yoast_head":"<!-- This site is optimized with the Yoast SEO plugin v27.5 - https:\/\/yoast.com\/product\/yoast-seo-wordpress\/ -->\n<title>Tableau One Piece Fan Art Ace Aux Poing Ardent \u2013 Boutique One Piece<\/title>\n<meta name=\"description\" content=\"Type: Canvas PrintingsSubjects: AnimationFrame mode: UnframedMaterial: CanvasStyle: ClassicalFrame: YesMedium: OilSupport Base: CanvasForm: CombinedTechnics: Spray PaintingModel Number: PaintingShape: IrregularOriginal: YesMeterial: High Quality CanvasOil Painting Style: Modern Wall Art Giclee PrintsPicure Material: Gr\" \/>\n<meta name=\"robots\" content=\"index, follow, max-snippet:-1, max-image-preview:large, max-video-preview:-1\" \/>\n<link rel=\"canonical\" href=\"https:\/\/boutique-one-piece.com\/sv\/one-piece-dekorationer\/one-piece-fan-art-malning-av-ace-med-den-brinnande-naven\/\" \/>\n<meta property=\"og:locale\" content=\"sv_SE\" \/>\n<meta property=\"og:type\" content=\"article\" \/>\n<meta property=\"og:title\" content=\"Tableau One Piece Fan Art Ace Aux Poing Ardent \u2013 Boutique One Piece\" \/>\n<meta property=\"og:description\" content=\"Type: Canvas PrintingsSubjects: AnimationFrame mode: UnframedMaterial: CanvasStyle: ClassicalFrame: YesMedium: OilSupport Base: CanvasForm: CombinedTechnics: Spray PaintingModel Number: PaintingShape: IrregularOriginal: YesMeterial: High Quality CanvasOil Painting Style: Modern Wall Art Giclee PrintsPicure Material: Gr\" \/>\n<meta property=\"og:url\" content=\"https:\/\/boutique-one-piece.com\/sv\/one-piece-dekorationer\/one-piece-fan-art-malning-av-ace-med-den-brinnande-naven\/\" \/>\n<meta property=\"og:site_name\" content=\"Boutique One Piece\" \/>\n<meta property=\"article:modified_time\" content=\"2024-09-16T15:03:32+00:00\" \/>\n<meta property=\"og:image\" content=\"https:\/\/boutique-one-piece.com\/wp-content\/uploads\/2022\/09\/Tableau-One-Piece-Fan-Art-Ace-Aux-Poing-Ardent.jpg\" \/>\n\t<meta property=\"og:image:width\" content=\"640\" \/>\n\t<meta property=\"og:image:height\" content=\"640\" \/>\n\t<meta property=\"og:image:type\" content=\"image\/jpeg\" \/>\n<meta name=\"twitter:card\" content=\"summary_large_image\" \/>\n<script type=\"application\/ld+json\" class=\"yoast-schema-graph\">{\"@context\":\"https:\\\/\\\/schema.org\",\"@graph\":[{\"@type\":\"WebPage\",\"@id\":\"https:\\\/\\\/boutique-one-piece.com\\\/decorations-one-piece\\\/tableau-one-piece-fan-art-ace-aux-poing-ardent\\\/\",\"url\":\"https:\\\/\\\/boutique-one-piece.com\\\/decorations-one-piece\\\/tableau-one-piece-fan-art-ace-aux-poing-ardent\\\/\",\"name\":\"Tableau One Piece Fan Art Ace Aux Poing Ardent \u2013 Boutique One Piece\",\"isPartOf\":{\"@id\":\"https:\\\/\\\/boutique-one-piece.com\\\/#website\"},\"primaryImageOfPage\":{\"@id\":\"https:\\\/\\\/boutique-one-piece.com\\\/decorations-one-piece\\\/tableau-one-piece-fan-art-ace-aux-poing-ardent\\\/#primaryimage\"},\"image\":{\"@id\":\"https:\\\/\\\/boutique-one-piece.com\\\/decorations-one-piece\\\/tableau-one-piece-fan-art-ace-aux-poing-ardent\\\/#primaryimage\"},\"thumbnailUrl\":\"https:\\\/\\\/boutique-one-piece.com\\\/wp-content\\\/uploads\\\/2022\\\/09\\\/Tableau-One-Piece-Fan-Art-Ace-Aux-Poing-Ardent.jpg\",\"datePublished\":\"2022-09-27T22:00:14+00:00\",\"dateModified\":\"2024-09-16T15:03:32+00:00\",\"description\":\"Type: Canvas PrintingsSubjects: AnimationFrame mode: UnframedMaterial: CanvasStyle: ClassicalFrame: YesMedium: OilSupport Base: CanvasForm: CombinedTechnics: Spray PaintingModel Number: PaintingShape: IrregularOriginal: YesMeterial: High Quality CanvasOil Painting Style: Modern Wall Art Giclee PrintsPicure Material: Gr\",\"breadcrumb\":{\"@id\":\"https:\\\/\\\/boutique-one-piece.com\\\/decorations-one-piece\\\/tableau-one-piece-fan-art-ace-aux-poing-ardent\\\/#breadcrumb\"},\"inLanguage\":\"sv-SE\",\"potentialAction\":[{\"@type\":\"ReadAction\",\"target\":[\"https:\\\/\\\/boutique-one-piece.com\\\/decorations-one-piece\\\/tableau-one-piece-fan-art-ace-aux-poing-ardent\\\/\"]}]},{\"@type\":\"ImageObject\",\"inLanguage\":\"sv-SE\",\"@id\":\"https:\\\/\\\/boutique-one-piece.com\\\/decorations-one-piece\\\/tableau-one-piece-fan-art-ace-aux-poing-ardent\\\/#primaryimage\",\"url\":\"https:\\\/\\\/boutique-one-piece.com\\\/wp-content\\\/uploads\\\/2022\\\/09\\\/Tableau-One-Piece-Fan-Art-Ace-Aux-Poing-Ardent.jpg\",\"contentUrl\":\"https:\\\/\\\/boutique-one-piece.com\\\/wp-content\\\/uploads\\\/2022\\\/09\\\/Tableau-One-Piece-Fan-Art-Ace-Aux-Poing-Ardent.jpg\",\"width\":640,\"height\":640,\"caption\":\"Tableau One Piece Fan Art Ace Aux Poing Ardent 60x85cm Frame HE2981-05\"},{\"@type\":\"BreadcrumbList\",\"@id\":\"https:\\\/\\\/boutique-one-piece.com\\\/decorations-one-piece\\\/tableau-one-piece-fan-art-ace-aux-poing-ardent\\\/#breadcrumb\",\"itemListElement\":[{\"@type\":\"ListItem\",\"position\":1,\"name\":\"Home\",\"item\":\"https:\\\/\\\/boutique-one-piece.com\\\/\"},{\"@type\":\"ListItem\",\"position\":2,\"name\":\"Shop\",\"item\":\"https:\\\/\\\/boutique-one-piece.com\\\/shop\\\/\"},{\"@type\":\"ListItem\",\"position\":3,\"name\":\"Tableau One Piece Fan Art Ace Aux Poing Ardent\"}]},{\"@type\":\"WebSite\",\"@id\":\"https:\\\/\\\/boutique-one-piece.com\\\/#website\",\"url\":\"https:\\\/\\\/boutique-one-piece.com\\\/\",\"name\":\"Boutique One Piece\",\"description\":\"Magasin Sp\u00e9cialis\u00e9 du Manga et l&#039;Anime One Piece\",\"publisher\":{\"@id\":\"https:\\\/\\\/boutique-one-piece.com\\\/#organization\"},\"potentialAction\":[{\"@type\":\"SearchAction\",\"target\":{\"@type\":\"EntryPoint\",\"urlTemplate\":\"https:\\\/\\\/boutique-one-piece.com\\\/?s={search_term_string}\"},\"query-input\":{\"@type\":\"PropertyValueSpecification\",\"valueRequired\":true,\"valueName\":\"search_term_string\"}}],\"inLanguage\":\"sv-SE\"},{\"@type\":\"Organization\",\"@id\":\"https:\\\/\\\/boutique-one-piece.com\\\/#organization\",\"name\":\"Boutique One Piece\",\"url\":\"https:\\\/\\\/boutique-one-piece.com\\\/\",\"logo\":{\"@type\":\"ImageObject\",\"inLanguage\":\"sv-SE\",\"@id\":\"https:\\\/\\\/boutique-one-piece.com\\\/#\\\/schema\\\/logo\\\/image\\\/\",\"url\":\"https:\\\/\\\/boutique-one-piece.com\\\/wp-content\\\/uploads\\\/2022\\\/09\\\/Logo-01.png\",\"contentUrl\":\"https:\\\/\\\/boutique-one-piece.com\\\/wp-content\\\/uploads\\\/2022\\\/09\\\/Logo-01.png\",\"width\":2318,\"height\":957,\"caption\":\"Boutique One Piece\"},\"image\":{\"@id\":\"https:\\\/\\\/boutique-one-piece.com\\\/#\\\/schema\\\/logo\\\/image\\\/\"}}]}<\/script>\n<!-- \/ Yoast SEO plugin. -->","yoast_head_json":{"title":"One Piece Fan Art-tryck av Ace med eldn\u00e4var \u2013 One Piece Shop","description":"Typ: CanvastavlorMotiv: AnimeringBildl\u00e4ge: OinramadMaterial: CanvasStil: KlassiskRam: JaMedium: OljaSt\u00f6dbas: CanvasForm: KombineradTeknik: Spraym\u00e5lningModellnummer: M\u00e5lningForm: OregelbundenOriginal: JaMaterial: H\u00f6gkvalitativ canvasOljem\u00e5lningsstil: Modern v\u00e4ggkonst Gicl\u00e9e-tryckBildmaterial: Gr","robots":{"index":"index","follow":"follow","max-snippet":"max-snippet:-1","max-image-preview":"max-image-preview:large","max-video-preview":"max-video-preview:-1"},"canonical":"https:\/\/boutique-one-piece.com\/sv\/one-piece-dekorationer\/one-piece-fan-art-malning-av-ace-med-den-brinnande-naven\/","og_locale":"sv_SE","og_type":"article","og_title":"Tableau One Piece Fan Art Ace Aux Poing Ardent \u2013 Boutique One Piece","og_description":"Type: Canvas PrintingsSubjects: AnimationFrame mode: UnframedMaterial: CanvasStyle: ClassicalFrame: YesMedium: OilSupport Base: CanvasForm: CombinedTechnics: Spray PaintingModel Number: PaintingShape: IrregularOriginal: YesMeterial: High Quality CanvasOil Painting Style: Modern Wall Art Giclee PrintsPicure Material: Gr","og_url":"https:\/\/boutique-one-piece.com\/sv\/one-piece-dekorationer\/one-piece-fan-art-malning-av-ace-med-den-brinnande-naven\/","og_site_name":"Boutique One Piece","article_modified_time":"2024-09-16T15:03:32+00:00","og_image":[{"width":640,"height":640,"url":"https:\/\/boutique-one-piece.com\/wp-content\/uploads\/2022\/09\/Tableau-One-Piece-Fan-Art-Ace-Aux-Poing-Ardent.jpg","type":"image\/jpeg"}],"twitter_card":"summary_large_image","schema":{"@context":"https:\/\/schema.org","@graph":[{"@type":"WebPage","@id":"https:\/\/boutique-one-piece.com\/decorations-one-piece\/tableau-one-piece-fan-art-ace-aux-poing-ardent\/","url":"https:\/\/boutique-one-piece.com\/decorations-one-piece\/tableau-one-piece-fan-art-ace-aux-poing-ardent\/","name":"One Piece Fan Art-tryck av Ace med eldn\u00e4var \u2013 One Piece Shop","isPartOf":{"@id":"https:\/\/boutique-one-piece.com\/#website"},"primaryImageOfPage":{"@id":"https:\/\/boutique-one-piece.com\/decorations-one-piece\/tableau-one-piece-fan-art-ace-aux-poing-ardent\/#primaryimage"},"image":{"@id":"https:\/\/boutique-one-piece.com\/decorations-one-piece\/tableau-one-piece-fan-art-ace-aux-poing-ardent\/#primaryimage"},"thumbnailUrl":"https:\/\/boutique-one-piece.com\/wp-content\/uploads\/2022\/09\/Tableau-One-Piece-Fan-Art-Ace-Aux-Poing-Ardent.jpg","datePublished":"2022-09-27T22:00:14+00:00","dateModified":"2024-09-16T15:03:32+00:00","description":"Typ: CanvastavlorMotiv: AnimeringBildl\u00e4ge: OinramadMaterial: CanvasStil: KlassiskRam: JaMedium: OljaSt\u00f6dbas: CanvasForm: KombineradTeknik: Spraym\u00e5lningModellnummer: M\u00e5lningForm: OregelbundenOriginal: JaMaterial: H\u00f6gkvalitativ canvasOljem\u00e5lningsstil: Modern v\u00e4ggkonst Gicl\u00e9e-tryckBildmaterial: Gr","breadcrumb":{"@id":"https:\/\/boutique-one-piece.com\/decorations-one-piece\/tableau-one-piece-fan-art-ace-aux-poing-ardent\/#breadcrumb"},"inLanguage":"sv-SE","potentialAction":[{"@type":"ReadAction","target":["https:\/\/boutique-one-piece.com\/decorations-one-piece\/tableau-one-piece-fan-art-ace-aux-poing-ardent\/"]}]},{"@type":"ImageObject","inLanguage":"sv-SE","@id":"https:\/\/boutique-one-piece.com\/decorations-one-piece\/tableau-one-piece-fan-art-ace-aux-poing-ardent\/#primaryimage","url":"https:\/\/boutique-one-piece.com\/wp-content\/uploads\/2022\/09\/Tableau-One-Piece-Fan-Art-Ace-Aux-Poing-Ardent.jpg","contentUrl":"https:\/\/boutique-one-piece.com\/wp-content\/uploads\/2022\/09\/Tableau-One-Piece-Fan-Art-Ace-Aux-Poing-Ardent.jpg","width":640,"height":640,"caption":"Tableau One Piece Fan Art Ace Aux Poing Ardent 60x85cm Frame HE2981-05"},{"@type":"BreadcrumbList","@id":"https:\/\/boutique-one-piece.com\/decorations-one-piece\/tableau-one-piece-fan-art-ace-aux-poing-ardent\/#breadcrumb","itemListElement":[{"@type":"ListItem","position":1,"name":"Home","item":"https:\/\/boutique-one-piece.com\/"},{"@type":"ListItem","position":2,"name":"Shop","item":"https:\/\/boutique-one-piece.com\/shop\/"},{"@type":"ListItem","position":3,"name":"Tableau One Piece Fan Art Ace Aux Poing Ardent"}]},{"@type":"WebSite","@id":"https:\/\/boutique-one-piece.com\/#website","url":"https:\/\/boutique-one-piece.com\/","name":"One Piece-butik","description":"Specialbutik f\u00f6r One Piece Manga och Anime","publisher":{"@id":"https:\/\/boutique-one-piece.com\/#organization"},"potentialAction":[{"@type":"SearchAction","target":{"@type":"EntryPoint","urlTemplate":"https:\/\/boutique-one-piece.com\/?s={search_term_string}"},"query-input":{"@type":"PropertyValueSpecification","valueRequired":true,"valueName":"search_term_string"}}],"inLanguage":"sv-SE"},{"@type":"Organization","@id":"https:\/\/boutique-one-piece.com\/#organization","name":"One Piece-butik","url":"https:\/\/boutique-one-piece.com\/","logo":{"@type":"ImageObject","inLanguage":"sv-SE","@id":"https:\/\/boutique-one-piece.com\/#\/schema\/logo\/image\/","url":"https:\/\/boutique-one-piece.com\/wp-content\/uploads\/2022\/09\/Logo-01.png","contentUrl":"https:\/\/boutique-one-piece.com\/wp-content\/uploads\/2022\/09\/Logo-01.png","width":2318,"height":957,"caption":"Boutique One Piece"},"image":{"@id":"https:\/\/boutique-one-piece.com\/#\/schema\/logo\/image\/"}}]}},"_links":{"self":[{"href":"https:\/\/boutique-one-piece.com\/sv\/wp-json\/wp\/v2\/product\/17273","targetHints":{"allow":["GET"]}}],"collection":[{"href":"https:\/\/boutique-one-piece.com\/sv\/wp-json\/wp\/v2\/product"}],"about":[{"href":"https:\/\/boutique-one-piece.com\/sv\/wp-json\/wp\/v2\/types\/product"}],"replies":[{"embeddable":true,"href":"https:\/\/boutique-one-piece.com\/sv\/wp-json\/wp\/v2\/comments?post=17273"}],"wp:featuredmedia":[{"embeddable":true,"href":"https:\/\/boutique-one-piece.com\/sv\/wp-json\/wp\/v2\/media\/17275"}],"wp:attachment":[{"href":"https:\/\/boutique-one-piece.com\/sv\/wp-json\/wp\/v2\/media?parent=17273"}],"wp:term":[{"taxonomy":"product_brand","embeddable":true,"href":"https:\/\/boutique-one-piece.com\/sv\/wp-json\/wp\/v2\/product_brand?post=17273"},{"taxonomy":"product_cat","embeddable":true,"href":"https:\/\/boutique-one-piece.com\/sv\/wp-json\/wp\/v2\/product_cat?post=17273"},{"taxonomy":"product_tag","embeddable":true,"href":"https:\/\/boutique-one-piece.com\/sv\/wp-json\/wp\/v2\/product_tag?post=17273"}],"curies":[{"name":"wp","href":"https:\/\/api.w.org\/{rel}","templated":true}]}}