{"id":17408,"date":"2022-09-27T22:01:17","date_gmt":"2022-09-27T22:01:17","guid":{"rendered":"https:\/\/boutique-one-piece.com\/uncategorized\/coque-one-piece-dark-luffy\/"},"modified":"2024-09-16T15:07:49","modified_gmt":"2024-09-16T15:07:49","slug":"one-piece-dark-luffy-fodral","status":"publish","type":"product","link":"https:\/\/boutique-one-piece.com\/sv\/one-piece-tillbehor\/one-piece-dark-luffy-fodral\/","title":{"rendered":"One Piece Dark Luffy-fodral"},"content":{"rendered":"<p><span><strong>Varum\u00e4rke<\/strong> IMIDO<\/span><br \/><span><strong>Slag:<\/strong> Halvf\u00f6rpackat fodral<\/span><br \/><span><strong>Drag<\/strong> One Piece Monkey D. Luffy<\/span><br \/><span><strong>Kompatibelt m\u00e4rke:<\/strong> Huawei<\/span><br \/><span><strong>Kompatibel Huawei-modell:<\/strong> P30 Lite<\/span><br \/><span><strong>Design:<\/strong> Geometrisk<\/span><br \/><span><strong>Design:<\/strong> Citat och meddelanden<\/span><br \/><span><strong>Design:<\/strong> Vanlig<\/span><br \/><span><strong>Design:<\/strong> Djur<\/span><br \/><span><strong>Design:<\/strong> Transparent<\/span><br \/><span><strong>Design:<\/strong> enh\u00f6rning<\/span><br \/><span><strong>Design:<\/strong> Blommig<\/span><br \/><span><strong>Design:<\/strong> Marmor<\/span><br \/><span><strong>Design:<\/strong> Flamingo<\/span><br \/><span><strong>Design:<\/strong> Tecknad film<\/span><br \/><span><strong>Fungera:<\/strong> Smutsbest\u00e4ndig<\/span><br \/><span><strong>Fungera:<\/strong> Knackningsskydd<\/span><br \/><span><strong>Design:<\/strong> Originalm\u00e5lning HD (h\u00f6g uppl\u00f6sning)<\/span><br \/><span><strong>Material:<\/strong> H\u00f6gkvalitativt silikonfodral i mjukt TPU-material 100% Nytt<\/span><br \/><span><strong>Funktioner 1:<\/strong> Unikt anpassningsbart mjukt gummiskal f\u00f6r mobilen<\/span><br \/><span><strong>Funktioner 2:<\/strong> Moderiktigt m\u00f6nstrat tryckfodral<\/span><br \/><span><strong>Trendigt fodral till Huawei P40PRO:<\/strong> Popul\u00e4rt telefonskal f\u00f6r Huawei P30PRO P30LITE P20PRO P20LITE P10LITE<\/span><br \/><span><strong>Presentfodral f\u00f6r MATE20LITE:<\/strong> Bumper Phone Cover f\u00f6r Huawei MATE10LITE MATE10PRO MATE20PRO<\/span><br \/><span><strong>Fodral till MATE30LITE:<\/strong> Mobilskal med skal f\u00f6r HUAWEI MATE30PRO PSMARTZ PSMART2019 2018+<\/span><br \/><span><strong>Fler telefonmodeller:<\/strong> V\u00e4nligen kontakta oss<\/span><br \/><span><strong>I lager<\/strong> Ja<\/span><br \/><span><strong>F\u00f6rs\u00e4ljningsl\u00e4ge:<\/strong> Detaljhandel eller grossist<\/span><\/p>","protected":false},"excerpt":{"rendered":"<p>Varum\u00e4rke: IMIDOTyp: Halvf\u00f6rpackat fodralFunktioner: One Piece Monkey D LuffyKompatibelt m\u00e4rke: HuaweiKompatibel Huawei-modell: P30 LiteDesign: GeometriskDesign: Citat och meddelandenDesign: Enf\u00e4rgadDesign: DjurDesign: TransparentDesign: Enh\u00f6rningDesign: BlommigDesign: MarmorDesign: FlamingoDesign: Tecknad filmFunktion: SmutsavvisandeFunktion: Knackningsbest\u00e4ndigDesign: Originalm\u00e5lning HD (high definition)Material: H\u00f6gkvalitativ silikon mjuk TPU 100% NyFunktioner1: Unikt anpassningsbart mjukt gummiskal f\u00f6r mobilenFunktioner2: Moderiktigt m\u00f6nstrat tryckfodralTrendfodral f\u00f6r [\u2026]<\/p>","protected":false},"featured_media":17410,"comment_status":"open","ping_status":"open","template":"","meta":[],"product_brand":[],"product_cat":[409],"product_tag":[],"class_list":{"0":"post-17408","1":"product","2":"type-product","3":"status-publish","4":"has-post-thumbnail","6":"product_cat-accessoires-one-piece","8":"first","9":"instock","10":"purchasable","11":"product-type-variable","12":"has-default-attributes"},"yoast_head":"<!-- This site is optimized with the Yoast SEO plugin v27.5 - https:\/\/yoast.com\/product\/yoast-seo-wordpress\/ -->\n<title>Coque One Piece Dark Luffy \u2013 Boutique One Piece<\/title>\n<meta name=\"description\" content=\"Brand Name: IMIDOType: Half-wrapped CaseFeatures: One Piece Monkey D LuffyCompatible Brand: HuaweiCompatible Huawei Model: P30 LiteDesign: GeometricDesign: Quotes &amp; MessagesDesign: PlainDesign: AnimalDesign: TransparentDesign: unicornDesign: FloralDesign: MarbleDesign: FlamingoDesign: CartoonFunction: Dirt-resistan\" \/>\n<meta name=\"robots\" content=\"index, follow, max-snippet:-1, max-image-preview:large, max-video-preview:-1\" \/>\n<link rel=\"canonical\" href=\"https:\/\/boutique-one-piece.com\/sv\/one-piece-tillbehor\/one-piece-dark-luffy-fodral\/\" \/>\n<meta property=\"og:locale\" content=\"sv_SE\" \/>\n<meta property=\"og:type\" content=\"article\" \/>\n<meta property=\"og:title\" content=\"Coque One Piece Dark Luffy \u2013 Boutique One Piece\" \/>\n<meta property=\"og:description\" content=\"Brand Name: IMIDOType: Half-wrapped CaseFeatures: One Piece Monkey D LuffyCompatible Brand: HuaweiCompatible Huawei Model: P30 LiteDesign: GeometricDesign: Quotes &amp; MessagesDesign: PlainDesign: AnimalDesign: TransparentDesign: unicornDesign: FloralDesign: MarbleDesign: FlamingoDesign: CartoonFunction: Dirt-resistan\" \/>\n<meta property=\"og:url\" content=\"https:\/\/boutique-one-piece.com\/sv\/one-piece-tillbehor\/one-piece-dark-luffy-fodral\/\" \/>\n<meta property=\"og:site_name\" content=\"Boutique One Piece\" \/>\n<meta property=\"article:modified_time\" content=\"2024-09-16T15:07:49+00:00\" \/>\n<meta property=\"og:image\" content=\"https:\/\/boutique-one-piece.com\/wp-content\/uploads\/2022\/09\/Coque-One-Piece-Dark-Luffy.jpg\" \/>\n\t<meta property=\"og:image:width\" content=\"640\" \/>\n\t<meta property=\"og:image:height\" content=\"640\" \/>\n\t<meta property=\"og:image:type\" content=\"image\/jpeg\" \/>\n<meta name=\"twitter:card\" content=\"summary_large_image\" \/>\n<meta name=\"twitter:label1\" content=\"Ber\u00e4knad l\u00e4stid\" \/>\n\t<meta name=\"twitter:data1\" content=\"1 minut\" \/>\n<script type=\"application\/ld+json\" class=\"yoast-schema-graph\">{\"@context\":\"https:\\\/\\\/schema.org\",\"@graph\":[{\"@type\":\"WebPage\",\"@id\":\"https:\\\/\\\/boutique-one-piece.com\\\/accessoires-one-piece\\\/coque-one-piece-dark-luffy\\\/\",\"url\":\"https:\\\/\\\/boutique-one-piece.com\\\/accessoires-one-piece\\\/coque-one-piece-dark-luffy\\\/\",\"name\":\"Coque One Piece Dark Luffy \u2013 Boutique One Piece\",\"isPartOf\":{\"@id\":\"https:\\\/\\\/boutique-one-piece.com\\\/#website\"},\"primaryImageOfPage\":{\"@id\":\"https:\\\/\\\/boutique-one-piece.com\\\/accessoires-one-piece\\\/coque-one-piece-dark-luffy\\\/#primaryimage\"},\"image\":{\"@id\":\"https:\\\/\\\/boutique-one-piece.com\\\/accessoires-one-piece\\\/coque-one-piece-dark-luffy\\\/#primaryimage\"},\"thumbnailUrl\":\"https:\\\/\\\/boutique-one-piece.com\\\/wp-content\\\/uploads\\\/2022\\\/09\\\/Coque-One-Piece-Dark-Luffy.jpg\",\"datePublished\":\"2022-09-27T22:01:17+00:00\",\"dateModified\":\"2024-09-16T15:07:49+00:00\",\"description\":\"Brand Name: IMIDOType: Half-wrapped CaseFeatures: One Piece Monkey D LuffyCompatible Brand: HuaweiCompatible Huawei Model: P30 LiteDesign: GeometricDesign: Quotes & MessagesDesign: PlainDesign: AnimalDesign: TransparentDesign: unicornDesign: FloralDesign: MarbleDesign: FlamingoDesign: CartoonFunction: Dirt-resistan\",\"breadcrumb\":{\"@id\":\"https:\\\/\\\/boutique-one-piece.com\\\/accessoires-one-piece\\\/coque-one-piece-dark-luffy\\\/#breadcrumb\"},\"inLanguage\":\"sv-SE\",\"potentialAction\":[{\"@type\":\"ReadAction\",\"target\":[\"https:\\\/\\\/boutique-one-piece.com\\\/accessoires-one-piece\\\/coque-one-piece-dark-luffy\\\/\"]}]},{\"@type\":\"ImageObject\",\"inLanguage\":\"sv-SE\",\"@id\":\"https:\\\/\\\/boutique-one-piece.com\\\/accessoires-one-piece\\\/coque-one-piece-dark-luffy\\\/#primaryimage\",\"url\":\"https:\\\/\\\/boutique-one-piece.com\\\/wp-content\\\/uploads\\\/2022\\\/09\\\/Coque-One-Piece-Dark-Luffy.jpg\",\"contentUrl\":\"https:\\\/\\\/boutique-one-piece.com\\\/wp-content\\\/uploads\\\/2022\\\/09\\\/Coque-One-Piece-Dark-Luffy.jpg\",\"width\":640,\"height\":640,\"caption\":\"Coque One Piece Dark Luffy For Huawei P10 Lite TZ096-5\"},{\"@type\":\"BreadcrumbList\",\"@id\":\"https:\\\/\\\/boutique-one-piece.com\\\/accessoires-one-piece\\\/coque-one-piece-dark-luffy\\\/#breadcrumb\",\"itemListElement\":[{\"@type\":\"ListItem\",\"position\":1,\"name\":\"Home\",\"item\":\"https:\\\/\\\/boutique-one-piece.com\\\/\"},{\"@type\":\"ListItem\",\"position\":2,\"name\":\"Shop\",\"item\":\"https:\\\/\\\/boutique-one-piece.com\\\/shop\\\/\"},{\"@type\":\"ListItem\",\"position\":3,\"name\":\"Coque One Piece Dark Luffy\"}]},{\"@type\":\"WebSite\",\"@id\":\"https:\\\/\\\/boutique-one-piece.com\\\/#website\",\"url\":\"https:\\\/\\\/boutique-one-piece.com\\\/\",\"name\":\"Boutique One Piece\",\"description\":\"Magasin Sp\u00e9cialis\u00e9 du Manga et l&#039;Anime One Piece\",\"publisher\":{\"@id\":\"https:\\\/\\\/boutique-one-piece.com\\\/#organization\"},\"potentialAction\":[{\"@type\":\"SearchAction\",\"target\":{\"@type\":\"EntryPoint\",\"urlTemplate\":\"https:\\\/\\\/boutique-one-piece.com\\\/?s={search_term_string}\"},\"query-input\":{\"@type\":\"PropertyValueSpecification\",\"valueRequired\":true,\"valueName\":\"search_term_string\"}}],\"inLanguage\":\"sv-SE\"},{\"@type\":\"Organization\",\"@id\":\"https:\\\/\\\/boutique-one-piece.com\\\/#organization\",\"name\":\"Boutique One Piece\",\"url\":\"https:\\\/\\\/boutique-one-piece.com\\\/\",\"logo\":{\"@type\":\"ImageObject\",\"inLanguage\":\"sv-SE\",\"@id\":\"https:\\\/\\\/boutique-one-piece.com\\\/#\\\/schema\\\/logo\\\/image\\\/\",\"url\":\"https:\\\/\\\/boutique-one-piece.com\\\/wp-content\\\/uploads\\\/2022\\\/09\\\/Logo-01.png\",\"contentUrl\":\"https:\\\/\\\/boutique-one-piece.com\\\/wp-content\\\/uploads\\\/2022\\\/09\\\/Logo-01.png\",\"width\":2318,\"height\":957,\"caption\":\"Boutique One Piece\"},\"image\":{\"@id\":\"https:\\\/\\\/boutique-one-piece.com\\\/#\\\/schema\\\/logo\\\/image\\\/\"}}]}<\/script>\n<!-- \/ Yoast SEO plugin. -->","yoast_head_json":{"title":"One Piece Dark Luffy-fodral \u2013 One Piece Shop","description":"Varum\u00e4rke: IMIDOTyp: Halvf\u00f6rpackat fodralFunktioner: One Piece Monkey D LuffyKompatibelt m\u00e4rke: HuaweiKompatibel Huawei-modell: P30 LiteDesign: GeometriskDesign: Citat och meddelandenDesign: Enf\u00e4rgadDesign: DjurDesign: TransparentDesign: enh\u00f6rningDesign: BlommigDesign: MarmorDesign: FlamingoDesign: Tecknad filmFunktion: Smutsavvisande","robots":{"index":"index","follow":"follow","max-snippet":"max-snippet:-1","max-image-preview":"max-image-preview:large","max-video-preview":"max-video-preview:-1"},"canonical":"https:\/\/boutique-one-piece.com\/sv\/one-piece-tillbehor\/one-piece-dark-luffy-fodral\/","og_locale":"sv_SE","og_type":"article","og_title":"Coque One Piece Dark Luffy \u2013 Boutique One Piece","og_description":"Brand Name: IMIDOType: Half-wrapped CaseFeatures: One Piece Monkey D LuffyCompatible Brand: HuaweiCompatible Huawei Model: P30 LiteDesign: GeometricDesign: Quotes & MessagesDesign: PlainDesign: AnimalDesign: TransparentDesign: unicornDesign: FloralDesign: MarbleDesign: FlamingoDesign: CartoonFunction: Dirt-resistan","og_url":"https:\/\/boutique-one-piece.com\/sv\/one-piece-tillbehor\/one-piece-dark-luffy-fodral\/","og_site_name":"Boutique One Piece","article_modified_time":"2024-09-16T15:07:49+00:00","og_image":[{"width":640,"height":640,"url":"https:\/\/boutique-one-piece.com\/wp-content\/uploads\/2022\/09\/Coque-One-Piece-Dark-Luffy.jpg","type":"image\/jpeg"}],"twitter_card":"summary_large_image","twitter_misc":{"Ber\u00e4knad l\u00e4stid":"1 minut"},"schema":{"@context":"https:\/\/schema.org","@graph":[{"@type":"WebPage","@id":"https:\/\/boutique-one-piece.com\/accessoires-one-piece\/coque-one-piece-dark-luffy\/","url":"https:\/\/boutique-one-piece.com\/accessoires-one-piece\/coque-one-piece-dark-luffy\/","name":"One Piece Dark Luffy-fodral \u2013 One Piece Shop","isPartOf":{"@id":"https:\/\/boutique-one-piece.com\/#website"},"primaryImageOfPage":{"@id":"https:\/\/boutique-one-piece.com\/accessoires-one-piece\/coque-one-piece-dark-luffy\/#primaryimage"},"image":{"@id":"https:\/\/boutique-one-piece.com\/accessoires-one-piece\/coque-one-piece-dark-luffy\/#primaryimage"},"thumbnailUrl":"https:\/\/boutique-one-piece.com\/wp-content\/uploads\/2022\/09\/Coque-One-Piece-Dark-Luffy.jpg","datePublished":"2022-09-27T22:01:17+00:00","dateModified":"2024-09-16T15:07:49+00:00","description":"Varum\u00e4rke: IMIDOTyp: Halvf\u00f6rpackat fodralFunktioner: One Piece Monkey D LuffyKompatibelt m\u00e4rke: HuaweiKompatibel Huawei-modell: P30 LiteDesign: GeometriskDesign: Citat och meddelandenDesign: Enf\u00e4rgadDesign: DjurDesign: TransparentDesign: enh\u00f6rningDesign: BlommigDesign: MarmorDesign: FlamingoDesign: Tecknad filmFunktion: Smutsavvisande","breadcrumb":{"@id":"https:\/\/boutique-one-piece.com\/accessoires-one-piece\/coque-one-piece-dark-luffy\/#breadcrumb"},"inLanguage":"sv-SE","potentialAction":[{"@type":"ReadAction","target":["https:\/\/boutique-one-piece.com\/accessoires-one-piece\/coque-one-piece-dark-luffy\/"]}]},{"@type":"ImageObject","inLanguage":"sv-SE","@id":"https:\/\/boutique-one-piece.com\/accessoires-one-piece\/coque-one-piece-dark-luffy\/#primaryimage","url":"https:\/\/boutique-one-piece.com\/wp-content\/uploads\/2022\/09\/Coque-One-Piece-Dark-Luffy.jpg","contentUrl":"https:\/\/boutique-one-piece.com\/wp-content\/uploads\/2022\/09\/Coque-One-Piece-Dark-Luffy.jpg","width":640,"height":640,"caption":"Coque One Piece Dark Luffy For Huawei P10 Lite TZ096-5"},{"@type":"BreadcrumbList","@id":"https:\/\/boutique-one-piece.com\/accessoires-one-piece\/coque-one-piece-dark-luffy\/#breadcrumb","itemListElement":[{"@type":"ListItem","position":1,"name":"Home","item":"https:\/\/boutique-one-piece.com\/"},{"@type":"ListItem","position":2,"name":"Shop","item":"https:\/\/boutique-one-piece.com\/shop\/"},{"@type":"ListItem","position":3,"name":"Coque One Piece Dark Luffy"}]},{"@type":"WebSite","@id":"https:\/\/boutique-one-piece.com\/#website","url":"https:\/\/boutique-one-piece.com\/","name":"One Piece-butik","description":"Specialbutik f\u00f6r One Piece Manga och Anime","publisher":{"@id":"https:\/\/boutique-one-piece.com\/#organization"},"potentialAction":[{"@type":"SearchAction","target":{"@type":"EntryPoint","urlTemplate":"https:\/\/boutique-one-piece.com\/?s={search_term_string}"},"query-input":{"@type":"PropertyValueSpecification","valueRequired":true,"valueName":"search_term_string"}}],"inLanguage":"sv-SE"},{"@type":"Organization","@id":"https:\/\/boutique-one-piece.com\/#organization","name":"One Piece-butik","url":"https:\/\/boutique-one-piece.com\/","logo":{"@type":"ImageObject","inLanguage":"sv-SE","@id":"https:\/\/boutique-one-piece.com\/#\/schema\/logo\/image\/","url":"https:\/\/boutique-one-piece.com\/wp-content\/uploads\/2022\/09\/Logo-01.png","contentUrl":"https:\/\/boutique-one-piece.com\/wp-content\/uploads\/2022\/09\/Logo-01.png","width":2318,"height":957,"caption":"Boutique One Piece"},"image":{"@id":"https:\/\/boutique-one-piece.com\/#\/schema\/logo\/image\/"}}]}},"_links":{"self":[{"href":"https:\/\/boutique-one-piece.com\/sv\/wp-json\/wp\/v2\/product\/17408","targetHints":{"allow":["GET"]}}],"collection":[{"href":"https:\/\/boutique-one-piece.com\/sv\/wp-json\/wp\/v2\/product"}],"about":[{"href":"https:\/\/boutique-one-piece.com\/sv\/wp-json\/wp\/v2\/types\/product"}],"replies":[{"embeddable":true,"href":"https:\/\/boutique-one-piece.com\/sv\/wp-json\/wp\/v2\/comments?post=17408"}],"wp:featuredmedia":[{"embeddable":true,"href":"https:\/\/boutique-one-piece.com\/sv\/wp-json\/wp\/v2\/media\/17410"}],"wp:attachment":[{"href":"https:\/\/boutique-one-piece.com\/sv\/wp-json\/wp\/v2\/media?parent=17408"}],"wp:term":[{"taxonomy":"product_brand","embeddable":true,"href":"https:\/\/boutique-one-piece.com\/sv\/wp-json\/wp\/v2\/product_brand?post=17408"},{"taxonomy":"product_cat","embeddable":true,"href":"https:\/\/boutique-one-piece.com\/sv\/wp-json\/wp\/v2\/product_cat?post=17408"},{"taxonomy":"product_tag","embeddable":true,"href":"https:\/\/boutique-one-piece.com\/sv\/wp-json\/wp\/v2\/product_tag?post=17408"}],"curies":[{"name":"wp","href":"https:\/\/api.w.org\/{rel}","templated":true}]}}