{"id":17869,"date":"2022-09-27T22:04:39","date_gmt":"2022-09-27T22:04:39","guid":{"rendered":"https:\/\/boutique-one-piece.com\/uncategorized\/tableau-one-piece-mugiwara-2\/"},"modified":"2024-09-16T15:20:39","modified_gmt":"2024-09-16T15:20:39","slug":"one-piece-mugiwara-malning-2","status":"publish","type":"product","link":"https:\/\/boutique-one-piece.com\/sv\/one-piece-dekorationer\/one-piece-mugiwara-malning-2\/","title":{"rendered":"One Piece-m\u00e5lning: Mugiwara p\u00e5 flykt"},"content":{"rendered":"<p><meta charset=\"utf-8\"><\/p>\n<h2>One Piece Canvastavla med 5 paneler och Luffys bes\u00e4ttning som springer \u2013 En canvastavla av h\u00f6g kvalitet f\u00f6r en pirat som du!<\/h2>\n<p>Om du \u00e4r en\u00a0<strong>riktig pirat<\/strong>, Du kommer att uppskatta\u00a0<strong>kvalitet<\/strong>\u00a0duk, f\u00e4rg och en ram f\u00f6r deras\u00a0<strong>designer\u00a0<\/strong>Och\u00a0<strong>3D-canvasutskrift<\/strong>\u00a0av detta\u00a0<strong>One Piece 5-panelsm\u00e5lning<\/strong>\u00a0Men viktigast av allt, med det h\u00e4r diagrammet kommer du att vara en del av\u00a0<strong>fanteamet<\/strong>\u00a0av\u00a0<strong>piratmanga<\/strong>\u00a0och du kommer att f\u00e5:<\/p>\n<ul>\n<li>\u00a0<strong>Beundran<\/strong>\u00a0av alla fans av\u00a0<strong>mugiwara<\/strong>\u00a0som du kommer att bjuda hem till dig<\/li>\n<\/ul>\n<ul>\n<li>En riktig\u00a0<strong>5-delat tryckt diagram<\/strong>\u00a0med vilket du kan<strong>\u00a0att f\u00f6rest\u00e4lla sig<\/strong>\u00a0med <strong>Straw Hat-g\u00e4nget<\/strong>\n<\/li>\n<\/ul>\n<p>S\u00e5, redo att visa upp\u00a0<strong>f\u00e4rger <\/strong>av<strong><\/strong>s<strong>\u00a0<\/strong><strong>Mugiwaras<\/strong>\u00a0?<\/p>\n<h2>\u00c4r du ett fan av One Piece manga eller anime? Visa upp det med denna 5-delade One Piece canvastavla!<\/h2>\n<p>Om du\u00a0<strong>l\u00e4sa<\/strong>\u00a0eller vart du \u00e4n tittar\u00a0<strong>animen\u00a0<\/strong><strong>japanska<\/strong>, Det finns en god chans att du har blivit\u00a0<strong>galen i One Piece<\/strong>\u00a0Med detta!\u00a0<strong>5-panelsm\u00e5lning Mugiwara p\u00e5 flykt<\/strong>, g\u00e5 med i\u2019<strong>en grupp fans av franchisen<\/strong><\/p>\n<p>Detta\u00a0<strong>m\u00e5lning<\/strong>\u00a0\u00e4r tillg\u00e4nglig med en\u00a0<strong>tr\u00e4ram<\/strong>\u00a0varianten &quot;\u00ab\u00a0<strong>Med ram<\/strong>\u00ab&quot;Det \u00e4r ocks\u00e5 m\u00f6jligt att bara ha\u00a0<strong>trasa<\/strong>\u00a0med varianten &quot;\u00ab\u00a0<strong>Raml\u00f6s<\/strong>\u00ab&quot;Du hittar bordet i storlekarna&quot;\u00a0<strong>Liten<\/strong>,<strong>\u00a0GENOMSNITT<\/strong>,<strong>\u00a0Stor<\/strong>,<strong>\u00a0XL<\/strong>, Den passar alla typer av pirater, \u00e4ven om du inte har\u00a0<strong>sv\u00e4rd<\/strong>\u00a0eller\u00a0<strong>dj\u00e4vulens frukt<\/strong>\u00a0du kan fortfarande stolt h\u00e4nga upp den hemma<\/p>\n<p>P\u00e5 detta <strong>femdelad m\u00e5lning<\/strong>, Det finns <strong>Luffy och hans bes\u00e4ttning<\/strong> som springer. De \u00e4r <strong>f\u00f6rf\u00f6ljda<\/strong> av andra pirater<\/p>\n<h2>Information om m\u00e5lningen:<\/h2>\n<ul>\n<li>\n<strong>H\u00f6gkvalitativ tryckt canvas\u00a0<\/strong>v\u00e4ggduk gjord av <strong>bomull<\/strong> och <strong>linne<\/strong>, f\u00f6r att erh\u00e5lla en <strong>trasa<\/strong> v\u00e4rdig namnet<\/li>\n<\/ul>\n<ul>\n<li>\n<strong>Ultra Design-m\u00e5lning<\/strong>\u00a0Den femdelade tabellen ger mycket <strong>stil<\/strong> till en <strong>bit<\/strong>, Fansen kan inte l\u00e5ta bli att \u00e4lska det<\/li>\n<\/ul>\n<ul style=\"font-weight: 400;\">\n<li>\n<strong>F\u00e4rg och utskrift\u00a0<\/strong>One Piece-m\u00e5lning med ett tryck <strong>Canva<\/strong> riktm\u00e4rket inom canvastryck<\/li>\n<\/ul>\n<ul style=\"font-weight: 400;\">\n<li>\n<strong>L\u00e4tt v\u00e4ggkonst<\/strong>\u00a0: fantastisk milj\u00f6 <strong>ljus,<\/strong> allt som kr\u00e4vs \u00e4r en <strong>spika<\/strong> eller av <strong>fast ben<\/strong> f\u00f6r <strong>uppr\u00e4tth\u00e5lla<\/strong> P\u00e5 <strong>v\u00e4gg<\/strong>\n<\/li>\n<\/ul>\n<ul style=\"font-weight: 400;\">\n<li>\n<strong>Tr\u00e4ram<\/strong>\u00a0: varianten &quot;\u00ab\u00a0<strong>Med ram<\/strong>\u00a0\u00bb \u00e5tf\u00f6ljs av en <strong>tr\u00e4ram<\/strong> och versionen &quot;\u00ab\u00a0<strong>Raml\u00f6s<\/strong>\u00a0\u00bb levereras <strong>utan tr\u00e4ramen<\/strong>\n<\/li>\n<\/ul>\n<ul style=\"font-weight: 400;\">\n<li>\n<strong>Fri leverans\u00a0<\/strong>f\u00f6r alla k\u00f6p<strong>\u00a0<\/strong>\n<\/li>\n<\/ul>\n<h3>Gl\u00f6m inte att ta en titt p\u00e5 storleksguiden nedan.<\/h3>\n<h2>\n<strong style=\"font-size: 15px;\">One Piece 5-delad m\u00e5lning<\/strong><span style=\"font-size: 15px;\">,<\/span><strong style=\"font-size: 15px;\"> <\/strong><span style=\"font-size: 15px;\">Storlek<\/span><strong style=\"font-size: 15px;\"> <\/strong><span style=\"font-size: 15px;\">: <\/span><strong style=\"font-size: 15px;\">Liten<\/strong><br \/>\n<\/h2>\n<p>\u00a0<img decoding=\"async\" src=\"https:\/\/cdn.shopify.com\/s\/files\/1\/0087\/7556\/5348\/files\/guide_taille_tableau_one_piece_petit_boutique_one_piece_large.jpg?v=1560247451\" alt=\"Storleksguide f\u00f6r 5-delad One Piece (Liten)\"><\/p>\n<p><strong>One Piece 5-delad m\u00e5lning<\/strong>, Storlek<strong> <\/strong>:<strong> GENOMSNITT<\/strong><\/p>\n<p>\u00a0<img decoding=\"async\" src=\"https:\/\/cdn.shopify.com\/s\/files\/1\/0087\/7556\/5348\/files\/guide_taille_tableau_one_piece_moyen_boutique_one_piece_large.jpg?v=1560247519\" alt=\"Storlekstabell ett stycke 5 stycken Medium\"><\/p>\n<p><strong>One Piece 5-delad m\u00e5lning<\/strong>, Storlek<strong> <\/strong>: <strong>Stor<\/strong><\/p>\n<p>\u00a0<img decoding=\"async\" src=\"https:\/\/cdn.shopify.com\/s\/files\/1\/0087\/7556\/5348\/files\/guide_taille_tableau_one_piece_grand_boutique_one_piece_large.jpg?v=1560247582\" alt=\"Storlekstabell f\u00f6r One Piece 5-delade plagg (stor)\"><\/p>\n<p><strong>One Piece 5-delad m\u00e5lning<\/strong>, Storlek: <strong>XL<\/strong><\/p>\n<p><img decoding=\"async\" src=\"https:\/\/cdn.shopify.com\/s\/files\/1\/0087\/7556\/5348\/files\/guide_taille_tableau_one_piece_xl_boutique_one_piece_large.jpg?v=1560247610\" alt=\"Storlekstabell f\u00f6r One Piece 5-delad XL\"><\/p>","protected":false},"excerpt":{"rendered":"<p>One Piece Canvastavla med 5 paneler och Luffys bes\u00e4ttning som springer, ett h\u00f6gkvalitativt tryck f\u00f6r en pirat som du! Om du \u00e4r en sann pirat kommer du att uppskatta kvaliteten p\u00e5 duken, f\u00e4rgen och ramen, s\u00e5v\u00e4l som 3D-canvastrycket p\u00e5 detta One Piece-tryck med 5 paneler! Men viktigast av allt, med detta tryck blir du en del av g\u00e4nget av fans av piratmangan och du f\u00e5r: [\u2026]<\/p>","protected":false},"featured_media":10727,"comment_status":"open","ping_status":"open","template":"","meta":[],"product_brand":[],"product_cat":[150],"product_tag":[158,165,129,92,154,205,112,142,143,144,113],"class_list":{"0":"post-17869","1":"product","2":"type-product","3":"status-publish","4":"has-post-thumbnail","6":"product_cat-decorations-one-piece","7":"product_tag-brook","8":"product_tag-chopper","9":"product_tag-franky","10":"product_tag-luffy","11":"product_tag-nami","12":"product_tag-robin","13":"product_tag-sanji","14":"product_tag-tableau-5-pieces","15":"product_tag-toile","16":"product_tag-usopp","17":"product_tag-zoro","19":"first","20":"instock","21":"purchasable","22":"product-type-variable","23":"has-default-attributes"},"yoast_head":"<!-- This site is optimized with the Yoast SEO plugin v27.5 - https:\/\/yoast.com\/product\/yoast-seo-wordpress\/ -->\n<title>Tableau Mural Mugiwara En Fuite | Boutique One Piece<\/title>\n<meta name=\"description\" content=\"Tableau 5 Pi\u00e8ces One Piece avec l&#039;\u00c9quipage au Chapeau de Paille de Tr\u00e8s Haute Qualit\u00e9 : Fan de l&#039;Univers des Pirates ce Tableau 5 Panneaux est Fait Pour Vous !\" \/>\n<meta name=\"robots\" content=\"index, follow, max-snippet:-1, max-image-preview:large, max-video-preview:-1\" \/>\n<link rel=\"canonical\" href=\"https:\/\/boutique-one-piece.com\/sv\/one-piece-dekorationer\/one-piece-mugiwara-malning-2\/\" \/>\n<meta property=\"og:locale\" content=\"sv_SE\" \/>\n<meta property=\"og:type\" content=\"article\" \/>\n<meta property=\"og:title\" content=\"Tableau Mural Mugiwara En Fuite | Boutique One Piece\" \/>\n<meta property=\"og:description\" content=\"Tableau 5 Pi\u00e8ces One Piece avec l&#039;\u00c9quipage au Chapeau de Paille de Tr\u00e8s Haute Qualit\u00e9 : Fan de l&#039;Univers des Pirates ce Tableau 5 Panneaux est Fait Pour Vous !\" \/>\n<meta property=\"og:url\" content=\"https:\/\/boutique-one-piece.com\/sv\/one-piece-dekorationer\/one-piece-mugiwara-malning-2\/\" \/>\n<meta property=\"og:site_name\" content=\"Boutique One Piece\" \/>\n<meta property=\"article:modified_time\" content=\"2024-09-16T15:20:39+00:00\" \/>\n<meta property=\"og:image\" content=\"https:\/\/boutique-one-piece.com\/wp-content\/uploads\/2022\/09\/Tableau-One-Piece-Mugiwara-En-Fuite.jpg\" \/>\n\t<meta property=\"og:image:width\" content=\"600\" \/>\n\t<meta property=\"og:image:height\" content=\"600\" \/>\n\t<meta property=\"og:image:type\" content=\"image\/jpeg\" \/>\n<meta name=\"twitter:card\" content=\"summary_large_image\" \/>\n<meta name=\"twitter:label1\" content=\"Ber\u00e4knad l\u00e4stid\" \/>\n\t<meta name=\"twitter:data1\" content=\"2 minuter\" \/>\n<script type=\"application\/ld+json\" class=\"yoast-schema-graph\">{\"@context\":\"https:\\\/\\\/schema.org\",\"@graph\":[{\"@type\":\"WebPage\",\"@id\":\"https:\\\/\\\/boutique-one-piece.com\\\/decorations-one-piece\\\/tableau-one-piece-mugiwara-2\\\/\",\"url\":\"https:\\\/\\\/boutique-one-piece.com\\\/decorations-one-piece\\\/tableau-one-piece-mugiwara-2\\\/\",\"name\":\"Tableau Mural Mugiwara En Fuite | Boutique One Piece\",\"isPartOf\":{\"@id\":\"https:\\\/\\\/boutique-one-piece.com\\\/#website\"},\"primaryImageOfPage\":{\"@id\":\"https:\\\/\\\/boutique-one-piece.com\\\/decorations-one-piece\\\/tableau-one-piece-mugiwara-2\\\/#primaryimage\"},\"image\":{\"@id\":\"https:\\\/\\\/boutique-one-piece.com\\\/decorations-one-piece\\\/tableau-one-piece-mugiwara-2\\\/#primaryimage\"},\"thumbnailUrl\":\"https:\\\/\\\/boutique-one-piece.com\\\/wp-content\\\/uploads\\\/2022\\\/09\\\/Tableau-One-Piece-Mugiwara-En-Fuite.jpg\",\"datePublished\":\"2022-09-27T22:04:39+00:00\",\"dateModified\":\"2024-09-16T15:20:39+00:00\",\"description\":\"Tableau 5 Pi\u00e8ces One Piece avec l'\u00c9quipage au Chapeau de Paille de Tr\u00e8s Haute Qualit\u00e9 : Fan de l'Univers des Pirates ce Tableau 5 Panneaux est Fait Pour Vous !\",\"breadcrumb\":{\"@id\":\"https:\\\/\\\/boutique-one-piece.com\\\/decorations-one-piece\\\/tableau-one-piece-mugiwara-2\\\/#breadcrumb\"},\"inLanguage\":\"sv-SE\",\"potentialAction\":[{\"@type\":\"ReadAction\",\"target\":[\"https:\\\/\\\/boutique-one-piece.com\\\/decorations-one-piece\\\/tableau-one-piece-mugiwara-2\\\/\"]}]},{\"@type\":\"ImageObject\",\"inLanguage\":\"sv-SE\",\"@id\":\"https:\\\/\\\/boutique-one-piece.com\\\/decorations-one-piece\\\/tableau-one-piece-mugiwara-2\\\/#primaryimage\",\"url\":\"https:\\\/\\\/boutique-one-piece.com\\\/wp-content\\\/uploads\\\/2022\\\/09\\\/Tableau-One-Piece-Mugiwara-En-Fuite.jpg\",\"contentUrl\":\"https:\\\/\\\/boutique-one-piece.com\\\/wp-content\\\/uploads\\\/2022\\\/09\\\/Tableau-One-Piece-Mugiwara-En-Fuite.jpg\",\"width\":600,\"height\":600,\"caption\":\"Tableau One Piece Mugiwara En Fuite XL Avec Cadre\"},{\"@type\":\"BreadcrumbList\",\"@id\":\"https:\\\/\\\/boutique-one-piece.com\\\/decorations-one-piece\\\/tableau-one-piece-mugiwara-2\\\/#breadcrumb\",\"itemListElement\":[{\"@type\":\"ListItem\",\"position\":1,\"name\":\"Home\",\"item\":\"https:\\\/\\\/boutique-one-piece.com\\\/\"},{\"@type\":\"ListItem\",\"position\":2,\"name\":\"Shop\",\"item\":\"https:\\\/\\\/boutique-one-piece.com\\\/shop\\\/\"},{\"@type\":\"ListItem\",\"position\":3,\"name\":\"Tableau One Piece Mugiwara En Fuite\"}]},{\"@type\":\"WebSite\",\"@id\":\"https:\\\/\\\/boutique-one-piece.com\\\/#website\",\"url\":\"https:\\\/\\\/boutique-one-piece.com\\\/\",\"name\":\"Boutique One Piece\",\"description\":\"Magasin Sp\u00e9cialis\u00e9 du Manga et l&#039;Anime One Piece\",\"publisher\":{\"@id\":\"https:\\\/\\\/boutique-one-piece.com\\\/#organization\"},\"potentialAction\":[{\"@type\":\"SearchAction\",\"target\":{\"@type\":\"EntryPoint\",\"urlTemplate\":\"https:\\\/\\\/boutique-one-piece.com\\\/?s={search_term_string}\"},\"query-input\":{\"@type\":\"PropertyValueSpecification\",\"valueRequired\":true,\"valueName\":\"search_term_string\"}}],\"inLanguage\":\"sv-SE\"},{\"@type\":\"Organization\",\"@id\":\"https:\\\/\\\/boutique-one-piece.com\\\/#organization\",\"name\":\"Boutique One Piece\",\"url\":\"https:\\\/\\\/boutique-one-piece.com\\\/\",\"logo\":{\"@type\":\"ImageObject\",\"inLanguage\":\"sv-SE\",\"@id\":\"https:\\\/\\\/boutique-one-piece.com\\\/#\\\/schema\\\/logo\\\/image\\\/\",\"url\":\"https:\\\/\\\/boutique-one-piece.com\\\/wp-content\\\/uploads\\\/2022\\\/09\\\/Logo-01.png\",\"contentUrl\":\"https:\\\/\\\/boutique-one-piece.com\\\/wp-content\\\/uploads\\\/2022\\\/09\\\/Logo-01.png\",\"width\":2318,\"height\":957,\"caption\":\"Boutique One Piece\"},\"image\":{\"@id\":\"https:\\\/\\\/boutique-one-piece.com\\\/#\\\/schema\\\/logo\\\/image\\\/\"}}]}<\/script>\n<!-- \/ Yoast SEO plugin. -->","yoast_head_json":{"title":"V\u00e4ggkonst &quot;Mugiwara on the Run&quot; | One Piece Shop","description":"One Piece 5-delat canvastavla med str\u00e5hattbes\u00e4ttningen - Mycket h\u00f6g kvalitet: Som ett fan av piratuniversumet \u00e4r detta 5-panels canvastavla som gjort f\u00f6r dig!","robots":{"index":"index","follow":"follow","max-snippet":"max-snippet:-1","max-image-preview":"max-image-preview:large","max-video-preview":"max-video-preview:-1"},"canonical":"https:\/\/boutique-one-piece.com\/sv\/one-piece-dekorationer\/one-piece-mugiwara-malning-2\/","og_locale":"sv_SE","og_type":"article","og_title":"Tableau Mural Mugiwara En Fuite | Boutique One Piece","og_description":"Tableau 5 Pi\u00e8ces One Piece avec l'\u00c9quipage au Chapeau de Paille de Tr\u00e8s Haute Qualit\u00e9 : Fan de l'Univers des Pirates ce Tableau 5 Panneaux est Fait Pour Vous !","og_url":"https:\/\/boutique-one-piece.com\/sv\/one-piece-dekorationer\/one-piece-mugiwara-malning-2\/","og_site_name":"Boutique One Piece","article_modified_time":"2024-09-16T15:20:39+00:00","og_image":[{"width":600,"height":600,"url":"https:\/\/boutique-one-piece.com\/wp-content\/uploads\/2022\/09\/Tableau-One-Piece-Mugiwara-En-Fuite.jpg","type":"image\/jpeg"}],"twitter_card":"summary_large_image","twitter_misc":{"Ber\u00e4knad l\u00e4stid":"2 minuter"},"schema":{"@context":"https:\/\/schema.org","@graph":[{"@type":"WebPage","@id":"https:\/\/boutique-one-piece.com\/decorations-one-piece\/tableau-one-piece-mugiwara-2\/","url":"https:\/\/boutique-one-piece.com\/decorations-one-piece\/tableau-one-piece-mugiwara-2\/","name":"V\u00e4ggkonst &quot;Mugiwara on the Run&quot; | One Piece Shop","isPartOf":{"@id":"https:\/\/boutique-one-piece.com\/#website"},"primaryImageOfPage":{"@id":"https:\/\/boutique-one-piece.com\/decorations-one-piece\/tableau-one-piece-mugiwara-2\/#primaryimage"},"image":{"@id":"https:\/\/boutique-one-piece.com\/decorations-one-piece\/tableau-one-piece-mugiwara-2\/#primaryimage"},"thumbnailUrl":"https:\/\/boutique-one-piece.com\/wp-content\/uploads\/2022\/09\/Tableau-One-Piece-Mugiwara-En-Fuite.jpg","datePublished":"2022-09-27T22:04:39+00:00","dateModified":"2024-09-16T15:20:39+00:00","description":"One Piece 5-delat canvastavla med str\u00e5hattbes\u00e4ttningen - Mycket h\u00f6g kvalitet: Som ett fan av piratuniversumet \u00e4r detta 5-panels canvastavla som gjort f\u00f6r dig!","breadcrumb":{"@id":"https:\/\/boutique-one-piece.com\/decorations-one-piece\/tableau-one-piece-mugiwara-2\/#breadcrumb"},"inLanguage":"sv-SE","potentialAction":[{"@type":"ReadAction","target":["https:\/\/boutique-one-piece.com\/decorations-one-piece\/tableau-one-piece-mugiwara-2\/"]}]},{"@type":"ImageObject","inLanguage":"sv-SE","@id":"https:\/\/boutique-one-piece.com\/decorations-one-piece\/tableau-one-piece-mugiwara-2\/#primaryimage","url":"https:\/\/boutique-one-piece.com\/wp-content\/uploads\/2022\/09\/Tableau-One-Piece-Mugiwara-En-Fuite.jpg","contentUrl":"https:\/\/boutique-one-piece.com\/wp-content\/uploads\/2022\/09\/Tableau-One-Piece-Mugiwara-En-Fuite.jpg","width":600,"height":600,"caption":"Tableau One Piece Mugiwara En Fuite XL Avec Cadre"},{"@type":"BreadcrumbList","@id":"https:\/\/boutique-one-piece.com\/decorations-one-piece\/tableau-one-piece-mugiwara-2\/#breadcrumb","itemListElement":[{"@type":"ListItem","position":1,"name":"Home","item":"https:\/\/boutique-one-piece.com\/"},{"@type":"ListItem","position":2,"name":"Shop","item":"https:\/\/boutique-one-piece.com\/shop\/"},{"@type":"ListItem","position":3,"name":"Tableau One Piece Mugiwara En Fuite"}]},{"@type":"WebSite","@id":"https:\/\/boutique-one-piece.com\/#website","url":"https:\/\/boutique-one-piece.com\/","name":"One Piece-butik","description":"Specialbutik f\u00f6r One Piece Manga och Anime","publisher":{"@id":"https:\/\/boutique-one-piece.com\/#organization"},"potentialAction":[{"@type":"SearchAction","target":{"@type":"EntryPoint","urlTemplate":"https:\/\/boutique-one-piece.com\/?s={search_term_string}"},"query-input":{"@type":"PropertyValueSpecification","valueRequired":true,"valueName":"search_term_string"}}],"inLanguage":"sv-SE"},{"@type":"Organization","@id":"https:\/\/boutique-one-piece.com\/#organization","name":"One Piece-butik","url":"https:\/\/boutique-one-piece.com\/","logo":{"@type":"ImageObject","inLanguage":"sv-SE","@id":"https:\/\/boutique-one-piece.com\/#\/schema\/logo\/image\/","url":"https:\/\/boutique-one-piece.com\/wp-content\/uploads\/2022\/09\/Logo-01.png","contentUrl":"https:\/\/boutique-one-piece.com\/wp-content\/uploads\/2022\/09\/Logo-01.png","width":2318,"height":957,"caption":"Boutique One Piece"},"image":{"@id":"https:\/\/boutique-one-piece.com\/#\/schema\/logo\/image\/"}}]}},"_links":{"self":[{"href":"https:\/\/boutique-one-piece.com\/sv\/wp-json\/wp\/v2\/product\/17869","targetHints":{"allow":["GET"]}}],"collection":[{"href":"https:\/\/boutique-one-piece.com\/sv\/wp-json\/wp\/v2\/product"}],"about":[{"href":"https:\/\/boutique-one-piece.com\/sv\/wp-json\/wp\/v2\/types\/product"}],"replies":[{"embeddable":true,"href":"https:\/\/boutique-one-piece.com\/sv\/wp-json\/wp\/v2\/comments?post=17869"}],"wp:featuredmedia":[{"embeddable":true,"href":"https:\/\/boutique-one-piece.com\/sv\/wp-json\/wp\/v2\/media\/10727"}],"wp:attachment":[{"href":"https:\/\/boutique-one-piece.com\/sv\/wp-json\/wp\/v2\/media?parent=17869"}],"wp:term":[{"taxonomy":"product_brand","embeddable":true,"href":"https:\/\/boutique-one-piece.com\/sv\/wp-json\/wp\/v2\/product_brand?post=17869"},{"taxonomy":"product_cat","embeddable":true,"href":"https:\/\/boutique-one-piece.com\/sv\/wp-json\/wp\/v2\/product_cat?post=17869"},{"taxonomy":"product_tag","embeddable":true,"href":"https:\/\/boutique-one-piece.com\/sv\/wp-json\/wp\/v2\/product_tag?post=17869"}],"curies":[{"name":"wp","href":"https:\/\/api.w.org\/{rel}","templated":true}]}}