{"id":17878,"date":"2022-09-27T22:04:39","date_gmt":"2022-09-27T22:04:39","guid":{"rendered":"https:\/\/boutique-one-piece.com\/uncategorized\/avis-de-recherche-kuma-wanted\/"},"modified":"2024-09-16T15:20:40","modified_gmt":"2024-09-16T15:20:40","slug":"kuma-efterlyst-affisch","status":"publish","type":"product","link":"https:\/\/boutique-one-piece.com\/sv\/one-piece-efterlysningsaffisch\/kuma-efterlyst-affisch\/","title":{"rendered":"Kuma ville ha meddelande"},"content":{"rendered":"<h2>Ge din rumsinredning ett nytt, fr\u00e4scht utseende med denna Kuma Wanted-affisch.<\/h2>\n<p>Anv\u00e4nd den h\u00e4r postern om bel\u00f6ningen vid Kumas tillf\u00e5ngatagande eller d\u00f6d f\u00f6r att ge ditt rum eller kontor ett nytt utseende. Kuma \u00e4r en karakt\u00e4r som stack ut s\u00e4rskilt i den f\u00f6rsta delen av One Piece, eftersom han \u00e4r en <strong>Shichibukai<\/strong>, en speciell status eftersom det betyder att han \u00e4r en pirat som har skyldigheter gentemot flottan och v\u00e4rldsregeringen.<\/p>\n<p>Kuma g\u00f6r flera anm\u00e4rkningsv\u00e4rda framtr\u00e4danden under Luffys \u00e4ventyr, s\u00e4rskilt i <strong>Sabaody<\/strong>, d\u00e4r han enkelt besegrar alla str\u00e5hattarna. Han \u00e4r en karakt\u00e4r vars motiv \u00e4r sv\u00e5ra att f\u00f6rst\u00e5, eftersom han \u00e4r en f\u00f6re detta revolution\u00e4r som gick med p\u00e5 att f\u00f6rvandlas till en cyborg av den st\u00f6rsta vetenskapsmannen p\u00e5 order av marink\u00e5ren, Vegapunk, f\u00f6r att sedan f\u00f6rvandlas till ett krigsvapen som kommer att anv\u00e4ndas mot andra pirater.<\/p>\n<h3>Visa stolt upp den f\u00f6rre revolution\u00e4ren Kumas vackra rikedomar hemma.<\/h3>\n<p>Bartholomew Kumas huvud \u00e4r faktiskt v\u00e4rt 296 miljoner Berries, vilket \u00e4r en rej\u00e4l summa i One Piece-mangans v\u00e4rld. Innehavaren av <strong>Nikyu Nikyu<\/strong> No Mi \u00e4r en mystisk och mycket kraftfull karakt\u00e4r vars sanna motiv alla skulle vilja veta.<\/p>\n<p>Om du gillar v\u00e5ra affischer kanske du gillar Wanted-affischen fr\u00e5n <a href=\"https:\/\/boutique-one-piece.com\/sv\/one-piece-efterlysningsaffisch\/produkter\/ville-ha-meddelande-ett-stycke-roronoa-zoro-ville-ha\/\" target=\"_blank\" title=\"Roronoa Zoro s\u00f6kes\" rel=\"noopener noreferrer\">Roronoa Zoro<\/a>.<\/p>\n<p>\u00a0<\/p>\n<h2>Information om One Piece Wanted Bartholomew Kuma-affischen<\/h2>\n<ul>\n<li><span><b><u>One Piece Wanted-affisch<\/u><\/b>\u00a0En \u00e4kta One Piece-efterlysningsaffisch f\u00f6r riktiga pirater<\/span><\/li>\n<\/ul>\n<ul>\n<li>\n<b><u>Bartholomew Kumas bel\u00f6ning<\/u><\/b>\u00a0296 000 000 b\u00e4r<\/li>\n<\/ul>\n<ul>\n<li><span><strong>H\u00f6gkvalitativ utskrift<\/strong>\u00a0exakta f\u00e4rger<\/span><\/li>\n<\/ul>\n<ul>\n<li>\n<strong>Dimensionera<\/strong>\u00a0: 51 cm x 36 cm<\/li>\n<\/ul>\n<ul>\n<li><span><strong>FRI LEVERANS<\/strong><\/span><\/li>\n<\/ul>","protected":false},"excerpt":{"rendered":"<p>Ge ditt rum ett fr\u00e4scht utseende med denna Kuma Wanted-affisch. Anv\u00e4nd den h\u00e4r affisch som annonserar bel\u00f6ningen f\u00f6r Kumas tillf\u00e5ngatagande eller d\u00f6d f\u00f6r att ge en ny touch till din sovrums- eller kontorsinredning. Kuma \u00e4r en karakt\u00e4r [\u2026]<\/p>","protected":false},"featured_media":17880,"comment_status":"open","ping_status":"open","template":"","meta":[],"product_brand":[],"product_cat":[171],"product_tag":[],"class_list":{"0":"post-17878","1":"product","2":"type-product","3":"status-publish","4":"has-post-thumbnail","6":"product_cat-avis-de-recherche-one-piece","8":"first","9":"instock","10":"purchasable","11":"product-type-simple"},"yoast_head":"<!-- This site is optimized with the Yoast SEO plugin v27.5 - https:\/\/yoast.com\/product\/yoast-seo-wordpress\/ -->\n<title>Avis De Recherche Kuma Wanted | D\u00e9coration One Piece \u2013 Boutique One Piece<\/title>\n<meta name=\"description\" content=\"Donne un nouveau souffle \u00e0 la d\u00e9coration de ta pi\u00e8ce gr\u00e2ce \u00e0 cet Avis de Recherche Kuma Wanted. Profite de cette affiche \u00e0 propos de la prime attribu\u00e9e pour la capture ou la mort de Kuma pour donner un nouvel \u00e9lan \u00e0 la d\u00e9coration de ta chambre ou de ton bureau. Kuma est un personnage qui a surtout marqu\u00e9 la premi\u00e8re pa\" \/>\n<meta name=\"robots\" content=\"index, follow, max-snippet:-1, max-image-preview:large, max-video-preview:-1\" \/>\n<link rel=\"canonical\" href=\"https:\/\/boutique-one-piece.com\/sv\/one-piece-efterlysningsaffisch\/kuma-efterlyst-affisch\/\" \/>\n<meta property=\"og:locale\" content=\"sv_SE\" \/>\n<meta property=\"og:type\" content=\"article\" \/>\n<meta property=\"og:title\" content=\"Avis De Recherche Kuma Wanted | D\u00e9coration One Piece \u2013 Boutique One Piece\" \/>\n<meta property=\"og:description\" content=\"Donne un nouveau souffle \u00e0 la d\u00e9coration de ta pi\u00e8ce gr\u00e2ce \u00e0 cet Avis de Recherche Kuma Wanted. Profite de cette affiche \u00e0 propos de la prime attribu\u00e9e pour la capture ou la mort de Kuma pour donner un nouvel \u00e9lan \u00e0 la d\u00e9coration de ta chambre ou de ton bureau. Kuma est un personnage qui a surtout marqu\u00e9 la premi\u00e8re pa\" \/>\n<meta property=\"og:url\" content=\"https:\/\/boutique-one-piece.com\/sv\/one-piece-efterlysningsaffisch\/kuma-efterlyst-affisch\/\" \/>\n<meta property=\"og:site_name\" content=\"Boutique One Piece\" \/>\n<meta property=\"article:modified_time\" content=\"2024-09-16T15:20:40+00:00\" \/>\n<meta property=\"og:image\" content=\"https:\/\/boutique-one-piece.com\/wp-content\/uploads\/2022\/09\/Avis-De-Recherche-Kuma-Wanted-1.jpg\" \/>\n\t<meta property=\"og:image:width\" content=\"800\" \/>\n\t<meta property=\"og:image:height\" content=\"800\" \/>\n\t<meta property=\"og:image:type\" content=\"image\/jpeg\" \/>\n<meta name=\"twitter:card\" content=\"summary_large_image\" \/>\n<meta name=\"twitter:label1\" content=\"Ber\u00e4knad l\u00e4stid\" \/>\n\t<meta name=\"twitter:data1\" content=\"1 minut\" \/>\n<script type=\"application\/ld+json\" class=\"yoast-schema-graph\">{\"@context\":\"https:\\\/\\\/schema.org\",\"@graph\":[{\"@type\":\"WebPage\",\"@id\":\"https:\\\/\\\/boutique-one-piece.com\\\/avis-de-recherche-one-piece\\\/avis-de-recherche-kuma-wanted\\\/\",\"url\":\"https:\\\/\\\/boutique-one-piece.com\\\/avis-de-recherche-one-piece\\\/avis-de-recherche-kuma-wanted\\\/\",\"name\":\"Avis De Recherche Kuma Wanted | D\u00e9coration One Piece \u2013 Boutique One Piece\",\"isPartOf\":{\"@id\":\"https:\\\/\\\/boutique-one-piece.com\\\/#website\"},\"primaryImageOfPage\":{\"@id\":\"https:\\\/\\\/boutique-one-piece.com\\\/avis-de-recherche-one-piece\\\/avis-de-recherche-kuma-wanted\\\/#primaryimage\"},\"image\":{\"@id\":\"https:\\\/\\\/boutique-one-piece.com\\\/avis-de-recherche-one-piece\\\/avis-de-recherche-kuma-wanted\\\/#primaryimage\"},\"thumbnailUrl\":\"https:\\\/\\\/boutique-one-piece.com\\\/wp-content\\\/uploads\\\/2022\\\/09\\\/Avis-De-Recherche-Kuma-Wanted-1.jpg\",\"datePublished\":\"2022-09-27T22:04:39+00:00\",\"dateModified\":\"2024-09-16T15:20:40+00:00\",\"description\":\"Donne un nouveau souffle \u00e0 la d\u00e9coration de ta pi\u00e8ce gr\u00e2ce \u00e0 cet Avis de Recherche Kuma Wanted. Profite de cette affiche \u00e0 propos de la prime attribu\u00e9e pour la capture ou la mort de Kuma pour donner un nouvel \u00e9lan \u00e0 la d\u00e9coration de ta chambre ou de ton bureau. Kuma est un personnage qui a surtout marqu\u00e9 la premi\u00e8re pa\",\"breadcrumb\":{\"@id\":\"https:\\\/\\\/boutique-one-piece.com\\\/avis-de-recherche-one-piece\\\/avis-de-recherche-kuma-wanted\\\/#breadcrumb\"},\"inLanguage\":\"sv-SE\",\"potentialAction\":[{\"@type\":\"ReadAction\",\"target\":[\"https:\\\/\\\/boutique-one-piece.com\\\/avis-de-recherche-one-piece\\\/avis-de-recherche-kuma-wanted\\\/\"]}]},{\"@type\":\"ImageObject\",\"inLanguage\":\"sv-SE\",\"@id\":\"https:\\\/\\\/boutique-one-piece.com\\\/avis-de-recherche-one-piece\\\/avis-de-recherche-kuma-wanted\\\/#primaryimage\",\"url\":\"https:\\\/\\\/boutique-one-piece.com\\\/wp-content\\\/uploads\\\/2022\\\/09\\\/Avis-De-Recherche-Kuma-Wanted-1.jpg\",\"contentUrl\":\"https:\\\/\\\/boutique-one-piece.com\\\/wp-content\\\/uploads\\\/2022\\\/09\\\/Avis-De-Recherche-Kuma-Wanted-1.jpg\",\"width\":800,\"height\":800},{\"@type\":\"BreadcrumbList\",\"@id\":\"https:\\\/\\\/boutique-one-piece.com\\\/avis-de-recherche-one-piece\\\/avis-de-recherche-kuma-wanted\\\/#breadcrumb\",\"itemListElement\":[{\"@type\":\"ListItem\",\"position\":1,\"name\":\"Home\",\"item\":\"https:\\\/\\\/boutique-one-piece.com\\\/\"},{\"@type\":\"ListItem\",\"position\":2,\"name\":\"Shop\",\"item\":\"https:\\\/\\\/boutique-one-piece.com\\\/shop\\\/\"},{\"@type\":\"ListItem\",\"position\":3,\"name\":\"Avis De Recherche Kuma Wanted\"}]},{\"@type\":\"WebSite\",\"@id\":\"https:\\\/\\\/boutique-one-piece.com\\\/#website\",\"url\":\"https:\\\/\\\/boutique-one-piece.com\\\/\",\"name\":\"Boutique One Piece\",\"description\":\"Magasin Sp\u00e9cialis\u00e9 du Manga et l&#039;Anime One Piece\",\"publisher\":{\"@id\":\"https:\\\/\\\/boutique-one-piece.com\\\/#organization\"},\"potentialAction\":[{\"@type\":\"SearchAction\",\"target\":{\"@type\":\"EntryPoint\",\"urlTemplate\":\"https:\\\/\\\/boutique-one-piece.com\\\/?s={search_term_string}\"},\"query-input\":{\"@type\":\"PropertyValueSpecification\",\"valueRequired\":true,\"valueName\":\"search_term_string\"}}],\"inLanguage\":\"sv-SE\"},{\"@type\":\"Organization\",\"@id\":\"https:\\\/\\\/boutique-one-piece.com\\\/#organization\",\"name\":\"Boutique One Piece\",\"url\":\"https:\\\/\\\/boutique-one-piece.com\\\/\",\"logo\":{\"@type\":\"ImageObject\",\"inLanguage\":\"sv-SE\",\"@id\":\"https:\\\/\\\/boutique-one-piece.com\\\/#\\\/schema\\\/logo\\\/image\\\/\",\"url\":\"https:\\\/\\\/boutique-one-piece.com\\\/wp-content\\\/uploads\\\/2022\\\/09\\\/Logo-01.png\",\"contentUrl\":\"https:\\\/\\\/boutique-one-piece.com\\\/wp-content\\\/uploads\\\/2022\\\/09\\\/Logo-01.png\",\"width\":2318,\"height\":957,\"caption\":\"Boutique One Piece\"},\"image\":{\"@id\":\"https:\\\/\\\/boutique-one-piece.com\\\/#\\\/schema\\\/logo\\\/image\\\/\"}}]}<\/script>\n<!-- \/ Yoast SEO plugin. -->","yoast_head_json":{"title":"Kuma s\u00f6kes | One Piece-dekorationer \u2013 One Piece Shop","description":"Ge ditt rum ett fr\u00e4scht utseende med denna Kuma Wanted-affisch. Anv\u00e4nd den h\u00e4r affisch som annonserar bel\u00f6ningen f\u00f6r Kumas tillf\u00e5ngatagande eller d\u00f6d f\u00f6r att ge en ny touch till din sovrums- eller kontorsinredning. Kuma \u00e4r en karakt\u00e4r som gjorde ett betydande intryck, s\u00e4rskilt i den f\u00f6rsta delen av serien.","robots":{"index":"index","follow":"follow","max-snippet":"max-snippet:-1","max-image-preview":"max-image-preview:large","max-video-preview":"max-video-preview:-1"},"canonical":"https:\/\/boutique-one-piece.com\/sv\/one-piece-efterlysningsaffisch\/kuma-efterlyst-affisch\/","og_locale":"sv_SE","og_type":"article","og_title":"Avis De Recherche Kuma Wanted | D\u00e9coration One Piece \u2013 Boutique One Piece","og_description":"Donne un nouveau souffle \u00e0 la d\u00e9coration de ta pi\u00e8ce gr\u00e2ce \u00e0 cet Avis de Recherche Kuma Wanted. Profite de cette affiche \u00e0 propos de la prime attribu\u00e9e pour la capture ou la mort de Kuma pour donner un nouvel \u00e9lan \u00e0 la d\u00e9coration de ta chambre ou de ton bureau. Kuma est un personnage qui a surtout marqu\u00e9 la premi\u00e8re pa","og_url":"https:\/\/boutique-one-piece.com\/sv\/one-piece-efterlysningsaffisch\/kuma-efterlyst-affisch\/","og_site_name":"Boutique One Piece","article_modified_time":"2024-09-16T15:20:40+00:00","og_image":[{"width":800,"height":800,"url":"https:\/\/boutique-one-piece.com\/wp-content\/uploads\/2022\/09\/Avis-De-Recherche-Kuma-Wanted-1.jpg","type":"image\/jpeg"}],"twitter_card":"summary_large_image","twitter_misc":{"Ber\u00e4knad l\u00e4stid":"1 minut"},"schema":{"@context":"https:\/\/schema.org","@graph":[{"@type":"WebPage","@id":"https:\/\/boutique-one-piece.com\/avis-de-recherche-one-piece\/avis-de-recherche-kuma-wanted\/","url":"https:\/\/boutique-one-piece.com\/avis-de-recherche-one-piece\/avis-de-recherche-kuma-wanted\/","name":"Kuma s\u00f6kes | One Piece-dekorationer \u2013 One Piece Shop","isPartOf":{"@id":"https:\/\/boutique-one-piece.com\/#website"},"primaryImageOfPage":{"@id":"https:\/\/boutique-one-piece.com\/avis-de-recherche-one-piece\/avis-de-recherche-kuma-wanted\/#primaryimage"},"image":{"@id":"https:\/\/boutique-one-piece.com\/avis-de-recherche-one-piece\/avis-de-recherche-kuma-wanted\/#primaryimage"},"thumbnailUrl":"https:\/\/boutique-one-piece.com\/wp-content\/uploads\/2022\/09\/Avis-De-Recherche-Kuma-Wanted-1.jpg","datePublished":"2022-09-27T22:04:39+00:00","dateModified":"2024-09-16T15:20:40+00:00","description":"Ge ditt rum ett fr\u00e4scht utseende med denna Kuma Wanted-affisch. Anv\u00e4nd den h\u00e4r affisch som annonserar bel\u00f6ningen f\u00f6r Kumas tillf\u00e5ngatagande eller d\u00f6d f\u00f6r att ge en ny touch till din sovrums- eller kontorsinredning. Kuma \u00e4r en karakt\u00e4r som gjorde ett betydande intryck, s\u00e4rskilt i den f\u00f6rsta delen av serien.","breadcrumb":{"@id":"https:\/\/boutique-one-piece.com\/avis-de-recherche-one-piece\/avis-de-recherche-kuma-wanted\/#breadcrumb"},"inLanguage":"sv-SE","potentialAction":[{"@type":"ReadAction","target":["https:\/\/boutique-one-piece.com\/avis-de-recherche-one-piece\/avis-de-recherche-kuma-wanted\/"]}]},{"@type":"ImageObject","inLanguage":"sv-SE","@id":"https:\/\/boutique-one-piece.com\/avis-de-recherche-one-piece\/avis-de-recherche-kuma-wanted\/#primaryimage","url":"https:\/\/boutique-one-piece.com\/wp-content\/uploads\/2022\/09\/Avis-De-Recherche-Kuma-Wanted-1.jpg","contentUrl":"https:\/\/boutique-one-piece.com\/wp-content\/uploads\/2022\/09\/Avis-De-Recherche-Kuma-Wanted-1.jpg","width":800,"height":800},{"@type":"BreadcrumbList","@id":"https:\/\/boutique-one-piece.com\/avis-de-recherche-one-piece\/avis-de-recherche-kuma-wanted\/#breadcrumb","itemListElement":[{"@type":"ListItem","position":1,"name":"Home","item":"https:\/\/boutique-one-piece.com\/"},{"@type":"ListItem","position":2,"name":"Shop","item":"https:\/\/boutique-one-piece.com\/shop\/"},{"@type":"ListItem","position":3,"name":"Avis De Recherche Kuma Wanted"}]},{"@type":"WebSite","@id":"https:\/\/boutique-one-piece.com\/#website","url":"https:\/\/boutique-one-piece.com\/","name":"One Piece-butik","description":"Specialbutik f\u00f6r One Piece Manga och Anime","publisher":{"@id":"https:\/\/boutique-one-piece.com\/#organization"},"potentialAction":[{"@type":"SearchAction","target":{"@type":"EntryPoint","urlTemplate":"https:\/\/boutique-one-piece.com\/?s={search_term_string}"},"query-input":{"@type":"PropertyValueSpecification","valueRequired":true,"valueName":"search_term_string"}}],"inLanguage":"sv-SE"},{"@type":"Organization","@id":"https:\/\/boutique-one-piece.com\/#organization","name":"One Piece-butik","url":"https:\/\/boutique-one-piece.com\/","logo":{"@type":"ImageObject","inLanguage":"sv-SE","@id":"https:\/\/boutique-one-piece.com\/#\/schema\/logo\/image\/","url":"https:\/\/boutique-one-piece.com\/wp-content\/uploads\/2022\/09\/Logo-01.png","contentUrl":"https:\/\/boutique-one-piece.com\/wp-content\/uploads\/2022\/09\/Logo-01.png","width":2318,"height":957,"caption":"Boutique One Piece"},"image":{"@id":"https:\/\/boutique-one-piece.com\/#\/schema\/logo\/image\/"}}]}},"_links":{"self":[{"href":"https:\/\/boutique-one-piece.com\/sv\/wp-json\/wp\/v2\/product\/17878","targetHints":{"allow":["GET"]}}],"collection":[{"href":"https:\/\/boutique-one-piece.com\/sv\/wp-json\/wp\/v2\/product"}],"about":[{"href":"https:\/\/boutique-one-piece.com\/sv\/wp-json\/wp\/v2\/types\/product"}],"replies":[{"embeddable":true,"href":"https:\/\/boutique-one-piece.com\/sv\/wp-json\/wp\/v2\/comments?post=17878"}],"wp:featuredmedia":[{"embeddable":true,"href":"https:\/\/boutique-one-piece.com\/sv\/wp-json\/wp\/v2\/media\/17880"}],"wp:attachment":[{"href":"https:\/\/boutique-one-piece.com\/sv\/wp-json\/wp\/v2\/media?parent=17878"}],"wp:term":[{"taxonomy":"product_brand","embeddable":true,"href":"https:\/\/boutique-one-piece.com\/sv\/wp-json\/wp\/v2\/product_brand?post=17878"},{"taxonomy":"product_cat","embeddable":true,"href":"https:\/\/boutique-one-piece.com\/sv\/wp-json\/wp\/v2\/product_cat?post=17878"},{"taxonomy":"product_tag","embeddable":true,"href":"https:\/\/boutique-one-piece.com\/sv\/wp-json\/wp\/v2\/product_tag?post=17878"}],"curies":[{"name":"wp","href":"https:\/\/api.w.org\/{rel}","templated":true}]}}