{"id":8312,"date":"2022-09-27T18:54:00","date_gmt":"2022-09-27T18:54:00","guid":{"rendered":"https:\/\/boutique-one-piece.com\/uncategorized\/figurine-one-piece-dead-or-alive-brook-et-sa-guitare\/"},"modified":"2026-04-21T08:22:29","modified_gmt":"2026-04-21T08:22:29","slug":"one-piece-dead-or-alive-figur-brook-och-hans-gitarr","status":"publish","type":"product","link":"https:\/\/boutique-one-piece.com\/sv\/one-piece-godsaker\/brook-one-piece-godsaker\/one-piece-dead-or-alive-figur-brook-och-hans-gitarr\/","title":{"rendered":"One Piece Dead or Alive Brook och hans gitarrfigur"},"content":{"rendered":"<h2>Unge pirat, det \u00e4r dags f\u00f6r dig att skaffa den h\u00e4r One Piece Dead or Alive Brook and His Guitar-figuren.<\/h2>\n<p>Du \u00e4r s\u00e4kert medveten om att Brook, med smeknamnet <strong>B\u00e4cken den Nynnande<\/strong> Han \u00e4r musikern och den andre sv\u00e4rdsmannen (efter Zoro) i Straw Hat-bes\u00e4ttningen. Han \u00e4r ett levande skelett som de st\u00f6tte p\u00e5 ombord p\u00e5 ett sp\u00f6kskepp efter att ha hittat en mystisk tunna som drivit p\u00e5 havet.<\/p>\n<p>Han anv\u00e4nder ocks\u00e5 Devil Fruit; han har krafterna av <strong>Uppst\u00e5ndelsens frukt<\/strong>. Detta \u00e4r en od\u00f6d varelse som \u00e5terupplivas i ett tillst\u00e5nd av pseudo-od\u00f6dlighet tack vare denna frukts krafter, \u00e4ven om denna frukt inte \u00e4r orsaken till hans nuvarande utseende.<\/p>\n<p>Han \u00e4r den nionde medlemmen i Straw Hat-g\u00e4nget och den \u00e5ttonde som g\u00e5r med i Luffys g\u00e4ng. Brook \u00e4r musikern som Luffy har velat ha sedan b\u00f6rjan av sina \u00e4ventyr. Hans nuvarande bel\u00f6ning \u00e4r <strong>83 000 000 b\u00e4r<\/strong>. Dessutom, <a title=\"ONE PIECE DEAD OR ALIVE ZORO NEW WORLD-FIGUR\" href=\"https:\/\/boutique-one-piece.com\/sv\/one-piece-dead-or-alive-zoro-new-world-figur\/\" target=\"_blank\" rel=\"noopener\">Zoro-figuren &quot;D\u00f6d eller Levande&quot;\u00ab<\/a> \u00e4r inom r\u00e4ckh\u00e5ll.<\/p>\n<h3>S\u00e5, \u00e4r du fascinerad av B\u00e4cken den Nyssande figurinen? V\u00e4nta inte l\u00e4ngre och f\u00f6lj med honom ombord p\u00e5 Thousand Sunny, m\u00e5nga \u00e4ventyr v\u00e4ntar dig.<\/h3>\n<p><strong>Ung pirat<\/strong>, Leta inte l\u00e4ngre efter den mest v\u00e4rdefulla skatten efter One Piece; den \u00e4r precis h\u00e4r. Kom och uppt\u00e4ck dessa mytiska f\u00f6rem\u00e5l som kommer att f\u00f6rflytta dig tillbaka till din favoritanimeserie. Dessa f\u00f6rem\u00e5l \u00e4r perfekta att ge bort, dekorera eller samla p\u00e5. S\u00e5 tveka inte l\u00e4ngre och upplev m\u00e5nga \u00e4ventyr tillsammans med... <strong>Luffy<\/strong> och hans bes\u00e4ttning.<\/p>\n<h2>Information om Dead or Alive Brook-figuren och hans gitarr&nbsp;<\/h2>\n<ul>\n<li><span><b><u>One Piece-figur<\/u><\/b>&nbsp;Premium One Piece-figur f\u00f6r riktiga pirater<\/span><\/li>\n<\/ul>\n<ul>\n<li>\n<b>Materia<\/b><span>&nbsp;<\/span>PVC<\/li>\n<\/ul>\n<ul>\n<li><span><strong>Dimensionera<\/strong>&nbsp;: 13 cm<\/span><\/li>\n<\/ul>\n<ul>\n<li><span><strong>FRI LEVERANS<\/strong><\/span><\/li>\n<\/ul>","protected":false},"excerpt":{"rendered":"<p>Unge pirat, det \u00e4r dags f\u00f6r dig att f\u00e5 tag p\u00e5 denna One Piece Dead or Alive Brook and His Guitar-figur. Du vet s\u00e4kert att Brook, med smeknamnet Humming Brook, \u00e4r musikern och den andre sv\u00e4rdsmannen (efter Zoro) i Straw Hat-g\u00e4nget. Han \u00e4r ett levande skelett som de har [\u2026]<\/p>","protected":false},"featured_media":18453,"comment_status":"open","ping_status":"open","template":"","meta":[],"product_brand":[],"product_cat":[156,76,157],"product_tag":[158],"class_list":{"0":"post-8312","1":"product","2":"type-product","3":"status-publish","4":"has-post-thumbnail","6":"product_cat-figurines-brook","7":"product_cat-figurines-one-piece","8":"product_cat-goodies-brook-one-piece","9":"product_tag-brook","11":"first","12":"outofstock","13":"purchasable","14":"product-type-simple"},"yoast_head":"<!-- This site is optimized with the Yoast SEO plugin v27.5 - https:\/\/yoast.com\/product\/yoast-seo-wordpress\/ -->\n<title>Figurine One Piece Dead or Alive Brook Et Sa Guitare | Figurine One Piece \u2013 Boutique One Piece<\/title>\n<meta name=\"description\" content=\"Jeune pirate, le moment est venu pour toi de te procurer cette Figurine One Piece Dead or Alive Brook Et Sa Guitare. Tu n&#039;es pas sans savoir que Brook, surnomm\u00e9 Brook le fredonneur est le musicien ainsi que le second \u00e9p\u00e9iste (apr\u00e8s Zoro) de L&#039;\u00c9quipage du Chapeau de Paille. C&#039;est un squelette vivant qu&#039;ils ont rencontr\u00e9\" \/>\n<meta name=\"robots\" content=\"index, follow, max-snippet:-1, max-image-preview:large, max-video-preview:-1\" \/>\n<link rel=\"canonical\" href=\"https:\/\/boutique-one-piece.com\/sv\/one-piece-godsaker\/brook-one-piece-godsaker\/one-piece-dead-or-alive-figur-brook-och-hans-gitarr\/\" \/>\n<meta property=\"og:locale\" content=\"sv_SE\" \/>\n<meta property=\"og:type\" content=\"article\" \/>\n<meta property=\"og:title\" content=\"Figurine One Piece Dead or Alive Brook Et Sa Guitare | Figurine One Piece \u2013 Boutique One Piece\" \/>\n<meta property=\"og:description\" content=\"Jeune pirate, le moment est venu pour toi de te procurer cette Figurine One Piece Dead or Alive Brook Et Sa Guitare. Tu n&#039;es pas sans savoir que Brook, surnomm\u00e9 Brook le fredonneur est le musicien ainsi que le second \u00e9p\u00e9iste (apr\u00e8s Zoro) de L&#039;\u00c9quipage du Chapeau de Paille. C&#039;est un squelette vivant qu&#039;ils ont rencontr\u00e9\" \/>\n<meta property=\"og:url\" content=\"https:\/\/boutique-one-piece.com\/sv\/one-piece-godsaker\/brook-one-piece-godsaker\/one-piece-dead-or-alive-figur-brook-och-hans-gitarr\/\" \/>\n<meta property=\"og:site_name\" content=\"Boutique One Piece\" \/>\n<meta property=\"article:modified_time\" content=\"2026-04-21T08:22:29+00:00\" \/>\n<meta property=\"og:image\" content=\"https:\/\/boutique-one-piece.com\/wp-content\/uploads\/2022\/09\/figurine-one-piece-dead-or-alive-brook-et-sa-guitare-15022031175716_20aa4772-bed8-4ec1-82cc-7f0e80e6e0c6.jpg\" \/>\n\t<meta property=\"og:image:width\" content=\"640\" \/>\n\t<meta property=\"og:image:height\" content=\"640\" \/>\n\t<meta property=\"og:image:type\" content=\"image\/jpeg\" \/>\n<meta name=\"twitter:card\" content=\"summary_large_image\" \/>\n<meta name=\"twitter:label1\" content=\"Ber\u00e4knad l\u00e4stid\" \/>\n\t<meta name=\"twitter:data1\" content=\"2 minuter\" \/>\n<script type=\"application\/ld+json\" class=\"yoast-schema-graph\">{\"@context\":\"https:\\\/\\\/schema.org\",\"@graph\":[{\"@type\":\"WebPage\",\"@id\":\"https:\\\/\\\/boutique-one-piece.com\\\/goodies-one-piece\\\/goodies-brook-one-piece\\\/figurine-one-piece-dead-or-alive-brook-et-sa-guitare\\\/\",\"url\":\"https:\\\/\\\/boutique-one-piece.com\\\/goodies-one-piece\\\/goodies-brook-one-piece\\\/figurine-one-piece-dead-or-alive-brook-et-sa-guitare\\\/\",\"name\":\"Figurine One Piece Dead or Alive Brook Et Sa Guitare | Figurine One Piece \u2013 Boutique One Piece\",\"isPartOf\":{\"@id\":\"https:\\\/\\\/boutique-one-piece.com\\\/#website\"},\"primaryImageOfPage\":{\"@id\":\"https:\\\/\\\/boutique-one-piece.com\\\/goodies-one-piece\\\/goodies-brook-one-piece\\\/figurine-one-piece-dead-or-alive-brook-et-sa-guitare\\\/#primaryimage\"},\"image\":{\"@id\":\"https:\\\/\\\/boutique-one-piece.com\\\/goodies-one-piece\\\/goodies-brook-one-piece\\\/figurine-one-piece-dead-or-alive-brook-et-sa-guitare\\\/#primaryimage\"},\"thumbnailUrl\":\"https:\\\/\\\/boutique-one-piece.com\\\/wp-content\\\/uploads\\\/2022\\\/09\\\/figurine-one-piece-dead-or-alive-brook-et-sa-guitare-15022031175716_20aa4772-bed8-4ec1-82cc-7f0e80e6e0c6.jpg\",\"datePublished\":\"2022-09-27T18:54:00+00:00\",\"dateModified\":\"2026-04-21T08:22:29+00:00\",\"description\":\"Jeune pirate, le moment est venu pour toi de te procurer cette Figurine One Piece Dead or Alive Brook Et Sa Guitare. Tu n'es pas sans savoir que Brook, surnomm\u00e9 Brook le fredonneur est le musicien ainsi que le second \u00e9p\u00e9iste (apr\u00e8s Zoro) de L'\u00c9quipage du Chapeau de Paille. C'est un squelette vivant qu'ils ont rencontr\u00e9\",\"breadcrumb\":{\"@id\":\"https:\\\/\\\/boutique-one-piece.com\\\/goodies-one-piece\\\/goodies-brook-one-piece\\\/figurine-one-piece-dead-or-alive-brook-et-sa-guitare\\\/#breadcrumb\"},\"inLanguage\":\"sv-SE\",\"potentialAction\":[{\"@type\":\"ReadAction\",\"target\":[\"https:\\\/\\\/boutique-one-piece.com\\\/goodies-one-piece\\\/goodies-brook-one-piece\\\/figurine-one-piece-dead-or-alive-brook-et-sa-guitare\\\/\"]}]},{\"@type\":\"ImageObject\",\"inLanguage\":\"sv-SE\",\"@id\":\"https:\\\/\\\/boutique-one-piece.com\\\/goodies-one-piece\\\/goodies-brook-one-piece\\\/figurine-one-piece-dead-or-alive-brook-et-sa-guitare\\\/#primaryimage\",\"url\":\"https:\\\/\\\/boutique-one-piece.com\\\/wp-content\\\/uploads\\\/2022\\\/09\\\/figurine-one-piece-dead-or-alive-brook-et-sa-guitare-15022031175716_20aa4772-bed8-4ec1-82cc-7f0e80e6e0c6.jpg\",\"contentUrl\":\"https:\\\/\\\/boutique-one-piece.com\\\/wp-content\\\/uploads\\\/2022\\\/09\\\/figurine-one-piece-dead-or-alive-brook-et-sa-guitare-15022031175716_20aa4772-bed8-4ec1-82cc-7f0e80e6e0c6.jpg\",\"width\":640,\"height\":640},{\"@type\":\"BreadcrumbList\",\"@id\":\"https:\\\/\\\/boutique-one-piece.com\\\/goodies-one-piece\\\/goodies-brook-one-piece\\\/figurine-one-piece-dead-or-alive-brook-et-sa-guitare\\\/#breadcrumb\",\"itemListElement\":[{\"@type\":\"ListItem\",\"position\":1,\"name\":\"Home\",\"item\":\"https:\\\/\\\/boutique-one-piece.com\\\/\"},{\"@type\":\"ListItem\",\"position\":2,\"name\":\"Shop\",\"item\":\"https:\\\/\\\/boutique-one-piece.com\\\/shop\\\/\"},{\"@type\":\"ListItem\",\"position\":3,\"name\":\"Figurine One Piece Dead or Alive Brook Et Sa Guitare\"}]},{\"@type\":\"WebSite\",\"@id\":\"https:\\\/\\\/boutique-one-piece.com\\\/#website\",\"url\":\"https:\\\/\\\/boutique-one-piece.com\\\/\",\"name\":\"Boutique One Piece\",\"description\":\"Magasin Sp\u00e9cialis\u00e9 du Manga et l&#039;Anime One Piece\",\"publisher\":{\"@id\":\"https:\\\/\\\/boutique-one-piece.com\\\/#organization\"},\"potentialAction\":[{\"@type\":\"SearchAction\",\"target\":{\"@type\":\"EntryPoint\",\"urlTemplate\":\"https:\\\/\\\/boutique-one-piece.com\\\/?s={search_term_string}\"},\"query-input\":{\"@type\":\"PropertyValueSpecification\",\"valueRequired\":true,\"valueName\":\"search_term_string\"}}],\"inLanguage\":\"sv-SE\"},{\"@type\":\"Organization\",\"@id\":\"https:\\\/\\\/boutique-one-piece.com\\\/#organization\",\"name\":\"Boutique One Piece\",\"url\":\"https:\\\/\\\/boutique-one-piece.com\\\/\",\"logo\":{\"@type\":\"ImageObject\",\"inLanguage\":\"sv-SE\",\"@id\":\"https:\\\/\\\/boutique-one-piece.com\\\/#\\\/schema\\\/logo\\\/image\\\/\",\"url\":\"https:\\\/\\\/boutique-one-piece.com\\\/wp-content\\\/uploads\\\/2022\\\/09\\\/Logo-01.png\",\"contentUrl\":\"https:\\\/\\\/boutique-one-piece.com\\\/wp-content\\\/uploads\\\/2022\\\/09\\\/Logo-01.png\",\"width\":2318,\"height\":957,\"caption\":\"Boutique One Piece\"},\"image\":{\"@id\":\"https:\\\/\\\/boutique-one-piece.com\\\/#\\\/schema\\\/logo\\\/image\\\/\"}}]}<\/script>\n<!-- \/ Yoast SEO plugin. -->","yoast_head_json":{"title":"One Piece Dead or Alive Brook och hans gitarrfigur | One Piece-figur \u2013 One Piece Shop","description":"Unge pirat, det \u00e4r dags f\u00f6r dig att f\u00e5 tag p\u00e5 denna One Piece Dead or Alive Brook and His Guitar-figur. Du vet s\u00e4kert att Brook, med smeknamnet Humming Brook, \u00e4r musikern och den andre sv\u00e4rdsmannen (efter Zoro) i Straw Hat-g\u00e4nget. Han \u00e4r ett levande skelett de st\u00f6tte p\u00e5.","robots":{"index":"index","follow":"follow","max-snippet":"max-snippet:-1","max-image-preview":"max-image-preview:large","max-video-preview":"max-video-preview:-1"},"canonical":"https:\/\/boutique-one-piece.com\/sv\/one-piece-godsaker\/brook-one-piece-godsaker\/one-piece-dead-or-alive-figur-brook-och-hans-gitarr\/","og_locale":"sv_SE","og_type":"article","og_title":"Figurine One Piece Dead or Alive Brook Et Sa Guitare | Figurine One Piece \u2013 Boutique One Piece","og_description":"Jeune pirate, le moment est venu pour toi de te procurer cette Figurine One Piece Dead or Alive Brook Et Sa Guitare. Tu n'es pas sans savoir que Brook, surnomm\u00e9 Brook le fredonneur est le musicien ainsi que le second \u00e9p\u00e9iste (apr\u00e8s Zoro) de L'\u00c9quipage du Chapeau de Paille. C'est un squelette vivant qu'ils ont rencontr\u00e9","og_url":"https:\/\/boutique-one-piece.com\/sv\/one-piece-godsaker\/brook-one-piece-godsaker\/one-piece-dead-or-alive-figur-brook-och-hans-gitarr\/","og_site_name":"Boutique One Piece","article_modified_time":"2026-04-21T08:22:29+00:00","og_image":[{"width":640,"height":640,"url":"https:\/\/boutique-one-piece.com\/wp-content\/uploads\/2022\/09\/figurine-one-piece-dead-or-alive-brook-et-sa-guitare-15022031175716_20aa4772-bed8-4ec1-82cc-7f0e80e6e0c6.jpg","type":"image\/jpeg"}],"twitter_card":"summary_large_image","twitter_misc":{"Ber\u00e4knad l\u00e4stid":"2 minuter"},"schema":{"@context":"https:\/\/schema.org","@graph":[{"@type":"WebPage","@id":"https:\/\/boutique-one-piece.com\/goodies-one-piece\/goodies-brook-one-piece\/figurine-one-piece-dead-or-alive-brook-et-sa-guitare\/","url":"https:\/\/boutique-one-piece.com\/goodies-one-piece\/goodies-brook-one-piece\/figurine-one-piece-dead-or-alive-brook-et-sa-guitare\/","name":"One Piece Dead or Alive Brook och hans gitarrfigur | One Piece-figur \u2013 One Piece Shop","isPartOf":{"@id":"https:\/\/boutique-one-piece.com\/#website"},"primaryImageOfPage":{"@id":"https:\/\/boutique-one-piece.com\/goodies-one-piece\/goodies-brook-one-piece\/figurine-one-piece-dead-or-alive-brook-et-sa-guitare\/#primaryimage"},"image":{"@id":"https:\/\/boutique-one-piece.com\/goodies-one-piece\/goodies-brook-one-piece\/figurine-one-piece-dead-or-alive-brook-et-sa-guitare\/#primaryimage"},"thumbnailUrl":"https:\/\/boutique-one-piece.com\/wp-content\/uploads\/2022\/09\/figurine-one-piece-dead-or-alive-brook-et-sa-guitare-15022031175716_20aa4772-bed8-4ec1-82cc-7f0e80e6e0c6.jpg","datePublished":"2022-09-27T18:54:00+00:00","dateModified":"2026-04-21T08:22:29+00:00","description":"Unge pirat, det \u00e4r dags f\u00f6r dig att f\u00e5 tag p\u00e5 denna One Piece Dead or Alive Brook and His Guitar-figur. Du vet s\u00e4kert att Brook, med smeknamnet Humming Brook, \u00e4r musikern och den andre sv\u00e4rdsmannen (efter Zoro) i Straw Hat-g\u00e4nget. Han \u00e4r ett levande skelett de st\u00f6tte p\u00e5.","breadcrumb":{"@id":"https:\/\/boutique-one-piece.com\/goodies-one-piece\/goodies-brook-one-piece\/figurine-one-piece-dead-or-alive-brook-et-sa-guitare\/#breadcrumb"},"inLanguage":"sv-SE","potentialAction":[{"@type":"ReadAction","target":["https:\/\/boutique-one-piece.com\/goodies-one-piece\/goodies-brook-one-piece\/figurine-one-piece-dead-or-alive-brook-et-sa-guitare\/"]}]},{"@type":"ImageObject","inLanguage":"sv-SE","@id":"https:\/\/boutique-one-piece.com\/goodies-one-piece\/goodies-brook-one-piece\/figurine-one-piece-dead-or-alive-brook-et-sa-guitare\/#primaryimage","url":"https:\/\/boutique-one-piece.com\/wp-content\/uploads\/2022\/09\/figurine-one-piece-dead-or-alive-brook-et-sa-guitare-15022031175716_20aa4772-bed8-4ec1-82cc-7f0e80e6e0c6.jpg","contentUrl":"https:\/\/boutique-one-piece.com\/wp-content\/uploads\/2022\/09\/figurine-one-piece-dead-or-alive-brook-et-sa-guitare-15022031175716_20aa4772-bed8-4ec1-82cc-7f0e80e6e0c6.jpg","width":640,"height":640},{"@type":"BreadcrumbList","@id":"https:\/\/boutique-one-piece.com\/goodies-one-piece\/goodies-brook-one-piece\/figurine-one-piece-dead-or-alive-brook-et-sa-guitare\/#breadcrumb","itemListElement":[{"@type":"ListItem","position":1,"name":"Home","item":"https:\/\/boutique-one-piece.com\/"},{"@type":"ListItem","position":2,"name":"Shop","item":"https:\/\/boutique-one-piece.com\/shop\/"},{"@type":"ListItem","position":3,"name":"Figurine One Piece Dead or Alive Brook Et Sa Guitare"}]},{"@type":"WebSite","@id":"https:\/\/boutique-one-piece.com\/#website","url":"https:\/\/boutique-one-piece.com\/","name":"One Piece-butik","description":"Specialbutik f\u00f6r One Piece Manga och Anime","publisher":{"@id":"https:\/\/boutique-one-piece.com\/#organization"},"potentialAction":[{"@type":"SearchAction","target":{"@type":"EntryPoint","urlTemplate":"https:\/\/boutique-one-piece.com\/?s={search_term_string}"},"query-input":{"@type":"PropertyValueSpecification","valueRequired":true,"valueName":"search_term_string"}}],"inLanguage":"sv-SE"},{"@type":"Organization","@id":"https:\/\/boutique-one-piece.com\/#organization","name":"One Piece-butik","url":"https:\/\/boutique-one-piece.com\/","logo":{"@type":"ImageObject","inLanguage":"sv-SE","@id":"https:\/\/boutique-one-piece.com\/#\/schema\/logo\/image\/","url":"https:\/\/boutique-one-piece.com\/wp-content\/uploads\/2022\/09\/Logo-01.png","contentUrl":"https:\/\/boutique-one-piece.com\/wp-content\/uploads\/2022\/09\/Logo-01.png","width":2318,"height":957,"caption":"Boutique One Piece"},"image":{"@id":"https:\/\/boutique-one-piece.com\/#\/schema\/logo\/image\/"}}]}},"_links":{"self":[{"href":"https:\/\/boutique-one-piece.com\/sv\/wp-json\/wp\/v2\/product\/8312","targetHints":{"allow":["GET"]}}],"collection":[{"href":"https:\/\/boutique-one-piece.com\/sv\/wp-json\/wp\/v2\/product"}],"about":[{"href":"https:\/\/boutique-one-piece.com\/sv\/wp-json\/wp\/v2\/types\/product"}],"replies":[{"embeddable":true,"href":"https:\/\/boutique-one-piece.com\/sv\/wp-json\/wp\/v2\/comments?post=8312"}],"wp:featuredmedia":[{"embeddable":true,"href":"https:\/\/boutique-one-piece.com\/sv\/wp-json\/wp\/v2\/media\/18453"}],"wp:attachment":[{"href":"https:\/\/boutique-one-piece.com\/sv\/wp-json\/wp\/v2\/media?parent=8312"}],"wp:term":[{"taxonomy":"product_brand","embeddable":true,"href":"https:\/\/boutique-one-piece.com\/sv\/wp-json\/wp\/v2\/product_brand?post=8312"},{"taxonomy":"product_cat","embeddable":true,"href":"https:\/\/boutique-one-piece.com\/sv\/wp-json\/wp\/v2\/product_cat?post=8312"},{"taxonomy":"product_tag","embeddable":true,"href":"https:\/\/boutique-one-piece.com\/sv\/wp-json\/wp\/v2\/product_tag?post=8312"}],"curies":[{"name":"wp","href":"https:\/\/api.w.org\/{rel}","templated":true}]}}