{"id":8465,"date":"2022-09-27T20:13:08","date_gmt":"2022-09-27T20:13:08","guid":{"rendered":"https:\/\/boutique-one-piece.com\/uncategorized\/avis-de-recherche-one-piece-kaido-wanted\/"},"modified":"2024-09-16T11:19:26","modified_gmt":"2024-09-16T11:19:26","slug":"ville-ha-meddelande-ett-stycke-kaido-ville-ha","status":"publish","type":"product","link":"https:\/\/boutique-one-piece.com\/sv\/one-piece-dekorationer\/ville-ha-meddelande-ett-stycke-kaido-ville-ha\/","title":{"rendered":"Kaido ville ha meddelande"},"content":{"rendered":"<h2>Om du gillar pirater med monstru\u00f6s styrka, testa den h\u00e4r Kaido Wanted-affischen.<\/h2>\n<p>Kaido \u00e4r en <strong>kejsare<\/strong> av den Nya v\u00e4rlden, vilket g\u00f6r honom till en av de starkaste och mest fruktade piraterna i v\u00e4rlden. Han \u00e4r k\u00e4nd som <strong>det m\u00e4ktigaste odjuret<\/strong> i den h\u00e4r v\u00e4rlden.<\/p>\n<p>Kaido s\u00f6ker efter ett s\u00e4tt att d\u00f6; det \u00e4r v\u00e4rt att notera att han har d\u00f6mts till avr\u00e4ttning flera g\u00e5nger utan att n\u00e5gonsin d\u00f6. F\u00f6rsta g\u00e5ngen vi ser honom kastar han sig fr\u00e5n en himmels\u00f6 (10 km ovanf\u00f6r jorden) eftersom Whitebeard r\u00e5dde honom att prova detta som ett sj\u00e4lvmordsmedel. Han landar vid Eustass Kids h\u00f6gkvarter och besegrar honom snabbt, sedan tar han honom och hans bes\u00e4ttning till f\u00e5nga.<\/p>\n<h3>L\u00e5t dig inte skr\u00e4mmas av den enorma bel\u00f6ningen p\u00e5 Kaidos efterlysningsaffisch.<\/h3>\n<p>Kaido sl\u00e5ss med en spetsig klubba, en <strong>Kanabo<\/strong> Gigantisk. Han \u00e4r den som styr Wanos land tillsammans med Orochi och kommer att vara den fr\u00e4msta antagonisten i Wanos landb\u00e5ge. Han \u00e5t dj\u00e4vulens frukt av... <strong>Uo Uo nej mi<\/strong> vilket \u00e4r en ur\u00e5ldrig Zoan, vilket g\u00f6r att han kan f\u00f6rvandlas till en drake. Bel\u00f6ningen p\u00e5 Kaidos huvud \u00e4r 4 611 100 000 b\u00e4r.<\/p>\n<p>Om du brinner f\u00f6r stora summor pengar, s\u00e5 h\u00e4r <a href=\"https:\/\/boutique-one-piece.com\/sv\/one-piece-affisch-charlotte-linlin\/\" target=\"_blank\" title=\"Charlotte Linlin ville\" rel=\"noopener noreferrer\">Charlotte Linlins efterlysning<\/a> G\u00e5 och unna dig n\u00e5got.<\/p>\n<h2>Information om One Piece Wanted: Kaido of the Hundred Beasts-affischen<\/h2>\n<ul>\n<li><span><b><u>One Piece Wanted-affisch<\/u><\/b>\u00a0En \u00e4kta One Piece-efterlysningsaffisch f\u00f6r riktiga pirater<\/span><\/li>\n<\/ul>\n<ul>\n<li>\n<b><u>Kaidos bel\u00f6ning<\/u><\/b>\u00a04 611 100 000 b\u00e4r<\/li>\n<\/ul>\n<ul>\n<li><span><strong>H\u00f6gkvalitativ utskrift<\/strong>\u00a0exakta f\u00e4rger<\/span><\/li>\n<\/ul>\n<ul>\n<li>\n<strong>Dimensionera<\/strong>\u00a0: 30 cm x 21 cm och 42 cm x 30 cm<\/li>\n<\/ul>\n<ul>\n<li><span><strong>FRI LEVERANS<\/strong><\/span><\/li>\n<\/ul>\n<div id=\"gtx-trans\" style=\"position: absolute; left: 673px; top: 49px;\">\n<div class=\"gtx-trans-icon\"><\/div>\n<\/div>","protected":false},"excerpt":{"rendered":"<p>Om du gillar pirater med monstru\u00f6s styrka, d\u00e5 \u00e4r den h\u00e4r Kaido Wanted-affischen n\u00e5got f\u00f6r dig. Kaido \u00e4r en kejsare av den Nya V\u00e4rlden, vilket g\u00f6r honom till en av de starkaste och mest fruktade piraterna i v\u00e4rlden. Han \u00e4r k\u00e4nd som det m\u00e4ktigaste odjuret i denna v\u00e4rld. Kaido \u00e4r [\u2026]<\/p>","protected":false},"featured_media":8467,"comment_status":"open","ping_status":"open","template":"","meta":[],"product_brand":[],"product_cat":[171,150],"product_tag":[],"class_list":{"0":"post-8465","1":"product","2":"type-product","3":"status-publish","4":"has-post-thumbnail","6":"product_cat-avis-de-recherche-one-piece","7":"product_cat-decorations-one-piece","9":"first","10":"instock","11":"purchasable","12":"product-type-variable","13":"has-default-attributes"},"yoast_head":"<!-- This site is optimized with the Yoast SEO plugin v27.5 - https:\/\/yoast.com\/product\/yoast-seo-wordpress\/ -->\n<title>Avis de Recherche One Piece Kaido Wanted | D\u00e9coration One Piece \u2013 Boutique One Piece<\/title>\n<meta name=\"description\" content=\"Si tu aimes les pirates \u00e0 la force monstrueuse, laisse-toi tenter par cet Avis de Recherche Kaido Wanted. Kaido est un empereur du Nouveau Monde, ce qui en fait un des pirates les plus forts du monde et les plus craints. Il est connu comme la b\u00eate la plus puissante en ce monde. Kaido est \u00e0 la recherche d&#039;une mani\u00e8re de\" \/>\n<meta name=\"robots\" content=\"index, follow, max-snippet:-1, max-image-preview:large, max-video-preview:-1\" \/>\n<link rel=\"canonical\" href=\"https:\/\/boutique-one-piece.com\/sv\/one-piece-efterlysningsaffisch\/ville-ha-meddelande-ett-stycke-kaido-ville-ha\/\" \/>\n<meta property=\"og:locale\" content=\"sv_SE\" \/>\n<meta property=\"og:type\" content=\"article\" \/>\n<meta property=\"og:title\" content=\"Avis de Recherche One Piece Kaido Wanted | D\u00e9coration One Piece \u2013 Boutique One Piece\" \/>\n<meta property=\"og:description\" content=\"Si tu aimes les pirates \u00e0 la force monstrueuse, laisse-toi tenter par cet Avis de Recherche Kaido Wanted. Kaido est un empereur du Nouveau Monde, ce qui en fait un des pirates les plus forts du monde et les plus craints. Il est connu comme la b\u00eate la plus puissante en ce monde. Kaido est \u00e0 la recherche d&#039;une mani\u00e8re de\" \/>\n<meta property=\"og:url\" content=\"https:\/\/boutique-one-piece.com\/sv\/one-piece-efterlysningsaffisch\/ville-ha-meddelande-ett-stycke-kaido-ville-ha\/\" \/>\n<meta property=\"og:site_name\" content=\"Boutique One Piece\" \/>\n<meta property=\"article:modified_time\" content=\"2024-09-16T11:19:26+00:00\" \/>\n<meta property=\"og:image\" content=\"https:\/\/boutique-one-piece.com\/wp-content\/uploads\/2022\/09\/Avis-de-Recherche-Kaido-Wanted.jpg\" \/>\n\t<meta property=\"og:image:width\" content=\"800\" \/>\n\t<meta property=\"og:image:height\" content=\"800\" \/>\n\t<meta property=\"og:image:type\" content=\"image\/jpeg\" \/>\n<meta name=\"twitter:card\" content=\"summary_large_image\" \/>\n<meta name=\"twitter:label1\" content=\"Ber\u00e4knad l\u00e4stid\" \/>\n\t<meta name=\"twitter:data1\" content=\"1 minut\" \/>\n<script type=\"application\/ld+json\" class=\"yoast-schema-graph\">{\"@context\":\"https:\\\/\\\/schema.org\",\"@graph\":[{\"@type\":\"WebPage\",\"@id\":\"https:\\\/\\\/boutique-one-piece.com\\\/avis-de-recherche-one-piece\\\/avis-de-recherche-one-piece-kaido-wanted\\\/\",\"url\":\"https:\\\/\\\/boutique-one-piece.com\\\/avis-de-recherche-one-piece\\\/avis-de-recherche-one-piece-kaido-wanted\\\/\",\"name\":\"Avis de Recherche One Piece Kaido Wanted | D\u00e9coration One Piece \u2013 Boutique One Piece\",\"isPartOf\":{\"@id\":\"https:\\\/\\\/boutique-one-piece.com\\\/#website\"},\"primaryImageOfPage\":{\"@id\":\"https:\\\/\\\/boutique-one-piece.com\\\/avis-de-recherche-one-piece\\\/avis-de-recherche-one-piece-kaido-wanted\\\/#primaryimage\"},\"image\":{\"@id\":\"https:\\\/\\\/boutique-one-piece.com\\\/avis-de-recherche-one-piece\\\/avis-de-recherche-one-piece-kaido-wanted\\\/#primaryimage\"},\"thumbnailUrl\":\"https:\\\/\\\/boutique-one-piece.com\\\/wp-content\\\/uploads\\\/2022\\\/09\\\/Avis-de-Recherche-Kaido-Wanted.jpg\",\"datePublished\":\"2022-09-27T20:13:08+00:00\",\"dateModified\":\"2024-09-16T11:19:26+00:00\",\"description\":\"Si tu aimes les pirates \u00e0 la force monstrueuse, laisse-toi tenter par cet Avis de Recherche Kaido Wanted. Kaido est un empereur du Nouveau Monde, ce qui en fait un des pirates les plus forts du monde et les plus craints. Il est connu comme la b\u00eate la plus puissante en ce monde. Kaido est \u00e0 la recherche d'une mani\u00e8re de\",\"breadcrumb\":{\"@id\":\"https:\\\/\\\/boutique-one-piece.com\\\/avis-de-recherche-one-piece\\\/avis-de-recherche-one-piece-kaido-wanted\\\/#breadcrumb\"},\"inLanguage\":\"sv-SE\",\"potentialAction\":[{\"@type\":\"ReadAction\",\"target\":[\"https:\\\/\\\/boutique-one-piece.com\\\/avis-de-recherche-one-piece\\\/avis-de-recherche-one-piece-kaido-wanted\\\/\"]}]},{\"@type\":\"ImageObject\",\"inLanguage\":\"sv-SE\",\"@id\":\"https:\\\/\\\/boutique-one-piece.com\\\/avis-de-recherche-one-piece\\\/avis-de-recherche-one-piece-kaido-wanted\\\/#primaryimage\",\"url\":\"https:\\\/\\\/boutique-one-piece.com\\\/wp-content\\\/uploads\\\/2022\\\/09\\\/Avis-de-Recherche-Kaido-Wanted.jpg\",\"contentUrl\":\"https:\\\/\\\/boutique-one-piece.com\\\/wp-content\\\/uploads\\\/2022\\\/09\\\/Avis-de-Recherche-Kaido-Wanted.jpg\",\"width\":800,\"height\":800,\"caption\":\"Avis de Recherche Kaido Wanted 42 x 30 cm\"},{\"@type\":\"BreadcrumbList\",\"@id\":\"https:\\\/\\\/boutique-one-piece.com\\\/avis-de-recherche-one-piece\\\/avis-de-recherche-one-piece-kaido-wanted\\\/#breadcrumb\",\"itemListElement\":[{\"@type\":\"ListItem\",\"position\":1,\"name\":\"Home\",\"item\":\"https:\\\/\\\/boutique-one-piece.com\\\/\"},{\"@type\":\"ListItem\",\"position\":2,\"name\":\"Shop\",\"item\":\"https:\\\/\\\/boutique-one-piece.com\\\/shop\\\/\"},{\"@type\":\"ListItem\",\"position\":3,\"name\":\"Avis de Recherche Kaido Wanted\"}]},{\"@type\":\"WebSite\",\"@id\":\"https:\\\/\\\/boutique-one-piece.com\\\/#website\",\"url\":\"https:\\\/\\\/boutique-one-piece.com\\\/\",\"name\":\"Boutique One Piece\",\"description\":\"Magasin Sp\u00e9cialis\u00e9 du Manga et l&#039;Anime One Piece\",\"publisher\":{\"@id\":\"https:\\\/\\\/boutique-one-piece.com\\\/#organization\"},\"potentialAction\":[{\"@type\":\"SearchAction\",\"target\":{\"@type\":\"EntryPoint\",\"urlTemplate\":\"https:\\\/\\\/boutique-one-piece.com\\\/?s={search_term_string}\"},\"query-input\":{\"@type\":\"PropertyValueSpecification\",\"valueRequired\":true,\"valueName\":\"search_term_string\"}}],\"inLanguage\":\"sv-SE\"},{\"@type\":\"Organization\",\"@id\":\"https:\\\/\\\/boutique-one-piece.com\\\/#organization\",\"name\":\"Boutique One Piece\",\"url\":\"https:\\\/\\\/boutique-one-piece.com\\\/\",\"logo\":{\"@type\":\"ImageObject\",\"inLanguage\":\"sv-SE\",\"@id\":\"https:\\\/\\\/boutique-one-piece.com\\\/#\\\/schema\\\/logo\\\/image\\\/\",\"url\":\"https:\\\/\\\/boutique-one-piece.com\\\/wp-content\\\/uploads\\\/2022\\\/09\\\/Logo-01.png\",\"contentUrl\":\"https:\\\/\\\/boutique-one-piece.com\\\/wp-content\\\/uploads\\\/2022\\\/09\\\/Logo-01.png\",\"width\":2318,\"height\":957,\"caption\":\"Boutique One Piece\"},\"image\":{\"@id\":\"https:\\\/\\\/boutique-one-piece.com\\\/#\\\/schema\\\/logo\\\/image\\\/\"}}]}<\/script>\n<!-- \/ Yoast SEO plugin. -->","yoast_head_json":{"title":"One Piece Wanted-affisch: Kaido Wanted | One Piece-dekorationer \u2013 One Piece Shop","description":"Om du \u00e4lskar pirater med monstru\u00f6s styrka, d\u00e5 \u00e4r den h\u00e4r Kaido Wanted-postern n\u00e5got f\u00f6r dig. Kaido \u00e4r en kejsare av den Nya V\u00e4rlden, vilket g\u00f6r honom till en av de starkaste och mest fruktade piraterna i v\u00e4rlden. Han \u00e4r k\u00e4nd som det m\u00e4ktigaste odjuret i denna v\u00e4rld. Kaido letar efter ett s\u00e4tt att ...","robots":{"index":"index","follow":"follow","max-snippet":"max-snippet:-1","max-image-preview":"max-image-preview:large","max-video-preview":"max-video-preview:-1"},"canonical":"https:\/\/boutique-one-piece.com\/sv\/one-piece-efterlysningsaffisch\/ville-ha-meddelande-ett-stycke-kaido-ville-ha\/","og_locale":"sv_SE","og_type":"article","og_title":"Avis de Recherche One Piece Kaido Wanted | D\u00e9coration One Piece \u2013 Boutique One Piece","og_description":"Si tu aimes les pirates \u00e0 la force monstrueuse, laisse-toi tenter par cet Avis de Recherche Kaido Wanted. Kaido est un empereur du Nouveau Monde, ce qui en fait un des pirates les plus forts du monde et les plus craints. Il est connu comme la b\u00eate la plus puissante en ce monde. Kaido est \u00e0 la recherche d'une mani\u00e8re de","og_url":"https:\/\/boutique-one-piece.com\/sv\/one-piece-efterlysningsaffisch\/ville-ha-meddelande-ett-stycke-kaido-ville-ha\/","og_site_name":"Boutique One Piece","article_modified_time":"2024-09-16T11:19:26+00:00","og_image":[{"width":800,"height":800,"url":"https:\/\/boutique-one-piece.com\/wp-content\/uploads\/2022\/09\/Avis-de-Recherche-Kaido-Wanted.jpg","type":"image\/jpeg"}],"twitter_card":"summary_large_image","twitter_misc":{"Ber\u00e4knad l\u00e4stid":"1 minut"},"schema":{"@context":"https:\/\/schema.org","@graph":[{"@type":"WebPage","@id":"https:\/\/boutique-one-piece.com\/avis-de-recherche-one-piece\/avis-de-recherche-one-piece-kaido-wanted\/","url":"https:\/\/boutique-one-piece.com\/avis-de-recherche-one-piece\/avis-de-recherche-one-piece-kaido-wanted\/","name":"One Piece Wanted-affisch: Kaido Wanted | One Piece-dekorationer \u2013 One Piece Shop","isPartOf":{"@id":"https:\/\/boutique-one-piece.com\/#website"},"primaryImageOfPage":{"@id":"https:\/\/boutique-one-piece.com\/avis-de-recherche-one-piece\/avis-de-recherche-one-piece-kaido-wanted\/#primaryimage"},"image":{"@id":"https:\/\/boutique-one-piece.com\/avis-de-recherche-one-piece\/avis-de-recherche-one-piece-kaido-wanted\/#primaryimage"},"thumbnailUrl":"https:\/\/boutique-one-piece.com\/wp-content\/uploads\/2022\/09\/Avis-de-Recherche-Kaido-Wanted.jpg","datePublished":"2022-09-27T20:13:08+00:00","dateModified":"2024-09-16T11:19:26+00:00","description":"Om du \u00e4lskar pirater med monstru\u00f6s styrka, d\u00e5 \u00e4r den h\u00e4r Kaido Wanted-postern n\u00e5got f\u00f6r dig. Kaido \u00e4r en kejsare av den Nya V\u00e4rlden, vilket g\u00f6r honom till en av de starkaste och mest fruktade piraterna i v\u00e4rlden. Han \u00e4r k\u00e4nd som det m\u00e4ktigaste odjuret i denna v\u00e4rld. Kaido letar efter ett s\u00e4tt att ...","breadcrumb":{"@id":"https:\/\/boutique-one-piece.com\/avis-de-recherche-one-piece\/avis-de-recherche-one-piece-kaido-wanted\/#breadcrumb"},"inLanguage":"sv-SE","potentialAction":[{"@type":"ReadAction","target":["https:\/\/boutique-one-piece.com\/avis-de-recherche-one-piece\/avis-de-recherche-one-piece-kaido-wanted\/"]}]},{"@type":"ImageObject","inLanguage":"sv-SE","@id":"https:\/\/boutique-one-piece.com\/avis-de-recherche-one-piece\/avis-de-recherche-one-piece-kaido-wanted\/#primaryimage","url":"https:\/\/boutique-one-piece.com\/wp-content\/uploads\/2022\/09\/Avis-de-Recherche-Kaido-Wanted.jpg","contentUrl":"https:\/\/boutique-one-piece.com\/wp-content\/uploads\/2022\/09\/Avis-de-Recherche-Kaido-Wanted.jpg","width":800,"height":800,"caption":"Avis de Recherche Kaido Wanted 42 x 30 cm"},{"@type":"BreadcrumbList","@id":"https:\/\/boutique-one-piece.com\/avis-de-recherche-one-piece\/avis-de-recherche-one-piece-kaido-wanted\/#breadcrumb","itemListElement":[{"@type":"ListItem","position":1,"name":"Home","item":"https:\/\/boutique-one-piece.com\/"},{"@type":"ListItem","position":2,"name":"Shop","item":"https:\/\/boutique-one-piece.com\/shop\/"},{"@type":"ListItem","position":3,"name":"Avis de Recherche Kaido Wanted"}]},{"@type":"WebSite","@id":"https:\/\/boutique-one-piece.com\/#website","url":"https:\/\/boutique-one-piece.com\/","name":"One Piece-butik","description":"Specialbutik f\u00f6r One Piece Manga och Anime","publisher":{"@id":"https:\/\/boutique-one-piece.com\/#organization"},"potentialAction":[{"@type":"SearchAction","target":{"@type":"EntryPoint","urlTemplate":"https:\/\/boutique-one-piece.com\/?s={search_term_string}"},"query-input":{"@type":"PropertyValueSpecification","valueRequired":true,"valueName":"search_term_string"}}],"inLanguage":"sv-SE"},{"@type":"Organization","@id":"https:\/\/boutique-one-piece.com\/#organization","name":"One Piece-butik","url":"https:\/\/boutique-one-piece.com\/","logo":{"@type":"ImageObject","inLanguage":"sv-SE","@id":"https:\/\/boutique-one-piece.com\/#\/schema\/logo\/image\/","url":"https:\/\/boutique-one-piece.com\/wp-content\/uploads\/2022\/09\/Logo-01.png","contentUrl":"https:\/\/boutique-one-piece.com\/wp-content\/uploads\/2022\/09\/Logo-01.png","width":2318,"height":957,"caption":"Boutique One Piece"},"image":{"@id":"https:\/\/boutique-one-piece.com\/#\/schema\/logo\/image\/"}}]}},"_links":{"self":[{"href":"https:\/\/boutique-one-piece.com\/sv\/wp-json\/wp\/v2\/product\/8465","targetHints":{"allow":["GET"]}}],"collection":[{"href":"https:\/\/boutique-one-piece.com\/sv\/wp-json\/wp\/v2\/product"}],"about":[{"href":"https:\/\/boutique-one-piece.com\/sv\/wp-json\/wp\/v2\/types\/product"}],"replies":[{"embeddable":true,"href":"https:\/\/boutique-one-piece.com\/sv\/wp-json\/wp\/v2\/comments?post=8465"}],"wp:featuredmedia":[{"embeddable":true,"href":"https:\/\/boutique-one-piece.com\/sv\/wp-json\/wp\/v2\/media\/8467"}],"wp:attachment":[{"href":"https:\/\/boutique-one-piece.com\/sv\/wp-json\/wp\/v2\/media?parent=8465"}],"wp:term":[{"taxonomy":"product_brand","embeddable":true,"href":"https:\/\/boutique-one-piece.com\/sv\/wp-json\/wp\/v2\/product_brand?post=8465"},{"taxonomy":"product_cat","embeddable":true,"href":"https:\/\/boutique-one-piece.com\/sv\/wp-json\/wp\/v2\/product_cat?post=8465"},{"taxonomy":"product_tag","embeddable":true,"href":"https:\/\/boutique-one-piece.com\/sv\/wp-json\/wp\/v2\/product_tag?post=8465"}],"curies":[{"name":"wp","href":"https:\/\/api.w.org\/{rel}","templated":true}]}}