{"id":8505,"date":"2022-09-27T20:13:22","date_gmt":"2022-09-27T20:13:22","guid":{"rendered":"https:\/\/boutique-one-piece.com\/uncategorized\/puzzle-1000-pieeces-one-piece-roi-des-pirates\/"},"modified":"2024-09-16T11:20:24","modified_gmt":"2024-09-16T11:20:24","slug":"pussel-1000-bitar-one-piece-kungen-av-piraterna","status":"publish","type":"product","link":"https:\/\/boutique-one-piece.com\/sv\/one-piece-godsaker\/godsaker-apa-d-luffy-ett-stycke\/pussel-1000-bitar-one-piece-kungen-av-piraterna\/","title":{"rendered":"One Piece Piraternas Kung 1000-bitars pussel"},"content":{"rendered":"<p><meta charset=\"utf-8\"><\/p>\n<h2>\n<b>One Piece 1000-bitars pussel med olika viktiga karakt\u00e4rer fr\u00e5n Monkey D. Luffys ber\u00e4ttelse\u00a0<\/b><b>,\u00a0<\/b>Ett superspel f\u00f6r en pirat som du!<\/h2>\n<p>Om du \u00e4r en\u00a0<strong>riktig pirat<\/strong>,\u00a0<strong>liten<\/strong>\u00a0Eller\u00a0<strong>stor<\/strong>,Du kommer att uppskatta det<span>\u00a0<\/span>det\u00a0<strong>kvalitet<\/strong>\u00a0av\u00a0<strong>tr\u00e4bitar<\/strong>, av\u00a0<strong>m\u00e5la<\/strong>\u00a0Och\u00a0<strong>3D-utskrift<\/strong>\u00a0av detta\u00a0<strong>One Piece 1000-bitars pussel<\/strong>\u00a0Men viktigast av allt, med det h\u00e4r pusselspelet kommer du att vara en del av\u00a0<strong>fanteamet<\/strong>\u00a0av\u00a0<strong>piratmanga<\/strong>\u00a0och du kommer att f\u00e5:<\/p>\n<ul>\n<li>\u00a0<strong>Beundran<\/strong>\u00a0av alla fans av\u00a0<strong>mugiwara<\/strong>\u00a0som du kommer att bjuda in att spela hemma hos dig<\/li>\n<\/ul>\n<ul>\n<li>En riktig\u00a0<strong>tryckt pussel<\/strong>\u00a0med vilket du kan<strong>\u00a0ha roligt<\/strong><span>\u00a0<\/span>att samla alla bitar till<strong>\u00a0avsl\u00f6ja\u00a0<\/strong>?DE <strong>karakt\u00e4rer<\/strong> av <strong>manga<\/strong>\n<\/li>\n<\/ul>\n<p>\u00a0S\u00e5, redo att<span>\u00a0<\/span><strong>spela<\/strong><span>\u00a0<\/span>med ett spel<span>\u00a0<\/span><strong>Ett stycke<\/strong>\u00a0?<\/p>\n<h2>\u00c4r du ett fan av One Piece manga eller anime? Visa det med den h\u00e4r!<span>\u00a0<\/span>One Piece 1000-bitars pussel!<\/h2>\n<p>Om du\u00a0<strong>l\u00e4sa<\/strong>\u00a0eller vart du \u00e4n tittar\u00a0<strong>animen\u00a0<\/strong><strong>japanska<\/strong>, Det finns en god chans att du har blivit\u00a0<strong>galen i One Piece<\/strong>\u00a0Med detta!\u00a0<strong>1000-bitars One Piece King of the Pirates-pussel<\/strong>, g\u00e5 med i\u2019<strong>en grupp fans av franchisen<\/strong><\/p>\n<h2><strong>Pusselinformation:<\/strong><\/h2>\n<ul>\n<li>\n<strong>H\u00f6gkvalitativt tryckt pussel\u00a0<\/strong>Bitarna \u00e4r gjorda av tr\u00e4.<\/li>\n<\/ul>\n<ul>\n<li>\n<strong>Ultra Design-pussel<\/strong>\u00a0Detta pussel med 1000 bitar \u00e4r helt underbart n\u00e4r det v\u00e4l \u00e4r klart.\u00a0<strong>f\u00e4rdig<\/strong>\u00a0du kan anv\u00e4nda den som\u00a0<strong>m\u00e5lning<\/strong>, Fansen kan inte l\u00e5ta bli att \u00e4lska det<\/li>\n<\/ul>\n<ul>\n<li>\n<strong>F\u00e4rg och utskrift\u00a0<\/strong>One Piece-pussel med tryck\u00a0<strong>Duk<\/strong>\u00a0riktm\u00e4rket inom tryckning<\/li>\n<\/ul>\n<ul>\n<li>\n<strong>Medelsv\u00e5righetsgrad<\/strong>\u00a0perfekt l\u00e4mplig f\u00f6r barn fr\u00e5n\u00a0<strong>6 \u00e5r<\/strong>. F\u00f6re den \u00e5ldern, den\u00a0<strong>\u00f6vervakning<\/strong>\u00a0av en\u00a0<strong>vuxen<\/strong>\u00a0\u00d6st\u00a0<strong>rekommenderad<\/strong>\n<\/li>\n<\/ul>\n<ul>\n<li>\n<strong>F\u00f6r barn och vuxna<\/strong>\u00a0Detta \u00e4r ett bra tillf\u00e4lle att g\u00f6ra en\u00a0<strong>rolig aktivitet<\/strong>\u00a0Och\u00a0<strong>sp\u00e4nnande<\/strong>\u00a0med din\u00a0<strong>barn<\/strong>\u00a0eller med din\u00a0<strong>f\u00f6r\u00e4ldrar<\/strong>\n<\/li>\n<\/ul>\n<ul>\n<li>\n<strong>Dimensionera\u00a0<\/strong>: h\u00f6jd\u00a0<strong>50 cm<\/strong>, bredd\u00a0<strong>75 cm<\/strong>, tjocklek\u00a0<strong>2 mm<\/strong>\n<\/li>\n<\/ul>\n<ul>\n<li>\n<strong>Fri leverans\u00a0<\/strong>f\u00f6r alla k\u00f6p<\/li>\n<\/ul>\n<h2><b><img fetchpriority=\"high\" decoding=\"async\" src=\"https:\/\/cdn.shopify.com\/s\/files\/1\/0087\/7556\/5348\/files\/puzzle_one_piece_1000_pieces_en_bois_large.jpg?v=1561382263\" alt=\"One Piece tr\u00e4spel\" width=\"287\" height=\"283\"><\/b><\/h2>\n<ul><\/ul>","protected":false},"excerpt":{"rendered":"<p>One Piece 1000-bitars pussel med olika viktiga karakt\u00e4rer fr\u00e5n Monkey D. Luffys ber\u00e4ttelse, ett fantastiskt spel f\u00f6r en pirat som du! Om du \u00e4r en sann pirat, ung eller gammal, kommer du att uppskatta kvaliteten p\u00e5 tr\u00e4bitarna, m\u00e5lningen och 3D-utskriften av detta 1000-bitars One Piece-pussel! Men viktigast av allt, med detta pussel blir du en del av g\u00e4nget av piratmanga-fans och du kommer att f\u00f6rtj\u00e4na: Beundran fr\u00e5n [\u2026]<\/p>","protected":false},"featured_media":8507,"comment_status":"open","ping_status":"open","template":"","meta":[],"product_brand":[],"product_cat":[157,80,153,198,151,155,197],"product_tag":[176,68,199,158,200,129,201,202,92,154,203,204,205,127,206,144,113],"class_list":{"0":"post-8505","1":"product","2":"type-product","3":"status-publish","4":"has-post-thumbnail","6":"product_cat-goodies-brook-one-piece","7":"product_cat-goodies-monkey-d-luffy-one-piece","8":"product_cat-goodies-nami-one-piece","9":"product_cat-goodies-nico-robin-one-piece","10":"product_cat-goodies-roronoa-zoro-one-piece","11":"product_cat-goodies-usopp-one-piece","12":"product_cat-puzzles-one-piece","13":"product_tag-ace","14":"product_tag-aokiji","15":"product_tag-barbe-blanche","16":"product_tag-brook","17":"product_tag-doflamingo","18":"product_tag-franky","19":"product_tag-kid","20":"product_tag-law","21":"product_tag-luffy","22":"product_tag-nami","23":"product_tag-puzzle-1000-pieces","24":"product_tag-rayleigh","25":"product_tag-robin","26":"product_tag-shanks","27":"product_tag-smoker","28":"product_tag-usopp","29":"product_tag-zoro","31":"first","32":"instock","33":"purchasable","34":"product-type-simple"},"yoast_head":"<!-- This site is optimized with the Yoast SEO plugin v27.5 - https:\/\/yoast.com\/product\/yoast-seo-wordpress\/ -->\n<title>Puzzle 1000 Pi\u00e8eces One Piece Roi Des Pirates<\/title>\n<meta name=\"description\" content=\"Puzzle Imprim\u00e9 1000 Pi\u00e8ces One Piece avec Diff\u00e9rents Personnages Importants dans l&#039;Histoire de Monkey D. Luffy Jeux Puzzle Imrpim\u00e9 Sur Bois Tr\u00e8s Haute Qualit\u00e9\" \/>\n<meta name=\"robots\" content=\"index, follow, max-snippet:-1, max-image-preview:large, max-video-preview:-1\" \/>\n<link rel=\"canonical\" href=\"https:\/\/boutique-one-piece.com\/sv\/one-piece-godsaker\/nico-robin-one-piece-merchandise\/pussel-1000-bitar-one-piece-kungen-av-piraterna\/\" \/>\n<meta property=\"og:locale\" content=\"sv_SE\" \/>\n<meta property=\"og:type\" content=\"article\" \/>\n<meta property=\"og:title\" content=\"Puzzle 1000 Pi\u00e8eces One Piece Roi Des Pirates\" \/>\n<meta property=\"og:description\" content=\"Puzzle Imprim\u00e9 1000 Pi\u00e8ces One Piece avec Diff\u00e9rents Personnages Importants dans l&#039;Histoire de Monkey D. Luffy Jeux Puzzle Imrpim\u00e9 Sur Bois Tr\u00e8s Haute Qualit\u00e9\" \/>\n<meta property=\"og:url\" content=\"https:\/\/boutique-one-piece.com\/sv\/one-piece-godsaker\/nico-robin-one-piece-merchandise\/pussel-1000-bitar-one-piece-kungen-av-piraterna\/\" \/>\n<meta property=\"og:site_name\" content=\"Boutique One Piece\" \/>\n<meta property=\"article:modified_time\" content=\"2024-09-16T11:20:24+00:00\" \/>\n<meta property=\"og:image\" content=\"https:\/\/boutique-one-piece.com\/wp-content\/uploads\/2022\/09\/Puzzle-1000-Pieeces-One-Piece-Roi-Des-Pirates-1.jpg\" \/>\n\t<meta property=\"og:image:width\" content=\"600\" \/>\n\t<meta property=\"og:image:height\" content=\"402\" \/>\n\t<meta property=\"og:image:type\" content=\"image\/jpeg\" \/>\n<meta name=\"twitter:card\" content=\"summary_large_image\" \/>\n<meta name=\"twitter:label1\" content=\"Ber\u00e4knad l\u00e4stid\" \/>\n\t<meta name=\"twitter:data1\" content=\"2 minuter\" \/>\n<script type=\"application\/ld+json\" class=\"yoast-schema-graph\">{\"@context\":\"https:\\\/\\\/schema.org\",\"@graph\":[{\"@type\":\"WebPage\",\"@id\":\"https:\\\/\\\/boutique-one-piece.com\\\/goodies-one-piece\\\/goodies-nico-robin-one-piece\\\/puzzle-1000-pieeces-one-piece-roi-des-pirates\\\/\",\"url\":\"https:\\\/\\\/boutique-one-piece.com\\\/goodies-one-piece\\\/goodies-nico-robin-one-piece\\\/puzzle-1000-pieeces-one-piece-roi-des-pirates\\\/\",\"name\":\"Puzzle 1000 Pi\u00e8eces One Piece Roi Des Pirates\",\"isPartOf\":{\"@id\":\"https:\\\/\\\/boutique-one-piece.com\\\/#website\"},\"primaryImageOfPage\":{\"@id\":\"https:\\\/\\\/boutique-one-piece.com\\\/goodies-one-piece\\\/goodies-nico-robin-one-piece\\\/puzzle-1000-pieeces-one-piece-roi-des-pirates\\\/#primaryimage\"},\"image\":{\"@id\":\"https:\\\/\\\/boutique-one-piece.com\\\/goodies-one-piece\\\/goodies-nico-robin-one-piece\\\/puzzle-1000-pieeces-one-piece-roi-des-pirates\\\/#primaryimage\"},\"thumbnailUrl\":\"https:\\\/\\\/boutique-one-piece.com\\\/wp-content\\\/uploads\\\/2022\\\/09\\\/Puzzle-1000-Pieeces-One-Piece-Roi-Des-Pirates-1.jpg\",\"datePublished\":\"2022-09-27T20:13:22+00:00\",\"dateModified\":\"2024-09-16T11:20:24+00:00\",\"description\":\"Puzzle Imprim\u00e9 1000 Pi\u00e8ces One Piece avec Diff\u00e9rents Personnages Importants dans l'Histoire de Monkey D. Luffy Jeux Puzzle Imrpim\u00e9 Sur Bois Tr\u00e8s Haute Qualit\u00e9\",\"breadcrumb\":{\"@id\":\"https:\\\/\\\/boutique-one-piece.com\\\/goodies-one-piece\\\/goodies-nico-robin-one-piece\\\/puzzle-1000-pieeces-one-piece-roi-des-pirates\\\/#breadcrumb\"},\"inLanguage\":\"sv-SE\",\"potentialAction\":[{\"@type\":\"ReadAction\",\"target\":[\"https:\\\/\\\/boutique-one-piece.com\\\/goodies-one-piece\\\/goodies-nico-robin-one-piece\\\/puzzle-1000-pieeces-one-piece-roi-des-pirates\\\/\"]}]},{\"@type\":\"ImageObject\",\"inLanguage\":\"sv-SE\",\"@id\":\"https:\\\/\\\/boutique-one-piece.com\\\/goodies-one-piece\\\/goodies-nico-robin-one-piece\\\/puzzle-1000-pieeces-one-piece-roi-des-pirates\\\/#primaryimage\",\"url\":\"https:\\\/\\\/boutique-one-piece.com\\\/wp-content\\\/uploads\\\/2022\\\/09\\\/Puzzle-1000-Pieeces-One-Piece-Roi-Des-Pirates-1.jpg\",\"contentUrl\":\"https:\\\/\\\/boutique-one-piece.com\\\/wp-content\\\/uploads\\\/2022\\\/09\\\/Puzzle-1000-Pieeces-One-Piece-Roi-Des-Pirates-1.jpg\",\"width\":600,\"height\":402},{\"@type\":\"BreadcrumbList\",\"@id\":\"https:\\\/\\\/boutique-one-piece.com\\\/goodies-one-piece\\\/goodies-nico-robin-one-piece\\\/puzzle-1000-pieeces-one-piece-roi-des-pirates\\\/#breadcrumb\",\"itemListElement\":[{\"@type\":\"ListItem\",\"position\":1,\"name\":\"Home\",\"item\":\"https:\\\/\\\/boutique-one-piece.com\\\/\"},{\"@type\":\"ListItem\",\"position\":2,\"name\":\"Shop\",\"item\":\"https:\\\/\\\/boutique-one-piece.com\\\/shop\\\/\"},{\"@type\":\"ListItem\",\"position\":3,\"name\":\"Puzzle 1000 Pi\u00e8eces One Piece Roi Des Pirates\"}]},{\"@type\":\"WebSite\",\"@id\":\"https:\\\/\\\/boutique-one-piece.com\\\/#website\",\"url\":\"https:\\\/\\\/boutique-one-piece.com\\\/\",\"name\":\"Boutique One Piece\",\"description\":\"Magasin Sp\u00e9cialis\u00e9 du Manga et l&#039;Anime One Piece\",\"publisher\":{\"@id\":\"https:\\\/\\\/boutique-one-piece.com\\\/#organization\"},\"potentialAction\":[{\"@type\":\"SearchAction\",\"target\":{\"@type\":\"EntryPoint\",\"urlTemplate\":\"https:\\\/\\\/boutique-one-piece.com\\\/?s={search_term_string}\"},\"query-input\":{\"@type\":\"PropertyValueSpecification\",\"valueRequired\":true,\"valueName\":\"search_term_string\"}}],\"inLanguage\":\"sv-SE\"},{\"@type\":\"Organization\",\"@id\":\"https:\\\/\\\/boutique-one-piece.com\\\/#organization\",\"name\":\"Boutique One Piece\",\"url\":\"https:\\\/\\\/boutique-one-piece.com\\\/\",\"logo\":{\"@type\":\"ImageObject\",\"inLanguage\":\"sv-SE\",\"@id\":\"https:\\\/\\\/boutique-one-piece.com\\\/#\\\/schema\\\/logo\\\/image\\\/\",\"url\":\"https:\\\/\\\/boutique-one-piece.com\\\/wp-content\\\/uploads\\\/2022\\\/09\\\/Logo-01.png\",\"contentUrl\":\"https:\\\/\\\/boutique-one-piece.com\\\/wp-content\\\/uploads\\\/2022\\\/09\\\/Logo-01.png\",\"width\":2318,\"height\":957,\"caption\":\"Boutique One Piece\"},\"image\":{\"@id\":\"https:\\\/\\\/boutique-one-piece.com\\\/#\\\/schema\\\/logo\\\/image\\\/\"}}]}<\/script>\n<!-- \/ Yoast SEO plugin. -->","yoast_head_json":{"title":"One Piece Piraternas Kung 1000-bitars pussel","description":"One Piece 1000-bitars pussel med olika viktiga karakt\u00e4rer fr\u00e5n ber\u00e4ttelsen om Monkey D. Luffy. H\u00f6gkvalitativt tr\u00e4pussel.","robots":{"index":"index","follow":"follow","max-snippet":"max-snippet:-1","max-image-preview":"max-image-preview:large","max-video-preview":"max-video-preview:-1"},"canonical":"https:\/\/boutique-one-piece.com\/sv\/one-piece-godsaker\/nico-robin-one-piece-merchandise\/pussel-1000-bitar-one-piece-kungen-av-piraterna\/","og_locale":"sv_SE","og_type":"article","og_title":"Puzzle 1000 Pi\u00e8eces One Piece Roi Des Pirates","og_description":"Puzzle Imprim\u00e9 1000 Pi\u00e8ces One Piece avec Diff\u00e9rents Personnages Importants dans l'Histoire de Monkey D. Luffy Jeux Puzzle Imrpim\u00e9 Sur Bois Tr\u00e8s Haute Qualit\u00e9","og_url":"https:\/\/boutique-one-piece.com\/sv\/one-piece-godsaker\/nico-robin-one-piece-merchandise\/pussel-1000-bitar-one-piece-kungen-av-piraterna\/","og_site_name":"Boutique One Piece","article_modified_time":"2024-09-16T11:20:24+00:00","og_image":[{"width":600,"height":402,"url":"https:\/\/boutique-one-piece.com\/wp-content\/uploads\/2022\/09\/Puzzle-1000-Pieeces-One-Piece-Roi-Des-Pirates-1.jpg","type":"image\/jpeg"}],"twitter_card":"summary_large_image","twitter_misc":{"Ber\u00e4knad l\u00e4stid":"2 minuter"},"schema":{"@context":"https:\/\/schema.org","@graph":[{"@type":"WebPage","@id":"https:\/\/boutique-one-piece.com\/goodies-one-piece\/goodies-nico-robin-one-piece\/puzzle-1000-pieeces-one-piece-roi-des-pirates\/","url":"https:\/\/boutique-one-piece.com\/goodies-one-piece\/goodies-nico-robin-one-piece\/puzzle-1000-pieeces-one-piece-roi-des-pirates\/","name":"One Piece Piraternas Kung 1000-bitars pussel","isPartOf":{"@id":"https:\/\/boutique-one-piece.com\/#website"},"primaryImageOfPage":{"@id":"https:\/\/boutique-one-piece.com\/goodies-one-piece\/goodies-nico-robin-one-piece\/puzzle-1000-pieeces-one-piece-roi-des-pirates\/#primaryimage"},"image":{"@id":"https:\/\/boutique-one-piece.com\/goodies-one-piece\/goodies-nico-robin-one-piece\/puzzle-1000-pieeces-one-piece-roi-des-pirates\/#primaryimage"},"thumbnailUrl":"https:\/\/boutique-one-piece.com\/wp-content\/uploads\/2022\/09\/Puzzle-1000-Pieeces-One-Piece-Roi-Des-Pirates-1.jpg","datePublished":"2022-09-27T20:13:22+00:00","dateModified":"2024-09-16T11:20:24+00:00","description":"One Piece 1000-bitars pussel med olika viktiga karakt\u00e4rer fr\u00e5n ber\u00e4ttelsen om Monkey D. Luffy. H\u00f6gkvalitativt tr\u00e4pussel.","breadcrumb":{"@id":"https:\/\/boutique-one-piece.com\/goodies-one-piece\/goodies-nico-robin-one-piece\/puzzle-1000-pieeces-one-piece-roi-des-pirates\/#breadcrumb"},"inLanguage":"sv-SE","potentialAction":[{"@type":"ReadAction","target":["https:\/\/boutique-one-piece.com\/goodies-one-piece\/goodies-nico-robin-one-piece\/puzzle-1000-pieeces-one-piece-roi-des-pirates\/"]}]},{"@type":"ImageObject","inLanguage":"sv-SE","@id":"https:\/\/boutique-one-piece.com\/goodies-one-piece\/goodies-nico-robin-one-piece\/puzzle-1000-pieeces-one-piece-roi-des-pirates\/#primaryimage","url":"https:\/\/boutique-one-piece.com\/wp-content\/uploads\/2022\/09\/Puzzle-1000-Pieeces-One-Piece-Roi-Des-Pirates-1.jpg","contentUrl":"https:\/\/boutique-one-piece.com\/wp-content\/uploads\/2022\/09\/Puzzle-1000-Pieeces-One-Piece-Roi-Des-Pirates-1.jpg","width":600,"height":402},{"@type":"BreadcrumbList","@id":"https:\/\/boutique-one-piece.com\/goodies-one-piece\/goodies-nico-robin-one-piece\/puzzle-1000-pieeces-one-piece-roi-des-pirates\/#breadcrumb","itemListElement":[{"@type":"ListItem","position":1,"name":"Home","item":"https:\/\/boutique-one-piece.com\/"},{"@type":"ListItem","position":2,"name":"Shop","item":"https:\/\/boutique-one-piece.com\/shop\/"},{"@type":"ListItem","position":3,"name":"Puzzle 1000 Pi\u00e8eces One Piece Roi Des Pirates"}]},{"@type":"WebSite","@id":"https:\/\/boutique-one-piece.com\/#website","url":"https:\/\/boutique-one-piece.com\/","name":"One Piece-butik","description":"Specialbutik f\u00f6r One Piece Manga och Anime","publisher":{"@id":"https:\/\/boutique-one-piece.com\/#organization"},"potentialAction":[{"@type":"SearchAction","target":{"@type":"EntryPoint","urlTemplate":"https:\/\/boutique-one-piece.com\/?s={search_term_string}"},"query-input":{"@type":"PropertyValueSpecification","valueRequired":true,"valueName":"search_term_string"}}],"inLanguage":"sv-SE"},{"@type":"Organization","@id":"https:\/\/boutique-one-piece.com\/#organization","name":"One Piece-butik","url":"https:\/\/boutique-one-piece.com\/","logo":{"@type":"ImageObject","inLanguage":"sv-SE","@id":"https:\/\/boutique-one-piece.com\/#\/schema\/logo\/image\/","url":"https:\/\/boutique-one-piece.com\/wp-content\/uploads\/2022\/09\/Logo-01.png","contentUrl":"https:\/\/boutique-one-piece.com\/wp-content\/uploads\/2022\/09\/Logo-01.png","width":2318,"height":957,"caption":"Boutique One Piece"},"image":{"@id":"https:\/\/boutique-one-piece.com\/#\/schema\/logo\/image\/"}}]}},"_links":{"self":[{"href":"https:\/\/boutique-one-piece.com\/sv\/wp-json\/wp\/v2\/product\/8505","targetHints":{"allow":["GET"]}}],"collection":[{"href":"https:\/\/boutique-one-piece.com\/sv\/wp-json\/wp\/v2\/product"}],"about":[{"href":"https:\/\/boutique-one-piece.com\/sv\/wp-json\/wp\/v2\/types\/product"}],"replies":[{"embeddable":true,"href":"https:\/\/boutique-one-piece.com\/sv\/wp-json\/wp\/v2\/comments?post=8505"}],"wp:featuredmedia":[{"embeddable":true,"href":"https:\/\/boutique-one-piece.com\/sv\/wp-json\/wp\/v2\/media\/8507"}],"wp:attachment":[{"href":"https:\/\/boutique-one-piece.com\/sv\/wp-json\/wp\/v2\/media?parent=8505"}],"wp:term":[{"taxonomy":"product_brand","embeddable":true,"href":"https:\/\/boutique-one-piece.com\/sv\/wp-json\/wp\/v2\/product_brand?post=8505"},{"taxonomy":"product_cat","embeddable":true,"href":"https:\/\/boutique-one-piece.com\/sv\/wp-json\/wp\/v2\/product_cat?post=8505"},{"taxonomy":"product_tag","embeddable":true,"href":"https:\/\/boutique-one-piece.com\/sv\/wp-json\/wp\/v2\/product_tag?post=8505"}],"curies":[{"name":"wp","href":"https:\/\/api.w.org\/{rel}","templated":true}]}}