{"id":8560,"date":"2022-09-27T20:13:41","date_gmt":"2022-09-27T20:13:41","guid":{"rendered":"https:\/\/boutique-one-piece.com\/uncategorized\/tee-shirt-one-piece-luffy-gear-4-gta\/"},"modified":"2024-09-16T11:21:43","modified_gmt":"2024-09-16T11:21:43","slug":"one-piece-luffy-gear-4-gta-t-shirt","status":"publish","type":"product","link":"https:\/\/boutique-one-piece.com\/sv\/one-piece-klader\/one-piece-t-shirts\/one-piece-luffy-gear-4-gta-t-shirt\/","title":{"rendered":"One Piece Luffy Gear Fourth GTA 4 T-shirt"},"content":{"rendered":"<h2><b>One Piece Luffy str\u00e5hatt Gear 4 t-shirt p\u00e5 ett GTA 4-spelfodral<\/b><b>,<\/b><b>\u00a0<\/b>En T-shirt av premiumkvalitet f\u00f6r en pirat som du!<\/h2>\n<p>Om du \u00e4r en\u00a0<strong>riktig pirat<\/strong>, Du kommer att uppskatta\u00a0<strong>kvalitet<\/strong>\u00a0tyg och\u00a0<strong>3D-canvasutskrift<\/strong>\u00a0av detta\u00a0<strong>One Piece t-shirt<\/strong>\u00a0Men viktigast av allt, med detta\u00a0<strong>tryckt jersey<\/strong>\u00a0det \u00e4r f\u00f6r att du kommer att vara en del av\u00a0<strong>fanteamet<\/strong>\u00a0av\u00a0<strong>piratmanga<\/strong>\u00a0och du kommer att f\u00e5:<\/p>\n<ul>\n<li>\u00a0<strong>Beundran<\/strong>\u00a0av alla fans av\u00a0<strong>mugiwara<\/strong>\u00a0som du kommer att st\u00f6ta p\u00e5<\/li>\n<\/ul>\n<ul>\n<li>En riktig\u00a0<strong>tryckt t-shirt<\/strong>\u00a0med vilket du kan\u00a0<strong>dela<\/strong>\u00a0din\u00a0<strong>passion<\/strong>\u00a0F\u00f6r\u00a0<strong>v\u00e4rldsalltet<\/strong>\u00a0av\u00a0<strong>One Piece-licens<\/strong><\/li>\n<\/ul>\n<p>S\u00e5, redo att b\u00e4ra\u00a0<strong>f\u00e4rger\u00a0<\/strong>av<b>\u00a0<\/b>din<b>\u00a0favoritmanga<\/b>\u00a0?<\/p>\n<h2>\u00c4r du ett fan av One Piece manga eller anime? Visa upp det med den h\u00e4r One Piece-tr\u00f6jan med tryck!<\/h2>\n<p>Om du\u00a0<strong>l\u00e4sa<\/strong>\u00a0eller vart du \u00e4n tittar\u00a0\u00a0<strong>Japansk anime<\/strong>, Det finns en god chans att du har blivit\u00a0<strong>galen i One Piece<\/strong>\u00a0Med detta!\u00a0<strong>One Piece Luffy Geat Fourth GTA 4 T-shirt<\/strong>, g\u00e5 med i\u2019<strong>en grupp fans av franchisen<\/strong><\/p>\n<p>Detta\u00a0<strong>vit t-shirt<\/strong>\u00a0finns i storlekar\u00a0<strong>XS<\/strong>,<strong>\u00a0S<\/strong>,<strong>\u00a0M<\/strong>,<strong>\u00a0L<\/strong>,\u00a0<strong>XL<\/strong>,\u00a0<strong>XXL<\/strong>, Det passar alla kategorier av pirater.,\u00a0<strong>man<\/strong>\u00a0Eller\u00a0<strong>kvinnor<\/strong>, \u00e4ven om du inte har\u00a0<strong>sv\u00e4rd<\/strong>\u00a0eller\u00a0<strong>dj\u00e4vulens frukt<\/strong>\u00a0Du kan fortfarande b\u00e4ra den med stolthet.<\/p>\n<h2>Information om t-shirten:<\/h2>\n<ul>\n<li>\u00a0<strong>Premiumjersey av h\u00f6gsta kvalitet\u00a0<\/strong>har en\u00a0<strong>h\u00f6g ytvikt<\/strong>, med kvalitetsmaterial<\/li>\n<\/ul>\n<ul>\n<li><strong>L\u00f6s passform<\/strong>\u00a0:\u00a0\u00a0<strong>t-shirt<\/strong>\u00a0med en\u00a0<strong>brett snitt<\/strong>, f\u00f6r extra komfort<\/li>\n<\/ul>\n<ul>\n<li><strong>Mycket bekv\u00e4m\u00a0<\/strong>med dessa\u00a0<strong>fibrer<\/strong>\u00a0av\u00a0<strong>bomull<\/strong>\u00a0stor\u00a0<strong>mjuk<\/strong>, det finns ingen\u00a0<strong>friktion<\/strong><\/li>\n<\/ul>\n<ul>\n<li><strong>3D digitalutskrift<\/strong>\u00a0:\u00a0<strong>tryckt t-shirt<\/strong>\u00a0med en originell design,\u00a0<strong>Canvastavla<\/strong><\/li>\n<\/ul>\n<ul>\n<li><strong>Organisk bomull\u00a0<\/strong>: kvalitetsbomull med\u00a0<strong>extra l\u00e5nga fibrer<\/strong><\/li>\n<\/ul>\n<ul>\n<li><strong>Fri leverans\u00a0<\/strong>f\u00f6r alla k\u00f6p<\/li>\n<\/ul>\n<h2><strong>Gl\u00f6m inte att ta en titt p\u00e5 storleksguiden nedan.<\/strong><\/h2>\n<p><img decoding=\"async\" src=\"https:\/\/cdn.shopify.com\/s\/files\/1\/0087\/7556\/5348\/files\/boutque__one__piece__tableau__taille__t-shirt_large.jpg?v=1559655065\" alt=\"Storleksguide f\u00f6r One Piece T-shirts\" \/><\/p>\n<h3>Tv\u00e4ttinstruktioner:<\/h3>\n<ul>\n<li>Maskintv\u00e4tt 30\u00b0C, skonsam tv\u00e4tt<\/li>\n<\/ul>\n<ul>\n<li>Stryk p\u00e5 baksidan<\/li>\n<\/ul>\n<p>F\u00f6r\u00a0<strong>bevara kvaliteten<\/strong>\u00a0av detta\u00a0<strong>One Piece t-shirt<\/strong>, rekommenderar vi att du\u00a0<strong>respektera<\/strong>\u00a0DE\u00a0<strong>tv\u00e4ttinstruktioner<\/strong>.<\/p>","protected":false},"excerpt":{"rendered":"<p>One Piece Luffy Straw Hat Gear 4 T-shirt med GTA 4-p\u00e5se, en premiumkvalitets-T-shirt f\u00f6r en pirat som du! Om du \u00e4r en sann pirat kommer du att uppskatta tygets kvalitet och 3D-canvastrycket p\u00e5 denna One Piece-T-shirt! Men viktigast av allt, med denna tryckta t-shirt kommer du att vara en del av fanskaran av piratmangan och du kommer att f\u00e5: Beundran fr\u00e5n alla [\u2026]<\/p>","protected":false},"featured_media":8562,"comment_status":"open","ping_status":"open","template":"","meta":[],"product_brand":[],"product_cat":[53],"product_tag":[92],"class_list":{"0":"post-8560","1":"product","2":"type-product","3":"status-publish","4":"has-post-thumbnail","6":"product_cat-t-shirts-one-piece","7":"product_tag-luffy","9":"first","10":"instock","11":"purchasable","12":"product-type-variable"},"yoast_head":"<!-- This site is optimized with the Yoast SEO plugin v27.5 - https:\/\/yoast.com\/product\/yoast-seo-wordpress\/ -->\n<title>T-Shirt One Piece Monkey D. Luffy Gear Fourth GTA 4 \u2013 Boutique One Piece<\/title>\n<meta name=\"description\" content=\"T-Shirt One Piece Luffy au Chapeau de Paille Gear 4 sur une Pochette de GTA 4 de qualit\u00e9 sup\u00e9rieur : Retrouvez votre Pirate Pr\u00e9f\u00e9r\u00e9 qui utilise son Gear Fourth\" \/>\n<meta name=\"robots\" content=\"index, follow, max-snippet:-1, max-image-preview:large, max-video-preview:-1\" \/>\n<link rel=\"canonical\" href=\"https:\/\/boutique-one-piece.com\/sv\/one-piece-klader\/one-piece-t-shirts\/one-piece-luffy-gear-4-gta-t-shirt\/\" \/>\n<meta property=\"og:locale\" content=\"sv_SE\" \/>\n<meta property=\"og:type\" content=\"article\" \/>\n<meta property=\"og:title\" content=\"T-Shirt One Piece Monkey D. Luffy Gear Fourth GTA 4 \u2013 Boutique One Piece\" \/>\n<meta property=\"og:description\" content=\"T-Shirt One Piece Luffy au Chapeau de Paille Gear 4 sur une Pochette de GTA 4 de qualit\u00e9 sup\u00e9rieur : Retrouvez votre Pirate Pr\u00e9f\u00e9r\u00e9 qui utilise son Gear Fourth\" \/>\n<meta property=\"og:url\" content=\"https:\/\/boutique-one-piece.com\/sv\/one-piece-klader\/one-piece-t-shirts\/one-piece-luffy-gear-4-gta-t-shirt\/\" \/>\n<meta property=\"og:site_name\" content=\"Boutique One Piece\" \/>\n<meta property=\"article:modified_time\" content=\"2024-09-16T11:21:43+00:00\" \/>\n<meta property=\"og:image\" content=\"https:\/\/boutique-one-piece.com\/wp-content\/uploads\/2022\/09\/T-Shirt-One-Piece-Luffy-Gear-Fourth-GTA-4.jpg\" \/>\n\t<meta property=\"og:image:width\" content=\"600\" \/>\n\t<meta property=\"og:image:height\" content=\"600\" \/>\n\t<meta property=\"og:image:type\" content=\"image\/jpeg\" \/>\n<meta name=\"twitter:card\" content=\"summary_large_image\" \/>\n<meta name=\"twitter:label1\" content=\"Ber\u00e4knad l\u00e4stid\" \/>\n\t<meta name=\"twitter:data1\" content=\"3 minuter\" \/>\n<script type=\"application\/ld+json\" class=\"yoast-schema-graph\">{\"@context\":\"https:\\\/\\\/schema.org\",\"@graph\":[{\"@type\":\"WebPage\",\"@id\":\"https:\\\/\\\/boutique-one-piece.com\\\/vetements-one-piece\\\/t-shirts-one-piece\\\/tee-shirt-one-piece-luffy-gear-4-gta\\\/\",\"url\":\"https:\\\/\\\/boutique-one-piece.com\\\/vetements-one-piece\\\/t-shirts-one-piece\\\/tee-shirt-one-piece-luffy-gear-4-gta\\\/\",\"name\":\"T-Shirt One Piece Monkey D. Luffy Gear Fourth GTA 4 \u2013 Boutique One Piece\",\"isPartOf\":{\"@id\":\"https:\\\/\\\/boutique-one-piece.com\\\/#website\"},\"primaryImageOfPage\":{\"@id\":\"https:\\\/\\\/boutique-one-piece.com\\\/vetements-one-piece\\\/t-shirts-one-piece\\\/tee-shirt-one-piece-luffy-gear-4-gta\\\/#primaryimage\"},\"image\":{\"@id\":\"https:\\\/\\\/boutique-one-piece.com\\\/vetements-one-piece\\\/t-shirts-one-piece\\\/tee-shirt-one-piece-luffy-gear-4-gta\\\/#primaryimage\"},\"thumbnailUrl\":\"https:\\\/\\\/boutique-one-piece.com\\\/wp-content\\\/uploads\\\/2022\\\/09\\\/T-Shirt-One-Piece-Luffy-Gear-Fourth-GTA-4.jpg\",\"datePublished\":\"2022-09-27T20:13:41+00:00\",\"dateModified\":\"2024-09-16T11:21:43+00:00\",\"description\":\"T-Shirt One Piece Luffy au Chapeau de Paille Gear 4 sur une Pochette de GTA 4 de qualit\u00e9 sup\u00e9rieur : Retrouvez votre Pirate Pr\u00e9f\u00e9r\u00e9 qui utilise son Gear Fourth\",\"breadcrumb\":{\"@id\":\"https:\\\/\\\/boutique-one-piece.com\\\/vetements-one-piece\\\/t-shirts-one-piece\\\/tee-shirt-one-piece-luffy-gear-4-gta\\\/#breadcrumb\"},\"inLanguage\":\"sv-SE\",\"potentialAction\":[{\"@type\":\"ReadAction\",\"target\":[\"https:\\\/\\\/boutique-one-piece.com\\\/vetements-one-piece\\\/t-shirts-one-piece\\\/tee-shirt-one-piece-luffy-gear-4-gta\\\/\"]}]},{\"@type\":\"ImageObject\",\"inLanguage\":\"sv-SE\",\"@id\":\"https:\\\/\\\/boutique-one-piece.com\\\/vetements-one-piece\\\/t-shirts-one-piece\\\/tee-shirt-one-piece-luffy-gear-4-gta\\\/#primaryimage\",\"url\":\"https:\\\/\\\/boutique-one-piece.com\\\/wp-content\\\/uploads\\\/2022\\\/09\\\/T-Shirt-One-Piece-Luffy-Gear-Fourth-GTA-4.jpg\",\"contentUrl\":\"https:\\\/\\\/boutique-one-piece.com\\\/wp-content\\\/uploads\\\/2022\\\/09\\\/T-Shirt-One-Piece-Luffy-Gear-Fourth-GTA-4.jpg\",\"width\":600,\"height\":600,\"caption\":\"T-Shirt One Piece Luffy Gear Fourth GTA 4 xxl\"},{\"@type\":\"BreadcrumbList\",\"@id\":\"https:\\\/\\\/boutique-one-piece.com\\\/vetements-one-piece\\\/t-shirts-one-piece\\\/tee-shirt-one-piece-luffy-gear-4-gta\\\/#breadcrumb\",\"itemListElement\":[{\"@type\":\"ListItem\",\"position\":1,\"name\":\"Home\",\"item\":\"https:\\\/\\\/boutique-one-piece.com\\\/\"},{\"@type\":\"ListItem\",\"position\":2,\"name\":\"Shop\",\"item\":\"https:\\\/\\\/boutique-one-piece.com\\\/shop\\\/\"},{\"@type\":\"ListItem\",\"position\":3,\"name\":\"T-Shirt One Piece Luffy Gear Fourth GTA 4\"}]},{\"@type\":\"WebSite\",\"@id\":\"https:\\\/\\\/boutique-one-piece.com\\\/#website\",\"url\":\"https:\\\/\\\/boutique-one-piece.com\\\/\",\"name\":\"Boutique One Piece\",\"description\":\"Magasin Sp\u00e9cialis\u00e9 du Manga et l&#039;Anime One Piece\",\"publisher\":{\"@id\":\"https:\\\/\\\/boutique-one-piece.com\\\/#organization\"},\"potentialAction\":[{\"@type\":\"SearchAction\",\"target\":{\"@type\":\"EntryPoint\",\"urlTemplate\":\"https:\\\/\\\/boutique-one-piece.com\\\/?s={search_term_string}\"},\"query-input\":{\"@type\":\"PropertyValueSpecification\",\"valueRequired\":true,\"valueName\":\"search_term_string\"}}],\"inLanguage\":\"sv-SE\"},{\"@type\":\"Organization\",\"@id\":\"https:\\\/\\\/boutique-one-piece.com\\\/#organization\",\"name\":\"Boutique One Piece\",\"url\":\"https:\\\/\\\/boutique-one-piece.com\\\/\",\"logo\":{\"@type\":\"ImageObject\",\"inLanguage\":\"sv-SE\",\"@id\":\"https:\\\/\\\/boutique-one-piece.com\\\/#\\\/schema\\\/logo\\\/image\\\/\",\"url\":\"https:\\\/\\\/boutique-one-piece.com\\\/wp-content\\\/uploads\\\/2022\\\/09\\\/Logo-01.png\",\"contentUrl\":\"https:\\\/\\\/boutique-one-piece.com\\\/wp-content\\\/uploads\\\/2022\\\/09\\\/Logo-01.png\",\"width\":2318,\"height\":957,\"caption\":\"Boutique One Piece\"},\"image\":{\"@id\":\"https:\\\/\\\/boutique-one-piece.com\\\/#\\\/schema\\\/logo\\\/image\\\/\"}}]}<\/script>\n<!-- \/ Yoast SEO plugin. -->","yoast_head_json":{"title":"One Piece T-shirt Monkey D. Luffy Gear Fourth GTA 4 \u2013 One Piece Shop","description":"One Piece Luffy the Straw Hat Gear 4 T-shirt med h\u00f6gkvalitativ GTA 4-\u00e4rm: Hitta din favoritpirat med hj\u00e4lp av hans Gear Fourth","robots":{"index":"index","follow":"follow","max-snippet":"max-snippet:-1","max-image-preview":"max-image-preview:large","max-video-preview":"max-video-preview:-1"},"canonical":"https:\/\/boutique-one-piece.com\/sv\/one-piece-klader\/one-piece-t-shirts\/one-piece-luffy-gear-4-gta-t-shirt\/","og_locale":"sv_SE","og_type":"article","og_title":"T-Shirt One Piece Monkey D. Luffy Gear Fourth GTA 4 \u2013 Boutique One Piece","og_description":"T-Shirt One Piece Luffy au Chapeau de Paille Gear 4 sur une Pochette de GTA 4 de qualit\u00e9 sup\u00e9rieur : Retrouvez votre Pirate Pr\u00e9f\u00e9r\u00e9 qui utilise son Gear Fourth","og_url":"https:\/\/boutique-one-piece.com\/sv\/one-piece-klader\/one-piece-t-shirts\/one-piece-luffy-gear-4-gta-t-shirt\/","og_site_name":"Boutique One Piece","article_modified_time":"2024-09-16T11:21:43+00:00","og_image":[{"width":600,"height":600,"url":"https:\/\/boutique-one-piece.com\/wp-content\/uploads\/2022\/09\/T-Shirt-One-Piece-Luffy-Gear-Fourth-GTA-4.jpg","type":"image\/jpeg"}],"twitter_card":"summary_large_image","twitter_misc":{"Ber\u00e4knad l\u00e4stid":"3 minuter"},"schema":{"@context":"https:\/\/schema.org","@graph":[{"@type":"WebPage","@id":"https:\/\/boutique-one-piece.com\/vetements-one-piece\/t-shirts-one-piece\/tee-shirt-one-piece-luffy-gear-4-gta\/","url":"https:\/\/boutique-one-piece.com\/vetements-one-piece\/t-shirts-one-piece\/tee-shirt-one-piece-luffy-gear-4-gta\/","name":"One Piece T-shirt Monkey D. Luffy Gear Fourth GTA 4 \u2013 One Piece Shop","isPartOf":{"@id":"https:\/\/boutique-one-piece.com\/#website"},"primaryImageOfPage":{"@id":"https:\/\/boutique-one-piece.com\/vetements-one-piece\/t-shirts-one-piece\/tee-shirt-one-piece-luffy-gear-4-gta\/#primaryimage"},"image":{"@id":"https:\/\/boutique-one-piece.com\/vetements-one-piece\/t-shirts-one-piece\/tee-shirt-one-piece-luffy-gear-4-gta\/#primaryimage"},"thumbnailUrl":"https:\/\/boutique-one-piece.com\/wp-content\/uploads\/2022\/09\/T-Shirt-One-Piece-Luffy-Gear-Fourth-GTA-4.jpg","datePublished":"2022-09-27T20:13:41+00:00","dateModified":"2024-09-16T11:21:43+00:00","description":"One Piece Luffy the Straw Hat Gear 4 T-shirt med h\u00f6gkvalitativ GTA 4-\u00e4rm: Hitta din favoritpirat med hj\u00e4lp av hans Gear Fourth","breadcrumb":{"@id":"https:\/\/boutique-one-piece.com\/vetements-one-piece\/t-shirts-one-piece\/tee-shirt-one-piece-luffy-gear-4-gta\/#breadcrumb"},"inLanguage":"sv-SE","potentialAction":[{"@type":"ReadAction","target":["https:\/\/boutique-one-piece.com\/vetements-one-piece\/t-shirts-one-piece\/tee-shirt-one-piece-luffy-gear-4-gta\/"]}]},{"@type":"ImageObject","inLanguage":"sv-SE","@id":"https:\/\/boutique-one-piece.com\/vetements-one-piece\/t-shirts-one-piece\/tee-shirt-one-piece-luffy-gear-4-gta\/#primaryimage","url":"https:\/\/boutique-one-piece.com\/wp-content\/uploads\/2022\/09\/T-Shirt-One-Piece-Luffy-Gear-Fourth-GTA-4.jpg","contentUrl":"https:\/\/boutique-one-piece.com\/wp-content\/uploads\/2022\/09\/T-Shirt-One-Piece-Luffy-Gear-Fourth-GTA-4.jpg","width":600,"height":600,"caption":"T-Shirt One Piece Luffy Gear Fourth GTA 4 xxl"},{"@type":"BreadcrumbList","@id":"https:\/\/boutique-one-piece.com\/vetements-one-piece\/t-shirts-one-piece\/tee-shirt-one-piece-luffy-gear-4-gta\/#breadcrumb","itemListElement":[{"@type":"ListItem","position":1,"name":"Home","item":"https:\/\/boutique-one-piece.com\/"},{"@type":"ListItem","position":2,"name":"Shop","item":"https:\/\/boutique-one-piece.com\/shop\/"},{"@type":"ListItem","position":3,"name":"T-Shirt One Piece Luffy Gear Fourth GTA 4"}]},{"@type":"WebSite","@id":"https:\/\/boutique-one-piece.com\/#website","url":"https:\/\/boutique-one-piece.com\/","name":"One Piece-butik","description":"Specialbutik f\u00f6r One Piece Manga och Anime","publisher":{"@id":"https:\/\/boutique-one-piece.com\/#organization"},"potentialAction":[{"@type":"SearchAction","target":{"@type":"EntryPoint","urlTemplate":"https:\/\/boutique-one-piece.com\/?s={search_term_string}"},"query-input":{"@type":"PropertyValueSpecification","valueRequired":true,"valueName":"search_term_string"}}],"inLanguage":"sv-SE"},{"@type":"Organization","@id":"https:\/\/boutique-one-piece.com\/#organization","name":"One Piece-butik","url":"https:\/\/boutique-one-piece.com\/","logo":{"@type":"ImageObject","inLanguage":"sv-SE","@id":"https:\/\/boutique-one-piece.com\/#\/schema\/logo\/image\/","url":"https:\/\/boutique-one-piece.com\/wp-content\/uploads\/2022\/09\/Logo-01.png","contentUrl":"https:\/\/boutique-one-piece.com\/wp-content\/uploads\/2022\/09\/Logo-01.png","width":2318,"height":957,"caption":"Boutique One Piece"},"image":{"@id":"https:\/\/boutique-one-piece.com\/#\/schema\/logo\/image\/"}}]}},"_links":{"self":[{"href":"https:\/\/boutique-one-piece.com\/sv\/wp-json\/wp\/v2\/product\/8560","targetHints":{"allow":["GET"]}}],"collection":[{"href":"https:\/\/boutique-one-piece.com\/sv\/wp-json\/wp\/v2\/product"}],"about":[{"href":"https:\/\/boutique-one-piece.com\/sv\/wp-json\/wp\/v2\/types\/product"}],"replies":[{"embeddable":true,"href":"https:\/\/boutique-one-piece.com\/sv\/wp-json\/wp\/v2\/comments?post=8560"}],"wp:featuredmedia":[{"embeddable":true,"href":"https:\/\/boutique-one-piece.com\/sv\/wp-json\/wp\/v2\/media\/8562"}],"wp:attachment":[{"href":"https:\/\/boutique-one-piece.com\/sv\/wp-json\/wp\/v2\/media?parent=8560"}],"wp:term":[{"taxonomy":"product_brand","embeddable":true,"href":"https:\/\/boutique-one-piece.com\/sv\/wp-json\/wp\/v2\/product_brand?post=8560"},{"taxonomy":"product_cat","embeddable":true,"href":"https:\/\/boutique-one-piece.com\/sv\/wp-json\/wp\/v2\/product_cat?post=8560"},{"taxonomy":"product_tag","embeddable":true,"href":"https:\/\/boutique-one-piece.com\/sv\/wp-json\/wp\/v2\/product_tag?post=8560"}],"curies":[{"name":"wp","href":"https:\/\/api.w.org\/{rel}","templated":true}]}}