{"id":8568,"date":"2022-09-27T20:13:41","date_gmt":"2022-09-27T20:13:41","guid":{"rendered":"https:\/\/boutique-one-piece.com\/uncategorized\/avis-de-recherche-one-piece-sabo-wanted\/"},"modified":"2024-09-16T11:21:44","modified_gmt":"2024-09-16T11:21:44","slug":"one-piece-sokes-affisch-sabo-sokes","status":"publish","type":"product","link":"https:\/\/boutique-one-piece.com\/sv\/one-piece-dekorationer\/one-piece-sokes-affisch-sabo-sokes\/","title":{"rendered":"Sabo ville ha meddelande"},"content":{"rendered":"<h2>Om du gillar pirater n\u00e4ra Luffy, \u00f6verv\u00e4g att dekorera ditt rum med den h\u00e4r Sabo Wanted-postern.<\/h2>\n<p>Sabo est un pirate dans l\u2019\u00e9quipage de Monkey D. Dragon, il est le <strong>den andre av revolution\u00e4rerna<\/strong>. Sabo \u00e4r ocks\u00e5 <strong>Luffys bror<\/strong>, avec Ace. Il est pr\u00e9sum\u00e9 mort, car durant l\u2019enfance des trois fr\u00e8res, Sabo se fait tirer dessus par un Dragon C\u00e9leste et on peut voir le bateau sur lequel il \u00e9tait pr\u00e9sent br\u00fbler.<\/p>\n<p>\u00c0 la suite de cet incident, il perd la m\u00e9moire et ne se rappelle de ses souvenirs que lorsqu\u2019il lit les nouvelles o\u00f9 il apprend la mort de Ace, avec la pr\u00e9sence de Luffy durant la bataille de Marineford.<\/p>\n<h3>Unna dig den h\u00e4r efterlysningsaffischen med Luffys bror.<\/h3>\n<p>Sabo fait sa r\u00e9apparition en tant qu\u2019adulte pour la premi\u00e8re fois apr\u00e8s l\u2019ellipse \u00e0 <strong>Dressrosa<\/strong>, o\u00f9 Luffy peine \u00e0 la reconnaitre, puis pleure en constatant que son fr\u00e8re est toujours en vie. Il mange le fruit du d\u00e9mon qu\u2019avait Ace, le <strong>Mera Mera nej mi<\/strong> som Doflamingo hade utsatt under Dressrosa-spelen. Han st\u00e5r sig sedan i strid mot Issho, en marinamiral.<\/p>\n<p>Bel\u00f6ningen p\u00e5 Sabos huvud \u00e4r 602 miljoner b\u00e4r.<\/p>\n<p>Detta <a href=\"https:\/\/boutique-one-piece.com\/sv\/ville-ha-meddelande-ett-stycke-marshall-d-teach-ville-ha\/\" target=\"_blank\" title=\"Marshall D. Teach s\u00f6kes\" rel=\"noopener noreferrer\">Svartsk\u00e4gg efterlysningsaffisch<\/a> pourrait aussi t\u2019int\u00e9resser.<\/p>\n<h2>Informations sur l\u2019Affiche One Piece Wanted Sabo le R\u00e9volutionnaire<\/h2>\n<ul>\n<li><span><b><u>One Piece Wanted-affisch<\/u><\/b>\u00a0: v\u00e9ritable Avis De Recherche de l\u2019univers One Piece pour les vrais pirates<\/span><\/li>\n<\/ul>\n<ul>\n<li>\n<b><u>Sabos Prime<\/u><\/b>\u00a0602 000 000 b\u00e4r<\/li>\n<\/ul>\n<ul>\n<li><span><strong>H\u00f6gkvalitativ utskrift<\/strong>\u00a0exakta f\u00e4rger<\/span><\/li>\n<\/ul>\n<ul>\n<li>\n<strong>Dimensionera<\/strong>\u00a0: 51 cm x 36 cm<\/li>\n<\/ul>\n<ul>\n<li><span><strong>FRI LEVERANS<\/strong><\/span><\/li>\n<\/ul>","protected":false},"excerpt":{"rendered":"<p>Si tu appr\u00e9cies les pirates proches de Luffy, pense \u00e0 d\u00e9corer ta chambre avec cet Avis de Recherche Sabo Wanted. Sabo est un pirate dans l\u2019\u00e9quipage de Monkey D. Dragon, il est le second des r\u00e9volutionnaires. Sabo est aussi le fr\u00e8re de Luffy, avec Ace. Il est pr\u00e9sum\u00e9 mort, car durant l\u2019enfance des trois fr\u00e8res, [&hellip;]<\/p>","protected":false},"featured_media":8570,"comment_status":"open","ping_status":"open","template":"","meta":[],"product_brand":[],"product_cat":[171,150],"product_tag":[],"class_list":{"0":"post-8568","1":"product","2":"type-product","3":"status-publish","4":"has-post-thumbnail","6":"product_cat-avis-de-recherche-one-piece","7":"product_cat-decorations-one-piece","9":"first","10":"instock","11":"purchasable","12":"product-type-simple"},"yoast_head":"<!-- This site is optimized with the Yoast SEO plugin v27.5 - https:\/\/yoast.com\/product\/yoast-seo-wordpress\/ -->\n<title>Avis de Recherche One Piece Sabo Wanted | D\u00e9coration One Piece \u2013 Boutique One Piece<\/title>\n<meta name=\"description\" content=\"Si tu appr\u00e9cies les pirates proches de Luffy, pense \u00e0 d\u00e9corer ta chambre avec cet Avis de Recherche Sabo Wanted. Sabo est un pirate dans l&#039;\u00e9quipage de Monkey D. Dragon, il est le second des r\u00e9volutionnaires. Sabo est aussi le fr\u00e8re de Luffy, avec Ace. Il est pr\u00e9sum\u00e9 mort, car durant l&#039;enfance des trois fr\u00e8res, Sabo se\" \/>\n<meta name=\"robots\" content=\"index, follow, max-snippet:-1, max-image-preview:large, max-video-preview:-1\" \/>\n<link rel=\"canonical\" href=\"https:\/\/boutique-one-piece.com\/sv\/one-piece-efterlysningsaffisch\/one-piece-sokes-affisch-sabo-sokes\/\" \/>\n<meta property=\"og:locale\" content=\"sv_SE\" \/>\n<meta property=\"og:type\" content=\"article\" \/>\n<meta property=\"og:title\" content=\"Avis de Recherche One Piece Sabo Wanted | D\u00e9coration One Piece \u2013 Boutique One Piece\" \/>\n<meta property=\"og:description\" content=\"Si tu appr\u00e9cies les pirates proches de Luffy, pense \u00e0 d\u00e9corer ta chambre avec cet Avis de Recherche Sabo Wanted. Sabo est un pirate dans l&#039;\u00e9quipage de Monkey D. Dragon, il est le second des r\u00e9volutionnaires. Sabo est aussi le fr\u00e8re de Luffy, avec Ace. Il est pr\u00e9sum\u00e9 mort, car durant l&#039;enfance des trois fr\u00e8res, Sabo se\" \/>\n<meta property=\"og:url\" content=\"https:\/\/boutique-one-piece.com\/sv\/one-piece-efterlysningsaffisch\/one-piece-sokes-affisch-sabo-sokes\/\" \/>\n<meta property=\"og:site_name\" content=\"Boutique One Piece\" \/>\n<meta property=\"article:modified_time\" content=\"2024-09-16T11:21:44+00:00\" \/>\n<meta property=\"og:image\" content=\"https:\/\/boutique-one-piece.com\/wp-content\/uploads\/2022\/09\/Avis-de-Recherche-Sabo-Wanted-1.jpg\" \/>\n\t<meta property=\"og:image:width\" content=\"798\" \/>\n\t<meta property=\"og:image:height\" content=\"797\" \/>\n\t<meta property=\"og:image:type\" content=\"image\/jpeg\" \/>\n<meta name=\"twitter:card\" content=\"summary_large_image\" \/>\n<meta name=\"twitter:label1\" content=\"Ber\u00e4knad l\u00e4stid\" \/>\n\t<meta name=\"twitter:data1\" content=\"1 minut\" \/>\n<script type=\"application\/ld+json\" class=\"yoast-schema-graph\">{\"@context\":\"https:\\\/\\\/schema.org\",\"@graph\":[{\"@type\":\"WebPage\",\"@id\":\"https:\\\/\\\/boutique-one-piece.com\\\/avis-de-recherche-one-piece\\\/avis-de-recherche-one-piece-sabo-wanted\\\/\",\"url\":\"https:\\\/\\\/boutique-one-piece.com\\\/avis-de-recherche-one-piece\\\/avis-de-recherche-one-piece-sabo-wanted\\\/\",\"name\":\"Avis de Recherche One Piece Sabo Wanted | D\u00e9coration One Piece \u2013 Boutique One Piece\",\"isPartOf\":{\"@id\":\"https:\\\/\\\/boutique-one-piece.com\\\/#website\"},\"primaryImageOfPage\":{\"@id\":\"https:\\\/\\\/boutique-one-piece.com\\\/avis-de-recherche-one-piece\\\/avis-de-recherche-one-piece-sabo-wanted\\\/#primaryimage\"},\"image\":{\"@id\":\"https:\\\/\\\/boutique-one-piece.com\\\/avis-de-recherche-one-piece\\\/avis-de-recherche-one-piece-sabo-wanted\\\/#primaryimage\"},\"thumbnailUrl\":\"https:\\\/\\\/boutique-one-piece.com\\\/wp-content\\\/uploads\\\/2022\\\/09\\\/Avis-de-Recherche-Sabo-Wanted-1.jpg\",\"datePublished\":\"2022-09-27T20:13:41+00:00\",\"dateModified\":\"2024-09-16T11:21:44+00:00\",\"description\":\"Si tu appr\u00e9cies les pirates proches de Luffy, pense \u00e0 d\u00e9corer ta chambre avec cet Avis de Recherche Sabo Wanted. Sabo est un pirate dans l'\u00e9quipage de Monkey D. Dragon, il est le second des r\u00e9volutionnaires. Sabo est aussi le fr\u00e8re de Luffy, avec Ace. Il est pr\u00e9sum\u00e9 mort, car durant l'enfance des trois fr\u00e8res, Sabo se\",\"breadcrumb\":{\"@id\":\"https:\\\/\\\/boutique-one-piece.com\\\/avis-de-recherche-one-piece\\\/avis-de-recherche-one-piece-sabo-wanted\\\/#breadcrumb\"},\"inLanguage\":\"sv-SE\",\"potentialAction\":[{\"@type\":\"ReadAction\",\"target\":[\"https:\\\/\\\/boutique-one-piece.com\\\/avis-de-recherche-one-piece\\\/avis-de-recherche-one-piece-sabo-wanted\\\/\"]}]},{\"@type\":\"ImageObject\",\"inLanguage\":\"sv-SE\",\"@id\":\"https:\\\/\\\/boutique-one-piece.com\\\/avis-de-recherche-one-piece\\\/avis-de-recherche-one-piece-sabo-wanted\\\/#primaryimage\",\"url\":\"https:\\\/\\\/boutique-one-piece.com\\\/wp-content\\\/uploads\\\/2022\\\/09\\\/Avis-de-Recherche-Sabo-Wanted-1.jpg\",\"contentUrl\":\"https:\\\/\\\/boutique-one-piece.com\\\/wp-content\\\/uploads\\\/2022\\\/09\\\/Avis-de-Recherche-Sabo-Wanted-1.jpg\",\"width\":798,\"height\":797},{\"@type\":\"BreadcrumbList\",\"@id\":\"https:\\\/\\\/boutique-one-piece.com\\\/avis-de-recherche-one-piece\\\/avis-de-recherche-one-piece-sabo-wanted\\\/#breadcrumb\",\"itemListElement\":[{\"@type\":\"ListItem\",\"position\":1,\"name\":\"Home\",\"item\":\"https:\\\/\\\/boutique-one-piece.com\\\/\"},{\"@type\":\"ListItem\",\"position\":2,\"name\":\"Shop\",\"item\":\"https:\\\/\\\/boutique-one-piece.com\\\/shop\\\/\"},{\"@type\":\"ListItem\",\"position\":3,\"name\":\"Avis de Recherche Sabo Wanted\"}]},{\"@type\":\"WebSite\",\"@id\":\"https:\\\/\\\/boutique-one-piece.com\\\/#website\",\"url\":\"https:\\\/\\\/boutique-one-piece.com\\\/\",\"name\":\"Boutique One Piece\",\"description\":\"Magasin Sp\u00e9cialis\u00e9 du Manga et l&#039;Anime One Piece\",\"publisher\":{\"@id\":\"https:\\\/\\\/boutique-one-piece.com\\\/#organization\"},\"potentialAction\":[{\"@type\":\"SearchAction\",\"target\":{\"@type\":\"EntryPoint\",\"urlTemplate\":\"https:\\\/\\\/boutique-one-piece.com\\\/?s={search_term_string}\"},\"query-input\":{\"@type\":\"PropertyValueSpecification\",\"valueRequired\":true,\"valueName\":\"search_term_string\"}}],\"inLanguage\":\"sv-SE\"},{\"@type\":\"Organization\",\"@id\":\"https:\\\/\\\/boutique-one-piece.com\\\/#organization\",\"name\":\"Boutique One Piece\",\"url\":\"https:\\\/\\\/boutique-one-piece.com\\\/\",\"logo\":{\"@type\":\"ImageObject\",\"inLanguage\":\"sv-SE\",\"@id\":\"https:\\\/\\\/boutique-one-piece.com\\\/#\\\/schema\\\/logo\\\/image\\\/\",\"url\":\"https:\\\/\\\/boutique-one-piece.com\\\/wp-content\\\/uploads\\\/2022\\\/09\\\/Logo-01.png\",\"contentUrl\":\"https:\\\/\\\/boutique-one-piece.com\\\/wp-content\\\/uploads\\\/2022\\\/09\\\/Logo-01.png\",\"width\":2318,\"height\":957,\"caption\":\"Boutique One Piece\"},\"image\":{\"@id\":\"https:\\\/\\\/boutique-one-piece.com\\\/#\\\/schema\\\/logo\\\/image\\\/\"}}]}<\/script>\n<!-- \/ Yoast SEO plugin. -->","yoast_head_json":{"title":"One Piece Wanted-affisch: Sabo | One Piece-dekorationer \u2013 One Piece Shop","description":"Om du \u00e4r ett fan av pirater som st\u00e5r Luffy n\u00e4ra, \u00f6verv\u00e4g att dekorera ditt rum med den h\u00e4r Sabo Wanted-postern. Sabo \u00e4r en pirat i Monkey D. Dragons bes\u00e4ttning, och han \u00e4r revolution\u00e4rernas n\u00e4stkommanderande. Sabo \u00e4r ocks\u00e5 Luffys bror, tillsammans med Ace. Han antas vara d\u00f6d eftersom Sabo under de tre br\u00f6dernas barndom...","robots":{"index":"index","follow":"follow","max-snippet":"max-snippet:-1","max-image-preview":"max-image-preview:large","max-video-preview":"max-video-preview:-1"},"canonical":"https:\/\/boutique-one-piece.com\/sv\/one-piece-efterlysningsaffisch\/one-piece-sokes-affisch-sabo-sokes\/","og_locale":"sv_SE","og_type":"article","og_title":"Avis de Recherche One Piece Sabo Wanted | D\u00e9coration One Piece \u2013 Boutique One Piece","og_description":"Si tu appr\u00e9cies les pirates proches de Luffy, pense \u00e0 d\u00e9corer ta chambre avec cet Avis de Recherche Sabo Wanted. Sabo est un pirate dans l'\u00e9quipage de Monkey D. Dragon, il est le second des r\u00e9volutionnaires. Sabo est aussi le fr\u00e8re de Luffy, avec Ace. Il est pr\u00e9sum\u00e9 mort, car durant l'enfance des trois fr\u00e8res, Sabo se","og_url":"https:\/\/boutique-one-piece.com\/sv\/one-piece-efterlysningsaffisch\/one-piece-sokes-affisch-sabo-sokes\/","og_site_name":"Boutique One Piece","article_modified_time":"2024-09-16T11:21:44+00:00","og_image":[{"width":798,"height":797,"url":"https:\/\/boutique-one-piece.com\/wp-content\/uploads\/2022\/09\/Avis-de-Recherche-Sabo-Wanted-1.jpg","type":"image\/jpeg"}],"twitter_card":"summary_large_image","twitter_misc":{"Ber\u00e4knad l\u00e4stid":"1 minut"},"schema":{"@context":"https:\/\/schema.org","@graph":[{"@type":"WebPage","@id":"https:\/\/boutique-one-piece.com\/avis-de-recherche-one-piece\/avis-de-recherche-one-piece-sabo-wanted\/","url":"https:\/\/boutique-one-piece.com\/avis-de-recherche-one-piece\/avis-de-recherche-one-piece-sabo-wanted\/","name":"One Piece Wanted-affisch: Sabo | One Piece-dekorationer \u2013 One Piece Shop","isPartOf":{"@id":"https:\/\/boutique-one-piece.com\/#website"},"primaryImageOfPage":{"@id":"https:\/\/boutique-one-piece.com\/avis-de-recherche-one-piece\/avis-de-recherche-one-piece-sabo-wanted\/#primaryimage"},"image":{"@id":"https:\/\/boutique-one-piece.com\/avis-de-recherche-one-piece\/avis-de-recherche-one-piece-sabo-wanted\/#primaryimage"},"thumbnailUrl":"https:\/\/boutique-one-piece.com\/wp-content\/uploads\/2022\/09\/Avis-de-Recherche-Sabo-Wanted-1.jpg","datePublished":"2022-09-27T20:13:41+00:00","dateModified":"2024-09-16T11:21:44+00:00","description":"Om du \u00e4r ett fan av pirater som st\u00e5r Luffy n\u00e4ra, \u00f6verv\u00e4g att dekorera ditt rum med den h\u00e4r Sabo Wanted-postern. Sabo \u00e4r en pirat i Monkey D. Dragons bes\u00e4ttning, och han \u00e4r revolution\u00e4rernas n\u00e4stkommanderande. Sabo \u00e4r ocks\u00e5 Luffys bror, tillsammans med Ace. Han antas vara d\u00f6d eftersom Sabo under de tre br\u00f6dernas barndom...","breadcrumb":{"@id":"https:\/\/boutique-one-piece.com\/avis-de-recherche-one-piece\/avis-de-recherche-one-piece-sabo-wanted\/#breadcrumb"},"inLanguage":"sv-SE","potentialAction":[{"@type":"ReadAction","target":["https:\/\/boutique-one-piece.com\/avis-de-recherche-one-piece\/avis-de-recherche-one-piece-sabo-wanted\/"]}]},{"@type":"ImageObject","inLanguage":"sv-SE","@id":"https:\/\/boutique-one-piece.com\/avis-de-recherche-one-piece\/avis-de-recherche-one-piece-sabo-wanted\/#primaryimage","url":"https:\/\/boutique-one-piece.com\/wp-content\/uploads\/2022\/09\/Avis-de-Recherche-Sabo-Wanted-1.jpg","contentUrl":"https:\/\/boutique-one-piece.com\/wp-content\/uploads\/2022\/09\/Avis-de-Recherche-Sabo-Wanted-1.jpg","width":798,"height":797},{"@type":"BreadcrumbList","@id":"https:\/\/boutique-one-piece.com\/avis-de-recherche-one-piece\/avis-de-recherche-one-piece-sabo-wanted\/#breadcrumb","itemListElement":[{"@type":"ListItem","position":1,"name":"Home","item":"https:\/\/boutique-one-piece.com\/"},{"@type":"ListItem","position":2,"name":"Shop","item":"https:\/\/boutique-one-piece.com\/shop\/"},{"@type":"ListItem","position":3,"name":"Avis de Recherche Sabo Wanted"}]},{"@type":"WebSite","@id":"https:\/\/boutique-one-piece.com\/#website","url":"https:\/\/boutique-one-piece.com\/","name":"One Piece-butik","description":"Specialbutik f\u00f6r One Piece Manga och Anime","publisher":{"@id":"https:\/\/boutique-one-piece.com\/#organization"},"potentialAction":[{"@type":"SearchAction","target":{"@type":"EntryPoint","urlTemplate":"https:\/\/boutique-one-piece.com\/?s={search_term_string}"},"query-input":{"@type":"PropertyValueSpecification","valueRequired":true,"valueName":"search_term_string"}}],"inLanguage":"sv-SE"},{"@type":"Organization","@id":"https:\/\/boutique-one-piece.com\/#organization","name":"One Piece-butik","url":"https:\/\/boutique-one-piece.com\/","logo":{"@type":"ImageObject","inLanguage":"sv-SE","@id":"https:\/\/boutique-one-piece.com\/#\/schema\/logo\/image\/","url":"https:\/\/boutique-one-piece.com\/wp-content\/uploads\/2022\/09\/Logo-01.png","contentUrl":"https:\/\/boutique-one-piece.com\/wp-content\/uploads\/2022\/09\/Logo-01.png","width":2318,"height":957,"caption":"Boutique One Piece"},"image":{"@id":"https:\/\/boutique-one-piece.com\/#\/schema\/logo\/image\/"}}]}},"_links":{"self":[{"href":"https:\/\/boutique-one-piece.com\/sv\/wp-json\/wp\/v2\/product\/8568","targetHints":{"allow":["GET"]}}],"collection":[{"href":"https:\/\/boutique-one-piece.com\/sv\/wp-json\/wp\/v2\/product"}],"about":[{"href":"https:\/\/boutique-one-piece.com\/sv\/wp-json\/wp\/v2\/types\/product"}],"replies":[{"embeddable":true,"href":"https:\/\/boutique-one-piece.com\/sv\/wp-json\/wp\/v2\/comments?post=8568"}],"wp:featuredmedia":[{"embeddable":true,"href":"https:\/\/boutique-one-piece.com\/sv\/wp-json\/wp\/v2\/media\/8570"}],"wp:attachment":[{"href":"https:\/\/boutique-one-piece.com\/sv\/wp-json\/wp\/v2\/media?parent=8568"}],"wp:term":[{"taxonomy":"product_brand","embeddable":true,"href":"https:\/\/boutique-one-piece.com\/sv\/wp-json\/wp\/v2\/product_brand?post=8568"},{"taxonomy":"product_cat","embeddable":true,"href":"https:\/\/boutique-one-piece.com\/sv\/wp-json\/wp\/v2\/product_cat?post=8568"},{"taxonomy":"product_tag","embeddable":true,"href":"https:\/\/boutique-one-piece.com\/sv\/wp-json\/wp\/v2\/product_tag?post=8568"}],"curies":[{"name":"wp","href":"https:\/\/api.w.org\/{rel}","templated":true}]}}