{"id":8684,"date":"2022-09-27T20:14:22","date_gmt":"2022-09-27T20:14:22","guid":{"rendered":"https:\/\/boutique-one-piece.com\/uncategorized\/peluche-trafalgar-law\/"},"modified":"2025-06-10T03:37:09","modified_gmt":"2025-06-10T03:37:09","slug":"trafalgar-law-plyschleksak","status":"publish","type":"product","link":"https:\/\/boutique-one-piece.com\/sv\/one-piece-plyschleksaker\/trafalgar-law-plyschleksak\/","title":{"rendered":"Trafalgar Law plyschleksak"},"content":{"rendered":"<h2>Jeune pirate, pars \u00e0 la rencontre du Capitaine de l\u2019\u00c9quipage du Heart. Pour ce faire, procure-toi sans plus attendre cette Peluche Trafalgar Law.<\/h2>\n<p><strong>Trafalgar Law<\/strong>, vars riktiga namn \u00e4r Trafalgar D. Water Law, \u00e4r <strong>Capitaine et Docteur de L\u2019\u00c9quipage du Heart<\/strong>, un \u00e9quipage pirate constitu\u00e9 surtout de docteurs. Il vient de la Ville Blanche, une \u00eele de North Blue. Il fait partie d\u2019un groupe de onze pirates qu\u2019on surnomme les Onze Supernovae sur L\u2019Archipel Sabaody, des pirates de renom dont la prime d\u00e9passe 100 000 000 Berry.<\/p>\n<p>Tu dois \u00e9galement savoir qu\u2019il est l\u2019un des alli\u00e9s centraux des Pirates du Chapeau de Paille pendant les Sagas Dressrosa et Quatres Empereurs. Il agit \u00e9galement en tant qu\u2019alli\u00e9 de Luffy pendant le film One Piece: Stampede. D\u2019ailleurs, la <a title=\"LUFFY PLYS\" href=\"https:\/\/boutique-one-piece.com\/sv\/luffy-plysch\/\" target=\"_blank\" rel=\"noopener\">Luffy plyschleksak<\/a> \u00e4r inom r\u00e4ckh\u00e5ll, kommer den vid perfekt tidpunkt om du vill ut\u00f6ka din samling av plyschleksaker.<\/p>\n<h3>Embarque le temps d\u2019un instant \u00e0 bord de l\u2019\u00e9quipage de Heart. Le Capitaine Trafalgar Law t\u2019attend \u00e0 bord de son navire. N\u2019h\u00e9site plus et procure-toi la peluche \u00e0 son effigie. Tu vivras des aventures tr\u00e9pidantes \u00e0 ses c\u00f4t\u00e9s.<\/h3>\n<p>Unge pirat, ta ditt \u00f6de i egna h\u00e4nder. Var \u00e4rlig. <strong>l\u2019univers fantastique de Luffy<\/strong>. Dessa legendariska f\u00f6rem\u00e5l kommer att transportera dig tillbaka till denna v\u00e4rld d\u00e4r pirater regerar. Oavsett om du \u00e4r en erfaren samlare eller ett livsl\u00e5ngt fan har du kommit till r\u00e4tt st\u00e4lle; dessa f\u00f6rem\u00e5l kommer att ut\u00f6ka din samling. <strong>ditt One Piece-universum<\/strong>.<\/p>\n<h2>Information om One Piece Law Plush:<\/h2>\n<ul>\n<li>\u00a0<b>Produkttyp<\/b><span>\u00a0<\/span>One Piece manga plyschleksak<\/li>\n<\/ul>\n<ul>\n<li>\n<b>Anv\u00e4ndning av Peluce<\/b>\u00a0Leksaker, dekorationer, samlarobjekt, presenter<\/li>\n<\/ul>\n<ul>\n<li>\n<b>Karakt\u00e4rsnamn<\/b>\u00a0Trafalgar Law<\/li>\n<\/ul>\n<ul>\n<li>\n<b>Storlek p\u00e5 plyschleksak<\/b>\u00a0: 25 centimeter<\/li>\n<\/ul>\n<ul>\n<li>\n<b>Materia<\/b>\u00a0Bomull<\/li>\n<\/ul>\n<ul>\n<li>\n<b>Rekommenderad \u00e5lder<\/b>\u00a0mer \u00e4n 3 \u00e5r<\/li>\n<\/ul>\n<ul>\n<li>\n<b>Fri leverans<\/b> f\u00f6r alla k\u00f6p<\/li>\n<\/ul>","protected":false},"excerpt":{"rendered":"<p>Jeune pirate, pars \u00e0 la rencontre du Capitaine de l\u2019\u00c9quipage du Heart. Pour ce faire, procure-toi sans plus attendre cette Peluche Trafalgar Law. Trafalgar Law, de son vrai nom Trafalgar D. Water Law, est le Capitaine et Docteur de L\u2019\u00c9quipage du Heart, un \u00e9quipage pirate constitu\u00e9 surtout de docteurs. Il vient de la Ville Blanche, [&hellip;]<\/p>","protected":false},"featured_media":8686,"comment_status":"open","ping_status":"open","template":"","meta":[],"product_brand":[],"product_cat":[177],"product_tag":[202],"class_list":{"0":"post-8684","1":"product","2":"type-product","3":"status-publish","4":"has-post-thumbnail","6":"product_cat-peluches-one-piece","7":"product_tag-law","9":"first","10":"instock","11":"purchasable","12":"product-type-simple"},"yoast_head":"<!-- This site is optimized with the Yoast SEO plugin v27.5 - https:\/\/yoast.com\/product\/yoast-seo-wordpress\/ -->\n<title>Peluche Trafalgar Law | Boutique One Piece<\/title>\n<meta name=\"description\" content=\"D\u00e9couvrez la peluche One Piece Trafalgar Law, elle est aussi douce que mignonne ! Commencez votre aventure de pirate \u00e0 la recherche du One Piece dans l&#039;\u00e9quipage du Chapeau de Paille\" \/>\n<meta name=\"robots\" content=\"index, follow, max-snippet:-1, max-image-preview:large, max-video-preview:-1\" \/>\n<link rel=\"canonical\" href=\"https:\/\/boutique-one-piece.com\/sv\/one-piece-plyschleksaker\/trafalgar-law-plyschleksak\/\" \/>\n<meta property=\"og:locale\" content=\"sv_SE\" \/>\n<meta property=\"og:type\" content=\"article\" \/>\n<meta property=\"og:title\" content=\"Peluche Trafalgar Law | Boutique One Piece\" \/>\n<meta property=\"og:description\" content=\"D\u00e9couvrez la peluche One Piece Trafalgar Law, elle est aussi douce que mignonne ! Commencez votre aventure de pirate \u00e0 la recherche du One Piece dans l&#039;\u00e9quipage du Chapeau de Paille\" \/>\n<meta property=\"og:url\" content=\"https:\/\/boutique-one-piece.com\/sv\/one-piece-plyschleksaker\/trafalgar-law-plyschleksak\/\" \/>\n<meta property=\"og:site_name\" content=\"Boutique One Piece\" \/>\n<meta property=\"article:modified_time\" content=\"2025-06-10T03:37:09+00:00\" \/>\n<meta property=\"og:image\" content=\"https:\/\/boutique-one-piece.com\/wp-content\/uploads\/2022\/09\/Peluche-Trafalgar-Law-1.png\" \/>\n\t<meta property=\"og:image:width\" content=\"500\" \/>\n\t<meta property=\"og:image:height\" content=\"500\" \/>\n\t<meta property=\"og:image:type\" content=\"image\/png\" \/>\n<meta name=\"twitter:card\" content=\"summary_large_image\" \/>\n<meta name=\"twitter:label1\" content=\"Ber\u00e4knad l\u00e4stid\" \/>\n\t<meta name=\"twitter:data1\" content=\"1 minut\" \/>\n<script type=\"application\/ld+json\" class=\"yoast-schema-graph\">{\"@context\":\"https:\\\/\\\/schema.org\",\"@graph\":[{\"@type\":\"WebPage\",\"@id\":\"https:\\\/\\\/boutique-one-piece.com\\\/peluches-one-piece\\\/peluche-trafalgar-law\\\/\",\"url\":\"https:\\\/\\\/boutique-one-piece.com\\\/peluches-one-piece\\\/peluche-trafalgar-law\\\/\",\"name\":\"Peluche Trafalgar Law | Boutique One Piece\",\"isPartOf\":{\"@id\":\"https:\\\/\\\/boutique-one-piece.com\\\/#website\"},\"primaryImageOfPage\":{\"@id\":\"https:\\\/\\\/boutique-one-piece.com\\\/peluches-one-piece\\\/peluche-trafalgar-law\\\/#primaryimage\"},\"image\":{\"@id\":\"https:\\\/\\\/boutique-one-piece.com\\\/peluches-one-piece\\\/peluche-trafalgar-law\\\/#primaryimage\"},\"thumbnailUrl\":\"https:\\\/\\\/boutique-one-piece.com\\\/wp-content\\\/uploads\\\/2022\\\/09\\\/Peluche-Trafalgar-Law-1.png\",\"datePublished\":\"2022-09-27T20:14:22+00:00\",\"dateModified\":\"2025-06-10T03:37:09+00:00\",\"description\":\"D\u00e9couvrez la peluche One Piece Trafalgar Law, elle est aussi douce que mignonne ! Commencez votre aventure de pirate \u00e0 la recherche du One Piece dans l'\u00e9quipage du Chapeau de Paille\",\"breadcrumb\":{\"@id\":\"https:\\\/\\\/boutique-one-piece.com\\\/peluches-one-piece\\\/peluche-trafalgar-law\\\/#breadcrumb\"},\"inLanguage\":\"sv-SE\",\"potentialAction\":[{\"@type\":\"ReadAction\",\"target\":[\"https:\\\/\\\/boutique-one-piece.com\\\/peluches-one-piece\\\/peluche-trafalgar-law\\\/\"]}]},{\"@type\":\"ImageObject\",\"inLanguage\":\"sv-SE\",\"@id\":\"https:\\\/\\\/boutique-one-piece.com\\\/peluches-one-piece\\\/peluche-trafalgar-law\\\/#primaryimage\",\"url\":\"https:\\\/\\\/boutique-one-piece.com\\\/wp-content\\\/uploads\\\/2022\\\/09\\\/Peluche-Trafalgar-Law-1.png\",\"contentUrl\":\"https:\\\/\\\/boutique-one-piece.com\\\/wp-content\\\/uploads\\\/2022\\\/09\\\/Peluche-Trafalgar-Law-1.png\",\"width\":500,\"height\":500},{\"@type\":\"BreadcrumbList\",\"@id\":\"https:\\\/\\\/boutique-one-piece.com\\\/peluches-one-piece\\\/peluche-trafalgar-law\\\/#breadcrumb\",\"itemListElement\":[{\"@type\":\"ListItem\",\"position\":1,\"name\":\"Home\",\"item\":\"https:\\\/\\\/boutique-one-piece.com\\\/\"},{\"@type\":\"ListItem\",\"position\":2,\"name\":\"Shop\",\"item\":\"https:\\\/\\\/boutique-one-piece.com\\\/shop\\\/\"},{\"@type\":\"ListItem\",\"position\":3,\"name\":\"Peluche Trafalgar Law\"}]},{\"@type\":\"WebSite\",\"@id\":\"https:\\\/\\\/boutique-one-piece.com\\\/#website\",\"url\":\"https:\\\/\\\/boutique-one-piece.com\\\/\",\"name\":\"Boutique One Piece\",\"description\":\"Magasin Sp\u00e9cialis\u00e9 du Manga et l&#039;Anime One Piece\",\"publisher\":{\"@id\":\"https:\\\/\\\/boutique-one-piece.com\\\/#organization\"},\"potentialAction\":[{\"@type\":\"SearchAction\",\"target\":{\"@type\":\"EntryPoint\",\"urlTemplate\":\"https:\\\/\\\/boutique-one-piece.com\\\/?s={search_term_string}\"},\"query-input\":{\"@type\":\"PropertyValueSpecification\",\"valueRequired\":true,\"valueName\":\"search_term_string\"}}],\"inLanguage\":\"sv-SE\"},{\"@type\":\"Organization\",\"@id\":\"https:\\\/\\\/boutique-one-piece.com\\\/#organization\",\"name\":\"Boutique One Piece\",\"url\":\"https:\\\/\\\/boutique-one-piece.com\\\/\",\"logo\":{\"@type\":\"ImageObject\",\"inLanguage\":\"sv-SE\",\"@id\":\"https:\\\/\\\/boutique-one-piece.com\\\/#\\\/schema\\\/logo\\\/image\\\/\",\"url\":\"https:\\\/\\\/boutique-one-piece.com\\\/wp-content\\\/uploads\\\/2022\\\/09\\\/Logo-01.png\",\"contentUrl\":\"https:\\\/\\\/boutique-one-piece.com\\\/wp-content\\\/uploads\\\/2022\\\/09\\\/Logo-01.png\",\"width\":2318,\"height\":957,\"caption\":\"Boutique One Piece\"},\"image\":{\"@id\":\"https:\\\/\\\/boutique-one-piece.com\\\/#\\\/schema\\\/logo\\\/image\\\/\"}}]}<\/script>\n<!-- \/ Yoast SEO plugin. -->","yoast_head_json":{"title":"Trafalgar Law Plysch | One Piece Shop","description":"Uppt\u00e4ck One Piece Trafalgar Law-plyschfiguren \u2013 den \u00e4r lika mjuk som den \u00e4r s\u00f6t! B\u00f6rja ditt pirat\u00e4ventyr i jakten p\u00e5 One Piece med Straw Hat-g\u00e4nget.","robots":{"index":"index","follow":"follow","max-snippet":"max-snippet:-1","max-image-preview":"max-image-preview:large","max-video-preview":"max-video-preview:-1"},"canonical":"https:\/\/boutique-one-piece.com\/sv\/one-piece-plyschleksaker\/trafalgar-law-plyschleksak\/","og_locale":"sv_SE","og_type":"article","og_title":"Peluche Trafalgar Law | Boutique One Piece","og_description":"D\u00e9couvrez la peluche One Piece Trafalgar Law, elle est aussi douce que mignonne ! Commencez votre aventure de pirate \u00e0 la recherche du One Piece dans l'\u00e9quipage du Chapeau de Paille","og_url":"https:\/\/boutique-one-piece.com\/sv\/one-piece-plyschleksaker\/trafalgar-law-plyschleksak\/","og_site_name":"Boutique One Piece","article_modified_time":"2025-06-10T03:37:09+00:00","og_image":[{"width":500,"height":500,"url":"https:\/\/boutique-one-piece.com\/wp-content\/uploads\/2022\/09\/Peluche-Trafalgar-Law-1.png","type":"image\/png"}],"twitter_card":"summary_large_image","twitter_misc":{"Ber\u00e4knad l\u00e4stid":"1 minut"},"schema":{"@context":"https:\/\/schema.org","@graph":[{"@type":"WebPage","@id":"https:\/\/boutique-one-piece.com\/peluches-one-piece\/peluche-trafalgar-law\/","url":"https:\/\/boutique-one-piece.com\/peluches-one-piece\/peluche-trafalgar-law\/","name":"Trafalgar Law Plysch | One Piece Shop","isPartOf":{"@id":"https:\/\/boutique-one-piece.com\/#website"},"primaryImageOfPage":{"@id":"https:\/\/boutique-one-piece.com\/peluches-one-piece\/peluche-trafalgar-law\/#primaryimage"},"image":{"@id":"https:\/\/boutique-one-piece.com\/peluches-one-piece\/peluche-trafalgar-law\/#primaryimage"},"thumbnailUrl":"https:\/\/boutique-one-piece.com\/wp-content\/uploads\/2022\/09\/Peluche-Trafalgar-Law-1.png","datePublished":"2022-09-27T20:14:22+00:00","dateModified":"2025-06-10T03:37:09+00:00","description":"Uppt\u00e4ck One Piece Trafalgar Law-plyschfiguren \u2013 den \u00e4r lika mjuk som den \u00e4r s\u00f6t! B\u00f6rja ditt pirat\u00e4ventyr i jakten p\u00e5 One Piece med Straw Hat-g\u00e4nget.","breadcrumb":{"@id":"https:\/\/boutique-one-piece.com\/peluches-one-piece\/peluche-trafalgar-law\/#breadcrumb"},"inLanguage":"sv-SE","potentialAction":[{"@type":"ReadAction","target":["https:\/\/boutique-one-piece.com\/peluches-one-piece\/peluche-trafalgar-law\/"]}]},{"@type":"ImageObject","inLanguage":"sv-SE","@id":"https:\/\/boutique-one-piece.com\/peluches-one-piece\/peluche-trafalgar-law\/#primaryimage","url":"https:\/\/boutique-one-piece.com\/wp-content\/uploads\/2022\/09\/Peluche-Trafalgar-Law-1.png","contentUrl":"https:\/\/boutique-one-piece.com\/wp-content\/uploads\/2022\/09\/Peluche-Trafalgar-Law-1.png","width":500,"height":500},{"@type":"BreadcrumbList","@id":"https:\/\/boutique-one-piece.com\/peluches-one-piece\/peluche-trafalgar-law\/#breadcrumb","itemListElement":[{"@type":"ListItem","position":1,"name":"Home","item":"https:\/\/boutique-one-piece.com\/"},{"@type":"ListItem","position":2,"name":"Shop","item":"https:\/\/boutique-one-piece.com\/shop\/"},{"@type":"ListItem","position":3,"name":"Peluche Trafalgar Law"}]},{"@type":"WebSite","@id":"https:\/\/boutique-one-piece.com\/#website","url":"https:\/\/boutique-one-piece.com\/","name":"One Piece-butik","description":"Specialbutik f\u00f6r One Piece Manga och Anime","publisher":{"@id":"https:\/\/boutique-one-piece.com\/#organization"},"potentialAction":[{"@type":"SearchAction","target":{"@type":"EntryPoint","urlTemplate":"https:\/\/boutique-one-piece.com\/?s={search_term_string}"},"query-input":{"@type":"PropertyValueSpecification","valueRequired":true,"valueName":"search_term_string"}}],"inLanguage":"sv-SE"},{"@type":"Organization","@id":"https:\/\/boutique-one-piece.com\/#organization","name":"One Piece-butik","url":"https:\/\/boutique-one-piece.com\/","logo":{"@type":"ImageObject","inLanguage":"sv-SE","@id":"https:\/\/boutique-one-piece.com\/#\/schema\/logo\/image\/","url":"https:\/\/boutique-one-piece.com\/wp-content\/uploads\/2022\/09\/Logo-01.png","contentUrl":"https:\/\/boutique-one-piece.com\/wp-content\/uploads\/2022\/09\/Logo-01.png","width":2318,"height":957,"caption":"Boutique One Piece"},"image":{"@id":"https:\/\/boutique-one-piece.com\/#\/schema\/logo\/image\/"}}]}},"_links":{"self":[{"href":"https:\/\/boutique-one-piece.com\/sv\/wp-json\/wp\/v2\/product\/8684","targetHints":{"allow":["GET"]}}],"collection":[{"href":"https:\/\/boutique-one-piece.com\/sv\/wp-json\/wp\/v2\/product"}],"about":[{"href":"https:\/\/boutique-one-piece.com\/sv\/wp-json\/wp\/v2\/types\/product"}],"replies":[{"embeddable":true,"href":"https:\/\/boutique-one-piece.com\/sv\/wp-json\/wp\/v2\/comments?post=8684"}],"wp:featuredmedia":[{"embeddable":true,"href":"https:\/\/boutique-one-piece.com\/sv\/wp-json\/wp\/v2\/media\/8686"}],"wp:attachment":[{"href":"https:\/\/boutique-one-piece.com\/sv\/wp-json\/wp\/v2\/media?parent=8684"}],"wp:term":[{"taxonomy":"product_brand","embeddable":true,"href":"https:\/\/boutique-one-piece.com\/sv\/wp-json\/wp\/v2\/product_brand?post=8684"},{"taxonomy":"product_cat","embeddable":true,"href":"https:\/\/boutique-one-piece.com\/sv\/wp-json\/wp\/v2\/product_cat?post=8684"},{"taxonomy":"product_tag","embeddable":true,"href":"https:\/\/boutique-one-piece.com\/sv\/wp-json\/wp\/v2\/product_tag?post=8684"}],"curies":[{"name":"wp","href":"https:\/\/api.w.org\/{rel}","templated":true}]}}