{"id":8775,"date":"2022-09-27T20:15:13","date_gmt":"2022-09-27T20:15:13","guid":{"rendered":"https:\/\/boutique-one-piece.com\/uncategorized\/tableau-one-piece-couleur-mugiwara\/"},"modified":"2024-09-18T01:20:45","modified_gmt":"2024-09-18T01:20:45","slug":"one-piece-mugiwara-fargkarta","status":"publish","type":"product","link":"https:\/\/boutique-one-piece.com\/sv\/one-piece-dekorationer\/one-piece-malningar\/one-piece-mugiwara-fargkarta\/","title":{"rendered":"One Piece Mugiwara F\u00e4rgkarta"},"content":{"rendered":"<h2>One Piece 5-panels canvastavla med halmhattpirater och deras favoritf\u00e4rger - En canvastavla av h\u00f6g kvalitet f\u00f6r en pirat som du!<\/h2>\n<h2><b><\/b><\/h2>\n<p>Om du \u00e4r en\u00a0<strong>riktig pirat<\/strong>, du kommer att vara<span>\u00a0<\/span>uppskatta<span>\u00a0<\/span>det\u00a0<strong>kvalitet<\/strong>\u00a0duk, f\u00e4rg och en ram f\u00f6r deras\u00a0<strong>designer\u00a0<\/strong>Och\u00a0<strong>3D-canvasutskrift<\/strong>\u00a0av detta\u00a0<strong>One Piece 5-panelsm\u00e5lning<\/strong>\u00a0Men det viktigaste med den h\u00e4r m\u00e5lningen \u00e4r att<span>\u00a0<\/span>du kommer att vara en del av\u00a0<strong>fanteamet<\/strong>\u00a0av\u00a0<strong>piratmanga<\/strong>\u00a0och du kommer att f\u00e5:<\/p>\n<ul>\n<li>\u00a0<strong>Beundran<\/strong>\u00a0av alla fans av\u00a0<strong>mugiwara<\/strong>\u00a0som du kommer att bjuda hem till dig<\/li>\n<\/ul>\n<ul>\n<li>En riktig\u00a0<strong>5-delat tryckt diagram<\/strong>\u00a0med vilket du kan<strong>\u00a0att f\u00f6rest\u00e4lla sig\u00a0<\/strong>med\u00a0<strong><\/strong><strong>bes\u00e4ttningen<\/strong> <strong>P\u00e5<\/strong> <strong>Str\u00e5hatt<\/strong>\n<\/li>\n<\/ul>\n<p>S\u00e5, redo att visa upp\u00a0<strong>Mugiwara Inga Luffy-f\u00e4rger<\/strong>\u00a0?<\/p>\n<h2>\u00c4r du ett fan av One Piece manga eller anime? Visa upp det med denna 5-delade One Piece canvastavla!<\/h2>\n<p>Om du\u00a0<strong>l\u00e4sa<\/strong>\u00a0eller vart du \u00e4n tittar\u00a0<strong>animen\u00a0<\/strong><strong>japanska<\/strong>, Det finns en god chans att du har blivit\u00a0<strong>galen i One Piece<\/strong>\u00a0Med detta!\u00a0<strong>Mugiwara 5-panelsm\u00e5lning<\/strong>, g\u00e5 med i\u2019<strong>en grupp fans av franchisen<\/strong><\/p>\n<p>Detta\u00a0<strong>m\u00e5lning<\/strong>\u00a0\u00e4r tillg\u00e4nglig med en\u00a0<strong>tr\u00e4ram<\/strong>\u00a0varianten &quot;\u00ab\u00a0<strong>Med ram<\/strong>\u00ab&quot;Det \u00e4r ocks\u00e5 m\u00f6jligt att bara ha\u00a0<strong>trasa<\/strong>\u00a0med varianten &quot;\u00ab\u00a0<strong>Raml\u00f6s<\/strong>\u00ab&quot;Du hittar bordet i storlekarna&quot;\u00a0<strong>Liten<\/strong>,<strong>\u00a0GENOMSNITT<\/strong>,<strong>\u00a0Stor<\/strong>,<strong>\u00a0XL<\/strong>, Den passar alla typer av pirater, \u00e4ven om du inte har\u00a0<strong>sv\u00e4rd<\/strong>\u00a0eller\u00a0<strong>dj\u00e4vulens frukt<\/strong>\u00a0du kan fortfarande stolt h\u00e4nga upp den hemma<\/p>\n<p>DE <strong>Pirater<\/strong> P\u00e5 <strong>Str\u00e5hatt<\/strong>, Bes\u00e4ttningen som f\u00e5r de h\u00f6gsta auktoriteterna i One Piece-v\u00e4rlden att darra. Monkey D. Luffy, piraternas framtida kung, den utvalde vars <strong>Gol D. Roger<\/strong> eker. <strong>Luffy<\/strong> Han \u00e5tf\u00f6ljs av sina trogna anh\u00e4ngare. <strong>Nakamas <\/strong>vilka \u00e4r, <strong>Zoro<\/strong>, <strong>Sanji<\/strong>, <strong>Nami<\/strong>, <strong>Robin<\/strong>, <strong>Chopper<\/strong>, <strong>Brook<\/strong>, <strong>Usopp<\/strong> Och <strong>Franky<\/strong>. De \u00e4r i linje med en <strong>f\u00e4rg<\/strong> f\u00f6r varje <strong>medlemmar<\/strong> bes\u00e4ttning<\/p>\n<ul>\n<li>\n<strong>H\u00f6gkvalitativ tryckt canvas\u00a0<\/strong>v\u00e4ggduk gjord av <strong>bomull<\/strong> och <strong>linne<\/strong>, f\u00f6r att erh\u00e5lla en <strong>trasa<\/strong> <strong>v\u00e4rdig<\/strong> av detta <strong>namn<\/strong>\n<\/li>\n<\/ul>\n<ul>\n<li>\n<strong>Ultra Design-m\u00e5lning<\/strong>\u00a0Den femdelade tabellen ger mycket <strong>stil<\/strong> till en <strong>bit<\/strong>, Fansen kan inte l\u00e5ta bli att \u00e4lska det<\/li>\n<\/ul>\n<ul style=\"font-weight: 400\">\n<li>\n<strong>F\u00e4rg och utskrift\u00a0<\/strong>One Piece-m\u00e5lning med ett tryck <strong>Canva<\/strong> riktm\u00e4rket inom canvastryck<\/li>\n<\/ul>\n<ul style=\"font-weight: 400\">\n<li>\n<strong>L\u00e4tt v\u00e4ggkonst<\/strong>\u00a0: fantastisk milj\u00f6 <strong>ljus<\/strong>, allt som kr\u00e4vs \u00e4r en <strong>spika<\/strong> eller av <strong>fast ben<\/strong> f\u00f6r <strong>uppr\u00e4tth\u00e5lla<\/strong> p\u00e5 v\u00e4ggen<\/li>\n<\/ul>\n<ul style=\"font-weight: 400\">\n<li>\n<strong>Tr\u00e4ram<\/strong>\u00a0: varianten &quot;\u00ab\u00a0<strong>Med ram<\/strong>\u00a0\u00bb \u00e5tf\u00f6ljs av en <strong>tr\u00e4ram<\/strong> och versionen &quot;\u00ab\u00a0<strong>Raml\u00f6s<\/strong>\u00a0\u00bb levereras <strong>utan tr\u00e4ramen<\/strong>\n<\/li>\n<\/ul>\n<ul style=\"font-weight: 400\">\n<li>\n<strong>Fri leverans\u00a0<\/strong>f\u00f6r alla k\u00f6p<strong>\u00a0<\/strong>\n<\/li>\n<\/ul>\n<h3>Gl\u00f6m inte att ta en titt p\u00e5 storleksguiden nedan.<\/h3>\n<h2>\n<strong style=\"font-size: 15px\">One Piece 5-delad m\u00e5lning<\/strong><span style=\"font-size: 15px\">,<\/span><strong style=\"font-size: 15px\"> <\/strong><span style=\"font-size: 15px\">Storlek<\/span><strong style=\"font-size: 15px\"> <\/strong><span style=\"font-size: 15px\">: <\/span><strong style=\"font-size: 15px\">Liten<\/strong><br \/>\n<\/h2>\n<p>\u00a0<img decoding=\"async\" src=\"https:\/\/cdn.shopify.com\/s\/files\/1\/0087\/7556\/5348\/files\/guide_taille_tableau_one_piece_petit_boutique_one_piece_large.jpg?v=1560247451\" alt=\"Storleksguide f\u00f6r 5-delad One Piece (Liten)\"><\/p>\n<p><strong>One Piece 5-delad m\u00e5lning<\/strong>, Storlek<strong> <\/strong>:<strong> GENOMSNITT<\/strong><\/p>\n<p>\u00a0<img decoding=\"async\" src=\"https:\/\/cdn.shopify.com\/s\/files\/1\/0087\/7556\/5348\/files\/guide_taille_tableau_one_piece_moyen_boutique_one_piece_large.jpg?v=1560247519\" alt=\"Storlekstabell ett stycke 5 stycken Medium\"><\/p>\n<p><strong>One Piece 5-delad m\u00e5lning<\/strong>, Storlek<strong> <\/strong>: <strong>Stor<\/strong><\/p>\n<p>\u00a0<img decoding=\"async\" src=\"https:\/\/cdn.shopify.com\/s\/files\/1\/0087\/7556\/5348\/files\/guide_taille_tableau_one_piece_grand_boutique_one_piece_large.jpg?v=1560247582\" alt=\"Storlekstabell f\u00f6r One Piece 5-delade plagg (stor)\"><\/p>\n<p><strong>One Piece 5-delad m\u00e5lning<\/strong>, Storlek: <strong>XL<\/strong><\/p>\n<p><img decoding=\"async\" src=\"https:\/\/cdn.shopify.com\/s\/files\/1\/0087\/7556\/5348\/files\/guide_taille_tableau_one_piece_xl_boutique_one_piece_large.jpg?v=1560247610\" alt=\"Storlekstabell f\u00f6r One Piece 5-delad XL\"><\/p>","protected":false},"excerpt":{"rendered":"<p>One Piece-canvastavla med 5 paneler, med str\u00e5hattpiraterna och deras signaturf\u00e4rger \u2013 ett h\u00f6gkvalitativt verk f\u00f6r en pirat som du! Om du \u00e4r en sann pirat kommer du att uppskatta kvaliteten p\u00e5 duken, f\u00e4rgen och ramen, s\u00e5v\u00e4l som 3D-canvastavlan p\u00e5 denna One Piece-canvastavla med 5 paneler! Men viktigast av allt, med denna canvastavla blir du en del av fanskaran av piratmangan och f\u00e5r: [\u2026]<\/p>","protected":false},"featured_media":8777,"comment_status":"open","ping_status":"open","template":"","meta":[],"product_brand":[],"product_cat":[141],"product_tag":[158,165,129,92,154,205,112,142,143,144,113],"class_list":{"0":"post-8775","1":"product","2":"type-product","3":"status-publish","4":"has-post-thumbnail","6":"product_cat-tableaux-one-piece","7":"product_tag-brook","8":"product_tag-chopper","9":"product_tag-franky","10":"product_tag-luffy","11":"product_tag-nami","12":"product_tag-robin","13":"product_tag-sanji","14":"product_tag-tableau-5-pieces","15":"product_tag-toile","16":"product_tag-usopp","17":"product_tag-zoro","19":"first","20":"instock","21":"purchasable","22":"product-type-variable"},"yoast_head":"<!-- This site is optimized with the Yoast SEO plugin v27.5 - https:\/\/yoast.com\/product\/yoast-seo-wordpress\/ -->\n<title>Tableau One Piece Couleur Mugiwara \u2013 Boutique One Piece<\/title>\n<meta name=\"description\" content=\"Tableau 5 Pi\u00e8ces One Piece avec une Couleur pour Chaque Membres d&#039;\u00c9quipage de Luffy Tr\u00e8s Haute Qualit\u00e9 Fan de Pirates ce Tableau 5 Panneaux est Fait Pour Vous !\" \/>\n<meta name=\"robots\" content=\"index, follow, max-snippet:-1, max-image-preview:large, max-video-preview:-1\" \/>\n<link rel=\"canonical\" href=\"https:\/\/boutique-one-piece.com\/sv\/one-piece-dekorationer\/one-piece-malningar\/one-piece-mugiwara-fargkarta\/\" \/>\n<meta property=\"og:locale\" content=\"sv_SE\" \/>\n<meta property=\"og:type\" content=\"article\" \/>\n<meta property=\"og:title\" content=\"Tableau One Piece Couleur Mugiwara \u2013 Boutique One Piece\" \/>\n<meta property=\"og:description\" content=\"Tableau 5 Pi\u00e8ces One Piece avec une Couleur pour Chaque Membres d&#039;\u00c9quipage de Luffy Tr\u00e8s Haute Qualit\u00e9 Fan de Pirates ce Tableau 5 Panneaux est Fait Pour Vous !\" \/>\n<meta property=\"og:url\" content=\"https:\/\/boutique-one-piece.com\/sv\/one-piece-dekorationer\/one-piece-malningar\/one-piece-mugiwara-fargkarta\/\" \/>\n<meta property=\"og:site_name\" content=\"Boutique One Piece\" \/>\n<meta property=\"article:modified_time\" content=\"2024-09-18T01:20:45+00:00\" \/>\n<meta property=\"og:image\" content=\"https:\/\/boutique-one-piece.com\/wp-content\/uploads\/2022\/09\/Tableau-One-Piece-Couleur-Mugiwara.jpg\" \/>\n\t<meta property=\"og:image:width\" content=\"600\" \/>\n\t<meta property=\"og:image:height\" content=\"600\" \/>\n\t<meta property=\"og:image:type\" content=\"image\/jpeg\" \/>\n<meta name=\"twitter:card\" content=\"summary_large_image\" \/>\n<meta name=\"twitter:label1\" content=\"Ber\u00e4knad l\u00e4stid\" \/>\n\t<meta name=\"twitter:data1\" content=\"4 minuter\" \/>\n<script type=\"application\/ld+json\" class=\"yoast-schema-graph\">{\"@context\":\"https:\\\/\\\/schema.org\",\"@graph\":[{\"@type\":\"WebPage\",\"@id\":\"https:\\\/\\\/boutique-one-piece.com\\\/decorations-one-piece\\\/tableaux-one-piece\\\/tableau-one-piece-couleur-mugiwara\\\/\",\"url\":\"https:\\\/\\\/boutique-one-piece.com\\\/decorations-one-piece\\\/tableaux-one-piece\\\/tableau-one-piece-couleur-mugiwara\\\/\",\"name\":\"Tableau One Piece Couleur Mugiwara \u2013 Boutique One Piece\",\"isPartOf\":{\"@id\":\"https:\\\/\\\/boutique-one-piece.com\\\/#website\"},\"primaryImageOfPage\":{\"@id\":\"https:\\\/\\\/boutique-one-piece.com\\\/decorations-one-piece\\\/tableaux-one-piece\\\/tableau-one-piece-couleur-mugiwara\\\/#primaryimage\"},\"image\":{\"@id\":\"https:\\\/\\\/boutique-one-piece.com\\\/decorations-one-piece\\\/tableaux-one-piece\\\/tableau-one-piece-couleur-mugiwara\\\/#primaryimage\"},\"thumbnailUrl\":\"https:\\\/\\\/boutique-one-piece.com\\\/wp-content\\\/uploads\\\/2022\\\/09\\\/Tableau-One-Piece-Couleur-Mugiwara.jpg\",\"datePublished\":\"2022-09-27T20:15:13+00:00\",\"dateModified\":\"2024-09-18T01:20:45+00:00\",\"description\":\"Tableau 5 Pi\u00e8ces One Piece avec une Couleur pour Chaque Membres d'\u00c9quipage de Luffy Tr\u00e8s Haute Qualit\u00e9 Fan de Pirates ce Tableau 5 Panneaux est Fait Pour Vous !\",\"breadcrumb\":{\"@id\":\"https:\\\/\\\/boutique-one-piece.com\\\/decorations-one-piece\\\/tableaux-one-piece\\\/tableau-one-piece-couleur-mugiwara\\\/#breadcrumb\"},\"inLanguage\":\"sv-SE\",\"potentialAction\":[{\"@type\":\"ReadAction\",\"target\":[\"https:\\\/\\\/boutique-one-piece.com\\\/decorations-one-piece\\\/tableaux-one-piece\\\/tableau-one-piece-couleur-mugiwara\\\/\"]}]},{\"@type\":\"ImageObject\",\"inLanguage\":\"sv-SE\",\"@id\":\"https:\\\/\\\/boutique-one-piece.com\\\/decorations-one-piece\\\/tableaux-one-piece\\\/tableau-one-piece-couleur-mugiwara\\\/#primaryimage\",\"url\":\"https:\\\/\\\/boutique-one-piece.com\\\/wp-content\\\/uploads\\\/2022\\\/09\\\/Tableau-One-Piece-Couleur-Mugiwara.jpg\",\"contentUrl\":\"https:\\\/\\\/boutique-one-piece.com\\\/wp-content\\\/uploads\\\/2022\\\/09\\\/Tableau-One-Piece-Couleur-Mugiwara.jpg\",\"width\":600,\"height\":600,\"caption\":\"Tableau One Piece Couleur Mugiwara XL Avec Cadre\"},{\"@type\":\"BreadcrumbList\",\"@id\":\"https:\\\/\\\/boutique-one-piece.com\\\/decorations-one-piece\\\/tableaux-one-piece\\\/tableau-one-piece-couleur-mugiwara\\\/#breadcrumb\",\"itemListElement\":[{\"@type\":\"ListItem\",\"position\":1,\"name\":\"Home\",\"item\":\"https:\\\/\\\/boutique-one-piece.com\\\/\"},{\"@type\":\"ListItem\",\"position\":2,\"name\":\"Shop\",\"item\":\"https:\\\/\\\/boutique-one-piece.com\\\/shop\\\/\"},{\"@type\":\"ListItem\",\"position\":3,\"name\":\"Tableau One Piece Couleur Mugiwara\"}]},{\"@type\":\"WebSite\",\"@id\":\"https:\\\/\\\/boutique-one-piece.com\\\/#website\",\"url\":\"https:\\\/\\\/boutique-one-piece.com\\\/\",\"name\":\"Boutique One Piece\",\"description\":\"Magasin Sp\u00e9cialis\u00e9 du Manga et l&#039;Anime One Piece\",\"publisher\":{\"@id\":\"https:\\\/\\\/boutique-one-piece.com\\\/#organization\"},\"potentialAction\":[{\"@type\":\"SearchAction\",\"target\":{\"@type\":\"EntryPoint\",\"urlTemplate\":\"https:\\\/\\\/boutique-one-piece.com\\\/?s={search_term_string}\"},\"query-input\":{\"@type\":\"PropertyValueSpecification\",\"valueRequired\":true,\"valueName\":\"search_term_string\"}}],\"inLanguage\":\"sv-SE\"},{\"@type\":\"Organization\",\"@id\":\"https:\\\/\\\/boutique-one-piece.com\\\/#organization\",\"name\":\"Boutique One Piece\",\"url\":\"https:\\\/\\\/boutique-one-piece.com\\\/\",\"logo\":{\"@type\":\"ImageObject\",\"inLanguage\":\"sv-SE\",\"@id\":\"https:\\\/\\\/boutique-one-piece.com\\\/#\\\/schema\\\/logo\\\/image\\\/\",\"url\":\"https:\\\/\\\/boutique-one-piece.com\\\/wp-content\\\/uploads\\\/2022\\\/09\\\/Logo-01.png\",\"contentUrl\":\"https:\\\/\\\/boutique-one-piece.com\\\/wp-content\\\/uploads\\\/2022\\\/09\\\/Logo-01.png\",\"width\":2318,\"height\":957,\"caption\":\"Boutique One Piece\"},\"image\":{\"@id\":\"https:\\\/\\\/boutique-one-piece.com\\\/#\\\/schema\\\/logo\\\/image\\\/\"}}]}<\/script>\n<!-- \/ Yoast SEO plugin. -->","yoast_head_json":{"title":"One Piece Mugiwara F\u00e4rgm\u00e5lning \u2013 One Piece Shop","description":"One Piece 5-delat canvastavla med en f\u00e4rg f\u00f6r varje medlem i Luffys bes\u00e4ttning - Mycket h\u00f6g kvalitet - Piratfan, detta 5-panels canvastavla \u00e4r som gjort f\u00f6r dig!","robots":{"index":"index","follow":"follow","max-snippet":"max-snippet:-1","max-image-preview":"max-image-preview:large","max-video-preview":"max-video-preview:-1"},"canonical":"https:\/\/boutique-one-piece.com\/sv\/one-piece-dekorationer\/one-piece-malningar\/one-piece-mugiwara-fargkarta\/","og_locale":"sv_SE","og_type":"article","og_title":"Tableau One Piece Couleur Mugiwara \u2013 Boutique One Piece","og_description":"Tableau 5 Pi\u00e8ces One Piece avec une Couleur pour Chaque Membres d'\u00c9quipage de Luffy Tr\u00e8s Haute Qualit\u00e9 Fan de Pirates ce Tableau 5 Panneaux est Fait Pour Vous !","og_url":"https:\/\/boutique-one-piece.com\/sv\/one-piece-dekorationer\/one-piece-malningar\/one-piece-mugiwara-fargkarta\/","og_site_name":"Boutique One Piece","article_modified_time":"2024-09-18T01:20:45+00:00","og_image":[{"width":600,"height":600,"url":"https:\/\/boutique-one-piece.com\/wp-content\/uploads\/2022\/09\/Tableau-One-Piece-Couleur-Mugiwara.jpg","type":"image\/jpeg"}],"twitter_card":"summary_large_image","twitter_misc":{"Ber\u00e4knad l\u00e4stid":"4 minuter"},"schema":{"@context":"https:\/\/schema.org","@graph":[{"@type":"WebPage","@id":"https:\/\/boutique-one-piece.com\/decorations-one-piece\/tableaux-one-piece\/tableau-one-piece-couleur-mugiwara\/","url":"https:\/\/boutique-one-piece.com\/decorations-one-piece\/tableaux-one-piece\/tableau-one-piece-couleur-mugiwara\/","name":"One Piece Mugiwara F\u00e4rgm\u00e5lning \u2013 One Piece Shop","isPartOf":{"@id":"https:\/\/boutique-one-piece.com\/#website"},"primaryImageOfPage":{"@id":"https:\/\/boutique-one-piece.com\/decorations-one-piece\/tableaux-one-piece\/tableau-one-piece-couleur-mugiwara\/#primaryimage"},"image":{"@id":"https:\/\/boutique-one-piece.com\/decorations-one-piece\/tableaux-one-piece\/tableau-one-piece-couleur-mugiwara\/#primaryimage"},"thumbnailUrl":"https:\/\/boutique-one-piece.com\/wp-content\/uploads\/2022\/09\/Tableau-One-Piece-Couleur-Mugiwara.jpg","datePublished":"2022-09-27T20:15:13+00:00","dateModified":"2024-09-18T01:20:45+00:00","description":"One Piece 5-delat canvastavla med en f\u00e4rg f\u00f6r varje medlem i Luffys bes\u00e4ttning - Mycket h\u00f6g kvalitet - Piratfan, detta 5-panels canvastavla \u00e4r som gjort f\u00f6r dig!","breadcrumb":{"@id":"https:\/\/boutique-one-piece.com\/decorations-one-piece\/tableaux-one-piece\/tableau-one-piece-couleur-mugiwara\/#breadcrumb"},"inLanguage":"sv-SE","potentialAction":[{"@type":"ReadAction","target":["https:\/\/boutique-one-piece.com\/decorations-one-piece\/tableaux-one-piece\/tableau-one-piece-couleur-mugiwara\/"]}]},{"@type":"ImageObject","inLanguage":"sv-SE","@id":"https:\/\/boutique-one-piece.com\/decorations-one-piece\/tableaux-one-piece\/tableau-one-piece-couleur-mugiwara\/#primaryimage","url":"https:\/\/boutique-one-piece.com\/wp-content\/uploads\/2022\/09\/Tableau-One-Piece-Couleur-Mugiwara.jpg","contentUrl":"https:\/\/boutique-one-piece.com\/wp-content\/uploads\/2022\/09\/Tableau-One-Piece-Couleur-Mugiwara.jpg","width":600,"height":600,"caption":"Tableau One Piece Couleur Mugiwara XL Avec Cadre"},{"@type":"BreadcrumbList","@id":"https:\/\/boutique-one-piece.com\/decorations-one-piece\/tableaux-one-piece\/tableau-one-piece-couleur-mugiwara\/#breadcrumb","itemListElement":[{"@type":"ListItem","position":1,"name":"Home","item":"https:\/\/boutique-one-piece.com\/"},{"@type":"ListItem","position":2,"name":"Shop","item":"https:\/\/boutique-one-piece.com\/shop\/"},{"@type":"ListItem","position":3,"name":"Tableau One Piece Couleur Mugiwara"}]},{"@type":"WebSite","@id":"https:\/\/boutique-one-piece.com\/#website","url":"https:\/\/boutique-one-piece.com\/","name":"One Piece-butik","description":"Specialbutik f\u00f6r One Piece Manga och Anime","publisher":{"@id":"https:\/\/boutique-one-piece.com\/#organization"},"potentialAction":[{"@type":"SearchAction","target":{"@type":"EntryPoint","urlTemplate":"https:\/\/boutique-one-piece.com\/?s={search_term_string}"},"query-input":{"@type":"PropertyValueSpecification","valueRequired":true,"valueName":"search_term_string"}}],"inLanguage":"sv-SE"},{"@type":"Organization","@id":"https:\/\/boutique-one-piece.com\/#organization","name":"One Piece-butik","url":"https:\/\/boutique-one-piece.com\/","logo":{"@type":"ImageObject","inLanguage":"sv-SE","@id":"https:\/\/boutique-one-piece.com\/#\/schema\/logo\/image\/","url":"https:\/\/boutique-one-piece.com\/wp-content\/uploads\/2022\/09\/Logo-01.png","contentUrl":"https:\/\/boutique-one-piece.com\/wp-content\/uploads\/2022\/09\/Logo-01.png","width":2318,"height":957,"caption":"Boutique One Piece"},"image":{"@id":"https:\/\/boutique-one-piece.com\/#\/schema\/logo\/image\/"}}]}},"_links":{"self":[{"href":"https:\/\/boutique-one-piece.com\/sv\/wp-json\/wp\/v2\/product\/8775","targetHints":{"allow":["GET"]}}],"collection":[{"href":"https:\/\/boutique-one-piece.com\/sv\/wp-json\/wp\/v2\/product"}],"about":[{"href":"https:\/\/boutique-one-piece.com\/sv\/wp-json\/wp\/v2\/types\/product"}],"replies":[{"embeddable":true,"href":"https:\/\/boutique-one-piece.com\/sv\/wp-json\/wp\/v2\/comments?post=8775"}],"wp:featuredmedia":[{"embeddable":true,"href":"https:\/\/boutique-one-piece.com\/sv\/wp-json\/wp\/v2\/media\/8777"}],"wp:attachment":[{"href":"https:\/\/boutique-one-piece.com\/sv\/wp-json\/wp\/v2\/media?parent=8775"}],"wp:term":[{"taxonomy":"product_brand","embeddable":true,"href":"https:\/\/boutique-one-piece.com\/sv\/wp-json\/wp\/v2\/product_brand?post=8775"},{"taxonomy":"product_cat","embeddable":true,"href":"https:\/\/boutique-one-piece.com\/sv\/wp-json\/wp\/v2\/product_cat?post=8775"},{"taxonomy":"product_tag","embeddable":true,"href":"https:\/\/boutique-one-piece.com\/sv\/wp-json\/wp\/v2\/product_tag?post=8775"}],"curies":[{"name":"wp","href":"https:\/\/api.w.org\/{rel}","templated":true}]}}