{"id":8794,"date":"2022-09-27T20:15:13","date_gmt":"2022-09-27T20:15:13","guid":{"rendered":"https:\/\/boutique-one-piece.com\/uncategorized\/figurine-one-piece-law-position-interchangeable\/"},"modified":"2024-09-16T11:27:27","modified_gmt":"2024-09-16T11:27:27","slug":"one-piece-law-figur-med-utbytbar-position","status":"publish","type":"product","link":"https:\/\/boutique-one-piece.com\/sv\/one-piece-figurer\/trafalgar-law-figurer\/one-piece-law-figur-med-utbytbar-position\/","title":{"rendered":"One Piece Law Position Utbytbar Figur"},"content":{"rendered":"<h2>Unge pirat, det \u00e4r dags f\u00f6r dig att skaffa den h\u00e4r One Piece Law Position-utbytbara figuren.<\/h2>\n<p>Du \u00e4r utan tvekan medveten om att <strong>Trafalgar Law<\/strong>, vars riktiga namn \u00e4r Trafalgar D. Water Law, \u00e4r kapten och doktor i<strong> Hj\u00e4rtbes\u00e4ttningen<\/strong> ; En piratbes\u00e4ttning som mestadels bestod av l\u00e4kare. Lite mer information om hans bes\u00e4ttning: Hj\u00e4rtpiraterna \u00e4r en ber\u00f6md bes\u00e4ttning av anm\u00e4rkningsv\u00e4rda pirater som uppt\u00e4cktes p\u00e5 Sabaody-arkipelagen under den tid d\u00e5... <strong>Str\u00e5hattg\u00e4nget<\/strong> passerade just f\u00f6rbi.<\/p>\n<p>Deras potential demonstrerades ytterligare med lanseringen av Silvers Rayleighs Fluid, som n\u00e4stan alla bes\u00e4ttningsmedlemmar kunde motst\u00e5. Om du vill ut\u00f6ka din figursamling, <a title=\"POK\u00c9MON FIGUR KAPTEN STR\u00c5HATT LUFFY\" href=\"https:\/\/boutique-one-piece.com\/sv\/pokemon-figur-av-kapten-luffy-med-strahatten\/\" target=\"_blank\" rel=\"noopener\">Kaptenen med halmhatten-figuren<\/a> (Luffy) \u00e4r inom r\u00e4ckh\u00e5ll.<\/p>\n<h3>S\u00e5, fascinerad av kapten Trafalgar Law? Tveka inte l\u00e4ngre och g\u00e5 med i hans bes\u00e4ttning; m\u00e5nga \u00e4ventyr v\u00e4ntar dig inom Heart-bes\u00e4ttningen.<\/h3>\n<p><strong>Ett stycke<\/strong> \u00e4r v\u00e4rldens b\u00e4sts\u00e4ljande manga. Var stolt \u00f6ver att vara en del av detta \u00e4ventyr! F\u00f6rdjupa dig i eller \u00e5teruppt\u00e4ck detta universum med dessa <strong>mytiska f\u00f6rem\u00e5l<\/strong>. Dessa f\u00f6rem\u00e5l \u00e4r perfekta att ge bort, dekorera eller samla p\u00e5. V\u00e4nta inte l\u00e4ngre och ta tillf\u00e4llet i akt att expandera. <strong>ditt One Piece-universum<\/strong>.<\/p>\n<h2>Information om utbytbar figur f\u00f6r juridisk position\u00a0<\/h2>\n<ul>\n<li><span><b><u>One Piece-figur<\/u><\/b>\u00a0Premium One Piece-figur f\u00f6r riktiga pirater<\/span><\/li>\n<\/ul>\n<ul>\n<li>\n<b>Materia<\/b><span>\u00a0<\/span>PVC<\/li>\n<\/ul>\n<ul>\n<li><span><strong>Dimensionera<\/strong>\u00a0: 23 cm<\/span><\/li>\n<\/ul>\n<ul>\n<li><span><strong>FRI LEVERANS<\/strong><\/span><\/li>\n<\/ul>","protected":false},"excerpt":{"rendered":"<p>Unge pirat, det \u00e4r dags f\u00f6r dig att f\u00e5 tag p\u00e5 denna One Piece Law-figur med utbytbar position. Du \u00e4r s\u00e4kert medveten om att Trafalgar Law, vars riktiga namn \u00e4r Trafalgar D. Water Law, \u00e4r kapten och doktor f\u00f6r Hj\u00e4rtpiraterna; en piratbes\u00e4ttning som mestadels best\u00e5r av l\u00e4kare. Lite mer information om hans\u2026<\/p>","protected":false},"featured_media":8796,"comment_status":"open","ping_status":"open","template":"","meta":[],"product_brand":[],"product_cat":[76,214],"product_tag":[202],"class_list":{"0":"post-8794","1":"product","2":"type-product","3":"status-publish","4":"has-post-thumbnail","6":"product_cat-figurines-one-piece","7":"product_cat-figurines-trafalgar-law","8":"product_tag-law","10":"first","11":"instock","12":"purchasable","13":"product-type-simple"},"yoast_head":"<!-- This site is optimized with the Yoast SEO plugin v27.5 - https:\/\/yoast.com\/product\/yoast-seo-wordpress\/ -->\n<title>Figurine One Piece Law Position Interchangeable | Figurine One Piece \u2013 Boutique One Piece<\/title>\n<meta name=\"description\" content=\"Jeune pirate, le moment est venu pour toi de te procurer cette Figurine One Piece Law Position Interchangeable. Tu n&#039;es pas sans savoir que Trafalgar Law, de son vrai nom Trafalgar D. Water Law, est le Capitaine et Docteur de L&#039;\u00c9quipage du Heart ; un \u00e9quipage pirate constitu\u00e9 surtout de docteurs. Petite pr\u00e9cision conce\" \/>\n<meta name=\"robots\" content=\"index, follow, max-snippet:-1, max-image-preview:large, max-video-preview:-1\" \/>\n<link rel=\"canonical\" href=\"https:\/\/boutique-one-piece.com\/sv\/one-piece-figurer\/trafalgar-law-figurer\/one-piece-law-figur-med-utbytbar-position\/\" \/>\n<meta property=\"og:locale\" content=\"sv_SE\" \/>\n<meta property=\"og:type\" content=\"article\" \/>\n<meta property=\"og:title\" content=\"Figurine One Piece Law Position Interchangeable | Figurine One Piece \u2013 Boutique One Piece\" \/>\n<meta property=\"og:description\" content=\"Jeune pirate, le moment est venu pour toi de te procurer cette Figurine One Piece Law Position Interchangeable. Tu n&#039;es pas sans savoir que Trafalgar Law, de son vrai nom Trafalgar D. Water Law, est le Capitaine et Docteur de L&#039;\u00c9quipage du Heart ; un \u00e9quipage pirate constitu\u00e9 surtout de docteurs. Petite pr\u00e9cision conce\" \/>\n<meta property=\"og:url\" content=\"https:\/\/boutique-one-piece.com\/sv\/one-piece-figurer\/trafalgar-law-figurer\/one-piece-law-figur-med-utbytbar-position\/\" \/>\n<meta property=\"og:site_name\" content=\"Boutique One Piece\" \/>\n<meta property=\"article:modified_time\" content=\"2024-09-16T11:27:27+00:00\" \/>\n<meta property=\"og:image\" content=\"https:\/\/boutique-one-piece.com\/wp-content\/uploads\/2022\/09\/Figurine-One-Piece-Law-Position-Interchangeable-1.jpg\" \/>\n\t<meta property=\"og:image:width\" content=\"586\" \/>\n\t<meta property=\"og:image:height\" content=\"800\" \/>\n\t<meta property=\"og:image:type\" content=\"image\/jpeg\" \/>\n<meta name=\"twitter:card\" content=\"summary_large_image\" \/>\n<meta name=\"twitter:label1\" content=\"Ber\u00e4knad l\u00e4stid\" \/>\n\t<meta name=\"twitter:data1\" content=\"1 minut\" \/>\n<script type=\"application\/ld+json\" class=\"yoast-schema-graph\">{\"@context\":\"https:\\\/\\\/schema.org\",\"@graph\":[{\"@type\":\"WebPage\",\"@id\":\"https:\\\/\\\/boutique-one-piece.com\\\/figurines-one-piece\\\/figurines-trafalgar-law\\\/figurine-one-piece-law-position-interchangeable\\\/\",\"url\":\"https:\\\/\\\/boutique-one-piece.com\\\/figurines-one-piece\\\/figurines-trafalgar-law\\\/figurine-one-piece-law-position-interchangeable\\\/\",\"name\":\"Figurine One Piece Law Position Interchangeable | Figurine One Piece \u2013 Boutique One Piece\",\"isPartOf\":{\"@id\":\"https:\\\/\\\/boutique-one-piece.com\\\/#website\"},\"primaryImageOfPage\":{\"@id\":\"https:\\\/\\\/boutique-one-piece.com\\\/figurines-one-piece\\\/figurines-trafalgar-law\\\/figurine-one-piece-law-position-interchangeable\\\/#primaryimage\"},\"image\":{\"@id\":\"https:\\\/\\\/boutique-one-piece.com\\\/figurines-one-piece\\\/figurines-trafalgar-law\\\/figurine-one-piece-law-position-interchangeable\\\/#primaryimage\"},\"thumbnailUrl\":\"https:\\\/\\\/boutique-one-piece.com\\\/wp-content\\\/uploads\\\/2022\\\/09\\\/Figurine-One-Piece-Law-Position-Interchangeable-1.jpg\",\"datePublished\":\"2022-09-27T20:15:13+00:00\",\"dateModified\":\"2024-09-16T11:27:27+00:00\",\"description\":\"Jeune pirate, le moment est venu pour toi de te procurer cette Figurine One Piece Law Position Interchangeable. Tu n'es pas sans savoir que Trafalgar Law, de son vrai nom Trafalgar D. Water Law, est le Capitaine et Docteur de L'\u00c9quipage du Heart ; un \u00e9quipage pirate constitu\u00e9 surtout de docteurs. Petite pr\u00e9cision conce\",\"breadcrumb\":{\"@id\":\"https:\\\/\\\/boutique-one-piece.com\\\/figurines-one-piece\\\/figurines-trafalgar-law\\\/figurine-one-piece-law-position-interchangeable\\\/#breadcrumb\"},\"inLanguage\":\"sv-SE\",\"potentialAction\":[{\"@type\":\"ReadAction\",\"target\":[\"https:\\\/\\\/boutique-one-piece.com\\\/figurines-one-piece\\\/figurines-trafalgar-law\\\/figurine-one-piece-law-position-interchangeable\\\/\"]}]},{\"@type\":\"ImageObject\",\"inLanguage\":\"sv-SE\",\"@id\":\"https:\\\/\\\/boutique-one-piece.com\\\/figurines-one-piece\\\/figurines-trafalgar-law\\\/figurine-one-piece-law-position-interchangeable\\\/#primaryimage\",\"url\":\"https:\\\/\\\/boutique-one-piece.com\\\/wp-content\\\/uploads\\\/2022\\\/09\\\/Figurine-One-Piece-Law-Position-Interchangeable-1.jpg\",\"contentUrl\":\"https:\\\/\\\/boutique-one-piece.com\\\/wp-content\\\/uploads\\\/2022\\\/09\\\/Figurine-One-Piece-Law-Position-Interchangeable-1.jpg\",\"width\":586,\"height\":800},{\"@type\":\"BreadcrumbList\",\"@id\":\"https:\\\/\\\/boutique-one-piece.com\\\/figurines-one-piece\\\/figurines-trafalgar-law\\\/figurine-one-piece-law-position-interchangeable\\\/#breadcrumb\",\"itemListElement\":[{\"@type\":\"ListItem\",\"position\":1,\"name\":\"Home\",\"item\":\"https:\\\/\\\/boutique-one-piece.com\\\/\"},{\"@type\":\"ListItem\",\"position\":2,\"name\":\"Shop\",\"item\":\"https:\\\/\\\/boutique-one-piece.com\\\/shop\\\/\"},{\"@type\":\"ListItem\",\"position\":3,\"name\":\"Figurine One Piece Law Position Interchangeable\"}]},{\"@type\":\"WebSite\",\"@id\":\"https:\\\/\\\/boutique-one-piece.com\\\/#website\",\"url\":\"https:\\\/\\\/boutique-one-piece.com\\\/\",\"name\":\"Boutique One Piece\",\"description\":\"Magasin Sp\u00e9cialis\u00e9 du Manga et l&#039;Anime One Piece\",\"publisher\":{\"@id\":\"https:\\\/\\\/boutique-one-piece.com\\\/#organization\"},\"potentialAction\":[{\"@type\":\"SearchAction\",\"target\":{\"@type\":\"EntryPoint\",\"urlTemplate\":\"https:\\\/\\\/boutique-one-piece.com\\\/?s={search_term_string}\"},\"query-input\":{\"@type\":\"PropertyValueSpecification\",\"valueRequired\":true,\"valueName\":\"search_term_string\"}}],\"inLanguage\":\"sv-SE\"},{\"@type\":\"Organization\",\"@id\":\"https:\\\/\\\/boutique-one-piece.com\\\/#organization\",\"name\":\"Boutique One Piece\",\"url\":\"https:\\\/\\\/boutique-one-piece.com\\\/\",\"logo\":{\"@type\":\"ImageObject\",\"inLanguage\":\"sv-SE\",\"@id\":\"https:\\\/\\\/boutique-one-piece.com\\\/#\\\/schema\\\/logo\\\/image\\\/\",\"url\":\"https:\\\/\\\/boutique-one-piece.com\\\/wp-content\\\/uploads\\\/2022\\\/09\\\/Logo-01.png\",\"contentUrl\":\"https:\\\/\\\/boutique-one-piece.com\\\/wp-content\\\/uploads\\\/2022\\\/09\\\/Logo-01.png\",\"width\":2318,\"height\":957,\"caption\":\"Boutique One Piece\"},\"image\":{\"@id\":\"https:\\\/\\\/boutique-one-piece.com\\\/#\\\/schema\\\/logo\\\/image\\\/\"}}]}<\/script>\n<!-- \/ Yoast SEO plugin. -->","yoast_head_json":{"title":"One Piece Law Position Utbytbar Figur | One Piece Figur \u2013 One Piece Shop","description":"Unge pirat, det \u00e4r dags f\u00f6r dig att f\u00e5 tag p\u00e5 denna One Piece Law-figur med utbytbar position. Du \u00e4r s\u00e4kert medveten om att Trafalgar Law, vars riktiga namn \u00e4r Trafalgar D. Water Law, \u00e4r kapten och doktor f\u00f6r Hj\u00e4rtpiraterna; en piratbes\u00e4ttning som mestadels best\u00e5r av l\u00e4kare. En liten detalj ang\u00e5ende","robots":{"index":"index","follow":"follow","max-snippet":"max-snippet:-1","max-image-preview":"max-image-preview:large","max-video-preview":"max-video-preview:-1"},"canonical":"https:\/\/boutique-one-piece.com\/sv\/one-piece-figurer\/trafalgar-law-figurer\/one-piece-law-figur-med-utbytbar-position\/","og_locale":"sv_SE","og_type":"article","og_title":"Figurine One Piece Law Position Interchangeable | Figurine One Piece \u2013 Boutique One Piece","og_description":"Jeune pirate, le moment est venu pour toi de te procurer cette Figurine One Piece Law Position Interchangeable. Tu n'es pas sans savoir que Trafalgar Law, de son vrai nom Trafalgar D. Water Law, est le Capitaine et Docteur de L'\u00c9quipage du Heart ; un \u00e9quipage pirate constitu\u00e9 surtout de docteurs. Petite pr\u00e9cision conce","og_url":"https:\/\/boutique-one-piece.com\/sv\/one-piece-figurer\/trafalgar-law-figurer\/one-piece-law-figur-med-utbytbar-position\/","og_site_name":"Boutique One Piece","article_modified_time":"2024-09-16T11:27:27+00:00","og_image":[{"width":586,"height":800,"url":"https:\/\/boutique-one-piece.com\/wp-content\/uploads\/2022\/09\/Figurine-One-Piece-Law-Position-Interchangeable-1.jpg","type":"image\/jpeg"}],"twitter_card":"summary_large_image","twitter_misc":{"Ber\u00e4knad l\u00e4stid":"1 minut"},"schema":{"@context":"https:\/\/schema.org","@graph":[{"@type":"WebPage","@id":"https:\/\/boutique-one-piece.com\/figurines-one-piece\/figurines-trafalgar-law\/figurine-one-piece-law-position-interchangeable\/","url":"https:\/\/boutique-one-piece.com\/figurines-one-piece\/figurines-trafalgar-law\/figurine-one-piece-law-position-interchangeable\/","name":"One Piece Law Position Utbytbar Figur | One Piece Figur \u2013 One Piece Shop","isPartOf":{"@id":"https:\/\/boutique-one-piece.com\/#website"},"primaryImageOfPage":{"@id":"https:\/\/boutique-one-piece.com\/figurines-one-piece\/figurines-trafalgar-law\/figurine-one-piece-law-position-interchangeable\/#primaryimage"},"image":{"@id":"https:\/\/boutique-one-piece.com\/figurines-one-piece\/figurines-trafalgar-law\/figurine-one-piece-law-position-interchangeable\/#primaryimage"},"thumbnailUrl":"https:\/\/boutique-one-piece.com\/wp-content\/uploads\/2022\/09\/Figurine-One-Piece-Law-Position-Interchangeable-1.jpg","datePublished":"2022-09-27T20:15:13+00:00","dateModified":"2024-09-16T11:27:27+00:00","description":"Unge pirat, det \u00e4r dags f\u00f6r dig att f\u00e5 tag p\u00e5 denna One Piece Law-figur med utbytbar position. Du \u00e4r s\u00e4kert medveten om att Trafalgar Law, vars riktiga namn \u00e4r Trafalgar D. Water Law, \u00e4r kapten och doktor f\u00f6r Hj\u00e4rtpiraterna; en piratbes\u00e4ttning som mestadels best\u00e5r av l\u00e4kare. En liten detalj ang\u00e5ende","breadcrumb":{"@id":"https:\/\/boutique-one-piece.com\/figurines-one-piece\/figurines-trafalgar-law\/figurine-one-piece-law-position-interchangeable\/#breadcrumb"},"inLanguage":"sv-SE","potentialAction":[{"@type":"ReadAction","target":["https:\/\/boutique-one-piece.com\/figurines-one-piece\/figurines-trafalgar-law\/figurine-one-piece-law-position-interchangeable\/"]}]},{"@type":"ImageObject","inLanguage":"sv-SE","@id":"https:\/\/boutique-one-piece.com\/figurines-one-piece\/figurines-trafalgar-law\/figurine-one-piece-law-position-interchangeable\/#primaryimage","url":"https:\/\/boutique-one-piece.com\/wp-content\/uploads\/2022\/09\/Figurine-One-Piece-Law-Position-Interchangeable-1.jpg","contentUrl":"https:\/\/boutique-one-piece.com\/wp-content\/uploads\/2022\/09\/Figurine-One-Piece-Law-Position-Interchangeable-1.jpg","width":586,"height":800},{"@type":"BreadcrumbList","@id":"https:\/\/boutique-one-piece.com\/figurines-one-piece\/figurines-trafalgar-law\/figurine-one-piece-law-position-interchangeable\/#breadcrumb","itemListElement":[{"@type":"ListItem","position":1,"name":"Home","item":"https:\/\/boutique-one-piece.com\/"},{"@type":"ListItem","position":2,"name":"Shop","item":"https:\/\/boutique-one-piece.com\/shop\/"},{"@type":"ListItem","position":3,"name":"Figurine One Piece Law Position Interchangeable"}]},{"@type":"WebSite","@id":"https:\/\/boutique-one-piece.com\/#website","url":"https:\/\/boutique-one-piece.com\/","name":"One Piece-butik","description":"Specialbutik f\u00f6r One Piece Manga och Anime","publisher":{"@id":"https:\/\/boutique-one-piece.com\/#organization"},"potentialAction":[{"@type":"SearchAction","target":{"@type":"EntryPoint","urlTemplate":"https:\/\/boutique-one-piece.com\/?s={search_term_string}"},"query-input":{"@type":"PropertyValueSpecification","valueRequired":true,"valueName":"search_term_string"}}],"inLanguage":"sv-SE"},{"@type":"Organization","@id":"https:\/\/boutique-one-piece.com\/#organization","name":"One Piece-butik","url":"https:\/\/boutique-one-piece.com\/","logo":{"@type":"ImageObject","inLanguage":"sv-SE","@id":"https:\/\/boutique-one-piece.com\/#\/schema\/logo\/image\/","url":"https:\/\/boutique-one-piece.com\/wp-content\/uploads\/2022\/09\/Logo-01.png","contentUrl":"https:\/\/boutique-one-piece.com\/wp-content\/uploads\/2022\/09\/Logo-01.png","width":2318,"height":957,"caption":"Boutique One Piece"},"image":{"@id":"https:\/\/boutique-one-piece.com\/#\/schema\/logo\/image\/"}}]}},"_links":{"self":[{"href":"https:\/\/boutique-one-piece.com\/sv\/wp-json\/wp\/v2\/product\/8794","targetHints":{"allow":["GET"]}}],"collection":[{"href":"https:\/\/boutique-one-piece.com\/sv\/wp-json\/wp\/v2\/product"}],"about":[{"href":"https:\/\/boutique-one-piece.com\/sv\/wp-json\/wp\/v2\/types\/product"}],"replies":[{"embeddable":true,"href":"https:\/\/boutique-one-piece.com\/sv\/wp-json\/wp\/v2\/comments?post=8794"}],"wp:featuredmedia":[{"embeddable":true,"href":"https:\/\/boutique-one-piece.com\/sv\/wp-json\/wp\/v2\/media\/8796"}],"wp:attachment":[{"href":"https:\/\/boutique-one-piece.com\/sv\/wp-json\/wp\/v2\/media?parent=8794"}],"wp:term":[{"taxonomy":"product_brand","embeddable":true,"href":"https:\/\/boutique-one-piece.com\/sv\/wp-json\/wp\/v2\/product_brand?post=8794"},{"taxonomy":"product_cat","embeddable":true,"href":"https:\/\/boutique-one-piece.com\/sv\/wp-json\/wp\/v2\/product_cat?post=8794"},{"taxonomy":"product_tag","embeddable":true,"href":"https:\/\/boutique-one-piece.com\/sv\/wp-json\/wp\/v2\/product_tag?post=8794"}],"curies":[{"name":"wp","href":"https:\/\/api.w.org\/{rel}","templated":true}]}}