{"id":8842,"date":"2022-09-27T20:15:48","date_gmt":"2022-09-27T20:15:48","guid":{"rendered":"https:\/\/boutique-one-piece.com\/uncategorized\/sweatshirt-one-piece-zoro-en-minks\/"},"modified":"2024-09-16T11:28:42","modified_gmt":"2024-09-16T11:28:42","slug":"one-piece-zoro-troja-i-minkfargat","status":"publish","type":"product","link":"https:\/\/boutique-one-piece.com\/sv\/one-piece-klader\/ett-stycke-trojor\/one-piece-zoro-troja-i-minkfargat\/","title":{"rendered":"One Piece Zoro-tr\u00f6ja i minkf\u00e4rgad"},"content":{"rendered":"<h2>Information om tr\u00f6jan:\u00a0<\/h2>\n<ul>\n<li>\n<strong>Premiumkvalitets tr\u00f6ja i ett stycke\u00a0<\/strong>Den har en h\u00f6g pappersvikt och \u00e4r tillverkad av kvalitetsmaterial.<\/li>\n<\/ul>\n<ul>\n<li>\n<strong>Stor flexibilitet\u00a0<\/strong>Tack vare sin sammans\u00e4ttning skrynklar den sig inte.<\/li>\n<\/ul>\n<ul>\n<li>\n<strong>Mycket bekv\u00e4m\u00a0<\/strong>: med sina supermjuka polyesterfibrer finns det inget skav<\/li>\n<\/ul>\n<ul>\n<li>\n<strong>3D digitalutskrift<\/strong> originaldesign<\/li>\n<\/ul>\n<ul>\n<li>\n<strong>Sammans\u00e4ttning\u00a0<\/strong>H\u00f6gkvalitativ polyester<\/li>\n<\/ul>\n<ul>\n<li>\n<strong>Fri leverans\u00a0<\/strong>f\u00f6r alla k\u00f6p<strong>\u00a0<\/strong>\n<\/li>\n<\/ul>\n<h2><strong>Gl\u00f6m inte att kolla in storleksguiden nedan.<\/strong><\/h2>\n<ul>\n<li>\u00a0<strong>Jacka av premiumkvalitet\u00a0<\/strong>Tillverkad med kvalitetsmaterial<\/li>\n<\/ul>\n<ul>\n<li>\n<strong>Mycket bekv\u00e4m\u00a0<\/strong>med<span>\u00a0<\/span>hans\u00a0<strong>fibrer<\/strong>\u00a0av\u00a0<strong>polyester<\/strong>\u00a0stor\u00a0<strong>mjuk<\/strong>, det finns ingen\u00a0<strong>friktion<\/strong>\n<\/li>\n<\/ul>\n<ul>\n<li>\n<strong>3D digitalutskrift<\/strong>\u00a0:\u00a0<strong>tryckt jacka<\/strong>\u00a0med en originell design,\u00a0<strong>Canvastavla<\/strong>\n<\/li>\n<\/ul>\n<ul>\n<li>\n<strong>Fri leverans\u00a0<\/strong>f\u00f6r alla k\u00f6p<\/li>\n<\/ul>\n<h2><strong>Gl\u00f6m inte att kolla in storleksguiden nedan.<\/strong><\/h2>\n<style><!--\n.content-table {\n  border-collapse: collapse;\n  margin: 25px 0;\n  font-size: 0.9em;\n  min-width: 400px;\n  border-radius: 5px 5px 0 0;\n  overflow: hidden;\n  box-shadow: 0 0 20px rgba(0, 0, 0, 0.15);\n  text-align: center;\n}\n.content-table thead tr {\n  background-color: #E6B96E;\n  color: #ffffff;\n  text-align: left;\n  font-weight: bold;\n}\n.content-table th,\n.content-table td {\n  padding: 12px 15px;\n}\n.content-table tbody tr {\n  border-bottom: 1px solid #dddddd;\n}\n.content-table tbody tr:nth-of-type(even) {\n  background-color: #f3f3f3;\n}\n.content-table tbody tr:last-of-type {\n  border-bottom: 2px solid #E6B96E;\n}\n--><\/style>\n<table class=\"content-table\">\n<thead>\n<tr>\n<th colspan=\"3\">STORLEKSGUIDE \u2013 V\u00c4LJ DIN STORLEK<\/th>\n<\/tr>\n<tr>\n<th style=\"text-align: center;\">Storlek<\/th>\n<th style=\"text-align: center;\">L\u00e4ngd<\/th>\n<th style=\"text-align: center;\">Byst<\/th>\n<\/tr>\n<\/thead>\n<tbody>\n<tr>\n<td style=\"text-align: center;\"><strong>XXS<\/strong><\/td>\n<td style=\"text-align: center;\">63<\/td>\n<td style=\"text-align: center;\">43\n<\/td>\n<\/tr>\n<tr class=\"active-row\">\n<td style=\"text-align: center;\"><strong>XS<\/strong><\/td>\n<td style=\"text-align: center;\">65\n<\/td>\n<td style=\"text-align: center;\">46\n<\/td>\n<\/tr>\n<tr>\n<td style=\"text-align: center;\"><strong>S<\/strong><\/td>\n<td style=\"text-align: center;\">67<\/td>\n<td style=\"text-align: center;\">49\n<\/td>\n<\/tr>\n<tr class=\"active-row\">\n<td style=\"text-align: center;\"><strong>M<\/strong><\/td>\n<td style=\"text-align: center;\">70\n<\/td>\n<td style=\"text-align: center;\">52\n<\/td>\n<\/tr>\n<tr>\n<td style=\"text-align: center;\"><strong>L<\/strong><\/td>\n<td style=\"text-align: center;\">73\n<\/td>\n<td style=\"text-align: center;\">55\n<\/td>\n<\/tr>\n<tr class=\"active-row\">\n<td style=\"text-align: center;\"><strong>XL<\/strong><\/td>\n<td style=\"text-align: center;\">76<\/td>\n<td style=\"text-align: center;\">58\n<\/td>\n<\/tr>\n<tr>\n<td style=\"text-align: center;\"><strong>XXL<\/strong><\/td>\n<td style=\"text-align: center;\">79<\/td>\n<td style=\"text-align: center;\">61\n<\/td>\n<\/tr>\n<tr class=\"active-row\">\n<td style=\"text-align: center;\"><strong>3XL<\/strong><\/td>\n<td style=\"text-align: center;\">81\n<\/td>\n<td style=\"text-align: center;\">64<\/td>\n<\/tr>\n<tr>\n<td style=\"text-align: center;\"><strong>4XL<\/strong><\/td>\n<td style=\"text-align: center;\">83<\/td>\n<td style=\"text-align: center;\">67<\/td>\n<\/tr>\n<\/tbody>\n<\/table>\n<p><\/p>\n<h3>Tv\u00e4ttinstruktioner:<\/h3>\n<ul>\n<li>Maskintv\u00e4tt 30\u00b0C, skonsam tv\u00e4tt<\/li>\n<\/ul>\n<ul>\n<li>Stryk p\u00e5 baksidan<\/li>\n<\/ul>\n<p>F\u00f6r att bevara kvaliteten p\u00e5 detta\u00a0<strong>One Piece-tr\u00f6ja<\/strong>, Vi rekommenderar att du f\u00f6ljer tv\u00e4ttr\u00e5den.<\/p>","protected":false},"excerpt":{"rendered":"<p>Information om tr\u00f6jan: Premiumtr\u00f6ja i ett stycke: H\u00f6gkvalitativt tyg med h\u00f6g ytvikt och premiummaterial. Mycket flexibel: Tack vare sin sammans\u00e4ttning skrynklar den inte. Mycket bekv\u00e4m: Med sina supermjuka polyesterfibrer skaver den inte. Digitalt 3D-tryck: Original design. Sammans\u00e4ttning: H\u00f6gkvalitativ polyester. Fri frakt p\u00e5 alla best\u00e4llningar.<\/p>","protected":false},"featured_media":8844,"comment_status":"open","ping_status":"open","template":"","meta":[],"product_brand":[],"product_cat":[149],"product_tag":[],"class_list":{"0":"post-8842","1":"product","2":"type-product","3":"status-publish","4":"has-post-thumbnail","6":"product_cat-sweats-one-piece","8":"first","9":"instock","10":"purchasable","11":"product-type-variable","12":"has-default-attributes"},"yoast_head":"<!-- This site is optimized with the Yoast SEO plugin v27.5 - https:\/\/yoast.com\/product\/yoast-seo-wordpress\/ -->\n<title>Sweatshirt One Piece Zoro En Minks \u2013 Boutique One Piece<\/title>\n<meta name=\"description\" content=\"Informations sur le Sweat :\u00a0 Sweat\u00a0One Piece\u00a0de qualit\u00e9 sup\u00e9rieur\u00a0:\u00a0poss\u00e8de un grammage \u00e9lev\u00e9 avec des mat\u00e9riaux de qualit\u00e9s Grande souplesse\u00a0: gr\u00e2ce \u00e0 sa composition, il ne se froisse pas Tr\u00e8s confortable\u00a0: avec ses fibres de polyester super doux, il n&#039;y a pas de frottements Impression digitale 3D : design original Co\" \/>\n<meta name=\"robots\" content=\"index, follow, max-snippet:-1, max-image-preview:large, max-video-preview:-1\" \/>\n<link rel=\"canonical\" href=\"https:\/\/boutique-one-piece.com\/sv\/one-piece-klader\/ett-stycke-trojor\/one-piece-zoro-troja-i-minkfargat\/\" \/>\n<meta property=\"og:locale\" content=\"sv_SE\" \/>\n<meta property=\"og:type\" content=\"article\" \/>\n<meta property=\"og:title\" content=\"Sweatshirt One Piece Zoro En Minks \u2013 Boutique One Piece\" \/>\n<meta property=\"og:description\" content=\"Informations sur le Sweat :\u00a0 Sweat\u00a0One Piece\u00a0de qualit\u00e9 sup\u00e9rieur\u00a0:\u00a0poss\u00e8de un grammage \u00e9lev\u00e9 avec des mat\u00e9riaux de qualit\u00e9s Grande souplesse\u00a0: gr\u00e2ce \u00e0 sa composition, il ne se froisse pas Tr\u00e8s confortable\u00a0: avec ses fibres de polyester super doux, il n&#039;y a pas de frottements Impression digitale 3D : design original Co\" \/>\n<meta property=\"og:url\" content=\"https:\/\/boutique-one-piece.com\/sv\/one-piece-klader\/ett-stycke-trojor\/one-piece-zoro-troja-i-minkfargat\/\" \/>\n<meta property=\"og:site_name\" content=\"Boutique One Piece\" \/>\n<meta property=\"article:modified_time\" content=\"2024-09-16T11:28:42+00:00\" \/>\n<meta property=\"og:image\" content=\"https:\/\/boutique-one-piece.com\/wp-content\/uploads\/2022\/09\/Sweatshirt-One-Piece-Zoro-En-Minks.jpg\" \/>\n\t<meta property=\"og:image:width\" content=\"640\" \/>\n\t<meta property=\"og:image:height\" content=\"640\" \/>\n\t<meta property=\"og:image:type\" content=\"image\/jpeg\" \/>\n<meta name=\"twitter:card\" content=\"summary_large_image\" \/>\n<meta name=\"twitter:label1\" content=\"Ber\u00e4knad l\u00e4stid\" \/>\n\t<meta name=\"twitter:data1\" content=\"1 minut\" \/>\n<script type=\"application\/ld+json\" class=\"yoast-schema-graph\">{\"@context\":\"https:\\\/\\\/schema.org\",\"@graph\":[{\"@type\":\"WebPage\",\"@id\":\"https:\\\/\\\/boutique-one-piece.com\\\/vetements-one-piece\\\/sweats-one-piece\\\/sweatshirt-one-piece-zoro-en-minks\\\/\",\"url\":\"https:\\\/\\\/boutique-one-piece.com\\\/vetements-one-piece\\\/sweats-one-piece\\\/sweatshirt-one-piece-zoro-en-minks\\\/\",\"name\":\"Sweatshirt One Piece Zoro En Minks \u2013 Boutique One Piece\",\"isPartOf\":{\"@id\":\"https:\\\/\\\/boutique-one-piece.com\\\/#website\"},\"primaryImageOfPage\":{\"@id\":\"https:\\\/\\\/boutique-one-piece.com\\\/vetements-one-piece\\\/sweats-one-piece\\\/sweatshirt-one-piece-zoro-en-minks\\\/#primaryimage\"},\"image\":{\"@id\":\"https:\\\/\\\/boutique-one-piece.com\\\/vetements-one-piece\\\/sweats-one-piece\\\/sweatshirt-one-piece-zoro-en-minks\\\/#primaryimage\"},\"thumbnailUrl\":\"https:\\\/\\\/boutique-one-piece.com\\\/wp-content\\\/uploads\\\/2022\\\/09\\\/Sweatshirt-One-Piece-Zoro-En-Minks.jpg\",\"datePublished\":\"2022-09-27T20:15:48+00:00\",\"dateModified\":\"2024-09-16T11:28:42+00:00\",\"description\":\"Informations sur le Sweat :\u00a0 Sweat\u00a0One Piece\u00a0de qualit\u00e9 sup\u00e9rieur\u00a0:\u00a0poss\u00e8de un grammage \u00e9lev\u00e9 avec des mat\u00e9riaux de qualit\u00e9s Grande souplesse\u00a0: gr\u00e2ce \u00e0 sa composition, il ne se froisse pas Tr\u00e8s confortable\u00a0: avec ses fibres de polyester super doux, il n'y a pas de frottements Impression digitale 3D : design original Co\",\"breadcrumb\":{\"@id\":\"https:\\\/\\\/boutique-one-piece.com\\\/vetements-one-piece\\\/sweats-one-piece\\\/sweatshirt-one-piece-zoro-en-minks\\\/#breadcrumb\"},\"inLanguage\":\"sv-SE\",\"potentialAction\":[{\"@type\":\"ReadAction\",\"target\":[\"https:\\\/\\\/boutique-one-piece.com\\\/vetements-one-piece\\\/sweats-one-piece\\\/sweatshirt-one-piece-zoro-en-minks\\\/\"]}]},{\"@type\":\"ImageObject\",\"inLanguage\":\"sv-SE\",\"@id\":\"https:\\\/\\\/boutique-one-piece.com\\\/vetements-one-piece\\\/sweats-one-piece\\\/sweatshirt-one-piece-zoro-en-minks\\\/#primaryimage\",\"url\":\"https:\\\/\\\/boutique-one-piece.com\\\/wp-content\\\/uploads\\\/2022\\\/09\\\/Sweatshirt-One-Piece-Zoro-En-Minks.jpg\",\"contentUrl\":\"https:\\\/\\\/boutique-one-piece.com\\\/wp-content\\\/uploads\\\/2022\\\/09\\\/Sweatshirt-One-Piece-Zoro-En-Minks.jpg\",\"width\":640,\"height\":640,\"caption\":\"Sweatshirt One Piece Zoro En Minks 4XL\"},{\"@type\":\"BreadcrumbList\",\"@id\":\"https:\\\/\\\/boutique-one-piece.com\\\/vetements-one-piece\\\/sweats-one-piece\\\/sweatshirt-one-piece-zoro-en-minks\\\/#breadcrumb\",\"itemListElement\":[{\"@type\":\"ListItem\",\"position\":1,\"name\":\"Home\",\"item\":\"https:\\\/\\\/boutique-one-piece.com\\\/\"},{\"@type\":\"ListItem\",\"position\":2,\"name\":\"Shop\",\"item\":\"https:\\\/\\\/boutique-one-piece.com\\\/shop\\\/\"},{\"@type\":\"ListItem\",\"position\":3,\"name\":\"Sweatshirt One Piece Zoro En Minks\"}]},{\"@type\":\"WebSite\",\"@id\":\"https:\\\/\\\/boutique-one-piece.com\\\/#website\",\"url\":\"https:\\\/\\\/boutique-one-piece.com\\\/\",\"name\":\"Boutique One Piece\",\"description\":\"Magasin Sp\u00e9cialis\u00e9 du Manga et l&#039;Anime One Piece\",\"publisher\":{\"@id\":\"https:\\\/\\\/boutique-one-piece.com\\\/#organization\"},\"potentialAction\":[{\"@type\":\"SearchAction\",\"target\":{\"@type\":\"EntryPoint\",\"urlTemplate\":\"https:\\\/\\\/boutique-one-piece.com\\\/?s={search_term_string}\"},\"query-input\":{\"@type\":\"PropertyValueSpecification\",\"valueRequired\":true,\"valueName\":\"search_term_string\"}}],\"inLanguage\":\"sv-SE\"},{\"@type\":\"Organization\",\"@id\":\"https:\\\/\\\/boutique-one-piece.com\\\/#organization\",\"name\":\"Boutique One Piece\",\"url\":\"https:\\\/\\\/boutique-one-piece.com\\\/\",\"logo\":{\"@type\":\"ImageObject\",\"inLanguage\":\"sv-SE\",\"@id\":\"https:\\\/\\\/boutique-one-piece.com\\\/#\\\/schema\\\/logo\\\/image\\\/\",\"url\":\"https:\\\/\\\/boutique-one-piece.com\\\/wp-content\\\/uploads\\\/2022\\\/09\\\/Logo-01.png\",\"contentUrl\":\"https:\\\/\\\/boutique-one-piece.com\\\/wp-content\\\/uploads\\\/2022\\\/09\\\/Logo-01.png\",\"width\":2318,\"height\":957,\"caption\":\"Boutique One Piece\"},\"image\":{\"@id\":\"https:\\\/\\\/boutique-one-piece.com\\\/#\\\/schema\\\/logo\\\/image\\\/\"}}]}<\/script>\n<!-- \/ Yoast SEO plugin. -->","yoast_head_json":{"title":"One Piece Zoro-tr\u00f6ja i minkf\u00e4rgad \u2013 One Piece Shop","description":"Information om tr\u00f6jan: Premiumtr\u00f6ja i ett stycke: H\u00f6gkvalitativt tyg med h\u00f6g ytvikt och kvalitetsmaterial. Mycket flexibel: Tack vare sin sammans\u00e4ttning skrynklar den inte. Mycket bekv\u00e4m: Med sina supermjuka polyesterfibrer skaver den inte. Digitalt 3D-tryck: Original design.","robots":{"index":"index","follow":"follow","max-snippet":"max-snippet:-1","max-image-preview":"max-image-preview:large","max-video-preview":"max-video-preview:-1"},"canonical":"https:\/\/boutique-one-piece.com\/sv\/one-piece-klader\/ett-stycke-trojor\/one-piece-zoro-troja-i-minkfargat\/","og_locale":"sv_SE","og_type":"article","og_title":"Sweatshirt One Piece Zoro En Minks \u2013 Boutique One Piece","og_description":"Informations sur le Sweat :\u00a0 Sweat\u00a0One Piece\u00a0de qualit\u00e9 sup\u00e9rieur\u00a0:\u00a0poss\u00e8de un grammage \u00e9lev\u00e9 avec des mat\u00e9riaux de qualit\u00e9s Grande souplesse\u00a0: gr\u00e2ce \u00e0 sa composition, il ne se froisse pas Tr\u00e8s confortable\u00a0: avec ses fibres de polyester super doux, il n'y a pas de frottements Impression digitale 3D : design original Co","og_url":"https:\/\/boutique-one-piece.com\/sv\/one-piece-klader\/ett-stycke-trojor\/one-piece-zoro-troja-i-minkfargat\/","og_site_name":"Boutique One Piece","article_modified_time":"2024-09-16T11:28:42+00:00","og_image":[{"width":640,"height":640,"url":"https:\/\/boutique-one-piece.com\/wp-content\/uploads\/2022\/09\/Sweatshirt-One-Piece-Zoro-En-Minks.jpg","type":"image\/jpeg"}],"twitter_card":"summary_large_image","twitter_misc":{"Ber\u00e4knad l\u00e4stid":"1 minut"},"schema":{"@context":"https:\/\/schema.org","@graph":[{"@type":"WebPage","@id":"https:\/\/boutique-one-piece.com\/vetements-one-piece\/sweats-one-piece\/sweatshirt-one-piece-zoro-en-minks\/","url":"https:\/\/boutique-one-piece.com\/vetements-one-piece\/sweats-one-piece\/sweatshirt-one-piece-zoro-en-minks\/","name":"One Piece Zoro-tr\u00f6ja i minkf\u00e4rgad \u2013 One Piece Shop","isPartOf":{"@id":"https:\/\/boutique-one-piece.com\/#website"},"primaryImageOfPage":{"@id":"https:\/\/boutique-one-piece.com\/vetements-one-piece\/sweats-one-piece\/sweatshirt-one-piece-zoro-en-minks\/#primaryimage"},"image":{"@id":"https:\/\/boutique-one-piece.com\/vetements-one-piece\/sweats-one-piece\/sweatshirt-one-piece-zoro-en-minks\/#primaryimage"},"thumbnailUrl":"https:\/\/boutique-one-piece.com\/wp-content\/uploads\/2022\/09\/Sweatshirt-One-Piece-Zoro-En-Minks.jpg","datePublished":"2022-09-27T20:15:48+00:00","dateModified":"2024-09-16T11:28:42+00:00","description":"Information om tr\u00f6jan: Premiumtr\u00f6ja i ett stycke: H\u00f6gkvalitativt tyg med h\u00f6g ytvikt och kvalitetsmaterial. Mycket flexibel: Tack vare sin sammans\u00e4ttning skrynklar den inte. Mycket bekv\u00e4m: Med sina supermjuka polyesterfibrer skaver den inte. Digitalt 3D-tryck: Original design.","breadcrumb":{"@id":"https:\/\/boutique-one-piece.com\/vetements-one-piece\/sweats-one-piece\/sweatshirt-one-piece-zoro-en-minks\/#breadcrumb"},"inLanguage":"sv-SE","potentialAction":[{"@type":"ReadAction","target":["https:\/\/boutique-one-piece.com\/vetements-one-piece\/sweats-one-piece\/sweatshirt-one-piece-zoro-en-minks\/"]}]},{"@type":"ImageObject","inLanguage":"sv-SE","@id":"https:\/\/boutique-one-piece.com\/vetements-one-piece\/sweats-one-piece\/sweatshirt-one-piece-zoro-en-minks\/#primaryimage","url":"https:\/\/boutique-one-piece.com\/wp-content\/uploads\/2022\/09\/Sweatshirt-One-Piece-Zoro-En-Minks.jpg","contentUrl":"https:\/\/boutique-one-piece.com\/wp-content\/uploads\/2022\/09\/Sweatshirt-One-Piece-Zoro-En-Minks.jpg","width":640,"height":640,"caption":"Sweatshirt One Piece Zoro En Minks 4XL"},{"@type":"BreadcrumbList","@id":"https:\/\/boutique-one-piece.com\/vetements-one-piece\/sweats-one-piece\/sweatshirt-one-piece-zoro-en-minks\/#breadcrumb","itemListElement":[{"@type":"ListItem","position":1,"name":"Home","item":"https:\/\/boutique-one-piece.com\/"},{"@type":"ListItem","position":2,"name":"Shop","item":"https:\/\/boutique-one-piece.com\/shop\/"},{"@type":"ListItem","position":3,"name":"Sweatshirt One Piece Zoro En Minks"}]},{"@type":"WebSite","@id":"https:\/\/boutique-one-piece.com\/#website","url":"https:\/\/boutique-one-piece.com\/","name":"One Piece-butik","description":"Specialbutik f\u00f6r One Piece Manga och Anime","publisher":{"@id":"https:\/\/boutique-one-piece.com\/#organization"},"potentialAction":[{"@type":"SearchAction","target":{"@type":"EntryPoint","urlTemplate":"https:\/\/boutique-one-piece.com\/?s={search_term_string}"},"query-input":{"@type":"PropertyValueSpecification","valueRequired":true,"valueName":"search_term_string"}}],"inLanguage":"sv-SE"},{"@type":"Organization","@id":"https:\/\/boutique-one-piece.com\/#organization","name":"One Piece-butik","url":"https:\/\/boutique-one-piece.com\/","logo":{"@type":"ImageObject","inLanguage":"sv-SE","@id":"https:\/\/boutique-one-piece.com\/#\/schema\/logo\/image\/","url":"https:\/\/boutique-one-piece.com\/wp-content\/uploads\/2022\/09\/Logo-01.png","contentUrl":"https:\/\/boutique-one-piece.com\/wp-content\/uploads\/2022\/09\/Logo-01.png","width":2318,"height":957,"caption":"Boutique One Piece"},"image":{"@id":"https:\/\/boutique-one-piece.com\/#\/schema\/logo\/image\/"}}]}},"_links":{"self":[{"href":"https:\/\/boutique-one-piece.com\/sv\/wp-json\/wp\/v2\/product\/8842","targetHints":{"allow":["GET"]}}],"collection":[{"href":"https:\/\/boutique-one-piece.com\/sv\/wp-json\/wp\/v2\/product"}],"about":[{"href":"https:\/\/boutique-one-piece.com\/sv\/wp-json\/wp\/v2\/types\/product"}],"replies":[{"embeddable":true,"href":"https:\/\/boutique-one-piece.com\/sv\/wp-json\/wp\/v2\/comments?post=8842"}],"wp:featuredmedia":[{"embeddable":true,"href":"https:\/\/boutique-one-piece.com\/sv\/wp-json\/wp\/v2\/media\/8844"}],"wp:attachment":[{"href":"https:\/\/boutique-one-piece.com\/sv\/wp-json\/wp\/v2\/media?parent=8842"}],"wp:term":[{"taxonomy":"product_brand","embeddable":true,"href":"https:\/\/boutique-one-piece.com\/sv\/wp-json\/wp\/v2\/product_brand?post=8842"},{"taxonomy":"product_cat","embeddable":true,"href":"https:\/\/boutique-one-piece.com\/sv\/wp-json\/wp\/v2\/product_cat?post=8842"},{"taxonomy":"product_tag","embeddable":true,"href":"https:\/\/boutique-one-piece.com\/sv\/wp-json\/wp\/v2\/product_tag?post=8842"}],"curies":[{"name":"wp","href":"https:\/\/api.w.org\/{rel}","templated":true}]}}