{"id":8879,"date":"2022-09-27T20:16:06","date_gmt":"2022-09-27T20:16:06","guid":{"rendered":"https:\/\/boutique-one-piece.com\/uncategorized\/figurine-one-piece-dead-or-alive-nami-sur-son-socle\/"},"modified":"2024-09-16T11:29:18","modified_gmt":"2024-09-16T11:29:18","slug":"one-piece-dead-or-alive-nami-figur-pa-basen","status":"publish","type":"product","link":"https:\/\/boutique-one-piece.com\/sv\/one-piece-godsaker\/nami-one-piece-godsaker\/one-piece-dead-or-alive-nami-figur-pa-basen\/","title":{"rendered":"One Piece Dead or Alive Nami-figur p\u00e5 basen"},"content":{"rendered":"<h2>Unge pirat, det \u00e4r dags f\u00f6r dig att skaffa den h\u00e4r One Piece Dead or Alive Nami-figuren p\u00e5 basen.<\/h2>\n<p>H\u00e4r \u00e4r vad du beh\u00f6ver veta om honom; ; <strong>Nami<\/strong>, \u00e4ven k\u00e4nd som &quot;Den tjuvn\u00f6rdiga katten&quot;, \u00e4r navigat\u00f6ren av <strong>L\u2019\u00c9quipage du Chapeau de Paille<\/strong>. Elle est la deuxi\u00e8me personne \u00e0 se joindre \u00e0 l\u2019\u00e9quipage apr\u00e8s Zoro. Elle a bri\u00e8vement \u00ab\u00a0trahi\u00a0\u00bb l\u2019\u00c9quipage du Chapeau de Paille pendant l\u2019Arc Baratie et les rejoignit officiellement \u00e0 la fin de l\u2019Arc d\u2019Arlong apr\u00e8s que son pass\u00e9 et ses intentions furent r\u00e9v\u00e9l\u00e9s.<\/p>\n<p>Hans dr\u00f6m \u00e4r att <strong>rita en karta<\/strong> compl\u00e8te du monde. Enfin, sa prime actuelle s\u2019\u00e9l\u00e8ve \u00e0 66 000 000 Berry. D\u2019ailleurs, si tu souhaites agrandir ta collection de figurines, la <a title=\"ONE PIECE DEAD OR ALIVE MUGIWARA ING\u00c5R LUFFY OCH HANS SCAR-FIGUR\" href=\"https:\/\/boutique-one-piece.com\/sv\/one-piece-dead-or-alive-figuren-mugiwara-utan-luffy-och-hans-arr\/\" target=\"_blank\" rel=\"noopener\">Luffy-figur &quot;d\u00f6d eller levande&quot;\u00ab<\/a> \u00e4r inom r\u00e4ckh\u00e5ll.<\/p>\n<h3>Alors, conquis par la figurine de mise \u00e0 prix de Nami ? Si tel est le cas, embarque \u00e0 ses c\u00f4t\u00e9s \u00e0 bord du Thousand Sunny, bien des aventures t\u2019y attendent.<\/h3>\n<p>Oavsett om du \u00e4r ett inbitet fan eller en erfaren samlare, \u00e4r dessa ikoniska f\u00f6rem\u00e5l definitivt n\u00e5got f\u00f6r dig. Perfekta att ge bort, dekorera eller helt enkelt l\u00e4gga till i din samling, dessa f\u00f6rem\u00e5l kommer att f\u00f6rb\u00e4ttra din samling. <strong>ditt One Piece-universum<\/strong>. Ta chansen att uppleva m\u00e5nga \u00e4ventyr inom din <strong>favoritanime<\/strong>.<\/p>\n<h2>Information om Dead or Alive Nami-figuren p\u00e5 dess bas\u00a0<\/h2>\n<ul>\n<li><span><b><u>One Piece-figur<\/u><\/b>\u00a0: Figurine\u00a0 premium de l\u2019univers One Piece pour les vrais pirates<\/span><\/li>\n<\/ul>\n<ul>\n<li>\n<b>Materia<\/b><span>\u00a0<\/span>PVC<\/li>\n<\/ul>\n<ul>\n<li><span><strong>Dimensionera<\/strong>\u00a0: 11 cm<\/span><\/li>\n<\/ul>\n<ul>\n<li><span><strong>FRI LEVERANS<\/strong><\/span><\/li>\n<\/ul>","protected":false},"excerpt":{"rendered":"<p>Jeune pirate, le moment est venu pour toi de te procurer cette Figurine One Piece Dead or Alive Nami Sur Son Socle. Voici ce que tu dois savoir \u00e0 son sujet ; Nami, alias \u00ab\u00a0La Chatte Voleuse\u00a0\u00bb, est la navigatrice de L\u2019\u00c9quipage du Chapeau de Paille. Elle est la deuxi\u00e8me personne \u00e0 se joindre \u00e0 [&hellip;]<\/p>","protected":false},"featured_media":8881,"comment_status":"open","ping_status":"open","template":"","meta":[],"product_brand":[],"product_cat":[152,76,153],"product_tag":[154],"class_list":{"0":"post-8879","1":"product","2":"type-product","3":"status-publish","4":"has-post-thumbnail","6":"product_cat-figurines-nami","7":"product_cat-figurines-one-piece","8":"product_cat-goodies-nami-one-piece","9":"product_tag-nami","11":"first","12":"outofstock","13":"purchasable","14":"product-type-simple"},"yoast_head":"<!-- This site is optimized with the Yoast SEO plugin v27.5 - https:\/\/yoast.com\/product\/yoast-seo-wordpress\/ -->\n<title>Figurine One Piece Dead or Alive Nami Sur Son Socle | Figurine One Piece \u2013 Boutique One Piece<\/title>\n<meta name=\"description\" content=\"Jeune pirate, le moment est venu pour toi de te procurer cette Figurine One Piece Dead or Alive Nami Sur Son Socle. Voici ce que tu dois savoir \u00e0 son sujet ; Nami, alias &quot;La Chatte Voleuse&quot;, est la navigatrice de L&#039;\u00c9quipage du Chapeau de Paille. Elle est la deuxi\u00e8me personne \u00e0 se joindre \u00e0 l&#039;\u00e9quipage apr\u00e8s Zoro. Elle a\" \/>\n<meta name=\"robots\" content=\"index, follow, max-snippet:-1, max-image-preview:large, max-video-preview:-1\" \/>\n<link rel=\"canonical\" href=\"https:\/\/boutique-one-piece.com\/sv\/one-piece-godsaker\/nami-one-piece-godsaker\/one-piece-dead-or-alive-nami-figur-pa-basen\/\" \/>\n<meta property=\"og:locale\" content=\"sv_SE\" \/>\n<meta property=\"og:type\" content=\"article\" \/>\n<meta property=\"og:title\" content=\"Figurine One Piece Dead or Alive Nami Sur Son Socle | Figurine One Piece \u2013 Boutique One Piece\" \/>\n<meta property=\"og:description\" content=\"Jeune pirate, le moment est venu pour toi de te procurer cette Figurine One Piece Dead or Alive Nami Sur Son Socle. Voici ce que tu dois savoir \u00e0 son sujet ; Nami, alias &quot;La Chatte Voleuse&quot;, est la navigatrice de L&#039;\u00c9quipage du Chapeau de Paille. Elle est la deuxi\u00e8me personne \u00e0 se joindre \u00e0 l&#039;\u00e9quipage apr\u00e8s Zoro. Elle a\" \/>\n<meta property=\"og:url\" content=\"https:\/\/boutique-one-piece.com\/sv\/one-piece-godsaker\/nami-one-piece-godsaker\/one-piece-dead-or-alive-nami-figur-pa-basen\/\" \/>\n<meta property=\"og:site_name\" content=\"Boutique One Piece\" \/>\n<meta property=\"article:modified_time\" content=\"2024-09-16T11:29:18+00:00\" \/>\n<meta property=\"og:image\" content=\"https:\/\/boutique-one-piece.com\/wp-content\/uploads\/2022\/09\/Figurine-One-Piece-Dead-or-Alive-Nami-Sur-Son-Socle.jpg\" \/>\n\t<meta property=\"og:image:width\" content=\"640\" \/>\n\t<meta property=\"og:image:height\" content=\"640\" \/>\n\t<meta property=\"og:image:type\" content=\"image\/jpeg\" \/>\n<meta name=\"twitter:card\" content=\"summary_large_image\" \/>\n<meta name=\"twitter:label1\" content=\"Ber\u00e4knad l\u00e4stid\" \/>\n\t<meta name=\"twitter:data1\" content=\"2 minuter\" \/>\n<script type=\"application\/ld+json\" class=\"yoast-schema-graph\">{\"@context\":\"https:\\\/\\\/schema.org\",\"@graph\":[{\"@type\":\"WebPage\",\"@id\":\"https:\\\/\\\/boutique-one-piece.com\\\/goodies-one-piece\\\/goodies-nami-one-piece\\\/figurine-one-piece-dead-or-alive-nami-sur-son-socle\\\/\",\"url\":\"https:\\\/\\\/boutique-one-piece.com\\\/goodies-one-piece\\\/goodies-nami-one-piece\\\/figurine-one-piece-dead-or-alive-nami-sur-son-socle\\\/\",\"name\":\"Figurine One Piece Dead or Alive Nami Sur Son Socle | Figurine One Piece \u2013 Boutique One Piece\",\"isPartOf\":{\"@id\":\"https:\\\/\\\/boutique-one-piece.com\\\/#website\"},\"primaryImageOfPage\":{\"@id\":\"https:\\\/\\\/boutique-one-piece.com\\\/goodies-one-piece\\\/goodies-nami-one-piece\\\/figurine-one-piece-dead-or-alive-nami-sur-son-socle\\\/#primaryimage\"},\"image\":{\"@id\":\"https:\\\/\\\/boutique-one-piece.com\\\/goodies-one-piece\\\/goodies-nami-one-piece\\\/figurine-one-piece-dead-or-alive-nami-sur-son-socle\\\/#primaryimage\"},\"thumbnailUrl\":\"https:\\\/\\\/boutique-one-piece.com\\\/wp-content\\\/uploads\\\/2022\\\/09\\\/Figurine-One-Piece-Dead-or-Alive-Nami-Sur-Son-Socle.jpg\",\"datePublished\":\"2022-09-27T20:16:06+00:00\",\"dateModified\":\"2024-09-16T11:29:18+00:00\",\"description\":\"Jeune pirate, le moment est venu pour toi de te procurer cette Figurine One Piece Dead or Alive Nami Sur Son Socle. Voici ce que tu dois savoir \u00e0 son sujet ; Nami, alias \\\"La Chatte Voleuse\\\", est la navigatrice de L'\u00c9quipage du Chapeau de Paille. Elle est la deuxi\u00e8me personne \u00e0 se joindre \u00e0 l'\u00e9quipage apr\u00e8s Zoro. Elle a\",\"breadcrumb\":{\"@id\":\"https:\\\/\\\/boutique-one-piece.com\\\/goodies-one-piece\\\/goodies-nami-one-piece\\\/figurine-one-piece-dead-or-alive-nami-sur-son-socle\\\/#breadcrumb\"},\"inLanguage\":\"sv-SE\",\"potentialAction\":[{\"@type\":\"ReadAction\",\"target\":[\"https:\\\/\\\/boutique-one-piece.com\\\/goodies-one-piece\\\/goodies-nami-one-piece\\\/figurine-one-piece-dead-or-alive-nami-sur-son-socle\\\/\"]}]},{\"@type\":\"ImageObject\",\"inLanguage\":\"sv-SE\",\"@id\":\"https:\\\/\\\/boutique-one-piece.com\\\/goodies-one-piece\\\/goodies-nami-one-piece\\\/figurine-one-piece-dead-or-alive-nami-sur-son-socle\\\/#primaryimage\",\"url\":\"https:\\\/\\\/boutique-one-piece.com\\\/wp-content\\\/uploads\\\/2022\\\/09\\\/Figurine-One-Piece-Dead-or-Alive-Nami-Sur-Son-Socle.jpg\",\"contentUrl\":\"https:\\\/\\\/boutique-one-piece.com\\\/wp-content\\\/uploads\\\/2022\\\/09\\\/Figurine-One-Piece-Dead-or-Alive-Nami-Sur-Son-Socle.jpg\",\"width\":640,\"height\":640,\"caption\":\"Figurine One Piece Dead or Alive Nami Sur Son Socle Default Title\"},{\"@type\":\"BreadcrumbList\",\"@id\":\"https:\\\/\\\/boutique-one-piece.com\\\/goodies-one-piece\\\/goodies-nami-one-piece\\\/figurine-one-piece-dead-or-alive-nami-sur-son-socle\\\/#breadcrumb\",\"itemListElement\":[{\"@type\":\"ListItem\",\"position\":1,\"name\":\"Home\",\"item\":\"https:\\\/\\\/boutique-one-piece.com\\\/\"},{\"@type\":\"ListItem\",\"position\":2,\"name\":\"Shop\",\"item\":\"https:\\\/\\\/boutique-one-piece.com\\\/shop\\\/\"},{\"@type\":\"ListItem\",\"position\":3,\"name\":\"Figurine One Piece Dead or Alive Nami Sur Son Socle\"}]},{\"@type\":\"WebSite\",\"@id\":\"https:\\\/\\\/boutique-one-piece.com\\\/#website\",\"url\":\"https:\\\/\\\/boutique-one-piece.com\\\/\",\"name\":\"Boutique One Piece\",\"description\":\"Magasin Sp\u00e9cialis\u00e9 du Manga et l&#039;Anime One Piece\",\"publisher\":{\"@id\":\"https:\\\/\\\/boutique-one-piece.com\\\/#organization\"},\"potentialAction\":[{\"@type\":\"SearchAction\",\"target\":{\"@type\":\"EntryPoint\",\"urlTemplate\":\"https:\\\/\\\/boutique-one-piece.com\\\/?s={search_term_string}\"},\"query-input\":{\"@type\":\"PropertyValueSpecification\",\"valueRequired\":true,\"valueName\":\"search_term_string\"}}],\"inLanguage\":\"sv-SE\"},{\"@type\":\"Organization\",\"@id\":\"https:\\\/\\\/boutique-one-piece.com\\\/#organization\",\"name\":\"Boutique One Piece\",\"url\":\"https:\\\/\\\/boutique-one-piece.com\\\/\",\"logo\":{\"@type\":\"ImageObject\",\"inLanguage\":\"sv-SE\",\"@id\":\"https:\\\/\\\/boutique-one-piece.com\\\/#\\\/schema\\\/logo\\\/image\\\/\",\"url\":\"https:\\\/\\\/boutique-one-piece.com\\\/wp-content\\\/uploads\\\/2022\\\/09\\\/Logo-01.png\",\"contentUrl\":\"https:\\\/\\\/boutique-one-piece.com\\\/wp-content\\\/uploads\\\/2022\\\/09\\\/Logo-01.png\",\"width\":2318,\"height\":957,\"caption\":\"Boutique One Piece\"},\"image\":{\"@id\":\"https:\\\/\\\/boutique-one-piece.com\\\/#\\\/schema\\\/logo\\\/image\\\/\"}}]}<\/script>\n<!-- \/ Yoast SEO plugin. -->","yoast_head_json":{"title":"One Piece Dead or Alive Nami-figur p\u00e5 bas | One Piece-figur \u2013 One Piece Shop","description":"Unge pirat, det \u00e4r dags f\u00f6r dig att f\u00e5 tag p\u00e5 denna One Piece Dead or Alive Nami-figur p\u00e5 hennes bas. H\u00e4r \u00e4r vad du beh\u00f6ver veta om henne: Nami, \u00e4ven k\u00e4nd som &quot;Kattinbrottet&quot;, \u00e4r navigat\u00f6ren i Straw Hat-bes\u00e4ttningen. Hon var den andra personen som gick med i bes\u00e4ttningen efter Zoro. Hon har","robots":{"index":"index","follow":"follow","max-snippet":"max-snippet:-1","max-image-preview":"max-image-preview:large","max-video-preview":"max-video-preview:-1"},"canonical":"https:\/\/boutique-one-piece.com\/sv\/one-piece-godsaker\/nami-one-piece-godsaker\/one-piece-dead-or-alive-nami-figur-pa-basen\/","og_locale":"sv_SE","og_type":"article","og_title":"Figurine One Piece Dead or Alive Nami Sur Son Socle | Figurine One Piece \u2013 Boutique One Piece","og_description":"Jeune pirate, le moment est venu pour toi de te procurer cette Figurine One Piece Dead or Alive Nami Sur Son Socle. Voici ce que tu dois savoir \u00e0 son sujet ; Nami, alias \"La Chatte Voleuse\", est la navigatrice de L'\u00c9quipage du Chapeau de Paille. Elle est la deuxi\u00e8me personne \u00e0 se joindre \u00e0 l'\u00e9quipage apr\u00e8s Zoro. Elle a","og_url":"https:\/\/boutique-one-piece.com\/sv\/one-piece-godsaker\/nami-one-piece-godsaker\/one-piece-dead-or-alive-nami-figur-pa-basen\/","og_site_name":"Boutique One Piece","article_modified_time":"2024-09-16T11:29:18+00:00","og_image":[{"width":640,"height":640,"url":"https:\/\/boutique-one-piece.com\/wp-content\/uploads\/2022\/09\/Figurine-One-Piece-Dead-or-Alive-Nami-Sur-Son-Socle.jpg","type":"image\/jpeg"}],"twitter_card":"summary_large_image","twitter_misc":{"Ber\u00e4knad l\u00e4stid":"2 minuter"},"schema":{"@context":"https:\/\/schema.org","@graph":[{"@type":"WebPage","@id":"https:\/\/boutique-one-piece.com\/goodies-one-piece\/goodies-nami-one-piece\/figurine-one-piece-dead-or-alive-nami-sur-son-socle\/","url":"https:\/\/boutique-one-piece.com\/goodies-one-piece\/goodies-nami-one-piece\/figurine-one-piece-dead-or-alive-nami-sur-son-socle\/","name":"One Piece Dead or Alive Nami-figur p\u00e5 bas | One Piece-figur \u2013 One Piece Shop","isPartOf":{"@id":"https:\/\/boutique-one-piece.com\/#website"},"primaryImageOfPage":{"@id":"https:\/\/boutique-one-piece.com\/goodies-one-piece\/goodies-nami-one-piece\/figurine-one-piece-dead-or-alive-nami-sur-son-socle\/#primaryimage"},"image":{"@id":"https:\/\/boutique-one-piece.com\/goodies-one-piece\/goodies-nami-one-piece\/figurine-one-piece-dead-or-alive-nami-sur-son-socle\/#primaryimage"},"thumbnailUrl":"https:\/\/boutique-one-piece.com\/wp-content\/uploads\/2022\/09\/Figurine-One-Piece-Dead-or-Alive-Nami-Sur-Son-Socle.jpg","datePublished":"2022-09-27T20:16:06+00:00","dateModified":"2024-09-16T11:29:18+00:00","description":"Unge pirat, det \u00e4r dags f\u00f6r dig att f\u00e5 tag p\u00e5 denna One Piece Dead or Alive Nami-figur p\u00e5 hennes bas. H\u00e4r \u00e4r vad du beh\u00f6ver veta om henne: Nami, \u00e4ven k\u00e4nd som &quot;Kattinbrottet&quot;, \u00e4r navigat\u00f6ren i Straw Hat-bes\u00e4ttningen. Hon var den andra personen som gick med i bes\u00e4ttningen efter Zoro. Hon har","breadcrumb":{"@id":"https:\/\/boutique-one-piece.com\/goodies-one-piece\/goodies-nami-one-piece\/figurine-one-piece-dead-or-alive-nami-sur-son-socle\/#breadcrumb"},"inLanguage":"sv-SE","potentialAction":[{"@type":"ReadAction","target":["https:\/\/boutique-one-piece.com\/goodies-one-piece\/goodies-nami-one-piece\/figurine-one-piece-dead-or-alive-nami-sur-son-socle\/"]}]},{"@type":"ImageObject","inLanguage":"sv-SE","@id":"https:\/\/boutique-one-piece.com\/goodies-one-piece\/goodies-nami-one-piece\/figurine-one-piece-dead-or-alive-nami-sur-son-socle\/#primaryimage","url":"https:\/\/boutique-one-piece.com\/wp-content\/uploads\/2022\/09\/Figurine-One-Piece-Dead-or-Alive-Nami-Sur-Son-Socle.jpg","contentUrl":"https:\/\/boutique-one-piece.com\/wp-content\/uploads\/2022\/09\/Figurine-One-Piece-Dead-or-Alive-Nami-Sur-Son-Socle.jpg","width":640,"height":640,"caption":"Figurine One Piece Dead or Alive Nami Sur Son Socle Default Title"},{"@type":"BreadcrumbList","@id":"https:\/\/boutique-one-piece.com\/goodies-one-piece\/goodies-nami-one-piece\/figurine-one-piece-dead-or-alive-nami-sur-son-socle\/#breadcrumb","itemListElement":[{"@type":"ListItem","position":1,"name":"Home","item":"https:\/\/boutique-one-piece.com\/"},{"@type":"ListItem","position":2,"name":"Shop","item":"https:\/\/boutique-one-piece.com\/shop\/"},{"@type":"ListItem","position":3,"name":"Figurine One Piece Dead or Alive Nami Sur Son Socle"}]},{"@type":"WebSite","@id":"https:\/\/boutique-one-piece.com\/#website","url":"https:\/\/boutique-one-piece.com\/","name":"One Piece-butik","description":"Specialbutik f\u00f6r One Piece Manga och Anime","publisher":{"@id":"https:\/\/boutique-one-piece.com\/#organization"},"potentialAction":[{"@type":"SearchAction","target":{"@type":"EntryPoint","urlTemplate":"https:\/\/boutique-one-piece.com\/?s={search_term_string}"},"query-input":{"@type":"PropertyValueSpecification","valueRequired":true,"valueName":"search_term_string"}}],"inLanguage":"sv-SE"},{"@type":"Organization","@id":"https:\/\/boutique-one-piece.com\/#organization","name":"One Piece-butik","url":"https:\/\/boutique-one-piece.com\/","logo":{"@type":"ImageObject","inLanguage":"sv-SE","@id":"https:\/\/boutique-one-piece.com\/#\/schema\/logo\/image\/","url":"https:\/\/boutique-one-piece.com\/wp-content\/uploads\/2022\/09\/Logo-01.png","contentUrl":"https:\/\/boutique-one-piece.com\/wp-content\/uploads\/2022\/09\/Logo-01.png","width":2318,"height":957,"caption":"Boutique One Piece"},"image":{"@id":"https:\/\/boutique-one-piece.com\/#\/schema\/logo\/image\/"}}]}},"_links":{"self":[{"href":"https:\/\/boutique-one-piece.com\/sv\/wp-json\/wp\/v2\/product\/8879","targetHints":{"allow":["GET"]}}],"collection":[{"href":"https:\/\/boutique-one-piece.com\/sv\/wp-json\/wp\/v2\/product"}],"about":[{"href":"https:\/\/boutique-one-piece.com\/sv\/wp-json\/wp\/v2\/types\/product"}],"replies":[{"embeddable":true,"href":"https:\/\/boutique-one-piece.com\/sv\/wp-json\/wp\/v2\/comments?post=8879"}],"wp:featuredmedia":[{"embeddable":true,"href":"https:\/\/boutique-one-piece.com\/sv\/wp-json\/wp\/v2\/media\/8881"}],"wp:attachment":[{"href":"https:\/\/boutique-one-piece.com\/sv\/wp-json\/wp\/v2\/media?parent=8879"}],"wp:term":[{"taxonomy":"product_brand","embeddable":true,"href":"https:\/\/boutique-one-piece.com\/sv\/wp-json\/wp\/v2\/product_brand?post=8879"},{"taxonomy":"product_cat","embeddable":true,"href":"https:\/\/boutique-one-piece.com\/sv\/wp-json\/wp\/v2\/product_cat?post=8879"},{"taxonomy":"product_tag","embeddable":true,"href":"https:\/\/boutique-one-piece.com\/sv\/wp-json\/wp\/v2\/product_tag?post=8879"}],"curies":[{"name":"wp","href":"https:\/\/api.w.org\/{rel}","templated":true}]}}