{"id":8883,"date":"2022-09-27T20:16:06","date_gmt":"2022-09-27T20:16:06","guid":{"rendered":"https:\/\/boutique-one-piece.com\/uncategorized\/drapeau-nami\/"},"modified":"2024-09-16T11:29:25","modified_gmt":"2024-09-16T11:29:25","slug":"nami-flaggan","status":"publish","type":"product","link":"https:\/\/boutique-one-piece.com\/sv\/one-piece-godsaker\/nami-one-piece-godsaker\/nami-flaggan\/","title":{"rendered":"Nami-flaggan"},"content":{"rendered":"<h2>Unge Nakama, tiden har kommit f\u00f6r dig att f\u00f6rv\u00e4rva denna Nami-flagga.<\/h2>\n<p>En snabb p\u00e5minnelse ang\u00e5ende <strong>Nami<\/strong> ; Nami, \u00e4ven k\u00e4nd som &quot;Kattjuven&quot;, \u00e4r <strong>navigat\u00f6ren<\/strong> de L\u2019\u00c9quipage du Chapeau de Paille. Elle est la deuxi\u00e8me personne \u00e0 se joindre \u00e0 l\u2019\u00e9quipage apr\u00e8s Zoro. Ce drapeau repr\u00e9sente Nami avant l\u2019\u00e9llipse. D\u2019ailleurs, si tu souhaites agrandir ta collection de drapeau, le <a title=\"ZORO-FLAGGA\" href=\"https:\/\/boutique-one-piece.com\/sv\/zoro-flaggan\/\" target=\"_blank\" rel=\"noopener\">Zoros flagga<\/a> \u00e4r inom r\u00e4ckh\u00e5ll.<\/p>\n<p>Pour en revenir \u00e0 Nami, tu dois savoir que Nami est une excellente navigatrice, car elle peut pr\u00e9voir facilement les changements climatiques sans m\u00eame utiliser d\u2019instruments, elle se sert de son instinct. Ces comp\u00e9tences sont dues \u00e0 sa connaissance apprise durant son enfance et son p\u00e9riple pour racheter son village.<\/p>\n<p>Hon vet ocks\u00e5 hur man navigerar i Grand Lines vatten, trots de of\u00f6ruts\u00e4gbara klimatf\u00f6r\u00e4ndringarna som g\u00f6r navigering extremt sv\u00e5r \u00e4ven f\u00f6r skickliga navigat\u00f6rer, s\u00e4rskilt i den andra delen av Grand Line:<strong> Den nya v\u00e4rlden.<\/strong><\/p>\n<h3>Alors, conquis par le drapeau de Nami. Si tel est le cas, arbore fi\u00e8rement ce drapeau et rends hommage \u00e0 la navigatrice de l\u2019\u00c9quipage du Chapeau de Paille.<\/h3>\n<p>Oavsett om du \u00e4r ett inbitet fan eller en seri\u00f6s samlare, goda nyheter, du har kommit r\u00e4tt. H\u00e4r hittar du, <strong>alla objekt<\/strong> som kommer att f\u00f6rdjupa dig, eller \u00e5terigen f\u00f6rdjupa dig, i ditt favoritanimerade universum. Det \u00e4r upp till dig, ta ditt \u00f6de i egna h\u00e4nder och upplev m\u00e5nga \u00e4ventyr inom dig.<strong> l\u2019univers One Piece<\/strong>.<\/p>\n<h2>Information om Nami Navigatorns flagga:<\/h2>\n<ul>\n<li>\n<strong><u>One Piece-flaggan<\/u><\/strong>\u00a0En \u00e4kta One Piece piratflagga f\u00f6r riktiga fans<\/li>\n<\/ul>\n<ul>\n<li>\n<strong>H\u00f6gkvalitativ utskrift<\/strong>\u00a0exakta f\u00e4rger<\/li>\n<\/ul>\n<ul>\n<li>\n<strong>Materia<\/strong>\u00a0Polyester<\/li>\n<\/ul>\n<ul>\n<li>\n<strong>Dimensionera<\/strong>\u00a0: 100 cm x 100 cm eller 90 cm x 150 cm<\/li>\n<\/ul>\n<ul>\n<li><strong>FRI LEVERANS<\/strong><\/li>\n<\/ul>","protected":false},"excerpt":{"rendered":"<p>Jeune Nakama, le moment est venu pour toi de te procurer ce Drapeau Nami. Petit rappel concernant Nami ; Nami, alias \u00ab\u00a0La Chatte Voleuse\u00a0\u00bb, est la navigatrice de L\u2019\u00c9quipage du Chapeau de Paille. Elle est la deuxi\u00e8me personne \u00e0 se joindre \u00e0 l\u2019\u00e9quipage apr\u00e8s Zoro. Ce drapeau repr\u00e9sente Nami avant l\u2019\u00e9llipse. D\u2019ailleurs, si tu souhaites [&hellip;]<\/p>","protected":false},"featured_media":8885,"comment_status":"open","ping_status":"open","template":"","meta":[],"product_brand":[],"product_cat":[212,153],"product_tag":[154],"class_list":{"0":"post-8883","1":"product","2":"type-product","3":"status-publish","4":"has-post-thumbnail","6":"product_cat-drapeaux-one-piece","7":"product_cat-goodies-nami-one-piece","8":"product_tag-nami","10":"first","11":"instock","12":"purchasable","13":"product-type-variable","14":"has-default-attributes"},"yoast_head":"<!-- This site is optimized with the Yoast SEO plugin v27.5 - https:\/\/yoast.com\/product\/yoast-seo-wordpress\/ -->\n<title>Drapeau Nami | Boutique One Piece<\/title>\n<meta name=\"description\" content=\"D\u00e9couvrez le Drapeau One Piece Nami, d\u00e9corez votre pi\u00e8ce en rejoignant la flotte de la Chatte Voleuse ! Commencez votre aventure recherche du One Piece dans l&#039;\u00e9quipage du Chapeau de Paille\" \/>\n<meta name=\"robots\" content=\"index, follow, max-snippet:-1, max-image-preview:large, max-video-preview:-1\" \/>\n<link rel=\"canonical\" href=\"https:\/\/boutique-one-piece.com\/sv\/one-piece-dekorationer\/one-piece-flaggor\/nami-flaggan\/\" \/>\n<meta property=\"og:locale\" content=\"sv_SE\" \/>\n<meta property=\"og:type\" content=\"article\" \/>\n<meta property=\"og:title\" content=\"Drapeau Nami | Boutique One Piece\" \/>\n<meta property=\"og:description\" content=\"D\u00e9couvrez le Drapeau One Piece Nami, d\u00e9corez votre pi\u00e8ce en rejoignant la flotte de la Chatte Voleuse ! Commencez votre aventure recherche du One Piece dans l&#039;\u00e9quipage du Chapeau de Paille\" \/>\n<meta property=\"og:url\" content=\"https:\/\/boutique-one-piece.com\/sv\/one-piece-dekorationer\/one-piece-flaggor\/nami-flaggan\/\" \/>\n<meta property=\"og:site_name\" content=\"Boutique One Piece\" \/>\n<meta property=\"article:modified_time\" content=\"2024-09-16T11:29:25+00:00\" \/>\n<meta property=\"og:image\" content=\"https:\/\/boutique-one-piece.com\/wp-content\/uploads\/2022\/09\/Drapeau-Nami.jpg\" \/>\n\t<meta property=\"og:image:width\" content=\"800\" \/>\n\t<meta property=\"og:image:height\" content=\"697\" \/>\n\t<meta property=\"og:image:type\" content=\"image\/jpeg\" \/>\n<meta name=\"twitter:card\" content=\"summary_large_image\" \/>\n<meta name=\"twitter:label1\" content=\"Ber\u00e4knad l\u00e4stid\" \/>\n\t<meta name=\"twitter:data1\" content=\"1 minut\" \/>\n<script type=\"application\/ld+json\" class=\"yoast-schema-graph\">{\"@context\":\"https:\\\/\\\/schema.org\",\"@graph\":[{\"@type\":\"WebPage\",\"@id\":\"https:\\\/\\\/boutique-one-piece.com\\\/decorations-one-piece\\\/drapeaux-one-piece\\\/drapeau-nami\\\/\",\"url\":\"https:\\\/\\\/boutique-one-piece.com\\\/decorations-one-piece\\\/drapeaux-one-piece\\\/drapeau-nami\\\/\",\"name\":\"Drapeau Nami | Boutique One Piece\",\"isPartOf\":{\"@id\":\"https:\\\/\\\/boutique-one-piece.com\\\/#website\"},\"primaryImageOfPage\":{\"@id\":\"https:\\\/\\\/boutique-one-piece.com\\\/decorations-one-piece\\\/drapeaux-one-piece\\\/drapeau-nami\\\/#primaryimage\"},\"image\":{\"@id\":\"https:\\\/\\\/boutique-one-piece.com\\\/decorations-one-piece\\\/drapeaux-one-piece\\\/drapeau-nami\\\/#primaryimage\"},\"thumbnailUrl\":\"https:\\\/\\\/boutique-one-piece.com\\\/wp-content\\\/uploads\\\/2022\\\/09\\\/Drapeau-Nami.jpg\",\"datePublished\":\"2022-09-27T20:16:06+00:00\",\"dateModified\":\"2024-09-16T11:29:25+00:00\",\"description\":\"D\u00e9couvrez le Drapeau One Piece Nami, d\u00e9corez votre pi\u00e8ce en rejoignant la flotte de la Chatte Voleuse ! Commencez votre aventure recherche du One Piece dans l'\u00e9quipage du Chapeau de Paille\",\"breadcrumb\":{\"@id\":\"https:\\\/\\\/boutique-one-piece.com\\\/decorations-one-piece\\\/drapeaux-one-piece\\\/drapeau-nami\\\/#breadcrumb\"},\"inLanguage\":\"sv-SE\",\"potentialAction\":[{\"@type\":\"ReadAction\",\"target\":[\"https:\\\/\\\/boutique-one-piece.com\\\/decorations-one-piece\\\/drapeaux-one-piece\\\/drapeau-nami\\\/\"]}]},{\"@type\":\"ImageObject\",\"inLanguage\":\"sv-SE\",\"@id\":\"https:\\\/\\\/boutique-one-piece.com\\\/decorations-one-piece\\\/drapeaux-one-piece\\\/drapeau-nami\\\/#primaryimage\",\"url\":\"https:\\\/\\\/boutique-one-piece.com\\\/wp-content\\\/uploads\\\/2022\\\/09\\\/Drapeau-Nami.jpg\",\"contentUrl\":\"https:\\\/\\\/boutique-one-piece.com\\\/wp-content\\\/uploads\\\/2022\\\/09\\\/Drapeau-Nami.jpg\",\"width\":800,\"height\":697,\"caption\":\"Drapeau Nami 90x150cm\"},{\"@type\":\"BreadcrumbList\",\"@id\":\"https:\\\/\\\/boutique-one-piece.com\\\/decorations-one-piece\\\/drapeaux-one-piece\\\/drapeau-nami\\\/#breadcrumb\",\"itemListElement\":[{\"@type\":\"ListItem\",\"position\":1,\"name\":\"Home\",\"item\":\"https:\\\/\\\/boutique-one-piece.com\\\/\"},{\"@type\":\"ListItem\",\"position\":2,\"name\":\"Shop\",\"item\":\"https:\\\/\\\/boutique-one-piece.com\\\/shop\\\/\"},{\"@type\":\"ListItem\",\"position\":3,\"name\":\"Drapeau Nami\"}]},{\"@type\":\"WebSite\",\"@id\":\"https:\\\/\\\/boutique-one-piece.com\\\/#website\",\"url\":\"https:\\\/\\\/boutique-one-piece.com\\\/\",\"name\":\"Boutique One Piece\",\"description\":\"Magasin Sp\u00e9cialis\u00e9 du Manga et l&#039;Anime One Piece\",\"publisher\":{\"@id\":\"https:\\\/\\\/boutique-one-piece.com\\\/#organization\"},\"potentialAction\":[{\"@type\":\"SearchAction\",\"target\":{\"@type\":\"EntryPoint\",\"urlTemplate\":\"https:\\\/\\\/boutique-one-piece.com\\\/?s={search_term_string}\"},\"query-input\":{\"@type\":\"PropertyValueSpecification\",\"valueRequired\":true,\"valueName\":\"search_term_string\"}}],\"inLanguage\":\"sv-SE\"},{\"@type\":\"Organization\",\"@id\":\"https:\\\/\\\/boutique-one-piece.com\\\/#organization\",\"name\":\"Boutique One Piece\",\"url\":\"https:\\\/\\\/boutique-one-piece.com\\\/\",\"logo\":{\"@type\":\"ImageObject\",\"inLanguage\":\"sv-SE\",\"@id\":\"https:\\\/\\\/boutique-one-piece.com\\\/#\\\/schema\\\/logo\\\/image\\\/\",\"url\":\"https:\\\/\\\/boutique-one-piece.com\\\/wp-content\\\/uploads\\\/2022\\\/09\\\/Logo-01.png\",\"contentUrl\":\"https:\\\/\\\/boutique-one-piece.com\\\/wp-content\\\/uploads\\\/2022\\\/09\\\/Logo-01.png\",\"width\":2318,\"height\":957,\"caption\":\"Boutique One Piece\"},\"image\":{\"@id\":\"https:\\\/\\\/boutique-one-piece.com\\\/#\\\/schema\\\/logo\\\/image\\\/\"}}]}<\/script>\n<!-- \/ Yoast SEO plugin. -->","yoast_head_json":{"title":"Nami-flaggan | One Piece-butiken","description":"Uppt\u00e4ck One Piece Nami-flaggan, dekorera ditt rum genom att g\u00e5 med i Katttjuvens flotta! B\u00f6rja ditt One Piece-s\u00f6k\u00e4ventyr med Straw Hat-g\u00e4nget.","robots":{"index":"index","follow":"follow","max-snippet":"max-snippet:-1","max-image-preview":"max-image-preview:large","max-video-preview":"max-video-preview:-1"},"canonical":"https:\/\/boutique-one-piece.com\/sv\/one-piece-dekorationer\/one-piece-flaggor\/nami-flaggan\/","og_locale":"sv_SE","og_type":"article","og_title":"Drapeau Nami | Boutique One Piece","og_description":"D\u00e9couvrez le Drapeau One Piece Nami, d\u00e9corez votre pi\u00e8ce en rejoignant la flotte de la Chatte Voleuse ! Commencez votre aventure recherche du One Piece dans l'\u00e9quipage du Chapeau de Paille","og_url":"https:\/\/boutique-one-piece.com\/sv\/one-piece-dekorationer\/one-piece-flaggor\/nami-flaggan\/","og_site_name":"Boutique One Piece","article_modified_time":"2024-09-16T11:29:25+00:00","og_image":[{"width":800,"height":697,"url":"https:\/\/boutique-one-piece.com\/wp-content\/uploads\/2022\/09\/Drapeau-Nami.jpg","type":"image\/jpeg"}],"twitter_card":"summary_large_image","twitter_misc":{"Ber\u00e4knad l\u00e4stid":"1 minut"},"schema":{"@context":"https:\/\/schema.org","@graph":[{"@type":"WebPage","@id":"https:\/\/boutique-one-piece.com\/decorations-one-piece\/drapeaux-one-piece\/drapeau-nami\/","url":"https:\/\/boutique-one-piece.com\/decorations-one-piece\/drapeaux-one-piece\/drapeau-nami\/","name":"Nami-flaggan | One Piece-butiken","isPartOf":{"@id":"https:\/\/boutique-one-piece.com\/#website"},"primaryImageOfPage":{"@id":"https:\/\/boutique-one-piece.com\/decorations-one-piece\/drapeaux-one-piece\/drapeau-nami\/#primaryimage"},"image":{"@id":"https:\/\/boutique-one-piece.com\/decorations-one-piece\/drapeaux-one-piece\/drapeau-nami\/#primaryimage"},"thumbnailUrl":"https:\/\/boutique-one-piece.com\/wp-content\/uploads\/2022\/09\/Drapeau-Nami.jpg","datePublished":"2022-09-27T20:16:06+00:00","dateModified":"2024-09-16T11:29:25+00:00","description":"Uppt\u00e4ck One Piece Nami-flaggan, dekorera ditt rum genom att g\u00e5 med i Katttjuvens flotta! B\u00f6rja ditt One Piece-s\u00f6k\u00e4ventyr med Straw Hat-g\u00e4nget.","breadcrumb":{"@id":"https:\/\/boutique-one-piece.com\/decorations-one-piece\/drapeaux-one-piece\/drapeau-nami\/#breadcrumb"},"inLanguage":"sv-SE","potentialAction":[{"@type":"ReadAction","target":["https:\/\/boutique-one-piece.com\/decorations-one-piece\/drapeaux-one-piece\/drapeau-nami\/"]}]},{"@type":"ImageObject","inLanguage":"sv-SE","@id":"https:\/\/boutique-one-piece.com\/decorations-one-piece\/drapeaux-one-piece\/drapeau-nami\/#primaryimage","url":"https:\/\/boutique-one-piece.com\/wp-content\/uploads\/2022\/09\/Drapeau-Nami.jpg","contentUrl":"https:\/\/boutique-one-piece.com\/wp-content\/uploads\/2022\/09\/Drapeau-Nami.jpg","width":800,"height":697,"caption":"Drapeau Nami 90x150cm"},{"@type":"BreadcrumbList","@id":"https:\/\/boutique-one-piece.com\/decorations-one-piece\/drapeaux-one-piece\/drapeau-nami\/#breadcrumb","itemListElement":[{"@type":"ListItem","position":1,"name":"Home","item":"https:\/\/boutique-one-piece.com\/"},{"@type":"ListItem","position":2,"name":"Shop","item":"https:\/\/boutique-one-piece.com\/shop\/"},{"@type":"ListItem","position":3,"name":"Drapeau Nami"}]},{"@type":"WebSite","@id":"https:\/\/boutique-one-piece.com\/#website","url":"https:\/\/boutique-one-piece.com\/","name":"One Piece-butik","description":"Specialbutik f\u00f6r One Piece Manga och Anime","publisher":{"@id":"https:\/\/boutique-one-piece.com\/#organization"},"potentialAction":[{"@type":"SearchAction","target":{"@type":"EntryPoint","urlTemplate":"https:\/\/boutique-one-piece.com\/?s={search_term_string}"},"query-input":{"@type":"PropertyValueSpecification","valueRequired":true,"valueName":"search_term_string"}}],"inLanguage":"sv-SE"},{"@type":"Organization","@id":"https:\/\/boutique-one-piece.com\/#organization","name":"One Piece-butik","url":"https:\/\/boutique-one-piece.com\/","logo":{"@type":"ImageObject","inLanguage":"sv-SE","@id":"https:\/\/boutique-one-piece.com\/#\/schema\/logo\/image\/","url":"https:\/\/boutique-one-piece.com\/wp-content\/uploads\/2022\/09\/Logo-01.png","contentUrl":"https:\/\/boutique-one-piece.com\/wp-content\/uploads\/2022\/09\/Logo-01.png","width":2318,"height":957,"caption":"Boutique One Piece"},"image":{"@id":"https:\/\/boutique-one-piece.com\/#\/schema\/logo\/image\/"}}]}},"_links":{"self":[{"href":"https:\/\/boutique-one-piece.com\/sv\/wp-json\/wp\/v2\/product\/8883","targetHints":{"allow":["GET"]}}],"collection":[{"href":"https:\/\/boutique-one-piece.com\/sv\/wp-json\/wp\/v2\/product"}],"about":[{"href":"https:\/\/boutique-one-piece.com\/sv\/wp-json\/wp\/v2\/types\/product"}],"replies":[{"embeddable":true,"href":"https:\/\/boutique-one-piece.com\/sv\/wp-json\/wp\/v2\/comments?post=8883"}],"wp:featuredmedia":[{"embeddable":true,"href":"https:\/\/boutique-one-piece.com\/sv\/wp-json\/wp\/v2\/media\/8885"}],"wp:attachment":[{"href":"https:\/\/boutique-one-piece.com\/sv\/wp-json\/wp\/v2\/media?parent=8883"}],"wp:term":[{"taxonomy":"product_brand","embeddable":true,"href":"https:\/\/boutique-one-piece.com\/sv\/wp-json\/wp\/v2\/product_brand?post=8883"},{"taxonomy":"product_cat","embeddable":true,"href":"https:\/\/boutique-one-piece.com\/sv\/wp-json\/wp\/v2\/product_cat?post=8883"},{"taxonomy":"product_tag","embeddable":true,"href":"https:\/\/boutique-one-piece.com\/sv\/wp-json\/wp\/v2\/product_tag?post=8883"}],"curies":[{"name":"wp","href":"https:\/\/api.w.org\/{rel}","templated":true}]}}