{"id":8887,"date":"2022-09-27T20:16:06","date_gmt":"2022-09-27T20:16:06","guid":{"rendered":"https:\/\/boutique-one-piece.com\/uncategorized\/figurine-one-piece-sabo-mera-mera-no-mi\/"},"modified":"2024-09-16T11:29:27","modified_gmt":"2024-09-16T11:29:27","slug":"one-piece-sabo-mera-mera-no-mi-figur","status":"publish","type":"product","link":"https:\/\/boutique-one-piece.com\/sv\/one-piece-figurer\/sabo-figurer\/one-piece-sabo-mera-mera-no-mi-figur\/","title":{"rendered":"One Piece Sabo Mera Mera No Mi-figur"},"content":{"rendered":"<h2>Unge pirat, det \u00e4r dags f\u00f6r dig att skaffa den h\u00e4r One Piece Sabo Mera Mera No Mi-figuren.<\/h2>\n<p>H\u00e4r \u00e4r vad du beh\u00f6ver veta; ; <strong>Mera Mera no Mi<\/strong>, est un Fruit du D\u00e9mon de type Logia, qui permet \u00e0 son utilisateur de cr\u00e9er, contr\u00f4ler et de se transformer en feu \u00e0 volont\u00e9, changeant l\u2019utilisateur en un Homme-Feu. Ce fruit fut mang\u00e9 par <strong>Portgas D. Ace<\/strong> sedan, efter den senares d\u00f6d, av <strong>Sabo<\/strong>.<\/p>\n<p>D\u2019ailleurs, si tu souhaites agrandir ta collection de figurine, <a title=\"ONE PIECE PORTGAS D. ACE MERA MERA NO MI FIGUR\" href=\"https:\/\/boutique-one-piece.com\/sv\/one-piece-figurer\/produkter\/figurin-en-bit-portgas-d-ace-mera-mera-no-mi\/\" target=\"_blank\" rel=\"noopener\">Essfigur i full anv\u00e4ndning av sin Mera Mera No Mi<\/a> est \u00e0 ta port\u00e9e de main. Pour en revenir \u00e0 Sabo, tu dois savoir que c\u2019est une personne de bon sens et qu\u0092il porte le privil\u00e8ge sur ceux qu\u2019il aime (comme Luffy). Il est loyal durant les combats.<\/p>\n<p>D\u2019ailleurs, comme ses fr\u00e8res, il avait le m\u00eame r\u00eave de devenir pirate (ce qui ne s\u2019est pas produit) mais \u00e9tant enfant, il avait de la d\u00e9termination pour r\u00e9aliser son r\u00eave. Enfin, selon Luffy, Sabo est un fr\u00e8re plus gentil qu\u2019Ace. Il est gentil et diplomate.<\/p>\n<h3>Alors, conquis par la figurine de Sabo ? Si tel est le cas, n\u2019h\u00e9site plus et saute sur l\u2019occasion de rejoindre Sabo, ce fr\u00e8re encourageant et loyal.<\/h3>\n<p>One Piece \u00e4r v\u00e4rldens b\u00e4st s\u00e4ljande manga. Oavsett om du \u00e4r ett inbitet fan eller en seri\u00f6s samlare, kommer dessa f\u00f6rem\u00e5l garanterat att vara perfekta f\u00f6r dig. Perfekta att ge bort, dekorera eller helt enkelt l\u00e4gga till i din samling, dessa f\u00f6rem\u00e5l kommer att f\u00f6rb\u00e4ttra din samling. <strong>ditt One Piece-universum<\/strong>. Ditt \u00f6de ligger nu i dina h\u00e4nder. <strong>ung pirat<\/strong> !<\/p>\n<h2>Information om Sabo Mera Mera No Mi-figur\u00a0<\/h2>\n<ul>\n<li><span><b><u>One Piece-figur<\/u><\/b>\u00a0: Figurine\u00a0 premium de l\u2019univers One Piece pour les vrais pirates<\/span><\/li>\n<\/ul>\n<ul>\n<li>\n<b>Materia<\/b><span>\u00a0<\/span>PVC<\/li>\n<\/ul>\n<ul>\n<li><span><strong>Dimensionera<\/strong>\u00a0: 21 cm<\/span><\/li>\n<\/ul>\n<ul>\n<li><span><strong>FRI LEVERANS<\/strong><\/span><\/li>\n<\/ul>","protected":false},"excerpt":{"rendered":"<p>Unge pirat, det \u00e4r dags f\u00f6r dig att f\u00e5 tag p\u00e5 den h\u00e4r One Piece Sabo Mera Mera no Mi-figuren. H\u00e4r \u00e4r vad du beh\u00f6ver veta: Mera Mera no Mi \u00e4r en dj\u00e4vulsfrukt av Logia-typ som l\u00e5ter anv\u00e4ndaren skapa, kontrollera och f\u00f6rvandlas till eld...<\/p>","protected":false},"featured_media":8889,"comment_status":"open","ping_status":"open","template":"","meta":[],"product_brand":[],"product_cat":[76,178],"product_tag":[180],"class_list":{"0":"post-8887","1":"product","2":"type-product","3":"status-publish","4":"has-post-thumbnail","6":"product_cat-figurines-one-piece","7":"product_cat-figurines-sabo","8":"product_tag-sabo","10":"first","11":"instock","12":"purchasable","13":"product-type-simple"},"yoast_head":"<!-- This site is optimized with the Yoast SEO plugin v27.5 - https:\/\/yoast.com\/product\/yoast-seo-wordpress\/ -->\n<title>Figurine One Piece Sabo Mera Mera No Mi | Figurine One Piece \u2013 Boutique One Piece<\/title>\n<meta name=\"description\" content=\"Jeune pirate, le moment est venu pour toi de te procurer cette Figurine One Piece Sabo Mera Mera No Mi. Voici ce que tu dois savoir ; Le Mera Mera no Mi, est un Fruit du D\u00e9mon de type Logia, qui permet \u00e0 son utilisateur de cr\u00e9er, contr\u00f4ler et de se transformer en feu \u00e0 volont\u00e9, changeant l&#039;utilisateur en un Homme-Feu.\" \/>\n<meta name=\"robots\" content=\"index, follow, max-snippet:-1, max-image-preview:large, max-video-preview:-1\" \/>\n<link rel=\"canonical\" href=\"https:\/\/boutique-one-piece.com\/sv\/one-piece-figurer\/sabo-figurer\/one-piece-sabo-mera-mera-no-mi-figur\/\" \/>\n<meta property=\"og:locale\" content=\"sv_SE\" \/>\n<meta property=\"og:type\" content=\"article\" \/>\n<meta property=\"og:title\" content=\"Figurine One Piece Sabo Mera Mera No Mi | Figurine One Piece \u2013 Boutique One Piece\" \/>\n<meta property=\"og:description\" content=\"Jeune pirate, le moment est venu pour toi de te procurer cette Figurine One Piece Sabo Mera Mera No Mi. Voici ce que tu dois savoir ; Le Mera Mera no Mi, est un Fruit du D\u00e9mon de type Logia, qui permet \u00e0 son utilisateur de cr\u00e9er, contr\u00f4ler et de se transformer en feu \u00e0 volont\u00e9, changeant l&#039;utilisateur en un Homme-Feu.\" \/>\n<meta property=\"og:url\" content=\"https:\/\/boutique-one-piece.com\/sv\/one-piece-figurer\/sabo-figurer\/one-piece-sabo-mera-mera-no-mi-figur\/\" \/>\n<meta property=\"og:site_name\" content=\"Boutique One Piece\" \/>\n<meta property=\"article:modified_time\" content=\"2024-09-16T11:29:27+00:00\" \/>\n<meta property=\"og:image\" content=\"https:\/\/boutique-one-piece.com\/wp-content\/uploads\/2022\/09\/Figurine-One-Piece-Sabo-Mera-Mera-No-Mi-1.jpg\" \/>\n\t<meta property=\"og:image:width\" content=\"1125\" \/>\n\t<meta property=\"og:image:height\" content=\"1500\" \/>\n\t<meta property=\"og:image:type\" content=\"image\/jpeg\" \/>\n<meta name=\"twitter:card\" content=\"summary_large_image\" \/>\n<meta name=\"twitter:label1\" content=\"Ber\u00e4knad l\u00e4stid\" \/>\n\t<meta name=\"twitter:data1\" content=\"2 minuter\" \/>\n<script type=\"application\/ld+json\" class=\"yoast-schema-graph\">{\"@context\":\"https:\\\/\\\/schema.org\",\"@graph\":[{\"@type\":\"WebPage\",\"@id\":\"https:\\\/\\\/boutique-one-piece.com\\\/figurines-one-piece\\\/figurines-sabo\\\/figurine-one-piece-sabo-mera-mera-no-mi\\\/\",\"url\":\"https:\\\/\\\/boutique-one-piece.com\\\/figurines-one-piece\\\/figurines-sabo\\\/figurine-one-piece-sabo-mera-mera-no-mi\\\/\",\"name\":\"Figurine One Piece Sabo Mera Mera No Mi | Figurine One Piece \u2013 Boutique One Piece\",\"isPartOf\":{\"@id\":\"https:\\\/\\\/boutique-one-piece.com\\\/#website\"},\"primaryImageOfPage\":{\"@id\":\"https:\\\/\\\/boutique-one-piece.com\\\/figurines-one-piece\\\/figurines-sabo\\\/figurine-one-piece-sabo-mera-mera-no-mi\\\/#primaryimage\"},\"image\":{\"@id\":\"https:\\\/\\\/boutique-one-piece.com\\\/figurines-one-piece\\\/figurines-sabo\\\/figurine-one-piece-sabo-mera-mera-no-mi\\\/#primaryimage\"},\"thumbnailUrl\":\"https:\\\/\\\/boutique-one-piece.com\\\/wp-content\\\/uploads\\\/2022\\\/09\\\/Figurine-One-Piece-Sabo-Mera-Mera-No-Mi-1.jpg\",\"datePublished\":\"2022-09-27T20:16:06+00:00\",\"dateModified\":\"2024-09-16T11:29:27+00:00\",\"description\":\"Jeune pirate, le moment est venu pour toi de te procurer cette Figurine One Piece Sabo Mera Mera No Mi. Voici ce que tu dois savoir ; Le Mera Mera no Mi, est un Fruit du D\u00e9mon de type Logia, qui permet \u00e0 son utilisateur de cr\u00e9er, contr\u00f4ler et de se transformer en feu \u00e0 volont\u00e9, changeant l'utilisateur en un Homme-Feu.\",\"breadcrumb\":{\"@id\":\"https:\\\/\\\/boutique-one-piece.com\\\/figurines-one-piece\\\/figurines-sabo\\\/figurine-one-piece-sabo-mera-mera-no-mi\\\/#breadcrumb\"},\"inLanguage\":\"sv-SE\",\"potentialAction\":[{\"@type\":\"ReadAction\",\"target\":[\"https:\\\/\\\/boutique-one-piece.com\\\/figurines-one-piece\\\/figurines-sabo\\\/figurine-one-piece-sabo-mera-mera-no-mi\\\/\"]}]},{\"@type\":\"ImageObject\",\"inLanguage\":\"sv-SE\",\"@id\":\"https:\\\/\\\/boutique-one-piece.com\\\/figurines-one-piece\\\/figurines-sabo\\\/figurine-one-piece-sabo-mera-mera-no-mi\\\/#primaryimage\",\"url\":\"https:\\\/\\\/boutique-one-piece.com\\\/wp-content\\\/uploads\\\/2022\\\/09\\\/Figurine-One-Piece-Sabo-Mera-Mera-No-Mi-1.jpg\",\"contentUrl\":\"https:\\\/\\\/boutique-one-piece.com\\\/wp-content\\\/uploads\\\/2022\\\/09\\\/Figurine-One-Piece-Sabo-Mera-Mera-No-Mi-1.jpg\",\"width\":1125,\"height\":1500},{\"@type\":\"BreadcrumbList\",\"@id\":\"https:\\\/\\\/boutique-one-piece.com\\\/figurines-one-piece\\\/figurines-sabo\\\/figurine-one-piece-sabo-mera-mera-no-mi\\\/#breadcrumb\",\"itemListElement\":[{\"@type\":\"ListItem\",\"position\":1,\"name\":\"Home\",\"item\":\"https:\\\/\\\/boutique-one-piece.com\\\/\"},{\"@type\":\"ListItem\",\"position\":2,\"name\":\"Shop\",\"item\":\"https:\\\/\\\/boutique-one-piece.com\\\/shop\\\/\"},{\"@type\":\"ListItem\",\"position\":3,\"name\":\"Figurine One Piece Sabo Mera Mera No Mi\"}]},{\"@type\":\"WebSite\",\"@id\":\"https:\\\/\\\/boutique-one-piece.com\\\/#website\",\"url\":\"https:\\\/\\\/boutique-one-piece.com\\\/\",\"name\":\"Boutique One Piece\",\"description\":\"Magasin Sp\u00e9cialis\u00e9 du Manga et l&#039;Anime One Piece\",\"publisher\":{\"@id\":\"https:\\\/\\\/boutique-one-piece.com\\\/#organization\"},\"potentialAction\":[{\"@type\":\"SearchAction\",\"target\":{\"@type\":\"EntryPoint\",\"urlTemplate\":\"https:\\\/\\\/boutique-one-piece.com\\\/?s={search_term_string}\"},\"query-input\":{\"@type\":\"PropertyValueSpecification\",\"valueRequired\":true,\"valueName\":\"search_term_string\"}}],\"inLanguage\":\"sv-SE\"},{\"@type\":\"Organization\",\"@id\":\"https:\\\/\\\/boutique-one-piece.com\\\/#organization\",\"name\":\"Boutique One Piece\",\"url\":\"https:\\\/\\\/boutique-one-piece.com\\\/\",\"logo\":{\"@type\":\"ImageObject\",\"inLanguage\":\"sv-SE\",\"@id\":\"https:\\\/\\\/boutique-one-piece.com\\\/#\\\/schema\\\/logo\\\/image\\\/\",\"url\":\"https:\\\/\\\/boutique-one-piece.com\\\/wp-content\\\/uploads\\\/2022\\\/09\\\/Logo-01.png\",\"contentUrl\":\"https:\\\/\\\/boutique-one-piece.com\\\/wp-content\\\/uploads\\\/2022\\\/09\\\/Logo-01.png\",\"width\":2318,\"height\":957,\"caption\":\"Boutique One Piece\"},\"image\":{\"@id\":\"https:\\\/\\\/boutique-one-piece.com\\\/#\\\/schema\\\/logo\\\/image\\\/\"}}]}<\/script>\n<!-- \/ Yoast SEO plugin. -->","yoast_head_json":{"title":"One Piece Sabo Mera Mera No Mi-figur | One Piece-figur \u2013 One Piece-butiken","description":"Unge pirat, det \u00e4r dags f\u00f6r dig att f\u00e5 tag p\u00e5 den h\u00e4r One Piece Sabo Mera Mera No Mi-figuren. H\u00e4r \u00e4r vad du beh\u00f6ver veta: Mera Mera no Mi \u00e4r en dj\u00e4vulsfrukt av Logia-typ som l\u00e5ter anv\u00e4ndaren skapa, kontrollera och f\u00f6rvandlas till eld efter behag, vilket f\u00f6rvandlar anv\u00e4ndaren till en eldman.","robots":{"index":"index","follow":"follow","max-snippet":"max-snippet:-1","max-image-preview":"max-image-preview:large","max-video-preview":"max-video-preview:-1"},"canonical":"https:\/\/boutique-one-piece.com\/sv\/one-piece-figurer\/sabo-figurer\/one-piece-sabo-mera-mera-no-mi-figur\/","og_locale":"sv_SE","og_type":"article","og_title":"Figurine One Piece Sabo Mera Mera No Mi | Figurine One Piece \u2013 Boutique One Piece","og_description":"Jeune pirate, le moment est venu pour toi de te procurer cette Figurine One Piece Sabo Mera Mera No Mi. Voici ce que tu dois savoir ; Le Mera Mera no Mi, est un Fruit du D\u00e9mon de type Logia, qui permet \u00e0 son utilisateur de cr\u00e9er, contr\u00f4ler et de se transformer en feu \u00e0 volont\u00e9, changeant l'utilisateur en un Homme-Feu.","og_url":"https:\/\/boutique-one-piece.com\/sv\/one-piece-figurer\/sabo-figurer\/one-piece-sabo-mera-mera-no-mi-figur\/","og_site_name":"Boutique One Piece","article_modified_time":"2024-09-16T11:29:27+00:00","og_image":[{"width":1125,"height":1500,"url":"https:\/\/boutique-one-piece.com\/wp-content\/uploads\/2022\/09\/Figurine-One-Piece-Sabo-Mera-Mera-No-Mi-1.jpg","type":"image\/jpeg"}],"twitter_card":"summary_large_image","twitter_misc":{"Ber\u00e4knad l\u00e4stid":"2 minuter"},"schema":{"@context":"https:\/\/schema.org","@graph":[{"@type":"WebPage","@id":"https:\/\/boutique-one-piece.com\/figurines-one-piece\/figurines-sabo\/figurine-one-piece-sabo-mera-mera-no-mi\/","url":"https:\/\/boutique-one-piece.com\/figurines-one-piece\/figurines-sabo\/figurine-one-piece-sabo-mera-mera-no-mi\/","name":"One Piece Sabo Mera Mera No Mi-figur | One Piece-figur \u2013 One Piece-butiken","isPartOf":{"@id":"https:\/\/boutique-one-piece.com\/#website"},"primaryImageOfPage":{"@id":"https:\/\/boutique-one-piece.com\/figurines-one-piece\/figurines-sabo\/figurine-one-piece-sabo-mera-mera-no-mi\/#primaryimage"},"image":{"@id":"https:\/\/boutique-one-piece.com\/figurines-one-piece\/figurines-sabo\/figurine-one-piece-sabo-mera-mera-no-mi\/#primaryimage"},"thumbnailUrl":"https:\/\/boutique-one-piece.com\/wp-content\/uploads\/2022\/09\/Figurine-One-Piece-Sabo-Mera-Mera-No-Mi-1.jpg","datePublished":"2022-09-27T20:16:06+00:00","dateModified":"2024-09-16T11:29:27+00:00","description":"Unge pirat, det \u00e4r dags f\u00f6r dig att f\u00e5 tag p\u00e5 den h\u00e4r One Piece Sabo Mera Mera No Mi-figuren. H\u00e4r \u00e4r vad du beh\u00f6ver veta: Mera Mera no Mi \u00e4r en dj\u00e4vulsfrukt av Logia-typ som l\u00e5ter anv\u00e4ndaren skapa, kontrollera och f\u00f6rvandlas till eld efter behag, vilket f\u00f6rvandlar anv\u00e4ndaren till en eldman.","breadcrumb":{"@id":"https:\/\/boutique-one-piece.com\/figurines-one-piece\/figurines-sabo\/figurine-one-piece-sabo-mera-mera-no-mi\/#breadcrumb"},"inLanguage":"sv-SE","potentialAction":[{"@type":"ReadAction","target":["https:\/\/boutique-one-piece.com\/figurines-one-piece\/figurines-sabo\/figurine-one-piece-sabo-mera-mera-no-mi\/"]}]},{"@type":"ImageObject","inLanguage":"sv-SE","@id":"https:\/\/boutique-one-piece.com\/figurines-one-piece\/figurines-sabo\/figurine-one-piece-sabo-mera-mera-no-mi\/#primaryimage","url":"https:\/\/boutique-one-piece.com\/wp-content\/uploads\/2022\/09\/Figurine-One-Piece-Sabo-Mera-Mera-No-Mi-1.jpg","contentUrl":"https:\/\/boutique-one-piece.com\/wp-content\/uploads\/2022\/09\/Figurine-One-Piece-Sabo-Mera-Mera-No-Mi-1.jpg","width":1125,"height":1500},{"@type":"BreadcrumbList","@id":"https:\/\/boutique-one-piece.com\/figurines-one-piece\/figurines-sabo\/figurine-one-piece-sabo-mera-mera-no-mi\/#breadcrumb","itemListElement":[{"@type":"ListItem","position":1,"name":"Home","item":"https:\/\/boutique-one-piece.com\/"},{"@type":"ListItem","position":2,"name":"Shop","item":"https:\/\/boutique-one-piece.com\/shop\/"},{"@type":"ListItem","position":3,"name":"Figurine One Piece Sabo Mera Mera No Mi"}]},{"@type":"WebSite","@id":"https:\/\/boutique-one-piece.com\/#website","url":"https:\/\/boutique-one-piece.com\/","name":"One Piece-butik","description":"Specialbutik f\u00f6r One Piece Manga och Anime","publisher":{"@id":"https:\/\/boutique-one-piece.com\/#organization"},"potentialAction":[{"@type":"SearchAction","target":{"@type":"EntryPoint","urlTemplate":"https:\/\/boutique-one-piece.com\/?s={search_term_string}"},"query-input":{"@type":"PropertyValueSpecification","valueRequired":true,"valueName":"search_term_string"}}],"inLanguage":"sv-SE"},{"@type":"Organization","@id":"https:\/\/boutique-one-piece.com\/#organization","name":"One Piece-butik","url":"https:\/\/boutique-one-piece.com\/","logo":{"@type":"ImageObject","inLanguage":"sv-SE","@id":"https:\/\/boutique-one-piece.com\/#\/schema\/logo\/image\/","url":"https:\/\/boutique-one-piece.com\/wp-content\/uploads\/2022\/09\/Logo-01.png","contentUrl":"https:\/\/boutique-one-piece.com\/wp-content\/uploads\/2022\/09\/Logo-01.png","width":2318,"height":957,"caption":"Boutique One Piece"},"image":{"@id":"https:\/\/boutique-one-piece.com\/#\/schema\/logo\/image\/"}}]}},"_links":{"self":[{"href":"https:\/\/boutique-one-piece.com\/sv\/wp-json\/wp\/v2\/product\/8887","targetHints":{"allow":["GET"]}}],"collection":[{"href":"https:\/\/boutique-one-piece.com\/sv\/wp-json\/wp\/v2\/product"}],"about":[{"href":"https:\/\/boutique-one-piece.com\/sv\/wp-json\/wp\/v2\/types\/product"}],"replies":[{"embeddable":true,"href":"https:\/\/boutique-one-piece.com\/sv\/wp-json\/wp\/v2\/comments?post=8887"}],"wp:featuredmedia":[{"embeddable":true,"href":"https:\/\/boutique-one-piece.com\/sv\/wp-json\/wp\/v2\/media\/8889"}],"wp:attachment":[{"href":"https:\/\/boutique-one-piece.com\/sv\/wp-json\/wp\/v2\/media?parent=8887"}],"wp:term":[{"taxonomy":"product_brand","embeddable":true,"href":"https:\/\/boutique-one-piece.com\/sv\/wp-json\/wp\/v2\/product_brand?post=8887"},{"taxonomy":"product_cat","embeddable":true,"href":"https:\/\/boutique-one-piece.com\/sv\/wp-json\/wp\/v2\/product_cat?post=8887"},{"taxonomy":"product_tag","embeddable":true,"href":"https:\/\/boutique-one-piece.com\/sv\/wp-json\/wp\/v2\/product_tag?post=8887"}],"curies":[{"name":"wp","href":"https:\/\/api.w.org\/{rel}","templated":true}]}}