{"id":9094,"date":"2022-09-27T20:17:35","date_gmt":"2022-09-27T20:17:35","guid":{"rendered":"https:\/\/boutique-one-piece.com\/uncategorized\/peluche-laboon\/"},"modified":"2026-04-22T07:44:31","modified_gmt":"2026-04-22T07:44:31","slug":"laboon-plyschleksak","status":"publish","type":"product","link":"https:\/\/boutique-one-piece.com\/sv\/one-piece-plyschleksaker\/laboon-plyschleksak\/","title":{"rendered":"Laboon plyschleksak"},"content":{"rendered":"<h2>Jeune pirate, pars \u00e0 la rencontre d\u2019une baleine pas comme les autres. Pour ce faire, procure-toi d\u00e8s maintenant cette Peluche Laboon.<\/h2>\n<p><strong>Laboon<\/strong> est une baleine (ou plus pr\u00e9cis\u00e9ment une Island Whale). Natif de West Blue, Laboon a atterri dans ce lieu en venant avec l\u2019<strong>Bes\u00e4ttningen p\u00e5 Rumbar<\/strong> dont Brook faisait part. Ils avaient promis de revenir le chercher apr\u00e8s avoir effectu\u00e9 le tour du monde, mais ils sont finalement tous morts (\u00e0 l\u2019exception de Brook qui a ressuscit\u00e9).<\/p>\n<p>L\u2019\u00e9quipage du Chapeau de Paille rencontre Laboon au d\u00e9but de l\u2019aventure et Luffy lui dessine un <strong>Jolly Roger<\/strong> sur la t\u00eate suite \u00e0 une promesse. D\u2019ailleurs, la <a title=\"LUFFY PLYS\" href=\"https:\/\/boutique-one-piece.com\/sv\/luffy-plysch\/\" target=\"_blank\" rel=\"noopener\">Luffy plyschleksak<\/a> \u00e4r inom r\u00e4ckh\u00e5ll om du vill ut\u00f6ka din samling av plyschleksaker.<\/p>\n<h3>Vad tyckte du om ditt m\u00f6te med Laboon? Om du vill tr\u00e4ffa honom igen, adoptera hans plyschleksak direkt. Han kommer att vara en del av ditt One Piece-\u00e4ventyr.<\/h3>\n<p><strong>Ung pirat<\/strong>, tu es au bon endroit. Tu retrouveras ici, des objets mythiques qui te plongeront ou te replongeront au sein de ton univers anim\u00e9 favori. Parfaits pour offrir, collectionner ou encore t\u2019amuser, ces objets viendront forc\u00e9ment agrandir ton univers <strong>Ett stycke<\/strong>. Une chose est certaine, l\u2019\u00e8re de la piraterie n\u2019est pas encore finie !<\/p>\n<h2>Information om One Piece Laboon-plysch:<\/h2>\n<ul>\n<li>\u00a0<b>Produkttyp<\/b><span>\u00a0<\/span>One Piece manga plyschleksak<\/li>\n<\/ul>\n<ul>\n<li>\n<b>Anv\u00e4ndning av Peluce<\/b>\u00a0Leksaker, dekorationer, samlarobjekt, presenter<\/li>\n<\/ul>\n<ul>\n<li>\n<b>Karakt\u00e4rsnamn<\/b>\u00a0Laboon<\/li>\n<\/ul>\n<ul>\n<li>\n<b>Storlek p\u00e5 plyschleksak<\/b>\u00a0: 25 centimeter<\/li>\n<\/ul>\n<ul>\n<li>\n<b>Materia<\/b>\u00a0Bomull<\/li>\n<\/ul>\n<ul>\n<li>\n<b>Rekommenderad \u00e5lder<\/b>\u00a0mer \u00e4n 3 \u00e5r<\/li>\n<\/ul>\n<ul>\n<li>\n<b>Fri leverans<\/b> f\u00f6r alla k\u00f6p<\/li>\n<\/ul>","protected":false},"excerpt":{"rendered":"<p>Jeune pirate, pars \u00e0 la rencontre d\u2019une baleine pas comme les autres. Pour ce faire, procure-toi d\u00e8s maintenant cette Peluche Laboon. Laboon est une baleine (ou plus pr\u00e9cis\u00e9ment une Island Whale). Natif de West Blue, Laboon a atterri dans ce lieu en venant avec l\u2019\u00c9quipage du Rumbar dont Brook faisait part. Ils avaient promis de [&hellip;]<\/p>","protected":false},"featured_media":20902,"comment_status":"open","ping_status":"open","template":"","meta":[],"product_brand":[],"product_cat":[177],"product_tag":[271],"class_list":{"0":"post-9094","1":"product","2":"type-product","3":"status-publish","4":"has-post-thumbnail","6":"product_cat-peluches-one-piece","7":"product_tag-laboon","9":"first","10":"instock","11":"purchasable","12":"product-type-simple"},"yoast_head":"<!-- This site is optimized with the Yoast SEO plugin v27.5 - https:\/\/yoast.com\/product\/yoast-seo-wordpress\/ -->\n<title>Peluche Laboon | Boutique One Piece<\/title>\n<meta name=\"description\" content=\"D\u00e9couvrez la peluche One Piece Laboon la baleine, elle est aussi douce que mignonne ! Commencez votre aventure de pirate \u00e0 la recherche du One Piece dans l&#039;\u00e9quipage du Chapeau de Paille\" \/>\n<meta name=\"robots\" content=\"index, follow, max-snippet:-1, max-image-preview:large, max-video-preview:-1\" \/>\n<link rel=\"canonical\" href=\"https:\/\/boutique-one-piece.com\/sv\/one-piece-plyschleksaker\/laboon-plyschleksak\/\" \/>\n<meta property=\"og:locale\" content=\"sv_SE\" \/>\n<meta property=\"og:type\" content=\"article\" \/>\n<meta property=\"og:title\" content=\"Peluche Laboon | Boutique One Piece\" \/>\n<meta property=\"og:description\" content=\"D\u00e9couvrez la peluche One Piece Laboon la baleine, elle est aussi douce que mignonne ! Commencez votre aventure de pirate \u00e0 la recherche du One Piece dans l&#039;\u00e9quipage du Chapeau de Paille\" \/>\n<meta property=\"og:url\" content=\"https:\/\/boutique-one-piece.com\/sv\/one-piece-plyschleksaker\/laboon-plyschleksak\/\" \/>\n<meta property=\"og:site_name\" content=\"Boutique One Piece\" \/>\n<meta property=\"article:modified_time\" content=\"2026-04-22T07:44:31+00:00\" \/>\n<meta property=\"og:image\" content=\"https:\/\/boutique-one-piece.com\/wp-content\/uploads\/2026\/04\/imgi_1_S09e0939941304896b06616e80ec83e674.jpg\" \/>\n\t<meta property=\"og:image:width\" content=\"2000\" \/>\n\t<meta property=\"og:image:height\" content=\"2000\" \/>\n\t<meta property=\"og:image:type\" content=\"image\/jpeg\" \/>\n<meta name=\"twitter:card\" content=\"summary_large_image\" \/>\n<meta name=\"twitter:label1\" content=\"Ber\u00e4knad l\u00e4stid\" \/>\n\t<meta name=\"twitter:data1\" content=\"2 minuter\" \/>\n<script type=\"application\/ld+json\" class=\"yoast-schema-graph\">{\"@context\":\"https:\\\/\\\/schema.org\",\"@graph\":[{\"@type\":\"WebPage\",\"@id\":\"https:\\\/\\\/boutique-one-piece.com\\\/peluches-one-piece\\\/peluche-laboon\\\/\",\"url\":\"https:\\\/\\\/boutique-one-piece.com\\\/peluches-one-piece\\\/peluche-laboon\\\/\",\"name\":\"Peluche Laboon | Boutique One Piece\",\"isPartOf\":{\"@id\":\"https:\\\/\\\/boutique-one-piece.com\\\/#website\"},\"primaryImageOfPage\":{\"@id\":\"https:\\\/\\\/boutique-one-piece.com\\\/peluches-one-piece\\\/peluche-laboon\\\/#primaryimage\"},\"image\":{\"@id\":\"https:\\\/\\\/boutique-one-piece.com\\\/peluches-one-piece\\\/peluche-laboon\\\/#primaryimage\"},\"thumbnailUrl\":\"https:\\\/\\\/boutique-one-piece.com\\\/wp-content\\\/uploads\\\/2026\\\/04\\\/imgi_1_S09e0939941304896b06616e80ec83e674.jpg\",\"datePublished\":\"2022-09-27T20:17:35+00:00\",\"dateModified\":\"2026-04-22T07:44:31+00:00\",\"description\":\"D\u00e9couvrez la peluche One Piece Laboon la baleine, elle est aussi douce que mignonne ! Commencez votre aventure de pirate \u00e0 la recherche du One Piece dans l'\u00e9quipage du Chapeau de Paille\",\"breadcrumb\":{\"@id\":\"https:\\\/\\\/boutique-one-piece.com\\\/peluches-one-piece\\\/peluche-laboon\\\/#breadcrumb\"},\"inLanguage\":\"sv-SE\",\"potentialAction\":[{\"@type\":\"ReadAction\",\"target\":[\"https:\\\/\\\/boutique-one-piece.com\\\/peluches-one-piece\\\/peluche-laboon\\\/\"]}]},{\"@type\":\"ImageObject\",\"inLanguage\":\"sv-SE\",\"@id\":\"https:\\\/\\\/boutique-one-piece.com\\\/peluches-one-piece\\\/peluche-laboon\\\/#primaryimage\",\"url\":\"https:\\\/\\\/boutique-one-piece.com\\\/wp-content\\\/uploads\\\/2026\\\/04\\\/imgi_1_S09e0939941304896b06616e80ec83e674.jpg\",\"contentUrl\":\"https:\\\/\\\/boutique-one-piece.com\\\/wp-content\\\/uploads\\\/2026\\\/04\\\/imgi_1_S09e0939941304896b06616e80ec83e674.jpg\",\"width\":2000,\"height\":2000},{\"@type\":\"BreadcrumbList\",\"@id\":\"https:\\\/\\\/boutique-one-piece.com\\\/peluches-one-piece\\\/peluche-laboon\\\/#breadcrumb\",\"itemListElement\":[{\"@type\":\"ListItem\",\"position\":1,\"name\":\"Home\",\"item\":\"https:\\\/\\\/boutique-one-piece.com\\\/\"},{\"@type\":\"ListItem\",\"position\":2,\"name\":\"Shop\",\"item\":\"https:\\\/\\\/boutique-one-piece.com\\\/shop\\\/\"},{\"@type\":\"ListItem\",\"position\":3,\"name\":\"Peluche Laboon\"}]},{\"@type\":\"WebSite\",\"@id\":\"https:\\\/\\\/boutique-one-piece.com\\\/#website\",\"url\":\"https:\\\/\\\/boutique-one-piece.com\\\/\",\"name\":\"Boutique One Piece\",\"description\":\"Magasin Sp\u00e9cialis\u00e9 du Manga et l&#039;Anime One Piece\",\"publisher\":{\"@id\":\"https:\\\/\\\/boutique-one-piece.com\\\/#organization\"},\"potentialAction\":[{\"@type\":\"SearchAction\",\"target\":{\"@type\":\"EntryPoint\",\"urlTemplate\":\"https:\\\/\\\/boutique-one-piece.com\\\/?s={search_term_string}\"},\"query-input\":{\"@type\":\"PropertyValueSpecification\",\"valueRequired\":true,\"valueName\":\"search_term_string\"}}],\"inLanguage\":\"sv-SE\"},{\"@type\":\"Organization\",\"@id\":\"https:\\\/\\\/boutique-one-piece.com\\\/#organization\",\"name\":\"Boutique One Piece\",\"url\":\"https:\\\/\\\/boutique-one-piece.com\\\/\",\"logo\":{\"@type\":\"ImageObject\",\"inLanguage\":\"sv-SE\",\"@id\":\"https:\\\/\\\/boutique-one-piece.com\\\/#\\\/schema\\\/logo\\\/image\\\/\",\"url\":\"https:\\\/\\\/boutique-one-piece.com\\\/wp-content\\\/uploads\\\/2022\\\/09\\\/Logo-01.png\",\"contentUrl\":\"https:\\\/\\\/boutique-one-piece.com\\\/wp-content\\\/uploads\\\/2022\\\/09\\\/Logo-01.png\",\"width\":2318,\"height\":957,\"caption\":\"Boutique One Piece\"},\"image\":{\"@id\":\"https:\\\/\\\/boutique-one-piece.com\\\/#\\\/schema\\\/logo\\\/image\\\/\"}}]}<\/script>\n<!-- \/ Yoast SEO plugin. -->","yoast_head_json":{"title":"Laboon Plysch | One Piece Shop","description":"Uppt\u00e4ck One Piece Laboon, valplysch \u2013 den \u00e4r lika mjuk som den \u00e4r s\u00f6t! B\u00f6rja ditt pirat\u00e4ventyr i jakten p\u00e5 One Piece med Straw Hat-g\u00e4nget.","robots":{"index":"index","follow":"follow","max-snippet":"max-snippet:-1","max-image-preview":"max-image-preview:large","max-video-preview":"max-video-preview:-1"},"canonical":"https:\/\/boutique-one-piece.com\/sv\/one-piece-plyschleksaker\/laboon-plyschleksak\/","og_locale":"sv_SE","og_type":"article","og_title":"Peluche Laboon | Boutique One Piece","og_description":"D\u00e9couvrez la peluche One Piece Laboon la baleine, elle est aussi douce que mignonne ! Commencez votre aventure de pirate \u00e0 la recherche du One Piece dans l'\u00e9quipage du Chapeau de Paille","og_url":"https:\/\/boutique-one-piece.com\/sv\/one-piece-plyschleksaker\/laboon-plyschleksak\/","og_site_name":"Boutique One Piece","article_modified_time":"2026-04-22T07:44:31+00:00","og_image":[{"width":2000,"height":2000,"url":"https:\/\/boutique-one-piece.com\/wp-content\/uploads\/2026\/04\/imgi_1_S09e0939941304896b06616e80ec83e674.jpg","type":"image\/jpeg"}],"twitter_card":"summary_large_image","twitter_misc":{"Ber\u00e4knad l\u00e4stid":"2 minuter"},"schema":{"@context":"https:\/\/schema.org","@graph":[{"@type":"WebPage","@id":"https:\/\/boutique-one-piece.com\/peluches-one-piece\/peluche-laboon\/","url":"https:\/\/boutique-one-piece.com\/peluches-one-piece\/peluche-laboon\/","name":"Laboon Plysch | One Piece Shop","isPartOf":{"@id":"https:\/\/boutique-one-piece.com\/#website"},"primaryImageOfPage":{"@id":"https:\/\/boutique-one-piece.com\/peluches-one-piece\/peluche-laboon\/#primaryimage"},"image":{"@id":"https:\/\/boutique-one-piece.com\/peluches-one-piece\/peluche-laboon\/#primaryimage"},"thumbnailUrl":"https:\/\/boutique-one-piece.com\/wp-content\/uploads\/2026\/04\/imgi_1_S09e0939941304896b06616e80ec83e674.jpg","datePublished":"2022-09-27T20:17:35+00:00","dateModified":"2026-04-22T07:44:31+00:00","description":"Uppt\u00e4ck One Piece Laboon, valplysch \u2013 den \u00e4r lika mjuk som den \u00e4r s\u00f6t! B\u00f6rja ditt pirat\u00e4ventyr i jakten p\u00e5 One Piece med Straw Hat-g\u00e4nget.","breadcrumb":{"@id":"https:\/\/boutique-one-piece.com\/peluches-one-piece\/peluche-laboon\/#breadcrumb"},"inLanguage":"sv-SE","potentialAction":[{"@type":"ReadAction","target":["https:\/\/boutique-one-piece.com\/peluches-one-piece\/peluche-laboon\/"]}]},{"@type":"ImageObject","inLanguage":"sv-SE","@id":"https:\/\/boutique-one-piece.com\/peluches-one-piece\/peluche-laboon\/#primaryimage","url":"https:\/\/boutique-one-piece.com\/wp-content\/uploads\/2026\/04\/imgi_1_S09e0939941304896b06616e80ec83e674.jpg","contentUrl":"https:\/\/boutique-one-piece.com\/wp-content\/uploads\/2026\/04\/imgi_1_S09e0939941304896b06616e80ec83e674.jpg","width":2000,"height":2000},{"@type":"BreadcrumbList","@id":"https:\/\/boutique-one-piece.com\/peluches-one-piece\/peluche-laboon\/#breadcrumb","itemListElement":[{"@type":"ListItem","position":1,"name":"Home","item":"https:\/\/boutique-one-piece.com\/"},{"@type":"ListItem","position":2,"name":"Shop","item":"https:\/\/boutique-one-piece.com\/shop\/"},{"@type":"ListItem","position":3,"name":"Peluche Laboon"}]},{"@type":"WebSite","@id":"https:\/\/boutique-one-piece.com\/#website","url":"https:\/\/boutique-one-piece.com\/","name":"One Piece-butik","description":"Specialbutik f\u00f6r One Piece Manga och Anime","publisher":{"@id":"https:\/\/boutique-one-piece.com\/#organization"},"potentialAction":[{"@type":"SearchAction","target":{"@type":"EntryPoint","urlTemplate":"https:\/\/boutique-one-piece.com\/?s={search_term_string}"},"query-input":{"@type":"PropertyValueSpecification","valueRequired":true,"valueName":"search_term_string"}}],"inLanguage":"sv-SE"},{"@type":"Organization","@id":"https:\/\/boutique-one-piece.com\/#organization","name":"One Piece-butik","url":"https:\/\/boutique-one-piece.com\/","logo":{"@type":"ImageObject","inLanguage":"sv-SE","@id":"https:\/\/boutique-one-piece.com\/#\/schema\/logo\/image\/","url":"https:\/\/boutique-one-piece.com\/wp-content\/uploads\/2022\/09\/Logo-01.png","contentUrl":"https:\/\/boutique-one-piece.com\/wp-content\/uploads\/2022\/09\/Logo-01.png","width":2318,"height":957,"caption":"Boutique One Piece"},"image":{"@id":"https:\/\/boutique-one-piece.com\/#\/schema\/logo\/image\/"}}]}},"_links":{"self":[{"href":"https:\/\/boutique-one-piece.com\/sv\/wp-json\/wp\/v2\/product\/9094","targetHints":{"allow":["GET"]}}],"collection":[{"href":"https:\/\/boutique-one-piece.com\/sv\/wp-json\/wp\/v2\/product"}],"about":[{"href":"https:\/\/boutique-one-piece.com\/sv\/wp-json\/wp\/v2\/types\/product"}],"replies":[{"embeddable":true,"href":"https:\/\/boutique-one-piece.com\/sv\/wp-json\/wp\/v2\/comments?post=9094"}],"wp:featuredmedia":[{"embeddable":true,"href":"https:\/\/boutique-one-piece.com\/sv\/wp-json\/wp\/v2\/media\/20902"}],"wp:attachment":[{"href":"https:\/\/boutique-one-piece.com\/sv\/wp-json\/wp\/v2\/media?parent=9094"}],"wp:term":[{"taxonomy":"product_brand","embeddable":true,"href":"https:\/\/boutique-one-piece.com\/sv\/wp-json\/wp\/v2\/product_brand?post=9094"},{"taxonomy":"product_cat","embeddable":true,"href":"https:\/\/boutique-one-piece.com\/sv\/wp-json\/wp\/v2\/product_cat?post=9094"},{"taxonomy":"product_tag","embeddable":true,"href":"https:\/\/boutique-one-piece.com\/sv\/wp-json\/wp\/v2\/product_tag?post=9094"}],"curies":[{"name":"wp","href":"https:\/\/api.w.org\/{rel}","templated":true}]}}