{"id":9211,"date":"2022-09-27T20:18:06","date_gmt":"2022-09-27T20:18:06","guid":{"rendered":"https:\/\/boutique-one-piece.com\/uncategorized\/sweat-one-piece-les-3-freres-ace-sabo-et-luffy\/"},"modified":"2024-09-16T11:37:40","modified_gmt":"2024-09-16T11:37:40","slug":"one-piece-troja-med-de-tre-broderna-ace-sabo-och-luffy","status":"publish","type":"product","link":"https:\/\/boutique-one-piece.com\/sv\/one-piece-klader\/ett-stycke-trojor\/one-piece-troja-med-de-tre-broderna-ace-sabo-och-luffy\/","title":{"rendered":"One Piece-tr\u00f6ja: De tre br\u00f6derna Ace, Sabo och Luffy"},"content":{"rendered":"<h2 data-mce-fragment=\"1\">Information om tr\u00f6jan:\u00a0<\/h2>\n<ul data-mce-fragment=\"1\">\n<li data-mce-fragment=\"1\">\n<strong data-mce-fragment=\"1\">Premiumkvalitets tr\u00f6ja i ett stycke\u00a0<\/strong>har en<span data-mce-fragment=\"1\">\u00a0<\/span><strong data-mce-fragment=\"1\">h\u00f6g ytvikt<\/strong><span data-mce-fragment=\"1\">\u00a0<\/span>med kvalitetsmaterial<\/li>\n<\/ul>\n<ul data-mce-fragment=\"1\">\n<li data-mce-fragment=\"1\">\n<strong data-mce-fragment=\"1\">Stor flexibilitet\u00a0<\/strong>: tack vare sin sammans\u00e4ttning g\u00f6r den inte<span data-mce-fragment=\"1\">\u00a0<\/span><strong data-mce-fragment=\"1\">skrynkliga<\/strong><span data-mce-fragment=\"1\">\u00a0<\/span>inte<\/li>\n<\/ul>\n<ul data-mce-fragment=\"1\">\n<li data-mce-fragment=\"1\">\n<strong data-mce-fragment=\"1\">Mycket bekv\u00e4m\u00a0<\/strong>med<span data-mce-fragment=\"1\">\u00a0<\/span>hans<span data-mce-fragment=\"1\">\u00a0<\/span><strong data-mce-fragment=\"1\">fibrer<\/strong><span data-mce-fragment=\"1\">\u00a0<\/span>av<span data-mce-fragment=\"1\">\u00a0<\/span><strong data-mce-fragment=\"1\">bomull<\/strong><span data-mce-fragment=\"1\">\u00a0<\/span>stor<span data-mce-fragment=\"1\">\u00a0<\/span><strong data-mce-fragment=\"1\">mjuk<\/strong>, det finns ingen<span data-mce-fragment=\"1\">\u00a0<\/span><strong data-mce-fragment=\"1\">friktion<\/strong>\n<\/li>\n<\/ul>\n<ul data-mce-fragment=\"1\">\n<li data-mce-fragment=\"1\">3D digitalutskrift, originell design<\/li>\n<\/ul>\n<ul data-mce-fragment=\"1\">\n<li data-mce-fragment=\"1\">\n<strong data-mce-fragment=\"1\">Organisk bomull\u00a0<\/strong>bomull<span data-mce-fragment=\"1\">\u00a0<\/span><strong data-mce-fragment=\"1\">h\u00f6g kvalitet<\/strong>\u00a0med<span data-mce-fragment=\"1\">\u00a0<\/span><strong data-mce-fragment=\"1\">fibrer<\/strong><span data-mce-fragment=\"1\">\u00a0<\/span>extra<span data-mce-fragment=\"1\">\u00a0<\/span><strong data-mce-fragment=\"1\">l\u00e5ng<\/strong>\n<\/li>\n<\/ul>\n<ul data-mce-fragment=\"1\">\n<li data-mce-fragment=\"1\">\n<strong data-mce-fragment=\"1\">Fri leverans\u00a0<\/strong>f\u00f6r alla k\u00f6p<strong data-mce-fragment=\"1\">\u00a0<\/strong>\n<\/li>\n<\/ul>","protected":false},"excerpt":{"rendered":"<p>Information om tr\u00f6jan: Premiumtr\u00f6ja i ett stycke: H\u00f6gkvalitativt tyg med h\u00f6g ytvikt och premiummaterial. Mycket flexibel: Tack vare sin sammans\u00e4ttning skrynklar den inte. Mycket bekv\u00e4m: Med sina supermjuka bomullsfibrer skaver den inte. Digitalt 3D-tryck, originell design. Ekologisk bomull: H\u00f6gkvalitativ bomull med extra l\u00e5nga fibrer. Fri frakt p\u00e5 alla k\u00f6p.\u00a0<\/p>","protected":false},"featured_media":9213,"comment_status":"open","ping_status":"open","template":"","meta":[],"product_brand":[],"product_cat":[149],"product_tag":[],"class_list":{"0":"post-9211","1":"product","2":"type-product","3":"status-publish","4":"has-post-thumbnail","6":"product_cat-sweats-one-piece","8":"first","9":"instock","10":"purchasable","11":"product-type-variable","12":"has-default-attributes"},"yoast_head":"<!-- This site is optimized with the Yoast SEO plugin v27.5 - https:\/\/yoast.com\/product\/yoast-seo-wordpress\/ -->\n<title>Sweat One Piece Les 3 Fr\u00e8res Ace Sabo et Luffy | Boutique One Piece<\/title>\n<meta name=\"description\" content=\"Informations sur le Sweat :\u00a0 Sweat\u00a0One Piece\u00a0de qualit\u00e9 sup\u00e9rieur\u00a0:\u00a0poss\u00e8de un\u00a0grammage \u00e9lev\u00e9\u00a0avec des mat\u00e9riaux de qualit\u00e9s Grande souplesse\u00a0: gr\u00e2ce \u00e0 sa composition, il ne se\u00a0froisse\u00a0pas Tr\u00e8s confortable\u00a0: avec\u00a0ses\u00a0fibres\u00a0de\u00a0coton\u00a0super\u00a0doux, il n&#039;y a pas\u00a0de\u00a0frottements Impression digitale 3D, design original Coton\u00a0o\" \/>\n<meta name=\"robots\" content=\"index, follow, max-snippet:-1, max-image-preview:large, max-video-preview:-1\" \/>\n<link rel=\"canonical\" href=\"https:\/\/boutique-one-piece.com\/sv\/one-piece-klader\/ett-stycke-trojor\/one-piece-troja-med-de-tre-broderna-ace-sabo-och-luffy\/\" \/>\n<meta property=\"og:locale\" content=\"sv_SE\" \/>\n<meta property=\"og:type\" content=\"article\" \/>\n<meta property=\"og:title\" content=\"Sweat One Piece Les 3 Fr\u00e8res Ace Sabo et Luffy | Boutique One Piece\" \/>\n<meta property=\"og:description\" content=\"Informations sur le Sweat :\u00a0 Sweat\u00a0One Piece\u00a0de qualit\u00e9 sup\u00e9rieur\u00a0:\u00a0poss\u00e8de un\u00a0grammage \u00e9lev\u00e9\u00a0avec des mat\u00e9riaux de qualit\u00e9s Grande souplesse\u00a0: gr\u00e2ce \u00e0 sa composition, il ne se\u00a0froisse\u00a0pas Tr\u00e8s confortable\u00a0: avec\u00a0ses\u00a0fibres\u00a0de\u00a0coton\u00a0super\u00a0doux, il n&#039;y a pas\u00a0de\u00a0frottements Impression digitale 3D, design original Coton\u00a0o\" \/>\n<meta property=\"og:url\" content=\"https:\/\/boutique-one-piece.com\/sv\/one-piece-klader\/ett-stycke-trojor\/one-piece-troja-med-de-tre-broderna-ace-sabo-och-luffy\/\" \/>\n<meta property=\"og:site_name\" content=\"Boutique One Piece\" \/>\n<meta property=\"article:modified_time\" content=\"2024-09-16T11:37:40+00:00\" \/>\n<meta property=\"og:image\" content=\"https:\/\/boutique-one-piece.com\/wp-content\/uploads\/2022\/09\/Sweat-One-Piece-Les-3-Freres-Ace-Sabo-et-Luffy.jpg\" \/>\n\t<meta property=\"og:image:width\" content=\"607\" \/>\n\t<meta property=\"og:image:height\" content=\"640\" \/>\n\t<meta property=\"og:image:type\" content=\"image\/jpeg\" \/>\n<meta name=\"twitter:card\" content=\"summary_large_image\" \/>\n<script type=\"application\/ld+json\" class=\"yoast-schema-graph\">{\"@context\":\"https:\\\/\\\/schema.org\",\"@graph\":[{\"@type\":\"WebPage\",\"@id\":\"https:\\\/\\\/boutique-one-piece.com\\\/vetements-one-piece\\\/sweats-one-piece\\\/sweat-one-piece-les-3-freres-ace-sabo-et-luffy\\\/\",\"url\":\"https:\\\/\\\/boutique-one-piece.com\\\/vetements-one-piece\\\/sweats-one-piece\\\/sweat-one-piece-les-3-freres-ace-sabo-et-luffy\\\/\",\"name\":\"Sweat One Piece Les 3 Fr\u00e8res Ace Sabo et Luffy | Boutique One Piece\",\"isPartOf\":{\"@id\":\"https:\\\/\\\/boutique-one-piece.com\\\/#website\"},\"primaryImageOfPage\":{\"@id\":\"https:\\\/\\\/boutique-one-piece.com\\\/vetements-one-piece\\\/sweats-one-piece\\\/sweat-one-piece-les-3-freres-ace-sabo-et-luffy\\\/#primaryimage\"},\"image\":{\"@id\":\"https:\\\/\\\/boutique-one-piece.com\\\/vetements-one-piece\\\/sweats-one-piece\\\/sweat-one-piece-les-3-freres-ace-sabo-et-luffy\\\/#primaryimage\"},\"thumbnailUrl\":\"https:\\\/\\\/boutique-one-piece.com\\\/wp-content\\\/uploads\\\/2022\\\/09\\\/Sweat-One-Piece-Les-3-Freres-Ace-Sabo-et-Luffy.jpg\",\"datePublished\":\"2022-09-27T20:18:06+00:00\",\"dateModified\":\"2024-09-16T11:37:40+00:00\",\"description\":\"Informations sur le Sweat :\u00a0 Sweat\u00a0One Piece\u00a0de qualit\u00e9 sup\u00e9rieur\u00a0:\u00a0poss\u00e8de un\u00a0grammage \u00e9lev\u00e9\u00a0avec des mat\u00e9riaux de qualit\u00e9s Grande souplesse\u00a0: gr\u00e2ce \u00e0 sa composition, il ne se\u00a0froisse\u00a0pas Tr\u00e8s confortable\u00a0: avec\u00a0ses\u00a0fibres\u00a0de\u00a0coton\u00a0super\u00a0doux, il n'y a pas\u00a0de\u00a0frottements Impression digitale 3D, design original Coton\u00a0o\",\"breadcrumb\":{\"@id\":\"https:\\\/\\\/boutique-one-piece.com\\\/vetements-one-piece\\\/sweats-one-piece\\\/sweat-one-piece-les-3-freres-ace-sabo-et-luffy\\\/#breadcrumb\"},\"inLanguage\":\"sv-SE\",\"potentialAction\":[{\"@type\":\"ReadAction\",\"target\":[\"https:\\\/\\\/boutique-one-piece.com\\\/vetements-one-piece\\\/sweats-one-piece\\\/sweat-one-piece-les-3-freres-ace-sabo-et-luffy\\\/\"]}]},{\"@type\":\"ImageObject\",\"inLanguage\":\"sv-SE\",\"@id\":\"https:\\\/\\\/boutique-one-piece.com\\\/vetements-one-piece\\\/sweats-one-piece\\\/sweat-one-piece-les-3-freres-ace-sabo-et-luffy\\\/#primaryimage\",\"url\":\"https:\\\/\\\/boutique-one-piece.com\\\/wp-content\\\/uploads\\\/2022\\\/09\\\/Sweat-One-Piece-Les-3-Freres-Ace-Sabo-et-Luffy.jpg\",\"contentUrl\":\"https:\\\/\\\/boutique-one-piece.com\\\/wp-content\\\/uploads\\\/2022\\\/09\\\/Sweat-One-Piece-Les-3-Freres-Ace-Sabo-et-Luffy.jpg\",\"width\":607,\"height\":640,\"caption\":\"Sweat One Piece Les 3 Fr\u00e8res Ace Sabo et Luffy XXXL\"},{\"@type\":\"BreadcrumbList\",\"@id\":\"https:\\\/\\\/boutique-one-piece.com\\\/vetements-one-piece\\\/sweats-one-piece\\\/sweat-one-piece-les-3-freres-ace-sabo-et-luffy\\\/#breadcrumb\",\"itemListElement\":[{\"@type\":\"ListItem\",\"position\":1,\"name\":\"Home\",\"item\":\"https:\\\/\\\/boutique-one-piece.com\\\/\"},{\"@type\":\"ListItem\",\"position\":2,\"name\":\"Shop\",\"item\":\"https:\\\/\\\/boutique-one-piece.com\\\/shop\\\/\"},{\"@type\":\"ListItem\",\"position\":3,\"name\":\"Sweat One Piece Les 3 Fr\u00e8res Ace Sabo et Luffy\"}]},{\"@type\":\"WebSite\",\"@id\":\"https:\\\/\\\/boutique-one-piece.com\\\/#website\",\"url\":\"https:\\\/\\\/boutique-one-piece.com\\\/\",\"name\":\"Boutique One Piece\",\"description\":\"Magasin Sp\u00e9cialis\u00e9 du Manga et l&#039;Anime One Piece\",\"publisher\":{\"@id\":\"https:\\\/\\\/boutique-one-piece.com\\\/#organization\"},\"potentialAction\":[{\"@type\":\"SearchAction\",\"target\":{\"@type\":\"EntryPoint\",\"urlTemplate\":\"https:\\\/\\\/boutique-one-piece.com\\\/?s={search_term_string}\"},\"query-input\":{\"@type\":\"PropertyValueSpecification\",\"valueRequired\":true,\"valueName\":\"search_term_string\"}}],\"inLanguage\":\"sv-SE\"},{\"@type\":\"Organization\",\"@id\":\"https:\\\/\\\/boutique-one-piece.com\\\/#organization\",\"name\":\"Boutique One Piece\",\"url\":\"https:\\\/\\\/boutique-one-piece.com\\\/\",\"logo\":{\"@type\":\"ImageObject\",\"inLanguage\":\"sv-SE\",\"@id\":\"https:\\\/\\\/boutique-one-piece.com\\\/#\\\/schema\\\/logo\\\/image\\\/\",\"url\":\"https:\\\/\\\/boutique-one-piece.com\\\/wp-content\\\/uploads\\\/2022\\\/09\\\/Logo-01.png\",\"contentUrl\":\"https:\\\/\\\/boutique-one-piece.com\\\/wp-content\\\/uploads\\\/2022\\\/09\\\/Logo-01.png\",\"width\":2318,\"height\":957,\"caption\":\"Boutique One Piece\"},\"image\":{\"@id\":\"https:\\\/\\\/boutique-one-piece.com\\\/#\\\/schema\\\/logo\\\/image\\\/\"}}]}<\/script>\n<!-- \/ Yoast SEO plugin. -->","yoast_head_json":{"title":"One Piece Tr\u00f6ja: De tre br\u00f6derna Ace, Sabo och Luffy | One Piece Shop","description":"Information om tr\u00f6jan: Premiumtr\u00f6ja i ett stycke: H\u00f6gkvalitativt tyg med h\u00f6g ytvikt och kvalitetsmaterial. Mycket flexibel: Tack vare sin sammans\u00e4ttning skrynklar den inte. Mycket bekv\u00e4m: Med sina supermjuka bomullsfibrer skaver den inte. Digitalt 3D-tryck, originell design. Bomull.","robots":{"index":"index","follow":"follow","max-snippet":"max-snippet:-1","max-image-preview":"max-image-preview:large","max-video-preview":"max-video-preview:-1"},"canonical":"https:\/\/boutique-one-piece.com\/sv\/one-piece-klader\/ett-stycke-trojor\/one-piece-troja-med-de-tre-broderna-ace-sabo-och-luffy\/","og_locale":"sv_SE","og_type":"article","og_title":"Sweat One Piece Les 3 Fr\u00e8res Ace Sabo et Luffy | Boutique One Piece","og_description":"Informations sur le Sweat :\u00a0 Sweat\u00a0One Piece\u00a0de qualit\u00e9 sup\u00e9rieur\u00a0:\u00a0poss\u00e8de un\u00a0grammage \u00e9lev\u00e9\u00a0avec des mat\u00e9riaux de qualit\u00e9s Grande souplesse\u00a0: gr\u00e2ce \u00e0 sa composition, il ne se\u00a0froisse\u00a0pas Tr\u00e8s confortable\u00a0: avec\u00a0ses\u00a0fibres\u00a0de\u00a0coton\u00a0super\u00a0doux, il n'y a pas\u00a0de\u00a0frottements Impression digitale 3D, design original Coton\u00a0o","og_url":"https:\/\/boutique-one-piece.com\/sv\/one-piece-klader\/ett-stycke-trojor\/one-piece-troja-med-de-tre-broderna-ace-sabo-och-luffy\/","og_site_name":"Boutique One Piece","article_modified_time":"2024-09-16T11:37:40+00:00","og_image":[{"width":607,"height":640,"url":"https:\/\/boutique-one-piece.com\/wp-content\/uploads\/2022\/09\/Sweat-One-Piece-Les-3-Freres-Ace-Sabo-et-Luffy.jpg","type":"image\/jpeg"}],"twitter_card":"summary_large_image","schema":{"@context":"https:\/\/schema.org","@graph":[{"@type":"WebPage","@id":"https:\/\/boutique-one-piece.com\/vetements-one-piece\/sweats-one-piece\/sweat-one-piece-les-3-freres-ace-sabo-et-luffy\/","url":"https:\/\/boutique-one-piece.com\/vetements-one-piece\/sweats-one-piece\/sweat-one-piece-les-3-freres-ace-sabo-et-luffy\/","name":"One Piece Tr\u00f6ja: De tre br\u00f6derna Ace, Sabo och Luffy | One Piece Shop","isPartOf":{"@id":"https:\/\/boutique-one-piece.com\/#website"},"primaryImageOfPage":{"@id":"https:\/\/boutique-one-piece.com\/vetements-one-piece\/sweats-one-piece\/sweat-one-piece-les-3-freres-ace-sabo-et-luffy\/#primaryimage"},"image":{"@id":"https:\/\/boutique-one-piece.com\/vetements-one-piece\/sweats-one-piece\/sweat-one-piece-les-3-freres-ace-sabo-et-luffy\/#primaryimage"},"thumbnailUrl":"https:\/\/boutique-one-piece.com\/wp-content\/uploads\/2022\/09\/Sweat-One-Piece-Les-3-Freres-Ace-Sabo-et-Luffy.jpg","datePublished":"2022-09-27T20:18:06+00:00","dateModified":"2024-09-16T11:37:40+00:00","description":"Information om tr\u00f6jan: Premiumtr\u00f6ja i ett stycke: H\u00f6gkvalitativt tyg med h\u00f6g ytvikt och kvalitetsmaterial. Mycket flexibel: Tack vare sin sammans\u00e4ttning skrynklar den inte. Mycket bekv\u00e4m: Med sina supermjuka bomullsfibrer skaver den inte. Digitalt 3D-tryck, originell design. Bomull.","breadcrumb":{"@id":"https:\/\/boutique-one-piece.com\/vetements-one-piece\/sweats-one-piece\/sweat-one-piece-les-3-freres-ace-sabo-et-luffy\/#breadcrumb"},"inLanguage":"sv-SE","potentialAction":[{"@type":"ReadAction","target":["https:\/\/boutique-one-piece.com\/vetements-one-piece\/sweats-one-piece\/sweat-one-piece-les-3-freres-ace-sabo-et-luffy\/"]}]},{"@type":"ImageObject","inLanguage":"sv-SE","@id":"https:\/\/boutique-one-piece.com\/vetements-one-piece\/sweats-one-piece\/sweat-one-piece-les-3-freres-ace-sabo-et-luffy\/#primaryimage","url":"https:\/\/boutique-one-piece.com\/wp-content\/uploads\/2022\/09\/Sweat-One-Piece-Les-3-Freres-Ace-Sabo-et-Luffy.jpg","contentUrl":"https:\/\/boutique-one-piece.com\/wp-content\/uploads\/2022\/09\/Sweat-One-Piece-Les-3-Freres-Ace-Sabo-et-Luffy.jpg","width":607,"height":640,"caption":"Sweat One Piece Les 3 Fr\u00e8res Ace Sabo et Luffy XXXL"},{"@type":"BreadcrumbList","@id":"https:\/\/boutique-one-piece.com\/vetements-one-piece\/sweats-one-piece\/sweat-one-piece-les-3-freres-ace-sabo-et-luffy\/#breadcrumb","itemListElement":[{"@type":"ListItem","position":1,"name":"Home","item":"https:\/\/boutique-one-piece.com\/"},{"@type":"ListItem","position":2,"name":"Shop","item":"https:\/\/boutique-one-piece.com\/shop\/"},{"@type":"ListItem","position":3,"name":"Sweat One Piece Les 3 Fr\u00e8res Ace Sabo et Luffy"}]},{"@type":"WebSite","@id":"https:\/\/boutique-one-piece.com\/#website","url":"https:\/\/boutique-one-piece.com\/","name":"One Piece-butik","description":"Specialbutik f\u00f6r One Piece Manga och Anime","publisher":{"@id":"https:\/\/boutique-one-piece.com\/#organization"},"potentialAction":[{"@type":"SearchAction","target":{"@type":"EntryPoint","urlTemplate":"https:\/\/boutique-one-piece.com\/?s={search_term_string}"},"query-input":{"@type":"PropertyValueSpecification","valueRequired":true,"valueName":"search_term_string"}}],"inLanguage":"sv-SE"},{"@type":"Organization","@id":"https:\/\/boutique-one-piece.com\/#organization","name":"One Piece-butik","url":"https:\/\/boutique-one-piece.com\/","logo":{"@type":"ImageObject","inLanguage":"sv-SE","@id":"https:\/\/boutique-one-piece.com\/#\/schema\/logo\/image\/","url":"https:\/\/boutique-one-piece.com\/wp-content\/uploads\/2022\/09\/Logo-01.png","contentUrl":"https:\/\/boutique-one-piece.com\/wp-content\/uploads\/2022\/09\/Logo-01.png","width":2318,"height":957,"caption":"Boutique One Piece"},"image":{"@id":"https:\/\/boutique-one-piece.com\/#\/schema\/logo\/image\/"}}]}},"_links":{"self":[{"href":"https:\/\/boutique-one-piece.com\/sv\/wp-json\/wp\/v2\/product\/9211","targetHints":{"allow":["GET"]}}],"collection":[{"href":"https:\/\/boutique-one-piece.com\/sv\/wp-json\/wp\/v2\/product"}],"about":[{"href":"https:\/\/boutique-one-piece.com\/sv\/wp-json\/wp\/v2\/types\/product"}],"replies":[{"embeddable":true,"href":"https:\/\/boutique-one-piece.com\/sv\/wp-json\/wp\/v2\/comments?post=9211"}],"wp:featuredmedia":[{"embeddable":true,"href":"https:\/\/boutique-one-piece.com\/sv\/wp-json\/wp\/v2\/media\/9213"}],"wp:attachment":[{"href":"https:\/\/boutique-one-piece.com\/sv\/wp-json\/wp\/v2\/media?parent=9211"}],"wp:term":[{"taxonomy":"product_brand","embeddable":true,"href":"https:\/\/boutique-one-piece.com\/sv\/wp-json\/wp\/v2\/product_brand?post=9211"},{"taxonomy":"product_cat","embeddable":true,"href":"https:\/\/boutique-one-piece.com\/sv\/wp-json\/wp\/v2\/product_cat?post=9211"},{"taxonomy":"product_tag","embeddable":true,"href":"https:\/\/boutique-one-piece.com\/sv\/wp-json\/wp\/v2\/product_tag?post=9211"}],"curies":[{"name":"wp","href":"https:\/\/api.w.org\/{rel}","templated":true}]}}