{"id":9328,"date":"2022-09-27T20:19:09","date_gmt":"2022-09-27T20:19:09","guid":{"rendered":"https:\/\/boutique-one-piece.com\/uncategorized\/avis-de-recherche-crocodile-wanted\/"},"modified":"2024-09-16T11:40:33","modified_gmt":"2024-09-16T11:40:33","slug":"krokodil-efterlyst-affisch","status":"publish","type":"product","link":"https:\/\/boutique-one-piece.com\/sv\/one-piece-efterlysningsaffisch\/krokodil-efterlyst-affisch\/","title":{"rendered":"Meddelande om krokodils\u00f6k"},"content":{"rendered":"<h2>\u00c4r du s\u00e4rskilt f\u00f6rtjust i Alabasta-b\u00e5gen? I s\u00e5 fall kommer den h\u00e4r Crocodile Wanted-affischen att gl\u00e4dja dig.<\/h2>\n<p>Krokodilen \u00e4r en av <strong>antagonister<\/strong> den mest karismatiske och \u00e4lskade i One Piece. Han \u00e5t Dj\u00e4vulens Frukt av <strong>Suna Suna nej jag<\/strong> vilket g\u00f6r att han kan f\u00f6rvandlas till en sandgubbe och kontrollera sanden som han vill. Han \u00e4r en <strong>Shichibukai<\/strong> som utnyttjar sin status f\u00f6r att undvika att bli st\u00f6rd av marinsoldaterna och f\u00f6r att handla med &quot;Danskrut&quot; f\u00f6r att tj\u00e4na s\u00e5 mycket pengar som m\u00f6jligt. Detta krut, n\u00e4r det avfyras mot ett moln, f\u00e5r det att regna.<\/p>\n<p>Detta har resulterat i att landet torkar ut, eftersom molnen inte l\u00e4ngre n\u00e5r alla delar av landet, vilket g\u00f6r att Crocodile kan kontrollera befolkningen genom att kontrollera vattnet. Det \u00e4r s\u00e5 han tog kontroll \u00f6ver landet, vilket utl\u00f6ste ett inb\u00f6rdeskrig mot den tidigare kungen av Alabasta.<\/p>\n<h3>Dekorera ditt rum med denna bel\u00f6ning p\u00e5 huvudet av en av de b\u00e4sta skurkarna f\u00f6re tidsflykten, Krokodil.<\/h3>\n<p>Han \u00e4r den som ansvarar f\u00f6r <strong>Barockverk<\/strong>, En kriminell organisation som \u00e4ven inkluderar Nico Robin (under alias Miss Allsunday) och Nefertari Vivi, prinsessan av Alabasta som infiltrerade Baroque Works f\u00f6r att st\u00f6rta Crocodile. Crocodile kommer att m\u00f6ta Luffy, som tillsammans med prinsessan Nefertari Vivi kommer att besegra honom. Crocodile har en bel\u00f6ning p\u00e5 81 miljoner b\u00e4r p\u00e5 sitt huvud.<\/p>\n<p>Om du \u00e4r ett stort fan av bel\u00f6ningar, kolla in det h\u00e4r. <a href=\"https:\/\/boutique-one-piece.com\/sv\/baggy-efterlysningsaffisch\/\" target=\"_blank\" title=\"Baggy s\u00f6kes-meddelande\" rel=\"noopener noreferrer\">Baggy efterlysningsaffisch<\/a>.<\/p>\n<h2>Information om One Piece Wanted Crocodile-affischen<\/h2>\n<ul>\n<li><span><b><u>One Piece Wanted-affisch<\/u><\/b>\u00a0En \u00e4kta One Piece-efterlysningsaffisch f\u00f6r riktiga pirater<\/span><\/li>\n<\/ul>\n<ul>\n<li>\n<b><u>Krokodil Premium<\/u><\/b>\u00a081 000 000 b\u00e4r<\/li>\n<\/ul>\n<ul>\n<li><span><strong>H\u00f6gkvalitativ utskrift<\/strong>\u00a0exakta f\u00e4rger<\/span><\/li>\n<\/ul>\n<ul>\n<li>\n<strong>Dimensionera<\/strong>\u00a0: 30 cm x 21 cm och 42 cm x 30 cm<\/li>\n<\/ul>\n<ul>\n<li><span><strong>FRI LEVERANS<\/strong><\/span><\/li>\n<\/ul>\n<div id=\"gtx-trans\" style=\"position: absolute; left: 678px; top: 49px;\">\n<div class=\"gtx-trans-icon\"><\/div>\n<\/div>","protected":false},"excerpt":{"rendered":"<p>\u00c4r du ett stort fan av Alabasta-b\u00e5gen? I s\u00e5 fall kommer den h\u00e4r Crocodile Wanted-affischen att vara precis vad du s\u00f6ker. Crocodile \u00e4r en av de mest karismatiska och \u00e4lskade antagonisterna i One Piece. Han \u00e5t Suna Suna no Mi Devil-frukten, vilket g\u00f6r att han kan f\u00f6rvandlas till en sandgubbe och kontrollera [\u2026]<\/p>","protected":false},"featured_media":9330,"comment_status":"open","ping_status":"open","template":"","meta":[],"product_brand":[],"product_cat":[171],"product_tag":[],"class_list":{"0":"post-9328","1":"product","2":"type-product","3":"status-publish","4":"has-post-thumbnail","6":"product_cat-avis-de-recherche-one-piece","8":"first","9":"instock","10":"purchasable","11":"product-type-variable","12":"has-default-attributes"},"yoast_head":"<!-- This site is optimized with the Yoast SEO plugin v27.5 - https:\/\/yoast.com\/product\/yoast-seo-wordpress\/ -->\n<title>Avis De Recherche Crocodile Wanted | D\u00e9coration One Piece \u2013 Boutique One Piece<\/title>\n<meta name=\"description\" content=\"As-tu particuli\u00e8rement l&#039;arc d&#039;Alabasta ? Dans ce cas, cet Avis de Recherche Crocodile Wanted va te faire plaisir. Crocodile est un des antagonistes les plus charismatiques et appr\u00e9ci\u00e9s de One Piece. Il a mang\u00e9 le fruit du d\u00e9mon du Suna Suna no mi qui lui permet de se transformer en homme-sable et de contr\u00f4ler le sable\" \/>\n<meta name=\"robots\" content=\"index, follow, max-snippet:-1, max-image-preview:large, max-video-preview:-1\" \/>\n<link rel=\"canonical\" href=\"https:\/\/boutique-one-piece.com\/sv\/one-piece-efterlysningsaffisch\/krokodil-efterlyst-affisch\/\" \/>\n<meta property=\"og:locale\" content=\"sv_SE\" \/>\n<meta property=\"og:type\" content=\"article\" \/>\n<meta property=\"og:title\" content=\"Avis De Recherche Crocodile Wanted | D\u00e9coration One Piece \u2013 Boutique One Piece\" \/>\n<meta property=\"og:description\" content=\"As-tu particuli\u00e8rement l&#039;arc d&#039;Alabasta ? Dans ce cas, cet Avis de Recherche Crocodile Wanted va te faire plaisir. Crocodile est un des antagonistes les plus charismatiques et appr\u00e9ci\u00e9s de One Piece. Il a mang\u00e9 le fruit du d\u00e9mon du Suna Suna no mi qui lui permet de se transformer en homme-sable et de contr\u00f4ler le sable\" \/>\n<meta property=\"og:url\" content=\"https:\/\/boutique-one-piece.com\/sv\/one-piece-efterlysningsaffisch\/krokodil-efterlyst-affisch\/\" \/>\n<meta property=\"og:site_name\" content=\"Boutique One Piece\" \/>\n<meta property=\"article:modified_time\" content=\"2024-09-16T11:40:33+00:00\" \/>\n<meta property=\"og:image\" content=\"https:\/\/boutique-one-piece.com\/wp-content\/uploads\/2022\/09\/Avis-De-Recherche-Crocodile-Wanted.jpg\" \/>\n\t<meta property=\"og:image:width\" content=\"800\" \/>\n\t<meta property=\"og:image:height\" content=\"800\" \/>\n\t<meta property=\"og:image:type\" content=\"image\/jpeg\" \/>\n<meta name=\"twitter:card\" content=\"summary_large_image\" \/>\n<meta name=\"twitter:label1\" content=\"Ber\u00e4knad l\u00e4stid\" \/>\n\t<meta name=\"twitter:data1\" content=\"2 minuter\" \/>\n<script type=\"application\/ld+json\" class=\"yoast-schema-graph\">{\"@context\":\"https:\\\/\\\/schema.org\",\"@graph\":[{\"@type\":\"WebPage\",\"@id\":\"https:\\\/\\\/boutique-one-piece.com\\\/avis-de-recherche-one-piece\\\/avis-de-recherche-crocodile-wanted\\\/\",\"url\":\"https:\\\/\\\/boutique-one-piece.com\\\/avis-de-recherche-one-piece\\\/avis-de-recherche-crocodile-wanted\\\/\",\"name\":\"Avis De Recherche Crocodile Wanted | D\u00e9coration One Piece \u2013 Boutique One Piece\",\"isPartOf\":{\"@id\":\"https:\\\/\\\/boutique-one-piece.com\\\/#website\"},\"primaryImageOfPage\":{\"@id\":\"https:\\\/\\\/boutique-one-piece.com\\\/avis-de-recherche-one-piece\\\/avis-de-recherche-crocodile-wanted\\\/#primaryimage\"},\"image\":{\"@id\":\"https:\\\/\\\/boutique-one-piece.com\\\/avis-de-recherche-one-piece\\\/avis-de-recherche-crocodile-wanted\\\/#primaryimage\"},\"thumbnailUrl\":\"https:\\\/\\\/boutique-one-piece.com\\\/wp-content\\\/uploads\\\/2022\\\/09\\\/Avis-De-Recherche-Crocodile-Wanted.jpg\",\"datePublished\":\"2022-09-27T20:19:09+00:00\",\"dateModified\":\"2024-09-16T11:40:33+00:00\",\"description\":\"As-tu particuli\u00e8rement l'arc d'Alabasta ? Dans ce cas, cet Avis de Recherche Crocodile Wanted va te faire plaisir. Crocodile est un des antagonistes les plus charismatiques et appr\u00e9ci\u00e9s de One Piece. Il a mang\u00e9 le fruit du d\u00e9mon du Suna Suna no mi qui lui permet de se transformer en homme-sable et de contr\u00f4ler le sable\",\"breadcrumb\":{\"@id\":\"https:\\\/\\\/boutique-one-piece.com\\\/avis-de-recherche-one-piece\\\/avis-de-recherche-crocodile-wanted\\\/#breadcrumb\"},\"inLanguage\":\"sv-SE\",\"potentialAction\":[{\"@type\":\"ReadAction\",\"target\":[\"https:\\\/\\\/boutique-one-piece.com\\\/avis-de-recherche-one-piece\\\/avis-de-recherche-crocodile-wanted\\\/\"]}]},{\"@type\":\"ImageObject\",\"inLanguage\":\"sv-SE\",\"@id\":\"https:\\\/\\\/boutique-one-piece.com\\\/avis-de-recherche-one-piece\\\/avis-de-recherche-crocodile-wanted\\\/#primaryimage\",\"url\":\"https:\\\/\\\/boutique-one-piece.com\\\/wp-content\\\/uploads\\\/2022\\\/09\\\/Avis-De-Recherche-Crocodile-Wanted.jpg\",\"contentUrl\":\"https:\\\/\\\/boutique-one-piece.com\\\/wp-content\\\/uploads\\\/2022\\\/09\\\/Avis-De-Recherche-Crocodile-Wanted.jpg\",\"width\":800,\"height\":800,\"caption\":\"Avis De Recherche Crocodile Wanted 42X30cm\"},{\"@type\":\"BreadcrumbList\",\"@id\":\"https:\\\/\\\/boutique-one-piece.com\\\/avis-de-recherche-one-piece\\\/avis-de-recherche-crocodile-wanted\\\/#breadcrumb\",\"itemListElement\":[{\"@type\":\"ListItem\",\"position\":1,\"name\":\"Home\",\"item\":\"https:\\\/\\\/boutique-one-piece.com\\\/\"},{\"@type\":\"ListItem\",\"position\":2,\"name\":\"Shop\",\"item\":\"https:\\\/\\\/boutique-one-piece.com\\\/shop\\\/\"},{\"@type\":\"ListItem\",\"position\":3,\"name\":\"Avis De Recherche Crocodile Wanted\"}]},{\"@type\":\"WebSite\",\"@id\":\"https:\\\/\\\/boutique-one-piece.com\\\/#website\",\"url\":\"https:\\\/\\\/boutique-one-piece.com\\\/\",\"name\":\"Boutique One Piece\",\"description\":\"Magasin Sp\u00e9cialis\u00e9 du Manga et l&#039;Anime One Piece\",\"publisher\":{\"@id\":\"https:\\\/\\\/boutique-one-piece.com\\\/#organization\"},\"potentialAction\":[{\"@type\":\"SearchAction\",\"target\":{\"@type\":\"EntryPoint\",\"urlTemplate\":\"https:\\\/\\\/boutique-one-piece.com\\\/?s={search_term_string}\"},\"query-input\":{\"@type\":\"PropertyValueSpecification\",\"valueRequired\":true,\"valueName\":\"search_term_string\"}}],\"inLanguage\":\"sv-SE\"},{\"@type\":\"Organization\",\"@id\":\"https:\\\/\\\/boutique-one-piece.com\\\/#organization\",\"name\":\"Boutique One Piece\",\"url\":\"https:\\\/\\\/boutique-one-piece.com\\\/\",\"logo\":{\"@type\":\"ImageObject\",\"inLanguage\":\"sv-SE\",\"@id\":\"https:\\\/\\\/boutique-one-piece.com\\\/#\\\/schema\\\/logo\\\/image\\\/\",\"url\":\"https:\\\/\\\/boutique-one-piece.com\\\/wp-content\\\/uploads\\\/2022\\\/09\\\/Logo-01.png\",\"contentUrl\":\"https:\\\/\\\/boutique-one-piece.com\\\/wp-content\\\/uploads\\\/2022\\\/09\\\/Logo-01.png\",\"width\":2318,\"height\":957,\"caption\":\"Boutique One Piece\"},\"image\":{\"@id\":\"https:\\\/\\\/boutique-one-piece.com\\\/#\\\/schema\\\/logo\\\/image\\\/\"}}]}<\/script>\n<!-- \/ Yoast SEO plugin. -->","yoast_head_json":{"title":"Krokodil s\u00f6kes | One Piece dekoration \u2013 One Piece Shop","description":"\u00c4r du ett stort fan av Alabasta-b\u00e5gen? I s\u00e5 fall kommer den h\u00e4r Crocodile Wanted-postern att vara precis vad du s\u00f6ker. Crocodile \u00e4r en av de mest karismatiska och \u00e4lskade antagonisterna i One Piece. Han \u00e5t Suna Suna no Mi Devil-frukten, vilket g\u00f6r att han kan f\u00f6rvandlas till en sandgubbe och kontrollera sand.","robots":{"index":"index","follow":"follow","max-snippet":"max-snippet:-1","max-image-preview":"max-image-preview:large","max-video-preview":"max-video-preview:-1"},"canonical":"https:\/\/boutique-one-piece.com\/sv\/one-piece-efterlysningsaffisch\/krokodil-efterlyst-affisch\/","og_locale":"sv_SE","og_type":"article","og_title":"Avis De Recherche Crocodile Wanted | D\u00e9coration One Piece \u2013 Boutique One Piece","og_description":"As-tu particuli\u00e8rement l'arc d'Alabasta ? Dans ce cas, cet Avis de Recherche Crocodile Wanted va te faire plaisir. Crocodile est un des antagonistes les plus charismatiques et appr\u00e9ci\u00e9s de One Piece. Il a mang\u00e9 le fruit du d\u00e9mon du Suna Suna no mi qui lui permet de se transformer en homme-sable et de contr\u00f4ler le sable","og_url":"https:\/\/boutique-one-piece.com\/sv\/one-piece-efterlysningsaffisch\/krokodil-efterlyst-affisch\/","og_site_name":"Boutique One Piece","article_modified_time":"2024-09-16T11:40:33+00:00","og_image":[{"width":800,"height":800,"url":"https:\/\/boutique-one-piece.com\/wp-content\/uploads\/2022\/09\/Avis-De-Recherche-Crocodile-Wanted.jpg","type":"image\/jpeg"}],"twitter_card":"summary_large_image","twitter_misc":{"Ber\u00e4knad l\u00e4stid":"2 minuter"},"schema":{"@context":"https:\/\/schema.org","@graph":[{"@type":"WebPage","@id":"https:\/\/boutique-one-piece.com\/avis-de-recherche-one-piece\/avis-de-recherche-crocodile-wanted\/","url":"https:\/\/boutique-one-piece.com\/avis-de-recherche-one-piece\/avis-de-recherche-crocodile-wanted\/","name":"Krokodil s\u00f6kes | One Piece dekoration \u2013 One Piece Shop","isPartOf":{"@id":"https:\/\/boutique-one-piece.com\/#website"},"primaryImageOfPage":{"@id":"https:\/\/boutique-one-piece.com\/avis-de-recherche-one-piece\/avis-de-recherche-crocodile-wanted\/#primaryimage"},"image":{"@id":"https:\/\/boutique-one-piece.com\/avis-de-recherche-one-piece\/avis-de-recherche-crocodile-wanted\/#primaryimage"},"thumbnailUrl":"https:\/\/boutique-one-piece.com\/wp-content\/uploads\/2022\/09\/Avis-De-Recherche-Crocodile-Wanted.jpg","datePublished":"2022-09-27T20:19:09+00:00","dateModified":"2024-09-16T11:40:33+00:00","description":"\u00c4r du ett stort fan av Alabasta-b\u00e5gen? I s\u00e5 fall kommer den h\u00e4r Crocodile Wanted-postern att vara precis vad du s\u00f6ker. Crocodile \u00e4r en av de mest karismatiska och \u00e4lskade antagonisterna i One Piece. Han \u00e5t Suna Suna no Mi Devil-frukten, vilket g\u00f6r att han kan f\u00f6rvandlas till en sandgubbe och kontrollera sand.","breadcrumb":{"@id":"https:\/\/boutique-one-piece.com\/avis-de-recherche-one-piece\/avis-de-recherche-crocodile-wanted\/#breadcrumb"},"inLanguage":"sv-SE","potentialAction":[{"@type":"ReadAction","target":["https:\/\/boutique-one-piece.com\/avis-de-recherche-one-piece\/avis-de-recherche-crocodile-wanted\/"]}]},{"@type":"ImageObject","inLanguage":"sv-SE","@id":"https:\/\/boutique-one-piece.com\/avis-de-recherche-one-piece\/avis-de-recherche-crocodile-wanted\/#primaryimage","url":"https:\/\/boutique-one-piece.com\/wp-content\/uploads\/2022\/09\/Avis-De-Recherche-Crocodile-Wanted.jpg","contentUrl":"https:\/\/boutique-one-piece.com\/wp-content\/uploads\/2022\/09\/Avis-De-Recherche-Crocodile-Wanted.jpg","width":800,"height":800,"caption":"Avis De Recherche Crocodile Wanted 42X30cm"},{"@type":"BreadcrumbList","@id":"https:\/\/boutique-one-piece.com\/avis-de-recherche-one-piece\/avis-de-recherche-crocodile-wanted\/#breadcrumb","itemListElement":[{"@type":"ListItem","position":1,"name":"Home","item":"https:\/\/boutique-one-piece.com\/"},{"@type":"ListItem","position":2,"name":"Shop","item":"https:\/\/boutique-one-piece.com\/shop\/"},{"@type":"ListItem","position":3,"name":"Avis De Recherche Crocodile Wanted"}]},{"@type":"WebSite","@id":"https:\/\/boutique-one-piece.com\/#website","url":"https:\/\/boutique-one-piece.com\/","name":"One Piece-butik","description":"Specialbutik f\u00f6r One Piece Manga och Anime","publisher":{"@id":"https:\/\/boutique-one-piece.com\/#organization"},"potentialAction":[{"@type":"SearchAction","target":{"@type":"EntryPoint","urlTemplate":"https:\/\/boutique-one-piece.com\/?s={search_term_string}"},"query-input":{"@type":"PropertyValueSpecification","valueRequired":true,"valueName":"search_term_string"}}],"inLanguage":"sv-SE"},{"@type":"Organization","@id":"https:\/\/boutique-one-piece.com\/#organization","name":"One Piece-butik","url":"https:\/\/boutique-one-piece.com\/","logo":{"@type":"ImageObject","inLanguage":"sv-SE","@id":"https:\/\/boutique-one-piece.com\/#\/schema\/logo\/image\/","url":"https:\/\/boutique-one-piece.com\/wp-content\/uploads\/2022\/09\/Logo-01.png","contentUrl":"https:\/\/boutique-one-piece.com\/wp-content\/uploads\/2022\/09\/Logo-01.png","width":2318,"height":957,"caption":"Boutique One Piece"},"image":{"@id":"https:\/\/boutique-one-piece.com\/#\/schema\/logo\/image\/"}}]}},"_links":{"self":[{"href":"https:\/\/boutique-one-piece.com\/sv\/wp-json\/wp\/v2\/product\/9328","targetHints":{"allow":["GET"]}}],"collection":[{"href":"https:\/\/boutique-one-piece.com\/sv\/wp-json\/wp\/v2\/product"}],"about":[{"href":"https:\/\/boutique-one-piece.com\/sv\/wp-json\/wp\/v2\/types\/product"}],"replies":[{"embeddable":true,"href":"https:\/\/boutique-one-piece.com\/sv\/wp-json\/wp\/v2\/comments?post=9328"}],"wp:featuredmedia":[{"embeddable":true,"href":"https:\/\/boutique-one-piece.com\/sv\/wp-json\/wp\/v2\/media\/9330"}],"wp:attachment":[{"href":"https:\/\/boutique-one-piece.com\/sv\/wp-json\/wp\/v2\/media?parent=9328"}],"wp:term":[{"taxonomy":"product_brand","embeddable":true,"href":"https:\/\/boutique-one-piece.com\/sv\/wp-json\/wp\/v2\/product_brand?post=9328"},{"taxonomy":"product_cat","embeddable":true,"href":"https:\/\/boutique-one-piece.com\/sv\/wp-json\/wp\/v2\/product_cat?post=9328"},{"taxonomy":"product_tag","embeddable":true,"href":"https:\/\/boutique-one-piece.com\/sv\/wp-json\/wp\/v2\/product_tag?post=9328"}],"curies":[{"name":"wp","href":"https:\/\/api.w.org\/{rel}","templated":true}]}}