{"id":9358,"date":"2022-09-27T20:19:24","date_gmt":"2022-09-27T20:19:24","guid":{"rendered":"https:\/\/boutique-one-piece.com\/uncategorized\/embleme-equipage-de-barbe-noire\/"},"modified":"2024-09-16T11:41:03","modified_gmt":"2024-09-16T11:41:03","slug":"svartskaggs-besattningsemblem","status":"publish","type":"product","link":"https:\/\/boutique-one-piece.com\/sv\/one-piece-dekorationer\/one-piece-flaggor\/svartskaggs-besattningsemblem\/","title":{"rendered":"Svartsk\u00e4ggpiraternas emblem"},"content":{"rendered":"<h2>Unge Nakama, f\u00e5 tag p\u00e5 det h\u00e4r Blackbeard Crew-emblemet utan ytterligare dr\u00f6jsm\u00e5l.<\/h2>\n<p>Du borde veta det <strong>Marshall D. Teach<\/strong>, mieux connu sous le nom de Barbe Noire, est l\u2019Amiral de L\u2019\u00c9quipage de Barbe Noire et fait actuellement partie des Quatre Empereurs. Cet Amiral est pr\u00eat \u00e0 tout pour s\u2019approprier quelque chose vu qu\u2019<strong>Han d\u00f6dade Thatch<\/strong> och Edward Newgate f\u00f6r deras respektive befogenheter, (den <strong>Yami Yami no Mi<\/strong> och Gura Gura no Mi).<\/p>\n<p>Il poss\u00e8de une ambition et une volont\u00e9 tr\u00e8s fortes, n\u2019h\u00e9sitant pas \u00e0 se mettre \u00e0 dos un Empereur Pirate si cela lui permet de r\u00e9aliser ses objectifs. Il a un fort sens de contrari\u00e9t\u00e9 et appara\u00eet comme<strong> l\u2019oppos\u00e9 de Luffy<\/strong>. D\u2019ailleurs, si tu souhaites agrandir ta collection de drapeau, le <a title=\"STR\u00c5HATT CREW FLAG\" href=\"https:\/\/boutique-one-piece.com\/sv\/drapeau-equipage-du-chapeau-de-paille\/\" target=\"_blank\" rel=\"noopener\">drapeau l\u2019\u00c9quipage du Chapeau de Paille<\/a> \u00e4r inom r\u00e4ckh\u00e5ll.<\/p>\n<h3>Alors, conquis par l\u2019embl\u00e8me de l\u2019\u00c9quipage de Marshall D. Teach ? Si tel est le cas, revendique ton appartenance pour l\u2019\u00c9quipage de Barbe Noire et embarque aux c\u00f4t\u00e9s de celui qui sera d\u00e9sormais ton nouveau capitaine.<\/h3>\n<p>Oavsett om du \u00e4r ett inbitet fan eller en erfaren samlare, leta inte l\u00e4ngre, du har kommit till r\u00e4tt st\u00e4lle. Dessa ikoniska f\u00f6rem\u00e5l \u00e4r definitivt n\u00e5got f\u00f6r dig. Perfekta att ge bort, dekorera eller l\u00e4gga till i din samling, dessa f\u00f6rem\u00e5l kommer att f\u00f6rb\u00e4ttra din samling.<strong> ditt One Piece-universum<\/strong>. Si toi aussi, tu r\u00eaves d\u2019un monde o\u00f9 l\u2019\u00e2ge d\u2019or de la piraterie est \u00e0 son apog\u00e9e, tu n\u2019es qu\u2019au d\u00e9but de tes aventures jeune moussaillon !<\/p>\n<h2>Informations sur le Drapeau de l\u2019\u00c9quipage de Marshall D. Teach :<\/h2>\n<ul>\n<li>\n<strong><u>One Piece-flaggan<\/u><\/strong>\u00a0En \u00e4kta One Piece piratflagga f\u00f6r riktiga fans<\/li>\n<\/ul>\n<ul>\n<li>\n<strong>H\u00f6gkvalitativ utskrift<\/strong>\u00a0exakta f\u00e4rger<\/li>\n<\/ul>\n<ul>\n<li>\n<strong>Materia<\/strong> Polyester<\/li>\n<\/ul>\n<ul>\n<li>\n<strong>Dimensionera<\/strong>\u00a0: 70 cm x 125 cm<\/li>\n<\/ul>\n<ul>\n<li>\n<strong>Vikt<\/strong> 100 gram<\/li>\n<\/ul>\n<ul>\n<li><strong>FRI LEVERANS<\/strong><\/li>\n<\/ul>","protected":false},"excerpt":{"rendered":"<p>Jeune Nakama, procure-toi sans plus attendre cet Embl\u00e8me \u00c9quipage Barbe Noire. Tu dois savoir que Marshall D. Teach, mieux connu sous le nom de Barbe Noire, est l\u2019Amiral de L\u2019\u00c9quipage de Barbe Noire et fait actuellement partie des Quatre Empereurs. Cet Amiral est pr\u00eat \u00e0 tout pour s\u2019approprier quelque chose vu qu\u2019il a tu\u00e9 Thatch [&hellip;]<\/p>","protected":false},"featured_media":9360,"comment_status":"open","ping_status":"open","template":"","meta":[],"product_brand":[],"product_cat":[212],"product_tag":[286],"class_list":{"0":"post-9358","1":"product","2":"type-product","3":"status-publish","4":"has-post-thumbnail","6":"product_cat-drapeaux-one-piece","7":"product_tag-barbe-noire","9":"first","10":"instock","11":"purchasable","12":"product-type-simple"},"yoast_head":"<!-- This site is optimized with the Yoast SEO plugin v27.5 - https:\/\/yoast.com\/product\/yoast-seo-wordpress\/ -->\n<title>Embl\u00e8me \u00c9quipage de Barbe Noire | Boutique One Piece<\/title>\n<meta name=\"description\" content=\"D\u00e9couvrez l&#039;Embl\u00e8me One Piece Barbe Noire, d\u00e9corez votre pi\u00e8ce en portant les couleurs de Marshall D. Teach ! Commencez votre aventure recherche du One Piece dans l&#039;\u00e9quipage de Barbe Noire\" \/>\n<meta name=\"robots\" content=\"index, follow, max-snippet:-1, max-image-preview:large, max-video-preview:-1\" \/>\n<link rel=\"canonical\" href=\"https:\/\/boutique-one-piece.com\/sv\/one-piece-dekorationer\/one-piece-flaggor\/svartskaggs-besattningsemblem\/\" \/>\n<meta property=\"og:locale\" content=\"sv_SE\" \/>\n<meta property=\"og:type\" content=\"article\" \/>\n<meta property=\"og:title\" content=\"Embl\u00e8me \u00c9quipage de Barbe Noire | Boutique One Piece\" \/>\n<meta property=\"og:description\" content=\"D\u00e9couvrez l&#039;Embl\u00e8me One Piece Barbe Noire, d\u00e9corez votre pi\u00e8ce en portant les couleurs de Marshall D. Teach ! Commencez votre aventure recherche du One Piece dans l&#039;\u00e9quipage de Barbe Noire\" \/>\n<meta property=\"og:url\" content=\"https:\/\/boutique-one-piece.com\/sv\/one-piece-dekorationer\/one-piece-flaggor\/svartskaggs-besattningsemblem\/\" \/>\n<meta property=\"og:site_name\" content=\"Boutique One Piece\" \/>\n<meta property=\"article:modified_time\" content=\"2024-09-16T11:41:03+00:00\" \/>\n<meta property=\"og:image\" content=\"https:\/\/boutique-one-piece.com\/wp-content\/uploads\/2022\/09\/Embleme-Equipage-de-Barbe-Noire-1.jpg\" \/>\n\t<meta property=\"og:image:width\" content=\"800\" \/>\n\t<meta property=\"og:image:height\" content=\"800\" \/>\n\t<meta property=\"og:image:type\" content=\"image\/jpeg\" \/>\n<meta name=\"twitter:card\" content=\"summary_large_image\" \/>\n<meta name=\"twitter:label1\" content=\"Ber\u00e4knad l\u00e4stid\" \/>\n\t<meta name=\"twitter:data1\" content=\"1 minut\" \/>\n<script type=\"application\/ld+json\" class=\"yoast-schema-graph\">{\"@context\":\"https:\\\/\\\/schema.org\",\"@graph\":[{\"@type\":\"WebPage\",\"@id\":\"https:\\\/\\\/boutique-one-piece.com\\\/decorations-one-piece\\\/drapeaux-one-piece\\\/embleme-equipage-de-barbe-noire\\\/\",\"url\":\"https:\\\/\\\/boutique-one-piece.com\\\/decorations-one-piece\\\/drapeaux-one-piece\\\/embleme-equipage-de-barbe-noire\\\/\",\"name\":\"Embl\u00e8me \u00c9quipage de Barbe Noire | Boutique One Piece\",\"isPartOf\":{\"@id\":\"https:\\\/\\\/boutique-one-piece.com\\\/#website\"},\"primaryImageOfPage\":{\"@id\":\"https:\\\/\\\/boutique-one-piece.com\\\/decorations-one-piece\\\/drapeaux-one-piece\\\/embleme-equipage-de-barbe-noire\\\/#primaryimage\"},\"image\":{\"@id\":\"https:\\\/\\\/boutique-one-piece.com\\\/decorations-one-piece\\\/drapeaux-one-piece\\\/embleme-equipage-de-barbe-noire\\\/#primaryimage\"},\"thumbnailUrl\":\"https:\\\/\\\/boutique-one-piece.com\\\/wp-content\\\/uploads\\\/2022\\\/09\\\/Embleme-Equipage-de-Barbe-Noire-1.jpg\",\"datePublished\":\"2022-09-27T20:19:24+00:00\",\"dateModified\":\"2024-09-16T11:41:03+00:00\",\"description\":\"D\u00e9couvrez l'Embl\u00e8me One Piece Barbe Noire, d\u00e9corez votre pi\u00e8ce en portant les couleurs de Marshall D. Teach ! Commencez votre aventure recherche du One Piece dans l'\u00e9quipage de Barbe Noire\",\"breadcrumb\":{\"@id\":\"https:\\\/\\\/boutique-one-piece.com\\\/decorations-one-piece\\\/drapeaux-one-piece\\\/embleme-equipage-de-barbe-noire\\\/#breadcrumb\"},\"inLanguage\":\"sv-SE\",\"potentialAction\":[{\"@type\":\"ReadAction\",\"target\":[\"https:\\\/\\\/boutique-one-piece.com\\\/decorations-one-piece\\\/drapeaux-one-piece\\\/embleme-equipage-de-barbe-noire\\\/\"]}]},{\"@type\":\"ImageObject\",\"inLanguage\":\"sv-SE\",\"@id\":\"https:\\\/\\\/boutique-one-piece.com\\\/decorations-one-piece\\\/drapeaux-one-piece\\\/embleme-equipage-de-barbe-noire\\\/#primaryimage\",\"url\":\"https:\\\/\\\/boutique-one-piece.com\\\/wp-content\\\/uploads\\\/2022\\\/09\\\/Embleme-Equipage-de-Barbe-Noire-1.jpg\",\"contentUrl\":\"https:\\\/\\\/boutique-one-piece.com\\\/wp-content\\\/uploads\\\/2022\\\/09\\\/Embleme-Equipage-de-Barbe-Noire-1.jpg\",\"width\":800,\"height\":800},{\"@type\":\"BreadcrumbList\",\"@id\":\"https:\\\/\\\/boutique-one-piece.com\\\/decorations-one-piece\\\/drapeaux-one-piece\\\/embleme-equipage-de-barbe-noire\\\/#breadcrumb\",\"itemListElement\":[{\"@type\":\"ListItem\",\"position\":1,\"name\":\"Home\",\"item\":\"https:\\\/\\\/boutique-one-piece.com\\\/\"},{\"@type\":\"ListItem\",\"position\":2,\"name\":\"Shop\",\"item\":\"https:\\\/\\\/boutique-one-piece.com\\\/shop\\\/\"},{\"@type\":\"ListItem\",\"position\":3,\"name\":\"Embl\u00e8me \u00c9quipage de Barbe Noire\"}]},{\"@type\":\"WebSite\",\"@id\":\"https:\\\/\\\/boutique-one-piece.com\\\/#website\",\"url\":\"https:\\\/\\\/boutique-one-piece.com\\\/\",\"name\":\"Boutique One Piece\",\"description\":\"Magasin Sp\u00e9cialis\u00e9 du Manga et l&#039;Anime One Piece\",\"publisher\":{\"@id\":\"https:\\\/\\\/boutique-one-piece.com\\\/#organization\"},\"potentialAction\":[{\"@type\":\"SearchAction\",\"target\":{\"@type\":\"EntryPoint\",\"urlTemplate\":\"https:\\\/\\\/boutique-one-piece.com\\\/?s={search_term_string}\"},\"query-input\":{\"@type\":\"PropertyValueSpecification\",\"valueRequired\":true,\"valueName\":\"search_term_string\"}}],\"inLanguage\":\"sv-SE\"},{\"@type\":\"Organization\",\"@id\":\"https:\\\/\\\/boutique-one-piece.com\\\/#organization\",\"name\":\"Boutique One Piece\",\"url\":\"https:\\\/\\\/boutique-one-piece.com\\\/\",\"logo\":{\"@type\":\"ImageObject\",\"inLanguage\":\"sv-SE\",\"@id\":\"https:\\\/\\\/boutique-one-piece.com\\\/#\\\/schema\\\/logo\\\/image\\\/\",\"url\":\"https:\\\/\\\/boutique-one-piece.com\\\/wp-content\\\/uploads\\\/2022\\\/09\\\/Logo-01.png\",\"contentUrl\":\"https:\\\/\\\/boutique-one-piece.com\\\/wp-content\\\/uploads\\\/2022\\\/09\\\/Logo-01.png\",\"width\":2318,\"height\":957,\"caption\":\"Boutique One Piece\"},\"image\":{\"@id\":\"https:\\\/\\\/boutique-one-piece.com\\\/#\\\/schema\\\/logo\\\/image\\\/\"}}]}<\/script>\n<!-- \/ Yoast SEO plugin. -->","yoast_head_json":{"title":"Svartsk\u00e4ggspiraternas emblem | One Piece Shop","description":"Uppt\u00e4ck One Piece Blackbeard-emblemet, dekorera ditt rum i Marshall D. Teachs f\u00e4rger! B\u00f6rja ditt One Piece-uppdrags\u00e4ventyr med Blackbeards bes\u00e4ttning.","robots":{"index":"index","follow":"follow","max-snippet":"max-snippet:-1","max-image-preview":"max-image-preview:large","max-video-preview":"max-video-preview:-1"},"canonical":"https:\/\/boutique-one-piece.com\/sv\/one-piece-dekorationer\/one-piece-flaggor\/svartskaggs-besattningsemblem\/","og_locale":"sv_SE","og_type":"article","og_title":"Embl\u00e8me \u00c9quipage de Barbe Noire | Boutique One Piece","og_description":"D\u00e9couvrez l'Embl\u00e8me One Piece Barbe Noire, d\u00e9corez votre pi\u00e8ce en portant les couleurs de Marshall D. Teach ! Commencez votre aventure recherche du One Piece dans l'\u00e9quipage de Barbe Noire","og_url":"https:\/\/boutique-one-piece.com\/sv\/one-piece-dekorationer\/one-piece-flaggor\/svartskaggs-besattningsemblem\/","og_site_name":"Boutique One Piece","article_modified_time":"2024-09-16T11:41:03+00:00","og_image":[{"width":800,"height":800,"url":"https:\/\/boutique-one-piece.com\/wp-content\/uploads\/2022\/09\/Embleme-Equipage-de-Barbe-Noire-1.jpg","type":"image\/jpeg"}],"twitter_card":"summary_large_image","twitter_misc":{"Ber\u00e4knad l\u00e4stid":"1 minut"},"schema":{"@context":"https:\/\/schema.org","@graph":[{"@type":"WebPage","@id":"https:\/\/boutique-one-piece.com\/decorations-one-piece\/drapeaux-one-piece\/embleme-equipage-de-barbe-noire\/","url":"https:\/\/boutique-one-piece.com\/decorations-one-piece\/drapeaux-one-piece\/embleme-equipage-de-barbe-noire\/","name":"Svartsk\u00e4ggspiraternas emblem | One Piece Shop","isPartOf":{"@id":"https:\/\/boutique-one-piece.com\/#website"},"primaryImageOfPage":{"@id":"https:\/\/boutique-one-piece.com\/decorations-one-piece\/drapeaux-one-piece\/embleme-equipage-de-barbe-noire\/#primaryimage"},"image":{"@id":"https:\/\/boutique-one-piece.com\/decorations-one-piece\/drapeaux-one-piece\/embleme-equipage-de-barbe-noire\/#primaryimage"},"thumbnailUrl":"https:\/\/boutique-one-piece.com\/wp-content\/uploads\/2022\/09\/Embleme-Equipage-de-Barbe-Noire-1.jpg","datePublished":"2022-09-27T20:19:24+00:00","dateModified":"2024-09-16T11:41:03+00:00","description":"Uppt\u00e4ck One Piece Blackbeard-emblemet, dekorera ditt rum i Marshall D. Teachs f\u00e4rger! B\u00f6rja ditt One Piece-uppdrags\u00e4ventyr med Blackbeards bes\u00e4ttning.","breadcrumb":{"@id":"https:\/\/boutique-one-piece.com\/decorations-one-piece\/drapeaux-one-piece\/embleme-equipage-de-barbe-noire\/#breadcrumb"},"inLanguage":"sv-SE","potentialAction":[{"@type":"ReadAction","target":["https:\/\/boutique-one-piece.com\/decorations-one-piece\/drapeaux-one-piece\/embleme-equipage-de-barbe-noire\/"]}]},{"@type":"ImageObject","inLanguage":"sv-SE","@id":"https:\/\/boutique-one-piece.com\/decorations-one-piece\/drapeaux-one-piece\/embleme-equipage-de-barbe-noire\/#primaryimage","url":"https:\/\/boutique-one-piece.com\/wp-content\/uploads\/2022\/09\/Embleme-Equipage-de-Barbe-Noire-1.jpg","contentUrl":"https:\/\/boutique-one-piece.com\/wp-content\/uploads\/2022\/09\/Embleme-Equipage-de-Barbe-Noire-1.jpg","width":800,"height":800},{"@type":"BreadcrumbList","@id":"https:\/\/boutique-one-piece.com\/decorations-one-piece\/drapeaux-one-piece\/embleme-equipage-de-barbe-noire\/#breadcrumb","itemListElement":[{"@type":"ListItem","position":1,"name":"Home","item":"https:\/\/boutique-one-piece.com\/"},{"@type":"ListItem","position":2,"name":"Shop","item":"https:\/\/boutique-one-piece.com\/shop\/"},{"@type":"ListItem","position":3,"name":"Embl\u00e8me \u00c9quipage de Barbe Noire"}]},{"@type":"WebSite","@id":"https:\/\/boutique-one-piece.com\/#website","url":"https:\/\/boutique-one-piece.com\/","name":"One Piece-butik","description":"Specialbutik f\u00f6r One Piece Manga och Anime","publisher":{"@id":"https:\/\/boutique-one-piece.com\/#organization"},"potentialAction":[{"@type":"SearchAction","target":{"@type":"EntryPoint","urlTemplate":"https:\/\/boutique-one-piece.com\/?s={search_term_string}"},"query-input":{"@type":"PropertyValueSpecification","valueRequired":true,"valueName":"search_term_string"}}],"inLanguage":"sv-SE"},{"@type":"Organization","@id":"https:\/\/boutique-one-piece.com\/#organization","name":"One Piece-butik","url":"https:\/\/boutique-one-piece.com\/","logo":{"@type":"ImageObject","inLanguage":"sv-SE","@id":"https:\/\/boutique-one-piece.com\/#\/schema\/logo\/image\/","url":"https:\/\/boutique-one-piece.com\/wp-content\/uploads\/2022\/09\/Logo-01.png","contentUrl":"https:\/\/boutique-one-piece.com\/wp-content\/uploads\/2022\/09\/Logo-01.png","width":2318,"height":957,"caption":"Boutique One Piece"},"image":{"@id":"https:\/\/boutique-one-piece.com\/#\/schema\/logo\/image\/"}}]}},"_links":{"self":[{"href":"https:\/\/boutique-one-piece.com\/sv\/wp-json\/wp\/v2\/product\/9358","targetHints":{"allow":["GET"]}}],"collection":[{"href":"https:\/\/boutique-one-piece.com\/sv\/wp-json\/wp\/v2\/product"}],"about":[{"href":"https:\/\/boutique-one-piece.com\/sv\/wp-json\/wp\/v2\/types\/product"}],"replies":[{"embeddable":true,"href":"https:\/\/boutique-one-piece.com\/sv\/wp-json\/wp\/v2\/comments?post=9358"}],"wp:featuredmedia":[{"embeddable":true,"href":"https:\/\/boutique-one-piece.com\/sv\/wp-json\/wp\/v2\/media\/9360"}],"wp:attachment":[{"href":"https:\/\/boutique-one-piece.com\/sv\/wp-json\/wp\/v2\/media?parent=9358"}],"wp:term":[{"taxonomy":"product_brand","embeddable":true,"href":"https:\/\/boutique-one-piece.com\/sv\/wp-json\/wp\/v2\/product_brand?post=9358"},{"taxonomy":"product_cat","embeddable":true,"href":"https:\/\/boutique-one-piece.com\/sv\/wp-json\/wp\/v2\/product_cat?post=9358"},{"taxonomy":"product_tag","embeddable":true,"href":"https:\/\/boutique-one-piece.com\/sv\/wp-json\/wp\/v2\/product_tag?post=9358"}],"curies":[{"name":"wp","href":"https:\/\/api.w.org\/{rel}","templated":true}]}}