{"id":9469,"date":"2022-09-27T20:20:06","date_gmt":"2022-09-27T20:20:06","guid":{"rendered":"https:\/\/boutique-one-piece.com\/uncategorized\/casquette-rouge-one-piece-jolly-roger-luffy\/"},"modified":"2024-09-16T11:43:40","modified_gmt":"2024-09-16T11:43:40","slug":"rod-mossa-i-ett-stycke-jolly-roger-luffy","status":"publish","type":"product","link":"https:\/\/boutique-one-piece.com\/sv\/one-piece-klader\/one-piece-kepsar-och-hattar\/rod-mossa-i-ett-stycke-jolly-roger-luffy\/","title":{"rendered":"One Piece Jolly Roger Luffy R\u00f6d Keps"},"content":{"rendered":"<p><meta charset=\"utf-8\"><\/p>\n<h2>One Piece-keps med, A-keps<span>\u00a0<\/span>Kvalitet f\u00f6r en pirat som du!<\/h2>\n<p>Om du \u00e4r en\u00a0<strong>riktig pirat<\/strong>, Du kommer att uppskatta\u00a0<strong>kvalitet<\/strong>\u00a0av visiret och av\u00a0<strong>l\u2019impression 3D Canvas <\/strong>och den <strong>broderad design<\/strong>\u00a0av detta\u00a0<strong>One Piece-keps<\/strong>\u00a0Men viktigast av allt \u00e4r att du kommer att vara en del av\u00a0<strong>l\u2019\u00e9quipage\u00a0des fans<\/strong>\u00a0av\u00a0<strong>piratmanga<\/strong>\u00a0och du kommer att f\u00e5:<\/p>\n<ul>\n<li>\u00a0<strong>L\u2019admiration<\/strong>\u00a0av alla fans av\u00a0<strong>l\u2019univers<\/strong>\u00a0av\u00a0<strong>licens<\/strong>\u00a0av\u00a0<strong>manga<\/strong>\u00a0som du kommer att st\u00f6ta p\u00e5<\/li>\n<\/ul>\n<ul>\n<li>En riktig\u00a0<strong>Lock<\/strong>\u00a0med vilket du kan\u00a0<strong>dela<\/strong>\u00a0din\u00a0<strong>passion<\/strong>\u00a0F\u00f6r<span>\u00a0<\/span><strong>l\u2019univers<\/strong>\u00a0<strong>Ett stycke<\/strong>\n<\/li>\n<\/ul>\n<p>S\u00e5, redo att b\u00e4ra\u00a0<strong>f\u00e4rger\u00a0<\/strong>av<strong>\u00a0<\/strong>din<strong>\u00a0favoritmanga<\/strong>\u00a0?<\/p>\n<h2>Es-tu un fan du manga ou de l\u2019anim\u00e9 One Piece ? Montre le avec cette\u00a0Casquette One Piece !<\/h2>\n<p>Om du\u00a0<strong>l\u00e4sa<\/strong>\u00a0eller vart du \u00e4n tittar\u00a0\u00a0<strong>l\u2019anim\u00e9\u00a0japonais<\/strong>, Det finns en god chans att du har blivit\u00a0<strong>galen i One Piece<\/strong>\u00a0Med detta\u00a0<strong>Keps i ett stycke <\/strong>, rejoins\u00a0l\u2019<strong>en grupp fans av franchisen<\/strong><\/p>\n<p>Detta<span>\u00a0<\/span><strong>broderad m\u00f6ssa<\/strong><span>\u00a0<\/span>kommer att passa alla kategorier av pirater,\u00a0<strong>man<\/strong>\u00a0Eller\u00a0<strong>kvinnor<\/strong>, m\u00eame si tu n\u2019as pas\u00a0<strong>d\u2019\u00e9p\u00e9e<\/strong>\u00a0eller\u00a0<strong>dj\u00e4vulens frukt<\/strong>\u00a0Du kan fortfarande b\u00e4ra den med stolthet.<\/p>\n<h2>Information om m\u00f6ssan:\u00a0<\/h2>\n<ul>\n<li>\u00a0<b>Klassisk keps\u00a0<\/b>: konstituerad<span>\u00a0<\/span>av 6\u00a0<strong>paneler<\/strong>\u00a0i\u00a0<strong>polyester<\/strong>\n<\/li>\n<\/ul>\n<ul>\n<li>\n<strong>Polyester<\/strong>\u00a0med dess\u00a0<strong>sammans\u00e4ttning\u00a0<\/strong>i<strong>\u00a0polyester<\/strong>, Denna keps erbjuder en perfekt\u00a0<strong>skydd<\/strong>\u00a0mot\u00a0<strong>solen\u00a0<\/strong>Och<strong>\u00a0l\u2019eau<\/strong>.\u00a0<\/li>\n<\/ul>\n<ul>\n<li>\n<strong>Mycket bekv\u00e4m\u00a0<\/strong>hon \u00e4r v\u00e4ldigt <strong>trevlig<\/strong> \u00e0 <strong>att b\u00e4ra<\/strong>\n<\/li>\n<\/ul>\n<ul>\n<li>\n<strong>3D digitalutskrift<\/strong>\u00a0hj\u00e4lm<strong>\u00a0tryckt<\/strong>\u00a0med en originell design,\u00a0<strong>Canvastavla<\/strong>\n<\/li>\n<\/ul>\n<ul>\n<li>\n<strong>Platt visir\u00a0<\/strong>d\u00e4r\u00a0<strong>visir<\/strong>\u00a0\u00d6st<b>\u00a0R\u00c4TT<\/b>\n<\/li>\n<\/ul>\n<ul>\n<li>\n<strong>Fri leverans\u00a0<\/strong>f\u00f6r alla k\u00f6p<\/li>\n<\/ul>","protected":false},"excerpt":{"rendered":"<p>Casquette One Piece avec,\u00a0Une\u00a0Casquette\u00a0de Qualit\u00e9 pour un Pirate Comme Toi\u00a0! Si tu es un\u00a0v\u00e9ritable pirate, tu sauras appr\u00e9cier la\u00a0qualit\u00e9\u00a0de la visi\u00e8re et de\u00a0l\u2019impression 3D Canvas et le motif brod\u00e9\u00a0de cette\u00a0casquette\u00a0One Piece\u00a0!\u00a0Mais le plus important,\u00a0c\u0092est que tu\u00a0feras partie de\u00a0l\u2019\u00e9quipage\u00a0des fans\u00a0du\u00a0manga de pirates\u00a0et tu obtiendras\u00a0: \u00a0L\u2019admiration\u00a0de tous les fans de\u00a0l\u2019univers\u00a0de la\u00a0licence\u00a0du\u00a0manga\u00a0que tu\u00a0croiseras Une v\u00e9ritable\u00a0Casquette\u00a0avec laquelle tu pourras\u00a0partager\u00a0ta\u00a0passion\u00a0pour\u00a0l\u2019univers\u00a0One [&hellip;]<\/p>","protected":false},"featured_media":9471,"comment_status":"open","ping_status":"open","template":"","meta":[],"product_brand":[],"product_cat":[190],"product_tag":[182,92],"class_list":{"0":"post-9469","1":"product","2":"type-product","3":"status-publish","4":"has-post-thumbnail","6":"product_cat-casquettes-et-chapeaux-one-piece","7":"product_tag-logo","8":"product_tag-luffy","10":"first","11":"instock","12":"purchasable","13":"product-type-simple"},"yoast_head":"<!-- This site is optimized with the Yoast SEO plugin v27.5 - https:\/\/yoast.com\/product\/yoast-seo-wordpress\/ -->\n<title>Casquette Rouge Jolly Roger Luffy | Boutique One Piece<\/title>\n<meta name=\"description\" content=\"Casquette Classique One Piece avec le Logo de Monkey D. Luffy de Haute Qualit\u00e9 avec une visi\u00e8re Plate, Partage ta Passion pour L&#039;univers des Pirates avec Style\" \/>\n<meta name=\"robots\" content=\"index, follow, max-snippet:-1, max-image-preview:large, max-video-preview:-1\" \/>\n<link rel=\"canonical\" href=\"https:\/\/boutique-one-piece.com\/sv\/one-piece-klader\/one-piece-kepsar-och-hattar\/rod-mossa-i-ett-stycke-jolly-roger-luffy\/\" \/>\n<meta property=\"og:locale\" content=\"sv_SE\" \/>\n<meta property=\"og:type\" content=\"article\" \/>\n<meta property=\"og:title\" content=\"Casquette Rouge Jolly Roger Luffy | Boutique One Piece\" \/>\n<meta property=\"og:description\" content=\"Casquette Classique One Piece avec le Logo de Monkey D. Luffy de Haute Qualit\u00e9 avec une visi\u00e8re Plate, Partage ta Passion pour L&#039;univers des Pirates avec Style\" \/>\n<meta property=\"og:url\" content=\"https:\/\/boutique-one-piece.com\/sv\/one-piece-klader\/one-piece-kepsar-och-hattar\/rod-mossa-i-ett-stycke-jolly-roger-luffy\/\" \/>\n<meta property=\"og:site_name\" content=\"Boutique One Piece\" \/>\n<meta property=\"article:modified_time\" content=\"2024-09-16T11:43:40+00:00\" \/>\n<meta property=\"og:image\" content=\"https:\/\/boutique-one-piece.com\/wp-content\/uploads\/2022\/09\/Casquette-Rouge-One-Piece-Jolly-Roger-Luffy-1.jpg\" \/>\n\t<meta property=\"og:image:width\" content=\"600\" \/>\n\t<meta property=\"og:image:height\" content=\"600\" \/>\n\t<meta property=\"og:image:type\" content=\"image\/jpeg\" \/>\n<meta name=\"twitter:card\" content=\"summary_large_image\" \/>\n<meta name=\"twitter:label1\" content=\"Ber\u00e4knad l\u00e4stid\" \/>\n\t<meta name=\"twitter:data1\" content=\"1 minut\" \/>\n<script type=\"application\/ld+json\" class=\"yoast-schema-graph\">{\"@context\":\"https:\\\/\\\/schema.org\",\"@graph\":[{\"@type\":\"WebPage\",\"@id\":\"https:\\\/\\\/boutique-one-piece.com\\\/vetements-one-piece\\\/casquettes-et-chapeaux-one-piece\\\/casquette-rouge-one-piece-jolly-roger-luffy\\\/\",\"url\":\"https:\\\/\\\/boutique-one-piece.com\\\/vetements-one-piece\\\/casquettes-et-chapeaux-one-piece\\\/casquette-rouge-one-piece-jolly-roger-luffy\\\/\",\"name\":\"Casquette Rouge Jolly Roger Luffy | Boutique One Piece\",\"isPartOf\":{\"@id\":\"https:\\\/\\\/boutique-one-piece.com\\\/#website\"},\"primaryImageOfPage\":{\"@id\":\"https:\\\/\\\/boutique-one-piece.com\\\/vetements-one-piece\\\/casquettes-et-chapeaux-one-piece\\\/casquette-rouge-one-piece-jolly-roger-luffy\\\/#primaryimage\"},\"image\":{\"@id\":\"https:\\\/\\\/boutique-one-piece.com\\\/vetements-one-piece\\\/casquettes-et-chapeaux-one-piece\\\/casquette-rouge-one-piece-jolly-roger-luffy\\\/#primaryimage\"},\"thumbnailUrl\":\"https:\\\/\\\/boutique-one-piece.com\\\/wp-content\\\/uploads\\\/2022\\\/09\\\/Casquette-Rouge-One-Piece-Jolly-Roger-Luffy-1.jpg\",\"datePublished\":\"2022-09-27T20:20:06+00:00\",\"dateModified\":\"2024-09-16T11:43:40+00:00\",\"description\":\"Casquette Classique One Piece avec le Logo de Monkey D. Luffy de Haute Qualit\u00e9 avec une visi\u00e8re Plate, Partage ta Passion pour L'univers des Pirates avec Style\",\"breadcrumb\":{\"@id\":\"https:\\\/\\\/boutique-one-piece.com\\\/vetements-one-piece\\\/casquettes-et-chapeaux-one-piece\\\/casquette-rouge-one-piece-jolly-roger-luffy\\\/#breadcrumb\"},\"inLanguage\":\"sv-SE\",\"potentialAction\":[{\"@type\":\"ReadAction\",\"target\":[\"https:\\\/\\\/boutique-one-piece.com\\\/vetements-one-piece\\\/casquettes-et-chapeaux-one-piece\\\/casquette-rouge-one-piece-jolly-roger-luffy\\\/\"]}]},{\"@type\":\"ImageObject\",\"inLanguage\":\"sv-SE\",\"@id\":\"https:\\\/\\\/boutique-one-piece.com\\\/vetements-one-piece\\\/casquettes-et-chapeaux-one-piece\\\/casquette-rouge-one-piece-jolly-roger-luffy\\\/#primaryimage\",\"url\":\"https:\\\/\\\/boutique-one-piece.com\\\/wp-content\\\/uploads\\\/2022\\\/09\\\/Casquette-Rouge-One-Piece-Jolly-Roger-Luffy-1.jpg\",\"contentUrl\":\"https:\\\/\\\/boutique-one-piece.com\\\/wp-content\\\/uploads\\\/2022\\\/09\\\/Casquette-Rouge-One-Piece-Jolly-Roger-Luffy-1.jpg\",\"width\":600,\"height\":600},{\"@type\":\"BreadcrumbList\",\"@id\":\"https:\\\/\\\/boutique-one-piece.com\\\/vetements-one-piece\\\/casquettes-et-chapeaux-one-piece\\\/casquette-rouge-one-piece-jolly-roger-luffy\\\/#breadcrumb\",\"itemListElement\":[{\"@type\":\"ListItem\",\"position\":1,\"name\":\"Home\",\"item\":\"https:\\\/\\\/boutique-one-piece.com\\\/\"},{\"@type\":\"ListItem\",\"position\":2,\"name\":\"Shop\",\"item\":\"https:\\\/\\\/boutique-one-piece.com\\\/shop\\\/\"},{\"@type\":\"ListItem\",\"position\":3,\"name\":\"Casquette Rouge One Piece Jolly Roger Luffy\"}]},{\"@type\":\"WebSite\",\"@id\":\"https:\\\/\\\/boutique-one-piece.com\\\/#website\",\"url\":\"https:\\\/\\\/boutique-one-piece.com\\\/\",\"name\":\"Boutique One Piece\",\"description\":\"Magasin Sp\u00e9cialis\u00e9 du Manga et l&#039;Anime One Piece\",\"publisher\":{\"@id\":\"https:\\\/\\\/boutique-one-piece.com\\\/#organization\"},\"potentialAction\":[{\"@type\":\"SearchAction\",\"target\":{\"@type\":\"EntryPoint\",\"urlTemplate\":\"https:\\\/\\\/boutique-one-piece.com\\\/?s={search_term_string}\"},\"query-input\":{\"@type\":\"PropertyValueSpecification\",\"valueRequired\":true,\"valueName\":\"search_term_string\"}}],\"inLanguage\":\"sv-SE\"},{\"@type\":\"Organization\",\"@id\":\"https:\\\/\\\/boutique-one-piece.com\\\/#organization\",\"name\":\"Boutique One Piece\",\"url\":\"https:\\\/\\\/boutique-one-piece.com\\\/\",\"logo\":{\"@type\":\"ImageObject\",\"inLanguage\":\"sv-SE\",\"@id\":\"https:\\\/\\\/boutique-one-piece.com\\\/#\\\/schema\\\/logo\\\/image\\\/\",\"url\":\"https:\\\/\\\/boutique-one-piece.com\\\/wp-content\\\/uploads\\\/2022\\\/09\\\/Logo-01.png\",\"contentUrl\":\"https:\\\/\\\/boutique-one-piece.com\\\/wp-content\\\/uploads\\\/2022\\\/09\\\/Logo-01.png\",\"width\":2318,\"height\":957,\"caption\":\"Boutique One Piece\"},\"image\":{\"@id\":\"https:\\\/\\\/boutique-one-piece.com\\\/#\\\/schema\\\/logo\\\/image\\\/\"}}]}<\/script>\n<!-- \/ Yoast SEO plugin. -->","yoast_head_json":{"title":"R\u00f6d Jolly Roger Luffy-keps | One Piece Shop","description":"Klassisk One Piece-keps med Monkey D. Luffy-logotypen, h\u00f6g kvalitet, med platt visir. Dela din passion f\u00f6r piraternas v\u00e4rld med stil.","robots":{"index":"index","follow":"follow","max-snippet":"max-snippet:-1","max-image-preview":"max-image-preview:large","max-video-preview":"max-video-preview:-1"},"canonical":"https:\/\/boutique-one-piece.com\/sv\/one-piece-klader\/one-piece-kepsar-och-hattar\/rod-mossa-i-ett-stycke-jolly-roger-luffy\/","og_locale":"sv_SE","og_type":"article","og_title":"Casquette Rouge Jolly Roger Luffy | Boutique One Piece","og_description":"Casquette Classique One Piece avec le Logo de Monkey D. Luffy de Haute Qualit\u00e9 avec une visi\u00e8re Plate, Partage ta Passion pour L'univers des Pirates avec Style","og_url":"https:\/\/boutique-one-piece.com\/sv\/one-piece-klader\/one-piece-kepsar-och-hattar\/rod-mossa-i-ett-stycke-jolly-roger-luffy\/","og_site_name":"Boutique One Piece","article_modified_time":"2024-09-16T11:43:40+00:00","og_image":[{"width":600,"height":600,"url":"https:\/\/boutique-one-piece.com\/wp-content\/uploads\/2022\/09\/Casquette-Rouge-One-Piece-Jolly-Roger-Luffy-1.jpg","type":"image\/jpeg"}],"twitter_card":"summary_large_image","twitter_misc":{"Ber\u00e4knad l\u00e4stid":"1 minut"},"schema":{"@context":"https:\/\/schema.org","@graph":[{"@type":"WebPage","@id":"https:\/\/boutique-one-piece.com\/vetements-one-piece\/casquettes-et-chapeaux-one-piece\/casquette-rouge-one-piece-jolly-roger-luffy\/","url":"https:\/\/boutique-one-piece.com\/vetements-one-piece\/casquettes-et-chapeaux-one-piece\/casquette-rouge-one-piece-jolly-roger-luffy\/","name":"R\u00f6d Jolly Roger Luffy-keps | One Piece Shop","isPartOf":{"@id":"https:\/\/boutique-one-piece.com\/#website"},"primaryImageOfPage":{"@id":"https:\/\/boutique-one-piece.com\/vetements-one-piece\/casquettes-et-chapeaux-one-piece\/casquette-rouge-one-piece-jolly-roger-luffy\/#primaryimage"},"image":{"@id":"https:\/\/boutique-one-piece.com\/vetements-one-piece\/casquettes-et-chapeaux-one-piece\/casquette-rouge-one-piece-jolly-roger-luffy\/#primaryimage"},"thumbnailUrl":"https:\/\/boutique-one-piece.com\/wp-content\/uploads\/2022\/09\/Casquette-Rouge-One-Piece-Jolly-Roger-Luffy-1.jpg","datePublished":"2022-09-27T20:20:06+00:00","dateModified":"2024-09-16T11:43:40+00:00","description":"Klassisk One Piece-keps med Monkey D. Luffy-logotypen, h\u00f6g kvalitet, med platt visir. Dela din passion f\u00f6r piraternas v\u00e4rld med stil.","breadcrumb":{"@id":"https:\/\/boutique-one-piece.com\/vetements-one-piece\/casquettes-et-chapeaux-one-piece\/casquette-rouge-one-piece-jolly-roger-luffy\/#breadcrumb"},"inLanguage":"sv-SE","potentialAction":[{"@type":"ReadAction","target":["https:\/\/boutique-one-piece.com\/vetements-one-piece\/casquettes-et-chapeaux-one-piece\/casquette-rouge-one-piece-jolly-roger-luffy\/"]}]},{"@type":"ImageObject","inLanguage":"sv-SE","@id":"https:\/\/boutique-one-piece.com\/vetements-one-piece\/casquettes-et-chapeaux-one-piece\/casquette-rouge-one-piece-jolly-roger-luffy\/#primaryimage","url":"https:\/\/boutique-one-piece.com\/wp-content\/uploads\/2022\/09\/Casquette-Rouge-One-Piece-Jolly-Roger-Luffy-1.jpg","contentUrl":"https:\/\/boutique-one-piece.com\/wp-content\/uploads\/2022\/09\/Casquette-Rouge-One-Piece-Jolly-Roger-Luffy-1.jpg","width":600,"height":600},{"@type":"BreadcrumbList","@id":"https:\/\/boutique-one-piece.com\/vetements-one-piece\/casquettes-et-chapeaux-one-piece\/casquette-rouge-one-piece-jolly-roger-luffy\/#breadcrumb","itemListElement":[{"@type":"ListItem","position":1,"name":"Home","item":"https:\/\/boutique-one-piece.com\/"},{"@type":"ListItem","position":2,"name":"Shop","item":"https:\/\/boutique-one-piece.com\/shop\/"},{"@type":"ListItem","position":3,"name":"Casquette Rouge One Piece Jolly Roger Luffy"}]},{"@type":"WebSite","@id":"https:\/\/boutique-one-piece.com\/#website","url":"https:\/\/boutique-one-piece.com\/","name":"One Piece-butik","description":"Specialbutik f\u00f6r One Piece Manga och Anime","publisher":{"@id":"https:\/\/boutique-one-piece.com\/#organization"},"potentialAction":[{"@type":"SearchAction","target":{"@type":"EntryPoint","urlTemplate":"https:\/\/boutique-one-piece.com\/?s={search_term_string}"},"query-input":{"@type":"PropertyValueSpecification","valueRequired":true,"valueName":"search_term_string"}}],"inLanguage":"sv-SE"},{"@type":"Organization","@id":"https:\/\/boutique-one-piece.com\/#organization","name":"One Piece-butik","url":"https:\/\/boutique-one-piece.com\/","logo":{"@type":"ImageObject","inLanguage":"sv-SE","@id":"https:\/\/boutique-one-piece.com\/#\/schema\/logo\/image\/","url":"https:\/\/boutique-one-piece.com\/wp-content\/uploads\/2022\/09\/Logo-01.png","contentUrl":"https:\/\/boutique-one-piece.com\/wp-content\/uploads\/2022\/09\/Logo-01.png","width":2318,"height":957,"caption":"Boutique One Piece"},"image":{"@id":"https:\/\/boutique-one-piece.com\/#\/schema\/logo\/image\/"}}]}},"_links":{"self":[{"href":"https:\/\/boutique-one-piece.com\/sv\/wp-json\/wp\/v2\/product\/9469","targetHints":{"allow":["GET"]}}],"collection":[{"href":"https:\/\/boutique-one-piece.com\/sv\/wp-json\/wp\/v2\/product"}],"about":[{"href":"https:\/\/boutique-one-piece.com\/sv\/wp-json\/wp\/v2\/types\/product"}],"replies":[{"embeddable":true,"href":"https:\/\/boutique-one-piece.com\/sv\/wp-json\/wp\/v2\/comments?post=9469"}],"wp:featuredmedia":[{"embeddable":true,"href":"https:\/\/boutique-one-piece.com\/sv\/wp-json\/wp\/v2\/media\/9471"}],"wp:attachment":[{"href":"https:\/\/boutique-one-piece.com\/sv\/wp-json\/wp\/v2\/media?parent=9469"}],"wp:term":[{"taxonomy":"product_brand","embeddable":true,"href":"https:\/\/boutique-one-piece.com\/sv\/wp-json\/wp\/v2\/product_brand?post=9469"},{"taxonomy":"product_cat","embeddable":true,"href":"https:\/\/boutique-one-piece.com\/sv\/wp-json\/wp\/v2\/product_cat?post=9469"},{"taxonomy":"product_tag","embeddable":true,"href":"https:\/\/boutique-one-piece.com\/sv\/wp-json\/wp\/v2\/product_tag?post=9469"}],"curies":[{"name":"wp","href":"https:\/\/api.w.org\/{rel}","templated":true}]}}