{"id":9498,"date":"2022-09-27T20:20:29","date_gmt":"2022-09-27T20:20:29","guid":{"rendered":"https:\/\/boutique-one-piece.com\/uncategorized\/peluche-ace\/"},"modified":"2024-09-16T11:44:28","modified_gmt":"2024-09-16T11:44:28","slug":"ess-plyschleksak","status":"publish","type":"product","link":"https:\/\/boutique-one-piece.com\/sv\/one-piece-plyschleksaker\/ess-plyschleksak\/","title":{"rendered":"Ess plyschleksak"},"content":{"rendered":"<h2>Ung pirat m\u00f6ter den ende sonen till den avlidne piratkungen Gol D. Roger ... Skaffa din Ess-plysch nu!.<\/h2>\n<p><strong>Portgas D. Ace<\/strong> (f\u00f6dd Gol D. Ace), k\u00e4nd som &quot;Fire Fist Ace&quot;, \u00e4r den andliga brodern till Monkey D. Luffy och Sabo. F\u00f6rresten, om du vill ut\u00f6ka din plyschsamling, <a title=\"SABO PLYSCHLEKSAK\" href=\"https:\/\/boutique-one-piece.com\/sv\/sabo-plyschleksak\/\" target=\"\u00ab\" _blank rel=\"noopener\">Sabo plyschleksak<\/a> \u00e4r bara ett klick bort fr\u00e5n dig. F\u00f6r att \u00e5terg\u00e5 till Ace, b\u00f6r du veta att, som hans namn antyder, bar Portgas D. Ace ocks\u00e5 &quot;D:s vilja&quot;, som han s\u00e4kerligen \u00e4rvde fr\u00e5n sin far, Gol D. Roger, och sin mor, Portgas D. Rouge. Han var d\u00e4rf\u00f6r f\u00f6rutbest\u00e4md till storhet, men han valde att offra sitt liv f\u00f6r <strong>r\u00e4dda sin lillebror<\/strong>, d\u00f6ende med ett leende, precis som hans avlidne far hade gjort.<\/p>\n<h3>Unge pirat, kom och tr\u00e4ffa Ace med de eldiga n\u00e4varna. Denna plyschleksak i hans avbild kommer aldrig att l\u00e4mna din sida, det \u00e4r s\u00e4kert! L\u00e4r dig tillsammans med Ace att anv\u00e4nda din drakfrukt lika skickligt som han.<\/h3>\n<p><strong>Ett stycke<\/strong> \u00e4r v\u00e4rldens mest l\u00e4sta manga. G\u00e5 med miljontals fans av Luffys universum. Dessa legendariska f\u00f6rem\u00e5l \u00e4r definitivt n\u00e5got f\u00f6r dig. Perfekta att ge bort i present, dekorera eller bara f\u00f6r skojs skull, dessa f\u00f6rem\u00e5l kommer att komplettera din One Piece-v\u00e4rld. Det \u00e4r upp till dig att g\u00e5 med i det fantastiska universumet av <strong>Apa D. Luffy<\/strong>.<\/p>\n<h2>Information om One Piece Ace Plush:<\/h2>\n<ul>\n<li>\u00a0<b>Produkttyp<\/b><span>\u00a0<\/span>One Piece manga plyschleksak<\/li>\n<\/ul>\n<ul>\n<li>\n<b>Anv\u00e4ndning av Peluce<\/b>\u00a0Leksaker, dekorationer, samlarobjekt, presenter<\/li>\n<\/ul>\n<ul>\n<li>\n<b>Karakt\u00e4rsnamn<\/b>\u00a0Portgas D Ace<\/li>\n<\/ul>\n<ul>\n<li>\n<b>Storlek p\u00e5 plyschleksak<\/b>\u00a0: 25 eller 30 centimeter<\/li>\n<\/ul>\n<ul>\n<li>\n<b>Materia<\/b>\u00a0Bomull<\/li>\n<\/ul>\n<ul>\n<li>\n<b>Rekommenderad \u00e5lder<\/b>\u00a0mer \u00e4n 3 \u00e5r<\/li>\n<\/ul>\n<ul>\n<li>\n<b>Fri leverans<\/b> f\u00f6r alla k\u00f6p<\/li>\n<\/ul>","protected":false},"excerpt":{"rendered":"<p>Ung pirat, umg\u00e5s med den ende sonen till den avlidne piratkungen Gol D. Roger\u2026 Skaffa din Ace-plysch nu! Portgas D. Ace (f\u00f6dd Gol D. Ace), k\u00e4nd som &quot;Eldn\u00e4ve-Assen&quot;, \u00e4r den svurna brodern till Monkey D. Luffy och Sabo. Om du vill ut\u00f6ka din samling\u2026<\/p>","protected":false},"featured_media":9500,"comment_status":"open","ping_status":"open","template":"","meta":[],"product_brand":[],"product_cat":[177],"product_tag":[176],"class_list":{"0":"post-9498","1":"product","2":"type-product","3":"status-publish","4":"has-post-thumbnail","6":"product_cat-peluches-one-piece","7":"product_tag-ace","9":"first","10":"instock","11":"purchasable","12":"product-type-variable","13":"has-default-attributes"},"yoast_head":"<!-- This site is optimized with the Yoast SEO plugin v27.5 - https:\/\/yoast.com\/product\/yoast-seo-wordpress\/ -->\n<title>Peluche Ace | Boutique One Piece<\/title>\n<meta name=\"description\" content=\"D\u00e9couvrez la peluche One Piece Portgas D ace, elle est aussi douce que mignonne ! Commencez votre aventure de pirate \u00e0 la recherche du One Piece dans l&#039;\u00e9quipage du Chapeau de Paille\" \/>\n<meta name=\"robots\" content=\"index, follow, max-snippet:-1, max-image-preview:large, max-video-preview:-1\" \/>\n<link rel=\"canonical\" href=\"https:\/\/boutique-one-piece.com\/sv\/one-piece-plyschleksaker\/ess-plyschleksak\/\" \/>\n<meta property=\"og:locale\" content=\"sv_SE\" \/>\n<meta property=\"og:type\" content=\"article\" \/>\n<meta property=\"og:title\" content=\"Peluche Ace | Boutique One Piece\" \/>\n<meta property=\"og:description\" content=\"D\u00e9couvrez la peluche One Piece Portgas D ace, elle est aussi douce que mignonne ! Commencez votre aventure de pirate \u00e0 la recherche du One Piece dans l&#039;\u00e9quipage du Chapeau de Paille\" \/>\n<meta property=\"og:url\" content=\"https:\/\/boutique-one-piece.com\/sv\/one-piece-plyschleksaker\/ess-plyschleksak\/\" \/>\n<meta property=\"og:site_name\" content=\"Boutique One Piece\" \/>\n<meta property=\"article:modified_time\" content=\"2024-09-16T11:44:28+00:00\" \/>\n<meta property=\"og:image\" content=\"https:\/\/boutique-one-piece.com\/wp-content\/uploads\/2022\/09\/Peluche-Ace.png\" \/>\n\t<meta property=\"og:image:width\" content=\"500\" \/>\n\t<meta property=\"og:image:height\" content=\"500\" \/>\n\t<meta property=\"og:image:type\" content=\"image\/png\" \/>\n<meta name=\"twitter:card\" content=\"summary_large_image\" \/>\n<meta name=\"twitter:label1\" content=\"Ber\u00e4knad l\u00e4stid\" \/>\n\t<meta name=\"twitter:data1\" content=\"1 minut\" \/>\n<script type=\"application\/ld+json\" class=\"yoast-schema-graph\">{\"@context\":\"https:\\\/\\\/schema.org\",\"@graph\":[{\"@type\":\"WebPage\",\"@id\":\"https:\\\/\\\/boutique-one-piece.com\\\/peluches-one-piece\\\/peluche-ace\\\/\",\"url\":\"https:\\\/\\\/boutique-one-piece.com\\\/peluches-one-piece\\\/peluche-ace\\\/\",\"name\":\"Peluche Ace | Boutique One Piece\",\"isPartOf\":{\"@id\":\"https:\\\/\\\/boutique-one-piece.com\\\/#website\"},\"primaryImageOfPage\":{\"@id\":\"https:\\\/\\\/boutique-one-piece.com\\\/peluches-one-piece\\\/peluche-ace\\\/#primaryimage\"},\"image\":{\"@id\":\"https:\\\/\\\/boutique-one-piece.com\\\/peluches-one-piece\\\/peluche-ace\\\/#primaryimage\"},\"thumbnailUrl\":\"https:\\\/\\\/boutique-one-piece.com\\\/wp-content\\\/uploads\\\/2022\\\/09\\\/Peluche-Ace.png\",\"datePublished\":\"2022-09-27T20:20:29+00:00\",\"dateModified\":\"2024-09-16T11:44:28+00:00\",\"description\":\"D\u00e9couvrez la peluche One Piece Portgas D ace, elle est aussi douce que mignonne ! Commencez votre aventure de pirate \u00e0 la recherche du One Piece dans l'\u00e9quipage du Chapeau de Paille\",\"breadcrumb\":{\"@id\":\"https:\\\/\\\/boutique-one-piece.com\\\/peluches-one-piece\\\/peluche-ace\\\/#breadcrumb\"},\"inLanguage\":\"sv-SE\",\"potentialAction\":[{\"@type\":\"ReadAction\",\"target\":[\"https:\\\/\\\/boutique-one-piece.com\\\/peluches-one-piece\\\/peluche-ace\\\/\"]}]},{\"@type\":\"ImageObject\",\"inLanguage\":\"sv-SE\",\"@id\":\"https:\\\/\\\/boutique-one-piece.com\\\/peluches-one-piece\\\/peluche-ace\\\/#primaryimage\",\"url\":\"https:\\\/\\\/boutique-one-piece.com\\\/wp-content\\\/uploads\\\/2022\\\/09\\\/Peluche-Ace.png\",\"contentUrl\":\"https:\\\/\\\/boutique-one-piece.com\\\/wp-content\\\/uploads\\\/2022\\\/09\\\/Peluche-Ace.png\",\"width\":500,\"height\":500,\"caption\":\"Peluche Ace 30cm\"},{\"@type\":\"BreadcrumbList\",\"@id\":\"https:\\\/\\\/boutique-one-piece.com\\\/peluches-one-piece\\\/peluche-ace\\\/#breadcrumb\",\"itemListElement\":[{\"@type\":\"ListItem\",\"position\":1,\"name\":\"Home\",\"item\":\"https:\\\/\\\/boutique-one-piece.com\\\/\"},{\"@type\":\"ListItem\",\"position\":2,\"name\":\"Shop\",\"item\":\"https:\\\/\\\/boutique-one-piece.com\\\/shop\\\/\"},{\"@type\":\"ListItem\",\"position\":3,\"name\":\"Peluche Ace\"}]},{\"@type\":\"WebSite\",\"@id\":\"https:\\\/\\\/boutique-one-piece.com\\\/#website\",\"url\":\"https:\\\/\\\/boutique-one-piece.com\\\/\",\"name\":\"Boutique One Piece\",\"description\":\"Magasin Sp\u00e9cialis\u00e9 du Manga et l&#039;Anime One Piece\",\"publisher\":{\"@id\":\"https:\\\/\\\/boutique-one-piece.com\\\/#organization\"},\"potentialAction\":[{\"@type\":\"SearchAction\",\"target\":{\"@type\":\"EntryPoint\",\"urlTemplate\":\"https:\\\/\\\/boutique-one-piece.com\\\/?s={search_term_string}\"},\"query-input\":{\"@type\":\"PropertyValueSpecification\",\"valueRequired\":true,\"valueName\":\"search_term_string\"}}],\"inLanguage\":\"sv-SE\"},{\"@type\":\"Organization\",\"@id\":\"https:\\\/\\\/boutique-one-piece.com\\\/#organization\",\"name\":\"Boutique One Piece\",\"url\":\"https:\\\/\\\/boutique-one-piece.com\\\/\",\"logo\":{\"@type\":\"ImageObject\",\"inLanguage\":\"sv-SE\",\"@id\":\"https:\\\/\\\/boutique-one-piece.com\\\/#\\\/schema\\\/logo\\\/image\\\/\",\"url\":\"https:\\\/\\\/boutique-one-piece.com\\\/wp-content\\\/uploads\\\/2022\\\/09\\\/Logo-01.png\",\"contentUrl\":\"https:\\\/\\\/boutique-one-piece.com\\\/wp-content\\\/uploads\\\/2022\\\/09\\\/Logo-01.png\",\"width\":2318,\"height\":957,\"caption\":\"Boutique One Piece\"},\"image\":{\"@id\":\"https:\\\/\\\/boutique-one-piece.com\\\/#\\\/schema\\\/logo\\\/image\\\/\"}}]}<\/script>\n<!-- \/ Yoast SEO plugin. -->","yoast_head_json":{"title":"Ace Plush | One Piece Shop","description":"Uppt\u00e4ck One Piece Portgas D. Ace-plyschfiguren, den \u00e4r lika mjuk som den \u00e4r s\u00f6t! B\u00f6rja ditt pirat\u00e4ventyr i jakten p\u00e5 One Piece med Straw Hat-g\u00e4nget.","robots":{"index":"index","follow":"follow","max-snippet":"max-snippet:-1","max-image-preview":"max-image-preview:large","max-video-preview":"max-video-preview:-1"},"canonical":"https:\/\/boutique-one-piece.com\/sv\/one-piece-plyschleksaker\/ess-plyschleksak\/","og_locale":"sv_SE","og_type":"article","og_title":"Peluche Ace | Boutique One Piece","og_description":"D\u00e9couvrez la peluche One Piece Portgas D ace, elle est aussi douce que mignonne ! Commencez votre aventure de pirate \u00e0 la recherche du One Piece dans l'\u00e9quipage du Chapeau de Paille","og_url":"https:\/\/boutique-one-piece.com\/sv\/one-piece-plyschleksaker\/ess-plyschleksak\/","og_site_name":"Boutique One Piece","article_modified_time":"2024-09-16T11:44:28+00:00","og_image":[{"width":500,"height":500,"url":"https:\/\/boutique-one-piece.com\/wp-content\/uploads\/2022\/09\/Peluche-Ace.png","type":"image\/png"}],"twitter_card":"summary_large_image","twitter_misc":{"Ber\u00e4knad l\u00e4stid":"1 minut"},"schema":{"@context":"https:\/\/schema.org","@graph":[{"@type":"WebPage","@id":"https:\/\/boutique-one-piece.com\/peluches-one-piece\/peluche-ace\/","url":"https:\/\/boutique-one-piece.com\/peluches-one-piece\/peluche-ace\/","name":"Ace Plush | One Piece Shop","isPartOf":{"@id":"https:\/\/boutique-one-piece.com\/#website"},"primaryImageOfPage":{"@id":"https:\/\/boutique-one-piece.com\/peluches-one-piece\/peluche-ace\/#primaryimage"},"image":{"@id":"https:\/\/boutique-one-piece.com\/peluches-one-piece\/peluche-ace\/#primaryimage"},"thumbnailUrl":"https:\/\/boutique-one-piece.com\/wp-content\/uploads\/2022\/09\/Peluche-Ace.png","datePublished":"2022-09-27T20:20:29+00:00","dateModified":"2024-09-16T11:44:28+00:00","description":"Uppt\u00e4ck One Piece Portgas D. Ace-plyschfiguren, den \u00e4r lika mjuk som den \u00e4r s\u00f6t! B\u00f6rja ditt pirat\u00e4ventyr i jakten p\u00e5 One Piece med Straw Hat-g\u00e4nget.","breadcrumb":{"@id":"https:\/\/boutique-one-piece.com\/peluches-one-piece\/peluche-ace\/#breadcrumb"},"inLanguage":"sv-SE","potentialAction":[{"@type":"ReadAction","target":["https:\/\/boutique-one-piece.com\/peluches-one-piece\/peluche-ace\/"]}]},{"@type":"ImageObject","inLanguage":"sv-SE","@id":"https:\/\/boutique-one-piece.com\/peluches-one-piece\/peluche-ace\/#primaryimage","url":"https:\/\/boutique-one-piece.com\/wp-content\/uploads\/2022\/09\/Peluche-Ace.png","contentUrl":"https:\/\/boutique-one-piece.com\/wp-content\/uploads\/2022\/09\/Peluche-Ace.png","width":500,"height":500,"caption":"Peluche Ace 30cm"},{"@type":"BreadcrumbList","@id":"https:\/\/boutique-one-piece.com\/peluches-one-piece\/peluche-ace\/#breadcrumb","itemListElement":[{"@type":"ListItem","position":1,"name":"Home","item":"https:\/\/boutique-one-piece.com\/"},{"@type":"ListItem","position":2,"name":"Shop","item":"https:\/\/boutique-one-piece.com\/shop\/"},{"@type":"ListItem","position":3,"name":"Peluche Ace"}]},{"@type":"WebSite","@id":"https:\/\/boutique-one-piece.com\/#website","url":"https:\/\/boutique-one-piece.com\/","name":"One Piece-butik","description":"Specialbutik f\u00f6r One Piece Manga och Anime","publisher":{"@id":"https:\/\/boutique-one-piece.com\/#organization"},"potentialAction":[{"@type":"SearchAction","target":{"@type":"EntryPoint","urlTemplate":"https:\/\/boutique-one-piece.com\/?s={search_term_string}"},"query-input":{"@type":"PropertyValueSpecification","valueRequired":true,"valueName":"search_term_string"}}],"inLanguage":"sv-SE"},{"@type":"Organization","@id":"https:\/\/boutique-one-piece.com\/#organization","name":"One Piece-butik","url":"https:\/\/boutique-one-piece.com\/","logo":{"@type":"ImageObject","inLanguage":"sv-SE","@id":"https:\/\/boutique-one-piece.com\/#\/schema\/logo\/image\/","url":"https:\/\/boutique-one-piece.com\/wp-content\/uploads\/2022\/09\/Logo-01.png","contentUrl":"https:\/\/boutique-one-piece.com\/wp-content\/uploads\/2022\/09\/Logo-01.png","width":2318,"height":957,"caption":"Boutique One Piece"},"image":{"@id":"https:\/\/boutique-one-piece.com\/#\/schema\/logo\/image\/"}}]}},"_links":{"self":[{"href":"https:\/\/boutique-one-piece.com\/sv\/wp-json\/wp\/v2\/product\/9498","targetHints":{"allow":["GET"]}}],"collection":[{"href":"https:\/\/boutique-one-piece.com\/sv\/wp-json\/wp\/v2\/product"}],"about":[{"href":"https:\/\/boutique-one-piece.com\/sv\/wp-json\/wp\/v2\/types\/product"}],"replies":[{"embeddable":true,"href":"https:\/\/boutique-one-piece.com\/sv\/wp-json\/wp\/v2\/comments?post=9498"}],"wp:featuredmedia":[{"embeddable":true,"href":"https:\/\/boutique-one-piece.com\/sv\/wp-json\/wp\/v2\/media\/9500"}],"wp:attachment":[{"href":"https:\/\/boutique-one-piece.com\/sv\/wp-json\/wp\/v2\/media?parent=9498"}],"wp:term":[{"taxonomy":"product_brand","embeddable":true,"href":"https:\/\/boutique-one-piece.com\/sv\/wp-json\/wp\/v2\/product_brand?post=9498"},{"taxonomy":"product_cat","embeddable":true,"href":"https:\/\/boutique-one-piece.com\/sv\/wp-json\/wp\/v2\/product_cat?post=9498"},{"taxonomy":"product_tag","embeddable":true,"href":"https:\/\/boutique-one-piece.com\/sv\/wp-json\/wp\/v2\/product_tag?post=9498"}],"curies":[{"name":"wp","href":"https:\/\/api.w.org\/{rel}","templated":true}]}}