{"id":9621,"date":"2022-09-27T20:21:20","date_gmt":"2022-09-27T20:21:20","guid":{"rendered":"https:\/\/boutique-one-piece.com\/uncategorized\/sweat-one-piece-bi-color\/"},"modified":"2025-12-24T12:04:49","modified_gmt":"2025-12-24T12:04:49","slug":"tvafargad-troja-i-ett-stycke","status":"publish","type":"product","link":"https:\/\/boutique-one-piece.com\/sv\/one-piece-godsaker\/godsaker-apa-d-luffy-ett-stycke\/tvafargad-troja-i-ett-stycke\/","title":{"rendered":"One Piece Bl\u00e5 och Vit Tr\u00f6ja"},"content":{"rendered":"<p><meta charset=\"utf-8\"><meta charset=\"utf-8\"><\/p>\n<h2>\n<b>One Piece l\u00e5ng\u00e4rmad bl\u00e5 och vit hoodie med Straw Hat Luffy-logotypen.,\u00a0<\/b>En kvalitetstr\u00f6ja f\u00f6r en pirat som du!<\/h2>\n<p>Om du \u00e4r en\u00a0<strong>riktig pirat<\/strong>, Du kommer att uppskatta\u00a0<strong>kvalitet<\/strong>\u00a0tyg och\u00a0<strong>3D-canvasutskrift<\/strong>\u00a0av detta<span>\u00a0<\/span><strong>One Piece-tr\u00f6ja<\/strong>\u00a0Men viktigast av allt, med detta\u00a0<strong>m\u00f6nstrad tr\u00f6ja<\/strong>\u00a0det \u00e4r f\u00f6r att du kommer att vara en del av\u00a0<strong>fanteamet<\/strong>\u00a0av\u00a0<strong>piratmanga<\/strong>\u00a0och du kommer att f\u00e5:<\/p>\n<ul>\n<li>\u00a0<strong>Beundran<\/strong>\u00a0av alla fans av\u00a0<strong>v\u00e4rldsalltet<\/strong>\u00a0av\u00a0<strong>licens<\/strong>\u00a0av\u00a0<strong>manga<\/strong>\u00a0som du kommer att st\u00f6ta p\u00e5<\/li>\n<\/ul>\n<ul>\n<li>En riktig\u00a0<strong>luvtr\u00f6ja<\/strong>\u00a0med vilket du kan\u00a0<strong>dela<\/strong>\u00a0din\u00a0<strong>passion<\/strong>\u00a0F\u00f6r\u00a0<strong>Ett stycke<\/strong>\n<\/li>\n<\/ul>\n<p>S\u00e5, redo att b\u00e4ra\u00a0<strong>f\u00e4rger\u00a0<\/strong>av<strong>\u00a0<\/strong>din<strong>\u00a0favoritmanga<\/strong>\u00a0?<\/p>\n<h2>\u00c4r du ett fan av One Piece manga eller anime? Visa upp det med denna One Piece-tr\u00f6ja!<\/h2>\n<p>Om du\u00a0<strong>l\u00e4sa<\/strong>\u00a0eller vart du \u00e4n tittar\u00a0\u00a0<strong>Japansk anime<\/strong>, Det finns en god chans att du har blivit\u00a0<strong>galen i One Piece<\/strong>\u00a0Med detta!\u00a0<strong>One Piece Bl\u00e5 och Vit Tr\u00f6ja<\/strong>, g\u00e5 med i\u2019<strong>en grupp fans av franchisen<\/strong><\/p>\n<p>Detta\u00a0<strong>Cosplay-stil tr\u00f6ja\u00a0<\/strong>\u00a0finns i storlekar\u00a0<strong>XXS<\/strong>,\u00a0<strong>XS<\/strong>,\u00a0<strong>S<\/strong>,<strong>\u00a0M<\/strong>,<strong>\u00a0L<\/strong>,\u00a0<strong>XL<\/strong>,\u00a0<strong>XXL<\/strong>,\u00a0<strong>3XL<\/strong>,\u00a0<strong>4XL<\/strong>\u00a0Det passar alla kategorier av pirater.,\u00a0<strong>man<\/strong>\u00a0Eller\u00a0<strong>kvinnor<\/strong>, \u00e4ven om du inte har\u00a0<strong>sv\u00e4rd<\/strong>\u00a0eller\u00a0<strong>dj\u00e4vulens frukt<\/strong>\u00a0Du kan fortfarande b\u00e4ra den med stolthet.<\/p>\n<h2>Information om tr\u00f6jan:\u00a0<\/h2>\n<ul>\n<li>\n<strong>Premiumkvalitets tr\u00f6ja i ett stycke\u00a0<\/strong>har en<span>\u00a0<\/span><strong>h\u00f6g ytvikt<\/strong><span>\u00a0<\/span>med kvalitetsmaterial<\/li>\n<\/ul>\n<ul>\n<li>\n<strong>Stor flexibilitet\u00a0<\/strong>: tack vare sin sammans\u00e4ttning g\u00f6r den inte<span>\u00a0<\/span><strong>skrynkliga<\/strong><span>\u00a0<\/span>inte<\/li>\n<\/ul>\n<ul>\n<li>\n<strong>Mycket bekv\u00e4m\u00a0<\/strong>med<span>\u00a0<\/span>hans<span>\u00a0<\/span><strong>fibrer<\/strong><span>\u00a0<\/span>av<span>\u00a0<\/span><strong>bomull<\/strong><span>\u00a0<\/span>stor<span>\u00a0<\/span><strong>mjuk<\/strong>, det finns ingen<span>\u00a0<\/span><strong>friktion<\/strong>\n<\/li>\n<\/ul>\n<ul>\n<li>3D digitalutskrift, originell design<\/li>\n<\/ul>\n<ul>\n<li>\n<strong>Organisk bomull\u00a0<\/strong>bomull<span>\u00a0<\/span><strong>h\u00f6g kvalitet<\/strong>\u00a0med<span>\u00a0<\/span><strong>fibrer<\/strong><span>\u00a0<\/span>extra<span>\u00a0<\/span><strong>l\u00e5ng<\/strong>\n<\/li>\n<\/ul>\n<ul>\n<li>\n<strong>Fri leverans\u00a0<\/strong>f\u00f6r alla k\u00f6p<strong>\u00a0<\/strong>\n<\/li>\n<\/ul>\n<p><strong>Gl\u00f6m inte att ta en titt p\u00e5 storleksguiden nedan.<\/strong><\/p>\n<p><img decoding=\"async\" src=\"https:\/\/cdn.shopify.com\/s\/files\/1\/0087\/7556\/5348\/files\/boutque_one_piece_tableau__taille_sweat_large.jpg?v=1559846386\" alt=\"Storlekstabell f\u00f6r One Piece-tr\u00f6jor\"><\/p>\n<h3>Tv\u00e4ttinstruktioner:<\/h3>\n<ul>\n<li>Maskintv\u00e4tt 30\u00b0C, skonsam tv\u00e4tt<\/li>\n<\/ul>\n<ul>\n<li>Stryk p\u00e5 baksidan<\/li>\n<\/ul>\n<p>F\u00f6r<span>\u00a0<\/span><strong>bevara kvaliteten<\/strong><span>\u00a0<\/span>av detta<span>\u00a0<strong>tr\u00f6ja<\/strong><\/span><strong>\u00a0Ett stycke<\/strong>, rekommenderar vi att du<span>\u00a0<\/span><strong>respektera<\/strong><span>\u00a0<\/span>DE<span>\u00a0<\/span><strong>tv\u00e4ttinstruktioner<\/strong>.<\/p>","protected":false},"excerpt":{"rendered":"<p>One Piece bl\u00e5 och vit l\u00e5ng\u00e4rmad huvtr\u00f6ja med str\u00e5hatt och Luffy-logotyp, en kvalitets-tr\u00f6ja f\u00f6r en pirat som du! Om du \u00e4r en sann pirat kommer du att uppskatta tygets kvalitet och 3D-canvastrycket p\u00e5 denna One Piece-tr\u00f6ja! Men viktigast av allt, med denna tryckta tr\u00f6ja blir du en del av g\u00e4nget av fans av piratmangan och du f\u00e5r: [\u2026]<\/p>","protected":false},"featured_media":9623,"comment_status":"open","ping_status":"open","template":"","meta":[],"product_brand":[],"product_cat":[80,149,54],"product_tag":[182,92],"class_list":{"0":"post-9621","1":"product","2":"type-product","3":"status-publish","4":"has-post-thumbnail","6":"product_cat-goodies-monkey-d-luffy-one-piece","7":"product_cat-sweats-one-piece","8":"product_cat-vetements-one-piece","9":"product_tag-logo","10":"product_tag-luffy","12":"first","13":"instock","14":"purchasable","15":"product-type-variable","16":"has-default-attributes"},"yoast_head":"<!-- This site is optimized with the Yoast SEO plugin v27.5 - https:\/\/yoast.com\/product\/yoast-seo-wordpress\/ -->\n<title>Sweat Bleu \u00e0 Manches Longue Blanche | Boutique One Piece<\/title>\n<meta name=\"description\" content=\"Sweat \u00e0 Capuche Bleu et Blanc \u00e0 Manches Longues One Piece avec le Logo de Luffy au Chapeau de Paille de Tr\u00e8s Haute Qualit\u00e9 Partage ta Passion pour les Mugiwara!\" \/>\n<meta name=\"robots\" content=\"index, follow, max-snippet:-1, max-image-preview:large, max-video-preview:-1\" \/>\n<link rel=\"canonical\" href=\"https:\/\/boutique-one-piece.com\/sv\/one-piece-klader\/ett-stycke-trojor\/tvafargad-troja-i-ett-stycke\/\" \/>\n<meta property=\"og:locale\" content=\"sv_SE\" \/>\n<meta property=\"og:type\" content=\"article\" \/>\n<meta property=\"og:title\" content=\"Sweat Bleu \u00e0 Manches Longue Blanche | Boutique One Piece\" \/>\n<meta property=\"og:description\" content=\"Sweat \u00e0 Capuche Bleu et Blanc \u00e0 Manches Longues One Piece avec le Logo de Luffy au Chapeau de Paille de Tr\u00e8s Haute Qualit\u00e9 Partage ta Passion pour les Mugiwara!\" \/>\n<meta property=\"og:url\" content=\"https:\/\/boutique-one-piece.com\/sv\/one-piece-klader\/ett-stycke-trojor\/tvafargad-troja-i-ett-stycke\/\" \/>\n<meta property=\"og:site_name\" content=\"Boutique One Piece\" \/>\n<meta property=\"article:modified_time\" content=\"2025-12-24T12:04:49+00:00\" \/>\n<meta property=\"og:image\" content=\"https:\/\/boutique-one-piece.com\/wp-content\/uploads\/2022\/09\/Sweat-One-Piece-Bleu-et-Blanc.jpg\" \/>\n\t<meta property=\"og:image:width\" content=\"600\" \/>\n\t<meta property=\"og:image:height\" content=\"600\" \/>\n\t<meta property=\"og:image:type\" content=\"image\/jpeg\" \/>\n<meta name=\"twitter:card\" content=\"summary_large_image\" \/>\n<meta name=\"twitter:label1\" content=\"Ber\u00e4knad l\u00e4stid\" \/>\n\t<meta name=\"twitter:data1\" content=\"2 minuter\" \/>\n<script type=\"application\/ld+json\" class=\"yoast-schema-graph\">{\"@context\":\"https:\\\/\\\/schema.org\",\"@graph\":[{\"@type\":\"WebPage\",\"@id\":\"https:\\\/\\\/boutique-one-piece.com\\\/vetements-one-piece\\\/sweats-one-piece\\\/sweat-one-piece-bi-color\\\/\",\"url\":\"https:\\\/\\\/boutique-one-piece.com\\\/vetements-one-piece\\\/sweats-one-piece\\\/sweat-one-piece-bi-color\\\/\",\"name\":\"Sweat Bleu \u00e0 Manches Longue Blanche | Boutique One Piece\",\"isPartOf\":{\"@id\":\"https:\\\/\\\/boutique-one-piece.com\\\/#website\"},\"primaryImageOfPage\":{\"@id\":\"https:\\\/\\\/boutique-one-piece.com\\\/vetements-one-piece\\\/sweats-one-piece\\\/sweat-one-piece-bi-color\\\/#primaryimage\"},\"image\":{\"@id\":\"https:\\\/\\\/boutique-one-piece.com\\\/vetements-one-piece\\\/sweats-one-piece\\\/sweat-one-piece-bi-color\\\/#primaryimage\"},\"thumbnailUrl\":\"https:\\\/\\\/boutique-one-piece.com\\\/wp-content\\\/uploads\\\/2022\\\/09\\\/Sweat-One-Piece-Bleu-et-Blanc.jpg\",\"datePublished\":\"2022-09-27T20:21:20+00:00\",\"dateModified\":\"2025-12-24T12:04:49+00:00\",\"description\":\"Sweat \u00e0 Capuche Bleu et Blanc \u00e0 Manches Longues One Piece avec le Logo de Luffy au Chapeau de Paille de Tr\u00e8s Haute Qualit\u00e9 Partage ta Passion pour les Mugiwara!\",\"breadcrumb\":{\"@id\":\"https:\\\/\\\/boutique-one-piece.com\\\/vetements-one-piece\\\/sweats-one-piece\\\/sweat-one-piece-bi-color\\\/#breadcrumb\"},\"inLanguage\":\"sv-SE\",\"potentialAction\":[{\"@type\":\"ReadAction\",\"target\":[\"https:\\\/\\\/boutique-one-piece.com\\\/vetements-one-piece\\\/sweats-one-piece\\\/sweat-one-piece-bi-color\\\/\"]}]},{\"@type\":\"ImageObject\",\"inLanguage\":\"sv-SE\",\"@id\":\"https:\\\/\\\/boutique-one-piece.com\\\/vetements-one-piece\\\/sweats-one-piece\\\/sweat-one-piece-bi-color\\\/#primaryimage\",\"url\":\"https:\\\/\\\/boutique-one-piece.com\\\/wp-content\\\/uploads\\\/2022\\\/09\\\/Sweat-One-Piece-Bleu-et-Blanc.jpg\",\"contentUrl\":\"https:\\\/\\\/boutique-one-piece.com\\\/wp-content\\\/uploads\\\/2022\\\/09\\\/Sweat-One-Piece-Bleu-et-Blanc.jpg\",\"width\":600,\"height\":600,\"caption\":\"Sweat One Piece Bleu et Blanc 4XL\"},{\"@type\":\"BreadcrumbList\",\"@id\":\"https:\\\/\\\/boutique-one-piece.com\\\/vetements-one-piece\\\/sweats-one-piece\\\/sweat-one-piece-bi-color\\\/#breadcrumb\",\"itemListElement\":[{\"@type\":\"ListItem\",\"position\":1,\"name\":\"Home\",\"item\":\"https:\\\/\\\/boutique-one-piece.com\\\/\"},{\"@type\":\"ListItem\",\"position\":2,\"name\":\"Shop\",\"item\":\"https:\\\/\\\/boutique-one-piece.com\\\/shop\\\/\"},{\"@type\":\"ListItem\",\"position\":3,\"name\":\"Sweat One Piece Bleu et Blanc\"}]},{\"@type\":\"WebSite\",\"@id\":\"https:\\\/\\\/boutique-one-piece.com\\\/#website\",\"url\":\"https:\\\/\\\/boutique-one-piece.com\\\/\",\"name\":\"Boutique One Piece\",\"description\":\"Magasin Sp\u00e9cialis\u00e9 du Manga et l&#039;Anime One Piece\",\"publisher\":{\"@id\":\"https:\\\/\\\/boutique-one-piece.com\\\/#organization\"},\"potentialAction\":[{\"@type\":\"SearchAction\",\"target\":{\"@type\":\"EntryPoint\",\"urlTemplate\":\"https:\\\/\\\/boutique-one-piece.com\\\/?s={search_term_string}\"},\"query-input\":{\"@type\":\"PropertyValueSpecification\",\"valueRequired\":true,\"valueName\":\"search_term_string\"}}],\"inLanguage\":\"sv-SE\"},{\"@type\":\"Organization\",\"@id\":\"https:\\\/\\\/boutique-one-piece.com\\\/#organization\",\"name\":\"Boutique One Piece\",\"url\":\"https:\\\/\\\/boutique-one-piece.com\\\/\",\"logo\":{\"@type\":\"ImageObject\",\"inLanguage\":\"sv-SE\",\"@id\":\"https:\\\/\\\/boutique-one-piece.com\\\/#\\\/schema\\\/logo\\\/image\\\/\",\"url\":\"https:\\\/\\\/boutique-one-piece.com\\\/wp-content\\\/uploads\\\/2022\\\/09\\\/Logo-01.png\",\"contentUrl\":\"https:\\\/\\\/boutique-one-piece.com\\\/wp-content\\\/uploads\\\/2022\\\/09\\\/Logo-01.png\",\"width\":2318,\"height\":957,\"caption\":\"Boutique One Piece\"},\"image\":{\"@id\":\"https:\\\/\\\/boutique-one-piece.com\\\/#\\\/schema\\\/logo\\\/image\\\/\"}}]}<\/script>\n<!-- \/ Yoast SEO plugin. -->","yoast_head_json":{"title":"Bl\u00e5 tr\u00f6ja med vita l\u00e5nga \u00e4rmar | One Piece Shop","description":"One Piece l\u00e5ng\u00e4rmad bl\u00e5 och vit hoodie med Luffys str\u00e5hatt-logotyp. H\u00f6g kvalitet. Dela din passion f\u00f6r str\u00e5hattarna!","robots":{"index":"index","follow":"follow","max-snippet":"max-snippet:-1","max-image-preview":"max-image-preview:large","max-video-preview":"max-video-preview:-1"},"canonical":"https:\/\/boutique-one-piece.com\/sv\/one-piece-klader\/ett-stycke-trojor\/tvafargad-troja-i-ett-stycke\/","og_locale":"sv_SE","og_type":"article","og_title":"Sweat Bleu \u00e0 Manches Longue Blanche | Boutique One Piece","og_description":"Sweat \u00e0 Capuche Bleu et Blanc \u00e0 Manches Longues One Piece avec le Logo de Luffy au Chapeau de Paille de Tr\u00e8s Haute Qualit\u00e9 Partage ta Passion pour les Mugiwara!","og_url":"https:\/\/boutique-one-piece.com\/sv\/one-piece-klader\/ett-stycke-trojor\/tvafargad-troja-i-ett-stycke\/","og_site_name":"Boutique One Piece","article_modified_time":"2025-12-24T12:04:49+00:00","og_image":[{"width":600,"height":600,"url":"https:\/\/boutique-one-piece.com\/wp-content\/uploads\/2022\/09\/Sweat-One-Piece-Bleu-et-Blanc.jpg","type":"image\/jpeg"}],"twitter_card":"summary_large_image","twitter_misc":{"Ber\u00e4knad l\u00e4stid":"2 minuter"},"schema":{"@context":"https:\/\/schema.org","@graph":[{"@type":"WebPage","@id":"https:\/\/boutique-one-piece.com\/vetements-one-piece\/sweats-one-piece\/sweat-one-piece-bi-color\/","url":"https:\/\/boutique-one-piece.com\/vetements-one-piece\/sweats-one-piece\/sweat-one-piece-bi-color\/","name":"Bl\u00e5 tr\u00f6ja med vita l\u00e5nga \u00e4rmar | One Piece Shop","isPartOf":{"@id":"https:\/\/boutique-one-piece.com\/#website"},"primaryImageOfPage":{"@id":"https:\/\/boutique-one-piece.com\/vetements-one-piece\/sweats-one-piece\/sweat-one-piece-bi-color\/#primaryimage"},"image":{"@id":"https:\/\/boutique-one-piece.com\/vetements-one-piece\/sweats-one-piece\/sweat-one-piece-bi-color\/#primaryimage"},"thumbnailUrl":"https:\/\/boutique-one-piece.com\/wp-content\/uploads\/2022\/09\/Sweat-One-Piece-Bleu-et-Blanc.jpg","datePublished":"2022-09-27T20:21:20+00:00","dateModified":"2025-12-24T12:04:49+00:00","description":"One Piece l\u00e5ng\u00e4rmad bl\u00e5 och vit hoodie med Luffys str\u00e5hatt-logotyp. H\u00f6g kvalitet. Dela din passion f\u00f6r str\u00e5hattarna!","breadcrumb":{"@id":"https:\/\/boutique-one-piece.com\/vetements-one-piece\/sweats-one-piece\/sweat-one-piece-bi-color\/#breadcrumb"},"inLanguage":"sv-SE","potentialAction":[{"@type":"ReadAction","target":["https:\/\/boutique-one-piece.com\/vetements-one-piece\/sweats-one-piece\/sweat-one-piece-bi-color\/"]}]},{"@type":"ImageObject","inLanguage":"sv-SE","@id":"https:\/\/boutique-one-piece.com\/vetements-one-piece\/sweats-one-piece\/sweat-one-piece-bi-color\/#primaryimage","url":"https:\/\/boutique-one-piece.com\/wp-content\/uploads\/2022\/09\/Sweat-One-Piece-Bleu-et-Blanc.jpg","contentUrl":"https:\/\/boutique-one-piece.com\/wp-content\/uploads\/2022\/09\/Sweat-One-Piece-Bleu-et-Blanc.jpg","width":600,"height":600,"caption":"Sweat One Piece Bleu et Blanc 4XL"},{"@type":"BreadcrumbList","@id":"https:\/\/boutique-one-piece.com\/vetements-one-piece\/sweats-one-piece\/sweat-one-piece-bi-color\/#breadcrumb","itemListElement":[{"@type":"ListItem","position":1,"name":"Home","item":"https:\/\/boutique-one-piece.com\/"},{"@type":"ListItem","position":2,"name":"Shop","item":"https:\/\/boutique-one-piece.com\/shop\/"},{"@type":"ListItem","position":3,"name":"Sweat One Piece Bleu et Blanc"}]},{"@type":"WebSite","@id":"https:\/\/boutique-one-piece.com\/#website","url":"https:\/\/boutique-one-piece.com\/","name":"One Piece-butik","description":"Specialbutik f\u00f6r One Piece Manga och Anime","publisher":{"@id":"https:\/\/boutique-one-piece.com\/#organization"},"potentialAction":[{"@type":"SearchAction","target":{"@type":"EntryPoint","urlTemplate":"https:\/\/boutique-one-piece.com\/?s={search_term_string}"},"query-input":{"@type":"PropertyValueSpecification","valueRequired":true,"valueName":"search_term_string"}}],"inLanguage":"sv-SE"},{"@type":"Organization","@id":"https:\/\/boutique-one-piece.com\/#organization","name":"One Piece-butik","url":"https:\/\/boutique-one-piece.com\/","logo":{"@type":"ImageObject","inLanguage":"sv-SE","@id":"https:\/\/boutique-one-piece.com\/#\/schema\/logo\/image\/","url":"https:\/\/boutique-one-piece.com\/wp-content\/uploads\/2022\/09\/Logo-01.png","contentUrl":"https:\/\/boutique-one-piece.com\/wp-content\/uploads\/2022\/09\/Logo-01.png","width":2318,"height":957,"caption":"Boutique One Piece"},"image":{"@id":"https:\/\/boutique-one-piece.com\/#\/schema\/logo\/image\/"}}]}},"_links":{"self":[{"href":"https:\/\/boutique-one-piece.com\/sv\/wp-json\/wp\/v2\/product\/9621","targetHints":{"allow":["GET"]}}],"collection":[{"href":"https:\/\/boutique-one-piece.com\/sv\/wp-json\/wp\/v2\/product"}],"about":[{"href":"https:\/\/boutique-one-piece.com\/sv\/wp-json\/wp\/v2\/types\/product"}],"replies":[{"embeddable":true,"href":"https:\/\/boutique-one-piece.com\/sv\/wp-json\/wp\/v2\/comments?post=9621"}],"wp:featuredmedia":[{"embeddable":true,"href":"https:\/\/boutique-one-piece.com\/sv\/wp-json\/wp\/v2\/media\/9623"}],"wp:attachment":[{"href":"https:\/\/boutique-one-piece.com\/sv\/wp-json\/wp\/v2\/media?parent=9621"}],"wp:term":[{"taxonomy":"product_brand","embeddable":true,"href":"https:\/\/boutique-one-piece.com\/sv\/wp-json\/wp\/v2\/product_brand?post=9621"},{"taxonomy":"product_cat","embeddable":true,"href":"https:\/\/boutique-one-piece.com\/sv\/wp-json\/wp\/v2\/product_cat?post=9621"},{"taxonomy":"product_tag","embeddable":true,"href":"https:\/\/boutique-one-piece.com\/sv\/wp-json\/wp\/v2\/product_tag?post=9621"}],"curies":[{"name":"wp","href":"https:\/\/api.w.org\/{rel}","templated":true}]}}