{"id":9653,"date":"2022-09-27T20:21:30","date_gmt":"2022-09-27T20:21:30","guid":{"rendered":"https:\/\/boutique-one-piece.com\/uncategorized\/avis-de-recherche-one-piece-shanks-wanted\/"},"modified":"2026-02-08T10:17:14","modified_gmt":"2026-02-08T10:17:14","slug":"one-piece-sokes-affisch-shanks-sokes","status":"publish","type":"product","link":"https:\/\/boutique-one-piece.com\/sv\/one-piece-dekorationer\/one-piece-sokes-affisch-shanks-sokes\/","title":{"rendered":"Shanks ville ha meddelande"},"content":{"rendered":"<h2>Unge pirat, f\u00e5 tag p\u00e5 den h\u00e4r &quot;Shanks Wanted&quot;-affischen nu.<\/h2>\n<p>H\u00e4r \u00e4r vad du beh\u00f6ver veta om honom; ; <strong>Shanks<\/strong> dit Le Roux est le capitaine de l\u2019\u00c9quipage du Roux et l\u2019un des Quatre Empereurs. Il est \u00e9galement un ancien membre du l\u00e9gendaire \u00e9quipage des Pirates Roger, le seul groupe \u00e0 avoir conquis avec succ\u00e8s Grand Line. Enfin, c\u2019est lui qui a inspir\u00e9 Luffy dans son voyage en tant que pirate.<\/p>\n<p>Han \u00e5terh\u00e4mtade sig <strong>Gomu Gomu no Mi<\/strong> qui a \u00e9t\u00e9 vol\u00e9 \u00e0 un navire du Gouvernement Mondial et qui a par la suite \u00e9t\u00e9 accidentellement mang\u00e9 par Luffy. D\u2019ailleurs, l\u2019<a title=\"EFTERLYSES: MONKEY D. LUFFY\" href=\"https:\/\/boutique-one-piece.com\/sv\/ville-ha-meddelande-one-piece-monkey-d-luffy-ville-ha\/\" target=\"_blank\" rel=\"noopener\">Luffy ville ha en affisch<\/a> est \u00e0 ta port\u00e9e de main. Pour en revenir \u00e0 Shanks, tu dois savoir que sa prime actuelle s\u2019\u00e9l\u00e8ve \u00e0 4.098.400.000 Berry.<\/p>\n<h3>Alors, conquis par l\u2019avis de recherche de Shanks ? Si tel est le cas, tu sais ce qu\u2019il te reste \u00e0 faire. Procure-toi le et placarde-le sur le mur de ta chambre.<\/h3>\n<p><strong>Ett stycke<\/strong> est un manga qui se d\u00e9roule dans un monde fictif domin\u00e9 par les oc\u00e9ans, o\u00f9 certains pirates aspirent \u00e0 une \u00e8re de libert\u00e9 et d\u2019aventure connue comme \u00ab l\u2019\u00e2ge d\u2019or de la piraterie \u00bb. Si toi aussi tu veux faire partie int\u00e9grant de ce monde, une seule chose \u00e0 faire ; procure-toi ces <strong>mytiska f\u00f6rem\u00e5l<\/strong> som g\u00e5ng p\u00e5 g\u00e5ng kommer att kasta dig tillbaka till denna v\u00e4rld av \u00e4ventyr som \u00e4r mer sp\u00e4nnande \u00e4n den f\u00f6rra.<\/p>\n<h2>Informations sur l\u2019Affiche One Piece Wanted Shanks le Roux<\/h2>\n<ul>\n<li><b><u>One Piece Wanted-affisch<\/u><\/b>\u00a0: v\u00e9ritable Avis De Recherche de l\u2019univers One Piece pour les vrais pirates<\/li>\n<\/ul>\n<ul>\n<li><b><u>Shanks bel\u00f6ning<\/u><\/b>\u00a04 098 400 000 b\u00e4r<\/li>\n<\/ul>\n<ul>\n<li><strong>H\u00f6gkvalitativ utskrift<\/strong>\u00a0exakta f\u00e4rger<\/li>\n<\/ul>\n<ul>\n<li><strong>Dimensionera<\/strong> : 42 cm x 28,5 cm<\/li>\n<\/ul>\n<ul>\n<li><strong>FRI LEVERANS<\/strong><\/li>\n<\/ul>\n<div id=\"gtx-trans\" style=\"position: absolute;left: 669px;top: 49px\">\n<div class=\"gtx-trans-icon\">\u00a0<\/div>\n<\/div>\n\n\n<p><\/p>","protected":false},"excerpt":{"rendered":"<p>Jeune pirate, procure-toi d\u00e8s \u00e0 pr\u00e9sent cet Avis de Recherche Shanks Wanted. Voici ce que tu dois savoir \u00e0 son sujet ; Shanks dit Le Roux est le capitaine de l\u2019\u00c9quipage du Roux et l\u2019un des Quatre Empereurs. Il est \u00e9galement un ancien membre du l\u00e9gendaire \u00e9quipage des Pirates Roger, le seul groupe \u00e0 avoir [&hellip;]<\/p>","protected":false},"featured_media":20809,"comment_status":"open","ping_status":"open","template":"","meta":[],"product_brand":[],"product_cat":[171,150],"product_tag":[],"class_list":{"0":"post-9653","1":"product","2":"type-product","3":"status-publish","4":"has-post-thumbnail","6":"product_cat-avis-de-recherche-one-piece","7":"product_cat-decorations-one-piece","9":"first","10":"instock","11":"purchasable","12":"product-type-variable"},"yoast_head":"<!-- This site is optimized with the Yoast SEO plugin v27.5 - https:\/\/yoast.com\/product\/yoast-seo-wordpress\/ -->\n<title>Avis de Recherche One Piece Shanks Wanted | D\u00e9coration One Piece \u2013 Boutique One Piece<\/title>\n<meta name=\"description\" content=\"Jeune pirate, procure-toi d\u00e8s \u00e0 pr\u00e9sent cet Avis de Recherche Shanks Wanted. Voici ce que tu dois savoir \u00e0 son sujet ; Shanks dit Le Roux est le capitaine de l&#039;\u00c9quipage du Roux et l&#039;un des Quatre Empereurs. Il est \u00e9galement un ancien membre du l\u00e9gendaire \u00e9quipage des Pirates Roger, le seul groupe \u00e0 avoir conquis avec s\" \/>\n<meta name=\"robots\" content=\"index, follow, max-snippet:-1, max-image-preview:large, max-video-preview:-1\" \/>\n<link rel=\"canonical\" href=\"https:\/\/boutique-one-piece.com\/sv\/one-piece-dekorationer\/one-piece-sokes-affisch-shanks-sokes\/\" \/>\n<meta property=\"og:locale\" content=\"sv_SE\" \/>\n<meta property=\"og:type\" content=\"article\" \/>\n<meta property=\"og:title\" content=\"Avis de Recherche One Piece Shanks Wanted | D\u00e9coration One Piece \u2013 Boutique One Piece\" \/>\n<meta property=\"og:description\" content=\"Jeune pirate, procure-toi d\u00e8s \u00e0 pr\u00e9sent cet Avis de Recherche Shanks Wanted. Voici ce que tu dois savoir \u00e0 son sujet ; Shanks dit Le Roux est le capitaine de l&#039;\u00c9quipage du Roux et l&#039;un des Quatre Empereurs. Il est \u00e9galement un ancien membre du l\u00e9gendaire \u00e9quipage des Pirates Roger, le seul groupe \u00e0 avoir conquis avec s\" \/>\n<meta property=\"og:url\" content=\"https:\/\/boutique-one-piece.com\/sv\/one-piece-dekorationer\/one-piece-sokes-affisch-shanks-sokes\/\" \/>\n<meta property=\"og:site_name\" content=\"Boutique One Piece\" \/>\n<meta property=\"article:modified_time\" content=\"2026-02-08T10:17:14+00:00\" \/>\n<meta property=\"og:image\" content=\"https:\/\/boutique-one-piece.com\/wp-content\/uploads\/2022\/09\/imgi_1_Sa3b7a81b53c442689eb36d79c1bb8d07a.jpg\" \/>\n\t<meta property=\"og:image:width\" content=\"640\" \/>\n\t<meta property=\"og:image:height\" content=\"640\" \/>\n\t<meta property=\"og:image:type\" content=\"image\/jpeg\" \/>\n<meta name=\"twitter:card\" content=\"summary_large_image\" \/>\n<meta name=\"twitter:label1\" content=\"Ber\u00e4knad l\u00e4stid\" \/>\n\t<meta name=\"twitter:data1\" content=\"2 minuter\" \/>\n<script type=\"application\/ld+json\" class=\"yoast-schema-graph\">{\"@context\":\"https:\\\/\\\/schema.org\",\"@graph\":[{\"@type\":\"WebPage\",\"@id\":\"https:\\\/\\\/boutique-one-piece.com\\\/decorations-one-piece\\\/avis-de-recherche-one-piece-shanks-wanted\\\/\",\"url\":\"https:\\\/\\\/boutique-one-piece.com\\\/decorations-one-piece\\\/avis-de-recherche-one-piece-shanks-wanted\\\/\",\"name\":\"Avis de Recherche One Piece Shanks Wanted | D\u00e9coration One Piece \u2013 Boutique One Piece\",\"isPartOf\":{\"@id\":\"https:\\\/\\\/boutique-one-piece.com\\\/#website\"},\"primaryImageOfPage\":{\"@id\":\"https:\\\/\\\/boutique-one-piece.com\\\/decorations-one-piece\\\/avis-de-recherche-one-piece-shanks-wanted\\\/#primaryimage\"},\"image\":{\"@id\":\"https:\\\/\\\/boutique-one-piece.com\\\/decorations-one-piece\\\/avis-de-recherche-one-piece-shanks-wanted\\\/#primaryimage\"},\"thumbnailUrl\":\"https:\\\/\\\/boutique-one-piece.com\\\/wp-content\\\/uploads\\\/2022\\\/09\\\/imgi_1_Sa3b7a81b53c442689eb36d79c1bb8d07a.jpg\",\"datePublished\":\"2022-09-27T20:21:30+00:00\",\"dateModified\":\"2026-02-08T10:17:14+00:00\",\"description\":\"Jeune pirate, procure-toi d\u00e8s \u00e0 pr\u00e9sent cet Avis de Recherche Shanks Wanted. Voici ce que tu dois savoir \u00e0 son sujet ; Shanks dit Le Roux est le capitaine de l'\u00c9quipage du Roux et l'un des Quatre Empereurs. Il est \u00e9galement un ancien membre du l\u00e9gendaire \u00e9quipage des Pirates Roger, le seul groupe \u00e0 avoir conquis avec s\",\"breadcrumb\":{\"@id\":\"https:\\\/\\\/boutique-one-piece.com\\\/decorations-one-piece\\\/avis-de-recherche-one-piece-shanks-wanted\\\/#breadcrumb\"},\"inLanguage\":\"sv-SE\",\"potentialAction\":[{\"@type\":\"ReadAction\",\"target\":[\"https:\\\/\\\/boutique-one-piece.com\\\/decorations-one-piece\\\/avis-de-recherche-one-piece-shanks-wanted\\\/\"]}]},{\"@type\":\"ImageObject\",\"inLanguage\":\"sv-SE\",\"@id\":\"https:\\\/\\\/boutique-one-piece.com\\\/decorations-one-piece\\\/avis-de-recherche-one-piece-shanks-wanted\\\/#primaryimage\",\"url\":\"https:\\\/\\\/boutique-one-piece.com\\\/wp-content\\\/uploads\\\/2022\\\/09\\\/imgi_1_Sa3b7a81b53c442689eb36d79c1bb8d07a.jpg\",\"contentUrl\":\"https:\\\/\\\/boutique-one-piece.com\\\/wp-content\\\/uploads\\\/2022\\\/09\\\/imgi_1_Sa3b7a81b53c442689eb36d79c1bb8d07a.jpg\",\"width\":640,\"height\":640},{\"@type\":\"BreadcrumbList\",\"@id\":\"https:\\\/\\\/boutique-one-piece.com\\\/decorations-one-piece\\\/avis-de-recherche-one-piece-shanks-wanted\\\/#breadcrumb\",\"itemListElement\":[{\"@type\":\"ListItem\",\"position\":1,\"name\":\"Home\",\"item\":\"https:\\\/\\\/boutique-one-piece.com\\\/\"},{\"@type\":\"ListItem\",\"position\":2,\"name\":\"Shop\",\"item\":\"https:\\\/\\\/boutique-one-piece.com\\\/shop\\\/\"},{\"@type\":\"ListItem\",\"position\":3,\"name\":\"Avis de Recherche Shanks Wanted\"}]},{\"@type\":\"WebSite\",\"@id\":\"https:\\\/\\\/boutique-one-piece.com\\\/#website\",\"url\":\"https:\\\/\\\/boutique-one-piece.com\\\/\",\"name\":\"Boutique One Piece\",\"description\":\"Magasin Sp\u00e9cialis\u00e9 du Manga et l&#039;Anime One Piece\",\"publisher\":{\"@id\":\"https:\\\/\\\/boutique-one-piece.com\\\/#organization\"},\"potentialAction\":[{\"@type\":\"SearchAction\",\"target\":{\"@type\":\"EntryPoint\",\"urlTemplate\":\"https:\\\/\\\/boutique-one-piece.com\\\/?s={search_term_string}\"},\"query-input\":{\"@type\":\"PropertyValueSpecification\",\"valueRequired\":true,\"valueName\":\"search_term_string\"}}],\"inLanguage\":\"sv-SE\"},{\"@type\":\"Organization\",\"@id\":\"https:\\\/\\\/boutique-one-piece.com\\\/#organization\",\"name\":\"Boutique One Piece\",\"url\":\"https:\\\/\\\/boutique-one-piece.com\\\/\",\"logo\":{\"@type\":\"ImageObject\",\"inLanguage\":\"sv-SE\",\"@id\":\"https:\\\/\\\/boutique-one-piece.com\\\/#\\\/schema\\\/logo\\\/image\\\/\",\"url\":\"https:\\\/\\\/boutique-one-piece.com\\\/wp-content\\\/uploads\\\/2022\\\/09\\\/Logo-01.png\",\"contentUrl\":\"https:\\\/\\\/boutique-one-piece.com\\\/wp-content\\\/uploads\\\/2022\\\/09\\\/Logo-01.png\",\"width\":2318,\"height\":957,\"caption\":\"Boutique One Piece\"},\"image\":{\"@id\":\"https:\\\/\\\/boutique-one-piece.com\\\/#\\\/schema\\\/logo\\\/image\\\/\"}}]}<\/script>\n<!-- \/ Yoast SEO plugin. -->","yoast_head_json":{"title":"One Piece Wanted-affisch: Shanks Wanted | One Piece-dekorationer \u2013 One Piece Shop","description":"Unge pirat, f\u00e5 tag p\u00e5 den h\u00e4r Shanks Wanted-affischen nu. H\u00e4r \u00e4r vad du beh\u00f6ver veta om honom: Shanks den r\u00f6dh\u00e5rige \u00e4r kapten f\u00f6r de r\u00f6dh\u00e5riga piraterna och en av de fyra kejsarna. Han \u00e4r ocks\u00e5 en tidigare medlem av de legendariska Roger Pirates, den enda gruppen som har er\u00f6vrat USA med sin...","robots":{"index":"index","follow":"follow","max-snippet":"max-snippet:-1","max-image-preview":"max-image-preview:large","max-video-preview":"max-video-preview:-1"},"canonical":"https:\/\/boutique-one-piece.com\/sv\/one-piece-dekorationer\/one-piece-sokes-affisch-shanks-sokes\/","og_locale":"sv_SE","og_type":"article","og_title":"Avis de Recherche One Piece Shanks Wanted | D\u00e9coration One Piece \u2013 Boutique One Piece","og_description":"Jeune pirate, procure-toi d\u00e8s \u00e0 pr\u00e9sent cet Avis de Recherche Shanks Wanted. Voici ce que tu dois savoir \u00e0 son sujet ; Shanks dit Le Roux est le capitaine de l'\u00c9quipage du Roux et l'un des Quatre Empereurs. Il est \u00e9galement un ancien membre du l\u00e9gendaire \u00e9quipage des Pirates Roger, le seul groupe \u00e0 avoir conquis avec s","og_url":"https:\/\/boutique-one-piece.com\/sv\/one-piece-dekorationer\/one-piece-sokes-affisch-shanks-sokes\/","og_site_name":"Boutique One Piece","article_modified_time":"2026-02-08T10:17:14+00:00","og_image":[{"width":640,"height":640,"url":"https:\/\/boutique-one-piece.com\/wp-content\/uploads\/2022\/09\/imgi_1_Sa3b7a81b53c442689eb36d79c1bb8d07a.jpg","type":"image\/jpeg"}],"twitter_card":"summary_large_image","twitter_misc":{"Ber\u00e4knad l\u00e4stid":"2 minuter"},"schema":{"@context":"https:\/\/schema.org","@graph":[{"@type":"WebPage","@id":"https:\/\/boutique-one-piece.com\/decorations-one-piece\/avis-de-recherche-one-piece-shanks-wanted\/","url":"https:\/\/boutique-one-piece.com\/decorations-one-piece\/avis-de-recherche-one-piece-shanks-wanted\/","name":"One Piece Wanted-affisch: Shanks Wanted | One Piece-dekorationer \u2013 One Piece Shop","isPartOf":{"@id":"https:\/\/boutique-one-piece.com\/#website"},"primaryImageOfPage":{"@id":"https:\/\/boutique-one-piece.com\/decorations-one-piece\/avis-de-recherche-one-piece-shanks-wanted\/#primaryimage"},"image":{"@id":"https:\/\/boutique-one-piece.com\/decorations-one-piece\/avis-de-recherche-one-piece-shanks-wanted\/#primaryimage"},"thumbnailUrl":"https:\/\/boutique-one-piece.com\/wp-content\/uploads\/2022\/09\/imgi_1_Sa3b7a81b53c442689eb36d79c1bb8d07a.jpg","datePublished":"2022-09-27T20:21:30+00:00","dateModified":"2026-02-08T10:17:14+00:00","description":"Unge pirat, f\u00e5 tag p\u00e5 den h\u00e4r Shanks Wanted-affischen nu. H\u00e4r \u00e4r vad du beh\u00f6ver veta om honom: Shanks den r\u00f6dh\u00e5rige \u00e4r kapten f\u00f6r de r\u00f6dh\u00e5riga piraterna och en av de fyra kejsarna. Han \u00e4r ocks\u00e5 en tidigare medlem av de legendariska Roger Pirates, den enda gruppen som har er\u00f6vrat USA med sin...","breadcrumb":{"@id":"https:\/\/boutique-one-piece.com\/decorations-one-piece\/avis-de-recherche-one-piece-shanks-wanted\/#breadcrumb"},"inLanguage":"sv-SE","potentialAction":[{"@type":"ReadAction","target":["https:\/\/boutique-one-piece.com\/decorations-one-piece\/avis-de-recherche-one-piece-shanks-wanted\/"]}]},{"@type":"ImageObject","inLanguage":"sv-SE","@id":"https:\/\/boutique-one-piece.com\/decorations-one-piece\/avis-de-recherche-one-piece-shanks-wanted\/#primaryimage","url":"https:\/\/boutique-one-piece.com\/wp-content\/uploads\/2022\/09\/imgi_1_Sa3b7a81b53c442689eb36d79c1bb8d07a.jpg","contentUrl":"https:\/\/boutique-one-piece.com\/wp-content\/uploads\/2022\/09\/imgi_1_Sa3b7a81b53c442689eb36d79c1bb8d07a.jpg","width":640,"height":640},{"@type":"BreadcrumbList","@id":"https:\/\/boutique-one-piece.com\/decorations-one-piece\/avis-de-recherche-one-piece-shanks-wanted\/#breadcrumb","itemListElement":[{"@type":"ListItem","position":1,"name":"Home","item":"https:\/\/boutique-one-piece.com\/"},{"@type":"ListItem","position":2,"name":"Shop","item":"https:\/\/boutique-one-piece.com\/shop\/"},{"@type":"ListItem","position":3,"name":"Avis de Recherche Shanks Wanted"}]},{"@type":"WebSite","@id":"https:\/\/boutique-one-piece.com\/#website","url":"https:\/\/boutique-one-piece.com\/","name":"One Piece-butik","description":"Specialbutik f\u00f6r One Piece Manga och Anime","publisher":{"@id":"https:\/\/boutique-one-piece.com\/#organization"},"potentialAction":[{"@type":"SearchAction","target":{"@type":"EntryPoint","urlTemplate":"https:\/\/boutique-one-piece.com\/?s={search_term_string}"},"query-input":{"@type":"PropertyValueSpecification","valueRequired":true,"valueName":"search_term_string"}}],"inLanguage":"sv-SE"},{"@type":"Organization","@id":"https:\/\/boutique-one-piece.com\/#organization","name":"One Piece-butik","url":"https:\/\/boutique-one-piece.com\/","logo":{"@type":"ImageObject","inLanguage":"sv-SE","@id":"https:\/\/boutique-one-piece.com\/#\/schema\/logo\/image\/","url":"https:\/\/boutique-one-piece.com\/wp-content\/uploads\/2022\/09\/Logo-01.png","contentUrl":"https:\/\/boutique-one-piece.com\/wp-content\/uploads\/2022\/09\/Logo-01.png","width":2318,"height":957,"caption":"Boutique One Piece"},"image":{"@id":"https:\/\/boutique-one-piece.com\/#\/schema\/logo\/image\/"}}]}},"_links":{"self":[{"href":"https:\/\/boutique-one-piece.com\/sv\/wp-json\/wp\/v2\/product\/9653","targetHints":{"allow":["GET"]}}],"collection":[{"href":"https:\/\/boutique-one-piece.com\/sv\/wp-json\/wp\/v2\/product"}],"about":[{"href":"https:\/\/boutique-one-piece.com\/sv\/wp-json\/wp\/v2\/types\/product"}],"replies":[{"embeddable":true,"href":"https:\/\/boutique-one-piece.com\/sv\/wp-json\/wp\/v2\/comments?post=9653"}],"wp:featuredmedia":[{"embeddable":true,"href":"https:\/\/boutique-one-piece.com\/sv\/wp-json\/wp\/v2\/media\/20809"}],"wp:attachment":[{"href":"https:\/\/boutique-one-piece.com\/sv\/wp-json\/wp\/v2\/media?parent=9653"}],"wp:term":[{"taxonomy":"product_brand","embeddable":true,"href":"https:\/\/boutique-one-piece.com\/sv\/wp-json\/wp\/v2\/product_brand?post=9653"},{"taxonomy":"product_cat","embeddable":true,"href":"https:\/\/boutique-one-piece.com\/sv\/wp-json\/wp\/v2\/product_cat?post=9653"},{"taxonomy":"product_tag","embeddable":true,"href":"https:\/\/boutique-one-piece.com\/sv\/wp-json\/wp\/v2\/product_tag?post=9653"}],"curies":[{"name":"wp","href":"https:\/\/api.w.org\/{rel}","templated":true}]}}