{"id":9685,"date":"2022-09-27T20:21:42","date_gmt":"2022-09-27T20:21:42","guid":{"rendered":"https:\/\/boutique-one-piece.com\/uncategorized\/avis-de-recherche-one-piece-nami-wanted\/"},"modified":"2024-09-16T11:48:47","modified_gmt":"2024-09-16T11:48:47","slug":"one-piece-sokes-affisch-nami-sokes","status":"publish","type":"product","link":"https:\/\/boutique-one-piece.com\/sv\/one-piece-efterlysningsaffisch\/one-piece-sokes-affisch-nami-sokes\/","title":{"rendered":"Nami ville ha meddelande"},"content":{"rendered":"<h2>Om du \u00e4lskar piratkvinnor f\u00e5r du inte missa den h\u00e4r Nami Wanted-affischen.<\/h2>\n<p>Nami, \u00e4ven smeknamnet &quot;\u00ab\u00a0<strong>den tjuvaktiga katten<\/strong>\u00a0\u00bb est une pirate faisant partie de l\u2019\u00e9quipe des Mugiwaras. Elle occupe le poste de <strong>navigat\u00f6r<\/strong> au sein de l\u2019\u00e9quipage. Avant d\u2019int\u00e9grer l\u2019\u00e9quipage de Luffy, Nami passe son temps \u00e0 leurrer et voler les pirates et lors de sa premi\u00e8re rencontre, elle vole Luffy. Elle a une mauvaise opinion des pirates car son village est tomb\u00e9 sous les mains d\u2019un pirate violent, Arlong, qui l\u2019a forc\u00e9 \u00e0 int\u00e9grer son \u00e9quipage et qui lui promet de lib\u00e9rer son village si elle amasse 100 millions de Berry et qui a tu\u00e9 sa m\u00e8re.<\/p>\n<p>Par la suite, Luffy va d\u00e9cider de combattre Arlong et de lib\u00e9rer Nami de ce fardeau qu\u2019elle tra\u00eene depuis son enfance. Nami a pour r\u00eave de dessiner la carte du monde entier.\u00a0<\/p>\n<h3>Fall f\u00f6r den sublima r\u00f6dh\u00e5riga piraten Nami med denna efterlysningsaffisch.<\/h3>\n<p>Nami a pour particularit\u00e9 de bien ressentir les changements de temps et les temp\u00eates \u00e0 venir avant tout le monde. D\u2019ailleurs, son style de combat est li\u00e9 \u00e0 cela puisqu\u2019elle se bat avec un <strong>klimattakt<\/strong> qui est un objet lui permettant de ma\u00eetriser le temps qu\u2019il fait et de g\u00e9n\u00e9rer des temp\u00eates ou des \u00e9clairs. La prime sur la t\u00eate de Nami est de 66 millions de Berry.<\/p>\n<p>Om du samlar bonusar, detta <a href=\"https:\/\/boutique-one-piece.com\/sv\/ville-ha-meddelande-ett-stycke-marshall-d-teach-ville-ha\/\" target=\"_blank\" title=\"Marshall D. ville ha besked\" rel=\"noopener noreferrer\">Marshall D. Teach ville ha besked<\/a> borde gl\u00e4dja dig.<\/p>\n<h2>Informations sur l\u2019Affiche One Piece Wanted\u00a0Nami<\/h2>\n<ul>\n<li><span><b><u>One Piece Wanted-affisch<\/u><\/b>\u00a0: v\u00e9ritable Avis De Recherche de l\u2019univers One Piece pour les vrais pirates<\/span><\/li>\n<\/ul>\n<ul>\n<li>\n<b><u>Namis bel\u00f6ning<\/u><\/b>\u00a066 000 000 b\u00e4r<\/li>\n<\/ul>\n<ul>\n<li><span><strong>H\u00f6gkvalitativ utskrift<\/strong>\u00a0exakta f\u00e4rger<\/span><\/li>\n<\/ul>\n<ul>\n<li>\n<strong>Dimensionera<\/strong>\u00a0: 51 cm x 36 cm<\/li>\n<\/ul>\n<ul>\n<li><span><strong>FRI LEVERANS<\/strong><\/span><\/li>\n<\/ul>","protected":false},"excerpt":{"rendered":"<p>Si tu adores les femmes pirates, Tu ne peux pas passer \u00e0 c\u00f4t\u00e9 de cet Avis de Recherche Nami Wanted. Nami, aussi surnomm\u00e9e \u00ab\u00a0la chatte voleuse\u00a0\u00bb est une pirate faisant partie de l\u2019\u00e9quipe des Mugiwaras. Elle occupe le poste de navigatrice au sein de l\u2019\u00e9quipage. Avant d\u2019int\u00e9grer l\u2019\u00e9quipage de Luffy, Nami passe son temps \u00e0 [&hellip;]<\/p>","protected":false},"featured_media":9687,"comment_status":"open","ping_status":"open","template":"","meta":[],"product_brand":[],"product_cat":[171],"product_tag":[],"class_list":{"0":"post-9685","1":"product","2":"type-product","3":"status-publish","4":"has-post-thumbnail","6":"product_cat-avis-de-recherche-one-piece","8":"first","9":"instock","10":"purchasable","11":"product-type-simple"},"yoast_head":"<!-- This site is optimized with the Yoast SEO plugin v27.5 - https:\/\/yoast.com\/product\/yoast-seo-wordpress\/ -->\n<title>Avis de Recherche One Piece Nami Wanted | D\u00e9coration One Piece \u2013 Boutique One Piece<\/title>\n<meta name=\"description\" content=\"Si tu adores les femmes pirates, Tu ne peux pas passer \u00e0 c\u00f4t\u00e9 de cet Avis de Recherche Nami Wanted. Nami, aussi surnomm\u00e9e &quot;la chatte voleuse&quot; est une pirate faisant partie de l&#039;\u00e9quipe des Mugiwaras. Elle occupe le poste de navigatrice au sein de l&#039;\u00e9quipage. Avant d&#039;int\u00e9grer l&#039;\u00e9quipage de Luffy, Nami passe son temps \u00e0 l\" \/>\n<meta name=\"robots\" content=\"index, follow, max-snippet:-1, max-image-preview:large, max-video-preview:-1\" \/>\n<link rel=\"canonical\" href=\"https:\/\/boutique-one-piece.com\/sv\/one-piece-efterlysningsaffisch\/one-piece-sokes-affisch-nami-sokes\/\" \/>\n<meta property=\"og:locale\" content=\"sv_SE\" \/>\n<meta property=\"og:type\" content=\"article\" \/>\n<meta property=\"og:title\" content=\"Avis de Recherche One Piece Nami Wanted | D\u00e9coration One Piece \u2013 Boutique One Piece\" \/>\n<meta property=\"og:description\" content=\"Si tu adores les femmes pirates, Tu ne peux pas passer \u00e0 c\u00f4t\u00e9 de cet Avis de Recherche Nami Wanted. Nami, aussi surnomm\u00e9e &quot;la chatte voleuse&quot; est une pirate faisant partie de l&#039;\u00e9quipe des Mugiwaras. Elle occupe le poste de navigatrice au sein de l&#039;\u00e9quipage. Avant d&#039;int\u00e9grer l&#039;\u00e9quipage de Luffy, Nami passe son temps \u00e0 l\" \/>\n<meta property=\"og:url\" content=\"https:\/\/boutique-one-piece.com\/sv\/one-piece-efterlysningsaffisch\/one-piece-sokes-affisch-nami-sokes\/\" \/>\n<meta property=\"og:site_name\" content=\"Boutique One Piece\" \/>\n<meta property=\"article:modified_time\" content=\"2024-09-16T11:48:47+00:00\" \/>\n<meta property=\"og:image\" content=\"https:\/\/boutique-one-piece.com\/wp-content\/uploads\/2022\/09\/Avis-de-Recherche-Nami-Wanted-1.jpg\" \/>\n\t<meta property=\"og:image:width\" content=\"798\" \/>\n\t<meta property=\"og:image:height\" content=\"797\" \/>\n\t<meta property=\"og:image:type\" content=\"image\/jpeg\" \/>\n<meta name=\"twitter:card\" content=\"summary_large_image\" \/>\n<meta name=\"twitter:label1\" content=\"Ber\u00e4knad l\u00e4stid\" \/>\n\t<meta name=\"twitter:data1\" content=\"2 minuter\" \/>\n<script type=\"application\/ld+json\" class=\"yoast-schema-graph\">{\"@context\":\"https:\\\/\\\/schema.org\",\"@graph\":[{\"@type\":\"WebPage\",\"@id\":\"https:\\\/\\\/boutique-one-piece.com\\\/avis-de-recherche-one-piece\\\/avis-de-recherche-one-piece-nami-wanted\\\/\",\"url\":\"https:\\\/\\\/boutique-one-piece.com\\\/avis-de-recherche-one-piece\\\/avis-de-recherche-one-piece-nami-wanted\\\/\",\"name\":\"Avis de Recherche One Piece Nami Wanted | D\u00e9coration One Piece \u2013 Boutique One Piece\",\"isPartOf\":{\"@id\":\"https:\\\/\\\/boutique-one-piece.com\\\/#website\"},\"primaryImageOfPage\":{\"@id\":\"https:\\\/\\\/boutique-one-piece.com\\\/avis-de-recherche-one-piece\\\/avis-de-recherche-one-piece-nami-wanted\\\/#primaryimage\"},\"image\":{\"@id\":\"https:\\\/\\\/boutique-one-piece.com\\\/avis-de-recherche-one-piece\\\/avis-de-recherche-one-piece-nami-wanted\\\/#primaryimage\"},\"thumbnailUrl\":\"https:\\\/\\\/boutique-one-piece.com\\\/wp-content\\\/uploads\\\/2022\\\/09\\\/Avis-de-Recherche-Nami-Wanted-1.jpg\",\"datePublished\":\"2022-09-27T20:21:42+00:00\",\"dateModified\":\"2024-09-16T11:48:47+00:00\",\"description\":\"Si tu adores les femmes pirates, Tu ne peux pas passer \u00e0 c\u00f4t\u00e9 de cet Avis de Recherche Nami Wanted. Nami, aussi surnomm\u00e9e \\\"la chatte voleuse\\\" est une pirate faisant partie de l'\u00e9quipe des Mugiwaras. Elle occupe le poste de navigatrice au sein de l'\u00e9quipage. Avant d'int\u00e9grer l'\u00e9quipage de Luffy, Nami passe son temps \u00e0 l\",\"breadcrumb\":{\"@id\":\"https:\\\/\\\/boutique-one-piece.com\\\/avis-de-recherche-one-piece\\\/avis-de-recherche-one-piece-nami-wanted\\\/#breadcrumb\"},\"inLanguage\":\"sv-SE\",\"potentialAction\":[{\"@type\":\"ReadAction\",\"target\":[\"https:\\\/\\\/boutique-one-piece.com\\\/avis-de-recherche-one-piece\\\/avis-de-recherche-one-piece-nami-wanted\\\/\"]}]},{\"@type\":\"ImageObject\",\"inLanguage\":\"sv-SE\",\"@id\":\"https:\\\/\\\/boutique-one-piece.com\\\/avis-de-recherche-one-piece\\\/avis-de-recherche-one-piece-nami-wanted\\\/#primaryimage\",\"url\":\"https:\\\/\\\/boutique-one-piece.com\\\/wp-content\\\/uploads\\\/2022\\\/09\\\/Avis-de-Recherche-Nami-Wanted-1.jpg\",\"contentUrl\":\"https:\\\/\\\/boutique-one-piece.com\\\/wp-content\\\/uploads\\\/2022\\\/09\\\/Avis-de-Recherche-Nami-Wanted-1.jpg\",\"width\":798,\"height\":797},{\"@type\":\"BreadcrumbList\",\"@id\":\"https:\\\/\\\/boutique-one-piece.com\\\/avis-de-recherche-one-piece\\\/avis-de-recherche-one-piece-nami-wanted\\\/#breadcrumb\",\"itemListElement\":[{\"@type\":\"ListItem\",\"position\":1,\"name\":\"Home\",\"item\":\"https:\\\/\\\/boutique-one-piece.com\\\/\"},{\"@type\":\"ListItem\",\"position\":2,\"name\":\"Shop\",\"item\":\"https:\\\/\\\/boutique-one-piece.com\\\/shop\\\/\"},{\"@type\":\"ListItem\",\"position\":3,\"name\":\"Avis de Recherche Nami Wanted\"}]},{\"@type\":\"WebSite\",\"@id\":\"https:\\\/\\\/boutique-one-piece.com\\\/#website\",\"url\":\"https:\\\/\\\/boutique-one-piece.com\\\/\",\"name\":\"Boutique One Piece\",\"description\":\"Magasin Sp\u00e9cialis\u00e9 du Manga et l&#039;Anime One Piece\",\"publisher\":{\"@id\":\"https:\\\/\\\/boutique-one-piece.com\\\/#organization\"},\"potentialAction\":[{\"@type\":\"SearchAction\",\"target\":{\"@type\":\"EntryPoint\",\"urlTemplate\":\"https:\\\/\\\/boutique-one-piece.com\\\/?s={search_term_string}\"},\"query-input\":{\"@type\":\"PropertyValueSpecification\",\"valueRequired\":true,\"valueName\":\"search_term_string\"}}],\"inLanguage\":\"sv-SE\"},{\"@type\":\"Organization\",\"@id\":\"https:\\\/\\\/boutique-one-piece.com\\\/#organization\",\"name\":\"Boutique One Piece\",\"url\":\"https:\\\/\\\/boutique-one-piece.com\\\/\",\"logo\":{\"@type\":\"ImageObject\",\"inLanguage\":\"sv-SE\",\"@id\":\"https:\\\/\\\/boutique-one-piece.com\\\/#\\\/schema\\\/logo\\\/image\\\/\",\"url\":\"https:\\\/\\\/boutique-one-piece.com\\\/wp-content\\\/uploads\\\/2022\\\/09\\\/Logo-01.png\",\"contentUrl\":\"https:\\\/\\\/boutique-one-piece.com\\\/wp-content\\\/uploads\\\/2022\\\/09\\\/Logo-01.png\",\"width\":2318,\"height\":957,\"caption\":\"Boutique One Piece\"},\"image\":{\"@id\":\"https:\\\/\\\/boutique-one-piece.com\\\/#\\\/schema\\\/logo\\\/image\\\/\"}}]}<\/script>\n<!-- \/ Yoast SEO plugin. -->","yoast_head_json":{"title":"One Piece Wanted-affisch: Nami Wanted | One Piece-dekorationer \u2013 One Piece Shop","description":"Om du \u00e4lskar kvinnliga pirater f\u00e5r du inte missa den h\u00e4r Nami Wanted-affischen. Nami, \u00e4ven k\u00e4nd som &quot;katttjuven&quot;, \u00e4r pirat och medlem i Straw Hat Pirates. Hon fungerar som bes\u00e4ttningens navigat\u00f6r. Innan hon gick med i Luffys bes\u00e4ttning tillbringade Nami sin tid...","robots":{"index":"index","follow":"follow","max-snippet":"max-snippet:-1","max-image-preview":"max-image-preview:large","max-video-preview":"max-video-preview:-1"},"canonical":"https:\/\/boutique-one-piece.com\/sv\/one-piece-efterlysningsaffisch\/one-piece-sokes-affisch-nami-sokes\/","og_locale":"sv_SE","og_type":"article","og_title":"Avis de Recherche One Piece Nami Wanted | D\u00e9coration One Piece \u2013 Boutique One Piece","og_description":"Si tu adores les femmes pirates, Tu ne peux pas passer \u00e0 c\u00f4t\u00e9 de cet Avis de Recherche Nami Wanted. Nami, aussi surnomm\u00e9e \"la chatte voleuse\" est une pirate faisant partie de l'\u00e9quipe des Mugiwaras. Elle occupe le poste de navigatrice au sein de l'\u00e9quipage. Avant d'int\u00e9grer l'\u00e9quipage de Luffy, Nami passe son temps \u00e0 l","og_url":"https:\/\/boutique-one-piece.com\/sv\/one-piece-efterlysningsaffisch\/one-piece-sokes-affisch-nami-sokes\/","og_site_name":"Boutique One Piece","article_modified_time":"2024-09-16T11:48:47+00:00","og_image":[{"width":798,"height":797,"url":"https:\/\/boutique-one-piece.com\/wp-content\/uploads\/2022\/09\/Avis-de-Recherche-Nami-Wanted-1.jpg","type":"image\/jpeg"}],"twitter_card":"summary_large_image","twitter_misc":{"Ber\u00e4knad l\u00e4stid":"2 minuter"},"schema":{"@context":"https:\/\/schema.org","@graph":[{"@type":"WebPage","@id":"https:\/\/boutique-one-piece.com\/avis-de-recherche-one-piece\/avis-de-recherche-one-piece-nami-wanted\/","url":"https:\/\/boutique-one-piece.com\/avis-de-recherche-one-piece\/avis-de-recherche-one-piece-nami-wanted\/","name":"One Piece Wanted-affisch: Nami Wanted | One Piece-dekorationer \u2013 One Piece Shop","isPartOf":{"@id":"https:\/\/boutique-one-piece.com\/#website"},"primaryImageOfPage":{"@id":"https:\/\/boutique-one-piece.com\/avis-de-recherche-one-piece\/avis-de-recherche-one-piece-nami-wanted\/#primaryimage"},"image":{"@id":"https:\/\/boutique-one-piece.com\/avis-de-recherche-one-piece\/avis-de-recherche-one-piece-nami-wanted\/#primaryimage"},"thumbnailUrl":"https:\/\/boutique-one-piece.com\/wp-content\/uploads\/2022\/09\/Avis-de-Recherche-Nami-Wanted-1.jpg","datePublished":"2022-09-27T20:21:42+00:00","dateModified":"2024-09-16T11:48:47+00:00","description":"Om du \u00e4lskar kvinnliga pirater f\u00e5r du inte missa den h\u00e4r Nami Wanted-affischen. Nami, \u00e4ven k\u00e4nd som &quot;katttjuven&quot;, \u00e4r pirat och medlem i Straw Hat Pirates. Hon fungerar som bes\u00e4ttningens navigat\u00f6r. Innan hon gick med i Luffys bes\u00e4ttning tillbringade Nami sin tid...","breadcrumb":{"@id":"https:\/\/boutique-one-piece.com\/avis-de-recherche-one-piece\/avis-de-recherche-one-piece-nami-wanted\/#breadcrumb"},"inLanguage":"sv-SE","potentialAction":[{"@type":"ReadAction","target":["https:\/\/boutique-one-piece.com\/avis-de-recherche-one-piece\/avis-de-recherche-one-piece-nami-wanted\/"]}]},{"@type":"ImageObject","inLanguage":"sv-SE","@id":"https:\/\/boutique-one-piece.com\/avis-de-recherche-one-piece\/avis-de-recherche-one-piece-nami-wanted\/#primaryimage","url":"https:\/\/boutique-one-piece.com\/wp-content\/uploads\/2022\/09\/Avis-de-Recherche-Nami-Wanted-1.jpg","contentUrl":"https:\/\/boutique-one-piece.com\/wp-content\/uploads\/2022\/09\/Avis-de-Recherche-Nami-Wanted-1.jpg","width":798,"height":797},{"@type":"BreadcrumbList","@id":"https:\/\/boutique-one-piece.com\/avis-de-recherche-one-piece\/avis-de-recherche-one-piece-nami-wanted\/#breadcrumb","itemListElement":[{"@type":"ListItem","position":1,"name":"Home","item":"https:\/\/boutique-one-piece.com\/"},{"@type":"ListItem","position":2,"name":"Shop","item":"https:\/\/boutique-one-piece.com\/shop\/"},{"@type":"ListItem","position":3,"name":"Avis de Recherche Nami Wanted"}]},{"@type":"WebSite","@id":"https:\/\/boutique-one-piece.com\/#website","url":"https:\/\/boutique-one-piece.com\/","name":"One Piece-butik","description":"Specialbutik f\u00f6r One Piece Manga och Anime","publisher":{"@id":"https:\/\/boutique-one-piece.com\/#organization"},"potentialAction":[{"@type":"SearchAction","target":{"@type":"EntryPoint","urlTemplate":"https:\/\/boutique-one-piece.com\/?s={search_term_string}"},"query-input":{"@type":"PropertyValueSpecification","valueRequired":true,"valueName":"search_term_string"}}],"inLanguage":"sv-SE"},{"@type":"Organization","@id":"https:\/\/boutique-one-piece.com\/#organization","name":"One Piece-butik","url":"https:\/\/boutique-one-piece.com\/","logo":{"@type":"ImageObject","inLanguage":"sv-SE","@id":"https:\/\/boutique-one-piece.com\/#\/schema\/logo\/image\/","url":"https:\/\/boutique-one-piece.com\/wp-content\/uploads\/2022\/09\/Logo-01.png","contentUrl":"https:\/\/boutique-one-piece.com\/wp-content\/uploads\/2022\/09\/Logo-01.png","width":2318,"height":957,"caption":"Boutique One Piece"},"image":{"@id":"https:\/\/boutique-one-piece.com\/#\/schema\/logo\/image\/"}}]}},"_links":{"self":[{"href":"https:\/\/boutique-one-piece.com\/sv\/wp-json\/wp\/v2\/product\/9685","targetHints":{"allow":["GET"]}}],"collection":[{"href":"https:\/\/boutique-one-piece.com\/sv\/wp-json\/wp\/v2\/product"}],"about":[{"href":"https:\/\/boutique-one-piece.com\/sv\/wp-json\/wp\/v2\/types\/product"}],"replies":[{"embeddable":true,"href":"https:\/\/boutique-one-piece.com\/sv\/wp-json\/wp\/v2\/comments?post=9685"}],"wp:featuredmedia":[{"embeddable":true,"href":"https:\/\/boutique-one-piece.com\/sv\/wp-json\/wp\/v2\/media\/9687"}],"wp:attachment":[{"href":"https:\/\/boutique-one-piece.com\/sv\/wp-json\/wp\/v2\/media?parent=9685"}],"wp:term":[{"taxonomy":"product_brand","embeddable":true,"href":"https:\/\/boutique-one-piece.com\/sv\/wp-json\/wp\/v2\/product_brand?post=9685"},{"taxonomy":"product_cat","embeddable":true,"href":"https:\/\/boutique-one-piece.com\/sv\/wp-json\/wp\/v2\/product_cat?post=9685"},{"taxonomy":"product_tag","embeddable":true,"href":"https:\/\/boutique-one-piece.com\/sv\/wp-json\/wp\/v2\/product_tag?post=9685"}],"curies":[{"name":"wp","href":"https:\/\/api.w.org\/{rel}","templated":true}]}}