{"id":9750,"date":"2022-09-27T20:22:08","date_gmt":"2022-09-27T20:22:08","guid":{"rendered":"https:\/\/boutique-one-piece.com\/uncategorized\/maillot-imprime-one-piece-logo-luffy\/"},"modified":"2024-09-26T02:57:37","modified_gmt":"2024-09-26T02:57:37","slug":"jerseytryck-i-ett-stycke-med-logotyp-luffy","status":"publish","type":"product","link":"https:\/\/boutique-one-piece.com\/sv\/one-piece-klader\/one-piece-t-shirts\/jerseytryck-i-ett-stycke-med-logotyp-luffy\/","title":{"rendered":"One Piece Luffy-logotyptryckt skjorta"},"content":{"rendered":"<p><meta charset=\"utf-8\"><\/p>\n<h2>\n<b>Hel body med tryck av Straw Hat Pirates Jolly Roger.,\u00a0<\/b>En superkvalitetstr\u00f6ja f\u00f6r en pirat som du!<\/h2>\n<p>Om du \u00e4r en\u00a0<strong>riktig pirat<\/strong>, Du kommer att uppskatta\u00a0<strong>kvalitet<\/strong>\u00a0tyg och\u00a0<strong>3D-canvasutskrift<\/strong>\u00a0av detta\u00a0<strong>One Piece t-shirt<\/strong>\u00a0Men viktigast av allt, med detta\u00a0<strong>svart tryckt jersey<\/strong>\u00a0det \u00e4r f\u00f6r att du kommer att vara en del av\u00a0<strong>fanteamet<\/strong>\u00a0av\u00a0<strong>piratmanga<\/strong>\u00a0och du kommer att f\u00e5:<\/p>\n<ul>\n<li>\u00a0<strong>Beundran<\/strong>\u00a0av alla fans av\u00a0<strong>mugiwara<\/strong>\u00a0som du kommer att st\u00f6ta p\u00e5<\/li>\n<\/ul>\n<ul>\n<li>En riktig\u00a0<strong>tryckt t-shirt<\/strong>\u00a0med vilket du kan bli en <strong>Nakama<\/strong> av\u00a0\u00a0<strong>Apa D. Luffy<\/strong>\n<\/li>\n<\/ul>\n<p>S\u00e5, redo att b\u00e4ra\u00a0<strong>f\u00e4rger\u00a0<\/strong>av\u00a0<strong>Str\u00e5hatt Luffy<\/strong>\u00a0?<\/p>\n<h2>\u00c4r du ett fan av One Piece manga eller anime? Visa upp det med den h\u00e4r One Piece-tr\u00f6jan med tryck!<\/h2>\n<p>Om du\u00a0<strong>l\u00e4sa<\/strong>\u00a0eller vart du \u00e4n tittar\u00a0<span>\u00a0<\/span><strong>Japansk anime<\/strong>, Det finns en god chans att du har blivit\u00a0<strong>galen i One Piece<\/strong>\u00a0Med detta!\u00a0<strong>T-shirt med tryck och Luffy-logotyp<\/strong>, g\u00e5 med i\u2019<strong>en grupp fans av franchisen<\/strong><\/p>\n<p>Detta\u00a0<strong>svart jersey<\/strong>\u00a0finns i storlekar\u00a0<strong>XS<\/strong>,<strong>\u00a0S<\/strong>,<strong>\u00a0M<\/strong>,<strong>\u00a0L<\/strong>,\u00a0<strong>XL<\/strong>,\u00a0<strong>XXL<\/strong>, Den passar alla typer av pirater, \u00e4ven om du inte har\u00a0<strong>sv\u00e4rd<\/strong>\u00a0eller\u00a0<strong>dj\u00e4vulens frukt<\/strong>\u00a0Du kan fortfarande b\u00e4ra den med stolthet.<\/p>\n<h2>Information om t-shirten:\u00a0<\/h2>\n<ul>\n<li>\u00a0<strong>Premiumjersey av h\u00f6gsta kvalitet\u00a0<\/strong>har en\u00a0<strong>h\u00f6g ytvikt<\/strong>, med kvalitetsmaterial<\/li>\n<\/ul>\n<ul>\n<li>\n<strong>L\u00f6s passform<\/strong>\u00a0:\u00a0\u00a0<strong>t-shirt<\/strong>\u00a0med en\u00a0<strong>brett snitt<\/strong>, f\u00f6r extra komfort<\/li>\n<\/ul>\n<ul>\n<li>\n<strong>Mycket bekv\u00e4m\u00a0<\/strong>med dessa\u00a0<strong>fibrer<\/strong>\u00a0av\u00a0<strong>bomull<\/strong>\u00a0stor\u00a0<strong>mjuk<\/strong>, det finns ingen\u00a0<strong>friktion<\/strong>\n<\/li>\n<\/ul>\n<ul>\n<li>\n<strong>3D digitalutskrift<\/strong>\u00a0:\u00a0<strong>tryckt t-shirt<\/strong>\u00a0med en originell design,\u00a0<strong>Canvastavla<\/strong>\n<\/li>\n<\/ul>\n<ul>\n<li>\n<strong>Organisk bomull\u00a0<\/strong>: kvalitetsbomull med\u00a0<strong>extra l\u00e5nga fibrer<\/strong>\n<\/li>\n<\/ul>\n<ul>\n<li>\n<strong>Fri leverans\u00a0<\/strong>f\u00f6r alla k\u00f6p<\/li>\n<\/ul>\n<h2><strong>Gl\u00f6m inte att ta en titt p\u00e5 storleksguiden nedan.<\/strong><\/h2>\n<h2><img decoding=\"async\" src=\"https:\/\/cdn.shopify.com\/s\/files\/1\/0087\/7556\/5348\/files\/boutque_one__piece_tableau_taille_maillot-imprime_large.jpg?v=1560345982\" alt=\"Storleksguide f\u00f6r baddr\u00e4kt med tryck i One Piece-stil\"><\/h2>\n<h3>Tv\u00e4ttinstruktioner:<\/h3>\n<ul>\n<li>Maskintv\u00e4tt 30\u00b0C, skonsam tv\u00e4tt<\/li>\n<\/ul>\n<ul>\n<li>Stryk p\u00e5 baksidan<\/li>\n<\/ul>\n<p>F\u00f6r<span>\u00a0<\/span><strong>bevara kvaliteten<\/strong><span>\u00a0<\/span>av detta<span>\u00a0Jersey<\/span><strong>\u00a0Ett stycke<\/strong>, rekommenderar vi att du<span>\u00a0<\/span><strong>respektera<\/strong><span>\u00a0<\/span>DE<span>\u00a0<\/span><strong>tv\u00e4ttinstruktioner<\/strong>.<\/p>","protected":false},"excerpt":{"rendered":"<p>One Piece-tr\u00f6ja med tryck och Straw Hat Pirates Jolly Roger, en superkvalitativ tr\u00f6ja f\u00f6r en pirat som du! Om du \u00e4r en sann pirat kommer du att uppskatta tygets kvalitet och 3D-canvastrycket p\u00e5 denna One Piece-t-shirt! Men viktigast av allt, med denna svarta tr\u00f6ja med tryck blir du en del av fanskaran av piratmangan och du kommer att vinna: Beundran fr\u00e5n alla Straw Hat-fans som [\u2026]<\/p>","protected":false},"featured_media":18432,"comment_status":"open","ping_status":"open","template":"","meta":[],"product_brand":[],"product_cat":[53,54],"product_tag":[182],"class_list":{"0":"post-9750","1":"product","2":"type-product","3":"status-publish","4":"has-post-thumbnail","6":"product_cat-t-shirts-one-piece","7":"product_cat-vetements-one-piece","8":"product_tag-logo","10":"first","11":"instock","12":"purchasable","13":"product-type-variable"},"yoast_head":"<!-- This site is optimized with the Yoast SEO plugin v27.5 - https:\/\/yoast.com\/product\/yoast-seo-wordpress\/ -->\n<title>Maillot Imprim\u00e9 One Piece Logo Luffy | Boutique One Piece<\/title>\n<meta name=\"description\" content=\"Maillot de Corps One Piece Imprim\u00e9 avec le Jolly Roger des Mugiwara de Tr\u00e8s Haute Qualit\u00e9 : Rejoins les Fans du Manga de Pirates et Prend la Mer Comme Luffy\" \/>\n<meta name=\"robots\" content=\"index, follow, max-snippet:-1, max-image-preview:large, max-video-preview:-1\" \/>\n<link rel=\"canonical\" href=\"https:\/\/boutique-one-piece.com\/sv\/one-piece-klader\/jerseytryck-i-ett-stycke-med-logotyp-luffy\/\" \/>\n<meta property=\"og:locale\" content=\"sv_SE\" \/>\n<meta property=\"og:type\" content=\"article\" \/>\n<meta property=\"og:title\" content=\"Maillot Imprim\u00e9 One Piece Logo Luffy | Boutique One Piece\" \/>\n<meta property=\"og:description\" content=\"Maillot de Corps One Piece Imprim\u00e9 avec le Jolly Roger des Mugiwara de Tr\u00e8s Haute Qualit\u00e9 : Rejoins les Fans du Manga de Pirates et Prend la Mer Comme Luffy\" \/>\n<meta property=\"og:url\" content=\"https:\/\/boutique-one-piece.com\/sv\/one-piece-klader\/jerseytryck-i-ett-stycke-med-logotyp-luffy\/\" \/>\n<meta property=\"og:site_name\" content=\"Boutique One Piece\" \/>\n<meta property=\"article:modified_time\" content=\"2024-09-26T02:57:37+00:00\" \/>\n<meta property=\"og:image\" content=\"https:\/\/boutique-one-piece.com\/wp-content\/uploads\/2022\/09\/maillot-imprime-one-piece-logo-luffy-5011235438628.jpg\" \/>\n\t<meta property=\"og:image:width\" content=\"600\" \/>\n\t<meta property=\"og:image:height\" content=\"600\" \/>\n\t<meta property=\"og:image:type\" content=\"image\/jpeg\" \/>\n<meta name=\"twitter:card\" content=\"summary_large_image\" \/>\n<meta name=\"twitter:label1\" content=\"Ber\u00e4knad l\u00e4stid\" \/>\n\t<meta name=\"twitter:data1\" content=\"2 minuter\" \/>\n<script type=\"application\/ld+json\" class=\"yoast-schema-graph\">{\"@context\":\"https:\\\/\\\/schema.org\",\"@graph\":[{\"@type\":\"WebPage\",\"@id\":\"https:\\\/\\\/boutique-one-piece.com\\\/vetements-one-piece\\\/maillot-imprime-one-piece-logo-luffy\\\/\",\"url\":\"https:\\\/\\\/boutique-one-piece.com\\\/vetements-one-piece\\\/maillot-imprime-one-piece-logo-luffy\\\/\",\"name\":\"Maillot Imprim\u00e9 One Piece Logo Luffy | Boutique One Piece\",\"isPartOf\":{\"@id\":\"https:\\\/\\\/boutique-one-piece.com\\\/#website\"},\"primaryImageOfPage\":{\"@id\":\"https:\\\/\\\/boutique-one-piece.com\\\/vetements-one-piece\\\/maillot-imprime-one-piece-logo-luffy\\\/#primaryimage\"},\"image\":{\"@id\":\"https:\\\/\\\/boutique-one-piece.com\\\/vetements-one-piece\\\/maillot-imprime-one-piece-logo-luffy\\\/#primaryimage\"},\"thumbnailUrl\":\"https:\\\/\\\/boutique-one-piece.com\\\/wp-content\\\/uploads\\\/2022\\\/09\\\/maillot-imprime-one-piece-logo-luffy-5011235438628.jpg\",\"datePublished\":\"2022-09-27T20:22:08+00:00\",\"dateModified\":\"2024-09-26T02:57:37+00:00\",\"description\":\"Maillot de Corps One Piece Imprim\u00e9 avec le Jolly Roger des Mugiwara de Tr\u00e8s Haute Qualit\u00e9 : Rejoins les Fans du Manga de Pirates et Prend la Mer Comme Luffy\",\"breadcrumb\":{\"@id\":\"https:\\\/\\\/boutique-one-piece.com\\\/vetements-one-piece\\\/maillot-imprime-one-piece-logo-luffy\\\/#breadcrumb\"},\"inLanguage\":\"sv-SE\",\"potentialAction\":[{\"@type\":\"ReadAction\",\"target\":[\"https:\\\/\\\/boutique-one-piece.com\\\/vetements-one-piece\\\/maillot-imprime-one-piece-logo-luffy\\\/\"]}]},{\"@type\":\"ImageObject\",\"inLanguage\":\"sv-SE\",\"@id\":\"https:\\\/\\\/boutique-one-piece.com\\\/vetements-one-piece\\\/maillot-imprime-one-piece-logo-luffy\\\/#primaryimage\",\"url\":\"https:\\\/\\\/boutique-one-piece.com\\\/wp-content\\\/uploads\\\/2022\\\/09\\\/maillot-imprime-one-piece-logo-luffy-5011235438628.jpg\",\"contentUrl\":\"https:\\\/\\\/boutique-one-piece.com\\\/wp-content\\\/uploads\\\/2022\\\/09\\\/maillot-imprime-one-piece-logo-luffy-5011235438628.jpg\",\"width\":600,\"height\":600},{\"@type\":\"BreadcrumbList\",\"@id\":\"https:\\\/\\\/boutique-one-piece.com\\\/vetements-one-piece\\\/maillot-imprime-one-piece-logo-luffy\\\/#breadcrumb\",\"itemListElement\":[{\"@type\":\"ListItem\",\"position\":1,\"name\":\"Home\",\"item\":\"https:\\\/\\\/boutique-one-piece.com\\\/\"},{\"@type\":\"ListItem\",\"position\":2,\"name\":\"Shop\",\"item\":\"https:\\\/\\\/boutique-one-piece.com\\\/shop\\\/\"},{\"@type\":\"ListItem\",\"position\":3,\"name\":\"Maillot Imprim\u00e9 One Piece Logo Luffy\"}]},{\"@type\":\"WebSite\",\"@id\":\"https:\\\/\\\/boutique-one-piece.com\\\/#website\",\"url\":\"https:\\\/\\\/boutique-one-piece.com\\\/\",\"name\":\"Boutique One Piece\",\"description\":\"Magasin Sp\u00e9cialis\u00e9 du Manga et l&#039;Anime One Piece\",\"publisher\":{\"@id\":\"https:\\\/\\\/boutique-one-piece.com\\\/#organization\"},\"potentialAction\":[{\"@type\":\"SearchAction\",\"target\":{\"@type\":\"EntryPoint\",\"urlTemplate\":\"https:\\\/\\\/boutique-one-piece.com\\\/?s={search_term_string}\"},\"query-input\":{\"@type\":\"PropertyValueSpecification\",\"valueRequired\":true,\"valueName\":\"search_term_string\"}}],\"inLanguage\":\"sv-SE\"},{\"@type\":\"Organization\",\"@id\":\"https:\\\/\\\/boutique-one-piece.com\\\/#organization\",\"name\":\"Boutique One Piece\",\"url\":\"https:\\\/\\\/boutique-one-piece.com\\\/\",\"logo\":{\"@type\":\"ImageObject\",\"inLanguage\":\"sv-SE\",\"@id\":\"https:\\\/\\\/boutique-one-piece.com\\\/#\\\/schema\\\/logo\\\/image\\\/\",\"url\":\"https:\\\/\\\/boutique-one-piece.com\\\/wp-content\\\/uploads\\\/2022\\\/09\\\/Logo-01.png\",\"contentUrl\":\"https:\\\/\\\/boutique-one-piece.com\\\/wp-content\\\/uploads\\\/2022\\\/09\\\/Logo-01.png\",\"width\":2318,\"height\":957,\"caption\":\"Boutique One Piece\"},\"image\":{\"@id\":\"https:\\\/\\\/boutique-one-piece.com\\\/#\\\/schema\\\/logo\\\/image\\\/\"}}]}<\/script>\n<!-- \/ Yoast SEO plugin. -->","yoast_head_json":{"title":"One Piece Luffy-logotyptryckt skjorta | One Piece Shop","description":"H\u00f6gkvalitativt One Piece-undertr\u00f6ja med tryck av Straw Hat Pirates-figuren Jolly Roger: G\u00e5 med fansen av denna piratmanga och s\u00e4tt segel som Luffy","robots":{"index":"index","follow":"follow","max-snippet":"max-snippet:-1","max-image-preview":"max-image-preview:large","max-video-preview":"max-video-preview:-1"},"canonical":"https:\/\/boutique-one-piece.com\/sv\/one-piece-klader\/jerseytryck-i-ett-stycke-med-logotyp-luffy\/","og_locale":"sv_SE","og_type":"article","og_title":"Maillot Imprim\u00e9 One Piece Logo Luffy | Boutique One Piece","og_description":"Maillot de Corps One Piece Imprim\u00e9 avec le Jolly Roger des Mugiwara de Tr\u00e8s Haute Qualit\u00e9 : Rejoins les Fans du Manga de Pirates et Prend la Mer Comme Luffy","og_url":"https:\/\/boutique-one-piece.com\/sv\/one-piece-klader\/jerseytryck-i-ett-stycke-med-logotyp-luffy\/","og_site_name":"Boutique One Piece","article_modified_time":"2024-09-26T02:57:37+00:00","og_image":[{"width":600,"height":600,"url":"https:\/\/boutique-one-piece.com\/wp-content\/uploads\/2022\/09\/maillot-imprime-one-piece-logo-luffy-5011235438628.jpg","type":"image\/jpeg"}],"twitter_card":"summary_large_image","twitter_misc":{"Ber\u00e4knad l\u00e4stid":"2 minuter"},"schema":{"@context":"https:\/\/schema.org","@graph":[{"@type":"WebPage","@id":"https:\/\/boutique-one-piece.com\/vetements-one-piece\/maillot-imprime-one-piece-logo-luffy\/","url":"https:\/\/boutique-one-piece.com\/vetements-one-piece\/maillot-imprime-one-piece-logo-luffy\/","name":"One Piece Luffy-logotyptryckt skjorta | One Piece Shop","isPartOf":{"@id":"https:\/\/boutique-one-piece.com\/#website"},"primaryImageOfPage":{"@id":"https:\/\/boutique-one-piece.com\/vetements-one-piece\/maillot-imprime-one-piece-logo-luffy\/#primaryimage"},"image":{"@id":"https:\/\/boutique-one-piece.com\/vetements-one-piece\/maillot-imprime-one-piece-logo-luffy\/#primaryimage"},"thumbnailUrl":"https:\/\/boutique-one-piece.com\/wp-content\/uploads\/2022\/09\/maillot-imprime-one-piece-logo-luffy-5011235438628.jpg","datePublished":"2022-09-27T20:22:08+00:00","dateModified":"2024-09-26T02:57:37+00:00","description":"H\u00f6gkvalitativt One Piece-undertr\u00f6ja med tryck av Straw Hat Pirates-figuren Jolly Roger: G\u00e5 med fansen av denna piratmanga och s\u00e4tt segel som Luffy","breadcrumb":{"@id":"https:\/\/boutique-one-piece.com\/vetements-one-piece\/maillot-imprime-one-piece-logo-luffy\/#breadcrumb"},"inLanguage":"sv-SE","potentialAction":[{"@type":"ReadAction","target":["https:\/\/boutique-one-piece.com\/vetements-one-piece\/maillot-imprime-one-piece-logo-luffy\/"]}]},{"@type":"ImageObject","inLanguage":"sv-SE","@id":"https:\/\/boutique-one-piece.com\/vetements-one-piece\/maillot-imprime-one-piece-logo-luffy\/#primaryimage","url":"https:\/\/boutique-one-piece.com\/wp-content\/uploads\/2022\/09\/maillot-imprime-one-piece-logo-luffy-5011235438628.jpg","contentUrl":"https:\/\/boutique-one-piece.com\/wp-content\/uploads\/2022\/09\/maillot-imprime-one-piece-logo-luffy-5011235438628.jpg","width":600,"height":600},{"@type":"BreadcrumbList","@id":"https:\/\/boutique-one-piece.com\/vetements-one-piece\/maillot-imprime-one-piece-logo-luffy\/#breadcrumb","itemListElement":[{"@type":"ListItem","position":1,"name":"Home","item":"https:\/\/boutique-one-piece.com\/"},{"@type":"ListItem","position":2,"name":"Shop","item":"https:\/\/boutique-one-piece.com\/shop\/"},{"@type":"ListItem","position":3,"name":"Maillot Imprim\u00e9 One Piece Logo Luffy"}]},{"@type":"WebSite","@id":"https:\/\/boutique-one-piece.com\/#website","url":"https:\/\/boutique-one-piece.com\/","name":"One Piece-butik","description":"Specialbutik f\u00f6r One Piece Manga och Anime","publisher":{"@id":"https:\/\/boutique-one-piece.com\/#organization"},"potentialAction":[{"@type":"SearchAction","target":{"@type":"EntryPoint","urlTemplate":"https:\/\/boutique-one-piece.com\/?s={search_term_string}"},"query-input":{"@type":"PropertyValueSpecification","valueRequired":true,"valueName":"search_term_string"}}],"inLanguage":"sv-SE"},{"@type":"Organization","@id":"https:\/\/boutique-one-piece.com\/#organization","name":"One Piece-butik","url":"https:\/\/boutique-one-piece.com\/","logo":{"@type":"ImageObject","inLanguage":"sv-SE","@id":"https:\/\/boutique-one-piece.com\/#\/schema\/logo\/image\/","url":"https:\/\/boutique-one-piece.com\/wp-content\/uploads\/2022\/09\/Logo-01.png","contentUrl":"https:\/\/boutique-one-piece.com\/wp-content\/uploads\/2022\/09\/Logo-01.png","width":2318,"height":957,"caption":"Boutique One Piece"},"image":{"@id":"https:\/\/boutique-one-piece.com\/#\/schema\/logo\/image\/"}}]}},"_links":{"self":[{"href":"https:\/\/boutique-one-piece.com\/sv\/wp-json\/wp\/v2\/product\/9750","targetHints":{"allow":["GET"]}}],"collection":[{"href":"https:\/\/boutique-one-piece.com\/sv\/wp-json\/wp\/v2\/product"}],"about":[{"href":"https:\/\/boutique-one-piece.com\/sv\/wp-json\/wp\/v2\/types\/product"}],"replies":[{"embeddable":true,"href":"https:\/\/boutique-one-piece.com\/sv\/wp-json\/wp\/v2\/comments?post=9750"}],"wp:featuredmedia":[{"embeddable":true,"href":"https:\/\/boutique-one-piece.com\/sv\/wp-json\/wp\/v2\/media\/18432"}],"wp:attachment":[{"href":"https:\/\/boutique-one-piece.com\/sv\/wp-json\/wp\/v2\/media?parent=9750"}],"wp:term":[{"taxonomy":"product_brand","embeddable":true,"href":"https:\/\/boutique-one-piece.com\/sv\/wp-json\/wp\/v2\/product_brand?post=9750"},{"taxonomy":"product_cat","embeddable":true,"href":"https:\/\/boutique-one-piece.com\/sv\/wp-json\/wp\/v2\/product_cat?post=9750"},{"taxonomy":"product_tag","embeddable":true,"href":"https:\/\/boutique-one-piece.com\/sv\/wp-json\/wp\/v2\/product_tag?post=9750"}],"curies":[{"name":"wp","href":"https:\/\/api.w.org\/{rel}","templated":true}]}}