{"id":9804,"date":"2022-09-27T20:22:31","date_gmt":"2022-09-27T20:22:31","guid":{"rendered":"https:\/\/boutique-one-piece.com\/uncategorized\/casquette-one-piece-nico-robin\/"},"modified":"2024-09-16T11:51:58","modified_gmt":"2024-09-16T11:51:58","slug":"one-piece-nico-robin-keps","status":"publish","type":"product","link":"https:\/\/boutique-one-piece.com\/sv\/one-piece-klader\/one-piece-kepsar-och-hattar\/one-piece-nico-robin-keps\/","title":{"rendered":"One Piece Nico Robin-keps"},"content":{"rendered":"<ul>\n<li>\u00a0<strong>Truckerkeps av h\u00f6gsta kvalitet\u00a0<\/strong>: konstituerad<span>\u00a0<\/span>av 4\u00a0<strong>bakpaneler<\/strong>\u00a0i\u00a0<strong>maska<\/strong>, Detta\u00a0<strong>tyg<\/strong>\u00a0i\u00a0<strong>plast<\/strong>\u00a0\u00e4r v\u00e4ldigt\u00a0<strong>luftad<\/strong>\u00a0tack vare sin v\u00e4v\u00ab\u00a0<strong>netto<\/strong>\u00ab\u00a0<\/li>\n<\/ul>\n<ul>\n<li>\n<strong>Polyester<\/strong>\u00a0med dess\u00a0<strong>sammans\u00e4ttning\u00a0<\/strong>i<strong>\u00a0polyester<\/strong>, Denna keps erbjuder en perfekt\u00a0<strong>skydd<\/strong>\u00a0mot\u00a0<strong>solen\u00a0<\/strong>Och<strong>\u00a0vatten<\/strong>.\u00a0<\/li>\n<\/ul>\n<ul>\n<li>\n<strong>Mycket bekv\u00e4m\u00a0<\/strong>med sin ventilation \u00e4r den mycket bekv\u00e4m att b\u00e4ra<\/li>\n<\/ul>\n<ul>\n<li>\n<strong>3D digitalutskrift<\/strong>\u00a0: keps<strong>\u00a0tryckt<\/strong>\u00a0med en originell design,\u00a0<strong>Canvastavla<\/strong>\n<\/li>\n<\/ul>\n<ul>\n<li>\n<strong>B\u00f6jt visir\u00a0<\/strong>d\u00e4r\u00a0<strong>visir<\/strong>\u00a0\u00d6st<strong>\u00a0f\u00f6rberedelse<\/strong><strong>-b\u00f6jd<\/strong>\n<\/li>\n<\/ul>\n<ul>\n<li>\n<strong>Snapback-sp\u00e4nne<\/strong>\u00a0:\u00a0<strong>bunden<\/strong>\u00a0i\u00a0<strong>plast<\/strong>\u00a0med\u00a0<strong>knappar<\/strong>\u00a0av\u00a0<strong>tryck<\/strong>\n<\/li>\n<\/ul>\n<ul>\n<li>\n<strong>Fri leverans\u00a0<\/strong>f\u00f6r alla k\u00f6p<\/li>\n<\/ul>","protected":false},"excerpt":{"rendered":"<p>\u00a0Premium Trucker-keps: Tillverkad med fyra meshpaneler p\u00e5 baksidan och \u00e4r mycket andningsbar tack vare sin meshv\u00e4v. Polyester: Med sin polyesterkomposition erbjuder denna keps utm\u00e4rkt skydd mot sol och vatten. Mycket bekv\u00e4m: Dess ventilation g\u00f6r den mycket behaglig att b\u00e4ra. 3D-digitaltryck: Keps tryckt med en originell design. Canvastryck. B\u00f6jd sk\u00e4rm: Visiret \u00e4r f\u00f6rb\u00f6jt. Snapback-st\u00e4ngning: Plastkn\u00e4ppning med tryckknappar. Fri frakt p\u00e5 alla k\u00f6p.<\/p>","protected":false},"featured_media":9806,"comment_status":"open","ping_status":"open","template":"","meta":[],"product_brand":[],"product_cat":[190],"product_tag":[],"class_list":{"0":"post-9804","1":"product","2":"type-product","3":"status-publish","4":"has-post-thumbnail","6":"product_cat-casquettes-et-chapeaux-one-piece","8":"first","9":"instock","10":"purchasable","11":"product-type-simple"},"yoast_head":"<!-- This site is optimized with the Yoast SEO plugin v27.5 - https:\/\/yoast.com\/product\/yoast-seo-wordpress\/ -->\n<title>Casquette One Piece Nico Robin | Casquette One Piece \u2013 Boutique One Piece<\/title>\n<meta name=\"description\" content=\"\u00a0Casquette Trucker de qualit\u00e9 sup\u00e9rieure\u00a0: constitu\u00e9e\u00a0de 4\u00a0panneaux arri\u00e8re\u00a0en\u00a0mesh, ce\u00a0tissu\u00a0en\u00a0plastique\u00a0est tr\u00e8s\u00a0a\u00e9r\u00e9\u00a0gr\u00e2ce \u00e0 son\u00a0tissage\u00a0&quot;filet&quot; Polyester\u00a0: avec sa\u00a0composition\u00a0en\u00a0polyester, cette\u00a0casquette\u00a0offre une parfaite\u00a0protection\u00a0contre le\u00a0soleil\u00a0et\u00a0l&#039;eau.\u00a0 Tr\u00e8s confortable\u00a0: avec son a\u00e9ration, elle est tr\u00e8s\" \/>\n<meta name=\"robots\" content=\"index, follow, max-snippet:-1, max-image-preview:large, max-video-preview:-1\" \/>\n<link rel=\"canonical\" href=\"https:\/\/boutique-one-piece.com\/sv\/one-piece-klader\/one-piece-kepsar-och-hattar\/one-piece-nico-robin-keps\/\" \/>\n<meta property=\"og:locale\" content=\"sv_SE\" \/>\n<meta property=\"og:type\" content=\"article\" \/>\n<meta property=\"og:title\" content=\"Casquette One Piece Nico Robin | Casquette One Piece \u2013 Boutique One Piece\" \/>\n<meta property=\"og:description\" content=\"\u00a0Casquette Trucker de qualit\u00e9 sup\u00e9rieure\u00a0: constitu\u00e9e\u00a0de 4\u00a0panneaux arri\u00e8re\u00a0en\u00a0mesh, ce\u00a0tissu\u00a0en\u00a0plastique\u00a0est tr\u00e8s\u00a0a\u00e9r\u00e9\u00a0gr\u00e2ce \u00e0 son\u00a0tissage\u00a0&quot;filet&quot; Polyester\u00a0: avec sa\u00a0composition\u00a0en\u00a0polyester, cette\u00a0casquette\u00a0offre une parfaite\u00a0protection\u00a0contre le\u00a0soleil\u00a0et\u00a0l&#039;eau.\u00a0 Tr\u00e8s confortable\u00a0: avec son a\u00e9ration, elle est tr\u00e8s\" \/>\n<meta property=\"og:url\" content=\"https:\/\/boutique-one-piece.com\/sv\/one-piece-klader\/one-piece-kepsar-och-hattar\/one-piece-nico-robin-keps\/\" \/>\n<meta property=\"og:site_name\" content=\"Boutique One Piece\" \/>\n<meta property=\"article:modified_time\" content=\"2024-09-16T11:51:58+00:00\" \/>\n<meta property=\"og:image\" content=\"https:\/\/boutique-one-piece.com\/wp-content\/uploads\/2022\/09\/Casquette-One-Piece-Nico-Robin-1.jpg\" \/>\n\t<meta property=\"og:image:width\" content=\"800\" \/>\n\t<meta property=\"og:image:height\" content=\"800\" \/>\n\t<meta property=\"og:image:type\" content=\"image\/jpeg\" \/>\n<meta name=\"twitter:card\" content=\"summary_large_image\" \/>\n<script type=\"application\/ld+json\" class=\"yoast-schema-graph\">{\"@context\":\"https:\\\/\\\/schema.org\",\"@graph\":[{\"@type\":\"WebPage\",\"@id\":\"https:\\\/\\\/boutique-one-piece.com\\\/vetements-one-piece\\\/casquettes-et-chapeaux-one-piece\\\/casquette-one-piece-nico-robin\\\/\",\"url\":\"https:\\\/\\\/boutique-one-piece.com\\\/vetements-one-piece\\\/casquettes-et-chapeaux-one-piece\\\/casquette-one-piece-nico-robin\\\/\",\"name\":\"Casquette One Piece Nico Robin | Casquette One Piece \u2013 Boutique One Piece\",\"isPartOf\":{\"@id\":\"https:\\\/\\\/boutique-one-piece.com\\\/#website\"},\"primaryImageOfPage\":{\"@id\":\"https:\\\/\\\/boutique-one-piece.com\\\/vetements-one-piece\\\/casquettes-et-chapeaux-one-piece\\\/casquette-one-piece-nico-robin\\\/#primaryimage\"},\"image\":{\"@id\":\"https:\\\/\\\/boutique-one-piece.com\\\/vetements-one-piece\\\/casquettes-et-chapeaux-one-piece\\\/casquette-one-piece-nico-robin\\\/#primaryimage\"},\"thumbnailUrl\":\"https:\\\/\\\/boutique-one-piece.com\\\/wp-content\\\/uploads\\\/2022\\\/09\\\/Casquette-One-Piece-Nico-Robin-1.jpg\",\"datePublished\":\"2022-09-27T20:22:31+00:00\",\"dateModified\":\"2024-09-16T11:51:58+00:00\",\"description\":\"\u00a0Casquette Trucker de qualit\u00e9 sup\u00e9rieure\u00a0: constitu\u00e9e\u00a0de 4\u00a0panneaux arri\u00e8re\u00a0en\u00a0mesh, ce\u00a0tissu\u00a0en\u00a0plastique\u00a0est tr\u00e8s\u00a0a\u00e9r\u00e9\u00a0gr\u00e2ce \u00e0 son\u00a0tissage\u00a0\\\"filet\\\" Polyester\u00a0: avec sa\u00a0composition\u00a0en\u00a0polyester, cette\u00a0casquette\u00a0offre une parfaite\u00a0protection\u00a0contre le\u00a0soleil\u00a0et\u00a0l'eau.\u00a0 Tr\u00e8s confortable\u00a0: avec son a\u00e9ration, elle est tr\u00e8s\",\"breadcrumb\":{\"@id\":\"https:\\\/\\\/boutique-one-piece.com\\\/vetements-one-piece\\\/casquettes-et-chapeaux-one-piece\\\/casquette-one-piece-nico-robin\\\/#breadcrumb\"},\"inLanguage\":\"sv-SE\",\"potentialAction\":[{\"@type\":\"ReadAction\",\"target\":[\"https:\\\/\\\/boutique-one-piece.com\\\/vetements-one-piece\\\/casquettes-et-chapeaux-one-piece\\\/casquette-one-piece-nico-robin\\\/\"]}]},{\"@type\":\"ImageObject\",\"inLanguage\":\"sv-SE\",\"@id\":\"https:\\\/\\\/boutique-one-piece.com\\\/vetements-one-piece\\\/casquettes-et-chapeaux-one-piece\\\/casquette-one-piece-nico-robin\\\/#primaryimage\",\"url\":\"https:\\\/\\\/boutique-one-piece.com\\\/wp-content\\\/uploads\\\/2022\\\/09\\\/Casquette-One-Piece-Nico-Robin-1.jpg\",\"contentUrl\":\"https:\\\/\\\/boutique-one-piece.com\\\/wp-content\\\/uploads\\\/2022\\\/09\\\/Casquette-One-Piece-Nico-Robin-1.jpg\",\"width\":800,\"height\":800},{\"@type\":\"BreadcrumbList\",\"@id\":\"https:\\\/\\\/boutique-one-piece.com\\\/vetements-one-piece\\\/casquettes-et-chapeaux-one-piece\\\/casquette-one-piece-nico-robin\\\/#breadcrumb\",\"itemListElement\":[{\"@type\":\"ListItem\",\"position\":1,\"name\":\"Home\",\"item\":\"https:\\\/\\\/boutique-one-piece.com\\\/\"},{\"@type\":\"ListItem\",\"position\":2,\"name\":\"Shop\",\"item\":\"https:\\\/\\\/boutique-one-piece.com\\\/shop\\\/\"},{\"@type\":\"ListItem\",\"position\":3,\"name\":\"Casquette One Piece Nico Robin\"}]},{\"@type\":\"WebSite\",\"@id\":\"https:\\\/\\\/boutique-one-piece.com\\\/#website\",\"url\":\"https:\\\/\\\/boutique-one-piece.com\\\/\",\"name\":\"Boutique One Piece\",\"description\":\"Magasin Sp\u00e9cialis\u00e9 du Manga et l&#039;Anime One Piece\",\"publisher\":{\"@id\":\"https:\\\/\\\/boutique-one-piece.com\\\/#organization\"},\"potentialAction\":[{\"@type\":\"SearchAction\",\"target\":{\"@type\":\"EntryPoint\",\"urlTemplate\":\"https:\\\/\\\/boutique-one-piece.com\\\/?s={search_term_string}\"},\"query-input\":{\"@type\":\"PropertyValueSpecification\",\"valueRequired\":true,\"valueName\":\"search_term_string\"}}],\"inLanguage\":\"sv-SE\"},{\"@type\":\"Organization\",\"@id\":\"https:\\\/\\\/boutique-one-piece.com\\\/#organization\",\"name\":\"Boutique One Piece\",\"url\":\"https:\\\/\\\/boutique-one-piece.com\\\/\",\"logo\":{\"@type\":\"ImageObject\",\"inLanguage\":\"sv-SE\",\"@id\":\"https:\\\/\\\/boutique-one-piece.com\\\/#\\\/schema\\\/logo\\\/image\\\/\",\"url\":\"https:\\\/\\\/boutique-one-piece.com\\\/wp-content\\\/uploads\\\/2022\\\/09\\\/Logo-01.png\",\"contentUrl\":\"https:\\\/\\\/boutique-one-piece.com\\\/wp-content\\\/uploads\\\/2022\\\/09\\\/Logo-01.png\",\"width\":2318,\"height\":957,\"caption\":\"Boutique One Piece\"},\"image\":{\"@id\":\"https:\\\/\\\/boutique-one-piece.com\\\/#\\\/schema\\\/logo\\\/image\\\/\"}}]}<\/script>\n<!-- \/ Yoast SEO plugin. -->","yoast_head_json":{"title":"One Piece Nico Robin-keps | One Piece-keps \u2013 One Piece-butiken","description":"\u00a0Premium Trucker Cap: Tillverkad med fyra meshpaneler baktill, \u00e4r detta plasttyg mycket andningsbart tack vare sin &quot;n\u00e4tv\u00e4v&quot;. Polyester: Med sin polyesterkomposition erbjuder denna keps utm\u00e4rkt skydd mot sol och vatten. Mycket bekv\u00e4m: Tack vare sin ventilation \u00e4r den mycket","robots":{"index":"index","follow":"follow","max-snippet":"max-snippet:-1","max-image-preview":"max-image-preview:large","max-video-preview":"max-video-preview:-1"},"canonical":"https:\/\/boutique-one-piece.com\/sv\/one-piece-klader\/one-piece-kepsar-och-hattar\/one-piece-nico-robin-keps\/","og_locale":"sv_SE","og_type":"article","og_title":"Casquette One Piece Nico Robin | Casquette One Piece \u2013 Boutique One Piece","og_description":"\u00a0Casquette Trucker de qualit\u00e9 sup\u00e9rieure\u00a0: constitu\u00e9e\u00a0de 4\u00a0panneaux arri\u00e8re\u00a0en\u00a0mesh, ce\u00a0tissu\u00a0en\u00a0plastique\u00a0est tr\u00e8s\u00a0a\u00e9r\u00e9\u00a0gr\u00e2ce \u00e0 son\u00a0tissage\u00a0\"filet\" Polyester\u00a0: avec sa\u00a0composition\u00a0en\u00a0polyester, cette\u00a0casquette\u00a0offre une parfaite\u00a0protection\u00a0contre le\u00a0soleil\u00a0et\u00a0l'eau.\u00a0 Tr\u00e8s confortable\u00a0: avec son a\u00e9ration, elle est tr\u00e8s","og_url":"https:\/\/boutique-one-piece.com\/sv\/one-piece-klader\/one-piece-kepsar-och-hattar\/one-piece-nico-robin-keps\/","og_site_name":"Boutique One Piece","article_modified_time":"2024-09-16T11:51:58+00:00","og_image":[{"width":800,"height":800,"url":"https:\/\/boutique-one-piece.com\/wp-content\/uploads\/2022\/09\/Casquette-One-Piece-Nico-Robin-1.jpg","type":"image\/jpeg"}],"twitter_card":"summary_large_image","schema":{"@context":"https:\/\/schema.org","@graph":[{"@type":"WebPage","@id":"https:\/\/boutique-one-piece.com\/vetements-one-piece\/casquettes-et-chapeaux-one-piece\/casquette-one-piece-nico-robin\/","url":"https:\/\/boutique-one-piece.com\/vetements-one-piece\/casquettes-et-chapeaux-one-piece\/casquette-one-piece-nico-robin\/","name":"One Piece Nico Robin-keps | One Piece-keps \u2013 One Piece-butiken","isPartOf":{"@id":"https:\/\/boutique-one-piece.com\/#website"},"primaryImageOfPage":{"@id":"https:\/\/boutique-one-piece.com\/vetements-one-piece\/casquettes-et-chapeaux-one-piece\/casquette-one-piece-nico-robin\/#primaryimage"},"image":{"@id":"https:\/\/boutique-one-piece.com\/vetements-one-piece\/casquettes-et-chapeaux-one-piece\/casquette-one-piece-nico-robin\/#primaryimage"},"thumbnailUrl":"https:\/\/boutique-one-piece.com\/wp-content\/uploads\/2022\/09\/Casquette-One-Piece-Nico-Robin-1.jpg","datePublished":"2022-09-27T20:22:31+00:00","dateModified":"2024-09-16T11:51:58+00:00","description":"\u00a0Premium Trucker Cap: Tillverkad med fyra meshpaneler baktill, \u00e4r detta plasttyg mycket andningsbart tack vare sin &quot;n\u00e4tv\u00e4v&quot;. Polyester: Med sin polyesterkomposition erbjuder denna keps utm\u00e4rkt skydd mot sol och vatten. Mycket bekv\u00e4m: Tack vare sin ventilation \u00e4r den mycket","breadcrumb":{"@id":"https:\/\/boutique-one-piece.com\/vetements-one-piece\/casquettes-et-chapeaux-one-piece\/casquette-one-piece-nico-robin\/#breadcrumb"},"inLanguage":"sv-SE","potentialAction":[{"@type":"ReadAction","target":["https:\/\/boutique-one-piece.com\/vetements-one-piece\/casquettes-et-chapeaux-one-piece\/casquette-one-piece-nico-robin\/"]}]},{"@type":"ImageObject","inLanguage":"sv-SE","@id":"https:\/\/boutique-one-piece.com\/vetements-one-piece\/casquettes-et-chapeaux-one-piece\/casquette-one-piece-nico-robin\/#primaryimage","url":"https:\/\/boutique-one-piece.com\/wp-content\/uploads\/2022\/09\/Casquette-One-Piece-Nico-Robin-1.jpg","contentUrl":"https:\/\/boutique-one-piece.com\/wp-content\/uploads\/2022\/09\/Casquette-One-Piece-Nico-Robin-1.jpg","width":800,"height":800},{"@type":"BreadcrumbList","@id":"https:\/\/boutique-one-piece.com\/vetements-one-piece\/casquettes-et-chapeaux-one-piece\/casquette-one-piece-nico-robin\/#breadcrumb","itemListElement":[{"@type":"ListItem","position":1,"name":"Home","item":"https:\/\/boutique-one-piece.com\/"},{"@type":"ListItem","position":2,"name":"Shop","item":"https:\/\/boutique-one-piece.com\/shop\/"},{"@type":"ListItem","position":3,"name":"Casquette One Piece Nico Robin"}]},{"@type":"WebSite","@id":"https:\/\/boutique-one-piece.com\/#website","url":"https:\/\/boutique-one-piece.com\/","name":"One Piece-butik","description":"Specialbutik f\u00f6r One Piece Manga och Anime","publisher":{"@id":"https:\/\/boutique-one-piece.com\/#organization"},"potentialAction":[{"@type":"SearchAction","target":{"@type":"EntryPoint","urlTemplate":"https:\/\/boutique-one-piece.com\/?s={search_term_string}"},"query-input":{"@type":"PropertyValueSpecification","valueRequired":true,"valueName":"search_term_string"}}],"inLanguage":"sv-SE"},{"@type":"Organization","@id":"https:\/\/boutique-one-piece.com\/#organization","name":"One Piece-butik","url":"https:\/\/boutique-one-piece.com\/","logo":{"@type":"ImageObject","inLanguage":"sv-SE","@id":"https:\/\/boutique-one-piece.com\/#\/schema\/logo\/image\/","url":"https:\/\/boutique-one-piece.com\/wp-content\/uploads\/2022\/09\/Logo-01.png","contentUrl":"https:\/\/boutique-one-piece.com\/wp-content\/uploads\/2022\/09\/Logo-01.png","width":2318,"height":957,"caption":"Boutique One Piece"},"image":{"@id":"https:\/\/boutique-one-piece.com\/#\/schema\/logo\/image\/"}}]}},"_links":{"self":[{"href":"https:\/\/boutique-one-piece.com\/sv\/wp-json\/wp\/v2\/product\/9804","targetHints":{"allow":["GET"]}}],"collection":[{"href":"https:\/\/boutique-one-piece.com\/sv\/wp-json\/wp\/v2\/product"}],"about":[{"href":"https:\/\/boutique-one-piece.com\/sv\/wp-json\/wp\/v2\/types\/product"}],"replies":[{"embeddable":true,"href":"https:\/\/boutique-one-piece.com\/sv\/wp-json\/wp\/v2\/comments?post=9804"}],"wp:featuredmedia":[{"embeddable":true,"href":"https:\/\/boutique-one-piece.com\/sv\/wp-json\/wp\/v2\/media\/9806"}],"wp:attachment":[{"href":"https:\/\/boutique-one-piece.com\/sv\/wp-json\/wp\/v2\/media?parent=9804"}],"wp:term":[{"taxonomy":"product_brand","embeddable":true,"href":"https:\/\/boutique-one-piece.com\/sv\/wp-json\/wp\/v2\/product_brand?post=9804"},{"taxonomy":"product_cat","embeddable":true,"href":"https:\/\/boutique-one-piece.com\/sv\/wp-json\/wp\/v2\/product_cat?post=9804"},{"taxonomy":"product_tag","embeddable":true,"href":"https:\/\/boutique-one-piece.com\/sv\/wp-json\/wp\/v2\/product_tag?post=9804"}],"curies":[{"name":"wp","href":"https:\/\/api.w.org\/{rel}","templated":true}]}}