{"id":9812,"date":"2022-09-27T20:22:31","date_gmt":"2022-09-27T20:22:31","guid":{"rendered":"https:\/\/boutique-one-piece.com\/uncategorized\/figurine-one-piece-marco-mode-phoenix\/"},"modified":"2024-09-16T11:52:01","modified_gmt":"2024-09-16T11:52:01","slug":"one-piece-figur-marco-mode-phoenix","status":"publish","type":"product","link":"https:\/\/boutique-one-piece.com\/sv\/one-piece-figurer\/one-piece-figur-marco-mode-phoenix\/","title":{"rendered":"One Piece Marco Mode Phoenix-figur"},"content":{"rendered":"<h2>Jeune pirate, le moment est venu pour toi de t\u2019emparer de cette Figurine One Piece Marco Mode Phoenix.<\/h2>\n<p>Som en p\u00e5minnelse \u00e4r Tori Tori no Mi, modell: Phoenix, en mytisk Zoan-liknande dj\u00e4vulsfrukt som \u00e4ts av <strong>Marco<\/strong>. Apparaissant pour la premi\u00e8re fois lors de la bataille de Marineford, il lui permet de se transformer en Ph\u00e9nix ou en une forme hybride. Pour en revenir \u00e0 Marco, voici ce que tu dois savoir \u00e0 son sujet ; Marco, \u00e9tait le commandant de la Premi\u00e8re Division de L\u2019\u00c9quipage de Barbe Blanche.<\/p>\n<p>Il \u00e9tait aussi le bras droit du Yonko Barbe Blanche ainsi que son confident le plus proche. Suite \u00e0 la Guerre de Repr\u00e9sailles, Marco est retourn\u00e9 \u00e0 Sphinx, l\u2019\u00eele de naissance de son d\u00e9funt capitaine. Il agit d\u00e9sormais en tant que <strong>l\u00e4kare och beskyddare<\/strong> des habitants de l\u2019\u00eele et des membres de l\u2019\u00e9quipage de Barbe Blanche. D\u2019ailleurs, si tu souhaites agrandir ta collection de figurines, la <a title=\"ONE PIECE EDWARD NEWGATE KEJSAREN VITSK\u00c4GG\" href=\"https:\/\/boutique-one-piece.com\/sv\/one-piece-edward-newgate-den-vitskaggige-kejsaren\/\" target=\"_blank\" rel=\"noopener\">figurine Edward Newgate L\u2019Empereur Barbe Blanche<\/a> \u00e4r inom r\u00e4ckh\u00e5ll.<\/p>\n<p><strong>S\u00e5, fascinerad av Marco, \u00e4ven k\u00e4nd som Marco Fenixen? Om s\u00e5 \u00e4r fallet, f\u00f6lj med honom p\u00e5 Sfinxen och hj\u00e4lp honom att fullf\u00f6lja sitt uppdrag.<\/strong><\/p>\n<p><strong>Ett stycke<\/strong> est le manga le plus vendu au monde. Sois fier de faire partie de cette aventure et continue de revendiquer ton engouement pour cette s\u00e9rie. Que tu sois un fan de la premi\u00e8re heure ou un fin collectionneur, ces objets mythiques sont forc\u00e9ment faits pour toi. Alors, n\u2019attends plus et saute sur l\u2019occasion de devenir un membre de l\u2019\u00e9quipage <strong>str\u00e5hatt<\/strong>. Ditt \u00f6de ligger i dina h\u00e4nder, unge pirat!<\/p>\n<h2>Information om Marco Mode Phoenix-figur\u00a0<\/h2>\n<ul>\n<li><span><b><u>One Piece-figur<\/u><\/b>\u00a0: Figurine\u00a0 premium de l\u2019univers One Piece pour les vrais pirates<\/span><\/li>\n<\/ul>\n<ul>\n<li>\n<b>Materia<\/b><span>\u00a0<\/span>PVC<\/li>\n<\/ul>\n<ul>\n<li><span><strong>Dimensionera<\/strong>\u00a0: 39 cm<\/span><\/li>\n<\/ul>\n<ul>\n<li><span><strong>FRI LEVERANS<\/strong><\/span><\/li>\n<\/ul>","protected":false},"excerpt":{"rendered":"<p>Jeune pirate, le moment est venu pour toi de t\u2019emparer de cette Figurine One Piece Marco Mode Phoenix. Pour rappel, Le Tori Tori no Mi, mod\u00e8le Phoenix, est un Fruit du D\u00e9mon de type Zoan Mythique mang\u00e9 par Marco. Apparaissant pour la premi\u00e8re fois lors de la bataille de Marineford, il lui permet de se [&hellip;]<\/p>","protected":false},"featured_media":9814,"comment_status":"open","ping_status":"open","template":"","meta":[],"product_brand":[],"product_cat":[76],"product_tag":[210],"class_list":{"0":"post-9812","1":"product","2":"type-product","3":"status-publish","4":"has-post-thumbnail","6":"product_cat-figurines-one-piece","7":"product_tag-marco","9":"first","10":"instock","11":"purchasable","12":"product-type-simple"},"yoast_head":"<!-- This site is optimized with the Yoast SEO plugin v27.5 - https:\/\/yoast.com\/product\/yoast-seo-wordpress\/ -->\n<title>Figurine One Piece Marco Mode Phoenix | Figurine One Piece \u2013 Boutique One Piece<\/title>\n<meta name=\"description\" content=\"Jeune pirate, le moment est venu pour toi de t&#039;emparer de cette Figurine One Piece Marco Mode Phoenix. Pour rappel, Le Tori Tori no Mi, mod\u00e8le Phoenix, est un Fruit du D\u00e9mon de type Zoan Mythique mang\u00e9 par Marco. Apparaissant pour la premi\u00e8re fois lors de la bataille de Marineford, il lui permet de se transformer en Ph\" \/>\n<meta name=\"robots\" content=\"index, follow, max-snippet:-1, max-image-preview:large, max-video-preview:-1\" \/>\n<link rel=\"canonical\" href=\"https:\/\/boutique-one-piece.com\/sv\/one-piece-figurer\/one-piece-figur-marco-mode-phoenix\/\" \/>\n<meta property=\"og:locale\" content=\"sv_SE\" \/>\n<meta property=\"og:type\" content=\"article\" \/>\n<meta property=\"og:title\" content=\"Figurine One Piece Marco Mode Phoenix | Figurine One Piece \u2013 Boutique One Piece\" \/>\n<meta property=\"og:description\" content=\"Jeune pirate, le moment est venu pour toi de t&#039;emparer de cette Figurine One Piece Marco Mode Phoenix. Pour rappel, Le Tori Tori no Mi, mod\u00e8le Phoenix, est un Fruit du D\u00e9mon de type Zoan Mythique mang\u00e9 par Marco. Apparaissant pour la premi\u00e8re fois lors de la bataille de Marineford, il lui permet de se transformer en Ph\" \/>\n<meta property=\"og:url\" content=\"https:\/\/boutique-one-piece.com\/sv\/one-piece-figurer\/one-piece-figur-marco-mode-phoenix\/\" \/>\n<meta property=\"og:site_name\" content=\"Boutique One Piece\" \/>\n<meta property=\"article:modified_time\" content=\"2024-09-16T11:52:01+00:00\" \/>\n<meta property=\"og:image\" content=\"https:\/\/boutique-one-piece.com\/wp-content\/uploads\/2022\/09\/Figurine-One-Piece-Marco-Mode-Phoenix.jpg\" \/>\n\t<meta property=\"og:image:width\" content=\"640\" \/>\n\t<meta property=\"og:image:height\" content=\"640\" \/>\n\t<meta property=\"og:image:type\" content=\"image\/jpeg\" \/>\n<meta name=\"twitter:card\" content=\"summary_large_image\" \/>\n<meta name=\"twitter:label1\" content=\"Ber\u00e4knad l\u00e4stid\" \/>\n\t<meta name=\"twitter:data1\" content=\"2 minuter\" \/>\n<script type=\"application\/ld+json\" class=\"yoast-schema-graph\">{\"@context\":\"https:\\\/\\\/schema.org\",\"@graph\":[{\"@type\":\"WebPage\",\"@id\":\"https:\\\/\\\/boutique-one-piece.com\\\/figurines-one-piece\\\/figurine-one-piece-marco-mode-phoenix\\\/\",\"url\":\"https:\\\/\\\/boutique-one-piece.com\\\/figurines-one-piece\\\/figurine-one-piece-marco-mode-phoenix\\\/\",\"name\":\"Figurine One Piece Marco Mode Phoenix | Figurine One Piece \u2013 Boutique One Piece\",\"isPartOf\":{\"@id\":\"https:\\\/\\\/boutique-one-piece.com\\\/#website\"},\"primaryImageOfPage\":{\"@id\":\"https:\\\/\\\/boutique-one-piece.com\\\/figurines-one-piece\\\/figurine-one-piece-marco-mode-phoenix\\\/#primaryimage\"},\"image\":{\"@id\":\"https:\\\/\\\/boutique-one-piece.com\\\/figurines-one-piece\\\/figurine-one-piece-marco-mode-phoenix\\\/#primaryimage\"},\"thumbnailUrl\":\"https:\\\/\\\/boutique-one-piece.com\\\/wp-content\\\/uploads\\\/2022\\\/09\\\/Figurine-One-Piece-Marco-Mode-Phoenix.jpg\",\"datePublished\":\"2022-09-27T20:22:31+00:00\",\"dateModified\":\"2024-09-16T11:52:01+00:00\",\"description\":\"Jeune pirate, le moment est venu pour toi de t'emparer de cette Figurine One Piece Marco Mode Phoenix. Pour rappel, Le Tori Tori no Mi, mod\u00e8le Phoenix, est un Fruit du D\u00e9mon de type Zoan Mythique mang\u00e9 par Marco. Apparaissant pour la premi\u00e8re fois lors de la bataille de Marineford, il lui permet de se transformer en Ph\",\"breadcrumb\":{\"@id\":\"https:\\\/\\\/boutique-one-piece.com\\\/figurines-one-piece\\\/figurine-one-piece-marco-mode-phoenix\\\/#breadcrumb\"},\"inLanguage\":\"sv-SE\",\"potentialAction\":[{\"@type\":\"ReadAction\",\"target\":[\"https:\\\/\\\/boutique-one-piece.com\\\/figurines-one-piece\\\/figurine-one-piece-marco-mode-phoenix\\\/\"]}]},{\"@type\":\"ImageObject\",\"inLanguage\":\"sv-SE\",\"@id\":\"https:\\\/\\\/boutique-one-piece.com\\\/figurines-one-piece\\\/figurine-one-piece-marco-mode-phoenix\\\/#primaryimage\",\"url\":\"https:\\\/\\\/boutique-one-piece.com\\\/wp-content\\\/uploads\\\/2022\\\/09\\\/Figurine-One-Piece-Marco-Mode-Phoenix.jpg\",\"contentUrl\":\"https:\\\/\\\/boutique-one-piece.com\\\/wp-content\\\/uploads\\\/2022\\\/09\\\/Figurine-One-Piece-Marco-Mode-Phoenix.jpg\",\"width\":640,\"height\":640,\"caption\":\"Figurine One Piece Marco Mode Phoenix Default Title\"},{\"@type\":\"BreadcrumbList\",\"@id\":\"https:\\\/\\\/boutique-one-piece.com\\\/figurines-one-piece\\\/figurine-one-piece-marco-mode-phoenix\\\/#breadcrumb\",\"itemListElement\":[{\"@type\":\"ListItem\",\"position\":1,\"name\":\"Home\",\"item\":\"https:\\\/\\\/boutique-one-piece.com\\\/\"},{\"@type\":\"ListItem\",\"position\":2,\"name\":\"Shop\",\"item\":\"https:\\\/\\\/boutique-one-piece.com\\\/shop\\\/\"},{\"@type\":\"ListItem\",\"position\":3,\"name\":\"Figurine One Piece Marco Mode Phoenix\"}]},{\"@type\":\"WebSite\",\"@id\":\"https:\\\/\\\/boutique-one-piece.com\\\/#website\",\"url\":\"https:\\\/\\\/boutique-one-piece.com\\\/\",\"name\":\"Boutique One Piece\",\"description\":\"Magasin Sp\u00e9cialis\u00e9 du Manga et l&#039;Anime One Piece\",\"publisher\":{\"@id\":\"https:\\\/\\\/boutique-one-piece.com\\\/#organization\"},\"potentialAction\":[{\"@type\":\"SearchAction\",\"target\":{\"@type\":\"EntryPoint\",\"urlTemplate\":\"https:\\\/\\\/boutique-one-piece.com\\\/?s={search_term_string}\"},\"query-input\":{\"@type\":\"PropertyValueSpecification\",\"valueRequired\":true,\"valueName\":\"search_term_string\"}}],\"inLanguage\":\"sv-SE\"},{\"@type\":\"Organization\",\"@id\":\"https:\\\/\\\/boutique-one-piece.com\\\/#organization\",\"name\":\"Boutique One Piece\",\"url\":\"https:\\\/\\\/boutique-one-piece.com\\\/\",\"logo\":{\"@type\":\"ImageObject\",\"inLanguage\":\"sv-SE\",\"@id\":\"https:\\\/\\\/boutique-one-piece.com\\\/#\\\/schema\\\/logo\\\/image\\\/\",\"url\":\"https:\\\/\\\/boutique-one-piece.com\\\/wp-content\\\/uploads\\\/2022\\\/09\\\/Logo-01.png\",\"contentUrl\":\"https:\\\/\\\/boutique-one-piece.com\\\/wp-content\\\/uploads\\\/2022\\\/09\\\/Logo-01.png\",\"width\":2318,\"height\":957,\"caption\":\"Boutique One Piece\"},\"image\":{\"@id\":\"https:\\\/\\\/boutique-one-piece.com\\\/#\\\/schema\\\/logo\\\/image\\\/\"}}]}<\/script>\n<!-- \/ Yoast SEO plugin. -->","yoast_head_json":{"title":"One Piece Marco Mode Phoenix-figur | One Piece-figur \u2013 One Piece-butiken","description":"Unge pirat, det \u00e4r dags f\u00f6r dig att ta tag i denna One Piece Marco Phoenix-figur. Som en p\u00e5minnelse \u00e4r Tori Tori no Mi, Phoenix-modell, en mytisk Zoan-liknande dj\u00e4vulsfrukt som \u00e4ts av Marco. Den d\u00f6k f\u00f6rst upp under slaget vid Marineford och l\u00e5ter honom f\u00f6rvandlas till en Phoenix.","robots":{"index":"index","follow":"follow","max-snippet":"max-snippet:-1","max-image-preview":"max-image-preview:large","max-video-preview":"max-video-preview:-1"},"canonical":"https:\/\/boutique-one-piece.com\/sv\/one-piece-figurer\/one-piece-figur-marco-mode-phoenix\/","og_locale":"sv_SE","og_type":"article","og_title":"Figurine One Piece Marco Mode Phoenix | Figurine One Piece \u2013 Boutique One Piece","og_description":"Jeune pirate, le moment est venu pour toi de t'emparer de cette Figurine One Piece Marco Mode Phoenix. Pour rappel, Le Tori Tori no Mi, mod\u00e8le Phoenix, est un Fruit du D\u00e9mon de type Zoan Mythique mang\u00e9 par Marco. Apparaissant pour la premi\u00e8re fois lors de la bataille de Marineford, il lui permet de se transformer en Ph","og_url":"https:\/\/boutique-one-piece.com\/sv\/one-piece-figurer\/one-piece-figur-marco-mode-phoenix\/","og_site_name":"Boutique One Piece","article_modified_time":"2024-09-16T11:52:01+00:00","og_image":[{"width":640,"height":640,"url":"https:\/\/boutique-one-piece.com\/wp-content\/uploads\/2022\/09\/Figurine-One-Piece-Marco-Mode-Phoenix.jpg","type":"image\/jpeg"}],"twitter_card":"summary_large_image","twitter_misc":{"Ber\u00e4knad l\u00e4stid":"2 minuter"},"schema":{"@context":"https:\/\/schema.org","@graph":[{"@type":"WebPage","@id":"https:\/\/boutique-one-piece.com\/figurines-one-piece\/figurine-one-piece-marco-mode-phoenix\/","url":"https:\/\/boutique-one-piece.com\/figurines-one-piece\/figurine-one-piece-marco-mode-phoenix\/","name":"One Piece Marco Mode Phoenix-figur | One Piece-figur \u2013 One Piece-butiken","isPartOf":{"@id":"https:\/\/boutique-one-piece.com\/#website"},"primaryImageOfPage":{"@id":"https:\/\/boutique-one-piece.com\/figurines-one-piece\/figurine-one-piece-marco-mode-phoenix\/#primaryimage"},"image":{"@id":"https:\/\/boutique-one-piece.com\/figurines-one-piece\/figurine-one-piece-marco-mode-phoenix\/#primaryimage"},"thumbnailUrl":"https:\/\/boutique-one-piece.com\/wp-content\/uploads\/2022\/09\/Figurine-One-Piece-Marco-Mode-Phoenix.jpg","datePublished":"2022-09-27T20:22:31+00:00","dateModified":"2024-09-16T11:52:01+00:00","description":"Unge pirat, det \u00e4r dags f\u00f6r dig att ta tag i denna One Piece Marco Phoenix-figur. Som en p\u00e5minnelse \u00e4r Tori Tori no Mi, Phoenix-modell, en mytisk Zoan-liknande dj\u00e4vulsfrukt som \u00e4ts av Marco. Den d\u00f6k f\u00f6rst upp under slaget vid Marineford och l\u00e5ter honom f\u00f6rvandlas till en Phoenix.","breadcrumb":{"@id":"https:\/\/boutique-one-piece.com\/figurines-one-piece\/figurine-one-piece-marco-mode-phoenix\/#breadcrumb"},"inLanguage":"sv-SE","potentialAction":[{"@type":"ReadAction","target":["https:\/\/boutique-one-piece.com\/figurines-one-piece\/figurine-one-piece-marco-mode-phoenix\/"]}]},{"@type":"ImageObject","inLanguage":"sv-SE","@id":"https:\/\/boutique-one-piece.com\/figurines-one-piece\/figurine-one-piece-marco-mode-phoenix\/#primaryimage","url":"https:\/\/boutique-one-piece.com\/wp-content\/uploads\/2022\/09\/Figurine-One-Piece-Marco-Mode-Phoenix.jpg","contentUrl":"https:\/\/boutique-one-piece.com\/wp-content\/uploads\/2022\/09\/Figurine-One-Piece-Marco-Mode-Phoenix.jpg","width":640,"height":640,"caption":"Figurine One Piece Marco Mode Phoenix Default Title"},{"@type":"BreadcrumbList","@id":"https:\/\/boutique-one-piece.com\/figurines-one-piece\/figurine-one-piece-marco-mode-phoenix\/#breadcrumb","itemListElement":[{"@type":"ListItem","position":1,"name":"Home","item":"https:\/\/boutique-one-piece.com\/"},{"@type":"ListItem","position":2,"name":"Shop","item":"https:\/\/boutique-one-piece.com\/shop\/"},{"@type":"ListItem","position":3,"name":"Figurine One Piece Marco Mode Phoenix"}]},{"@type":"WebSite","@id":"https:\/\/boutique-one-piece.com\/#website","url":"https:\/\/boutique-one-piece.com\/","name":"One Piece-butik","description":"Specialbutik f\u00f6r One Piece Manga och Anime","publisher":{"@id":"https:\/\/boutique-one-piece.com\/#organization"},"potentialAction":[{"@type":"SearchAction","target":{"@type":"EntryPoint","urlTemplate":"https:\/\/boutique-one-piece.com\/?s={search_term_string}"},"query-input":{"@type":"PropertyValueSpecification","valueRequired":true,"valueName":"search_term_string"}}],"inLanguage":"sv-SE"},{"@type":"Organization","@id":"https:\/\/boutique-one-piece.com\/#organization","name":"One Piece-butik","url":"https:\/\/boutique-one-piece.com\/","logo":{"@type":"ImageObject","inLanguage":"sv-SE","@id":"https:\/\/boutique-one-piece.com\/#\/schema\/logo\/image\/","url":"https:\/\/boutique-one-piece.com\/wp-content\/uploads\/2022\/09\/Logo-01.png","contentUrl":"https:\/\/boutique-one-piece.com\/wp-content\/uploads\/2022\/09\/Logo-01.png","width":2318,"height":957,"caption":"Boutique One Piece"},"image":{"@id":"https:\/\/boutique-one-piece.com\/#\/schema\/logo\/image\/"}}]}},"_links":{"self":[{"href":"https:\/\/boutique-one-piece.com\/sv\/wp-json\/wp\/v2\/product\/9812","targetHints":{"allow":["GET"]}}],"collection":[{"href":"https:\/\/boutique-one-piece.com\/sv\/wp-json\/wp\/v2\/product"}],"about":[{"href":"https:\/\/boutique-one-piece.com\/sv\/wp-json\/wp\/v2\/types\/product"}],"replies":[{"embeddable":true,"href":"https:\/\/boutique-one-piece.com\/sv\/wp-json\/wp\/v2\/comments?post=9812"}],"wp:featuredmedia":[{"embeddable":true,"href":"https:\/\/boutique-one-piece.com\/sv\/wp-json\/wp\/v2\/media\/9814"}],"wp:attachment":[{"href":"https:\/\/boutique-one-piece.com\/sv\/wp-json\/wp\/v2\/media?parent=9812"}],"wp:term":[{"taxonomy":"product_brand","embeddable":true,"href":"https:\/\/boutique-one-piece.com\/sv\/wp-json\/wp\/v2\/product_brand?post=9812"},{"taxonomy":"product_cat","embeddable":true,"href":"https:\/\/boutique-one-piece.com\/sv\/wp-json\/wp\/v2\/product_cat?post=9812"},{"taxonomy":"product_tag","embeddable":true,"href":"https:\/\/boutique-one-piece.com\/sv\/wp-json\/wp\/v2\/product_tag?post=9812"}],"curies":[{"name":"wp","href":"https:\/\/api.w.org\/{rel}","templated":true}]}}