{"id":9870,"date":"2022-09-27T20:23:09","date_gmt":"2022-09-27T20:23:09","guid":{"rendered":"https:\/\/boutique-one-piece.com\/uncategorized\/figurine-one-piece-jinbe-karate-homme-poisson\/"},"modified":"2024-09-16T11:52:45","modified_gmt":"2024-09-16T11:52:45","slug":"one-piece-figur-jinbe-karate-fish-man","status":"publish","type":"product","link":"https:\/\/boutique-one-piece.com\/sv\/one-piece-figurer\/jinbe-figurer\/one-piece-figur-jinbe-karate-fish-man\/","title":{"rendered":"One Piece Jinbe Fish-Man Karatefigur"},"content":{"rendered":"<h2>Unge pirat, det \u00e4r dags f\u00f6r dig att skaffa den h\u00e4r One Piece Jinbe Fishman karatefiguren.<\/h2>\n<p>H\u00e4r \u00e4r vad du beh\u00f6ver veta om honom; Jinbe, \u00e4ven k\u00e4nd som &quot;\u00ab\u00a0<strong>Havens paladin<\/strong>\u00a0\u00bb est le timonier de l\u2019\u00c9quipage du Chapeau de Paille. Un timonier ou un barreur, est la personne qui dirige le navire.<strong> Jinbe<\/strong> est officiellement le dixi\u00e8me membre de l\u2019\u00e9quipage du Chapeau de Paille et le neuvi\u00e8me \u00e0 rejoindre l\u2019\u00e9quipage de Luffy.<\/p>\n<p>Dessutom, den <a title=\"POK\u00c9MON FIGUR KAPTEN STR\u00c5HATT LUFFY\" href=\"https:\/\/boutique-one-piece.com\/sv\/pokemon-figur-av-kapten-luffy-med-strahatten\/\" target=\"_blank\" rel=\"noopener\">figurin av Kapten Straw Hat<\/a> est \u00e0 ta port\u00e9e de main. Pour en revenir \u00e0 Jinbe tu dois savoir que c\u2019est un ma\u00eetre du <strong>Amfibiekarate<\/strong>. Il utilise donc cet art martial pour terrasser plusieurs hommes \u00e0 la fois. Ses coups sont si forts qu\u2019il n\u2019a pas besoin d\u2019avoir un contact physique avec l\u2019ennemi puisque l\u2019air m\u00eame les fait repousser.<\/p>\n<h3>S\u00e5, \u00e4r du fascinerad av figurinen &quot;Paladin of the Seas&quot;? Om s\u00e5 \u00e4r fallet, upplev m\u00e5nga \u00e4ventyr tillsammans med honom genom att g\u00e5 ombord p\u00e5 Thousand Sunny.<\/h3>\n<p>Oavsett om du \u00e4r ett inbitet fan eller en seri\u00f6s samlare, \u00e4r dessa f\u00f6rem\u00e5l definitivt n\u00e5got f\u00f6r dig. Perfekta att ge bort, b\u00e4ra eller samla p\u00e5, dessa f\u00f6rem\u00e5l kommer att f\u00f6rb\u00e4ttra din samling. <strong>ditt One Piece-universum<\/strong>. Ta ditt \u00f6de i egna h\u00e4nder, unge pirat, och ge dig ut p\u00e5 <strong>Thomas Sunny<\/strong>, bien des aventures t\u2019y attendent.<\/p>\n<h2>Information om Jinbe Fish-Man Karatefigur\u00a0<\/h2>\n<ul>\n<li><span><b><u>One Piece-figur<\/u><\/b>\u00a0: Figurine\u00a0 premium de l\u2019univers One Piece pour les vrais pirates<\/span><\/li>\n<\/ul>\n<ul>\n<li>\n<b>Materia<\/b><span>\u00a0<\/span>PVC<\/li>\n<\/ul>\n<ul>\n<li><span><strong>Dimensionera<\/strong>\u00a0: 18 cm<\/span><\/li>\n<\/ul>\n<ul>\n<li><span><strong>FRI LEVERANS<\/strong><\/span><\/li>\n<\/ul>","protected":false},"excerpt":{"rendered":"<p>Jeune pirate, le moment est venu pour toi de te procurer cette Figurine One Piece Jinbe Karat\u00e9 Des Hommes Poisson. Voici ce que tu dois savoir \u00e0 son sujet ; Jinbe \u00e9galement appel\u00e9 \u00ab\u00a0Le Paladin des Mers\u00a0\u00bb est le timonier de l\u2019\u00c9quipage du Chapeau de Paille. Un timonier ou un barreur, est la personne qui [&hellip;]<\/p>","protected":false},"featured_media":19236,"comment_status":"open","ping_status":"open","template":"","meta":[],"product_brand":[],"product_cat":[301,76],"product_tag":[274],"class_list":{"0":"post-9870","1":"product","2":"type-product","3":"status-publish","4":"has-post-thumbnail","6":"product_cat-figurines-jinbe","7":"product_cat-figurines-one-piece","8":"product_tag-jinbe","10":"first","11":"instock","12":"purchasable","13":"product-type-simple"},"yoast_head":"<!-- This site is optimized with the Yoast SEO plugin v27.5 - https:\/\/yoast.com\/product\/yoast-seo-wordpress\/ -->\n<title>Figurine One Piece Jinbe Karat\u00e9 Des Hommes Poisson | Figurine One Piece \u2013 Boutique One Piece<\/title>\n<meta name=\"description\" content=\"Jeune pirate, le moment est venu pour toi de te procurer cette Figurine One Piece Jinbe Karat\u00e9 Des Hommes Poisson. Voici ce que tu dois savoir \u00e0 son sujet ; Jinbe \u00e9galement appel\u00e9 &quot;Le Paladin des Mers&quot; est le timonier de l&#039;\u00c9quipage du Chapeau de Paille. Un timonier ou un barreur, est la personne qui dirige le navire. J\" \/>\n<meta name=\"robots\" content=\"index, follow, max-snippet:-1, max-image-preview:large, max-video-preview:-1\" \/>\n<link rel=\"canonical\" href=\"https:\/\/boutique-one-piece.com\/sv\/one-piece-figurer\/jinbe-figurer\/one-piece-figur-jinbe-karate-fish-man\/\" \/>\n<meta property=\"og:locale\" content=\"sv_SE\" \/>\n<meta property=\"og:type\" content=\"article\" \/>\n<meta property=\"og:title\" content=\"Figurine One Piece Jinbe Karat\u00e9 Des Hommes Poisson | Figurine One Piece \u2013 Boutique One Piece\" \/>\n<meta property=\"og:description\" content=\"Jeune pirate, le moment est venu pour toi de te procurer cette Figurine One Piece Jinbe Karat\u00e9 Des Hommes Poisson. Voici ce que tu dois savoir \u00e0 son sujet ; Jinbe \u00e9galement appel\u00e9 &quot;Le Paladin des Mers&quot; est le timonier de l&#039;\u00c9quipage du Chapeau de Paille. Un timonier ou un barreur, est la personne qui dirige le navire. J\" \/>\n<meta property=\"og:url\" content=\"https:\/\/boutique-one-piece.com\/sv\/one-piece-figurer\/jinbe-figurer\/one-piece-figur-jinbe-karate-fish-man\/\" \/>\n<meta property=\"og:site_name\" content=\"Boutique One Piece\" \/>\n<meta property=\"article:modified_time\" content=\"2024-09-16T11:52:45+00:00\" \/>\n<meta property=\"og:image\" content=\"https:\/\/boutique-one-piece.com\/wp-content\/uploads\/2022\/09\/H8d6545effc834a45ba219f8e12ee17a0U.jpg\" \/>\n\t<meta property=\"og:image:width\" content=\"800\" \/>\n\t<meta property=\"og:image:height\" content=\"800\" \/>\n\t<meta property=\"og:image:type\" content=\"image\/jpeg\" \/>\n<meta name=\"twitter:card\" content=\"summary_large_image\" \/>\n<meta name=\"twitter:label1\" content=\"Ber\u00e4knad l\u00e4stid\" \/>\n\t<meta name=\"twitter:data1\" content=\"2 minuter\" \/>\n<script type=\"application\/ld+json\" class=\"yoast-schema-graph\">{\"@context\":\"https:\\\/\\\/schema.org\",\"@graph\":[{\"@type\":\"WebPage\",\"@id\":\"https:\\\/\\\/boutique-one-piece.com\\\/figurines-one-piece\\\/figurines-jinbe\\\/figurine-one-piece-jinbe-karate-homme-poisson\\\/\",\"url\":\"https:\\\/\\\/boutique-one-piece.com\\\/figurines-one-piece\\\/figurines-jinbe\\\/figurine-one-piece-jinbe-karate-homme-poisson\\\/\",\"name\":\"Figurine One Piece Jinbe Karat\u00e9 Des Hommes Poisson | Figurine One Piece \u2013 Boutique One Piece\",\"isPartOf\":{\"@id\":\"https:\\\/\\\/boutique-one-piece.com\\\/#website\"},\"primaryImageOfPage\":{\"@id\":\"https:\\\/\\\/boutique-one-piece.com\\\/figurines-one-piece\\\/figurines-jinbe\\\/figurine-one-piece-jinbe-karate-homme-poisson\\\/#primaryimage\"},\"image\":{\"@id\":\"https:\\\/\\\/boutique-one-piece.com\\\/figurines-one-piece\\\/figurines-jinbe\\\/figurine-one-piece-jinbe-karate-homme-poisson\\\/#primaryimage\"},\"thumbnailUrl\":\"https:\\\/\\\/boutique-one-piece.com\\\/wp-content\\\/uploads\\\/2022\\\/09\\\/H8d6545effc834a45ba219f8e12ee17a0U.jpg\",\"datePublished\":\"2022-09-27T20:23:09+00:00\",\"dateModified\":\"2024-09-16T11:52:45+00:00\",\"description\":\"Jeune pirate, le moment est venu pour toi de te procurer cette Figurine One Piece Jinbe Karat\u00e9 Des Hommes Poisson. Voici ce que tu dois savoir \u00e0 son sujet ; Jinbe \u00e9galement appel\u00e9 \\\"Le Paladin des Mers\\\" est le timonier de l'\u00c9quipage du Chapeau de Paille. Un timonier ou un barreur, est la personne qui dirige le navire. J\",\"breadcrumb\":{\"@id\":\"https:\\\/\\\/boutique-one-piece.com\\\/figurines-one-piece\\\/figurines-jinbe\\\/figurine-one-piece-jinbe-karate-homme-poisson\\\/#breadcrumb\"},\"inLanguage\":\"sv-SE\",\"potentialAction\":[{\"@type\":\"ReadAction\",\"target\":[\"https:\\\/\\\/boutique-one-piece.com\\\/figurines-one-piece\\\/figurines-jinbe\\\/figurine-one-piece-jinbe-karate-homme-poisson\\\/\"]}]},{\"@type\":\"ImageObject\",\"inLanguage\":\"sv-SE\",\"@id\":\"https:\\\/\\\/boutique-one-piece.com\\\/figurines-one-piece\\\/figurines-jinbe\\\/figurine-one-piece-jinbe-karate-homme-poisson\\\/#primaryimage\",\"url\":\"https:\\\/\\\/boutique-one-piece.com\\\/wp-content\\\/uploads\\\/2022\\\/09\\\/H8d6545effc834a45ba219f8e12ee17a0U.jpg\",\"contentUrl\":\"https:\\\/\\\/boutique-one-piece.com\\\/wp-content\\\/uploads\\\/2022\\\/09\\\/H8d6545effc834a45ba219f8e12ee17a0U.jpg\",\"width\":800,\"height\":800},{\"@type\":\"BreadcrumbList\",\"@id\":\"https:\\\/\\\/boutique-one-piece.com\\\/figurines-one-piece\\\/figurines-jinbe\\\/figurine-one-piece-jinbe-karate-homme-poisson\\\/#breadcrumb\",\"itemListElement\":[{\"@type\":\"ListItem\",\"position\":1,\"name\":\"Home\",\"item\":\"https:\\\/\\\/boutique-one-piece.com\\\/\"},{\"@type\":\"ListItem\",\"position\":2,\"name\":\"Shop\",\"item\":\"https:\\\/\\\/boutique-one-piece.com\\\/shop\\\/\"},{\"@type\":\"ListItem\",\"position\":3,\"name\":\"Figurine One Piece Jinbe Karat\u00e9 Des Hommes Poisson\"}]},{\"@type\":\"WebSite\",\"@id\":\"https:\\\/\\\/boutique-one-piece.com\\\/#website\",\"url\":\"https:\\\/\\\/boutique-one-piece.com\\\/\",\"name\":\"Boutique One Piece\",\"description\":\"Magasin Sp\u00e9cialis\u00e9 du Manga et l&#039;Anime One Piece\",\"publisher\":{\"@id\":\"https:\\\/\\\/boutique-one-piece.com\\\/#organization\"},\"potentialAction\":[{\"@type\":\"SearchAction\",\"target\":{\"@type\":\"EntryPoint\",\"urlTemplate\":\"https:\\\/\\\/boutique-one-piece.com\\\/?s={search_term_string}\"},\"query-input\":{\"@type\":\"PropertyValueSpecification\",\"valueRequired\":true,\"valueName\":\"search_term_string\"}}],\"inLanguage\":\"sv-SE\"},{\"@type\":\"Organization\",\"@id\":\"https:\\\/\\\/boutique-one-piece.com\\\/#organization\",\"name\":\"Boutique One Piece\",\"url\":\"https:\\\/\\\/boutique-one-piece.com\\\/\",\"logo\":{\"@type\":\"ImageObject\",\"inLanguage\":\"sv-SE\",\"@id\":\"https:\\\/\\\/boutique-one-piece.com\\\/#\\\/schema\\\/logo\\\/image\\\/\",\"url\":\"https:\\\/\\\/boutique-one-piece.com\\\/wp-content\\\/uploads\\\/2022\\\/09\\\/Logo-01.png\",\"contentUrl\":\"https:\\\/\\\/boutique-one-piece.com\\\/wp-content\\\/uploads\\\/2022\\\/09\\\/Logo-01.png\",\"width\":2318,\"height\":957,\"caption\":\"Boutique One Piece\"},\"image\":{\"@id\":\"https:\\\/\\\/boutique-one-piece.com\\\/#\\\/schema\\\/logo\\\/image\\\/\"}}]}<\/script>\n<!-- \/ Yoast SEO plugin. -->","yoast_head_json":{"title":"One Piece Jinbe Fish-Man Karatefigur | One Piece Figur \u2013 One Piece Shop","description":"Unge pirat, det \u00e4r dags f\u00f6r dig att f\u00e5 tag p\u00e5 denna One Piece Jinbe Fish-Man karatefigur. H\u00e4r \u00e4r vad du beh\u00f6ver veta om honom: Jinbe, \u00e4ven k\u00e4nd som &quot;Havens Paladin&quot;, \u00e4r rorsman f\u00f6r Straw Hat-bes\u00e4ttningen. En rorsman, eller helmsman, \u00e4r den person som styr skeppet.","robots":{"index":"index","follow":"follow","max-snippet":"max-snippet:-1","max-image-preview":"max-image-preview:large","max-video-preview":"max-video-preview:-1"},"canonical":"https:\/\/boutique-one-piece.com\/sv\/one-piece-figurer\/jinbe-figurer\/one-piece-figur-jinbe-karate-fish-man\/","og_locale":"sv_SE","og_type":"article","og_title":"Figurine One Piece Jinbe Karat\u00e9 Des Hommes Poisson | Figurine One Piece \u2013 Boutique One Piece","og_description":"Jeune pirate, le moment est venu pour toi de te procurer cette Figurine One Piece Jinbe Karat\u00e9 Des Hommes Poisson. Voici ce que tu dois savoir \u00e0 son sujet ; Jinbe \u00e9galement appel\u00e9 \"Le Paladin des Mers\" est le timonier de l'\u00c9quipage du Chapeau de Paille. Un timonier ou un barreur, est la personne qui dirige le navire. J","og_url":"https:\/\/boutique-one-piece.com\/sv\/one-piece-figurer\/jinbe-figurer\/one-piece-figur-jinbe-karate-fish-man\/","og_site_name":"Boutique One Piece","article_modified_time":"2024-09-16T11:52:45+00:00","og_image":[{"width":800,"height":800,"url":"https:\/\/boutique-one-piece.com\/wp-content\/uploads\/2022\/09\/H8d6545effc834a45ba219f8e12ee17a0U.jpg","type":"image\/jpeg"}],"twitter_card":"summary_large_image","twitter_misc":{"Ber\u00e4knad l\u00e4stid":"2 minuter"},"schema":{"@context":"https:\/\/schema.org","@graph":[{"@type":"WebPage","@id":"https:\/\/boutique-one-piece.com\/figurines-one-piece\/figurines-jinbe\/figurine-one-piece-jinbe-karate-homme-poisson\/","url":"https:\/\/boutique-one-piece.com\/figurines-one-piece\/figurines-jinbe\/figurine-one-piece-jinbe-karate-homme-poisson\/","name":"One Piece Jinbe Fish-Man Karatefigur | One Piece Figur \u2013 One Piece Shop","isPartOf":{"@id":"https:\/\/boutique-one-piece.com\/#website"},"primaryImageOfPage":{"@id":"https:\/\/boutique-one-piece.com\/figurines-one-piece\/figurines-jinbe\/figurine-one-piece-jinbe-karate-homme-poisson\/#primaryimage"},"image":{"@id":"https:\/\/boutique-one-piece.com\/figurines-one-piece\/figurines-jinbe\/figurine-one-piece-jinbe-karate-homme-poisson\/#primaryimage"},"thumbnailUrl":"https:\/\/boutique-one-piece.com\/wp-content\/uploads\/2022\/09\/H8d6545effc834a45ba219f8e12ee17a0U.jpg","datePublished":"2022-09-27T20:23:09+00:00","dateModified":"2024-09-16T11:52:45+00:00","description":"Unge pirat, det \u00e4r dags f\u00f6r dig att f\u00e5 tag p\u00e5 denna One Piece Jinbe Fish-Man karatefigur. H\u00e4r \u00e4r vad du beh\u00f6ver veta om honom: Jinbe, \u00e4ven k\u00e4nd som &quot;Havens Paladin&quot;, \u00e4r rorsman f\u00f6r Straw Hat-bes\u00e4ttningen. En rorsman, eller helmsman, \u00e4r den person som styr skeppet.","breadcrumb":{"@id":"https:\/\/boutique-one-piece.com\/figurines-one-piece\/figurines-jinbe\/figurine-one-piece-jinbe-karate-homme-poisson\/#breadcrumb"},"inLanguage":"sv-SE","potentialAction":[{"@type":"ReadAction","target":["https:\/\/boutique-one-piece.com\/figurines-one-piece\/figurines-jinbe\/figurine-one-piece-jinbe-karate-homme-poisson\/"]}]},{"@type":"ImageObject","inLanguage":"sv-SE","@id":"https:\/\/boutique-one-piece.com\/figurines-one-piece\/figurines-jinbe\/figurine-one-piece-jinbe-karate-homme-poisson\/#primaryimage","url":"https:\/\/boutique-one-piece.com\/wp-content\/uploads\/2022\/09\/H8d6545effc834a45ba219f8e12ee17a0U.jpg","contentUrl":"https:\/\/boutique-one-piece.com\/wp-content\/uploads\/2022\/09\/H8d6545effc834a45ba219f8e12ee17a0U.jpg","width":800,"height":800},{"@type":"BreadcrumbList","@id":"https:\/\/boutique-one-piece.com\/figurines-one-piece\/figurines-jinbe\/figurine-one-piece-jinbe-karate-homme-poisson\/#breadcrumb","itemListElement":[{"@type":"ListItem","position":1,"name":"Home","item":"https:\/\/boutique-one-piece.com\/"},{"@type":"ListItem","position":2,"name":"Shop","item":"https:\/\/boutique-one-piece.com\/shop\/"},{"@type":"ListItem","position":3,"name":"Figurine One Piece Jinbe Karat\u00e9 Des Hommes Poisson"}]},{"@type":"WebSite","@id":"https:\/\/boutique-one-piece.com\/#website","url":"https:\/\/boutique-one-piece.com\/","name":"One Piece-butik","description":"Specialbutik f\u00f6r One Piece Manga och Anime","publisher":{"@id":"https:\/\/boutique-one-piece.com\/#organization"},"potentialAction":[{"@type":"SearchAction","target":{"@type":"EntryPoint","urlTemplate":"https:\/\/boutique-one-piece.com\/?s={search_term_string}"},"query-input":{"@type":"PropertyValueSpecification","valueRequired":true,"valueName":"search_term_string"}}],"inLanguage":"sv-SE"},{"@type":"Organization","@id":"https:\/\/boutique-one-piece.com\/#organization","name":"One Piece-butik","url":"https:\/\/boutique-one-piece.com\/","logo":{"@type":"ImageObject","inLanguage":"sv-SE","@id":"https:\/\/boutique-one-piece.com\/#\/schema\/logo\/image\/","url":"https:\/\/boutique-one-piece.com\/wp-content\/uploads\/2022\/09\/Logo-01.png","contentUrl":"https:\/\/boutique-one-piece.com\/wp-content\/uploads\/2022\/09\/Logo-01.png","width":2318,"height":957,"caption":"Boutique One Piece"},"image":{"@id":"https:\/\/boutique-one-piece.com\/#\/schema\/logo\/image\/"}}]}},"_links":{"self":[{"href":"https:\/\/boutique-one-piece.com\/sv\/wp-json\/wp\/v2\/product\/9870","targetHints":{"allow":["GET"]}}],"collection":[{"href":"https:\/\/boutique-one-piece.com\/sv\/wp-json\/wp\/v2\/product"}],"about":[{"href":"https:\/\/boutique-one-piece.com\/sv\/wp-json\/wp\/v2\/types\/product"}],"replies":[{"embeddable":true,"href":"https:\/\/boutique-one-piece.com\/sv\/wp-json\/wp\/v2\/comments?post=9870"}],"wp:featuredmedia":[{"embeddable":true,"href":"https:\/\/boutique-one-piece.com\/sv\/wp-json\/wp\/v2\/media\/19236"}],"wp:attachment":[{"href":"https:\/\/boutique-one-piece.com\/sv\/wp-json\/wp\/v2\/media?parent=9870"}],"wp:term":[{"taxonomy":"product_brand","embeddable":true,"href":"https:\/\/boutique-one-piece.com\/sv\/wp-json\/wp\/v2\/product_brand?post=9870"},{"taxonomy":"product_cat","embeddable":true,"href":"https:\/\/boutique-one-piece.com\/sv\/wp-json\/wp\/v2\/product_cat?post=9870"},{"taxonomy":"product_tag","embeddable":true,"href":"https:\/\/boutique-one-piece.com\/sv\/wp-json\/wp\/v2\/product_tag?post=9870"}],"curies":[{"name":"wp","href":"https:\/\/api.w.org\/{rel}","templated":true}]}}